{"id":3469,"date":"2015-05-14T13:42:27","date_gmt":"2015-05-14T13:42:27","guid":{"rendered":"http:\/\/www.newslettercreator.com\/?page_id=3469"},"modified":"2015-05-14T13:42:27","modified_gmt":"2015-05-14T13:42:27","slug":"como-obtener-el-mejor-diseno-para-su-newsletter","status":"publish","type":"page","link":"https:\/\/www.newslettercreator.com\/es\/como-obtener-el-mejor-diseno-para-su-newsletter\/","title":{"rendered":"C\u00f3mo obtener el mejor dise\u00f1o para su newsletter"},"content":{"rendered":"<p><img decoding=\"async\" class=\"alignnone size-full wp-image-237\" src=\"http:\/\/www.newslettercreator.com\/wp-content\/uploads\/2014\/03\/best-design-newsletter.jpg\" alt=\"C\u00f3mo obtener el mejor dise\u00f1o para su newsletter\" width=\"649\" height=\"423\" \/><\/p>\n<p>Existen muchas buenas sugerencias sobre c\u00f3mo <strong>dise\u00f1ar el mejor newsletter<\/strong> para sus necesidades: desafortunadamente, para los principiantes, muchas de estas se encuentran relacionadas directamente con el <strong>c\u00f3digo HTML<\/strong>. Pero hay buenas noticias: utilizando nuestro <strong>creador de plantillas de email<\/strong> el proceso puede ser realizado sin una l\u00ednea de c\u00f3digo.<\/p>\n<p>De hecho, con MailStyler usted simplemente necesita arrastrar y soltar elementos y bloques predise\u00f1ados para construir una plantilla completamente \u00fanica: crear una <strong>plantilla de email incre\u00edble<\/strong> nunca ha sido tan f\u00e1cil. Y divertido!<\/p>\n<p>Con todo esto dicho, usted deber\u00eda tener en mente algunas <strong>buenas pr\u00e1cticas de dise\u00f1o<\/strong> para crear una plantilla de newsletter impecable. Estas son las m\u00e1s importantes:<\/p>\n<ol>\n<li><strong> Tenga en mente su marca<\/strong><br \/>\nMailStyler le otorga la gran oportunidad, una plantilla completamente personalizada \u2013 no s\u00f3lo apropiada para el campo de su actividad, sino tambi\u00e9n para su propia marca. Es por ello que el dise\u00f1o del newsletter debe ser completamente coherente con la misma: por ejemplo, incluya su logo en el encabezado, y respete el estilo de su sitio web.<\/li>\n<li><strong>Utilice un dise\u00f1o liviano<\/strong><br \/>\nEs muy importante que un newsletter no supere los 70-80Kb, especialmente para simplificar el proceso de entrega. Los elementos de MailStyler han sido dise\u00f1ados para ser livianos, por ello usted no necesita preocuparse por ellos: simplemente recuerde no utilizar im\u00e1genes pesadas.<\/li>\n<li><strong>Dir\u00edjase derecho al punto<\/strong><br \/>\nNuestro software de edici\u00f3n de newsletters le otorga una amplia gama de opciones y oportunidades de dise\u00f1o, permitiendo fluir su creatividad. Pero recuerde \u2013 un newsletter debe por sobre todas las cosas respetar el contenido, y ser f\u00e1cil de leer. No exagere o sobrecargue su plantilla con gr\u00e1ficos in\u00fatiles: descubra el mejor balance para sus necesidades y recuerde que posee s\u00f3lo segundos para captar la atenci\u00f3n de sus lectores.<\/li>\n<li><strong>Recuerde el llamado a la acci\u00f3n<\/strong><br \/>\nUn newsletter (comercial) es simplemente un medio, no un fin en s\u00ed mismo: si usted necesita que sus lectores adquieran algo con un clic en un v\u00ednculo, entonces el \u201cllamado a la acci\u00f3n\u201d debe sobresalir y atraer la atenci\u00f3n. Es por ello que MailStyler provee una serie de botones digitales que permiten ser personalizados con facilidad (ej. \u201cComprar\u201d o \u201cSuscribirse\u201d) para enfatizar el objetivo de su env\u00edo.<\/li>\n<li><strong>Aproveche el pie<\/strong><br \/>\nPor \u00faltimo, pero no menos importante, siempre incluya un pie en su newsletter \u2013 con MailStyler es tan f\u00e1cil como el resto, simplemente arrastre y suelte el elemento en la parte inferior del cuerpo del email. Porqu\u00e9? Simplemente porque es el lugar ideal para colocar los detalles de su empresa, v\u00ednculos a sus p\u00e1ginas de Facebook, Twitter o LinkedIn, y por sobre todo, el v\u00ednculo de cancelaci\u00f3n de suscripci\u00f3n.<\/li>\n<\/ol>\n<p>&nbsp;<\/p>\n<p style=\"text-align: center;\"><a class=\"button large orange\" style=\"margin-top: 20px; width: 177px; margin-right: 30px;\" title=\"Descarga Demo\" href=\"http:\/\/www.newslettercreator.com\/es\/version-gratis\/\" target=\"_self\">DESCARGA DEMO<\/a><a class=\"button large darkgray\" style=\"margin-top: 20px; width: 182px;\" title=\"Comprar Mailstyler Pro\" href=\"http:\/\/www.newslettercreator.com\/es\/precios\/\" target=\"_self\">COMPRAR MAILSTYLER PRO<\/a><\/p>\n<p style=\"text-align: center; font-size: 11px; margin-bottom: 30px;\">Ultima versi\u00f3n: 2.24.01.17 | Fecha de lanzamiento: 17\/01\/2024 | Tama\u00f1o: 114.9 MB<br \/>\n<a href=\"http:\/\/www.newslettercreator.com\/license-agreement\/\" target=\"_blank\">Acuerdo de licencia<\/a> | <a href=\"http:\/\/www.newslettercreator.com\/how-to-uninstall\/\" target=\"_blank\">C\u00f3mo desinstalar<\/a><\/p>\n","protected":false},"excerpt":{"rendered":"<p>Existen muchas buenas sugerencias sobre c\u00f3mo dise\u00f1ar el mejor newsletter para sus necesidades: desafortunadamente, para los principiantes, muchas de estas se encuentran relacionadas directamente con el c\u00f3digo HTML. Pero hay buenas noticias: utilizando nuestro creador de plantillas de email el proceso puede ser realizado sin una l\u00ednea de c\u00f3digo. De hecho, con MailStyler usted simplemente [&hellip;]<\/p>\n","protected":false},"author":1,"featured_media":0,"parent":0,"menu_order":0,"comment_status":"closed","ping_status":"closed","template":"g1_template_page_sidebar_right.php","meta":{"inline_featured_image":false,"_monsterinsights_skip_tracking":false,"_monsterinsights_sitenote_active":false,"_monsterinsights_sitenote_note":"","_monsterinsights_sitenote_category":0,"footnotes":""},"class_list":["post-3469","page","type-page","status-publish"],"yoast_head":"<!-- This site is optimized with the Yoast SEO plugin v25.2 - https:\/\/yoast.com\/wordpress\/plugins\/seo\/ -->\n<title>C\u00f3mo obtener el mejor dise\u00f1o para su newsletter - Newsletter Creator<\/title>\n<meta name=\"robots\" content=\"index, follow, max-snippet:-1, max-image-preview:large, max-video-preview:-1\" \/>\n<link rel=\"canonical\" href=\"https:\/\/www.newslettercreator.com\/es\/como-obtener-el-mejor-diseno-para-su-newsletter\/\" \/>\n<meta property=\"og:locale\" content=\"es_ES\" \/>\n<meta property=\"og:type\" content=\"article\" \/>\n<meta property=\"og:title\" content=\"C\u00f3mo obtener el mejor dise\u00f1o para su newsletter - Newsletter Creator\" \/>\n<meta property=\"og:description\" content=\"Existen muchas buenas sugerencias sobre c\u00f3mo dise\u00f1ar el mejor newsletter para sus necesidades: desafortunadamente, para los principiantes, muchas de estas se encuentran relacionadas directamente con el c\u00f3digo HTML. Pero hay buenas noticias: utilizando nuestro creador de plantillas de email el proceso puede ser realizado sin una l\u00ednea de c\u00f3digo. De hecho, con MailStyler usted simplemente [&hellip;]\" \/>\n<meta property=\"og:url\" content=\"https:\/\/www.newslettercreator.com\/es\/como-obtener-el-mejor-diseno-para-su-newsletter\/\" \/>\n<meta property=\"og:site_name\" content=\"Newsletter Creator\" \/>\n<meta property=\"og:image\" content=\"http:\/\/www.newslettercreator.com\/wp-content\/uploads\/2014\/03\/best-design-newsletter.jpg\" \/>\n<meta name=\"twitter:label1\" content=\"Tiempo de lectura\" \/>\n\t<meta name=\"twitter:data1\" content=\"2 minutos\" \/>\n<script type=\"application\/ld+json\" class=\"yoast-schema-graph\">{\"@context\":\"https:\/\/schema.org\",\"@graph\":[{\"@type\":\"WebPage\",\"@id\":\"https:\/\/www.newslettercreator.com\/es\/como-obtener-el-mejor-diseno-para-su-newsletter\/\",\"url\":\"https:\/\/www.newslettercreator.com\/es\/como-obtener-el-mejor-diseno-para-su-newsletter\/\",\"name\":\"C\u00f3mo obtener el mejor dise\u00f1o para su newsletter - Newsletter Creator\",\"isPartOf\":{\"@id\":\"https:\/\/www.newslettercreator.com\/#website\"},\"primaryImageOfPage\":{\"@id\":\"https:\/\/www.newslettercreator.com\/es\/como-obtener-el-mejor-diseno-para-su-newsletter\/#primaryimage\"},\"image\":{\"@id\":\"https:\/\/www.newslettercreator.com\/es\/como-obtener-el-mejor-diseno-para-su-newsletter\/#primaryimage\"},\"thumbnailUrl\":\"http:\/\/www.newslettercreator.com\/wp-content\/uploads\/2014\/03\/best-design-newsletter.jpg\",\"datePublished\":\"2015-05-14T13:42:27+00:00\",\"breadcrumb\":{\"@id\":\"https:\/\/www.newslettercreator.com\/es\/como-obtener-el-mejor-diseno-para-su-newsletter\/#breadcrumb\"},\"inLanguage\":\"es\",\"potentialAction\":[{\"@type\":\"ReadAction\",\"target\":[\"https:\/\/www.newslettercreator.com\/es\/como-obtener-el-mejor-diseno-para-su-newsletter\/\"]}]},{\"@type\":\"ImageObject\",\"inLanguage\":\"es\",\"@id\":\"https:\/\/www.newslettercreator.com\/es\/como-obtener-el-mejor-diseno-para-su-newsletter\/#primaryimage\",\"url\":\"http:\/\/www.newslettercreator.com\/wp-content\/uploads\/2014\/03\/best-design-newsletter.jpg\",\"contentUrl\":\"http:\/\/www.newslettercreator.com\/wp-content\/uploads\/2014\/03\/best-design-newsletter.jpg\"},{\"@type\":\"BreadcrumbList\",\"@id\":\"https:\/\/www.newslettercreator.com\/es\/como-obtener-el-mejor-diseno-para-su-newsletter\/#breadcrumb\",\"itemListElement\":[{\"@type\":\"ListItem\",\"position\":1,\"name\":\"Home\",\"item\":\"https:\/\/www.newslettercreator.com\/es\/\"},{\"@type\":\"ListItem\",\"position\":2,\"name\":\"C\u00f3mo obtener el mejor dise\u00f1o para su newsletter\"}]},{\"@type\":\"WebSite\",\"@id\":\"https:\/\/www.newslettercreator.com\/#website\",\"url\":\"https:\/\/www.newslettercreator.com\/\",\"name\":\"Newsletter Creator\",\"description\":\"Pay off\",\"potentialAction\":[{\"@type\":\"SearchAction\",\"target\":{\"@type\":\"EntryPoint\",\"urlTemplate\":\"https:\/\/www.newslettercreator.com\/?s={search_term_string}\"},\"query-input\":{\"@type\":\"PropertyValueSpecification\",\"valueRequired\":true,\"valueName\":\"search_term_string\"}}],\"inLanguage\":\"es\"}]}<\/script>\n<!-- \/ Yoast SEO plugin. -->","yoast_head_json":{"title":"C\u00f3mo obtener el mejor dise\u00f1o para su newsletter - Newsletter Creator","robots":{"index":"index","follow":"follow","max-snippet":"max-snippet:-1","max-image-preview":"max-image-preview:large","max-video-preview":"max-video-preview:-1"},"canonical":"https:\/\/www.newslettercreator.com\/es\/como-obtener-el-mejor-diseno-para-su-newsletter\/","og_locale":"es_ES","og_type":"article","og_title":"C\u00f3mo obtener el mejor dise\u00f1o para su newsletter - Newsletter Creator","og_description":"Existen muchas buenas sugerencias sobre c\u00f3mo dise\u00f1ar el mejor newsletter para sus necesidades: desafortunadamente, para los principiantes, muchas de estas se encuentran relacionadas directamente con el c\u00f3digo HTML. Pero hay buenas noticias: utilizando nuestro creador de plantillas de email el proceso puede ser realizado sin una l\u00ednea de c\u00f3digo. De hecho, con MailStyler usted simplemente [&hellip;]","og_url":"https:\/\/www.newslettercreator.com\/es\/como-obtener-el-mejor-diseno-para-su-newsletter\/","og_site_name":"Newsletter Creator","og_image":[{"url":"http:\/\/www.newslettercreator.com\/wp-content\/uploads\/2014\/03\/best-design-newsletter.jpg","type":"","width":"","height":""}],"twitter_misc":{"Tiempo de lectura":"2 minutos"},"schema":{"@context":"https:\/\/schema.org","@graph":[{"@type":"WebPage","@id":"https:\/\/www.newslettercreator.com\/es\/como-obtener-el-mejor-diseno-para-su-newsletter\/","url":"https:\/\/www.newslettercreator.com\/es\/como-obtener-el-mejor-diseno-para-su-newsletter\/","name":"C\u00f3mo obtener el mejor dise\u00f1o para su newsletter - Newsletter Creator","isPartOf":{"@id":"https:\/\/www.newslettercreator.com\/#website"},"primaryImageOfPage":{"@id":"https:\/\/www.newslettercreator.com\/es\/como-obtener-el-mejor-diseno-para-su-newsletter\/#primaryimage"},"image":{"@id":"https:\/\/www.newslettercreator.com\/es\/como-obtener-el-mejor-diseno-para-su-newsletter\/#primaryimage"},"thumbnailUrl":"http:\/\/www.newslettercreator.com\/wp-content\/uploads\/2014\/03\/best-design-newsletter.jpg","datePublished":"2015-05-14T13:42:27+00:00","breadcrumb":{"@id":"https:\/\/www.newslettercreator.com\/es\/como-obtener-el-mejor-diseno-para-su-newsletter\/#breadcrumb"},"inLanguage":"es","potentialAction":[{"@type":"ReadAction","target":["https:\/\/www.newslettercreator.com\/es\/como-obtener-el-mejor-diseno-para-su-newsletter\/"]}]},{"@type":"ImageObject","inLanguage":"es","@id":"https:\/\/www.newslettercreator.com\/es\/como-obtener-el-mejor-diseno-para-su-newsletter\/#primaryimage","url":"http:\/\/www.newslettercreator.com\/wp-content\/uploads\/2014\/03\/best-design-newsletter.jpg","contentUrl":"http:\/\/www.newslettercreator.com\/wp-content\/uploads\/2014\/03\/best-design-newsletter.jpg"},{"@type":"BreadcrumbList","@id":"https:\/\/www.newslettercreator.com\/es\/como-obtener-el-mejor-diseno-para-su-newsletter\/#breadcrumb","itemListElement":[{"@type":"ListItem","position":1,"name":"Home","item":"https:\/\/www.newslettercreator.com\/es\/"},{"@type":"ListItem","position":2,"name":"C\u00f3mo obtener el mejor dise\u00f1o para su newsletter"}]},{"@type":"WebSite","@id":"https:\/\/www.newslettercreator.com\/#website","url":"https:\/\/www.newslettercreator.com\/","name":"Newsletter Creator","description":"Pay off","potentialAction":[{"@type":"SearchAction","target":{"@type":"EntryPoint","urlTemplate":"https:\/\/www.newslettercreator.com\/?s={search_term_string}"},"query-input":{"@type":"PropertyValueSpecification","valueRequired":true,"valueName":"search_term_string"}}],"inLanguage":"es"}]}},"_links":{"self":[{"href":"https:\/\/www.newslettercreator.com\/es\/wp-json\/wp\/v2\/pages\/3469","targetHints":{"allow":["GET"]}}],"collection":[{"href":"https:\/\/www.newslettercreator.com\/es\/wp-json\/wp\/v2\/pages"}],"about":[{"href":"https:\/\/www.newslettercreator.com\/es\/wp-json\/wp\/v2\/types\/page"}],"author":[{"embeddable":true,"href":"https:\/\/www.newslettercreator.com\/es\/wp-json\/wp\/v2\/users\/1"}],"replies":[{"embeddable":true,"href":"https:\/\/www.newslettercreator.com\/es\/wp-json\/wp\/v2\/comments?post=3469"}],"version-history":[{"count":1,"href":"https:\/\/www.newslettercreator.com\/es\/wp-json\/wp\/v2\/pages\/3469\/revisions"}],"predecessor-version":[{"id":3470,"href":"https:\/\/www.newslettercreator.com\/es\/wp-json\/wp\/v2\/pages\/3469\/revisions\/3470"}],"wp:attachment":[{"href":"https:\/\/www.newslettercreator.com\/es\/wp-json\/wp\/v2\/media?parent=3469"}],"curies":[{"name":"wp","href":"https:\/\/api.w.org\/{rel}","templated":true}]}}