{"id":3471,"date":"2015-05-14T13:54:45","date_gmt":"2015-05-14T13:54:45","guid":{"rendered":"http:\/\/www.newslettercreator.com\/?page_id=3471"},"modified":"2015-05-14T13:54:45","modified_gmt":"2015-05-14T13:54:45","slug":"como-crear-una-plantilla-de-newsletter","status":"publish","type":"page","link":"https:\/\/www.newslettercreator.com\/es\/como-crear-una-plantilla-de-newsletter\/","title":{"rendered":"C\u00f3mo crear una plantilla de newsletter"},"content":{"rendered":"<p style=\"text-align: center;\"><img decoding=\"async\" class=\"alignnone size-full wp-image-237\" src=\"http:\/\/www.newslettercreator.com\/wp-content\/uploads\/2014\/03\/how-to-newsletter-layout.jpg\" alt=\"C\u00f3mo crear una plantilla de newsletter\" width=\"457\" height=\"418\" \/><\/p>\n<p>D\u00f3nde comenzar cuando se trata de <strong>crear una plantilla de newsletter<\/strong>? Cu\u00e1les son los requerimientos t\u00e9cnicos? Y c\u00f3mo construir un dise\u00f1o que organice todo el contenido, logrando una estructura atractiva y efectiva?<\/p>\n<p>Estas son preguntas frecuentes, especialmente entre los principiantes. A decir verdad, el arte de crear una <strong>plantilla de email apropiada<\/strong> es bastante complejo \u2013 usted requiere <strong>conocimientos de codificaci\u00f3n HTML<\/strong> avanzados y excelentes <strong>habilidades de dise\u00f1o<\/strong>.<\/p>\n<p>Afortunadamente, ahora existe una alternativa: <strong>MailStyler<\/strong>, el mejor creador de newsletters disponible.<\/p>\n<p>Con MailStyler, <strong>crear un dise\u00f1o de newsletter<\/strong> no requiere esfuerzo: todos los elementos b\u00e1sicos se encuentran listos a su disposici\u00f3n y todo lo que necesita es <strong>arrastrarlos y soltarlos<\/strong> en el editor WYSIWYG.<\/p>\n<p>Este es un ejemplo de un newsletter que puede ser creado en un minuto con MailStyler:<\/p>\n<ol>\n<li>Primero arrastre y suelte un <strong>encabezado<\/strong> en la p\u00e1gina en blanco. Es aqu\u00ed donde usted coloca el t\u00edtulo de su newsletter o una breve descripci\u00f3n de su oferta.<\/li>\n<li>Luego es tiempo para la <strong>parte del cuerpo<\/strong>: seleccione entre varias cajas predise\u00f1adas de acuerdo con la cantidad de columnas necesarias, el tipo de balance entre im\u00e1genes y texto de su preferencia, y arrastre y suelte tambi\u00e9n. Luego podr\u00e1 editarlos con libertad, agregando sus im\u00e1genes y textos. Siempre recuerde colocar la informaci\u00f3n m\u00e1s importante primero!<\/li>\n<li>Ahora usted probablemente desee agregar el <strong>llamado a la acci\u00f3n<\/strong> \u2013 por ejemplo, el <strong>bot\u00f3n<\/strong> vinculado a la p\u00e1gina de aterrizaje a la cu\u00e1l desea dirigir a los lectores. Ejemplos comunes de llamados a la acci\u00f3n son: \u201cM\u00e1s informaci\u00f3n\u201d, \u201cComprar\u201d, etc. Tenga en cuenta que MailStyler autom\u00e1ticamente genera el bot\u00f3n con el color de contraste correcto, para lograr que el mismo resalte.<\/li>\n<li>Finalmente puede agregar \u2013 como siempre, arrastrando y soltando \u2013 el <strong>pie<\/strong>. MailStyler ofrece diferentes tipos de pies predise\u00f1ados para incluir sus contactos de redes sociales y su v\u00ednculo de cancelaci\u00f3n.<\/li>\n<\/ol>\n<p>Eso es todo. Ahora la plantilla final se encuentra lista para ser importada en su cliente de mail favorito o software utilizado para su campa\u00f1a de newsletter. Y por sobre todo, podr\u00e1 estar seguro de que siempre tendr\u00e1 un aspecto perfecto sin importar el dispositivo de visualizaci\u00f3n.<\/p>\n<p>&nbsp;<\/p>\n<p style=\"text-align: center;\"><a class=\"button large orange\" style=\"margin-top: 20px; width: 177px; margin-right: 30px;\" title=\"Descarga Demo\" href=\"http:\/\/www.newslettercreator.com\/es\/version-gratis\/\" target=\"_self\">DESCARGA DEMO<\/a><a class=\"button large darkgray\" style=\"margin-top: 20px; width: 182px;\" title=\"Comprar Mailstyler Pro\" href=\"http:\/\/www.newslettercreator.com\/es\/precios\/\" target=\"_self\">COMPRAR MAILSTYLER PRO<\/a><\/p>\n<p style=\"text-align: center; font-size: 11px; margin-bottom: 30px;\">Ultima versi\u00f3n: 2.24.01.17 | Fecha de lanzamiento: 17\/01\/2024 | Tama\u00f1o: 114.9 MB<br \/>\n<a href=\"http:\/\/www.newslettercreator.com\/license-agreement\/\" target=\"_blank\">Acuerdo de licencia<\/a> | <a href=\"http:\/\/www.newslettercreator.com\/how-to-uninstall\/\" target=\"_blank\">C\u00f3mo desinstalar<\/a><\/p>\n","protected":false},"excerpt":{"rendered":"<p>D\u00f3nde comenzar cuando se trata de crear una plantilla de newsletter? Cu\u00e1les son los requerimientos t\u00e9cnicos? Y c\u00f3mo construir un dise\u00f1o que organice todo el contenido, logrando una estructura atractiva y efectiva? Estas son preguntas frecuentes, especialmente entre los principiantes. A decir verdad, el arte de crear una plantilla de email apropiada es bastante complejo [&hellip;]<\/p>\n","protected":false},"author":1,"featured_media":0,"parent":0,"menu_order":0,"comment_status":"closed","ping_status":"closed","template":"g1_template_page_sidebar_right.php","meta":{"inline_featured_image":false,"_monsterinsights_skip_tracking":false,"_monsterinsights_sitenote_active":false,"_monsterinsights_sitenote_note":"","_monsterinsights_sitenote_category":0,"footnotes":""},"class_list":["post-3471","page","type-page","status-publish"],"yoast_head":"<!-- This site is optimized with the Yoast SEO plugin v25.2 - https:\/\/yoast.com\/wordpress\/plugins\/seo\/ -->\n<title>C\u00f3mo crear una plantilla de newsletter - Newsletter Creator<\/title>\n<meta name=\"robots\" content=\"index, follow, max-snippet:-1, max-image-preview:large, max-video-preview:-1\" \/>\n<link rel=\"canonical\" href=\"https:\/\/www.newslettercreator.com\/es\/como-crear-una-plantilla-de-newsletter\/\" \/>\n<meta property=\"og:locale\" content=\"es_ES\" \/>\n<meta property=\"og:type\" content=\"article\" \/>\n<meta property=\"og:title\" content=\"C\u00f3mo crear una plantilla de newsletter - Newsletter Creator\" \/>\n<meta property=\"og:description\" content=\"D\u00f3nde comenzar cuando se trata de crear una plantilla de newsletter? Cu\u00e1les son los requerimientos t\u00e9cnicos? Y c\u00f3mo construir un dise\u00f1o que organice todo el contenido, logrando una estructura atractiva y efectiva? Estas son preguntas frecuentes, especialmente entre los principiantes. A decir verdad, el arte de crear una plantilla de email apropiada es bastante complejo [&hellip;]\" \/>\n<meta property=\"og:url\" content=\"https:\/\/www.newslettercreator.com\/es\/como-crear-una-plantilla-de-newsletter\/\" \/>\n<meta property=\"og:site_name\" content=\"Newsletter Creator\" \/>\n<meta property=\"og:image\" content=\"http:\/\/www.newslettercreator.com\/wp-content\/uploads\/2014\/03\/how-to-newsletter-layout.jpg\" \/>\n<meta name=\"twitter:label1\" content=\"Tiempo de lectura\" \/>\n\t<meta name=\"twitter:data1\" content=\"2 minutos\" \/>\n<script type=\"application\/ld+json\" class=\"yoast-schema-graph\">{\"@context\":\"https:\/\/schema.org\",\"@graph\":[{\"@type\":\"WebPage\",\"@id\":\"https:\/\/www.newslettercreator.com\/es\/como-crear-una-plantilla-de-newsletter\/\",\"url\":\"https:\/\/www.newslettercreator.com\/es\/como-crear-una-plantilla-de-newsletter\/\",\"name\":\"C\u00f3mo crear una plantilla de newsletter - Newsletter Creator\",\"isPartOf\":{\"@id\":\"https:\/\/www.newslettercreator.com\/#website\"},\"primaryImageOfPage\":{\"@id\":\"https:\/\/www.newslettercreator.com\/es\/como-crear-una-plantilla-de-newsletter\/#primaryimage\"},\"image\":{\"@id\":\"https:\/\/www.newslettercreator.com\/es\/como-crear-una-plantilla-de-newsletter\/#primaryimage\"},\"thumbnailUrl\":\"http:\/\/www.newslettercreator.com\/wp-content\/uploads\/2014\/03\/how-to-newsletter-layout.jpg\",\"datePublished\":\"2015-05-14T13:54:45+00:00\",\"breadcrumb\":{\"@id\":\"https:\/\/www.newslettercreator.com\/es\/como-crear-una-plantilla-de-newsletter\/#breadcrumb\"},\"inLanguage\":\"es\",\"potentialAction\":[{\"@type\":\"ReadAction\",\"target\":[\"https:\/\/www.newslettercreator.com\/es\/como-crear-una-plantilla-de-newsletter\/\"]}]},{\"@type\":\"ImageObject\",\"inLanguage\":\"es\",\"@id\":\"https:\/\/www.newslettercreator.com\/es\/como-crear-una-plantilla-de-newsletter\/#primaryimage\",\"url\":\"http:\/\/www.newslettercreator.com\/wp-content\/uploads\/2014\/03\/how-to-newsletter-layout.jpg\",\"contentUrl\":\"http:\/\/www.newslettercreator.com\/wp-content\/uploads\/2014\/03\/how-to-newsletter-layout.jpg\"},{\"@type\":\"BreadcrumbList\",\"@id\":\"https:\/\/www.newslettercreator.com\/es\/como-crear-una-plantilla-de-newsletter\/#breadcrumb\",\"itemListElement\":[{\"@type\":\"ListItem\",\"position\":1,\"name\":\"Home\",\"item\":\"https:\/\/www.newslettercreator.com\/es\/\"},{\"@type\":\"ListItem\",\"position\":2,\"name\":\"C\u00f3mo crear una plantilla de newsletter\"}]},{\"@type\":\"WebSite\",\"@id\":\"https:\/\/www.newslettercreator.com\/#website\",\"url\":\"https:\/\/www.newslettercreator.com\/\",\"name\":\"Newsletter Creator\",\"description\":\"Pay off\",\"potentialAction\":[{\"@type\":\"SearchAction\",\"target\":{\"@type\":\"EntryPoint\",\"urlTemplate\":\"https:\/\/www.newslettercreator.com\/?s={search_term_string}\"},\"query-input\":{\"@type\":\"PropertyValueSpecification\",\"valueRequired\":true,\"valueName\":\"search_term_string\"}}],\"inLanguage\":\"es\"}]}<\/script>\n<!-- \/ Yoast SEO plugin. -->","yoast_head_json":{"title":"C\u00f3mo crear una plantilla de newsletter - Newsletter Creator","robots":{"index":"index","follow":"follow","max-snippet":"max-snippet:-1","max-image-preview":"max-image-preview:large","max-video-preview":"max-video-preview:-1"},"canonical":"https:\/\/www.newslettercreator.com\/es\/como-crear-una-plantilla-de-newsletter\/","og_locale":"es_ES","og_type":"article","og_title":"C\u00f3mo crear una plantilla de newsletter - Newsletter Creator","og_description":"D\u00f3nde comenzar cuando se trata de crear una plantilla de newsletter? Cu\u00e1les son los requerimientos t\u00e9cnicos? Y c\u00f3mo construir un dise\u00f1o que organice todo el contenido, logrando una estructura atractiva y efectiva? Estas son preguntas frecuentes, especialmente entre los principiantes. A decir verdad, el arte de crear una plantilla de email apropiada es bastante complejo [&hellip;]","og_url":"https:\/\/www.newslettercreator.com\/es\/como-crear-una-plantilla-de-newsletter\/","og_site_name":"Newsletter Creator","og_image":[{"url":"http:\/\/www.newslettercreator.com\/wp-content\/uploads\/2014\/03\/how-to-newsletter-layout.jpg","type":"","width":"","height":""}],"twitter_misc":{"Tiempo de lectura":"2 minutos"},"schema":{"@context":"https:\/\/schema.org","@graph":[{"@type":"WebPage","@id":"https:\/\/www.newslettercreator.com\/es\/como-crear-una-plantilla-de-newsletter\/","url":"https:\/\/www.newslettercreator.com\/es\/como-crear-una-plantilla-de-newsletter\/","name":"C\u00f3mo crear una plantilla de newsletter - Newsletter Creator","isPartOf":{"@id":"https:\/\/www.newslettercreator.com\/#website"},"primaryImageOfPage":{"@id":"https:\/\/www.newslettercreator.com\/es\/como-crear-una-plantilla-de-newsletter\/#primaryimage"},"image":{"@id":"https:\/\/www.newslettercreator.com\/es\/como-crear-una-plantilla-de-newsletter\/#primaryimage"},"thumbnailUrl":"http:\/\/www.newslettercreator.com\/wp-content\/uploads\/2014\/03\/how-to-newsletter-layout.jpg","datePublished":"2015-05-14T13:54:45+00:00","breadcrumb":{"@id":"https:\/\/www.newslettercreator.com\/es\/como-crear-una-plantilla-de-newsletter\/#breadcrumb"},"inLanguage":"es","potentialAction":[{"@type":"ReadAction","target":["https:\/\/www.newslettercreator.com\/es\/como-crear-una-plantilla-de-newsletter\/"]}]},{"@type":"ImageObject","inLanguage":"es","@id":"https:\/\/www.newslettercreator.com\/es\/como-crear-una-plantilla-de-newsletter\/#primaryimage","url":"http:\/\/www.newslettercreator.com\/wp-content\/uploads\/2014\/03\/how-to-newsletter-layout.jpg","contentUrl":"http:\/\/www.newslettercreator.com\/wp-content\/uploads\/2014\/03\/how-to-newsletter-layout.jpg"},{"@type":"BreadcrumbList","@id":"https:\/\/www.newslettercreator.com\/es\/como-crear-una-plantilla-de-newsletter\/#breadcrumb","itemListElement":[{"@type":"ListItem","position":1,"name":"Home","item":"https:\/\/www.newslettercreator.com\/es\/"},{"@type":"ListItem","position":2,"name":"C\u00f3mo crear una plantilla de newsletter"}]},{"@type":"WebSite","@id":"https:\/\/www.newslettercreator.com\/#website","url":"https:\/\/www.newslettercreator.com\/","name":"Newsletter Creator","description":"Pay off","potentialAction":[{"@type":"SearchAction","target":{"@type":"EntryPoint","urlTemplate":"https:\/\/www.newslettercreator.com\/?s={search_term_string}"},"query-input":{"@type":"PropertyValueSpecification","valueRequired":true,"valueName":"search_term_string"}}],"inLanguage":"es"}]}},"_links":{"self":[{"href":"https:\/\/www.newslettercreator.com\/es\/wp-json\/wp\/v2\/pages\/3471","targetHints":{"allow":["GET"]}}],"collection":[{"href":"https:\/\/www.newslettercreator.com\/es\/wp-json\/wp\/v2\/pages"}],"about":[{"href":"https:\/\/www.newslettercreator.com\/es\/wp-json\/wp\/v2\/types\/page"}],"author":[{"embeddable":true,"href":"https:\/\/www.newslettercreator.com\/es\/wp-json\/wp\/v2\/users\/1"}],"replies":[{"embeddable":true,"href":"https:\/\/www.newslettercreator.com\/es\/wp-json\/wp\/v2\/comments?post=3471"}],"version-history":[{"count":1,"href":"https:\/\/www.newslettercreator.com\/es\/wp-json\/wp\/v2\/pages\/3471\/revisions"}],"predecessor-version":[{"id":3472,"href":"https:\/\/www.newslettercreator.com\/es\/wp-json\/wp\/v2\/pages\/3471\/revisions\/3472"}],"wp:attachment":[{"href":"https:\/\/www.newslettercreator.com\/es\/wp-json\/wp\/v2\/media?parent=3471"}],"curies":[{"name":"wp","href":"https:\/\/api.w.org\/{rel}","templated":true}]}}