{"id":3473,"date":"2015-05-14T13:57:01","date_gmt":"2015-05-14T13:57:01","guid":{"rendered":"http:\/\/www.newslettercreator.com\/?page_id=3473"},"modified":"2015-05-14T13:57:01","modified_gmt":"2015-05-14T13:57:01","slug":"como-disenar-una-plantilla-de-email-html","status":"publish","type":"page","link":"https:\/\/www.newslettercreator.com\/es\/como-disenar-una-plantilla-de-email-html\/","title":{"rendered":"C\u00f3mo dise\u00f1ar una plantilla de email HTML"},"content":{"rendered":"<p><img decoding=\"async\" class=\"alignnone size-full wp-image-237\" src=\"http:\/\/www.newslettercreator.com\/wp-content\/uploads\/2014\/03\/how-to-design-html-newsletter.jpg\" alt=\"C\u00f3mo dise\u00f1ar una plantilla de email HTML\" width=\"649\" height=\"423\" \/><\/p>\n<p>Es posible dise\u00f1ar su propio <strong>newsletter HTML<\/strong> sin ning\u00fan conocimiento de HTML en s\u00ed? Si lo es. Con nuestro <strong>creador de emails<\/strong> usted posee todos los elementos necesarios listos para ser utilizados como usted lo desee, con una simple serie de movimientos de arrastrar y soltar.<\/p>\n<p>Simplemente <strong>escoja el dise\u00f1o de su preferencia<\/strong> \u2013 con una o m\u00e1s columnas \u2013 y luego agregue los bloques necesarios: im\u00e1genes, botones, cajas de texto, etc. Usted tambi\u00e9n puede editar f\u00e1cilmente la fuente, el color de fondo y otros detalles.<\/p>\n<p>Pero la mejor noticia es que todos los elementos predise\u00f1ados han sido creados por nuestros expertos en dise\u00f1o web: gracias a ello, el c\u00f3digo HTML de la plantilla final ser\u00e1 impecable, proveyendo una <strong>legibilidad perfecta<\/strong> y compatible con todos los clientes de email.<\/p>\n<p>Es por ello que usted podr\u00e1 redactar <strong>newsletters HTML<\/strong> impresionantes e ilimitados para cualquier necesidad y cualquier tipo de contenido. Literalmente en minutos, y <strong>sin escribir c\u00f3digo<\/strong>.<\/p>\n<p>&nbsp;<\/p>\n<p style=\"text-align: center;\"><a class=\"button large orange\" style=\"margin-top: 20px; width: 177px; margin-right: 30px;\" title=\"Descarga Demo\" href=\"http:\/\/www.newslettercreator.com\/es\/version-gratis\/\" target=\"_self\">DESCARGA DEMO<\/a><a class=\"button large darkgray\" style=\"margin-top: 20px; width: 182px;\" title=\"Comprar Mailstyler Pro\" href=\"http:\/\/www.newslettercreator.com\/es\/precios\/\" target=\"_self\">COMPRAR MAILSTYLER PRO<\/a><\/p>\n<p style=\"text-align: center; font-size: 11px; margin-bottom: 30px;\">Ultima versi\u00f3n: 2.24.01.17 | Fecha de lanzamiento: 17\/01\/2024 | Tama\u00f1o: 114.9 MB<br \/>\n<a href=\"http:\/\/www.newslettercreator.com\/license-agreement\/\" target=\"_blank\">Acuerdo de licencia<\/a> | <a href=\"http:\/\/www.newslettercreator.com\/how-to-uninstall\/\" target=\"_blank\">C\u00f3mo desinstalar<\/a><\/p>\n","protected":false},"excerpt":{"rendered":"<p>Es posible dise\u00f1ar su propio newsletter HTML sin ning\u00fan conocimiento de HTML en s\u00ed? Si lo es. Con nuestro creador de emails usted posee todos los elementos necesarios listos para ser utilizados como usted lo desee, con una simple serie de movimientos de arrastrar y soltar. Simplemente escoja el dise\u00f1o de su preferencia \u2013 con [&hellip;]<\/p>\n","protected":false},"author":1,"featured_media":0,"parent":0,"menu_order":0,"comment_status":"closed","ping_status":"closed","template":"g1_template_page_sidebar_right.php","meta":{"inline_featured_image":false,"_monsterinsights_skip_tracking":false,"_monsterinsights_sitenote_active":false,"_monsterinsights_sitenote_note":"","_monsterinsights_sitenote_category":0,"footnotes":""},"class_list":["post-3473","page","type-page","status-publish"],"yoast_head":"<!-- This site is optimized with the Yoast SEO plugin v25.2 - https:\/\/yoast.com\/wordpress\/plugins\/seo\/ -->\n<title>C\u00f3mo dise\u00f1ar una plantilla de email HTML - Newsletter Creator<\/title>\n<meta name=\"robots\" content=\"index, follow, max-snippet:-1, max-image-preview:large, max-video-preview:-1\" \/>\n<link rel=\"canonical\" href=\"https:\/\/www.newslettercreator.com\/es\/como-disenar-una-plantilla-de-email-html\/\" \/>\n<meta property=\"og:locale\" content=\"es_ES\" \/>\n<meta property=\"og:type\" content=\"article\" \/>\n<meta property=\"og:title\" content=\"C\u00f3mo dise\u00f1ar una plantilla de email HTML - Newsletter Creator\" \/>\n<meta property=\"og:description\" content=\"Es posible dise\u00f1ar su propio newsletter HTML sin ning\u00fan conocimiento de HTML en s\u00ed? Si lo es. Con nuestro creador de emails usted posee todos los elementos necesarios listos para ser utilizados como usted lo desee, con una simple serie de movimientos de arrastrar y soltar. Simplemente escoja el dise\u00f1o de su preferencia \u2013 con [&hellip;]\" \/>\n<meta property=\"og:url\" content=\"https:\/\/www.newslettercreator.com\/es\/como-disenar-una-plantilla-de-email-html\/\" \/>\n<meta property=\"og:site_name\" content=\"Newsletter Creator\" \/>\n<meta property=\"og:image\" content=\"http:\/\/www.newslettercreator.com\/wp-content\/uploads\/2014\/03\/how-to-design-html-newsletter.jpg\" \/>\n<meta name=\"twitter:label1\" content=\"Tiempo de lectura\" \/>\n\t<meta name=\"twitter:data1\" content=\"1 minuto\" \/>\n<script type=\"application\/ld+json\" class=\"yoast-schema-graph\">{\"@context\":\"https:\/\/schema.org\",\"@graph\":[{\"@type\":\"WebPage\",\"@id\":\"https:\/\/www.newslettercreator.com\/es\/como-disenar-una-plantilla-de-email-html\/\",\"url\":\"https:\/\/www.newslettercreator.com\/es\/como-disenar-una-plantilla-de-email-html\/\",\"name\":\"C\u00f3mo dise\u00f1ar una plantilla de email HTML - Newsletter Creator\",\"isPartOf\":{\"@id\":\"https:\/\/www.newslettercreator.com\/#website\"},\"primaryImageOfPage\":{\"@id\":\"https:\/\/www.newslettercreator.com\/es\/como-disenar-una-plantilla-de-email-html\/#primaryimage\"},\"image\":{\"@id\":\"https:\/\/www.newslettercreator.com\/es\/como-disenar-una-plantilla-de-email-html\/#primaryimage\"},\"thumbnailUrl\":\"http:\/\/www.newslettercreator.com\/wp-content\/uploads\/2014\/03\/how-to-design-html-newsletter.jpg\",\"datePublished\":\"2015-05-14T13:57:01+00:00\",\"breadcrumb\":{\"@id\":\"https:\/\/www.newslettercreator.com\/es\/como-disenar-una-plantilla-de-email-html\/#breadcrumb\"},\"inLanguage\":\"es\",\"potentialAction\":[{\"@type\":\"ReadAction\",\"target\":[\"https:\/\/www.newslettercreator.com\/es\/como-disenar-una-plantilla-de-email-html\/\"]}]},{\"@type\":\"ImageObject\",\"inLanguage\":\"es\",\"@id\":\"https:\/\/www.newslettercreator.com\/es\/como-disenar-una-plantilla-de-email-html\/#primaryimage\",\"url\":\"http:\/\/www.newslettercreator.com\/wp-content\/uploads\/2014\/03\/how-to-design-html-newsletter.jpg\",\"contentUrl\":\"http:\/\/www.newslettercreator.com\/wp-content\/uploads\/2014\/03\/how-to-design-html-newsletter.jpg\"},{\"@type\":\"BreadcrumbList\",\"@id\":\"https:\/\/www.newslettercreator.com\/es\/como-disenar-una-plantilla-de-email-html\/#breadcrumb\",\"itemListElement\":[{\"@type\":\"ListItem\",\"position\":1,\"name\":\"Home\",\"item\":\"https:\/\/www.newslettercreator.com\/es\/\"},{\"@type\":\"ListItem\",\"position\":2,\"name\":\"C\u00f3mo dise\u00f1ar una plantilla de email HTML\"}]},{\"@type\":\"WebSite\",\"@id\":\"https:\/\/www.newslettercreator.com\/#website\",\"url\":\"https:\/\/www.newslettercreator.com\/\",\"name\":\"Newsletter Creator\",\"description\":\"Pay off\",\"potentialAction\":[{\"@type\":\"SearchAction\",\"target\":{\"@type\":\"EntryPoint\",\"urlTemplate\":\"https:\/\/www.newslettercreator.com\/?s={search_term_string}\"},\"query-input\":{\"@type\":\"PropertyValueSpecification\",\"valueRequired\":true,\"valueName\":\"search_term_string\"}}],\"inLanguage\":\"es\"}]}<\/script>\n<!-- \/ Yoast SEO plugin. -->","yoast_head_json":{"title":"C\u00f3mo dise\u00f1ar una plantilla de email HTML - Newsletter Creator","robots":{"index":"index","follow":"follow","max-snippet":"max-snippet:-1","max-image-preview":"max-image-preview:large","max-video-preview":"max-video-preview:-1"},"canonical":"https:\/\/www.newslettercreator.com\/es\/como-disenar-una-plantilla-de-email-html\/","og_locale":"es_ES","og_type":"article","og_title":"C\u00f3mo dise\u00f1ar una plantilla de email HTML - Newsletter Creator","og_description":"Es posible dise\u00f1ar su propio newsletter HTML sin ning\u00fan conocimiento de HTML en s\u00ed? Si lo es. Con nuestro creador de emails usted posee todos los elementos necesarios listos para ser utilizados como usted lo desee, con una simple serie de movimientos de arrastrar y soltar. Simplemente escoja el dise\u00f1o de su preferencia \u2013 con [&hellip;]","og_url":"https:\/\/www.newslettercreator.com\/es\/como-disenar-una-plantilla-de-email-html\/","og_site_name":"Newsletter Creator","og_image":[{"url":"http:\/\/www.newslettercreator.com\/wp-content\/uploads\/2014\/03\/how-to-design-html-newsletter.jpg","type":"","width":"","height":""}],"twitter_misc":{"Tiempo de lectura":"1 minuto"},"schema":{"@context":"https:\/\/schema.org","@graph":[{"@type":"WebPage","@id":"https:\/\/www.newslettercreator.com\/es\/como-disenar-una-plantilla-de-email-html\/","url":"https:\/\/www.newslettercreator.com\/es\/como-disenar-una-plantilla-de-email-html\/","name":"C\u00f3mo dise\u00f1ar una plantilla de email HTML - Newsletter Creator","isPartOf":{"@id":"https:\/\/www.newslettercreator.com\/#website"},"primaryImageOfPage":{"@id":"https:\/\/www.newslettercreator.com\/es\/como-disenar-una-plantilla-de-email-html\/#primaryimage"},"image":{"@id":"https:\/\/www.newslettercreator.com\/es\/como-disenar-una-plantilla-de-email-html\/#primaryimage"},"thumbnailUrl":"http:\/\/www.newslettercreator.com\/wp-content\/uploads\/2014\/03\/how-to-design-html-newsletter.jpg","datePublished":"2015-05-14T13:57:01+00:00","breadcrumb":{"@id":"https:\/\/www.newslettercreator.com\/es\/como-disenar-una-plantilla-de-email-html\/#breadcrumb"},"inLanguage":"es","potentialAction":[{"@type":"ReadAction","target":["https:\/\/www.newslettercreator.com\/es\/como-disenar-una-plantilla-de-email-html\/"]}]},{"@type":"ImageObject","inLanguage":"es","@id":"https:\/\/www.newslettercreator.com\/es\/como-disenar-una-plantilla-de-email-html\/#primaryimage","url":"http:\/\/www.newslettercreator.com\/wp-content\/uploads\/2014\/03\/how-to-design-html-newsletter.jpg","contentUrl":"http:\/\/www.newslettercreator.com\/wp-content\/uploads\/2014\/03\/how-to-design-html-newsletter.jpg"},{"@type":"BreadcrumbList","@id":"https:\/\/www.newslettercreator.com\/es\/como-disenar-una-plantilla-de-email-html\/#breadcrumb","itemListElement":[{"@type":"ListItem","position":1,"name":"Home","item":"https:\/\/www.newslettercreator.com\/es\/"},{"@type":"ListItem","position":2,"name":"C\u00f3mo dise\u00f1ar una plantilla de email HTML"}]},{"@type":"WebSite","@id":"https:\/\/www.newslettercreator.com\/#website","url":"https:\/\/www.newslettercreator.com\/","name":"Newsletter Creator","description":"Pay off","potentialAction":[{"@type":"SearchAction","target":{"@type":"EntryPoint","urlTemplate":"https:\/\/www.newslettercreator.com\/?s={search_term_string}"},"query-input":{"@type":"PropertyValueSpecification","valueRequired":true,"valueName":"search_term_string"}}],"inLanguage":"es"}]}},"_links":{"self":[{"href":"https:\/\/www.newslettercreator.com\/es\/wp-json\/wp\/v2\/pages\/3473","targetHints":{"allow":["GET"]}}],"collection":[{"href":"https:\/\/www.newslettercreator.com\/es\/wp-json\/wp\/v2\/pages"}],"about":[{"href":"https:\/\/www.newslettercreator.com\/es\/wp-json\/wp\/v2\/types\/page"}],"author":[{"embeddable":true,"href":"https:\/\/www.newslettercreator.com\/es\/wp-json\/wp\/v2\/users\/1"}],"replies":[{"embeddable":true,"href":"https:\/\/www.newslettercreator.com\/es\/wp-json\/wp\/v2\/comments?post=3473"}],"version-history":[{"count":1,"href":"https:\/\/www.newslettercreator.com\/es\/wp-json\/wp\/v2\/pages\/3473\/revisions"}],"predecessor-version":[{"id":3474,"href":"https:\/\/www.newslettercreator.com\/es\/wp-json\/wp\/v2\/pages\/3473\/revisions\/3474"}],"wp:attachment":[{"href":"https:\/\/www.newslettercreator.com\/es\/wp-json\/wp\/v2\/media?parent=3473"}],"curies":[{"name":"wp","href":"https:\/\/api.w.org\/{rel}","templated":true}]}}