{"id":3484,"date":"2015-05-15T06:38:51","date_gmt":"2015-05-15T06:38:51","guid":{"rendered":"http:\/\/www.newslettercreator.com\/?page_id=3484"},"modified":"2021-05-28T09:20:24","modified_gmt":"2021-05-28T07:20:24","slug":"como-hacer-un-newsletter","status":"publish","type":"page","link":"https:\/\/www.newslettercreator.com\/es\/como-hacer-un-newsletter\/","title":{"rendered":"C\u00f3mo hacer un newsletter"},"content":{"rendered":"<div class=\"lyte-wrapper\" title=\"Como hacer un newsletter html siempre legible y responsivo en cualquier cliente de email\" style=\"width:853px;max-width:100%;margin:5px;\"><div class=\"lyMe\" id=\"WYL_l0EjRjn0lf8\" itemprop=\"video\" itemscope itemtype=\"https:\/\/schema.org\/VideoObject\"><div><meta itemprop=\"thumbnailUrl\" content=\"https:\/\/www.newslettercreator.com\/wp-content\/plugins\/wp-youtube-lyte\/lyteCache.php?origThumbUrl=https%3A%2F%2Fi.ytimg.com%2Fvi%2Fl0EjRjn0lf8%2Fhqdefault.jpg\" \/><meta itemprop=\"embedURL\" content=\"https:\/\/www.youtube.com\/embed\/l0EjRjn0lf8\" \/><meta itemprop=\"duration\" content=\"PT3M46S\" \/><meta itemprop=\"uploadDate\" content=\"2019-01-09T13:12:43Z\" \/><\/div><div id=\"lyte_l0EjRjn0lf8\" data-src=\"https:\/\/www.newslettercreator.com\/wp-content\/plugins\/wp-youtube-lyte\/lyteCache.php?origThumbUrl=https%3A%2F%2Fi.ytimg.com%2Fvi%2Fl0EjRjn0lf8%2Fhqdefault.jpg\" class=\"pL\"><div class=\"tC\"><div class=\"tT\" itemprop=\"name\">Como hacer un newsletter html siempre legible y responsivo en cualquier cliente de email<\/div><\/div><div class=\"play\"><\/div><div class=\"ctrl\"><div class=\"Lctrl\"><\/div><div class=\"Rctrl\"><\/div><\/div><\/div><noscript><a href=\"https:\/\/youtu.be\/l0EjRjn0lf8\" rel=\"nofollow\"><img decoding=\"async\" src=\"https:\/\/www.newslettercreator.com\/wp-content\/plugins\/wp-youtube-lyte\/lyteCache.php?origThumbUrl=https%3A%2F%2Fi.ytimg.com%2Fvi%2Fl0EjRjn0lf8%2F0.jpg\" alt=\"Como hacer un newsletter html siempre legible y responsivo en cualquier cliente de email\" width=\"853\" height=\"460\" \/><br \/>Mire este video en YouTube<\/a><\/noscript><meta itemprop=\"description\" content=\"Como hacer un newsletter html siempre legible y responsivo en cualquier cliente de email\"><\/div><\/div><div class=\"lL\" style=\"max-width:100%;width:853px;margin:5px;\"><\/div>\n<div class=\"ms-video-button hide\">\n  <!--a href=\"https:\/\/www.youtube.com\/embed\/l0EjRjn0lf8?rel=0&autoplay=1\" data-featherlight=\"iframe\" data-featherlight-iframe-width=\"800\" data-featherlight-iframe-height=\"610\" data-featherlight-iframe-frameborder=\"0\" data-featherlight-iframe-allow=\"autoplay; encrypted-media\" data-featherlight-iframe-allowfullscreen=\"true\" title=\"Reproducir video tutorial\">Reproducir video tutorial <i class=\"fa fa-play-circle fa-2x\"><\/i><\/a-->\n\t<a href=\"https:\/\/www.youtube.com\/embed\/l0EjRjn0lf8\" rel=\"ilightbox\" data-options=\"width:800, height:610\" title=\"Reproducir video tutorial\">Reproducir video tutorial <i class=\"fa fa-play-circle fa-2x\"><\/i><\/a>\n<\/div>\n<p><strong>Un newsletter<\/strong> o email masivo constituye un medio de comunicaci\u00f3n y marketing extraordinario, y una de las mejores formas de mantener a sus clientes informados: bajo costo, grandes resultados. Es por ello que es tan importante colocar toda la atenci\u00f3n al construirlo \u2013 tanto en el dise\u00f1o como en el contenido.<\/p>\n<p>De hecho, el arte de crear un newsletter de email apropiado es bastante delicado: especialmente en lo referente a <strong>redactar la plantilla<\/strong>, o dibujar el dise\u00f1o general. El conjunto de habilidades requeridas \u2013 buen gusto, creatividad, capacidad de escritura, y un buen conocimiento de HTML \u2013 simplemente no pueden ser improvisadas.<\/p>\n<p>Pero ahora existe una nueva forma de<strong> crear su propio newsletter<\/strong>. MailStyler. Con nuestro constructor de plantillas podr\u00e1 crear un email en pocos clics, simplemente <strong>arrastrando y soltando<\/strong> todos los elementos requeridos y editando los mismos como lo desee. Es realmente f\u00e1cil, y <strong>no requiere conocimientos de codificaci\u00f3n<\/strong>.<\/p>\n<p>Adem\u00e1s, a diferencia de servicios web similares, MailStyler aprovecha todas las ventajas generales de un software de escritorio. Es decir: mayor rendimiento, m\u00e1s opciones de edici\u00f3n y mejor estabilidad.<\/p>\n<p>Estas son cinco sugerencias sobre <strong>c\u00f3mo crear el mejor email<\/strong>:<\/p>\n<ol>\n<li><strong>Piense en sus necesidades y su marca<\/strong>. No todas las plantillas de email deben ser iguales, por ello al construir su propio dise\u00f1o de newsletter piense en todo lo que necesita comunicar a sus suscriptores. El dise\u00f1o general tiene el prop\u00f3sito de mostrar (en la mejor forma posible) el contenido: por ello el contenido es siempre lo m\u00e1s importante. Adem\u00e1s, no olvide mantener la coherencia est\u00e9tica con la imagen de su marca y su sitio web.<\/li>\n<li><strong>Siga el sentido com\u00fan y las buenas pr\u00e1cticas de dise\u00f1o<\/strong>. El uso de MailStyler y sus componentes predise\u00f1ado asegura un buen resultado. Con esto dicho, existen algunas reglas generales a recordar: por ejemplo: no genere un email demasiado largo, encuentre un buen balance entre el texto y las im\u00e1genes, no olvide el pie, etc. Todos estos conceptos han sido aplicados a nuestros ejemplos: usted puede tomar un poco de inspiraci\u00f3n de estos para comenzar con su propio dise\u00f1o.<\/li>\n<li><strong>Escriba contenido conciso y atractivo (y l\u00edneas de asunto tambi\u00e9n)<\/strong>. Proporcionar a su newsletter de un contenido poco atractivo es definitivamente una mala idea: usted posee s\u00f3lo pocos segundos para captar la atenci\u00f3n de su lector, por ello necesita ser corto y claro. La misma regla aplica, a\u00fan con mayor fuerza, al asunto del email. L\u00edneas gen\u00e9ricas tales como \u201cNewsletter Nro. 41\u201d carecen de utilidad y s\u00f3lo disminuyen las tasas de aperturas: utilice una l\u00ednea atractiva, de menos de 50 caracteres. (No es f\u00e1cil, pero con un poco de pr\u00e1ctica aprender\u00e1 r\u00e1pidamente).<\/li>\n<li><strong>Destaque el llamado a la acci\u00f3n<\/strong>. Puede sonar obvio, pero siempre vale la pena recordarlo: sin importar la acci\u00f3n que usted desee generar \u2013 una suscripci\u00f3n, una compra, un simple clic \u2013 usted necesita resaltar esta acci\u00f3n. La forma cl\u00e1sica de hacerlo consiste en el uso de un bot\u00f3n: y algunos \u201cbloques de llamado a la acci\u00f3n\u201d de MailStyler poseen botones que son coloreados en forma autom\u00e1tica para resaltar.<\/li>\n<li><strong>Siempre provea un v\u00ednculo de cancelaci\u00f3n<\/strong>. Puede ser muy tentador prevenir que los lectores puedan cancelar la suscripci\u00f3n a su newsletter, pero est\u00e1 mal en todos los niveles. En primer lugar es ilegal. En segundo lugar, es malo para la imagen de su marca: usted se ver\u00e1 como alguien que desea forzar a sus clientes a recibir una comunicaci\u00f3n, a\u00fan si no se encuentran interesados. Y tercero, puede da\u00f1ar su campa\u00f1a: si los clientes no encuentran una forma f\u00e1cil de cancelaci\u00f3n, comenzar\u00e1n a colocar su email en la carpeta de spam \u2013 lo cual es muy malo para las tasas de entrega.<\/li>\n<\/ol>\n<p>&nbsp;<\/p>\n<p style=\"text-align: center;\"><a class=\"button large orange\" style=\"margin-top: 20px; width: 177px; margin-right: 30px;\" title=\"Descarga Demo\" href=\"http:\/\/www.newslettercreator.com\/es\/version-gratis\/\" target=\"_self\" rel=\"noopener\">DESCARGA DEMO<\/a><a class=\"button large darkgray\" style=\"margin-top: 20px; width: 182px;\" title=\"Comprar Mailstyler Pro\" href=\"http:\/\/www.newslettercreator.com\/es\/precios\/\" target=\"_self\" rel=\"noopener\">COMPRAR MAILSTYLER PRO<\/a><\/p>\n<p style=\"text-align: center; font-size: 11px; margin-bottom: 30px;\">Ultima versi\u00f3n: 2.24.01.17 | Fecha de lanzamiento: 17\/01\/2024 | Tama\u00f1o: 114.9 MB<br \/>\n<a href=\"http:\/\/www.newslettercreator.com\/license-agreement\/\" target=\"_blank\" rel=\"noopener\">Acuerdo de licencia<\/a> | <a href=\"http:\/\/www.newslettercreator.com\/how-to-uninstall\/\" target=\"_blank\" rel=\"noopener\">C\u00f3mo desinstalar<\/a><\/p>\n","protected":false},"excerpt":{"rendered":"<p>Un newsletter o email masivo constituye un medio de comunicaci\u00f3n y marketing extraordinario, y una de las mejores formas de mantener a sus clientes informados: bajo costo, grandes resultados. Es por ello que es tan importante colocar toda la atenci\u00f3n al construirlo \u2013 tanto en el dise\u00f1o como en el contenido. De hecho, el arte [&hellip;]<\/p>\n","protected":false},"author":1,"featured_media":0,"parent":0,"menu_order":0,"comment_status":"closed","ping_status":"closed","template":"g1_template_page_sidebar_right.php","meta":{"inline_featured_image":false,"_monsterinsights_skip_tracking":false,"_monsterinsights_sitenote_active":false,"_monsterinsights_sitenote_note":"","_monsterinsights_sitenote_category":0,"footnotes":""},"class_list":["post-3484","page","type-page","status-publish"],"yoast_head":"<!-- This site is optimized with the Yoast SEO plugin v25.2 - https:\/\/yoast.com\/wordpress\/plugins\/seo\/ -->\n<title>C\u00f3mo hacer un newsletter - Newsletter Creator<\/title>\n<meta name=\"robots\" content=\"index, follow, max-snippet:-1, max-image-preview:large, max-video-preview:-1\" \/>\n<link rel=\"canonical\" href=\"https:\/\/www.newslettercreator.com\/es\/como-hacer-un-newsletter\/\" \/>\n<meta property=\"og:locale\" content=\"es_ES\" \/>\n<meta property=\"og:type\" content=\"article\" \/>\n<meta property=\"og:title\" content=\"C\u00f3mo hacer un newsletter - Newsletter Creator\" \/>\n<meta property=\"og:description\" content=\"Un newsletter o email masivo constituye un medio de comunicaci\u00f3n y marketing extraordinario, y una de las mejores formas de mantener a sus clientes informados: bajo costo, grandes resultados. Es por ello que es tan importante colocar toda la atenci\u00f3n al construirlo \u2013 tanto en el dise\u00f1o como en el contenido. De hecho, el arte [&hellip;]\" \/>\n<meta property=\"og:url\" content=\"https:\/\/www.newslettercreator.com\/es\/como-hacer-un-newsletter\/\" \/>\n<meta property=\"og:site_name\" content=\"Newsletter Creator\" \/>\n<meta property=\"article:modified_time\" content=\"2021-05-28T07:20:24+00:00\" \/>\n<meta name=\"twitter:label1\" content=\"Tiempo de lectura\" \/>\n\t<meta name=\"twitter:data1\" content=\"3 minutos\" \/>\n<script type=\"application\/ld+json\" class=\"yoast-schema-graph\">{\"@context\":\"https:\/\/schema.org\",\"@graph\":[{\"@type\":\"WebPage\",\"@id\":\"https:\/\/www.newslettercreator.com\/es\/como-hacer-un-newsletter\/\",\"url\":\"https:\/\/www.newslettercreator.com\/es\/como-hacer-un-newsletter\/\",\"name\":\"C\u00f3mo hacer un newsletter - Newsletter Creator\",\"isPartOf\":{\"@id\":\"https:\/\/www.newslettercreator.com\/#website\"},\"datePublished\":\"2015-05-15T06:38:51+00:00\",\"dateModified\":\"2021-05-28T07:20:24+00:00\",\"breadcrumb\":{\"@id\":\"https:\/\/www.newslettercreator.com\/es\/como-hacer-un-newsletter\/#breadcrumb\"},\"inLanguage\":\"es\",\"potentialAction\":[{\"@type\":\"ReadAction\",\"target\":[\"https:\/\/www.newslettercreator.com\/es\/como-hacer-un-newsletter\/\"]}]},{\"@type\":\"BreadcrumbList\",\"@id\":\"https:\/\/www.newslettercreator.com\/es\/como-hacer-un-newsletter\/#breadcrumb\",\"itemListElement\":[{\"@type\":\"ListItem\",\"position\":1,\"name\":\"Home\",\"item\":\"https:\/\/www.newslettercreator.com\/es\/\"},{\"@type\":\"ListItem\",\"position\":2,\"name\":\"C\u00f3mo hacer un newsletter\"}]},{\"@type\":\"WebSite\",\"@id\":\"https:\/\/www.newslettercreator.com\/#website\",\"url\":\"https:\/\/www.newslettercreator.com\/\",\"name\":\"Newsletter Creator\",\"description\":\"Pay off\",\"potentialAction\":[{\"@type\":\"SearchAction\",\"target\":{\"@type\":\"EntryPoint\",\"urlTemplate\":\"https:\/\/www.newslettercreator.com\/?s={search_term_string}\"},\"query-input\":{\"@type\":\"PropertyValueSpecification\",\"valueRequired\":true,\"valueName\":\"search_term_string\"}}],\"inLanguage\":\"es\"}]}<\/script>\n<!-- \/ Yoast SEO plugin. -->","yoast_head_json":{"title":"C\u00f3mo hacer un newsletter - Newsletter Creator","robots":{"index":"index","follow":"follow","max-snippet":"max-snippet:-1","max-image-preview":"max-image-preview:large","max-video-preview":"max-video-preview:-1"},"canonical":"https:\/\/www.newslettercreator.com\/es\/como-hacer-un-newsletter\/","og_locale":"es_ES","og_type":"article","og_title":"C\u00f3mo hacer un newsletter - Newsletter Creator","og_description":"Un newsletter o email masivo constituye un medio de comunicaci\u00f3n y marketing extraordinario, y una de las mejores formas de mantener a sus clientes informados: bajo costo, grandes resultados. Es por ello que es tan importante colocar toda la atenci\u00f3n al construirlo \u2013 tanto en el dise\u00f1o como en el contenido. De hecho, el arte [&hellip;]","og_url":"https:\/\/www.newslettercreator.com\/es\/como-hacer-un-newsletter\/","og_site_name":"Newsletter Creator","article_modified_time":"2021-05-28T07:20:24+00:00","twitter_misc":{"Tiempo de lectura":"3 minutos"},"schema":{"@context":"https:\/\/schema.org","@graph":[{"@type":"WebPage","@id":"https:\/\/www.newslettercreator.com\/es\/como-hacer-un-newsletter\/","url":"https:\/\/www.newslettercreator.com\/es\/como-hacer-un-newsletter\/","name":"C\u00f3mo hacer un newsletter - Newsletter Creator","isPartOf":{"@id":"https:\/\/www.newslettercreator.com\/#website"},"datePublished":"2015-05-15T06:38:51+00:00","dateModified":"2021-05-28T07:20:24+00:00","breadcrumb":{"@id":"https:\/\/www.newslettercreator.com\/es\/como-hacer-un-newsletter\/#breadcrumb"},"inLanguage":"es","potentialAction":[{"@type":"ReadAction","target":["https:\/\/www.newslettercreator.com\/es\/como-hacer-un-newsletter\/"]}]},{"@type":"BreadcrumbList","@id":"https:\/\/www.newslettercreator.com\/es\/como-hacer-un-newsletter\/#breadcrumb","itemListElement":[{"@type":"ListItem","position":1,"name":"Home","item":"https:\/\/www.newslettercreator.com\/es\/"},{"@type":"ListItem","position":2,"name":"C\u00f3mo hacer un newsletter"}]},{"@type":"WebSite","@id":"https:\/\/www.newslettercreator.com\/#website","url":"https:\/\/www.newslettercreator.com\/","name":"Newsletter Creator","description":"Pay off","potentialAction":[{"@type":"SearchAction","target":{"@type":"EntryPoint","urlTemplate":"https:\/\/www.newslettercreator.com\/?s={search_term_string}"},"query-input":{"@type":"PropertyValueSpecification","valueRequired":true,"valueName":"search_term_string"}}],"inLanguage":"es"}]}},"_links":{"self":[{"href":"https:\/\/www.newslettercreator.com\/es\/wp-json\/wp\/v2\/pages\/3484","targetHints":{"allow":["GET"]}}],"collection":[{"href":"https:\/\/www.newslettercreator.com\/es\/wp-json\/wp\/v2\/pages"}],"about":[{"href":"https:\/\/www.newslettercreator.com\/es\/wp-json\/wp\/v2\/types\/page"}],"author":[{"embeddable":true,"href":"https:\/\/www.newslettercreator.com\/es\/wp-json\/wp\/v2\/users\/1"}],"replies":[{"embeddable":true,"href":"https:\/\/www.newslettercreator.com\/es\/wp-json\/wp\/v2\/comments?post=3484"}],"version-history":[{"count":5,"href":"https:\/\/www.newslettercreator.com\/es\/wp-json\/wp\/v2\/pages\/3484\/revisions"}],"predecessor-version":[{"id":10449,"href":"https:\/\/www.newslettercreator.com\/es\/wp-json\/wp\/v2\/pages\/3484\/revisions\/10449"}],"wp:attachment":[{"href":"https:\/\/www.newslettercreator.com\/es\/wp-json\/wp\/v2\/media?parent=3484"}],"curies":[{"name":"wp","href":"https:\/\/api.w.org\/{rel}","templated":true}]}}