{"id":3486,"date":"2015-05-15T06:44:02","date_gmt":"2015-05-15T06:44:02","guid":{"rendered":"http:\/\/www.newslettercreator.com\/?page_id=3486"},"modified":"2015-05-15T06:44:02","modified_gmt":"2015-05-15T06:44:02","slug":"como-crear-una-plantilla-de-email","status":"publish","type":"page","link":"https:\/\/www.newslettercreator.com\/es\/como-crear-una-plantilla-de-email\/","title":{"rendered":"C\u00f3mo crear una plantilla de email"},"content":{"rendered":"<p style=\"text-align: center;\"><img decoding=\"async\" class=\"alignnone size-full wp-image-237\" src=\"http:\/\/www.newslettercreator.com\/wp-content\/uploads\/2014\/03\/how-to-newsletter-layout.jpg\" alt=\"C\u00f3mo crear una plantilla de email\" width=\"457\" height=\"418\" \/><\/p>\n<p>Una de las tareas m\u00e1s demandantes en cualquier campa\u00f1a de marketing por email consiste en <strong>crear una plantilla de email apropiada<\/strong>. De hecho, el requerimiento general para cualquiera que desee construir una plantilla es un gran conocimiento de <strong>HTML\/CSS<\/strong> (esencial para lograr que la plantilla sea legible en cualquier dispositivo y cliente de email); un profundo <strong>conocimiento sobre principios de dise\u00f1o web<\/strong> (para asegurar un flujo perfecto del contenido); y por supuesto, una gran cantidad de creatividad (para lograr un dise\u00f1o atractivo y original).<\/p>\n<p>Muchas veces hemos observado newsletters de baja calidad provenientes de dise\u00f1adores improvisados, completamente sin tener en cuenta un buen dise\u00f1o de email. Por ello, si usted realmente desea que su email sea efectivo, puede contratar un profesional, o aprender usted mismo. La primera opci\u00f3n es costosa, la segunda requiere mucho tiempo.<\/p>\n<p>Pero existe una <strong>tercera opci\u00f3n que ahorra tiempo y dinero<\/strong>: usted puede utilizar MailStyler.<\/p>\n<p>MailStyler es un <strong>software de creaci\u00f3n de plantillas de email 100% WYSIWYG<\/strong>, dise\u00f1ado para ayudarle a obtener lo mejor de sus ideas y redactar newsletters incre\u00edbles <strong>sin una sola l\u00ednea de c\u00f3digo<\/strong>. Es tan intuitivo y poderoso que hasta un principiante puede generar dise\u00f1os atractivos inmediatamente, simplemente <strong>arrastrando y soltando<\/strong> nuestros elementos predise\u00f1ados. Usted construir\u00e1 su email literalmente bloque a bloque, agregando bloques y personalizando como lo desee: requiere pocos minutos, es f\u00e1cil \u2013 y tambi\u00e9n divertido.<\/p>\n<p>Otorgue a su newsletter un comienzo fresco. <a href=\"http:\/\/www.newslettercreator.com\/es\/version-gratis\/\" title=\"Descarga MailStyler\"><strong>Pruebe MailStyler ahora<\/strong><\/a>.<\/p>\n<p>&nbsp;<\/p>\n<p style=\"text-align: center;\"><a class=\"button large orange\" style=\"margin-top: 20px; width: 177px; margin-right: 30px;\" title=\"Descarga Demo\" href=\"http:\/\/www.newslettercreator.com\/es\/version-gratis\/\" target=\"_self\">DESCARGA DEMO<\/a><a class=\"button large darkgray\" style=\"margin-top: 20px; width: 182px;\" title=\"Comprar Mailstyler Pro\" href=\"http:\/\/www.newslettercreator.com\/es\/precios\/\" target=\"_self\">COMPRAR MAILSTYLER PRO<\/a><\/p>\n<p style=\"text-align: center; font-size: 11px; margin-bottom: 30px;\">Ultima versi\u00f3n: 2.24.01.17 | Fecha de lanzamiento: 17\/01\/2024 | Tama\u00f1o: 114.9 MB<br \/>\n<a href=\"http:\/\/www.newslettercreator.com\/license-agreement\/\" target=\"_blank\">Acuerdo de licencia<\/a> | <a href=\"http:\/\/www.newslettercreator.com\/how-to-uninstall\/\" target=\"_blank\">C\u00f3mo desinstalar<\/a><\/p>\n","protected":false},"excerpt":{"rendered":"<p>Una de las tareas m\u00e1s demandantes en cualquier campa\u00f1a de marketing por email consiste en crear una plantilla de email apropiada. De hecho, el requerimiento general para cualquiera que desee construir una plantilla es un gran conocimiento de HTML\/CSS (esencial para lograr que la plantilla sea legible en cualquier dispositivo y cliente de email); un [&hellip;]<\/p>\n","protected":false},"author":1,"featured_media":0,"parent":0,"menu_order":0,"comment_status":"closed","ping_status":"closed","template":"g1_template_page_sidebar_right.php","meta":{"inline_featured_image":false,"_monsterinsights_skip_tracking":false,"_monsterinsights_sitenote_active":false,"_monsterinsights_sitenote_note":"","_monsterinsights_sitenote_category":0,"footnotes":""},"class_list":["post-3486","page","type-page","status-publish"],"yoast_head":"<!-- This site is optimized with the Yoast SEO plugin v25.2 - https:\/\/yoast.com\/wordpress\/plugins\/seo\/ -->\n<title>C\u00f3mo crear una plantilla de email - Newsletter Creator<\/title>\n<meta name=\"robots\" content=\"index, follow, max-snippet:-1, max-image-preview:large, max-video-preview:-1\" \/>\n<link rel=\"canonical\" href=\"https:\/\/www.newslettercreator.com\/es\/como-crear-una-plantilla-de-email\/\" \/>\n<meta property=\"og:locale\" content=\"es_ES\" \/>\n<meta property=\"og:type\" content=\"article\" \/>\n<meta property=\"og:title\" content=\"C\u00f3mo crear una plantilla de email - Newsletter Creator\" \/>\n<meta property=\"og:description\" content=\"Una de las tareas m\u00e1s demandantes en cualquier campa\u00f1a de marketing por email consiste en crear una plantilla de email apropiada. De hecho, el requerimiento general para cualquiera que desee construir una plantilla es un gran conocimiento de HTML\/CSS (esencial para lograr que la plantilla sea legible en cualquier dispositivo y cliente de email); un [&hellip;]\" \/>\n<meta property=\"og:url\" content=\"https:\/\/www.newslettercreator.com\/es\/como-crear-una-plantilla-de-email\/\" \/>\n<meta property=\"og:site_name\" content=\"Newsletter Creator\" \/>\n<meta property=\"og:image\" content=\"http:\/\/www.newslettercreator.com\/wp-content\/uploads\/2014\/03\/how-to-newsletter-layout.jpg\" \/>\n<meta name=\"twitter:label1\" content=\"Tiempo de lectura\" \/>\n\t<meta name=\"twitter:data1\" content=\"1 minuto\" \/>\n<script type=\"application\/ld+json\" class=\"yoast-schema-graph\">{\"@context\":\"https:\/\/schema.org\",\"@graph\":[{\"@type\":\"WebPage\",\"@id\":\"https:\/\/www.newslettercreator.com\/es\/como-crear-una-plantilla-de-email\/\",\"url\":\"https:\/\/www.newslettercreator.com\/es\/como-crear-una-plantilla-de-email\/\",\"name\":\"C\u00f3mo crear una plantilla de email - Newsletter Creator\",\"isPartOf\":{\"@id\":\"https:\/\/www.newslettercreator.com\/#website\"},\"primaryImageOfPage\":{\"@id\":\"https:\/\/www.newslettercreator.com\/es\/como-crear-una-plantilla-de-email\/#primaryimage\"},\"image\":{\"@id\":\"https:\/\/www.newslettercreator.com\/es\/como-crear-una-plantilla-de-email\/#primaryimage\"},\"thumbnailUrl\":\"http:\/\/www.newslettercreator.com\/wp-content\/uploads\/2014\/03\/how-to-newsletter-layout.jpg\",\"datePublished\":\"2015-05-15T06:44:02+00:00\",\"breadcrumb\":{\"@id\":\"https:\/\/www.newslettercreator.com\/es\/como-crear-una-plantilla-de-email\/#breadcrumb\"},\"inLanguage\":\"es\",\"potentialAction\":[{\"@type\":\"ReadAction\",\"target\":[\"https:\/\/www.newslettercreator.com\/es\/como-crear-una-plantilla-de-email\/\"]}]},{\"@type\":\"ImageObject\",\"inLanguage\":\"es\",\"@id\":\"https:\/\/www.newslettercreator.com\/es\/como-crear-una-plantilla-de-email\/#primaryimage\",\"url\":\"http:\/\/www.newslettercreator.com\/wp-content\/uploads\/2014\/03\/how-to-newsletter-layout.jpg\",\"contentUrl\":\"http:\/\/www.newslettercreator.com\/wp-content\/uploads\/2014\/03\/how-to-newsletter-layout.jpg\"},{\"@type\":\"BreadcrumbList\",\"@id\":\"https:\/\/www.newslettercreator.com\/es\/como-crear-una-plantilla-de-email\/#breadcrumb\",\"itemListElement\":[{\"@type\":\"ListItem\",\"position\":1,\"name\":\"Home\",\"item\":\"https:\/\/www.newslettercreator.com\/es\/\"},{\"@type\":\"ListItem\",\"position\":2,\"name\":\"C\u00f3mo crear una plantilla de email\"}]},{\"@type\":\"WebSite\",\"@id\":\"https:\/\/www.newslettercreator.com\/#website\",\"url\":\"https:\/\/www.newslettercreator.com\/\",\"name\":\"Newsletter Creator\",\"description\":\"Pay off\",\"potentialAction\":[{\"@type\":\"SearchAction\",\"target\":{\"@type\":\"EntryPoint\",\"urlTemplate\":\"https:\/\/www.newslettercreator.com\/?s={search_term_string}\"},\"query-input\":{\"@type\":\"PropertyValueSpecification\",\"valueRequired\":true,\"valueName\":\"search_term_string\"}}],\"inLanguage\":\"es\"}]}<\/script>\n<!-- \/ Yoast SEO plugin. -->","yoast_head_json":{"title":"C\u00f3mo crear una plantilla de email - Newsletter Creator","robots":{"index":"index","follow":"follow","max-snippet":"max-snippet:-1","max-image-preview":"max-image-preview:large","max-video-preview":"max-video-preview:-1"},"canonical":"https:\/\/www.newslettercreator.com\/es\/como-crear-una-plantilla-de-email\/","og_locale":"es_ES","og_type":"article","og_title":"C\u00f3mo crear una plantilla de email - Newsletter Creator","og_description":"Una de las tareas m\u00e1s demandantes en cualquier campa\u00f1a de marketing por email consiste en crear una plantilla de email apropiada. De hecho, el requerimiento general para cualquiera que desee construir una plantilla es un gran conocimiento de HTML\/CSS (esencial para lograr que la plantilla sea legible en cualquier dispositivo y cliente de email); un [&hellip;]","og_url":"https:\/\/www.newslettercreator.com\/es\/como-crear-una-plantilla-de-email\/","og_site_name":"Newsletter Creator","og_image":[{"url":"http:\/\/www.newslettercreator.com\/wp-content\/uploads\/2014\/03\/how-to-newsletter-layout.jpg","type":"","width":"","height":""}],"twitter_misc":{"Tiempo de lectura":"1 minuto"},"schema":{"@context":"https:\/\/schema.org","@graph":[{"@type":"WebPage","@id":"https:\/\/www.newslettercreator.com\/es\/como-crear-una-plantilla-de-email\/","url":"https:\/\/www.newslettercreator.com\/es\/como-crear-una-plantilla-de-email\/","name":"C\u00f3mo crear una plantilla de email - Newsletter Creator","isPartOf":{"@id":"https:\/\/www.newslettercreator.com\/#website"},"primaryImageOfPage":{"@id":"https:\/\/www.newslettercreator.com\/es\/como-crear-una-plantilla-de-email\/#primaryimage"},"image":{"@id":"https:\/\/www.newslettercreator.com\/es\/como-crear-una-plantilla-de-email\/#primaryimage"},"thumbnailUrl":"http:\/\/www.newslettercreator.com\/wp-content\/uploads\/2014\/03\/how-to-newsletter-layout.jpg","datePublished":"2015-05-15T06:44:02+00:00","breadcrumb":{"@id":"https:\/\/www.newslettercreator.com\/es\/como-crear-una-plantilla-de-email\/#breadcrumb"},"inLanguage":"es","potentialAction":[{"@type":"ReadAction","target":["https:\/\/www.newslettercreator.com\/es\/como-crear-una-plantilla-de-email\/"]}]},{"@type":"ImageObject","inLanguage":"es","@id":"https:\/\/www.newslettercreator.com\/es\/como-crear-una-plantilla-de-email\/#primaryimage","url":"http:\/\/www.newslettercreator.com\/wp-content\/uploads\/2014\/03\/how-to-newsletter-layout.jpg","contentUrl":"http:\/\/www.newslettercreator.com\/wp-content\/uploads\/2014\/03\/how-to-newsletter-layout.jpg"},{"@type":"BreadcrumbList","@id":"https:\/\/www.newslettercreator.com\/es\/como-crear-una-plantilla-de-email\/#breadcrumb","itemListElement":[{"@type":"ListItem","position":1,"name":"Home","item":"https:\/\/www.newslettercreator.com\/es\/"},{"@type":"ListItem","position":2,"name":"C\u00f3mo crear una plantilla de email"}]},{"@type":"WebSite","@id":"https:\/\/www.newslettercreator.com\/#website","url":"https:\/\/www.newslettercreator.com\/","name":"Newsletter Creator","description":"Pay off","potentialAction":[{"@type":"SearchAction","target":{"@type":"EntryPoint","urlTemplate":"https:\/\/www.newslettercreator.com\/?s={search_term_string}"},"query-input":{"@type":"PropertyValueSpecification","valueRequired":true,"valueName":"search_term_string"}}],"inLanguage":"es"}]}},"_links":{"self":[{"href":"https:\/\/www.newslettercreator.com\/es\/wp-json\/wp\/v2\/pages\/3486","targetHints":{"allow":["GET"]}}],"collection":[{"href":"https:\/\/www.newslettercreator.com\/es\/wp-json\/wp\/v2\/pages"}],"about":[{"href":"https:\/\/www.newslettercreator.com\/es\/wp-json\/wp\/v2\/types\/page"}],"author":[{"embeddable":true,"href":"https:\/\/www.newslettercreator.com\/es\/wp-json\/wp\/v2\/users\/1"}],"replies":[{"embeddable":true,"href":"https:\/\/www.newslettercreator.com\/es\/wp-json\/wp\/v2\/comments?post=3486"}],"version-history":[{"count":1,"href":"https:\/\/www.newslettercreator.com\/es\/wp-json\/wp\/v2\/pages\/3486\/revisions"}],"predecessor-version":[{"id":3487,"href":"https:\/\/www.newslettercreator.com\/es\/wp-json\/wp\/v2\/pages\/3486\/revisions\/3487"}],"wp:attachment":[{"href":"https:\/\/www.newslettercreator.com\/es\/wp-json\/wp\/v2\/media?parent=3486"}],"curies":[{"name":"wp","href":"https:\/\/api.w.org\/{rel}","templated":true}]}}