{"id":3488,"date":"2015-05-15T06:48:24","date_gmt":"2015-05-15T06:48:24","guid":{"rendered":"http:\/\/www.newslettercreator.com\/?page_id=3488"},"modified":"2021-05-07T10:14:56","modified_gmt":"2021-05-07T08:14:56","slug":"creacion-de-un-newsletter-con-microsoft-word-como-funciona","status":"publish","type":"page","link":"https:\/\/www.newslettercreator.com\/es\/creacion-de-un-newsletter-con-microsoft-word-como-funciona\/","title":{"rendered":"Creaci\u00f3n de un newsletter con Microsoft Word: c\u00f3mo funciona?"},"content":{"rendered":"<p>Es posible <strong>crear su newsletter utilizando Microsoft Word<\/strong>. Y a primera vista parece bastante f\u00e1cil: usted crea un nuevo documento, presiona en la pesta\u00f1a de Dise\u00f1o de P\u00e1gina, selecciona el n\u00famero de columnas deseado, ingresa su contenido, agrega una imagen\u2026 etc., etc. Pero no es tan f\u00e1cil, a decir verdad. Y <strong>no es nada recomendable<\/strong> tampoco. De hecho, existen dos razones principales para <strong>no utilizar Microsoft Word para redactar un newsletter<\/strong>.<\/p>\n<p><img decoding=\"async\" class=\"alignnone size-full wp-image-237\" src=\"http:\/\/www.newslettercreator.com\/wp-content\/uploads\/2014\/02\/newsletter-template-microsoft-word-how-to.jpg\" alt=\"Creaci\u00f3n de un newsletter con Microsoft Word: c\u00f3mo funciona?\" width=\"649\" height=\"423\" \/><\/p>\n<p>En primer lugar, <strong>Word no ha sido concebido como un creador de newsletters<\/strong>. Es un procesador de textos excelente, y muy flexible \u2013 pero siempre ser\u00e1 un programa no dedicado.<\/p>\n<p>En segundo lugar \u2013 y m\u00e1s importante \u2013 Word puede agregar <strong>c\u00f3digo no est\u00e1ndar<\/strong> en el HTML de su newsletter. Y esto probablemente disparar\u00e1 algunos <strong>problemas de visualizaci\u00f3n<\/strong> en sus lectores, especialmente si utilizan un cliente de email diferente a Microsoft Outlook. Este es un problema delicado, debido a que un buen dise\u00f1o de newsletter implica <strong>pr\u00e1cticas HTML muy peculiares<\/strong> y un c\u00f3digo completamente limpio para ser le\u00eddo \u2013 y tambi\u00e9n <strong>correctamente entregado<\/strong>.<\/p>\n<p>Por ello para obtener el mejor resultado y asegurar que sus emails sean realmente efectivos, y f\u00e1ciles de entregar (y tambi\u00e9n, atractivos), usted definitivamente necesita un <strong>creador de newsletters real<\/strong>: MailStyler.<\/p>\n<p>Con MailStyler usted podr\u00e1 construir plantillas impresionantes en minutos, con una <strong>simple serie de movimientos de arrastrar y soltar<\/strong>: todos los bloques b\u00e1sicos han sido creados por dise\u00f1adores web profesionales, el resultado final ser\u00e1 <strong>compatible con cualquier cliente de email<\/strong>. Comience ahora y otorgue a su newsletter un dise\u00f1o fresco desde el comienzo.<\/p>\n<p>&nbsp;<\/p>\n<p style=\"text-align: center;\"><a class=\"button large orange\" style=\"margin-top: 20px; width: 177px; margin-right: 30px;\" title=\"Descarga Demo\" href=\"http:\/\/www.newslettercreator.com\/es\/version-gratis\/\" target=\"_self\" rel=\"noopener noreferrer\">DESCARGA DEMO<\/a><a class=\"button large darkgray\" style=\"margin-top: 20px; width: 182px;\" title=\"Comprar Mailstyler Pro\" href=\"http:\/\/www.newslettercreator.com\/es\/precios\/\" target=\"_self\" rel=\"noopener noreferrer\">COMPRAR MAILSTYLER PRO<\/a><\/p>\n<p style=\"text-align: center; font-size: 11px; margin-bottom: 30px;\">Ultima versi\u00f3n: 2.24.01.17 | Fecha de lanzamiento: 17\/01\/2024 | Tama\u00f1o: 114.9 MB<br \/>\n<a href=\"http:\/\/www.newslettercreator.com\/license-agreement\/\" target=\"_blank\" rel=\"noopener noreferrer\">Acuerdo de licencia<\/a> | <a href=\"http:\/\/www.newslettercreator.com\/how-to-uninstall\/\" target=\"_blank\" rel=\"noopener noreferrer\">C\u00f3mo desinstalar<\/a><\/p>\n","protected":false},"excerpt":{"rendered":"<p>Es posible crear su newsletter utilizando Microsoft Word. Y a primera vista parece bastante f\u00e1cil: usted crea un nuevo documento, presiona en la pesta\u00f1a de Dise\u00f1o de P\u00e1gina, selecciona el n\u00famero de columnas deseado, ingresa su contenido, agrega una imagen\u2026 etc., etc. Pero no es tan f\u00e1cil, a decir verdad. Y no es nada recomendable [&hellip;]<\/p>\n","protected":false},"author":1,"featured_media":0,"parent":0,"menu_order":0,"comment_status":"closed","ping_status":"closed","template":"g1_template_page_sidebar_right.php","meta":{"inline_featured_image":false,"_monsterinsights_skip_tracking":false,"_monsterinsights_sitenote_active":false,"_monsterinsights_sitenote_note":"","_monsterinsights_sitenote_category":0,"footnotes":""},"class_list":["post-3488","page","type-page","status-publish"],"yoast_head":"<!-- This site is optimized with the Yoast SEO plugin v25.2 - https:\/\/yoast.com\/wordpress\/plugins\/seo\/ -->\n<title>Creaci\u00f3n de un newsletter con Microsoft Word: c\u00f3mo funciona?<\/title>\n<meta name=\"description\" content=\"Word no ha sido concebido como un creador de newsletters. Por ello usted definitivamente necesita un creador de newsletters real: MailStyler.\" \/>\n<meta name=\"robots\" content=\"index, follow, max-snippet:-1, max-image-preview:large, max-video-preview:-1\" \/>\n<link rel=\"canonical\" href=\"https:\/\/www.newslettercreator.com\/es\/creacion-de-un-newsletter-con-microsoft-word-como-funciona\/\" \/>\n<meta property=\"og:locale\" content=\"es_ES\" \/>\n<meta property=\"og:type\" content=\"article\" \/>\n<meta property=\"og:title\" content=\"Creaci\u00f3n de un newsletter con Microsoft Word: c\u00f3mo funciona?\" \/>\n<meta property=\"og:description\" content=\"Word no ha sido concebido como un creador de newsletters. Por ello usted definitivamente necesita un creador de newsletters real: MailStyler.\" \/>\n<meta property=\"og:url\" content=\"https:\/\/www.newslettercreator.com\/es\/creacion-de-un-newsletter-con-microsoft-word-como-funciona\/\" \/>\n<meta property=\"og:site_name\" content=\"Newsletter Creator\" \/>\n<meta property=\"article:modified_time\" content=\"2021-05-07T08:14:56+00:00\" \/>\n<meta property=\"og:image\" content=\"http:\/\/www.newslettercreator.com\/wp-content\/uploads\/2014\/02\/newsletter-template-microsoft-word-how-to.jpg\" \/>\n<meta name=\"twitter:label1\" content=\"Tiempo de lectura\" \/>\n\t<meta name=\"twitter:data1\" content=\"2 minutos\" \/>\n<script type=\"application\/ld+json\" class=\"yoast-schema-graph\">{\"@context\":\"https:\/\/schema.org\",\"@graph\":[{\"@type\":\"WebPage\",\"@id\":\"https:\/\/www.newslettercreator.com\/es\/creacion-de-un-newsletter-con-microsoft-word-como-funciona\/\",\"url\":\"https:\/\/www.newslettercreator.com\/es\/creacion-de-un-newsletter-con-microsoft-word-como-funciona\/\",\"name\":\"Creaci\u00f3n de un newsletter con Microsoft Word: c\u00f3mo funciona?\",\"isPartOf\":{\"@id\":\"https:\/\/www.newslettercreator.com\/#website\"},\"primaryImageOfPage\":{\"@id\":\"https:\/\/www.newslettercreator.com\/es\/creacion-de-un-newsletter-con-microsoft-word-como-funciona\/#primaryimage\"},\"image\":{\"@id\":\"https:\/\/www.newslettercreator.com\/es\/creacion-de-un-newsletter-con-microsoft-word-como-funciona\/#primaryimage\"},\"thumbnailUrl\":\"http:\/\/www.newslettercreator.com\/wp-content\/uploads\/2014\/02\/newsletter-template-microsoft-word-how-to.jpg\",\"datePublished\":\"2015-05-15T06:48:24+00:00\",\"dateModified\":\"2021-05-07T08:14:56+00:00\",\"description\":\"Word no ha sido concebido como un creador de newsletters. Por ello usted definitivamente necesita un creador de newsletters real: MailStyler.\",\"breadcrumb\":{\"@id\":\"https:\/\/www.newslettercreator.com\/es\/creacion-de-un-newsletter-con-microsoft-word-como-funciona\/#breadcrumb\"},\"inLanguage\":\"es\",\"potentialAction\":[{\"@type\":\"ReadAction\",\"target\":[\"https:\/\/www.newslettercreator.com\/es\/creacion-de-un-newsletter-con-microsoft-word-como-funciona\/\"]}]},{\"@type\":\"ImageObject\",\"inLanguage\":\"es\",\"@id\":\"https:\/\/www.newslettercreator.com\/es\/creacion-de-un-newsletter-con-microsoft-word-como-funciona\/#primaryimage\",\"url\":\"http:\/\/www.newslettercreator.com\/wp-content\/uploads\/2014\/02\/newsletter-template-microsoft-word-how-to.jpg\",\"contentUrl\":\"http:\/\/www.newslettercreator.com\/wp-content\/uploads\/2014\/02\/newsletter-template-microsoft-word-how-to.jpg\"},{\"@type\":\"BreadcrumbList\",\"@id\":\"https:\/\/www.newslettercreator.com\/es\/creacion-de-un-newsletter-con-microsoft-word-como-funciona\/#breadcrumb\",\"itemListElement\":[{\"@type\":\"ListItem\",\"position\":1,\"name\":\"Home\",\"item\":\"https:\/\/www.newslettercreator.com\/es\/\"},{\"@type\":\"ListItem\",\"position\":2,\"name\":\"Creaci\u00f3n de un newsletter con Microsoft Word: c\u00f3mo funciona?\"}]},{\"@type\":\"WebSite\",\"@id\":\"https:\/\/www.newslettercreator.com\/#website\",\"url\":\"https:\/\/www.newslettercreator.com\/\",\"name\":\"Newsletter Creator\",\"description\":\"Pay off\",\"potentialAction\":[{\"@type\":\"SearchAction\",\"target\":{\"@type\":\"EntryPoint\",\"urlTemplate\":\"https:\/\/www.newslettercreator.com\/?s={search_term_string}\"},\"query-input\":{\"@type\":\"PropertyValueSpecification\",\"valueRequired\":true,\"valueName\":\"search_term_string\"}}],\"inLanguage\":\"es\"}]}<\/script>\n<!-- \/ Yoast SEO plugin. -->","yoast_head_json":{"title":"Creaci\u00f3n de un newsletter con Microsoft Word: c\u00f3mo funciona?","description":"Word no ha sido concebido como un creador de newsletters. Por ello usted definitivamente necesita un creador de newsletters real: MailStyler.","robots":{"index":"index","follow":"follow","max-snippet":"max-snippet:-1","max-image-preview":"max-image-preview:large","max-video-preview":"max-video-preview:-1"},"canonical":"https:\/\/www.newslettercreator.com\/es\/creacion-de-un-newsletter-con-microsoft-word-como-funciona\/","og_locale":"es_ES","og_type":"article","og_title":"Creaci\u00f3n de un newsletter con Microsoft Word: c\u00f3mo funciona?","og_description":"Word no ha sido concebido como un creador de newsletters. Por ello usted definitivamente necesita un creador de newsletters real: MailStyler.","og_url":"https:\/\/www.newslettercreator.com\/es\/creacion-de-un-newsletter-con-microsoft-word-como-funciona\/","og_site_name":"Newsletter Creator","article_modified_time":"2021-05-07T08:14:56+00:00","og_image":[{"url":"http:\/\/www.newslettercreator.com\/wp-content\/uploads\/2014\/02\/newsletter-template-microsoft-word-how-to.jpg","type":"","width":"","height":""}],"twitter_misc":{"Tiempo de lectura":"2 minutos"},"schema":{"@context":"https:\/\/schema.org","@graph":[{"@type":"WebPage","@id":"https:\/\/www.newslettercreator.com\/es\/creacion-de-un-newsletter-con-microsoft-word-como-funciona\/","url":"https:\/\/www.newslettercreator.com\/es\/creacion-de-un-newsletter-con-microsoft-word-como-funciona\/","name":"Creaci\u00f3n de un newsletter con Microsoft Word: c\u00f3mo funciona?","isPartOf":{"@id":"https:\/\/www.newslettercreator.com\/#website"},"primaryImageOfPage":{"@id":"https:\/\/www.newslettercreator.com\/es\/creacion-de-un-newsletter-con-microsoft-word-como-funciona\/#primaryimage"},"image":{"@id":"https:\/\/www.newslettercreator.com\/es\/creacion-de-un-newsletter-con-microsoft-word-como-funciona\/#primaryimage"},"thumbnailUrl":"http:\/\/www.newslettercreator.com\/wp-content\/uploads\/2014\/02\/newsletter-template-microsoft-word-how-to.jpg","datePublished":"2015-05-15T06:48:24+00:00","dateModified":"2021-05-07T08:14:56+00:00","description":"Word no ha sido concebido como un creador de newsletters. Por ello usted definitivamente necesita un creador de newsletters real: MailStyler.","breadcrumb":{"@id":"https:\/\/www.newslettercreator.com\/es\/creacion-de-un-newsletter-con-microsoft-word-como-funciona\/#breadcrumb"},"inLanguage":"es","potentialAction":[{"@type":"ReadAction","target":["https:\/\/www.newslettercreator.com\/es\/creacion-de-un-newsletter-con-microsoft-word-como-funciona\/"]}]},{"@type":"ImageObject","inLanguage":"es","@id":"https:\/\/www.newslettercreator.com\/es\/creacion-de-un-newsletter-con-microsoft-word-como-funciona\/#primaryimage","url":"http:\/\/www.newslettercreator.com\/wp-content\/uploads\/2014\/02\/newsletter-template-microsoft-word-how-to.jpg","contentUrl":"http:\/\/www.newslettercreator.com\/wp-content\/uploads\/2014\/02\/newsletter-template-microsoft-word-how-to.jpg"},{"@type":"BreadcrumbList","@id":"https:\/\/www.newslettercreator.com\/es\/creacion-de-un-newsletter-con-microsoft-word-como-funciona\/#breadcrumb","itemListElement":[{"@type":"ListItem","position":1,"name":"Home","item":"https:\/\/www.newslettercreator.com\/es\/"},{"@type":"ListItem","position":2,"name":"Creaci\u00f3n de un newsletter con Microsoft Word: c\u00f3mo funciona?"}]},{"@type":"WebSite","@id":"https:\/\/www.newslettercreator.com\/#website","url":"https:\/\/www.newslettercreator.com\/","name":"Newsletter Creator","description":"Pay off","potentialAction":[{"@type":"SearchAction","target":{"@type":"EntryPoint","urlTemplate":"https:\/\/www.newslettercreator.com\/?s={search_term_string}"},"query-input":{"@type":"PropertyValueSpecification","valueRequired":true,"valueName":"search_term_string"}}],"inLanguage":"es"}]}},"_links":{"self":[{"href":"https:\/\/www.newslettercreator.com\/es\/wp-json\/wp\/v2\/pages\/3488","targetHints":{"allow":["GET"]}}],"collection":[{"href":"https:\/\/www.newslettercreator.com\/es\/wp-json\/wp\/v2\/pages"}],"about":[{"href":"https:\/\/www.newslettercreator.com\/es\/wp-json\/wp\/v2\/types\/page"}],"author":[{"embeddable":true,"href":"https:\/\/www.newslettercreator.com\/es\/wp-json\/wp\/v2\/users\/1"}],"replies":[{"embeddable":true,"href":"https:\/\/www.newslettercreator.com\/es\/wp-json\/wp\/v2\/comments?post=3488"}],"version-history":[{"count":2,"href":"https:\/\/www.newslettercreator.com\/es\/wp-json\/wp\/v2\/pages\/3488\/revisions"}],"predecessor-version":[{"id":10112,"href":"https:\/\/www.newslettercreator.com\/es\/wp-json\/wp\/v2\/pages\/3488\/revisions\/10112"}],"wp:attachment":[{"href":"https:\/\/www.newslettercreator.com\/es\/wp-json\/wp\/v2\/media?parent=3488"}],"curies":[{"name":"wp","href":"https:\/\/api.w.org\/{rel}","templated":true}]}}