{"id":3491,"date":"2015-05-15T07:00:17","date_gmt":"2015-05-15T07:00:17","guid":{"rendered":"http:\/\/www.newslettercreator.com\/?page_id=3491"},"modified":"2015-05-15T07:00:17","modified_gmt":"2015-05-15T07:00:17","slug":"que-es-una-plantilla-de-email-html","status":"publish","type":"page","link":"https:\/\/www.newslettercreator.com\/es\/que-es-una-plantilla-de-email-html\/","title":{"rendered":"Qu\u00e9 es una plantilla de email HTML"},"content":{"rendered":"<p><img decoding=\"async\" class=\"alignnone size-full wp-image-237\" src=\"http:\/\/www.newslettercreator.com\/wp-content\/uploads\/2014\/02\/email-layout-best-practices.jpg\" alt=\"Qu\u00e9 es una plantilla de email HTML\" width=\"649\" height=\"423\" \/><\/p>\n<p>Una <strong>plantilla de email HTML<\/strong> es definitivamente la mejor herramienta para cualquier campa\u00f1a de marketing por email profesional. No s\u00f3lo asegura una <strong>mejor legibilidad<\/strong> y un mejor flujo de la informaci\u00f3n: el HTML tambi\u00e9n permite <strong>realizar un seguimiento de las acciones de sus lectores<\/strong> (aperturas, clics, etc.).<\/p>\n<p>Ahora, crear una buena plantilla de newsletter desde cero puede ser dif\u00edcil, especialmente si usted no posee conocimientos avanzados tanto de HTML como CSS: un c\u00f3digo de baja calidad puede generar <strong>problemas de legibilidad<\/strong> en los clientes de email m\u00e1s populares (Gmail, Hotmail, Outlook, Thunderbird) y tambi\u00e9n <strong>problemas de entrega<\/strong>.<\/p>\n<p>La buena noticia es que con <strong>MailStyler<\/strong> usted puede crear su propia plantilla sin una sola l\u00ednea de c\u00f3digo, y a\u00fan as\u00ed obtener resultados incre\u00edbles \u2013 el dise\u00f1o ideal para su contenido. MailStyler facilita el proceso de edici\u00f3n de un newsletter: seleccione los elementos predise\u00f1ados (columnas, cuadros, botones, cajas de texto\u2026) usted simplemente necesitar\u00e1 <strong>arrastrarlos y soltarlos<\/strong> para construir su propia plantilla en segundos.<\/p>\n<p>Es realmente as\u00ed de simple: y como los bloques predise\u00f1ados han sido creados cuidadosamente por nuestro equipo de dise\u00f1adores web expertos, <strong>la plantilla HTML resultante ser\u00e1 completamente compatible con cualquier cliente de email<\/strong>.<\/p>\n<p>No piense m\u00e1s en paquetes de plantillas gen\u00e9ricos y comience a crear su propio dise\u00f1o personalizado.<\/p>\n<p>&nbsp;<\/p>\n<p style=\"text-align: center;\"><a class=\"button large orange\" style=\"margin-top: 20px; width: 177px; margin-right: 30px;\" title=\"Descarga Demo\" href=\"http:\/\/www.newslettercreator.com\/es\/version-gratis\/\" target=\"_self\">DESCARGA DEMO<\/a><a class=\"button large darkgray\" style=\"margin-top: 20px; width: 182px;\" title=\"Comprar Mailstyler Pro\" href=\"http:\/\/www.newslettercreator.com\/es\/precios\/\" target=\"_self\">COMPRAR MAILSTYLER PRO<\/a><\/p>\n<p style=\"text-align: center; font-size: 11px; margin-bottom: 30px;\">Ultima versi\u00f3n: 2.24.01.17 | Fecha de lanzamiento: 17\/01\/2024 | Tama\u00f1o: 114.9 MB<br \/>\n<a href=\"http:\/\/www.newslettercreator.com\/license-agreement\/\" target=\"_blank\">Acuerdo de licencia<\/a> | <a href=\"http:\/\/www.newslettercreator.com\/how-to-uninstall\/\" target=\"_blank\">C\u00f3mo desinstalar<\/a><\/p>\n","protected":false},"excerpt":{"rendered":"<p>Una plantilla de email HTML es definitivamente la mejor herramienta para cualquier campa\u00f1a de marketing por email profesional. No s\u00f3lo asegura una mejor legibilidad y un mejor flujo de la informaci\u00f3n: el HTML tambi\u00e9n permite realizar un seguimiento de las acciones de sus lectores (aperturas, clics, etc.). Ahora, crear una buena plantilla de newsletter desde [&hellip;]<\/p>\n","protected":false},"author":1,"featured_media":0,"parent":0,"menu_order":0,"comment_status":"closed","ping_status":"closed","template":"g1_template_page_sidebar_right.php","meta":{"inline_featured_image":false,"_monsterinsights_skip_tracking":false,"_monsterinsights_sitenote_active":false,"_monsterinsights_sitenote_note":"","_monsterinsights_sitenote_category":0,"footnotes":""},"class_list":["post-3491","page","type-page","status-publish"],"yoast_head":"<!-- This site is optimized with the Yoast SEO plugin v25.2 - https:\/\/yoast.com\/wordpress\/plugins\/seo\/ -->\n<title>Qu\u00e9 es una plantilla de email HTML - Newsletter Creator<\/title>\n<meta name=\"robots\" content=\"index, follow, max-snippet:-1, max-image-preview:large, max-video-preview:-1\" \/>\n<link rel=\"canonical\" href=\"https:\/\/www.newslettercreator.com\/es\/que-es-una-plantilla-de-email-html\/\" \/>\n<meta property=\"og:locale\" content=\"es_ES\" \/>\n<meta property=\"og:type\" content=\"article\" \/>\n<meta property=\"og:title\" content=\"Qu\u00e9 es una plantilla de email HTML - Newsletter Creator\" \/>\n<meta property=\"og:description\" content=\"Una plantilla de email HTML es definitivamente la mejor herramienta para cualquier campa\u00f1a de marketing por email profesional. No s\u00f3lo asegura una mejor legibilidad y un mejor flujo de la informaci\u00f3n: el HTML tambi\u00e9n permite realizar un seguimiento de las acciones de sus lectores (aperturas, clics, etc.). Ahora, crear una buena plantilla de newsletter desde [&hellip;]\" \/>\n<meta property=\"og:url\" content=\"https:\/\/www.newslettercreator.com\/es\/que-es-una-plantilla-de-email-html\/\" \/>\n<meta property=\"og:site_name\" content=\"Newsletter Creator\" \/>\n<meta property=\"og:image\" content=\"http:\/\/www.newslettercreator.com\/wp-content\/uploads\/2014\/02\/email-layout-best-practices.jpg\" \/>\n<meta name=\"twitter:label1\" content=\"Tiempo de lectura\" \/>\n\t<meta name=\"twitter:data1\" content=\"1 minuto\" \/>\n<script type=\"application\/ld+json\" class=\"yoast-schema-graph\">{\"@context\":\"https:\/\/schema.org\",\"@graph\":[{\"@type\":\"WebPage\",\"@id\":\"https:\/\/www.newslettercreator.com\/es\/que-es-una-plantilla-de-email-html\/\",\"url\":\"https:\/\/www.newslettercreator.com\/es\/que-es-una-plantilla-de-email-html\/\",\"name\":\"Qu\u00e9 es una plantilla de email HTML - Newsletter Creator\",\"isPartOf\":{\"@id\":\"https:\/\/www.newslettercreator.com\/#website\"},\"primaryImageOfPage\":{\"@id\":\"https:\/\/www.newslettercreator.com\/es\/que-es-una-plantilla-de-email-html\/#primaryimage\"},\"image\":{\"@id\":\"https:\/\/www.newslettercreator.com\/es\/que-es-una-plantilla-de-email-html\/#primaryimage\"},\"thumbnailUrl\":\"http:\/\/www.newslettercreator.com\/wp-content\/uploads\/2014\/02\/email-layout-best-practices.jpg\",\"datePublished\":\"2015-05-15T07:00:17+00:00\",\"breadcrumb\":{\"@id\":\"https:\/\/www.newslettercreator.com\/es\/que-es-una-plantilla-de-email-html\/#breadcrumb\"},\"inLanguage\":\"es\",\"potentialAction\":[{\"@type\":\"ReadAction\",\"target\":[\"https:\/\/www.newslettercreator.com\/es\/que-es-una-plantilla-de-email-html\/\"]}]},{\"@type\":\"ImageObject\",\"inLanguage\":\"es\",\"@id\":\"https:\/\/www.newslettercreator.com\/es\/que-es-una-plantilla-de-email-html\/#primaryimage\",\"url\":\"http:\/\/www.newslettercreator.com\/wp-content\/uploads\/2014\/02\/email-layout-best-practices.jpg\",\"contentUrl\":\"http:\/\/www.newslettercreator.com\/wp-content\/uploads\/2014\/02\/email-layout-best-practices.jpg\"},{\"@type\":\"BreadcrumbList\",\"@id\":\"https:\/\/www.newslettercreator.com\/es\/que-es-una-plantilla-de-email-html\/#breadcrumb\",\"itemListElement\":[{\"@type\":\"ListItem\",\"position\":1,\"name\":\"Home\",\"item\":\"https:\/\/www.newslettercreator.com\/es\/\"},{\"@type\":\"ListItem\",\"position\":2,\"name\":\"Qu\u00e9 es una plantilla de email HTML\"}]},{\"@type\":\"WebSite\",\"@id\":\"https:\/\/www.newslettercreator.com\/#website\",\"url\":\"https:\/\/www.newslettercreator.com\/\",\"name\":\"Newsletter Creator\",\"description\":\"Pay off\",\"potentialAction\":[{\"@type\":\"SearchAction\",\"target\":{\"@type\":\"EntryPoint\",\"urlTemplate\":\"https:\/\/www.newslettercreator.com\/?s={search_term_string}\"},\"query-input\":{\"@type\":\"PropertyValueSpecification\",\"valueRequired\":true,\"valueName\":\"search_term_string\"}}],\"inLanguage\":\"es\"}]}<\/script>\n<!-- \/ Yoast SEO plugin. -->","yoast_head_json":{"title":"Qu\u00e9 es una plantilla de email HTML - Newsletter Creator","robots":{"index":"index","follow":"follow","max-snippet":"max-snippet:-1","max-image-preview":"max-image-preview:large","max-video-preview":"max-video-preview:-1"},"canonical":"https:\/\/www.newslettercreator.com\/es\/que-es-una-plantilla-de-email-html\/","og_locale":"es_ES","og_type":"article","og_title":"Qu\u00e9 es una plantilla de email HTML - Newsletter Creator","og_description":"Una plantilla de email HTML es definitivamente la mejor herramienta para cualquier campa\u00f1a de marketing por email profesional. No s\u00f3lo asegura una mejor legibilidad y un mejor flujo de la informaci\u00f3n: el HTML tambi\u00e9n permite realizar un seguimiento de las acciones de sus lectores (aperturas, clics, etc.). Ahora, crear una buena plantilla de newsletter desde [&hellip;]","og_url":"https:\/\/www.newslettercreator.com\/es\/que-es-una-plantilla-de-email-html\/","og_site_name":"Newsletter Creator","og_image":[{"url":"http:\/\/www.newslettercreator.com\/wp-content\/uploads\/2014\/02\/email-layout-best-practices.jpg","type":"","width":"","height":""}],"twitter_misc":{"Tiempo de lectura":"1 minuto"},"schema":{"@context":"https:\/\/schema.org","@graph":[{"@type":"WebPage","@id":"https:\/\/www.newslettercreator.com\/es\/que-es-una-plantilla-de-email-html\/","url":"https:\/\/www.newslettercreator.com\/es\/que-es-una-plantilla-de-email-html\/","name":"Qu\u00e9 es una plantilla de email HTML - Newsletter Creator","isPartOf":{"@id":"https:\/\/www.newslettercreator.com\/#website"},"primaryImageOfPage":{"@id":"https:\/\/www.newslettercreator.com\/es\/que-es-una-plantilla-de-email-html\/#primaryimage"},"image":{"@id":"https:\/\/www.newslettercreator.com\/es\/que-es-una-plantilla-de-email-html\/#primaryimage"},"thumbnailUrl":"http:\/\/www.newslettercreator.com\/wp-content\/uploads\/2014\/02\/email-layout-best-practices.jpg","datePublished":"2015-05-15T07:00:17+00:00","breadcrumb":{"@id":"https:\/\/www.newslettercreator.com\/es\/que-es-una-plantilla-de-email-html\/#breadcrumb"},"inLanguage":"es","potentialAction":[{"@type":"ReadAction","target":["https:\/\/www.newslettercreator.com\/es\/que-es-una-plantilla-de-email-html\/"]}]},{"@type":"ImageObject","inLanguage":"es","@id":"https:\/\/www.newslettercreator.com\/es\/que-es-una-plantilla-de-email-html\/#primaryimage","url":"http:\/\/www.newslettercreator.com\/wp-content\/uploads\/2014\/02\/email-layout-best-practices.jpg","contentUrl":"http:\/\/www.newslettercreator.com\/wp-content\/uploads\/2014\/02\/email-layout-best-practices.jpg"},{"@type":"BreadcrumbList","@id":"https:\/\/www.newslettercreator.com\/es\/que-es-una-plantilla-de-email-html\/#breadcrumb","itemListElement":[{"@type":"ListItem","position":1,"name":"Home","item":"https:\/\/www.newslettercreator.com\/es\/"},{"@type":"ListItem","position":2,"name":"Qu\u00e9 es una plantilla de email HTML"}]},{"@type":"WebSite","@id":"https:\/\/www.newslettercreator.com\/#website","url":"https:\/\/www.newslettercreator.com\/","name":"Newsletter Creator","description":"Pay off","potentialAction":[{"@type":"SearchAction","target":{"@type":"EntryPoint","urlTemplate":"https:\/\/www.newslettercreator.com\/?s={search_term_string}"},"query-input":{"@type":"PropertyValueSpecification","valueRequired":true,"valueName":"search_term_string"}}],"inLanguage":"es"}]}},"_links":{"self":[{"href":"https:\/\/www.newslettercreator.com\/es\/wp-json\/wp\/v2\/pages\/3491","targetHints":{"allow":["GET"]}}],"collection":[{"href":"https:\/\/www.newslettercreator.com\/es\/wp-json\/wp\/v2\/pages"}],"about":[{"href":"https:\/\/www.newslettercreator.com\/es\/wp-json\/wp\/v2\/types\/page"}],"author":[{"embeddable":true,"href":"https:\/\/www.newslettercreator.com\/es\/wp-json\/wp\/v2\/users\/1"}],"replies":[{"embeddable":true,"href":"https:\/\/www.newslettercreator.com\/es\/wp-json\/wp\/v2\/comments?post=3491"}],"version-history":[{"count":1,"href":"https:\/\/www.newslettercreator.com\/es\/wp-json\/wp\/v2\/pages\/3491\/revisions"}],"predecessor-version":[{"id":3492,"href":"https:\/\/www.newslettercreator.com\/es\/wp-json\/wp\/v2\/pages\/3491\/revisions\/3492"}],"wp:attachment":[{"href":"https:\/\/www.newslettercreator.com\/es\/wp-json\/wp\/v2\/media?parent=3491"}],"curies":[{"name":"wp","href":"https:\/\/api.w.org\/{rel}","templated":true}]}}