{"id":3493,"date":"2015-05-15T07:04:06","date_gmt":"2015-05-15T07:04:06","guid":{"rendered":"http:\/\/www.newslettercreator.com\/?page_id=3493"},"modified":"2015-05-15T07:04:06","modified_gmt":"2015-05-15T07:04:06","slug":"como-crear-un-newsletter-html","status":"publish","type":"page","link":"https:\/\/www.newslettercreator.com\/es\/como-crear-un-newsletter-html\/","title":{"rendered":"C\u00f3mo crear un newsletter HTML"},"content":{"rendered":"<p><img decoding=\"async\" class=\"alignnone size-full wp-image-237\" src=\"http:\/\/www.newslettercreator.com\/wp-content\/uploads\/2014\/02\/free-email-newsletter-template.jpg\" alt=\"C\u00f3mo crear un newsletter HTML\" width=\"649\" height=\"423\" \/><\/p>\n<p><strong>Crear un newsletter HTML<\/strong> puede ser muy desafiante: no s\u00f3lo debido a que requiere capacidades creativas sobresalientes, sino tambi\u00e9n porque el HTML para los newsletters posee algunas particularidades, y las buenas pr\u00e1cticas difieren levemente del dise\u00f1o web normal.<\/p>\n<p>Por ejemplo, es muy recomendado evitar etiquetas &lt;div&gt; en caso de ser posible, y <strong>utilizar tablas<\/strong> en su lugar \u2013 a\u00fan cuando estas son cada vez menos usadas para construir un sitio web, a\u00fan constituyen la mejor forma de garantizar un <strong>buen flujo de la informaci\u00f3n<\/strong> en su email.<\/p>\n<p>Pero qu\u00e9 sucede si usted desea crear un <strong>newsletter HTML apropiado<\/strong> sin riesgos y usted no sabe programar? Existen b\u00e1sicamente tres opciones: puede <strong>contratar un dise\u00f1ador web<\/strong> (el cu\u00e1l puede ser costoso); puede comprar un paquete de plantillas predise\u00f1adas (pero pueden ser demasiado gen\u00e9ricas); o puede confiar en un <strong>creador de newsletters realmente profesional<\/strong> tal como MailStyler.<\/p>\n<p>Y aqu\u00ed explicamos porqu\u00e9 la \u00faltima es la mejor opci\u00f3n. Con MailStyler usted podr\u00e1 crear tantos newsletters como lo desee <strong>literalmente en segundos<\/strong>, simplemente arrastrando y soltando elementos predise\u00f1ados en una p\u00e1gina en blanco \u2013 bloque a bloque. Una amplia selecci\u00f3n de bloques de construcci\u00f3n (columnas, cajas de im\u00e1genes, cajas de texto, pies, cabeceras\u2026) le permitir\u00e1n expandir sus habilidades creativas, permitiendo crear una <strong>plantilla \u00fanica, realmente personal<\/strong>. Todo esto sin requerir conocimientos de codificaci\u00f3n \u2013 a\u00fan sin saber qu\u00e9 es el c\u00f3digo.<\/p>\n<p>De hecho, todos nuestros bloques predise\u00f1ados han sido construidos cuidadosamente en un <strong>HTML perfecto<\/strong> por dise\u00f1adores profesionales, permitiendo crear newsletters como usted lo desee para obtener un newsletter <strong>perfectamente legible<\/strong> en cualquier cliente de email. Esto significa que: usted puede enfocarse en su creatividad y crear su email como lo desee, nuestros dise\u00f1adores ya se han ocupado de la parte aburrida \u2013 el c\u00f3digo.<\/p>\n<p>&nbsp;<\/p>\n<p style=\"text-align: center;\"><a class=\"button large orange\" style=\"margin-top: 20px; width: 177px; margin-right: 30px;\" title=\"Descarga Demo\" href=\"http:\/\/www.newslettercreator.com\/es\/version-gratis\/\" target=\"_self\">DESCARGA DEMO<\/a><a class=\"button large darkgray\" style=\"margin-top: 20px; width: 182px;\" title=\"Comprar Mailstyler Pro\" href=\"http:\/\/www.newslettercreator.com\/es\/precios\/\" target=\"_self\">COMPRAR MAILSTYLER PRO<\/a><\/p>\n<p style=\"text-align: center; font-size: 11px; margin-bottom: 30px;\">Ultima versi\u00f3n: 2.24.01.17 | Fecha de lanzamiento: 17\/01\/2024 | Tama\u00f1o: 114.9 MB<br \/>\n<a href=\"http:\/\/www.newslettercreator.com\/license-agreement\/\" target=\"_blank\">Acuerdo de licencia<\/a> | <a href=\"http:\/\/www.newslettercreator.com\/how-to-uninstall\/\" target=\"_blank\">C\u00f3mo desinstalar<\/a><\/p>\n","protected":false},"excerpt":{"rendered":"<p>Crear un newsletter HTML puede ser muy desafiante: no s\u00f3lo debido a que requiere capacidades creativas sobresalientes, sino tambi\u00e9n porque el HTML para los newsletters posee algunas particularidades, y las buenas pr\u00e1cticas difieren levemente del dise\u00f1o web normal. Por ejemplo, es muy recomendado evitar etiquetas &lt;div&gt; en caso de ser posible, y utilizar tablas en [&hellip;]<\/p>\n","protected":false},"author":1,"featured_media":0,"parent":0,"menu_order":0,"comment_status":"closed","ping_status":"closed","template":"g1_template_page_sidebar_right.php","meta":{"inline_featured_image":false,"_monsterinsights_skip_tracking":false,"_monsterinsights_sitenote_active":false,"_monsterinsights_sitenote_note":"","_monsterinsights_sitenote_category":0,"footnotes":""},"class_list":["post-3493","page","type-page","status-publish"],"yoast_head":"<!-- This site is optimized with the Yoast SEO plugin v25.2 - https:\/\/yoast.com\/wordpress\/plugins\/seo\/ -->\n<title>C\u00f3mo crear un newsletter HTML - Newsletter Creator<\/title>\n<meta name=\"robots\" content=\"index, follow, max-snippet:-1, max-image-preview:large, max-video-preview:-1\" \/>\n<link rel=\"canonical\" href=\"https:\/\/www.newslettercreator.com\/es\/como-crear-un-newsletter-html\/\" \/>\n<meta property=\"og:locale\" content=\"es_ES\" \/>\n<meta property=\"og:type\" content=\"article\" \/>\n<meta property=\"og:title\" content=\"C\u00f3mo crear un newsletter HTML - Newsletter Creator\" \/>\n<meta property=\"og:description\" content=\"Crear un newsletter HTML puede ser muy desafiante: no s\u00f3lo debido a que requiere capacidades creativas sobresalientes, sino tambi\u00e9n porque el HTML para los newsletters posee algunas particularidades, y las buenas pr\u00e1cticas difieren levemente del dise\u00f1o web normal. Por ejemplo, es muy recomendado evitar etiquetas &lt;div&gt; en caso de ser posible, y utilizar tablas en [&hellip;]\" \/>\n<meta property=\"og:url\" content=\"https:\/\/www.newslettercreator.com\/es\/como-crear-un-newsletter-html\/\" \/>\n<meta property=\"og:site_name\" content=\"Newsletter Creator\" \/>\n<meta property=\"og:image\" content=\"http:\/\/www.newslettercreator.com\/wp-content\/uploads\/2014\/02\/free-email-newsletter-template.jpg\" \/>\n<meta name=\"twitter:label1\" content=\"Tiempo de lectura\" \/>\n\t<meta name=\"twitter:data1\" content=\"2 minutos\" \/>\n<script type=\"application\/ld+json\" class=\"yoast-schema-graph\">{\"@context\":\"https:\/\/schema.org\",\"@graph\":[{\"@type\":\"WebPage\",\"@id\":\"https:\/\/www.newslettercreator.com\/es\/como-crear-un-newsletter-html\/\",\"url\":\"https:\/\/www.newslettercreator.com\/es\/como-crear-un-newsletter-html\/\",\"name\":\"C\u00f3mo crear un newsletter HTML - Newsletter Creator\",\"isPartOf\":{\"@id\":\"https:\/\/www.newslettercreator.com\/#website\"},\"primaryImageOfPage\":{\"@id\":\"https:\/\/www.newslettercreator.com\/es\/como-crear-un-newsletter-html\/#primaryimage\"},\"image\":{\"@id\":\"https:\/\/www.newslettercreator.com\/es\/como-crear-un-newsletter-html\/#primaryimage\"},\"thumbnailUrl\":\"http:\/\/www.newslettercreator.com\/wp-content\/uploads\/2014\/02\/free-email-newsletter-template.jpg\",\"datePublished\":\"2015-05-15T07:04:06+00:00\",\"breadcrumb\":{\"@id\":\"https:\/\/www.newslettercreator.com\/es\/como-crear-un-newsletter-html\/#breadcrumb\"},\"inLanguage\":\"es\",\"potentialAction\":[{\"@type\":\"ReadAction\",\"target\":[\"https:\/\/www.newslettercreator.com\/es\/como-crear-un-newsletter-html\/\"]}]},{\"@type\":\"ImageObject\",\"inLanguage\":\"es\",\"@id\":\"https:\/\/www.newslettercreator.com\/es\/como-crear-un-newsletter-html\/#primaryimage\",\"url\":\"http:\/\/www.newslettercreator.com\/wp-content\/uploads\/2014\/02\/free-email-newsletter-template.jpg\",\"contentUrl\":\"http:\/\/www.newslettercreator.com\/wp-content\/uploads\/2014\/02\/free-email-newsletter-template.jpg\"},{\"@type\":\"BreadcrumbList\",\"@id\":\"https:\/\/www.newslettercreator.com\/es\/como-crear-un-newsletter-html\/#breadcrumb\",\"itemListElement\":[{\"@type\":\"ListItem\",\"position\":1,\"name\":\"Home\",\"item\":\"https:\/\/www.newslettercreator.com\/es\/\"},{\"@type\":\"ListItem\",\"position\":2,\"name\":\"C\u00f3mo crear un newsletter HTML\"}]},{\"@type\":\"WebSite\",\"@id\":\"https:\/\/www.newslettercreator.com\/#website\",\"url\":\"https:\/\/www.newslettercreator.com\/\",\"name\":\"Newsletter Creator\",\"description\":\"Pay off\",\"potentialAction\":[{\"@type\":\"SearchAction\",\"target\":{\"@type\":\"EntryPoint\",\"urlTemplate\":\"https:\/\/www.newslettercreator.com\/?s={search_term_string}\"},\"query-input\":{\"@type\":\"PropertyValueSpecification\",\"valueRequired\":true,\"valueName\":\"search_term_string\"}}],\"inLanguage\":\"es\"}]}<\/script>\n<!-- \/ Yoast SEO plugin. -->","yoast_head_json":{"title":"C\u00f3mo crear un newsletter HTML - Newsletter Creator","robots":{"index":"index","follow":"follow","max-snippet":"max-snippet:-1","max-image-preview":"max-image-preview:large","max-video-preview":"max-video-preview:-1"},"canonical":"https:\/\/www.newslettercreator.com\/es\/como-crear-un-newsletter-html\/","og_locale":"es_ES","og_type":"article","og_title":"C\u00f3mo crear un newsletter HTML - Newsletter Creator","og_description":"Crear un newsletter HTML puede ser muy desafiante: no s\u00f3lo debido a que requiere capacidades creativas sobresalientes, sino tambi\u00e9n porque el HTML para los newsletters posee algunas particularidades, y las buenas pr\u00e1cticas difieren levemente del dise\u00f1o web normal. Por ejemplo, es muy recomendado evitar etiquetas &lt;div&gt; en caso de ser posible, y utilizar tablas en [&hellip;]","og_url":"https:\/\/www.newslettercreator.com\/es\/como-crear-un-newsletter-html\/","og_site_name":"Newsletter Creator","og_image":[{"url":"http:\/\/www.newslettercreator.com\/wp-content\/uploads\/2014\/02\/free-email-newsletter-template.jpg","type":"","width":"","height":""}],"twitter_misc":{"Tiempo de lectura":"2 minutos"},"schema":{"@context":"https:\/\/schema.org","@graph":[{"@type":"WebPage","@id":"https:\/\/www.newslettercreator.com\/es\/como-crear-un-newsletter-html\/","url":"https:\/\/www.newslettercreator.com\/es\/como-crear-un-newsletter-html\/","name":"C\u00f3mo crear un newsletter HTML - Newsletter Creator","isPartOf":{"@id":"https:\/\/www.newslettercreator.com\/#website"},"primaryImageOfPage":{"@id":"https:\/\/www.newslettercreator.com\/es\/como-crear-un-newsletter-html\/#primaryimage"},"image":{"@id":"https:\/\/www.newslettercreator.com\/es\/como-crear-un-newsletter-html\/#primaryimage"},"thumbnailUrl":"http:\/\/www.newslettercreator.com\/wp-content\/uploads\/2014\/02\/free-email-newsletter-template.jpg","datePublished":"2015-05-15T07:04:06+00:00","breadcrumb":{"@id":"https:\/\/www.newslettercreator.com\/es\/como-crear-un-newsletter-html\/#breadcrumb"},"inLanguage":"es","potentialAction":[{"@type":"ReadAction","target":["https:\/\/www.newslettercreator.com\/es\/como-crear-un-newsletter-html\/"]}]},{"@type":"ImageObject","inLanguage":"es","@id":"https:\/\/www.newslettercreator.com\/es\/como-crear-un-newsletter-html\/#primaryimage","url":"http:\/\/www.newslettercreator.com\/wp-content\/uploads\/2014\/02\/free-email-newsletter-template.jpg","contentUrl":"http:\/\/www.newslettercreator.com\/wp-content\/uploads\/2014\/02\/free-email-newsletter-template.jpg"},{"@type":"BreadcrumbList","@id":"https:\/\/www.newslettercreator.com\/es\/como-crear-un-newsletter-html\/#breadcrumb","itemListElement":[{"@type":"ListItem","position":1,"name":"Home","item":"https:\/\/www.newslettercreator.com\/es\/"},{"@type":"ListItem","position":2,"name":"C\u00f3mo crear un newsletter HTML"}]},{"@type":"WebSite","@id":"https:\/\/www.newslettercreator.com\/#website","url":"https:\/\/www.newslettercreator.com\/","name":"Newsletter Creator","description":"Pay off","potentialAction":[{"@type":"SearchAction","target":{"@type":"EntryPoint","urlTemplate":"https:\/\/www.newslettercreator.com\/?s={search_term_string}"},"query-input":{"@type":"PropertyValueSpecification","valueRequired":true,"valueName":"search_term_string"}}],"inLanguage":"es"}]}},"_links":{"self":[{"href":"https:\/\/www.newslettercreator.com\/es\/wp-json\/wp\/v2\/pages\/3493","targetHints":{"allow":["GET"]}}],"collection":[{"href":"https:\/\/www.newslettercreator.com\/es\/wp-json\/wp\/v2\/pages"}],"about":[{"href":"https:\/\/www.newslettercreator.com\/es\/wp-json\/wp\/v2\/types\/page"}],"author":[{"embeddable":true,"href":"https:\/\/www.newslettercreator.com\/es\/wp-json\/wp\/v2\/users\/1"}],"replies":[{"embeddable":true,"href":"https:\/\/www.newslettercreator.com\/es\/wp-json\/wp\/v2\/comments?post=3493"}],"version-history":[{"count":1,"href":"https:\/\/www.newslettercreator.com\/es\/wp-json\/wp\/v2\/pages\/3493\/revisions"}],"predecessor-version":[{"id":3494,"href":"https:\/\/www.newslettercreator.com\/es\/wp-json\/wp\/v2\/pages\/3493\/revisions\/3494"}],"wp:attachment":[{"href":"https:\/\/www.newslettercreator.com\/es\/wp-json\/wp\/v2\/media?parent=3493"}],"curies":[{"name":"wp","href":"https:\/\/api.w.org\/{rel}","templated":true}]}}