{"id":3495,"date":"2015-05-15T07:08:38","date_gmt":"2015-05-15T07:08:38","guid":{"rendered":"http:\/\/www.newslettercreator.com\/?page_id=3495"},"modified":"2015-05-15T07:08:38","modified_gmt":"2015-05-15T07:08:38","slug":"como-crear-el-mejor-mensaje-de-email-html","status":"publish","type":"page","link":"https:\/\/www.newslettercreator.com\/es\/como-crear-el-mejor-mensaje-de-email-html\/","title":{"rendered":"C\u00f3mo crear el mejor mensaje de email HTML"},"content":{"rendered":"<p><img decoding=\"async\" class=\"alignnone size-full wp-image-237\" src=\"http:\/\/www.newslettercreator.com\/wp-content\/uploads\/2014\/02\/email-newsletter-template-how-to.jpg\" alt=\"C\u00f3mo crear el mejor mensaje de email HTML\" width=\"649\" height=\"423\" srcset=\"https:\/\/www.newslettercreator.com\/wp-content\/uploads\/2014\/02\/email-newsletter-template-how-to.jpg 649w, https:\/\/www.newslettercreator.com\/wp-content\/uploads\/2014\/02\/email-newsletter-template-how-to-300x195.jpg 300w\" sizes=\"(max-width: 649px) 100vw, 649px\" \/><\/p>\n<p>Sin importar que diga la gente, los <strong>emails HTML<\/strong> a\u00fan constituyen una forma impresionante de mantener el contacto con sus clientes y promover su marca. Es por ello que es tan importante crear el <strong>mejor mensaje de email HTML<\/strong> para sus necesidades: una plantilla de newsletter personalizada, reconocible que garantice una experiencia de lectura perfecta en cualquier plataforma o cliente de email.<\/p>\n<p>Ahora para crear dicho email HTML usted obviamente necesita conocimientos de programaci\u00f3n: y en particular, c\u00f3mo escribir c\u00f3digo para este tipo de objeto digital. Y esto puede ser muy dif\u00edcil. De hecho, el <strong>HTML para newsletters<\/strong> es bastante diferente en comparaci\u00f3n con el dise\u00f1o web normal. Por ejemplo, se recomienda mantener el c\u00f3digo tan simple como sea posible y utilizar s\u00f3lo CSS inline; para estructurar su contenido con tablas (si, tablas) y evitar cualquier etiqueta <\/p>\n<div> posicionada (Gmail las remueve); etc.<\/p>\n<p>Afortunadamente existe una soluci\u00f3n m\u00e1s f\u00e1cil tanto para expertos en dise\u00f1o web como principiantes: MailStyler. Nuestro <strong>creador de newsletters WYSIWYG<\/strong> le permitir\u00e1 crear emails HTML sin escribir c\u00f3digo: proveemos una amplia gama de bloques y elementos predise\u00f1ados (cajas de contenido, pies, cabeceras, con estilos diferentes), y todo lo que usted necesita hacer es elegir los que desee y <strong>arrastrarlos y soltarlos<\/strong>. De esta forma construir\u00e1 su propio newsletter paso a paso: y una vez finalizado, podr\u00e1 exportarlo y utilizarlo en su cliente de email favorito.<\/p>\n<p>Adem\u00e1s \u2013 y esta es la mejor parte \u2013 ya que todos estos bloques predise\u00f1ados han sido creados en perfecto HTML, el resultado final siempre ser\u00e1 un <strong>newsletter con c\u00f3digo perfecto<\/strong>. Esto significa que el email se ver\u00e1 bien sin importar en d\u00f3nde es abierto: ya sea un servicio de webmail tal como Gmail o Hotmail, un cliente tal como Thunderbird o Outlook, o su aplicaci\u00f3n favorita de tablet o smartphone.<\/p>\n<p>&nbsp;<\/p>\n<p style=\"text-align: center;\"><a class=\"button large orange\" style=\"margin-top: 20px; width: 177px; margin-right: 30px;\" title=\"Descarga Demo\" href=\"http:\/\/www.newslettercreator.com\/es\/version-gratis\/\" target=\"_self\">DESCARGA DEMO<\/a><a class=\"button large darkgray\" style=\"margin-top: 20px; width: 182px;\" title=\"Comprar Mailstyler Pro\" href=\"http:\/\/www.newslettercreator.com\/es\/precios\/\" target=\"_self\">COMPRAR MAILSTYLER PRO<\/a><\/p>\n<p style=\"text-align: center; font-size: 11px; margin-bottom: 30px;\">Ultima versi\u00f3n: 2.24.01.17 | Fecha de lanzamiento: 17\/01\/2024 | Tama\u00f1o: 114.9 MB<br \/>\n<a href=\"http:\/\/www.newslettercreator.com\/license-agreement\/\" target=\"_blank\">Acuerdo de licencia<\/a> | <a href=\"http:\/\/www.newslettercreator.com\/how-to-uninstall\/\" target=\"_blank\">C\u00f3mo desinstalar<\/a><\/p>\n","protected":false},"excerpt":{"rendered":"<p>Sin importar que diga la gente, los emails HTML a\u00fan constituyen una forma impresionante de mantener el contacto con sus clientes y promover su marca. Es por ello que es tan importante crear el mejor mensaje de email HTML para sus necesidades: una plantilla de newsletter personalizada, reconocible que garantice una experiencia de lectura perfecta [&hellip;]<\/p>\n","protected":false},"author":1,"featured_media":0,"parent":0,"menu_order":0,"comment_status":"closed","ping_status":"closed","template":"g1_template_page_sidebar_right.php","meta":{"inline_featured_image":false,"_monsterinsights_skip_tracking":false,"_monsterinsights_sitenote_active":false,"_monsterinsights_sitenote_note":"","_monsterinsights_sitenote_category":0,"footnotes":""},"class_list":["post-3495","page","type-page","status-publish"],"yoast_head":"<!-- This site is optimized with the Yoast SEO plugin v25.2 - https:\/\/yoast.com\/wordpress\/plugins\/seo\/ -->\n<title>C\u00f3mo crear el mejor mensaje de email HTML - Newsletter Creator<\/title>\n<meta name=\"robots\" content=\"index, follow, max-snippet:-1, max-image-preview:large, max-video-preview:-1\" \/>\n<link rel=\"canonical\" href=\"https:\/\/www.newslettercreator.com\/es\/como-crear-el-mejor-mensaje-de-email-html\/\" \/>\n<meta property=\"og:locale\" content=\"es_ES\" \/>\n<meta property=\"og:type\" content=\"article\" \/>\n<meta property=\"og:title\" content=\"C\u00f3mo crear el mejor mensaje de email HTML - Newsletter Creator\" \/>\n<meta property=\"og:description\" content=\"Sin importar que diga la gente, los emails HTML a\u00fan constituyen una forma impresionante de mantener el contacto con sus clientes y promover su marca. Es por ello que es tan importante crear el mejor mensaje de email HTML para sus necesidades: una plantilla de newsletter personalizada, reconocible que garantice una experiencia de lectura perfecta [&hellip;]\" \/>\n<meta property=\"og:url\" content=\"https:\/\/www.newslettercreator.com\/es\/como-crear-el-mejor-mensaje-de-email-html\/\" \/>\n<meta property=\"og:site_name\" content=\"Newsletter Creator\" \/>\n<meta property=\"og:image\" content=\"http:\/\/www.newslettercreator.com\/wp-content\/uploads\/2014\/02\/email-newsletter-template-how-to.jpg\" \/>\n<meta name=\"twitter:label1\" content=\"Tiempo de lectura\" \/>\n\t<meta name=\"twitter:data1\" content=\"2 minutos\" \/>\n<script type=\"application\/ld+json\" class=\"yoast-schema-graph\">{\"@context\":\"https:\/\/schema.org\",\"@graph\":[{\"@type\":\"WebPage\",\"@id\":\"https:\/\/www.newslettercreator.com\/es\/como-crear-el-mejor-mensaje-de-email-html\/\",\"url\":\"https:\/\/www.newslettercreator.com\/es\/como-crear-el-mejor-mensaje-de-email-html\/\",\"name\":\"C\u00f3mo crear el mejor mensaje de email HTML - Newsletter Creator\",\"isPartOf\":{\"@id\":\"https:\/\/www.newslettercreator.com\/#website\"},\"primaryImageOfPage\":{\"@id\":\"https:\/\/www.newslettercreator.com\/es\/como-crear-el-mejor-mensaje-de-email-html\/#primaryimage\"},\"image\":{\"@id\":\"https:\/\/www.newslettercreator.com\/es\/como-crear-el-mejor-mensaje-de-email-html\/#primaryimage\"},\"thumbnailUrl\":\"http:\/\/www.newslettercreator.com\/wp-content\/uploads\/2014\/02\/email-newsletter-template-how-to.jpg\",\"datePublished\":\"2015-05-15T07:08:38+00:00\",\"breadcrumb\":{\"@id\":\"https:\/\/www.newslettercreator.com\/es\/como-crear-el-mejor-mensaje-de-email-html\/#breadcrumb\"},\"inLanguage\":\"es\",\"potentialAction\":[{\"@type\":\"ReadAction\",\"target\":[\"https:\/\/www.newslettercreator.com\/es\/como-crear-el-mejor-mensaje-de-email-html\/\"]}]},{\"@type\":\"ImageObject\",\"inLanguage\":\"es\",\"@id\":\"https:\/\/www.newslettercreator.com\/es\/como-crear-el-mejor-mensaje-de-email-html\/#primaryimage\",\"url\":\"http:\/\/www.newslettercreator.com\/wp-content\/uploads\/2014\/02\/email-newsletter-template-how-to.jpg\",\"contentUrl\":\"http:\/\/www.newslettercreator.com\/wp-content\/uploads\/2014\/02\/email-newsletter-template-how-to.jpg\"},{\"@type\":\"BreadcrumbList\",\"@id\":\"https:\/\/www.newslettercreator.com\/es\/como-crear-el-mejor-mensaje-de-email-html\/#breadcrumb\",\"itemListElement\":[{\"@type\":\"ListItem\",\"position\":1,\"name\":\"Home\",\"item\":\"https:\/\/www.newslettercreator.com\/es\/\"},{\"@type\":\"ListItem\",\"position\":2,\"name\":\"C\u00f3mo crear el mejor mensaje de email HTML\"}]},{\"@type\":\"WebSite\",\"@id\":\"https:\/\/www.newslettercreator.com\/#website\",\"url\":\"https:\/\/www.newslettercreator.com\/\",\"name\":\"Newsletter Creator\",\"description\":\"Pay off\",\"potentialAction\":[{\"@type\":\"SearchAction\",\"target\":{\"@type\":\"EntryPoint\",\"urlTemplate\":\"https:\/\/www.newslettercreator.com\/?s={search_term_string}\"},\"query-input\":{\"@type\":\"PropertyValueSpecification\",\"valueRequired\":true,\"valueName\":\"search_term_string\"}}],\"inLanguage\":\"es\"}]}<\/script>\n<!-- \/ Yoast SEO plugin. -->","yoast_head_json":{"title":"C\u00f3mo crear el mejor mensaje de email HTML - Newsletter Creator","robots":{"index":"index","follow":"follow","max-snippet":"max-snippet:-1","max-image-preview":"max-image-preview:large","max-video-preview":"max-video-preview:-1"},"canonical":"https:\/\/www.newslettercreator.com\/es\/como-crear-el-mejor-mensaje-de-email-html\/","og_locale":"es_ES","og_type":"article","og_title":"C\u00f3mo crear el mejor mensaje de email HTML - Newsletter Creator","og_description":"Sin importar que diga la gente, los emails HTML a\u00fan constituyen una forma impresionante de mantener el contacto con sus clientes y promover su marca. Es por ello que es tan importante crear el mejor mensaje de email HTML para sus necesidades: una plantilla de newsletter personalizada, reconocible que garantice una experiencia de lectura perfecta [&hellip;]","og_url":"https:\/\/www.newslettercreator.com\/es\/como-crear-el-mejor-mensaje-de-email-html\/","og_site_name":"Newsletter Creator","og_image":[{"url":"http:\/\/www.newslettercreator.com\/wp-content\/uploads\/2014\/02\/email-newsletter-template-how-to.jpg","type":"","width":"","height":""}],"twitter_misc":{"Tiempo de lectura":"2 minutos"},"schema":{"@context":"https:\/\/schema.org","@graph":[{"@type":"WebPage","@id":"https:\/\/www.newslettercreator.com\/es\/como-crear-el-mejor-mensaje-de-email-html\/","url":"https:\/\/www.newslettercreator.com\/es\/como-crear-el-mejor-mensaje-de-email-html\/","name":"C\u00f3mo crear el mejor mensaje de email HTML - Newsletter Creator","isPartOf":{"@id":"https:\/\/www.newslettercreator.com\/#website"},"primaryImageOfPage":{"@id":"https:\/\/www.newslettercreator.com\/es\/como-crear-el-mejor-mensaje-de-email-html\/#primaryimage"},"image":{"@id":"https:\/\/www.newslettercreator.com\/es\/como-crear-el-mejor-mensaje-de-email-html\/#primaryimage"},"thumbnailUrl":"http:\/\/www.newslettercreator.com\/wp-content\/uploads\/2014\/02\/email-newsletter-template-how-to.jpg","datePublished":"2015-05-15T07:08:38+00:00","breadcrumb":{"@id":"https:\/\/www.newslettercreator.com\/es\/como-crear-el-mejor-mensaje-de-email-html\/#breadcrumb"},"inLanguage":"es","potentialAction":[{"@type":"ReadAction","target":["https:\/\/www.newslettercreator.com\/es\/como-crear-el-mejor-mensaje-de-email-html\/"]}]},{"@type":"ImageObject","inLanguage":"es","@id":"https:\/\/www.newslettercreator.com\/es\/como-crear-el-mejor-mensaje-de-email-html\/#primaryimage","url":"http:\/\/www.newslettercreator.com\/wp-content\/uploads\/2014\/02\/email-newsletter-template-how-to.jpg","contentUrl":"http:\/\/www.newslettercreator.com\/wp-content\/uploads\/2014\/02\/email-newsletter-template-how-to.jpg"},{"@type":"BreadcrumbList","@id":"https:\/\/www.newslettercreator.com\/es\/como-crear-el-mejor-mensaje-de-email-html\/#breadcrumb","itemListElement":[{"@type":"ListItem","position":1,"name":"Home","item":"https:\/\/www.newslettercreator.com\/es\/"},{"@type":"ListItem","position":2,"name":"C\u00f3mo crear el mejor mensaje de email HTML"}]},{"@type":"WebSite","@id":"https:\/\/www.newslettercreator.com\/#website","url":"https:\/\/www.newslettercreator.com\/","name":"Newsletter Creator","description":"Pay off","potentialAction":[{"@type":"SearchAction","target":{"@type":"EntryPoint","urlTemplate":"https:\/\/www.newslettercreator.com\/?s={search_term_string}"},"query-input":{"@type":"PropertyValueSpecification","valueRequired":true,"valueName":"search_term_string"}}],"inLanguage":"es"}]}},"_links":{"self":[{"href":"https:\/\/www.newslettercreator.com\/es\/wp-json\/wp\/v2\/pages\/3495","targetHints":{"allow":["GET"]}}],"collection":[{"href":"https:\/\/www.newslettercreator.com\/es\/wp-json\/wp\/v2\/pages"}],"about":[{"href":"https:\/\/www.newslettercreator.com\/es\/wp-json\/wp\/v2\/types\/page"}],"author":[{"embeddable":true,"href":"https:\/\/www.newslettercreator.com\/es\/wp-json\/wp\/v2\/users\/1"}],"replies":[{"embeddable":true,"href":"https:\/\/www.newslettercreator.com\/es\/wp-json\/wp\/v2\/comments?post=3495"}],"version-history":[{"count":1,"href":"https:\/\/www.newslettercreator.com\/es\/wp-json\/wp\/v2\/pages\/3495\/revisions"}],"predecessor-version":[{"id":3496,"href":"https:\/\/www.newslettercreator.com\/es\/wp-json\/wp\/v2\/pages\/3495\/revisions\/3496"}],"wp:attachment":[{"href":"https:\/\/www.newslettercreator.com\/es\/wp-json\/wp\/v2\/media?parent=3495"}],"curies":[{"name":"wp","href":"https:\/\/api.w.org\/{rel}","templated":true}]}}