{"id":3500,"date":"2015-05-15T07:23:31","date_gmt":"2015-05-15T07:23:31","guid":{"rendered":"http:\/\/www.newslettercreator.com\/?page_id=3500"},"modified":"2021-05-07T08:43:03","modified_gmt":"2021-05-07T06:43:03","slug":"como-crear-una-plantilla-de-email-para-thunderbird","status":"publish","type":"page","link":"https:\/\/www.newslettercreator.com\/es\/como-crear-una-plantilla-de-email-para-thunderbird\/","title":{"rendered":"C\u00f3mo crear una plantilla de email para Thunderbird"},"content":{"rendered":"<p><img decoding=\"async\" class=\"alignnone size-full wp-image-237\" src=\"http:\/\/www.newslettercreator.com\/wp-content\/uploads\/2014\/06\/email-template-thunderbird.jpg\" alt=\"C\u00f3mo crear una plantilla de email para Thunderbird\" width=\"649\" height=\"423\" \/><\/p>\n<p>Es bastante f\u00e1cil crear una <strong>plantilla de email<\/strong> para mensajes recurrentes en <strong>Mozilla Thunderbird<\/strong>: usted simplemente necesita redactarlo y guardarlo en la carpeta de Plantillas, en donde se encontrar\u00e1 listo para ser reutilizado y formateado como lo desee con el nuevo contenido.<\/p>\n<p>Esta es una pr\u00e1ctica com\u00fan para ahorrar tiempo: desafortunadamente, Thunderbird es <strong>extremadamente limitado<\/strong> como editor de plantillas (lo cual es l\u00f3gico, siendo principalmente un cliente de email). Esto es un problema especialmente cuando se refiere a <strong>newsletters<\/strong> y otros emails <strong>HTML<\/strong>: construirlos directamente en Thunderbird puede llevar a resultados pobres.<\/p>\n<p>Por ello si usted desea lograr un newsletter m\u00e1s elegante (y efectivo), debe optar por un <strong>constructor de emails profesional<\/strong> tal como MailStyler, y luego importar y enviar con Thunderbird.<\/p>\n<p>De hecho, MailStyler <strong>facilita en forma incre\u00edble<\/strong> la creaci\u00f3n de plantillas de email s\u00f3lidas: usted selecciona bloques (cajas de texto, cajas de im\u00e1genes, columnas, pies, etc.) entre una amplia gama de elementos predise\u00f1ados y simplemente <strong>arrastra y suelta<\/strong> los mismos en la p\u00e1gina. De esta forma, gracias a nuestro editor WYSIWYG, podr\u00e1 construir sus newsletters paso a paso \u2013 <strong>sin necesidad de escribir c\u00f3digo<\/strong>.<\/p>\n<p>El resultado final? Una <strong>plantilla 100% compatible<\/strong> que funcionar\u00e1 perfectamente en Mozilla Thunderbird, mejorando su comunicaci\u00f3n y su imagen.<\/p>\n<p>&nbsp;<\/p>\n<p style=\"text-align: center;\"><a class=\"button large orange\" style=\"margin-top: 20px; width: 177px; margin-right: 30px;\" title=\"Descarga Demo\" href=\"http:\/\/www.newslettercreator.com\/es\/version-gratis\/\" target=\"_self\" rel=\"noopener noreferrer\">DESCARGA DEMO<\/a><a class=\"button large darkgray\" style=\"margin-top: 20px; width: 182px;\" title=\"Comprar Mailstyler Pro\" href=\"http:\/\/www.newslettercreator.com\/es\/precios\/\" target=\"_self\" rel=\"noopener noreferrer\">COMPRAR MAILSTYLER PRO<\/a><\/p>\n<p style=\"text-align: center; font-size: 11px; margin-bottom: 30px;\">Ultima versi\u00f3n: 2.24.01.17 | Fecha de lanzamiento: 17\/01\/2024 | Tama\u00f1o: 114.9 MB<br \/>\n<a href=\"http:\/\/www.newslettercreator.com\/license-agreement\/\" target=\"_blank\" rel=\"noopener noreferrer\">Acuerdo de licencia<\/a> | <a href=\"http:\/\/www.newslettercreator.com\/how-to-uninstall\/\" target=\"_blank\" rel=\"noopener noreferrer\">C\u00f3mo desinstalar<\/a><\/p>\n","protected":false},"excerpt":{"rendered":"<p>Es bastante f\u00e1cil crear una plantilla de email para mensajes recurrentes en Mozilla Thunderbird: usted simplemente necesita redactarlo y guardarlo en la carpeta de Plantillas, en donde se encontrar\u00e1 listo para ser reutilizado y formateado como lo desee con el nuevo contenido. Esta es una pr\u00e1ctica com\u00fan para ahorrar tiempo: desafortunadamente, Thunderbird es extremadamente limitado [&hellip;]<\/p>\n","protected":false},"author":1,"featured_media":0,"parent":0,"menu_order":0,"comment_status":"closed","ping_status":"closed","template":"g1_template_page_sidebar_right.php","meta":{"inline_featured_image":false,"_monsterinsights_skip_tracking":false,"_monsterinsights_sitenote_active":false,"_monsterinsights_sitenote_note":"","_monsterinsights_sitenote_category":0,"footnotes":""},"class_list":["post-3500","page","type-page","status-publish"],"yoast_head":"<!-- This site is optimized with the Yoast SEO plugin v25.2 - https:\/\/yoast.com\/wordpress\/plugins\/seo\/ -->\n<title>C\u00f3mo crear una plantilla de email para Thunderbird - Newsletter Creator<\/title>\n<meta name=\"description\" content=\"Thunderbird es extremadamente limitado como editor de plantillas. Por ello debe optar por un constructor de emails profesional tal como MailStyler.\" \/>\n<meta name=\"robots\" content=\"index, follow, max-snippet:-1, max-image-preview:large, max-video-preview:-1\" \/>\n<link rel=\"canonical\" href=\"https:\/\/www.newslettercreator.com\/es\/como-crear-una-plantilla-de-email-para-thunderbird\/\" \/>\n<meta property=\"og:locale\" content=\"es_ES\" \/>\n<meta property=\"og:type\" content=\"article\" \/>\n<meta property=\"og:title\" content=\"C\u00f3mo crear una plantilla de email para Thunderbird - Newsletter Creator\" \/>\n<meta property=\"og:description\" content=\"Thunderbird es extremadamente limitado como editor de plantillas. Por ello debe optar por un constructor de emails profesional tal como MailStyler.\" \/>\n<meta property=\"og:url\" content=\"https:\/\/www.newslettercreator.com\/es\/como-crear-una-plantilla-de-email-para-thunderbird\/\" \/>\n<meta property=\"og:site_name\" content=\"Newsletter Creator\" \/>\n<meta property=\"article:modified_time\" content=\"2021-05-07T06:43:03+00:00\" \/>\n<meta property=\"og:image\" content=\"http:\/\/www.newslettercreator.com\/wp-content\/uploads\/2014\/06\/email-template-thunderbird.jpg\" \/>\n<meta name=\"twitter:label1\" content=\"Tiempo de lectura\" \/>\n\t<meta name=\"twitter:data1\" content=\"1 minuto\" \/>\n<script type=\"application\/ld+json\" class=\"yoast-schema-graph\">{\"@context\":\"https:\/\/schema.org\",\"@graph\":[{\"@type\":\"WebPage\",\"@id\":\"https:\/\/www.newslettercreator.com\/es\/como-crear-una-plantilla-de-email-para-thunderbird\/\",\"url\":\"https:\/\/www.newslettercreator.com\/es\/como-crear-una-plantilla-de-email-para-thunderbird\/\",\"name\":\"C\u00f3mo crear una plantilla de email para Thunderbird - Newsletter Creator\",\"isPartOf\":{\"@id\":\"https:\/\/www.newslettercreator.com\/#website\"},\"primaryImageOfPage\":{\"@id\":\"https:\/\/www.newslettercreator.com\/es\/como-crear-una-plantilla-de-email-para-thunderbird\/#primaryimage\"},\"image\":{\"@id\":\"https:\/\/www.newslettercreator.com\/es\/como-crear-una-plantilla-de-email-para-thunderbird\/#primaryimage\"},\"thumbnailUrl\":\"http:\/\/www.newslettercreator.com\/wp-content\/uploads\/2014\/06\/email-template-thunderbird.jpg\",\"datePublished\":\"2015-05-15T07:23:31+00:00\",\"dateModified\":\"2021-05-07T06:43:03+00:00\",\"description\":\"Thunderbird es extremadamente limitado como editor de plantillas. Por ello debe optar por un constructor de emails profesional tal como MailStyler.\",\"breadcrumb\":{\"@id\":\"https:\/\/www.newslettercreator.com\/es\/como-crear-una-plantilla-de-email-para-thunderbird\/#breadcrumb\"},\"inLanguage\":\"es\",\"potentialAction\":[{\"@type\":\"ReadAction\",\"target\":[\"https:\/\/www.newslettercreator.com\/es\/como-crear-una-plantilla-de-email-para-thunderbird\/\"]}]},{\"@type\":\"ImageObject\",\"inLanguage\":\"es\",\"@id\":\"https:\/\/www.newslettercreator.com\/es\/como-crear-una-plantilla-de-email-para-thunderbird\/#primaryimage\",\"url\":\"http:\/\/www.newslettercreator.com\/wp-content\/uploads\/2014\/06\/email-template-thunderbird.jpg\",\"contentUrl\":\"http:\/\/www.newslettercreator.com\/wp-content\/uploads\/2014\/06\/email-template-thunderbird.jpg\"},{\"@type\":\"BreadcrumbList\",\"@id\":\"https:\/\/www.newslettercreator.com\/es\/como-crear-una-plantilla-de-email-para-thunderbird\/#breadcrumb\",\"itemListElement\":[{\"@type\":\"ListItem\",\"position\":1,\"name\":\"Home\",\"item\":\"https:\/\/www.newslettercreator.com\/es\/\"},{\"@type\":\"ListItem\",\"position\":2,\"name\":\"C\u00f3mo crear una plantilla de email para Thunderbird\"}]},{\"@type\":\"WebSite\",\"@id\":\"https:\/\/www.newslettercreator.com\/#website\",\"url\":\"https:\/\/www.newslettercreator.com\/\",\"name\":\"Newsletter Creator\",\"description\":\"Pay off\",\"potentialAction\":[{\"@type\":\"SearchAction\",\"target\":{\"@type\":\"EntryPoint\",\"urlTemplate\":\"https:\/\/www.newslettercreator.com\/?s={search_term_string}\"},\"query-input\":{\"@type\":\"PropertyValueSpecification\",\"valueRequired\":true,\"valueName\":\"search_term_string\"}}],\"inLanguage\":\"es\"}]}<\/script>\n<!-- \/ Yoast SEO plugin. -->","yoast_head_json":{"title":"C\u00f3mo crear una plantilla de email para Thunderbird - Newsletter Creator","description":"Thunderbird es extremadamente limitado como editor de plantillas. Por ello debe optar por un constructor de emails profesional tal como MailStyler.","robots":{"index":"index","follow":"follow","max-snippet":"max-snippet:-1","max-image-preview":"max-image-preview:large","max-video-preview":"max-video-preview:-1"},"canonical":"https:\/\/www.newslettercreator.com\/es\/como-crear-una-plantilla-de-email-para-thunderbird\/","og_locale":"es_ES","og_type":"article","og_title":"C\u00f3mo crear una plantilla de email para Thunderbird - Newsletter Creator","og_description":"Thunderbird es extremadamente limitado como editor de plantillas. Por ello debe optar por un constructor de emails profesional tal como MailStyler.","og_url":"https:\/\/www.newslettercreator.com\/es\/como-crear-una-plantilla-de-email-para-thunderbird\/","og_site_name":"Newsletter Creator","article_modified_time":"2021-05-07T06:43:03+00:00","og_image":[{"url":"http:\/\/www.newslettercreator.com\/wp-content\/uploads\/2014\/06\/email-template-thunderbird.jpg","type":"","width":"","height":""}],"twitter_misc":{"Tiempo de lectura":"1 minuto"},"schema":{"@context":"https:\/\/schema.org","@graph":[{"@type":"WebPage","@id":"https:\/\/www.newslettercreator.com\/es\/como-crear-una-plantilla-de-email-para-thunderbird\/","url":"https:\/\/www.newslettercreator.com\/es\/como-crear-una-plantilla-de-email-para-thunderbird\/","name":"C\u00f3mo crear una plantilla de email para Thunderbird - Newsletter Creator","isPartOf":{"@id":"https:\/\/www.newslettercreator.com\/#website"},"primaryImageOfPage":{"@id":"https:\/\/www.newslettercreator.com\/es\/como-crear-una-plantilla-de-email-para-thunderbird\/#primaryimage"},"image":{"@id":"https:\/\/www.newslettercreator.com\/es\/como-crear-una-plantilla-de-email-para-thunderbird\/#primaryimage"},"thumbnailUrl":"http:\/\/www.newslettercreator.com\/wp-content\/uploads\/2014\/06\/email-template-thunderbird.jpg","datePublished":"2015-05-15T07:23:31+00:00","dateModified":"2021-05-07T06:43:03+00:00","description":"Thunderbird es extremadamente limitado como editor de plantillas. Por ello debe optar por un constructor de emails profesional tal como MailStyler.","breadcrumb":{"@id":"https:\/\/www.newslettercreator.com\/es\/como-crear-una-plantilla-de-email-para-thunderbird\/#breadcrumb"},"inLanguage":"es","potentialAction":[{"@type":"ReadAction","target":["https:\/\/www.newslettercreator.com\/es\/como-crear-una-plantilla-de-email-para-thunderbird\/"]}]},{"@type":"ImageObject","inLanguage":"es","@id":"https:\/\/www.newslettercreator.com\/es\/como-crear-una-plantilla-de-email-para-thunderbird\/#primaryimage","url":"http:\/\/www.newslettercreator.com\/wp-content\/uploads\/2014\/06\/email-template-thunderbird.jpg","contentUrl":"http:\/\/www.newslettercreator.com\/wp-content\/uploads\/2014\/06\/email-template-thunderbird.jpg"},{"@type":"BreadcrumbList","@id":"https:\/\/www.newslettercreator.com\/es\/como-crear-una-plantilla-de-email-para-thunderbird\/#breadcrumb","itemListElement":[{"@type":"ListItem","position":1,"name":"Home","item":"https:\/\/www.newslettercreator.com\/es\/"},{"@type":"ListItem","position":2,"name":"C\u00f3mo crear una plantilla de email para Thunderbird"}]},{"@type":"WebSite","@id":"https:\/\/www.newslettercreator.com\/#website","url":"https:\/\/www.newslettercreator.com\/","name":"Newsletter Creator","description":"Pay off","potentialAction":[{"@type":"SearchAction","target":{"@type":"EntryPoint","urlTemplate":"https:\/\/www.newslettercreator.com\/?s={search_term_string}"},"query-input":{"@type":"PropertyValueSpecification","valueRequired":true,"valueName":"search_term_string"}}],"inLanguage":"es"}]}},"_links":{"self":[{"href":"https:\/\/www.newslettercreator.com\/es\/wp-json\/wp\/v2\/pages\/3500","targetHints":{"allow":["GET"]}}],"collection":[{"href":"https:\/\/www.newslettercreator.com\/es\/wp-json\/wp\/v2\/pages"}],"about":[{"href":"https:\/\/www.newslettercreator.com\/es\/wp-json\/wp\/v2\/types\/page"}],"author":[{"embeddable":true,"href":"https:\/\/www.newslettercreator.com\/es\/wp-json\/wp\/v2\/users\/1"}],"replies":[{"embeddable":true,"href":"https:\/\/www.newslettercreator.com\/es\/wp-json\/wp\/v2\/comments?post=3500"}],"version-history":[{"count":3,"href":"https:\/\/www.newslettercreator.com\/es\/wp-json\/wp\/v2\/pages\/3500\/revisions"}],"predecessor-version":[{"id":10086,"href":"https:\/\/www.newslettercreator.com\/es\/wp-json\/wp\/v2\/pages\/3500\/revisions\/10086"}],"wp:attachment":[{"href":"https:\/\/www.newslettercreator.com\/es\/wp-json\/wp\/v2\/media?parent=3500"}],"curies":[{"name":"wp","href":"https:\/\/api.w.org\/{rel}","templated":true}]}}