{"id":3506,"date":"2015-05-15T07:53:53","date_gmt":"2015-05-15T07:53:53","guid":{"rendered":"http:\/\/www.newslettercreator.com\/?page_id=3506"},"modified":"2015-05-15T07:53:53","modified_gmt":"2015-05-15T07:53:53","slug":"por-que-tener-un-editor-de-newsletter-dedicado","status":"publish","type":"page","link":"https:\/\/www.newslettercreator.com\/es\/por-que-tener-un-editor-de-newsletter-dedicado\/","title":{"rendered":"Por qu\u00e9 tener un editor de newsletter dedicado"},"content":{"rendered":"<p><img decoding=\"async\" class=\"alignnone size-full wp-image-237\" src=\"http:\/\/www.newslettercreator.com\/wp-content\/uploads\/2014\/03\/newsletter-editor.jpg\" alt=\"Por qu\u00e9 tener un editor de newsletter dedicado\" width=\"649\" height=\"423\" \/><\/p>\n<p>Es esencial obtener un <strong>editor de newsletter dedicado<\/strong> para su campa\u00f1a de email si desea obtener resultados realmente profesionales. <\/p>\n<p>Desafortunadamente, muchos profesionales del marketing a\u00fan intentan generar sus propios newsletters utilizando editores gen\u00e9ricos tales como Microsoft Word o Publisher, o los redactan directamente dentro de un cliente de email. Esto puede ser peligroso y afectar la <strong>legibilidad<\/strong> en diferentes clientes de email, y la <strong>capacidad de entrega<\/strong>, debido a que el c\u00f3digo resultante dif\u00edcilmente se encuentre correctamente escrito. Sin mencionar las<strong> posibilidades de dise\u00f1o limitadas<\/strong> ofrecidas por este tipo de programas.<\/p>\n<p>En su lugar, un editor de newsletters apropiado tal como MailStyler le permitir\u00e1 un proceso de creaci\u00f3n de email <strong>f\u00e1cil y efectivo<\/strong>. C\u00f3mo?<\/p>\n<p>En primer lugar, MailStyler ofrece una amplia gama de <strong>elementos HTML predise\u00f1ados<\/strong>, todo lo que usted necesita para construir su propia plantilla: cajas de texto e im\u00e1genes (con diferentes cantidades de columnas), botones, pies, cabeceras, etc. Usted podr\u00e1 importar, ajustar y recortar im\u00e1genes y <strong>personalizar estilos y colores<\/strong>. Todo lo que usted pueda imaginar para lograr un dise\u00f1o verdaderamente propio se encuentra a su alcance.<\/p>\n<p>Segundo, MailStyler es <strong>incre\u00edblemente simple<\/strong>: no requiere conocimientos de programaci\u00f3n; usted simplemente debe arrastrar y soltar los elementos que necesita para construir su newsletter con libertad en una p\u00e1gina WYSIWIG.<\/p>\n<p>Y tercero, nuestro editor de newsletter garantiza <strong>salida 100% compatible<\/strong>. Esto significa que cualquier plantilla creada se mostrar\u00e1 perfectamente en los principales clientes de email y servicios de webmail: por ello no necesita realizar pruebas.<\/p>\n<p>Se sorprender\u00e1 con la facilidad de uso. <a href=\"http:\/\/www.newslettercreator.com\/es\/version-gratis\/\" title=\"Pruebe MailStyler ahora\"><strong>Pruebe MailStyler ahora<\/strong><\/a>.<\/p>\n<p>&nbsp;<\/p>\n<p style=\"text-align: center;\"><a class=\"button large orange\" style=\"margin-top: 20px; width: 177px; margin-right: 30px;\" title=\"Descarga Demo\" href=\"http:\/\/www.newslettercreator.com\/es\/version-gratis\/\" target=\"_self\">DESCARGA DEMO<\/a><a class=\"button large darkgray\" style=\"margin-top: 20px; width: 182px;\" title=\"Comprar Mailstyler Pro\" href=\"http:\/\/www.newslettercreator.com\/es\/precios\/\" target=\"_self\">COMPRAR MAILSTYLER PRO<\/a><\/p>\n<p style=\"text-align: center; font-size: 11px; margin-bottom: 30px;\">Ultima versi\u00f3n: 2.24.01.17 | Fecha de lanzamiento: 17\/01\/2024 | Tama\u00f1o: 114.9 MB<br \/>\n<a href=\"http:\/\/www.newslettercreator.com\/license-agreement\/\" target=\"_blank\">Acuerdo de licencia<\/a> | <a href=\"http:\/\/www.newslettercreator.com\/how-to-uninstall\/\" target=\"_blank\">C\u00f3mo desinstalar<\/a><\/p>\n","protected":false},"excerpt":{"rendered":"<p>Es esencial obtener un editor de newsletter dedicado para su campa\u00f1a de email si desea obtener resultados realmente profesionales. Desafortunadamente, muchos profesionales del marketing a\u00fan intentan generar sus propios newsletters utilizando editores gen\u00e9ricos tales como Microsoft Word o Publisher, o los redactan directamente dentro de un cliente de email. Esto puede ser peligroso y afectar [&hellip;]<\/p>\n","protected":false},"author":1,"featured_media":0,"parent":0,"menu_order":0,"comment_status":"closed","ping_status":"closed","template":"g1_template_page_sidebar_right.php","meta":{"inline_featured_image":false,"_monsterinsights_skip_tracking":false,"_monsterinsights_sitenote_active":false,"_monsterinsights_sitenote_note":"","_monsterinsights_sitenote_category":0,"footnotes":""},"class_list":["post-3506","page","type-page","status-publish"],"yoast_head":"<!-- This site is optimized with the Yoast SEO plugin v25.2 - https:\/\/yoast.com\/wordpress\/plugins\/seo\/ -->\n<title>Por qu\u00e9 tener un editor de newsletter dedicado - Newsletter Creator<\/title>\n<meta name=\"robots\" content=\"index, follow, max-snippet:-1, max-image-preview:large, max-video-preview:-1\" \/>\n<link rel=\"canonical\" href=\"https:\/\/www.newslettercreator.com\/es\/por-que-tener-un-editor-de-newsletter-dedicado\/\" \/>\n<meta property=\"og:locale\" content=\"es_ES\" \/>\n<meta property=\"og:type\" content=\"article\" \/>\n<meta property=\"og:title\" content=\"Por qu\u00e9 tener un editor de newsletter dedicado - Newsletter Creator\" \/>\n<meta property=\"og:description\" content=\"Es esencial obtener un editor de newsletter dedicado para su campa\u00f1a de email si desea obtener resultados realmente profesionales. Desafortunadamente, muchos profesionales del marketing a\u00fan intentan generar sus propios newsletters utilizando editores gen\u00e9ricos tales como Microsoft Word o Publisher, o los redactan directamente dentro de un cliente de email. Esto puede ser peligroso y afectar [&hellip;]\" \/>\n<meta property=\"og:url\" content=\"https:\/\/www.newslettercreator.com\/es\/por-que-tener-un-editor-de-newsletter-dedicado\/\" \/>\n<meta property=\"og:site_name\" content=\"Newsletter Creator\" \/>\n<meta property=\"og:image\" content=\"http:\/\/www.newslettercreator.com\/wp-content\/uploads\/2014\/03\/newsletter-editor.jpg\" \/>\n<meta name=\"twitter:label1\" content=\"Tiempo de lectura\" \/>\n\t<meta name=\"twitter:data1\" content=\"1 minuto\" \/>\n<script type=\"application\/ld+json\" class=\"yoast-schema-graph\">{\"@context\":\"https:\/\/schema.org\",\"@graph\":[{\"@type\":\"WebPage\",\"@id\":\"https:\/\/www.newslettercreator.com\/es\/por-que-tener-un-editor-de-newsletter-dedicado\/\",\"url\":\"https:\/\/www.newslettercreator.com\/es\/por-que-tener-un-editor-de-newsletter-dedicado\/\",\"name\":\"Por qu\u00e9 tener un editor de newsletter dedicado - Newsletter Creator\",\"isPartOf\":{\"@id\":\"https:\/\/www.newslettercreator.com\/#website\"},\"primaryImageOfPage\":{\"@id\":\"https:\/\/www.newslettercreator.com\/es\/por-que-tener-un-editor-de-newsletter-dedicado\/#primaryimage\"},\"image\":{\"@id\":\"https:\/\/www.newslettercreator.com\/es\/por-que-tener-un-editor-de-newsletter-dedicado\/#primaryimage\"},\"thumbnailUrl\":\"http:\/\/www.newslettercreator.com\/wp-content\/uploads\/2014\/03\/newsletter-editor.jpg\",\"datePublished\":\"2015-05-15T07:53:53+00:00\",\"breadcrumb\":{\"@id\":\"https:\/\/www.newslettercreator.com\/es\/por-que-tener-un-editor-de-newsletter-dedicado\/#breadcrumb\"},\"inLanguage\":\"es\",\"potentialAction\":[{\"@type\":\"ReadAction\",\"target\":[\"https:\/\/www.newslettercreator.com\/es\/por-que-tener-un-editor-de-newsletter-dedicado\/\"]}]},{\"@type\":\"ImageObject\",\"inLanguage\":\"es\",\"@id\":\"https:\/\/www.newslettercreator.com\/es\/por-que-tener-un-editor-de-newsletter-dedicado\/#primaryimage\",\"url\":\"http:\/\/www.newslettercreator.com\/wp-content\/uploads\/2014\/03\/newsletter-editor.jpg\",\"contentUrl\":\"http:\/\/www.newslettercreator.com\/wp-content\/uploads\/2014\/03\/newsletter-editor.jpg\"},{\"@type\":\"BreadcrumbList\",\"@id\":\"https:\/\/www.newslettercreator.com\/es\/por-que-tener-un-editor-de-newsletter-dedicado\/#breadcrumb\",\"itemListElement\":[{\"@type\":\"ListItem\",\"position\":1,\"name\":\"Home\",\"item\":\"https:\/\/www.newslettercreator.com\/es\/\"},{\"@type\":\"ListItem\",\"position\":2,\"name\":\"Por qu\u00e9 tener un editor de newsletter dedicado\"}]},{\"@type\":\"WebSite\",\"@id\":\"https:\/\/www.newslettercreator.com\/#website\",\"url\":\"https:\/\/www.newslettercreator.com\/\",\"name\":\"Newsletter Creator\",\"description\":\"Pay off\",\"potentialAction\":[{\"@type\":\"SearchAction\",\"target\":{\"@type\":\"EntryPoint\",\"urlTemplate\":\"https:\/\/www.newslettercreator.com\/?s={search_term_string}\"},\"query-input\":{\"@type\":\"PropertyValueSpecification\",\"valueRequired\":true,\"valueName\":\"search_term_string\"}}],\"inLanguage\":\"es\"}]}<\/script>\n<!-- \/ Yoast SEO plugin. -->","yoast_head_json":{"title":"Por qu\u00e9 tener un editor de newsletter dedicado - Newsletter Creator","robots":{"index":"index","follow":"follow","max-snippet":"max-snippet:-1","max-image-preview":"max-image-preview:large","max-video-preview":"max-video-preview:-1"},"canonical":"https:\/\/www.newslettercreator.com\/es\/por-que-tener-un-editor-de-newsletter-dedicado\/","og_locale":"es_ES","og_type":"article","og_title":"Por qu\u00e9 tener un editor de newsletter dedicado - Newsletter Creator","og_description":"Es esencial obtener un editor de newsletter dedicado para su campa\u00f1a de email si desea obtener resultados realmente profesionales. Desafortunadamente, muchos profesionales del marketing a\u00fan intentan generar sus propios newsletters utilizando editores gen\u00e9ricos tales como Microsoft Word o Publisher, o los redactan directamente dentro de un cliente de email. Esto puede ser peligroso y afectar [&hellip;]","og_url":"https:\/\/www.newslettercreator.com\/es\/por-que-tener-un-editor-de-newsletter-dedicado\/","og_site_name":"Newsletter Creator","og_image":[{"url":"http:\/\/www.newslettercreator.com\/wp-content\/uploads\/2014\/03\/newsletter-editor.jpg","type":"","width":"","height":""}],"twitter_misc":{"Tiempo de lectura":"1 minuto"},"schema":{"@context":"https:\/\/schema.org","@graph":[{"@type":"WebPage","@id":"https:\/\/www.newslettercreator.com\/es\/por-que-tener-un-editor-de-newsletter-dedicado\/","url":"https:\/\/www.newslettercreator.com\/es\/por-que-tener-un-editor-de-newsletter-dedicado\/","name":"Por qu\u00e9 tener un editor de newsletter dedicado - Newsletter Creator","isPartOf":{"@id":"https:\/\/www.newslettercreator.com\/#website"},"primaryImageOfPage":{"@id":"https:\/\/www.newslettercreator.com\/es\/por-que-tener-un-editor-de-newsletter-dedicado\/#primaryimage"},"image":{"@id":"https:\/\/www.newslettercreator.com\/es\/por-que-tener-un-editor-de-newsletter-dedicado\/#primaryimage"},"thumbnailUrl":"http:\/\/www.newslettercreator.com\/wp-content\/uploads\/2014\/03\/newsletter-editor.jpg","datePublished":"2015-05-15T07:53:53+00:00","breadcrumb":{"@id":"https:\/\/www.newslettercreator.com\/es\/por-que-tener-un-editor-de-newsletter-dedicado\/#breadcrumb"},"inLanguage":"es","potentialAction":[{"@type":"ReadAction","target":["https:\/\/www.newslettercreator.com\/es\/por-que-tener-un-editor-de-newsletter-dedicado\/"]}]},{"@type":"ImageObject","inLanguage":"es","@id":"https:\/\/www.newslettercreator.com\/es\/por-que-tener-un-editor-de-newsletter-dedicado\/#primaryimage","url":"http:\/\/www.newslettercreator.com\/wp-content\/uploads\/2014\/03\/newsletter-editor.jpg","contentUrl":"http:\/\/www.newslettercreator.com\/wp-content\/uploads\/2014\/03\/newsletter-editor.jpg"},{"@type":"BreadcrumbList","@id":"https:\/\/www.newslettercreator.com\/es\/por-que-tener-un-editor-de-newsletter-dedicado\/#breadcrumb","itemListElement":[{"@type":"ListItem","position":1,"name":"Home","item":"https:\/\/www.newslettercreator.com\/es\/"},{"@type":"ListItem","position":2,"name":"Por qu\u00e9 tener un editor de newsletter dedicado"}]},{"@type":"WebSite","@id":"https:\/\/www.newslettercreator.com\/#website","url":"https:\/\/www.newslettercreator.com\/","name":"Newsletter Creator","description":"Pay off","potentialAction":[{"@type":"SearchAction","target":{"@type":"EntryPoint","urlTemplate":"https:\/\/www.newslettercreator.com\/?s={search_term_string}"},"query-input":{"@type":"PropertyValueSpecification","valueRequired":true,"valueName":"search_term_string"}}],"inLanguage":"es"}]}},"_links":{"self":[{"href":"https:\/\/www.newslettercreator.com\/es\/wp-json\/wp\/v2\/pages\/3506","targetHints":{"allow":["GET"]}}],"collection":[{"href":"https:\/\/www.newslettercreator.com\/es\/wp-json\/wp\/v2\/pages"}],"about":[{"href":"https:\/\/www.newslettercreator.com\/es\/wp-json\/wp\/v2\/types\/page"}],"author":[{"embeddable":true,"href":"https:\/\/www.newslettercreator.com\/es\/wp-json\/wp\/v2\/users\/1"}],"replies":[{"embeddable":true,"href":"https:\/\/www.newslettercreator.com\/es\/wp-json\/wp\/v2\/comments?post=3506"}],"version-history":[{"count":1,"href":"https:\/\/www.newslettercreator.com\/es\/wp-json\/wp\/v2\/pages\/3506\/revisions"}],"predecessor-version":[{"id":3507,"href":"https:\/\/www.newslettercreator.com\/es\/wp-json\/wp\/v2\/pages\/3506\/revisions\/3507"}],"wp:attachment":[{"href":"https:\/\/www.newslettercreator.com\/es\/wp-json\/wp\/v2\/media?parent=3506"}],"curies":[{"name":"wp","href":"https:\/\/api.w.org\/{rel}","templated":true}]}}