{"id":3517,"date":"2015-05-15T09:36:51","date_gmt":"2015-05-15T09:36:51","guid":{"rendered":"http:\/\/www.newslettercreator.com\/?page_id=3517"},"modified":"2015-05-15T09:39:02","modified_gmt":"2015-05-15T09:39:02","slug":"como-hacer-un-boletin-efectivo","status":"publish","type":"page","link":"https:\/\/www.newslettercreator.com\/es\/como-hacer-un-boletin-efectivo\/","title":{"rendered":"C\u00f3mo hacer un bolet\u00edn efectivo"},"content":{"rendered":"<p><img decoding=\"async\" class=\"alignnone size-full wp-image-237\" src=\"http:\/\/www.newslettercreator.com\/wp-content\/uploads\/2014\/02\/email-newsletter-template-how-to.jpg\" alt=\"C\u00f3mo hacer un boletin efectivo\" width=\"649\" height=\"423\" srcset=\"https:\/\/www.newslettercreator.com\/wp-content\/uploads\/2014\/02\/email-newsletter-template-how-to.jpg 649w, https:\/\/www.newslettercreator.com\/wp-content\/uploads\/2014\/02\/email-newsletter-template-how-to-300x195.jpg 300w\" sizes=\"(max-width: 649px) 100vw, 649px\" \/><\/p>\n<p>Construir una<strong> plantilla de bolet\u00edn atractiva y efectiva<\/strong> es esencial para construir una relaci\u00f3n digital con sus clientes. Desafortunadamente, hacer una plantilla de newsletter apropiada desde el principio puede ser muy <strong>desafiante<\/strong>, especialmente si usted intenta lograr \u2013 tal como deber\u00eda \u2013 un dise\u00f1o de calidad y perfecta legibilidad en cualquier dispositivo (lo cual requiere <strong>conocimientos avanzados de HTML\/CSS<\/strong>).<br \/>\nEs por ello que muchos principiantes \u2013 y muchos expertos en marketing tambi\u00e9n \u2013 no poseen una pista para comenzar.<\/p>\n<p>Afortunadamente, ahora existe una forma m\u00e1s f\u00e1cil de construir sus bolet\u00ednes en segundos <strong>sin escribir siquiera una l\u00ednea de c\u00f3digo<\/strong>: MailStyler.<\/p>\n<p>Al utilizar nuestro editor WYSIWYG usted puede redactar plantillas de email simplemente <strong>arrastrando y soltando<\/strong> bloques predise\u00f1ados: su newsletter ser\u00e1n construidos paso a paso y usted podr\u00e1 editar, cambiar y corregir en tiempo real (tambi\u00e9n agregar y recortar im\u00e1genes, posicionar botones y cajas de textos).<\/p>\n<p>Adem\u00e1s, todos los elementos b\u00e1sicos han sido desarrollados por <strong>dise\u00f1adores web profesionales<\/strong>, su bolet\u00edn resultar\u00e1 en un email HTML perfecto que <strong>ser\u00e1 legible en cualquier dispositivo<\/strong> \u2013 incluyendo smartphones y tablets.<\/p>\n<p>Y estos son algunos consejos para ayudarle a construir un newsletter realmente efectivo:<\/p>\n<ul>\n<li><strong>Sea relevante<\/strong>. Seguro, esto puede sonar muy gen\u00e9rico, pero muchos profesionales del marketing a\u00fan asumen el inter\u00e9s de sus lectores. Por el contrario, suscribirse a un newsletter implica t\u00e1citamente que toda la comunicaci\u00f3n recibida se encontrar\u00e1 de alguna forma relacionada a las expectativas del lector. Esto no significa simplemente que si usted vende zapatos, usted enviar\u00e1 noticias o promociones sobre zapatos y no tortas: tambi\u00e9n significa que su contenido debe ser siempre atractivo, original y comprometedor. Suena dif\u00edcil? Lo es, pero es la \u00fanica forma de tomar ventajas por sobre sus competidores.<\/li>\n<li><strong>Siempre provea un v\u00ednculo de cancelaci\u00f3n de suscripci\u00f3n<\/strong>. Otorgue a sus lectores la oportunidad de cancelar su suscripci\u00f3n en forma r\u00e1pida y segura \u2013 con s\u00f3lo un clic &#8211;  es necesario cumplir con la ley, y tambi\u00e9n esto es reconocido ampliamente como una buena pr\u00e1ctica. Si usted cree que esto le har\u00e1 perder clientes, se equivoca: por el contrario, reducir\u00e1 dr\u00e1sticamente todas las quejas por spam por parte de lectores que no saben c\u00f3mo cancelar sus suscripciones. MailStyler provee algunos bloques de pie dedicados para colocar este v\u00ednculo particular.<\/li>\n<li><strong>Encuentre un buen balance entre texto e im\u00e1genes<\/strong>. Uno de los errores m\u00e1s comunes en lo relativo a la creaci\u00f3n de un newsletter consiste en llenar el mismo con im\u00e1genes (peor a\u00fan si son pesadas). Esto puede da\u00f1ar la capacidad de entrega de su mensaje \u2013 es decir la capacidad de ser entregado a la bandeja de entrada \u2013 y tambi\u00e9n su legibilidad. En particular, usted nunca deber\u00eda asumir que sus im\u00e1genes son mostradas, debido a que muchos lectores poseen bloqueo de im\u00e1genes configurado en sus clientes de email por defecto. Por ello, su contenido principal deber\u00eda siempre ser texto plano, mientras que las im\u00e1genes sirven para reforzar la atenci\u00f3n de los clientes o evocar la oferta. Los bloques predise\u00f1ados de MailStyler son de gran ayuda desde este punto de vista, debido a que son construidos para garantizar el mejor balance entre gr\u00e1ficos y texto.<\/li>\n<li><strong>Piense en dispositivos m\u00faltiples<\/strong>. Una gran parte de los lectores probablemente abran su mensaje en un smartphone o tablet. Es por ello que usted deber\u00eda mantener su contenido legible para que sus lectores puedan disfrutarlo tambi\u00e9n en peque\u00f1as pantallas; esto generalmente involucra a la longitud de su email. A pesar de que con MailStyler usted puede crear boletines potencialmente interminables, es muy aconsejable crearlos tan cortos como sea posible. La mejor sugerencia consiste en ajustar la longitud.<\/li>\n<li><strong>Realice pruebas antes de enviar<\/strong>. MailStyler lo libera de una vez por todas de la necesidad de probar su email en diferentes clientes: sus elementos han sido desarrollados en perfecto HTML, su legibilidad est\u00e1 asegurada en cualquier dispositivo. A\u00fan as\u00ed, es muy importante correr una prueba antes de enviar realmente el email para comprobar que el bolet\u00edn redactado realmente funciona y cumple con sus necesidades. Una vez en su bandeja de entrada, podr\u00e1 verificarlo \u201cen vivo\u201d: est\u00e1n las im\u00e1genes OK? Existen algunos errores ortogr\u00e1ficos? El dise\u00f1o general es satisfactorio? Si no est\u00e1 seguro, pruebe nuevamente: con MailStyler puede dise\u00f1ar otro email en segundos \u2013 entonces, porqu\u00e9 arriesgar?<\/li>\n<li><strong>Realice pruebas despu\u00e9s de enviar, tambi\u00e9n<\/strong>. El marketing por email puede ser mejorado llevando a cabo pruebas A\/B. Este es el proceso b\u00e1sico: seleccione un segmento aleatorio de su lista (al menos el 10% de la misma) y divida el mismo en dos grupos equivalentes; luego env\u00ede un mensaje diferente a cada grupo, cambiando s\u00f3lo un elemento a la vez (ej. El asunto, la ubicaci\u00f3n del llamado a la acci\u00f3n, etc.); luego verifique los resultados utilizando su herramienta de an\u00e1lisis de estad\u00edsticas favorita. De esta forma podr\u00e1 corregir y mejorar su campa\u00f1a prueba a prueba, mediante un proceso continuo.<\/li>\n<\/ul>\n<p>&nbsp;<\/p>\n<p style=\"text-align: center;\"><a class=\"button large orange\" style=\"margin-top: 20px; width: 177px; margin-right: 30px;\" title=\"Descarga Demo\" href=\"http:\/\/www.newslettercreator.com\/es\/version-gratis\/\" target=\"_self\">DESCARGA DEMO<\/a><a class=\"button large darkgray\" style=\"margin-top: 20px; width: 182px;\" title=\"Comprar Mailstyler Pro\" href=\"http:\/\/www.newslettercreator.com\/es\/precios\/\" target=\"_self\">COMPRAR MAILSTYLER PRO<\/a><\/p>\n<p style=\"text-align: center; font-size: 11px; margin-bottom: 30px;\">Ultima versi\u00f3n: 2.24.01.17 | Fecha de lanzamiento: 17\/01\/2024 | Tama\u00f1o: 114.9 MB<br \/>\n<a href=\"http:\/\/www.newslettercreator.com\/license-agreement\/\" target=\"_blank\">Acuerdo de licencia<\/a> | <a href=\"http:\/\/www.newslettercreator.com\/how-to-uninstall\/\" target=\"_blank\">C\u00f3mo desinstalar<\/a><\/p>\n","protected":false},"excerpt":{"rendered":"<p>Construir una plantilla de bolet\u00edn atractiva y efectiva es esencial para construir una relaci\u00f3n digital con sus clientes. Desafortunadamente, hacer una plantilla de newsletter apropiada desde el principio puede ser muy desafiante, especialmente si usted intenta lograr \u2013 tal como deber\u00eda \u2013 un dise\u00f1o de calidad y perfecta legibilidad en cualquier dispositivo (lo cual requiere [&hellip;]<\/p>\n","protected":false},"author":1,"featured_media":0,"parent":0,"menu_order":0,"comment_status":"closed","ping_status":"closed","template":"g1_template_page_sidebar_right.php","meta":{"inline_featured_image":false,"_monsterinsights_skip_tracking":false,"_monsterinsights_sitenote_active":false,"_monsterinsights_sitenote_note":"","_monsterinsights_sitenote_category":0,"footnotes":""},"class_list":["post-3517","page","type-page","status-publish"],"yoast_head":"<!-- This site is optimized with the Yoast SEO plugin v25.2 - https:\/\/yoast.com\/wordpress\/plugins\/seo\/ -->\n<title>C\u00f3mo hacer un bolet\u00edn efectivo - Newsletter Creator<\/title>\n<meta name=\"robots\" content=\"index, follow, max-snippet:-1, max-image-preview:large, max-video-preview:-1\" \/>\n<link rel=\"canonical\" href=\"https:\/\/www.newslettercreator.com\/es\/como-hacer-un-boletin-efectivo\/\" \/>\n<meta property=\"og:locale\" content=\"es_ES\" \/>\n<meta property=\"og:type\" content=\"article\" \/>\n<meta property=\"og:title\" content=\"C\u00f3mo hacer un bolet\u00edn efectivo - Newsletter Creator\" \/>\n<meta property=\"og:description\" content=\"Construir una plantilla de bolet\u00edn atractiva y efectiva es esencial para construir una relaci\u00f3n digital con sus clientes. Desafortunadamente, hacer una plantilla de newsletter apropiada desde el principio puede ser muy desafiante, especialmente si usted intenta lograr \u2013 tal como deber\u00eda \u2013 un dise\u00f1o de calidad y perfecta legibilidad en cualquier dispositivo (lo cual requiere [&hellip;]\" \/>\n<meta property=\"og:url\" content=\"https:\/\/www.newslettercreator.com\/es\/como-hacer-un-boletin-efectivo\/\" \/>\n<meta property=\"og:site_name\" content=\"Newsletter Creator\" \/>\n<meta property=\"article:modified_time\" content=\"2015-05-15T09:39:02+00:00\" \/>\n<meta property=\"og:image\" content=\"http:\/\/www.newslettercreator.com\/wp-content\/uploads\/2014\/02\/email-newsletter-template-how-to.jpg\" \/>\n<meta name=\"twitter:label1\" content=\"Tiempo de lectura\" \/>\n\t<meta name=\"twitter:data1\" content=\"4 minutos\" \/>\n<script type=\"application\/ld+json\" class=\"yoast-schema-graph\">{\"@context\":\"https:\/\/schema.org\",\"@graph\":[{\"@type\":\"WebPage\",\"@id\":\"https:\/\/www.newslettercreator.com\/es\/como-hacer-un-boletin-efectivo\/\",\"url\":\"https:\/\/www.newslettercreator.com\/es\/como-hacer-un-boletin-efectivo\/\",\"name\":\"C\u00f3mo hacer un bolet\u00edn efectivo - Newsletter Creator\",\"isPartOf\":{\"@id\":\"https:\/\/www.newslettercreator.com\/#website\"},\"primaryImageOfPage\":{\"@id\":\"https:\/\/www.newslettercreator.com\/es\/como-hacer-un-boletin-efectivo\/#primaryimage\"},\"image\":{\"@id\":\"https:\/\/www.newslettercreator.com\/es\/como-hacer-un-boletin-efectivo\/#primaryimage\"},\"thumbnailUrl\":\"http:\/\/www.newslettercreator.com\/wp-content\/uploads\/2014\/02\/email-newsletter-template-how-to.jpg\",\"datePublished\":\"2015-05-15T09:36:51+00:00\",\"dateModified\":\"2015-05-15T09:39:02+00:00\",\"breadcrumb\":{\"@id\":\"https:\/\/www.newslettercreator.com\/es\/como-hacer-un-boletin-efectivo\/#breadcrumb\"},\"inLanguage\":\"es\",\"potentialAction\":[{\"@type\":\"ReadAction\",\"target\":[\"https:\/\/www.newslettercreator.com\/es\/como-hacer-un-boletin-efectivo\/\"]}]},{\"@type\":\"ImageObject\",\"inLanguage\":\"es\",\"@id\":\"https:\/\/www.newslettercreator.com\/es\/como-hacer-un-boletin-efectivo\/#primaryimage\",\"url\":\"http:\/\/www.newslettercreator.com\/wp-content\/uploads\/2014\/02\/email-newsletter-template-how-to.jpg\",\"contentUrl\":\"http:\/\/www.newslettercreator.com\/wp-content\/uploads\/2014\/02\/email-newsletter-template-how-to.jpg\"},{\"@type\":\"BreadcrumbList\",\"@id\":\"https:\/\/www.newslettercreator.com\/es\/como-hacer-un-boletin-efectivo\/#breadcrumb\",\"itemListElement\":[{\"@type\":\"ListItem\",\"position\":1,\"name\":\"Home\",\"item\":\"https:\/\/www.newslettercreator.com\/es\/\"},{\"@type\":\"ListItem\",\"position\":2,\"name\":\"C\u00f3mo hacer un bolet\u00edn efectivo\"}]},{\"@type\":\"WebSite\",\"@id\":\"https:\/\/www.newslettercreator.com\/#website\",\"url\":\"https:\/\/www.newslettercreator.com\/\",\"name\":\"Newsletter Creator\",\"description\":\"Pay off\",\"potentialAction\":[{\"@type\":\"SearchAction\",\"target\":{\"@type\":\"EntryPoint\",\"urlTemplate\":\"https:\/\/www.newslettercreator.com\/?s={search_term_string}\"},\"query-input\":{\"@type\":\"PropertyValueSpecification\",\"valueRequired\":true,\"valueName\":\"search_term_string\"}}],\"inLanguage\":\"es\"}]}<\/script>\n<!-- \/ Yoast SEO plugin. -->","yoast_head_json":{"title":"C\u00f3mo hacer un bolet\u00edn efectivo - Newsletter Creator","robots":{"index":"index","follow":"follow","max-snippet":"max-snippet:-1","max-image-preview":"max-image-preview:large","max-video-preview":"max-video-preview:-1"},"canonical":"https:\/\/www.newslettercreator.com\/es\/como-hacer-un-boletin-efectivo\/","og_locale":"es_ES","og_type":"article","og_title":"C\u00f3mo hacer un bolet\u00edn efectivo - Newsletter Creator","og_description":"Construir una plantilla de bolet\u00edn atractiva y efectiva es esencial para construir una relaci\u00f3n digital con sus clientes. Desafortunadamente, hacer una plantilla de newsletter apropiada desde el principio puede ser muy desafiante, especialmente si usted intenta lograr \u2013 tal como deber\u00eda \u2013 un dise\u00f1o de calidad y perfecta legibilidad en cualquier dispositivo (lo cual requiere [&hellip;]","og_url":"https:\/\/www.newslettercreator.com\/es\/como-hacer-un-boletin-efectivo\/","og_site_name":"Newsletter Creator","article_modified_time":"2015-05-15T09:39:02+00:00","og_image":[{"url":"http:\/\/www.newslettercreator.com\/wp-content\/uploads\/2014\/02\/email-newsletter-template-how-to.jpg","type":"","width":"","height":""}],"twitter_misc":{"Tiempo de lectura":"4 minutos"},"schema":{"@context":"https:\/\/schema.org","@graph":[{"@type":"WebPage","@id":"https:\/\/www.newslettercreator.com\/es\/como-hacer-un-boletin-efectivo\/","url":"https:\/\/www.newslettercreator.com\/es\/como-hacer-un-boletin-efectivo\/","name":"C\u00f3mo hacer un bolet\u00edn efectivo - Newsletter Creator","isPartOf":{"@id":"https:\/\/www.newslettercreator.com\/#website"},"primaryImageOfPage":{"@id":"https:\/\/www.newslettercreator.com\/es\/como-hacer-un-boletin-efectivo\/#primaryimage"},"image":{"@id":"https:\/\/www.newslettercreator.com\/es\/como-hacer-un-boletin-efectivo\/#primaryimage"},"thumbnailUrl":"http:\/\/www.newslettercreator.com\/wp-content\/uploads\/2014\/02\/email-newsletter-template-how-to.jpg","datePublished":"2015-05-15T09:36:51+00:00","dateModified":"2015-05-15T09:39:02+00:00","breadcrumb":{"@id":"https:\/\/www.newslettercreator.com\/es\/como-hacer-un-boletin-efectivo\/#breadcrumb"},"inLanguage":"es","potentialAction":[{"@type":"ReadAction","target":["https:\/\/www.newslettercreator.com\/es\/como-hacer-un-boletin-efectivo\/"]}]},{"@type":"ImageObject","inLanguage":"es","@id":"https:\/\/www.newslettercreator.com\/es\/como-hacer-un-boletin-efectivo\/#primaryimage","url":"http:\/\/www.newslettercreator.com\/wp-content\/uploads\/2014\/02\/email-newsletter-template-how-to.jpg","contentUrl":"http:\/\/www.newslettercreator.com\/wp-content\/uploads\/2014\/02\/email-newsletter-template-how-to.jpg"},{"@type":"BreadcrumbList","@id":"https:\/\/www.newslettercreator.com\/es\/como-hacer-un-boletin-efectivo\/#breadcrumb","itemListElement":[{"@type":"ListItem","position":1,"name":"Home","item":"https:\/\/www.newslettercreator.com\/es\/"},{"@type":"ListItem","position":2,"name":"C\u00f3mo hacer un bolet\u00edn efectivo"}]},{"@type":"WebSite","@id":"https:\/\/www.newslettercreator.com\/#website","url":"https:\/\/www.newslettercreator.com\/","name":"Newsletter Creator","description":"Pay off","potentialAction":[{"@type":"SearchAction","target":{"@type":"EntryPoint","urlTemplate":"https:\/\/www.newslettercreator.com\/?s={search_term_string}"},"query-input":{"@type":"PropertyValueSpecification","valueRequired":true,"valueName":"search_term_string"}}],"inLanguage":"es"}]}},"_links":{"self":[{"href":"https:\/\/www.newslettercreator.com\/es\/wp-json\/wp\/v2\/pages\/3517","targetHints":{"allow":["GET"]}}],"collection":[{"href":"https:\/\/www.newslettercreator.com\/es\/wp-json\/wp\/v2\/pages"}],"about":[{"href":"https:\/\/www.newslettercreator.com\/es\/wp-json\/wp\/v2\/types\/page"}],"author":[{"embeddable":true,"href":"https:\/\/www.newslettercreator.com\/es\/wp-json\/wp\/v2\/users\/1"}],"replies":[{"embeddable":true,"href":"https:\/\/www.newslettercreator.com\/es\/wp-json\/wp\/v2\/comments?post=3517"}],"version-history":[{"count":2,"href":"https:\/\/www.newslettercreator.com\/es\/wp-json\/wp\/v2\/pages\/3517\/revisions"}],"predecessor-version":[{"id":3519,"href":"https:\/\/www.newslettercreator.com\/es\/wp-json\/wp\/v2\/pages\/3517\/revisions\/3519"}],"wp:attachment":[{"href":"https:\/\/www.newslettercreator.com\/es\/wp-json\/wp\/v2\/media?parent=3517"}],"curies":[{"name":"wp","href":"https:\/\/api.w.org\/{rel}","templated":true}]}}