{"id":3555,"date":"2015-05-18T15:08:33","date_gmt":"2015-05-18T15:08:33","guid":{"rendered":"http:\/\/www.newslettercreator.com\/?page_id=3555"},"modified":"2015-05-18T15:09:55","modified_gmt":"2015-05-18T15:09:55","slug":"por-que-actualizar","status":"publish","type":"page","link":"https:\/\/www.newslettercreator.com\/es\/por-que-actualizar\/","title":{"rendered":"Por qu\u00e9 actualizar"},"content":{"rendered":"<p><center><img decoding=\"async\" width=\"553\" height=\"300\" src=\"http:\/\/www.newslettercreator.com\/wp-content\/uploads\/2014\/10\/upgrade2.jpg\" alt=\"\" \/><\/p>\n<h2>Actualizando a MailStyler Pro<br \/>obtendr\u00e1s dos caracter\u00edsticas avanzadas \u00fanicas<br \/>\n<\/h2>\n<p style=\"text-align: center;\">\n<a class=\"button large orange\" style=\"margin-bottom: 10px; width: 300px!important; padding-top: 5px;padding-bottom: 5px;font-size: 16px!important;\" title=\"Actualiza a Mailstyler Pro\" href=\"http:\/\/www.newslettercreator.com\/es\/upgrade\/\" target=\"_self\">ACTULIZA A MAILSTYLER PRO<\/a>\n<\/p>\n<p><\/center>&nbsp;<\/p>\n<ul class=\"g1-grid\"><li class=\"g1-column g1-one-half g1-valign-top\"><br \/>\n<i class=\"fontawesome-icon medium circle-yes icon-cloud-upload\" style=\"margin-right: 14px; width: 24px;\"><\/i><span style=\"font-weight: strong; font-size: 20px; margin-bottom: 14px; display: inline-block; color: #333333;\">Espacio cloud libre ilimitado<\/span><br \/>\nCon el espacio cloud libre de MailStyler Pro, cargar im\u00e1genes se convierte en un juego de ni\u00f1os. No hay necesidad de cargar manualmente las im\u00e1genes en tu espacio web (iCloud, Dropbox &#8230;), ni utilizar ning\u00fan tipo de FTP.<br \/>\nB\u00e1sicamente, todo lo que tienes que hacer es hacer clic en un bot\u00f3n: los archivos seleccionados se guardan autom\u00e1ticamente y se sincronizan en nuestra nube dedicada e ilimitada. F\u00e1cil y seguro.<\/p>\n<\/li><!-- -->\n<li class=\"g1-column g1-one-half g1-valign-top\"><br \/>\n<i class=\"fontawesome-icon medium circle-yes icon-picture\" style=\"margin-right: 14px; width: 24px;\"><\/i><span style=\"font-weight: strong; font-size: 20px; margin-bottom: 14px; display: inline-block; color: #333333;\">Biblioteca completa de im\u00e1genes HD<\/span><br \/>\nCuando se trata de la creaci\u00f3n de newsletter, tener una amplia biblioteca de im\u00e1genes de calidad es crucial. MailStyler Pro ofrece m\u00e1s de 2.000 im\u00e1genes sin marca de agua y en alta resoluci\u00f3n.<br \/>\nNo importa qu\u00e9 tipo de negocio tienes, siempre encontrar\u00e1 la imagen adecuada: ning\u00fan otro software ofrece una base de datos amplia y gr\u00e1fica.<\/p>\n<\/li><!-- --><\/ul>\n<p>&nbsp;<\/p>\n","protected":false},"excerpt":{"rendered":"<p>Actualizando a MailStyler Proobtendr\u00e1s dos caracter\u00edsticas avanzadas \u00fanicas ACTULIZA A MAILSTYLER PRO &nbsp; &nbsp;<\/p>\n","protected":false},"author":1,"featured_media":0,"parent":0,"menu_order":0,"comment_status":"closed","ping_status":"closed","template":"","meta":{"inline_featured_image":false,"_monsterinsights_skip_tracking":false,"_monsterinsights_sitenote_active":false,"_monsterinsights_sitenote_note":"","_monsterinsights_sitenote_category":0,"footnotes":""},"class_list":["post-3555","page","type-page","status-publish"],"yoast_head":"<!-- This site is optimized with the Yoast SEO plugin v25.2 - https:\/\/yoast.com\/wordpress\/plugins\/seo\/ -->\n<title>Por qu\u00e9 actualizar - Newsletter Creator<\/title>\n<meta name=\"robots\" content=\"index, follow, max-snippet:-1, max-image-preview:large, max-video-preview:-1\" \/>\n<link rel=\"canonical\" href=\"https:\/\/www.newslettercreator.com\/es\/por-que-actualizar\/\" \/>\n<meta property=\"og:locale\" content=\"es_ES\" \/>\n<meta property=\"og:type\" content=\"article\" \/>\n<meta property=\"og:title\" content=\"Por qu\u00e9 actualizar - Newsletter Creator\" \/>\n<meta property=\"og:description\" content=\"Actualizando a MailStyler Proobtendr\u00e1s dos caracter\u00edsticas avanzadas \u00fanicas ACTULIZA A MAILSTYLER PRO &nbsp; &nbsp;\" \/>\n<meta property=\"og:url\" content=\"https:\/\/www.newslettercreator.com\/es\/por-que-actualizar\/\" \/>\n<meta property=\"og:site_name\" content=\"Newsletter Creator\" \/>\n<meta property=\"article:modified_time\" content=\"2015-05-18T15:09:55+00:00\" \/>\n<meta property=\"og:image\" content=\"http:\/\/www.newslettercreator.com\/wp-content\/uploads\/2014\/10\/upgrade2.jpg\" \/>\n<meta name=\"twitter:label1\" content=\"Tiempo de lectura\" \/>\n\t<meta name=\"twitter:data1\" content=\"1 minuto\" \/>\n<script type=\"application\/ld+json\" class=\"yoast-schema-graph\">{\"@context\":\"https:\/\/schema.org\",\"@graph\":[{\"@type\":\"WebPage\",\"@id\":\"https:\/\/www.newslettercreator.com\/es\/por-que-actualizar\/\",\"url\":\"https:\/\/www.newslettercreator.com\/es\/por-que-actualizar\/\",\"name\":\"Por qu\u00e9 actualizar - Newsletter Creator\",\"isPartOf\":{\"@id\":\"https:\/\/www.newslettercreator.com\/#website\"},\"primaryImageOfPage\":{\"@id\":\"https:\/\/www.newslettercreator.com\/es\/por-que-actualizar\/#primaryimage\"},\"image\":{\"@id\":\"https:\/\/www.newslettercreator.com\/es\/por-que-actualizar\/#primaryimage\"},\"thumbnailUrl\":\"http:\/\/www.newslettercreator.com\/wp-content\/uploads\/2014\/10\/upgrade2.jpg\",\"datePublished\":\"2015-05-18T15:08:33+00:00\",\"dateModified\":\"2015-05-18T15:09:55+00:00\",\"breadcrumb\":{\"@id\":\"https:\/\/www.newslettercreator.com\/es\/por-que-actualizar\/#breadcrumb\"},\"inLanguage\":\"es\",\"potentialAction\":[{\"@type\":\"ReadAction\",\"target\":[\"https:\/\/www.newslettercreator.com\/es\/por-que-actualizar\/\"]}]},{\"@type\":\"ImageObject\",\"inLanguage\":\"es\",\"@id\":\"https:\/\/www.newslettercreator.com\/es\/por-que-actualizar\/#primaryimage\",\"url\":\"http:\/\/www.newslettercreator.com\/wp-content\/uploads\/2014\/10\/upgrade2.jpg\",\"contentUrl\":\"http:\/\/www.newslettercreator.com\/wp-content\/uploads\/2014\/10\/upgrade2.jpg\"},{\"@type\":\"BreadcrumbList\",\"@id\":\"https:\/\/www.newslettercreator.com\/es\/por-que-actualizar\/#breadcrumb\",\"itemListElement\":[{\"@type\":\"ListItem\",\"position\":1,\"name\":\"Home\",\"item\":\"https:\/\/www.newslettercreator.com\/es\/\"},{\"@type\":\"ListItem\",\"position\":2,\"name\":\"Por qu\u00e9 actualizar\"}]},{\"@type\":\"WebSite\",\"@id\":\"https:\/\/www.newslettercreator.com\/#website\",\"url\":\"https:\/\/www.newslettercreator.com\/\",\"name\":\"Newsletter Creator\",\"description\":\"Pay off\",\"potentialAction\":[{\"@type\":\"SearchAction\",\"target\":{\"@type\":\"EntryPoint\",\"urlTemplate\":\"https:\/\/www.newslettercreator.com\/?s={search_term_string}\"},\"query-input\":{\"@type\":\"PropertyValueSpecification\",\"valueRequired\":true,\"valueName\":\"search_term_string\"}}],\"inLanguage\":\"es\"}]}<\/script>\n<!-- \/ Yoast SEO plugin. -->","yoast_head_json":{"title":"Por qu\u00e9 actualizar - Newsletter Creator","robots":{"index":"index","follow":"follow","max-snippet":"max-snippet:-1","max-image-preview":"max-image-preview:large","max-video-preview":"max-video-preview:-1"},"canonical":"https:\/\/www.newslettercreator.com\/es\/por-que-actualizar\/","og_locale":"es_ES","og_type":"article","og_title":"Por qu\u00e9 actualizar - Newsletter Creator","og_description":"Actualizando a MailStyler Proobtendr\u00e1s dos caracter\u00edsticas avanzadas \u00fanicas ACTULIZA A MAILSTYLER PRO &nbsp; &nbsp;","og_url":"https:\/\/www.newslettercreator.com\/es\/por-que-actualizar\/","og_site_name":"Newsletter Creator","article_modified_time":"2015-05-18T15:09:55+00:00","og_image":[{"url":"http:\/\/www.newslettercreator.com\/wp-content\/uploads\/2014\/10\/upgrade2.jpg","type":"","width":"","height":""}],"twitter_misc":{"Tiempo de lectura":"1 minuto"},"schema":{"@context":"https:\/\/schema.org","@graph":[{"@type":"WebPage","@id":"https:\/\/www.newslettercreator.com\/es\/por-que-actualizar\/","url":"https:\/\/www.newslettercreator.com\/es\/por-que-actualizar\/","name":"Por qu\u00e9 actualizar - Newsletter Creator","isPartOf":{"@id":"https:\/\/www.newslettercreator.com\/#website"},"primaryImageOfPage":{"@id":"https:\/\/www.newslettercreator.com\/es\/por-que-actualizar\/#primaryimage"},"image":{"@id":"https:\/\/www.newslettercreator.com\/es\/por-que-actualizar\/#primaryimage"},"thumbnailUrl":"http:\/\/www.newslettercreator.com\/wp-content\/uploads\/2014\/10\/upgrade2.jpg","datePublished":"2015-05-18T15:08:33+00:00","dateModified":"2015-05-18T15:09:55+00:00","breadcrumb":{"@id":"https:\/\/www.newslettercreator.com\/es\/por-que-actualizar\/#breadcrumb"},"inLanguage":"es","potentialAction":[{"@type":"ReadAction","target":["https:\/\/www.newslettercreator.com\/es\/por-que-actualizar\/"]}]},{"@type":"ImageObject","inLanguage":"es","@id":"https:\/\/www.newslettercreator.com\/es\/por-que-actualizar\/#primaryimage","url":"http:\/\/www.newslettercreator.com\/wp-content\/uploads\/2014\/10\/upgrade2.jpg","contentUrl":"http:\/\/www.newslettercreator.com\/wp-content\/uploads\/2014\/10\/upgrade2.jpg"},{"@type":"BreadcrumbList","@id":"https:\/\/www.newslettercreator.com\/es\/por-que-actualizar\/#breadcrumb","itemListElement":[{"@type":"ListItem","position":1,"name":"Home","item":"https:\/\/www.newslettercreator.com\/es\/"},{"@type":"ListItem","position":2,"name":"Por qu\u00e9 actualizar"}]},{"@type":"WebSite","@id":"https:\/\/www.newslettercreator.com\/#website","url":"https:\/\/www.newslettercreator.com\/","name":"Newsletter Creator","description":"Pay off","potentialAction":[{"@type":"SearchAction","target":{"@type":"EntryPoint","urlTemplate":"https:\/\/www.newslettercreator.com\/?s={search_term_string}"},"query-input":{"@type":"PropertyValueSpecification","valueRequired":true,"valueName":"search_term_string"}}],"inLanguage":"es"}]}},"_links":{"self":[{"href":"https:\/\/www.newslettercreator.com\/es\/wp-json\/wp\/v2\/pages\/3555","targetHints":{"allow":["GET"]}}],"collection":[{"href":"https:\/\/www.newslettercreator.com\/es\/wp-json\/wp\/v2\/pages"}],"about":[{"href":"https:\/\/www.newslettercreator.com\/es\/wp-json\/wp\/v2\/types\/page"}],"author":[{"embeddable":true,"href":"https:\/\/www.newslettercreator.com\/es\/wp-json\/wp\/v2\/users\/1"}],"replies":[{"embeddable":true,"href":"https:\/\/www.newslettercreator.com\/es\/wp-json\/wp\/v2\/comments?post=3555"}],"version-history":[{"count":3,"href":"https:\/\/www.newslettercreator.com\/es\/wp-json\/wp\/v2\/pages\/3555\/revisions"}],"predecessor-version":[{"id":3558,"href":"https:\/\/www.newslettercreator.com\/es\/wp-json\/wp\/v2\/pages\/3555\/revisions\/3558"}],"wp:attachment":[{"href":"https:\/\/www.newslettercreator.com\/es\/wp-json\/wp\/v2\/media?parent=3555"}],"curies":[{"name":"wp","href":"https:\/\/api.w.org\/{rel}","templated":true}]}}