{"id":3649,"date":"2015-06-22T06:24:33","date_gmt":"2015-06-22T06:24:33","guid":{"rendered":"http:\/\/www.newslettercreator.com\/?page_id=3649"},"modified":"2020-03-27T18:16:27","modified_gmt":"2020-03-27T17:16:27","slug":"historial-de-actualizaciones","status":"publish","type":"page","link":"https:\/\/www.newslettercreator.com\/es\/ayuda\/historial-de-actualizaciones\/","title":{"rendered":"Historial de actualizaciones"},"content":{"rendered":"<div id=\"help-guide\">\n<p><strong>Version 1.5.0.0<\/strong><br \/>\nLanzada el 30 de mayo 2017<\/p>\n<ul>\n  <li>Agregada funci\u00f3n para la interpretaci\u00f3n de colores con formato HTML en el portapapeles al mostrar la ventana de color personalizada.<\/li>\n  <li>Eliminado el l\u00edmite de 255 caracteres para la URL en los cuadros de texto del enlace.<br \/>\n  <\/li>\n  <li>A\u00f1adido enlaces de actualizaci\u00f3n para MailStyler 2.<\/li>\n  <li>Correcci&oacute;n de otros defectos menores.<\/li>\n<\/ul>\n<p><strong>Version 1.4.4.0<\/strong><br \/>\n  Lanzada el 30 de enero 2017<\/p>\n<ul>\n  <li>Lanzamiento de  nueva versi\u00f3n de SmartPreview con vistas previas responsivos mejorada.<\/li>\n<\/ul>\n<p><strong>Version 1.4.3.8<\/strong><br \/>\n  Lanzada el 19 de enero 2017<\/p>\n<ul>\n  <li>Correcci&oacute;n de problema de  compatibilidad con yahoo mail para los bloques responsivos.<\/li>\n  <li>Correcci\u00f3n de la gesti\u00f3n de alineaci\u00f3n de los elementos LI sobre los documentos y\/o p\u00e1rrafos RTL.<\/li>\n<\/ul>\n<p><strong>Version 1.4.3.2<\/strong><br \/>\nLanzada el 8 de noviembre 2016<\/p>\n<ul>\n  <li>Corregido un defecto que, en algunos casos, causaba la desactivaci\u00f3n de software.<\/li>\n<\/ul>\n<p><strong>Version 1.4.3.0<\/strong><br \/>\n  Lanzada el 10 de agosto 2016<\/p>\n<ul>\n  <li>Actualizaci\u00f3n de firma dig\u00edtale.<\/li>\n  <li>Mejora de la velocidad de procesamiento de im\u00e1genes.<\/li>\n  <li>Correcci&oacute;n de otros defectos menores.<\/li>\n<\/ul>\n<p><strong>Version 1.4.2.0<\/strong><br \/>\nLanzada el 18 de abril 2016<\/p>\n<ul>\n  <li>A\u00f1adido soporte para las llaves { } en las URL.<\/li>\n  <li>A\u00f1adido 4\u00a0nuevos\u00a0estilos.<\/li>\n  <li>Correcci&oacute;n de error que a veces causaba el error de \"sin memoria\" al ahorro.<\/li>\n  <li>Correcci&oacute;n de otros defectos menores.<\/li>\n<\/ul>\n<p><strong>Version 1.4.1.2<\/strong><br \/>\n  Lanzada el 3 de Marzo 2016<\/p>\n<ul>\n  <li>SmartPreview ahora soporta la visi\u00f3n horizontal de vista previa M\u00f3vil.<\/li>\n  <li>Correcci&oacute;n de defectos menores.<\/li>\n<\/ul>\n<p><strong>Version 1.4.0.1<\/strong><br \/>\n  Lanzada el 4 de Febrero 2016<\/p>\n<ul>\n  <li>SmartPreview es ahora el modo de vista previa por defecto. Tambi&eacute;n disponible en modo Demo, ofrece modo de vista previa en PC y M&oacute;viles. Navegador y cliente de e-mail ahora s&oacute;lo se encuentran disponibles en la versi&oacute;n paga.<\/li>\n  <li>Soporte agregado para v&iacute;nculos #.<br \/>\n  <\/li>\n  <li>Se agreg&oacute; integraci&oacute;n con el plugin de <a href=\"http:\/\/emailchef.com\/\" target=\"_blank\">eMailChef<\/a> con subidas ilimitadas, a&uacute;n en modo Demo.<\/li>\n<\/ul>\n<p><strong>Version 1.3.3.0<\/strong><br \/>\nLanzada el 2 de Noviembre de 2015<\/p>\n<ul>\n  <li>El tag &quot;T\u00edtulo&quot; ya no est\u00e1 presente en el c\u00f3digo HTML exportado.<\/li>\n  <li>El mensaje de advertencia que aparece al intentar abrir un archivo mientras existe un trabajo sin guardar, ahora tambi\u00e9n posee el bot\u00f3n &quot;Cancelar&quot;.<\/li>\n  <li>El mensaje que advierte sobre la disponibilidad de nuevas versiones aparece ahora tambi\u00e9n a usuarios sin privilegios de administrador.<\/li>\n  <li>Correcci&oacute;n de defectos menores.<\/li>\n<\/ul>\n<p><strong>Version 1.3.2.2<\/strong><br \/>\n  Lanzada el 16 de Octubre de 2015<\/p>\n<ul>\n  <li>A\u00f1adido tags VIEW ON LINE en varios bloques.<\/li>\n  <li>Corregido el mensaje de error visualizado cuando se intentaba de exportar imagen GIF.<\/li>\n<\/ul>\n<p><strong>Version 1.3.1.0<\/strong><br \/>\n  Lanzada el 4 de Agosto de 2015<\/p>\n<ul>\n  <li>Compatible con Windows 10.<\/li>\n  <li>Nueva opci&oacute;n en la Configuraci&oacute;n para definir el protocolo de imagen para las im&aacute;genes en la nube.<\/li>\n  <li>Correcci&oacute;n de defectos menores.<\/li>\n<\/ul>\n<p><strong>Version 1.3.0.0<\/strong><br \/>\n  Lanzada el 17 de Junio de 2015<\/p>\n<ul>\n  <li>Los archivos de MailStyler ahora son m&aacute;s peque&ntilde;os y la carga y guardado son m&aacute;s r&aacute;pidas.<\/li>\n  <li>Durante la exportaci&oacute;n, un nuevo paso indica claramente el peso del newsletter.<\/li>\n  <li>La exportaci&oacute;n tambi&eacute;n es m&aacute;s r&aacute;pida gracias a un nuevo servidor dedicado para las cargas a la nube.<\/li>\n  <li>Se agreg&oacute; v&iacute;nculos para soporte telef&oacute;nico.<\/li>\n  <li>Correcci&oacute;n de defectos menores.<\/li>\n<\/ul>\n<p><strong>Version 1.2.0.0<\/strong><br \/>\n  Lanzada el 18 de Marzo de 2015<\/p>\n<ul>\n  <li>Soporte mejorado para bordes y m&aacute;rgenes para plantillas visualizadas en Outlook 2007, 2010 y 2013.<\/li>\n  <li>Se agreg&oacute; formulario de caracteres especiales (realice clic derecho sobre el texto y seleccione el nuevo men&uacute; contextual).<\/li>\n  <li>Ahora pueden crearse botones con cualquier fuente instalada en el sistema.<\/li>\n  <li>Correcci&oacute;n de defectos menores.<\/li>\n<\/ul>\n<p><strong>Version 1.1.2.0<\/strong><br \/>\n  Lanzada el 29 de Enero de 2015<\/p>\n<ul>\n  <li>Soporte mejorado para Yahoo! Mail.<\/li>\n  <li>Se agregaron nuevos bloques.<\/li>\n  <li>Se corrigi&oacute; la descarga de biblioteca completa en Windows XP.<\/li>\n  <li>Correcci&oacute;n de defectos menores.<\/li>\n<\/ul>\n<p><strong>Version 1.1.1.0<\/strong><br \/>\n  Lanzada el 22 de diciembre de 2014<\/p>\n<ul>\n  <li>Se agreg&oacute; soporte para vista previa en Thunderbird y exportaci&oacute;n.<\/li>\n  <li>Se agregaron 4 nuevos bloques.<\/li>\n  <li>Se mejor&oacute; la integraci&oacute;n SmartPreview.<\/li>\n  <li>Correcci&oacute;n de defectos menores.<\/li>\n<\/ul>\n<p><strong>Version 1.1.0.2<\/strong><br \/>\n  Lanzada el 12 de diciembre de 2014<\/p>\n<ul>\n  <li>Se agreg&oacute; soporte para texto justificado en MS Outlook.<\/li>\n  <li>Se corrigi&oacute; un defecto en el bloque responsivo que resultaba en una plantilla vac&iacute;a al cargar en SendBlaster.<\/li>\n<\/ul>\n<p><strong>Version 1.1.0.0<\/strong><br \/>\n  Lanzada el 9 de Diciembre de 2014<\/p>\n<ul>\n  <li>Se agrega vista previa en smartphone en simulador de vista previa (SmartPreview).<\/li>\n  <li>Se agregan 4 nuevas categor&iacute;as en la biblioteca de im&aacute;genes: Navidad, A&ntilde;o Nuevo, Pascuas, Halloween.<\/li>\n  <li>Se agrega soporte para alto de l&iacute;nea in-line.<\/li>\n  <li>Se agregan iconos de Copiar\/Pegar a la barra de herramientas.<\/li>\n  <li>Se agrega soporte para justificaci&oacute;n de texto.<\/li>\n  <li>Correcci&oacute;n de defectos menores.<\/li>\n<\/ul>\n<p><strong>Version 1.0.3.0<\/strong><br \/>\n  Lanzada el 20 de Noviembre de 2014<\/p>\n<ul>\n  <li>Se agrega compatibilidad para bloques responsivos mostrados en Yahoo! Mail.<\/li>\n  <li>Se corrige el error de registro que revierte a Demo.<\/li>\n  <li>Se agrega el soporte para el car\u00e1cter &amp; en URLs.<\/li>\n  <li>Correcci&oacute;n de defectos menores.<\/li><\/ul>\n<p>Versi&oacute;n 1.0.2.23 para Microsoft Windows lanzada el 3 de noviembre de 2014<\/p>\n<p>Vea tambi&eacute;n<br>\n  <a href=\"http:\/\/www.newslettercreator.com\/es\/help\/overview\/\">Resumen.\n<\/a><\/p>\n\n<\/div>\n","protected":false},"excerpt":{"rendered":"","protected":false},"author":1,"featured_media":0,"parent":3641,"menu_order":0,"comment_status":"closed","ping_status":"closed","template":"g1_template_page_sidebar_left.php","meta":{"inline_featured_image":false,"_monsterinsights_skip_tracking":false,"_monsterinsights_sitenote_active":false,"_monsterinsights_sitenote_note":"","_monsterinsights_sitenote_category":0,"footnotes":""},"class_list":["post-3649","page","type-page","status-publish"],"yoast_head":"<!-- This site is optimized with the Yoast SEO plugin v25.2 - https:\/\/yoast.com\/wordpress\/plugins\/seo\/ -->\n<title>Historial de actualizaciones - Newsletter Creator<\/title>\n<meta name=\"robots\" content=\"index, follow, max-snippet:-1, max-image-preview:large, max-video-preview:-1\" \/>\n<link rel=\"canonical\" href=\"https:\/\/www.newslettercreator.com\/es\/ayuda\/historial-de-actualizaciones\/\" \/>\n<meta property=\"og:locale\" content=\"es_ES\" \/>\n<meta property=\"og:type\" content=\"article\" \/>\n<meta property=\"og:title\" content=\"Historial de actualizaciones - Newsletter Creator\" \/>\n<meta property=\"og:url\" content=\"https:\/\/www.newslettercreator.com\/es\/ayuda\/historial-de-actualizaciones\/\" \/>\n<meta property=\"og:site_name\" content=\"Newsletter Creator\" \/>\n<meta property=\"article:modified_time\" content=\"2020-03-27T17:16:27+00:00\" \/>\n<script type=\"application\/ld+json\" class=\"yoast-schema-graph\">{\"@context\":\"https:\/\/schema.org\",\"@graph\":[{\"@type\":\"WebPage\",\"@id\":\"https:\/\/www.newslettercreator.com\/es\/ayuda\/historial-de-actualizaciones\/\",\"url\":\"https:\/\/www.newslettercreator.com\/es\/ayuda\/historial-de-actualizaciones\/\",\"name\":\"Historial de actualizaciones - Newsletter Creator\",\"isPartOf\":{\"@id\":\"https:\/\/www.newslettercreator.com\/#website\"},\"datePublished\":\"2015-06-22T06:24:33+00:00\",\"dateModified\":\"2020-03-27T17:16:27+00:00\",\"breadcrumb\":{\"@id\":\"https:\/\/www.newslettercreator.com\/es\/ayuda\/historial-de-actualizaciones\/#breadcrumb\"},\"inLanguage\":\"es\",\"potentialAction\":[{\"@type\":\"ReadAction\",\"target\":[\"https:\/\/www.newslettercreator.com\/es\/ayuda\/historial-de-actualizaciones\/\"]}]},{\"@type\":\"BreadcrumbList\",\"@id\":\"https:\/\/www.newslettercreator.com\/es\/ayuda\/historial-de-actualizaciones\/#breadcrumb\",\"itemListElement\":[{\"@type\":\"ListItem\",\"position\":1,\"name\":\"Home\",\"item\":\"https:\/\/www.newslettercreator.com\/es\/\"},{\"@type\":\"ListItem\",\"position\":2,\"name\":\"Gu\u00eda de usuario\",\"item\":\"https:\/\/www.newslettercreator.com\/es\/ayuda\/\"},{\"@type\":\"ListItem\",\"position\":3,\"name\":\"Historial de actualizaciones\"}]},{\"@type\":\"WebSite\",\"@id\":\"https:\/\/www.newslettercreator.com\/#website\",\"url\":\"https:\/\/www.newslettercreator.com\/\",\"name\":\"Newsletter Creator\",\"description\":\"Pay off\",\"potentialAction\":[{\"@type\":\"SearchAction\",\"target\":{\"@type\":\"EntryPoint\",\"urlTemplate\":\"https:\/\/www.newslettercreator.com\/?s={search_term_string}\"},\"query-input\":{\"@type\":\"PropertyValueSpecification\",\"valueRequired\":true,\"valueName\":\"search_term_string\"}}],\"inLanguage\":\"es\"}]}<\/script>\n<!-- \/ Yoast SEO plugin. -->","yoast_head_json":{"title":"Historial de actualizaciones - Newsletter Creator","robots":{"index":"index","follow":"follow","max-snippet":"max-snippet:-1","max-image-preview":"max-image-preview:large","max-video-preview":"max-video-preview:-1"},"canonical":"https:\/\/www.newslettercreator.com\/es\/ayuda\/historial-de-actualizaciones\/","og_locale":"es_ES","og_type":"article","og_title":"Historial de actualizaciones - Newsletter Creator","og_url":"https:\/\/www.newslettercreator.com\/es\/ayuda\/historial-de-actualizaciones\/","og_site_name":"Newsletter Creator","article_modified_time":"2020-03-27T17:16:27+00:00","schema":{"@context":"https:\/\/schema.org","@graph":[{"@type":"WebPage","@id":"https:\/\/www.newslettercreator.com\/es\/ayuda\/historial-de-actualizaciones\/","url":"https:\/\/www.newslettercreator.com\/es\/ayuda\/historial-de-actualizaciones\/","name":"Historial de actualizaciones - Newsletter Creator","isPartOf":{"@id":"https:\/\/www.newslettercreator.com\/#website"},"datePublished":"2015-06-22T06:24:33+00:00","dateModified":"2020-03-27T17:16:27+00:00","breadcrumb":{"@id":"https:\/\/www.newslettercreator.com\/es\/ayuda\/historial-de-actualizaciones\/#breadcrumb"},"inLanguage":"es","potentialAction":[{"@type":"ReadAction","target":["https:\/\/www.newslettercreator.com\/es\/ayuda\/historial-de-actualizaciones\/"]}]},{"@type":"BreadcrumbList","@id":"https:\/\/www.newslettercreator.com\/es\/ayuda\/historial-de-actualizaciones\/#breadcrumb","itemListElement":[{"@type":"ListItem","position":1,"name":"Home","item":"https:\/\/www.newslettercreator.com\/es\/"},{"@type":"ListItem","position":2,"name":"Gu\u00eda de usuario","item":"https:\/\/www.newslettercreator.com\/es\/ayuda\/"},{"@type":"ListItem","position":3,"name":"Historial de actualizaciones"}]},{"@type":"WebSite","@id":"https:\/\/www.newslettercreator.com\/#website","url":"https:\/\/www.newslettercreator.com\/","name":"Newsletter Creator","description":"Pay off","potentialAction":[{"@type":"SearchAction","target":{"@type":"EntryPoint","urlTemplate":"https:\/\/www.newslettercreator.com\/?s={search_term_string}"},"query-input":{"@type":"PropertyValueSpecification","valueRequired":true,"valueName":"search_term_string"}}],"inLanguage":"es"}]}},"_links":{"self":[{"href":"https:\/\/www.newslettercreator.com\/es\/wp-json\/wp\/v2\/pages\/3649","targetHints":{"allow":["GET"]}}],"collection":[{"href":"https:\/\/www.newslettercreator.com\/es\/wp-json\/wp\/v2\/pages"}],"about":[{"href":"https:\/\/www.newslettercreator.com\/es\/wp-json\/wp\/v2\/types\/page"}],"author":[{"embeddable":true,"href":"https:\/\/www.newslettercreator.com\/es\/wp-json\/wp\/v2\/users\/1"}],"replies":[{"embeddable":true,"href":"https:\/\/www.newslettercreator.com\/es\/wp-json\/wp\/v2\/comments?post=3649"}],"version-history":[{"count":4,"href":"https:\/\/www.newslettercreator.com\/es\/wp-json\/wp\/v2\/pages\/3649\/revisions"}],"predecessor-version":[{"id":9581,"href":"https:\/\/www.newslettercreator.com\/es\/wp-json\/wp\/v2\/pages\/3649\/revisions\/9581"}],"up":[{"embeddable":true,"href":"https:\/\/www.newslettercreator.com\/es\/wp-json\/wp\/v2\/pages\/3641"}],"wp:attachment":[{"href":"https:\/\/www.newslettercreator.com\/es\/wp-json\/wp\/v2\/media?parent=3649"}],"curies":[{"name":"wp","href":"https:\/\/api.w.org\/{rel}","templated":true}]}}