{"id":3689,"date":"2015-06-22T07:26:22","date_gmt":"2015-06-22T07:26:22","guid":{"rendered":"http:\/\/www.newslettercreator.com\/?page_id=3689"},"modified":"2020-03-27T18:15:57","modified_gmt":"2020-03-27T17:15:57","slug":"configuracion","status":"publish","type":"page","link":"https:\/\/www.newslettercreator.com\/es\/ayuda\/configuracion\/","title":{"rendered":"Configuraci\u00f3n"},"content":{"rendered":"<div id=\"help-guide\">\n<p>El men&uacute; de Configuraciones abre un formulario que le permite <strong>definir preferencias que afectan la forma de operar de MailStyler<\/strong>.<br>\nLas configuraciones disponibles son:<\/p>\n<ul>\n  <li><strong>Idioma<\/strong>: seleccione su idioma preferido.<\/li>\n  <li><strong>Selecci&oacute;n de color<\/strong>: seleccione entre <strong>Rojo<\/strong> y <strong>Azul<\/strong> para la <strong>selecci&oacute;n<\/strong> de color utilizada en el cuerpo del newsletter para resaltar los elementos seleccionados.<\/li>\n  <li><strong>Al cambiar estilo<\/strong>: Define el comportamiento cuando usted <strong>selecciona un nuevo estilo<\/strong> desde el <a href=\"http:\/\/www.newslettercreator.com\/es\/help\/style-panel\/\">panel de Estilo<\/a>. El nuevo estilo puede ser <strong>aplicado al newsletter actual<\/strong> y a todos los <a href=\"http:\/\/www.newslettercreator.com\/es\/help\/block-panel\/\">bloques<\/a> agregados m&aacute;s tarde, <strong>o s&oacute;lo ser seleccionado<\/strong> (sin ser aplicado al newsletter actual) para ser aplicado a todos los bloques agregados al newsletters en adelante.<\/li>\n  <li><strong>Al cambiar tama&ntilde;o de imagen<\/strong>: Define lo que sucede cuando usted <strong>cambia una imagen arrastrando los puntos de ancla al rededor de su selecci&oacute;n<\/strong>. La operaci&oacute;n puede aplicar <a href=\"http:\/\/www.newslettercreator.com\/es\/help\/edit-image\/\">auto recorte<\/a> en tiempo real, mientras usted cambia el tama&ntilde;o (opci&oacute;n <strong>Procesar cambio<\/strong>), o puede procesar el auto recorte al finalizar la operaci&oacute;n de cambio de tama&ntilde;o, es decir, cuando usted suelta el bot&oacute;n del mouse (opci&oacute;n <strong>Procesar al final<\/strong>), o puede simplemente ignorar el auto recorte y estirar la imagen (opci&oacute;n <strong>No procesar<\/strong>).<\/li>\n  <li><strong>Mostrar regla<\/strong>: define si desea que la regla horizontal sea visible mientras edita el newsletter.<\/li>\n  <li><strong>Protocolo im\u00e1genes de Cloud<\/strong>: puedes definir si enlazar las im\u00e1genes subidas con la funci\u00f3n MailStyler de Cloud con http o https (s\u00f3lo afecta a la versi\u00f3n Pro).<\/li>\n  <li><strong>Reactivar confirmaciones ocultas<\/strong>: Presione este bot&oacute;n para reactivar todos los mensajes de advertencia que puedan encontrase ocultos al utilizar la opci&oacute;n &quot;No volver a mostrar este mensaje&quot;.<\/li>\n<\/ul>\n<p class=\"note\">Si desea que MailStyler aplique su poderosa funcionalidad de auto recorte de imagen, seleccione las dos primeras opciones, dependiendo de sus capacidades de sistema. La opci&oacute;n de <strong>Procesar al final<\/strong> ha sido agregada en caso de que las limitaciones del sistema no permitan el procesamiento fluido en tiempo real.<\/p>\n<table border=\"0\" align=\"center\" cellpadding=\"0\" cellspacing=\"0\">\n<tr>\n<td align=\"center\">\n<span class=\"image-title\">Ventana de configuraci&oacute;n<\/span>\n<\/td>\n<\/tr>\n<tr>\n<td align=\"center\">\n<a title=\"Ventana de configuraci&oacute;n\" href=\"http:\/\/www.newslettercreator.com\/user-guide-files\/es\/images\/software-preferences_01.png\" rel=\"prettyPhoto\"><img decoding=\"async\" src=\"http:\/\/www.newslettercreator.com\/user-guide-files\/es\/images\/software-preferences_01.png\" alt=\"Ventana de configuraci&oacute;n\" width=\"340\"><\/a>\n<\/td>\n<\/tr>\n<tr>\n<td align=\"center\">\n<span class=\"image-zoom\">Clic para agrandar<\/span>\n<\/td>\n<\/tr>\n<\/table>\n<p>Vea tambi&eacute;n<br>\n\t  <a href=\"http:\/\/www.newslettercreator.com\/es\/help\/new\/\">Nuevo<br>\n<\/a><a href=\"http:\/\/www.newslettercreator.com\/es\/help\/open\/\">Abrir<br>\n<\/a><a href=\"http:\/\/www.newslettercreator.com\/es\/help\/save\/\">Guardar<br>\n<\/a><a href=\"http:\/\/www.newslettercreator.com\/es\/help\/export\/\">Exportar<br>\n<\/a><a href=\"http:\/\/www.newslettercreator.com\/es\/help\/preview\/\">Vista Previa<\/a><br>\n<a href=\"http:\/\/www.newslettercreator.com\/es\/help\/help-menu\/\">Ayuda<\/a><\/p>\n\n<\/div>\n","protected":false},"excerpt":{"rendered":"","protected":false},"author":1,"featured_media":0,"parent":3641,"menu_order":0,"comment_status":"closed","ping_status":"closed","template":"g1_template_page_sidebar_left.php","meta":{"inline_featured_image":false,"_monsterinsights_skip_tracking":false,"_monsterinsights_sitenote_active":false,"_monsterinsights_sitenote_note":"","_monsterinsights_sitenote_category":0,"footnotes":""},"class_list":["post-3689","page","type-page","status-publish"],"yoast_head":"<!-- This site is optimized with the Yoast SEO plugin v25.2 - https:\/\/yoast.com\/wordpress\/plugins\/seo\/ -->\n<title>Configuraci\u00f3n - Newsletter Creator<\/title>\n<meta name=\"robots\" content=\"index, follow, max-snippet:-1, max-image-preview:large, max-video-preview:-1\" \/>\n<link rel=\"canonical\" href=\"https:\/\/www.newslettercreator.com\/es\/ayuda\/configuracion\/\" \/>\n<meta property=\"og:locale\" content=\"es_ES\" \/>\n<meta property=\"og:type\" content=\"article\" \/>\n<meta property=\"og:title\" content=\"Configuraci\u00f3n - Newsletter Creator\" \/>\n<meta property=\"og:url\" content=\"https:\/\/www.newslettercreator.com\/es\/ayuda\/configuracion\/\" \/>\n<meta property=\"og:site_name\" content=\"Newsletter Creator\" \/>\n<meta property=\"article:modified_time\" content=\"2020-03-27T17:15:57+00:00\" \/>\n<script type=\"application\/ld+json\" class=\"yoast-schema-graph\">{\"@context\":\"https:\/\/schema.org\",\"@graph\":[{\"@type\":\"WebPage\",\"@id\":\"https:\/\/www.newslettercreator.com\/es\/ayuda\/configuracion\/\",\"url\":\"https:\/\/www.newslettercreator.com\/es\/ayuda\/configuracion\/\",\"name\":\"Configuraci\u00f3n - Newsletter Creator\",\"isPartOf\":{\"@id\":\"https:\/\/www.newslettercreator.com\/#website\"},\"datePublished\":\"2015-06-22T07:26:22+00:00\",\"dateModified\":\"2020-03-27T17:15:57+00:00\",\"breadcrumb\":{\"@id\":\"https:\/\/www.newslettercreator.com\/es\/ayuda\/configuracion\/#breadcrumb\"},\"inLanguage\":\"es\",\"potentialAction\":[{\"@type\":\"ReadAction\",\"target\":[\"https:\/\/www.newslettercreator.com\/es\/ayuda\/configuracion\/\"]}]},{\"@type\":\"BreadcrumbList\",\"@id\":\"https:\/\/www.newslettercreator.com\/es\/ayuda\/configuracion\/#breadcrumb\",\"itemListElement\":[{\"@type\":\"ListItem\",\"position\":1,\"name\":\"Home\",\"item\":\"https:\/\/www.newslettercreator.com\/es\/\"},{\"@type\":\"ListItem\",\"position\":2,\"name\":\"Gu\u00eda de usuario\",\"item\":\"https:\/\/www.newslettercreator.com\/es\/ayuda\/\"},{\"@type\":\"ListItem\",\"position\":3,\"name\":\"Configuraci\u00f3n\"}]},{\"@type\":\"WebSite\",\"@id\":\"https:\/\/www.newslettercreator.com\/#website\",\"url\":\"https:\/\/www.newslettercreator.com\/\",\"name\":\"Newsletter Creator\",\"description\":\"Pay off\",\"potentialAction\":[{\"@type\":\"SearchAction\",\"target\":{\"@type\":\"EntryPoint\",\"urlTemplate\":\"https:\/\/www.newslettercreator.com\/?s={search_term_string}\"},\"query-input\":{\"@type\":\"PropertyValueSpecification\",\"valueRequired\":true,\"valueName\":\"search_term_string\"}}],\"inLanguage\":\"es\"}]}<\/script>\n<!-- \/ Yoast SEO plugin. -->","yoast_head_json":{"title":"Configuraci\u00f3n - Newsletter Creator","robots":{"index":"index","follow":"follow","max-snippet":"max-snippet:-1","max-image-preview":"max-image-preview:large","max-video-preview":"max-video-preview:-1"},"canonical":"https:\/\/www.newslettercreator.com\/es\/ayuda\/configuracion\/","og_locale":"es_ES","og_type":"article","og_title":"Configuraci\u00f3n - Newsletter Creator","og_url":"https:\/\/www.newslettercreator.com\/es\/ayuda\/configuracion\/","og_site_name":"Newsletter Creator","article_modified_time":"2020-03-27T17:15:57+00:00","schema":{"@context":"https:\/\/schema.org","@graph":[{"@type":"WebPage","@id":"https:\/\/www.newslettercreator.com\/es\/ayuda\/configuracion\/","url":"https:\/\/www.newslettercreator.com\/es\/ayuda\/configuracion\/","name":"Configuraci\u00f3n - Newsletter Creator","isPartOf":{"@id":"https:\/\/www.newslettercreator.com\/#website"},"datePublished":"2015-06-22T07:26:22+00:00","dateModified":"2020-03-27T17:15:57+00:00","breadcrumb":{"@id":"https:\/\/www.newslettercreator.com\/es\/ayuda\/configuracion\/#breadcrumb"},"inLanguage":"es","potentialAction":[{"@type":"ReadAction","target":["https:\/\/www.newslettercreator.com\/es\/ayuda\/configuracion\/"]}]},{"@type":"BreadcrumbList","@id":"https:\/\/www.newslettercreator.com\/es\/ayuda\/configuracion\/#breadcrumb","itemListElement":[{"@type":"ListItem","position":1,"name":"Home","item":"https:\/\/www.newslettercreator.com\/es\/"},{"@type":"ListItem","position":2,"name":"Gu\u00eda de usuario","item":"https:\/\/www.newslettercreator.com\/es\/ayuda\/"},{"@type":"ListItem","position":3,"name":"Configuraci\u00f3n"}]},{"@type":"WebSite","@id":"https:\/\/www.newslettercreator.com\/#website","url":"https:\/\/www.newslettercreator.com\/","name":"Newsletter Creator","description":"Pay off","potentialAction":[{"@type":"SearchAction","target":{"@type":"EntryPoint","urlTemplate":"https:\/\/www.newslettercreator.com\/?s={search_term_string}"},"query-input":{"@type":"PropertyValueSpecification","valueRequired":true,"valueName":"search_term_string"}}],"inLanguage":"es"}]}},"_links":{"self":[{"href":"https:\/\/www.newslettercreator.com\/es\/wp-json\/wp\/v2\/pages\/3689","targetHints":{"allow":["GET"]}}],"collection":[{"href":"https:\/\/www.newslettercreator.com\/es\/wp-json\/wp\/v2\/pages"}],"about":[{"href":"https:\/\/www.newslettercreator.com\/es\/wp-json\/wp\/v2\/types\/page"}],"author":[{"embeddable":true,"href":"https:\/\/www.newslettercreator.com\/es\/wp-json\/wp\/v2\/users\/1"}],"replies":[{"embeddable":true,"href":"https:\/\/www.newslettercreator.com\/es\/wp-json\/wp\/v2\/comments?post=3689"}],"version-history":[{"count":3,"href":"https:\/\/www.newslettercreator.com\/es\/wp-json\/wp\/v2\/pages\/3689\/revisions"}],"predecessor-version":[{"id":9555,"href":"https:\/\/www.newslettercreator.com\/es\/wp-json\/wp\/v2\/pages\/3689\/revisions\/9555"}],"up":[{"embeddable":true,"href":"https:\/\/www.newslettercreator.com\/es\/wp-json\/wp\/v2\/pages\/3641"}],"wp:attachment":[{"href":"https:\/\/www.newslettercreator.com\/es\/wp-json\/wp\/v2\/media?parent=3689"}],"curies":[{"name":"wp","href":"https:\/\/api.w.org\/{rel}","templated":true}]}}