{"id":5898,"date":"2017-05-24T13:47:31","date_gmt":"2017-05-24T13:47:31","guid":{"rendered":"http:\/\/www.newslettercreator.com\/?page_id=5898\/"},"modified":"2021-09-08T14:54:36","modified_gmt":"2021-09-08T12:54:36","slug":"que-hay-de-nuevo-en-mailstyler-2","status":"publish","type":"page","link":"https:\/\/www.newslettercreator.com\/es\/que-hay-de-nuevo-en-mailstyler-2\/","title":{"rendered":"Qu\u00e9 hay de nuevo en MailStyler?"},"content":{"rendered":"<h1 style=\"text-align: center; line-height: 40px !important; margin-bottom: 10px !important; font-size: 34px !important;\">Qu\u00e9 hay de nuevo en MailStyler?<\/h1>\n<h2 style=\"text-align: center; font-size: 21px !important; line-height: 28px !important; color: #666 !important; margin-bottom: 50px;\">Todo. S\u00f3lo la simplicidad permanece intacta debido a que el marketing por email debe ser f\u00e1cil.<\/h2>\n<ul class=\"g1-grid\"><li class=\"g1-column g1-one-half g1-valign-middle middle-align-no-mobile\">\n<p class=\"center-align-no-mobile\"><img decoding=\"async\" width=\"424\" height=\"312\" style=\"width: 90%;\" src=\"http:\/\/www.newslettercreator.com\/wp-content\/uploads\/2015\/09\/why-ms2-eng.png\" alt=\"Qu\u00e9 hay de nuevo en MailStyler?\" \/><\/p>\n<\/li><!-- -->\n<li class=\"g1-column g1-one-half g1-valign-top\">\n<p>La nueva versi\u00f3n de MailStyler contiene nuevas caracter\u00edsticas poderosas dise\u00f1adas para facilitar la creaci\u00f3n de sus newsletters m\u00e1s que nunca.<br \/>\n<strong><br \/>\nQu\u00e9 puede hacer en forma diferente?<\/strong><\/p>\n<ul>\n<li>Abrir y guardar archivos desde la nube de MailStyler (s\u00f3lo PRO).<\/li>\n<li>Los paneles laterales ahora incluyen un mapa de todo el bolet\u00edn informativo.<\/li>\n<li>El estilo de los botones ahora admite el espaciado de los textos de la l\u00ednea 1 y la l\u00ednea 2.<\/li>\n<li>Se ha a\u00f1adido un nuevo bloque de v\u00eddeo.<\/li>\n<li>Nuevos men\u00fas de acci\u00f3n r\u00e1pida y nuevos logotipos.<\/li>\n<li>Exportaci\u00f3n a los navegadores de correo.<\/li>\n<li>Edici\u00f3n\/previsualizaci\u00f3n del asunto y del pre-encabezado.<\/li>\n<li>Las im\u00e1genes de origen ahora se pueden insertar en los archivos de MailStyler para compartirlos y editarlos f\u00e1cilmente (s\u00f3lo PRO).<\/li>\n<li>Compatibilidad mejorada para las plantillas responsivas en los nuevos clientes de correo electr\u00f3nico.<\/li>\n<\/ul>\n<\/li><!-- --><\/ul>\n<p style=\"text-align: center;\"><a class=\"button large orange no-margin-mobile\" style=\"margin-top: 20px; margin-right: 30px;\" title=\"Descubra una amplia gama de nuevas caracter\u00edsticas\" href=\"http:\/\/www.newslettercreator.com\/es\/caracteristicas\/\" target=\"_self\" rel=\"noopener\">Descubra una amplia gama de nuevas caracter\u00edsticas<\/a><a class=\"button large darkgray\" style=\"margin-top: 20px;\" title=\"Compare licencias de MailStyler\" href=\"http:\/\/www.newslettercreator.com\/es\/precios\/\" target=\"_self\" rel=\"noopener\">Compare licencias de MailStyler<\/a><\/p>\n","protected":false},"excerpt":{"rendered":"<p>Qu\u00e9 hay de nuevo en MailStyler? Todo. S\u00f3lo la simplicidad permanece intacta debido a que el marketing por email debe ser f\u00e1cil. Descubra una amplia gama de nuevas caracter\u00edsticasCompare licencias de MailStyler<\/p>\n","protected":false},"author":1,"featured_media":0,"parent":0,"menu_order":0,"comment_status":"closed","ping_status":"closed","template":"","meta":{"inline_featured_image":false,"_monsterinsights_skip_tracking":false,"_monsterinsights_sitenote_active":false,"_monsterinsights_sitenote_note":"","_monsterinsights_sitenote_category":0,"footnotes":""},"class_list":["post-5898","page","type-page","status-publish"],"yoast_head":"<!-- This site is optimized with the Yoast SEO plugin v25.2 - https:\/\/yoast.com\/wordpress\/plugins\/seo\/ -->\n<title>Qu\u00e9 hay de nuevo en MailStyler? - Newsletter Creator<\/title>\n<meta name=\"robots\" content=\"index, follow, max-snippet:-1, max-image-preview:large, max-video-preview:-1\" \/>\n<link rel=\"canonical\" href=\"https:\/\/www.newslettercreator.com\/es\/que-hay-de-nuevo-en-mailstyler-2\/\" \/>\n<meta property=\"og:locale\" content=\"es_ES\" \/>\n<meta property=\"og:type\" content=\"article\" \/>\n<meta property=\"og:title\" content=\"Qu\u00e9 hay de nuevo en MailStyler? - Newsletter Creator\" \/>\n<meta property=\"og:description\" content=\"Qu\u00e9 hay de nuevo en MailStyler? Todo. S\u00f3lo la simplicidad permanece intacta debido a que el marketing por email debe ser f\u00e1cil. Descubra una amplia gama de nuevas caracter\u00edsticasCompare licencias de MailStyler\" \/>\n<meta property=\"og:url\" content=\"https:\/\/www.newslettercreator.com\/es\/que-hay-de-nuevo-en-mailstyler-2\/\" \/>\n<meta property=\"og:site_name\" content=\"Newsletter Creator\" \/>\n<meta property=\"article:modified_time\" content=\"2021-09-08T12:54:36+00:00\" \/>\n<meta property=\"og:image\" content=\"http:\/\/www.newslettercreator.com\/wp-content\/uploads\/2015\/09\/why-ms2-eng.png\" \/>\n<meta name=\"twitter:label1\" content=\"Tiempo de lectura\" \/>\n\t<meta name=\"twitter:data1\" content=\"1 minuto\" \/>\n<script type=\"application\/ld+json\" class=\"yoast-schema-graph\">{\"@context\":\"https:\/\/schema.org\",\"@graph\":[{\"@type\":\"WebPage\",\"@id\":\"https:\/\/www.newslettercreator.com\/es\/que-hay-de-nuevo-en-mailstyler-2\/\",\"url\":\"https:\/\/www.newslettercreator.com\/es\/que-hay-de-nuevo-en-mailstyler-2\/\",\"name\":\"Qu\u00e9 hay de nuevo en MailStyler? - Newsletter Creator\",\"isPartOf\":{\"@id\":\"https:\/\/www.newslettercreator.com\/#website\"},\"primaryImageOfPage\":{\"@id\":\"https:\/\/www.newslettercreator.com\/es\/que-hay-de-nuevo-en-mailstyler-2\/#primaryimage\"},\"image\":{\"@id\":\"https:\/\/www.newslettercreator.com\/es\/que-hay-de-nuevo-en-mailstyler-2\/#primaryimage\"},\"thumbnailUrl\":\"http:\/\/www.newslettercreator.com\/wp-content\/uploads\/2015\/09\/why-ms2-eng.png\",\"datePublished\":\"2017-05-24T13:47:31+00:00\",\"dateModified\":\"2021-09-08T12:54:36+00:00\",\"breadcrumb\":{\"@id\":\"https:\/\/www.newslettercreator.com\/es\/que-hay-de-nuevo-en-mailstyler-2\/#breadcrumb\"},\"inLanguage\":\"es\",\"potentialAction\":[{\"@type\":\"ReadAction\",\"target\":[\"https:\/\/www.newslettercreator.com\/es\/que-hay-de-nuevo-en-mailstyler-2\/\"]}]},{\"@type\":\"ImageObject\",\"inLanguage\":\"es\",\"@id\":\"https:\/\/www.newslettercreator.com\/es\/que-hay-de-nuevo-en-mailstyler-2\/#primaryimage\",\"url\":\"http:\/\/www.newslettercreator.com\/wp-content\/uploads\/2015\/09\/why-ms2-eng.png\",\"contentUrl\":\"http:\/\/www.newslettercreator.com\/wp-content\/uploads\/2015\/09\/why-ms2-eng.png\"},{\"@type\":\"BreadcrumbList\",\"@id\":\"https:\/\/www.newslettercreator.com\/es\/que-hay-de-nuevo-en-mailstyler-2\/#breadcrumb\",\"itemListElement\":[{\"@type\":\"ListItem\",\"position\":1,\"name\":\"Home\",\"item\":\"https:\/\/www.newslettercreator.com\/es\/\"},{\"@type\":\"ListItem\",\"position\":2,\"name\":\"Qu\u00e9 hay de nuevo en MailStyler?\"}]},{\"@type\":\"WebSite\",\"@id\":\"https:\/\/www.newslettercreator.com\/#website\",\"url\":\"https:\/\/www.newslettercreator.com\/\",\"name\":\"Newsletter Creator\",\"description\":\"Pay off\",\"potentialAction\":[{\"@type\":\"SearchAction\",\"target\":{\"@type\":\"EntryPoint\",\"urlTemplate\":\"https:\/\/www.newslettercreator.com\/?s={search_term_string}\"},\"query-input\":{\"@type\":\"PropertyValueSpecification\",\"valueRequired\":true,\"valueName\":\"search_term_string\"}}],\"inLanguage\":\"es\"}]}<\/script>\n<!-- \/ Yoast SEO plugin. -->","yoast_head_json":{"title":"Qu\u00e9 hay de nuevo en MailStyler? - Newsletter Creator","robots":{"index":"index","follow":"follow","max-snippet":"max-snippet:-1","max-image-preview":"max-image-preview:large","max-video-preview":"max-video-preview:-1"},"canonical":"https:\/\/www.newslettercreator.com\/es\/que-hay-de-nuevo-en-mailstyler-2\/","og_locale":"es_ES","og_type":"article","og_title":"Qu\u00e9 hay de nuevo en MailStyler? - Newsletter Creator","og_description":"Qu\u00e9 hay de nuevo en MailStyler? Todo. S\u00f3lo la simplicidad permanece intacta debido a que el marketing por email debe ser f\u00e1cil. Descubra una amplia gama de nuevas caracter\u00edsticasCompare licencias de MailStyler","og_url":"https:\/\/www.newslettercreator.com\/es\/que-hay-de-nuevo-en-mailstyler-2\/","og_site_name":"Newsletter Creator","article_modified_time":"2021-09-08T12:54:36+00:00","og_image":[{"url":"http:\/\/www.newslettercreator.com\/wp-content\/uploads\/2015\/09\/why-ms2-eng.png","type":"","width":"","height":""}],"twitter_misc":{"Tiempo de lectura":"1 minuto"},"schema":{"@context":"https:\/\/schema.org","@graph":[{"@type":"WebPage","@id":"https:\/\/www.newslettercreator.com\/es\/que-hay-de-nuevo-en-mailstyler-2\/","url":"https:\/\/www.newslettercreator.com\/es\/que-hay-de-nuevo-en-mailstyler-2\/","name":"Qu\u00e9 hay de nuevo en MailStyler? - Newsletter Creator","isPartOf":{"@id":"https:\/\/www.newslettercreator.com\/#website"},"primaryImageOfPage":{"@id":"https:\/\/www.newslettercreator.com\/es\/que-hay-de-nuevo-en-mailstyler-2\/#primaryimage"},"image":{"@id":"https:\/\/www.newslettercreator.com\/es\/que-hay-de-nuevo-en-mailstyler-2\/#primaryimage"},"thumbnailUrl":"http:\/\/www.newslettercreator.com\/wp-content\/uploads\/2015\/09\/why-ms2-eng.png","datePublished":"2017-05-24T13:47:31+00:00","dateModified":"2021-09-08T12:54:36+00:00","breadcrumb":{"@id":"https:\/\/www.newslettercreator.com\/es\/que-hay-de-nuevo-en-mailstyler-2\/#breadcrumb"},"inLanguage":"es","potentialAction":[{"@type":"ReadAction","target":["https:\/\/www.newslettercreator.com\/es\/que-hay-de-nuevo-en-mailstyler-2\/"]}]},{"@type":"ImageObject","inLanguage":"es","@id":"https:\/\/www.newslettercreator.com\/es\/que-hay-de-nuevo-en-mailstyler-2\/#primaryimage","url":"http:\/\/www.newslettercreator.com\/wp-content\/uploads\/2015\/09\/why-ms2-eng.png","contentUrl":"http:\/\/www.newslettercreator.com\/wp-content\/uploads\/2015\/09\/why-ms2-eng.png"},{"@type":"BreadcrumbList","@id":"https:\/\/www.newslettercreator.com\/es\/que-hay-de-nuevo-en-mailstyler-2\/#breadcrumb","itemListElement":[{"@type":"ListItem","position":1,"name":"Home","item":"https:\/\/www.newslettercreator.com\/es\/"},{"@type":"ListItem","position":2,"name":"Qu\u00e9 hay de nuevo en MailStyler?"}]},{"@type":"WebSite","@id":"https:\/\/www.newslettercreator.com\/#website","url":"https:\/\/www.newslettercreator.com\/","name":"Newsletter Creator","description":"Pay off","potentialAction":[{"@type":"SearchAction","target":{"@type":"EntryPoint","urlTemplate":"https:\/\/www.newslettercreator.com\/?s={search_term_string}"},"query-input":{"@type":"PropertyValueSpecification","valueRequired":true,"valueName":"search_term_string"}}],"inLanguage":"es"}]}},"_links":{"self":[{"href":"https:\/\/www.newslettercreator.com\/es\/wp-json\/wp\/v2\/pages\/5898","targetHints":{"allow":["GET"]}}],"collection":[{"href":"https:\/\/www.newslettercreator.com\/es\/wp-json\/wp\/v2\/pages"}],"about":[{"href":"https:\/\/www.newslettercreator.com\/es\/wp-json\/wp\/v2\/types\/page"}],"author":[{"embeddable":true,"href":"https:\/\/www.newslettercreator.com\/es\/wp-json\/wp\/v2\/users\/1"}],"replies":[{"embeddable":true,"href":"https:\/\/www.newslettercreator.com\/es\/wp-json\/wp\/v2\/comments?post=5898"}],"version-history":[{"count":4,"href":"https:\/\/www.newslettercreator.com\/es\/wp-json\/wp\/v2\/pages\/5898\/revisions"}],"predecessor-version":[{"id":11401,"href":"https:\/\/www.newslettercreator.com\/es\/wp-json\/wp\/v2\/pages\/5898\/revisions\/11401"}],"wp:attachment":[{"href":"https:\/\/www.newslettercreator.com\/es\/wp-json\/wp\/v2\/media?parent=5898"}],"curies":[{"name":"wp","href":"https:\/\/api.w.org\/{rel}","templated":true}]}}