{"id":5963,"date":"2017-06-06T07:31:41","date_gmt":"2017-06-06T07:31:41","guid":{"rendered":"http:\/\/www.newslettercreator.com\/?page_id=5963\/"},"modified":"2021-09-08T15:10:26","modified_gmt":"2021-09-08T13:10:26","slug":"upgrade","status":"publish","type":"page","link":"https:\/\/www.newslettercreator.com\/es\/upgrade\/","title":{"rendered":"Actualice a MailStyler desde Basic o Pro"},"content":{"rendered":"<p style=\"background-color: #F4F4F4; text-align: center; padding: 7px; border-radius: 5px; margin-bottom: 35px;\"><i id=\"icon-1\" class=\"g1-icon g1-icon--none g1-icon--small g1-icon--inherit  fa fa-info-circle\"><\/i> <strong>Ya posee MailStyler 1<\/strong> y desea actualizar a la nueva versi\u00f3n? <a href=\"http:\/\/www.newslettercreator.com\/es\/upgrade-mailstyler-2\/\" title=\"Actualizar a MailStyler\">Presione aqu\u00ed<\/a><\/p>\n<ul class=\"g1-grid\"><li class=\"g1-column g1-one-half g1-valign-top\">\n<div id=\"upgrade-form\" class=\"form-row\">\n<div class=\"g1-message g1-message--error \" id=\"upgError\" style=\"display: none\">\n<div class=\"g1-inner\">Praesent sed mauris turpis, at molestie enim<\/div>\n<\/div>\n<p><strong>Email<\/strong>:<br \/>\n<input id=\"upg_email\" style=\"width: 100%;\" name=\"email\" type=\"text\" value=\"\" placeholder=\"email\"><\/p>\n<p>N\u00famero de <strong>licencia Basic<\/strong>:<br \/>\n<input id=\"upg_licence\" style=\"width: 100%;\" name=\"licence\" type=\"text\" value=\"\" placeholder=\"licencia Basic\"><br \/>\n<small>formato: xxxx-xxxx-xxxx-xxxx<\/small><\/p>\n<p><input id=\"upg_action\" name=\"action\" type=\"hidden\" value=\"MSUPG2BP\"><input id=\"upgrade_submit_v2\" class=\"button large orange\" type=\"submit\" value=\"ACTUALIZAR A MAILSTYLER PRO\"><\/div>\n<\/li><!-- -->\n<li class=\"g1-column g1-one-half g1-valign-top\">Actualice a MailStyler Pro, s\u00f3lo pagar\u00e1 <strong> $100<!-- USD -->,<\/strong> por ejemplo el saldo. Con MailStyler Pro usted obtiene dos <a href=\"http:\/\/www.newslettercreator.com\/es\/por-que-actualizar\/\" target=\"_blank\" rel=\"noopener\">caracter\u00edsticas impresionantes!<\/a><\/p>\n<p>Una vez adquirida la actualizaci\u00f3n, <strong>obtendr\u00e1 un nuevo c\u00f3digo de licencia Pro<\/strong>. Su versi\u00f3n Basic continuar\u00e1 activa hasta que active la versi\u00f3n Pro. Para mayor informaci\u00f3n, <a href=\"http:\/\/www.newslettercreator.com\/registration-upgrade\/\" target=\"_blank\" rel=\"noopener\">presione aqu\u00ed<\/a>.<\/p>\n<p>Si no desea recibir su licencia Pro en las pr\u00f3ximas horas, por favor escriba a <a href=\"http:\/\/support.newslettercreator.com\/?&#038;lang=es_es\" target=\"_blank\" rel=\"noopener\">nuestro equipo de soporte<\/a>.<\/li><!-- --><\/ul>\n<div>\n\r\n<script type='text\/javascript'>\r\nvar upg_lang = \"es\";\r\nvar upg_error = new Array(\r\n   \"Por favor complete ambos campos\",\r\n   \"Por favor inserte una direcci\u00f3n de email v\u00e1lida.\",\r\n   \"Por favor verifique el formato del c\u00f3digo de licencia.\",\r\n   \"No se encontr\u00f3 la licencia, por favor verifique nuevamente.\",\r\n   \"La licencia ingresada no puede ser actualizada.\",\r\n   \"El c\u00f3digo de licencia se encuentra asociado a una direcci\u00f3n de email diferente.\",\r\n   \"La licencia ya ha sido actualizada.<br>Por favor contacte a nuestro <a href=\\\"http:\/\/support.newslettercreator.com\\\">soporte t\u00e9cnico<\/a> para mayor informaci\u00f3n.\"\r\n);\r\n<\/script>\r\n\n<\/div>\n","protected":false},"excerpt":{"rendered":"<p>Ya posee MailStyler 1 y desea actualizar a la nueva versi\u00f3n? Presione aqu\u00ed<\/p>\n","protected":false},"author":1,"featured_media":0,"parent":0,"menu_order":0,"comment_status":"closed","ping_status":"closed","template":"","meta":{"inline_featured_image":false,"_monsterinsights_skip_tracking":false,"_monsterinsights_sitenote_active":false,"_monsterinsights_sitenote_note":"","_monsterinsights_sitenote_category":0,"footnotes":""},"class_list":["post-5963","page","type-page","status-publish"],"yoast_head":"<!-- This site is optimized with the Yoast SEO plugin v25.2 - https:\/\/yoast.com\/wordpress\/plugins\/seo\/ -->\n<title>Actualice a MailStyler desde Basic o Pro - Newsletter Creator<\/title>\n<meta name=\"robots\" content=\"index, follow, max-snippet:-1, max-image-preview:large, max-video-preview:-1\" \/>\n<link rel=\"canonical\" href=\"https:\/\/www.newslettercreator.com\/es\/upgrade\/\" \/>\n<meta property=\"og:locale\" content=\"es_ES\" \/>\n<meta property=\"og:type\" content=\"article\" \/>\n<meta property=\"og:title\" content=\"Actualice a MailStyler desde Basic o Pro - Newsletter Creator\" \/>\n<meta property=\"og:description\" content=\"Ya posee MailStyler 1 y desea actualizar a la nueva versi\u00f3n? Presione aqu\u00ed\" \/>\n<meta property=\"og:url\" content=\"https:\/\/www.newslettercreator.com\/es\/upgrade\/\" \/>\n<meta property=\"og:site_name\" content=\"Newsletter Creator\" \/>\n<meta property=\"article:modified_time\" content=\"2021-09-08T13:10:26+00:00\" \/>\n<meta name=\"twitter:label1\" content=\"Tiempo de lectura\" \/>\n\t<meta name=\"twitter:data1\" content=\"1 minuto\" \/>\n<script type=\"application\/ld+json\" class=\"yoast-schema-graph\">{\"@context\":\"https:\/\/schema.org\",\"@graph\":[{\"@type\":\"WebPage\",\"@id\":\"https:\/\/www.newslettercreator.com\/es\/upgrade\/\",\"url\":\"https:\/\/www.newslettercreator.com\/es\/upgrade\/\",\"name\":\"Actualice a MailStyler desde Basic o Pro - Newsletter Creator\",\"isPartOf\":{\"@id\":\"https:\/\/www.newslettercreator.com\/#website\"},\"datePublished\":\"2017-06-06T07:31:41+00:00\",\"dateModified\":\"2021-09-08T13:10:26+00:00\",\"breadcrumb\":{\"@id\":\"https:\/\/www.newslettercreator.com\/es\/upgrade\/#breadcrumb\"},\"inLanguage\":\"es\",\"potentialAction\":[{\"@type\":\"ReadAction\",\"target\":[\"https:\/\/www.newslettercreator.com\/es\/upgrade\/\"]}]},{\"@type\":\"BreadcrumbList\",\"@id\":\"https:\/\/www.newslettercreator.com\/es\/upgrade\/#breadcrumb\",\"itemListElement\":[{\"@type\":\"ListItem\",\"position\":1,\"name\":\"Home\",\"item\":\"https:\/\/www.newslettercreator.com\/es\/\"},{\"@type\":\"ListItem\",\"position\":2,\"name\":\"Actualice a MailStyler desde Basic o Pro\"}]},{\"@type\":\"WebSite\",\"@id\":\"https:\/\/www.newslettercreator.com\/#website\",\"url\":\"https:\/\/www.newslettercreator.com\/\",\"name\":\"Newsletter Creator\",\"description\":\"Pay off\",\"potentialAction\":[{\"@type\":\"SearchAction\",\"target\":{\"@type\":\"EntryPoint\",\"urlTemplate\":\"https:\/\/www.newslettercreator.com\/?s={search_term_string}\"},\"query-input\":{\"@type\":\"PropertyValueSpecification\",\"valueRequired\":true,\"valueName\":\"search_term_string\"}}],\"inLanguage\":\"es\"}]}<\/script>\n<!-- \/ Yoast SEO plugin. -->","yoast_head_json":{"title":"Actualice a MailStyler desde Basic o Pro - Newsletter Creator","robots":{"index":"index","follow":"follow","max-snippet":"max-snippet:-1","max-image-preview":"max-image-preview:large","max-video-preview":"max-video-preview:-1"},"canonical":"https:\/\/www.newslettercreator.com\/es\/upgrade\/","og_locale":"es_ES","og_type":"article","og_title":"Actualice a MailStyler desde Basic o Pro - Newsletter Creator","og_description":"Ya posee MailStyler 1 y desea actualizar a la nueva versi\u00f3n? Presione aqu\u00ed","og_url":"https:\/\/www.newslettercreator.com\/es\/upgrade\/","og_site_name":"Newsletter Creator","article_modified_time":"2021-09-08T13:10:26+00:00","twitter_misc":{"Tiempo de lectura":"1 minuto"},"schema":{"@context":"https:\/\/schema.org","@graph":[{"@type":"WebPage","@id":"https:\/\/www.newslettercreator.com\/es\/upgrade\/","url":"https:\/\/www.newslettercreator.com\/es\/upgrade\/","name":"Actualice a MailStyler desde Basic o Pro - Newsletter Creator","isPartOf":{"@id":"https:\/\/www.newslettercreator.com\/#website"},"datePublished":"2017-06-06T07:31:41+00:00","dateModified":"2021-09-08T13:10:26+00:00","breadcrumb":{"@id":"https:\/\/www.newslettercreator.com\/es\/upgrade\/#breadcrumb"},"inLanguage":"es","potentialAction":[{"@type":"ReadAction","target":["https:\/\/www.newslettercreator.com\/es\/upgrade\/"]}]},{"@type":"BreadcrumbList","@id":"https:\/\/www.newslettercreator.com\/es\/upgrade\/#breadcrumb","itemListElement":[{"@type":"ListItem","position":1,"name":"Home","item":"https:\/\/www.newslettercreator.com\/es\/"},{"@type":"ListItem","position":2,"name":"Actualice a MailStyler desde Basic o Pro"}]},{"@type":"WebSite","@id":"https:\/\/www.newslettercreator.com\/#website","url":"https:\/\/www.newslettercreator.com\/","name":"Newsletter Creator","description":"Pay off","potentialAction":[{"@type":"SearchAction","target":{"@type":"EntryPoint","urlTemplate":"https:\/\/www.newslettercreator.com\/?s={search_term_string}"},"query-input":{"@type":"PropertyValueSpecification","valueRequired":true,"valueName":"search_term_string"}}],"inLanguage":"es"}]}},"_links":{"self":[{"href":"https:\/\/www.newslettercreator.com\/es\/wp-json\/wp\/v2\/pages\/5963","targetHints":{"allow":["GET"]}}],"collection":[{"href":"https:\/\/www.newslettercreator.com\/es\/wp-json\/wp\/v2\/pages"}],"about":[{"href":"https:\/\/www.newslettercreator.com\/es\/wp-json\/wp\/v2\/types\/page"}],"author":[{"embeddable":true,"href":"https:\/\/www.newslettercreator.com\/es\/wp-json\/wp\/v2\/users\/1"}],"replies":[{"embeddable":true,"href":"https:\/\/www.newslettercreator.com\/es\/wp-json\/wp\/v2\/comments?post=5963"}],"version-history":[{"count":6,"href":"https:\/\/www.newslettercreator.com\/es\/wp-json\/wp\/v2\/pages\/5963\/revisions"}],"predecessor-version":[{"id":11420,"href":"https:\/\/www.newslettercreator.com\/es\/wp-json\/wp\/v2\/pages\/5963\/revisions\/11420"}],"wp:attachment":[{"href":"https:\/\/www.newslettercreator.com\/es\/wp-json\/wp\/v2\/media?parent=5963"}],"curies":[{"name":"wp","href":"https:\/\/api.w.org\/{rel}","templated":true}]}}