{"id":5968,"date":"2017-06-06T08:12:37","date_gmt":"2017-06-06T08:12:37","guid":{"rendered":"http:\/\/www.newslettercreator.com\/?page_id=5968\/"},"modified":"2021-09-08T15:23:41","modified_gmt":"2021-09-08T13:23:41","slug":"actualizacion-gratis-mailstyler-2","status":"publish","type":"page","link":"https:\/\/www.newslettercreator.com\/es\/actualizacion-gratis-mailstyler-2\/","title":{"rendered":"Actualizaci\u00f3n Gratis a MailStyler"},"content":{"rendered":"<ul class=\"g1-grid\"><li class=\"g1-column g1-one-half g1-valign-top\">\n<div id=\"upgrade-form\" class=\"form-row\">\n<div class=\"g1-message g1-message--error \" id=\"upgError\" style=\"display: none\">\n<div class=\"g1-inner\">Praesent sed mauris turpis, at molestie enim<\/div>\n<\/div>\n<p><strong>Email<\/strong>:<br \/>\n<input id=\"upg_email\" style=\"width: 100%;\" name=\"email\" type=\"text\" value=\"\" placeholder=\"email\"><\/p>\n<p><strong>N\u00famero de c\u00f3digo<\/strong> de licencia:<br \/>\n<input id=\"upg_licence\" style=\"width: 100%;\" name=\"licence\" type=\"text\" value=\"\" placeholder=\"Su c\u00f3digo de licencia\"><br \/>\n<small>formato: xxxx-xxxx-xxxx-xxxx<\/small><\/p>\n<p><input id=\"upg_action\" name=\"action\" type=\"hidden\" value=\"MSUPGFREE\"><input id=\"upgrade_submit_v2\" class=\"button large orange\" type=\"submit\" value=\"ACTUALICE AHORA\"><\/div>\n<\/li><!-- -->\n<li class=\"g1-column g1-one-half g1-valign-top\"><strong>Si ha adquirido MailStyler 1 entre febrero de 2017 y mayo de 2017, puede actualizar gratis a MailStyler!<\/strong><\/p>\n<p>Para obtener su licencia de MailStyle, necesita lo siguiente:<\/p>\n<ul>\n<li>La direcci\u00f3n de email original utilizada para adquirir MailStyler 1 Basic o Pro<\/li>\n<li>La clave de licencia que ha recibido al adquirir MailStyler 1<\/li>\n<\/ul>\n<p><strong>Si posee cualquier tipo de problemas, por favor verifique la informaci\u00f3n ingresada<\/strong> (preste atenci\u00f3n a la gram\u00e1tica) e intente nuevamente: recuerde que tanto la direcci\u00f3n de email como el c\u00f3digo de licencia deben ser ingresados en forma exacta como fueron enviados por nuestro personal.<br \/>\n<\/li><!-- --><\/ul>\n<div>\n\r\n<script type='text\/javascript'>\r\nvar upg_lang = \"es\";\r\nvar upg_error = new Array(\r\n\/* 01 *\/  \"Por favor complete ambos campos\",\r\n\/* 02 *\/   \"Por favor inserte una direcci\u00f3n de email v\u00e1lida.\",\r\n\/* 03 *\/   \"Por favor verifique el formato del c\u00f3digo de licencia.\",\r\n\/* 04 *\/   \"No se encontr\u00f3 la licencia, por favor verifique nuevamente.\",\r\n\/* 05 *\/   \"La licencia ingresada no puede ser actualizada.\",\r\n\/* 06 *\/   \"El c\u00f3digo de licencia se encuentra asociado a un email difrente.\",\r\n\/* 07 *\/   \"La licencia ya ha sido actualizada.<br>Por favor contacte nuestro <a href=\\\"http:\/\/support.newslettercreator.com\\\">soporte t\u00e9cnico<\/a> para m\u00e1s informaci\u00f3n.\",\r\n\/* 08 *\/   \"\",\r\n\/* 09 *\/   \"\",\r\n\/* 10 *\/   \"La licencia ha sido adquirida antes de Enero del 2017: no se permite la actualizaci\u00f3n gratuita.\",\r\n\/* 11 *\/   \"No hemos podido localizar la orden de su n\u00famero de licencia.<br>Por favor contacte <a href=\\\"http:\/\/support.newslettercreator.com\\\">nuestro soporte t\u00e9cnico <\/a> para m\u00e1s informaci\u00f3n.\",\r\n\/* 12 *\/   \"No es posible verificar autom\u00e1ticamente si su licencia es elegible para una actualizaci\u00f3n gratuita.<br>Por favor contacte <a href=\\\"http:\/\/support.newslettercreator.com\\\">nuestro soporte t\u00e9cnico <\/a> para m\u00e1s informaci\u00f3n.\"\r\n);\r\n<\/script>\r\n\n<\/div>\n","protected":false},"excerpt":{"rendered":"","protected":false},"author":1,"featured_media":0,"parent":0,"menu_order":0,"comment_status":"closed","ping_status":"closed","template":"","meta":{"inline_featured_image":false,"_monsterinsights_skip_tracking":false,"_monsterinsights_sitenote_active":false,"_monsterinsights_sitenote_note":"","_monsterinsights_sitenote_category":0,"footnotes":""},"class_list":["post-5968","page","type-page","status-publish"],"yoast_head":"<!-- This site is optimized with the Yoast SEO plugin v25.2 - https:\/\/yoast.com\/wordpress\/plugins\/seo\/ -->\n<title>Actualizaci\u00f3n Gratis a MailStyler - Newsletter Creator<\/title>\n<meta name=\"robots\" content=\"index, follow, max-snippet:-1, max-image-preview:large, max-video-preview:-1\" \/>\n<link rel=\"canonical\" href=\"https:\/\/www.newslettercreator.com\/es\/actualizacion-gratis-mailstyler-2\/\" \/>\n<meta property=\"og:locale\" content=\"es_ES\" \/>\n<meta property=\"og:type\" content=\"article\" \/>\n<meta property=\"og:title\" content=\"Actualizaci\u00f3n Gratis a MailStyler - Newsletter Creator\" \/>\n<meta property=\"og:url\" content=\"https:\/\/www.newslettercreator.com\/es\/actualizacion-gratis-mailstyler-2\/\" \/>\n<meta property=\"og:site_name\" content=\"Newsletter Creator\" \/>\n<meta property=\"article:modified_time\" content=\"2021-09-08T13:23:41+00:00\" \/>\n<meta name=\"twitter:label1\" content=\"Tiempo de lectura\" \/>\n\t<meta name=\"twitter:data1\" content=\"1 minuto\" \/>\n<script type=\"application\/ld+json\" class=\"yoast-schema-graph\">{\"@context\":\"https:\/\/schema.org\",\"@graph\":[{\"@type\":\"WebPage\",\"@id\":\"https:\/\/www.newslettercreator.com\/es\/actualizacion-gratis-mailstyler-2\/\",\"url\":\"https:\/\/www.newslettercreator.com\/es\/actualizacion-gratis-mailstyler-2\/\",\"name\":\"Actualizaci\u00f3n Gratis a MailStyler - Newsletter Creator\",\"isPartOf\":{\"@id\":\"https:\/\/www.newslettercreator.com\/#website\"},\"datePublished\":\"2017-06-06T08:12:37+00:00\",\"dateModified\":\"2021-09-08T13:23:41+00:00\",\"breadcrumb\":{\"@id\":\"https:\/\/www.newslettercreator.com\/es\/actualizacion-gratis-mailstyler-2\/#breadcrumb\"},\"inLanguage\":\"es\",\"potentialAction\":[{\"@type\":\"ReadAction\",\"target\":[\"https:\/\/www.newslettercreator.com\/es\/actualizacion-gratis-mailstyler-2\/\"]}]},{\"@type\":\"BreadcrumbList\",\"@id\":\"https:\/\/www.newslettercreator.com\/es\/actualizacion-gratis-mailstyler-2\/#breadcrumb\",\"itemListElement\":[{\"@type\":\"ListItem\",\"position\":1,\"name\":\"Home\",\"item\":\"https:\/\/www.newslettercreator.com\/es\/\"},{\"@type\":\"ListItem\",\"position\":2,\"name\":\"Actualizaci\u00f3n Gratis a MailStyler\"}]},{\"@type\":\"WebSite\",\"@id\":\"https:\/\/www.newslettercreator.com\/#website\",\"url\":\"https:\/\/www.newslettercreator.com\/\",\"name\":\"Newsletter Creator\",\"description\":\"Pay off\",\"potentialAction\":[{\"@type\":\"SearchAction\",\"target\":{\"@type\":\"EntryPoint\",\"urlTemplate\":\"https:\/\/www.newslettercreator.com\/?s={search_term_string}\"},\"query-input\":{\"@type\":\"PropertyValueSpecification\",\"valueRequired\":true,\"valueName\":\"search_term_string\"}}],\"inLanguage\":\"es\"}]}<\/script>\n<!-- \/ Yoast SEO plugin. -->","yoast_head_json":{"title":"Actualizaci\u00f3n Gratis a MailStyler - Newsletter Creator","robots":{"index":"index","follow":"follow","max-snippet":"max-snippet:-1","max-image-preview":"max-image-preview:large","max-video-preview":"max-video-preview:-1"},"canonical":"https:\/\/www.newslettercreator.com\/es\/actualizacion-gratis-mailstyler-2\/","og_locale":"es_ES","og_type":"article","og_title":"Actualizaci\u00f3n Gratis a MailStyler - Newsletter Creator","og_url":"https:\/\/www.newslettercreator.com\/es\/actualizacion-gratis-mailstyler-2\/","og_site_name":"Newsletter Creator","article_modified_time":"2021-09-08T13:23:41+00:00","twitter_misc":{"Tiempo de lectura":"1 minuto"},"schema":{"@context":"https:\/\/schema.org","@graph":[{"@type":"WebPage","@id":"https:\/\/www.newslettercreator.com\/es\/actualizacion-gratis-mailstyler-2\/","url":"https:\/\/www.newslettercreator.com\/es\/actualizacion-gratis-mailstyler-2\/","name":"Actualizaci\u00f3n Gratis a MailStyler - Newsletter Creator","isPartOf":{"@id":"https:\/\/www.newslettercreator.com\/#website"},"datePublished":"2017-06-06T08:12:37+00:00","dateModified":"2021-09-08T13:23:41+00:00","breadcrumb":{"@id":"https:\/\/www.newslettercreator.com\/es\/actualizacion-gratis-mailstyler-2\/#breadcrumb"},"inLanguage":"es","potentialAction":[{"@type":"ReadAction","target":["https:\/\/www.newslettercreator.com\/es\/actualizacion-gratis-mailstyler-2\/"]}]},{"@type":"BreadcrumbList","@id":"https:\/\/www.newslettercreator.com\/es\/actualizacion-gratis-mailstyler-2\/#breadcrumb","itemListElement":[{"@type":"ListItem","position":1,"name":"Home","item":"https:\/\/www.newslettercreator.com\/es\/"},{"@type":"ListItem","position":2,"name":"Actualizaci\u00f3n Gratis a MailStyler"}]},{"@type":"WebSite","@id":"https:\/\/www.newslettercreator.com\/#website","url":"https:\/\/www.newslettercreator.com\/","name":"Newsletter Creator","description":"Pay off","potentialAction":[{"@type":"SearchAction","target":{"@type":"EntryPoint","urlTemplate":"https:\/\/www.newslettercreator.com\/?s={search_term_string}"},"query-input":{"@type":"PropertyValueSpecification","valueRequired":true,"valueName":"search_term_string"}}],"inLanguage":"es"}]}},"_links":{"self":[{"href":"https:\/\/www.newslettercreator.com\/es\/wp-json\/wp\/v2\/pages\/5968","targetHints":{"allow":["GET"]}}],"collection":[{"href":"https:\/\/www.newslettercreator.com\/es\/wp-json\/wp\/v2\/pages"}],"about":[{"href":"https:\/\/www.newslettercreator.com\/es\/wp-json\/wp\/v2\/types\/page"}],"author":[{"embeddable":true,"href":"https:\/\/www.newslettercreator.com\/es\/wp-json\/wp\/v2\/users\/1"}],"replies":[{"embeddable":true,"href":"https:\/\/www.newslettercreator.com\/es\/wp-json\/wp\/v2\/comments?post=5968"}],"version-history":[{"count":2,"href":"https:\/\/www.newslettercreator.com\/es\/wp-json\/wp\/v2\/pages\/5968\/revisions"}],"predecessor-version":[{"id":11432,"href":"https:\/\/www.newslettercreator.com\/es\/wp-json\/wp\/v2\/pages\/5968\/revisions\/11432"}],"wp:attachment":[{"href":"https:\/\/www.newslettercreator.com\/es\/wp-json\/wp\/v2\/media?parent=5968"}],"curies":[{"name":"wp","href":"https:\/\/api.w.org\/{rel}","templated":true}]}}