{"id":6738,"date":"2018-03-26T08:41:20","date_gmt":"2018-03-26T08:41:20","guid":{"rendered":"http:\/\/www.newslettercreator.com\/?page_id=6738\/"},"modified":"2022-12-14T09:59:45","modified_gmt":"2022-12-14T08:59:45","slug":"renovacion-suscripcion","status":"publish","type":"page","link":"https:\/\/www.newslettercreator.com\/es\/renovacion-suscripcion\/","title":{"rendered":"Renovaci\u00f3n de la suscripci\u00f3n a MailStyler"},"content":{"rendered":"<ul class=\"g1-grid\"><li class=\"g1-column g1-one-half g1-valign-top\">\n<div id=\"upgrade-form\" class=\"form-row\">\n<div class=\"g1-message g1-message--error \" id=\"upgError\" style=\"display: none\">\n<div class=\"g1-inner\">Praesent sed mauris turpis, at molestie enim<\/div>\n<\/div>\n<p><strong>Email<\/strong>:<br \/>\n<input id=\"upg_email\" style=\"width: 100%;\" name=\"email\" type=\"text\" value=\"\" placeholder=\"email\"><\/p>\n<p><strong>N\u00famero<\/strong> de licencia:<br \/>\n<input id=\"upg_licence\" style=\"width: 100%;\" name=\"licence\" type=\"text\" value=\"\" placeholder=\"n\u00famero de licencia\" \/><br \/>\n<small>formato: xxxx-xxxx-xxxx-xxxx<\/small><\/p>\n<p><input id=\"upg_action\" name=\"action\" type=\"hidden\" value=\"MSRENEW\"><input id=\"upgrade_submit_v2\" class=\"button large orange\" type=\"submit\" value=\"RENOVAR AHORA\"><\/div>\n<\/li><!-- -->\n<li class=\"g1-column g1-one-half g1-valign-top\">\u00a1Renueva tu suscripci\u00f3n a MailStyler! Solo <strong>$59<!-- USD --> por la versi\u00f3n Basic<\/strong>, <strong>$99<!-- USD --> por la Pro<\/strong> y <strong>$199<!-- USD --> por la Server<\/strong>. Adem\u00e1s, recibir\u00e1s todas las <strong>actualizaciones de software<\/strong> y el servicio de <strong>asistencia Premium<\/strong> durante 12 meses.<\/p>\n<p>Cuando termine la suscripci\u00f3n anual, MailStyler continuar\u00e1 en funcionamiento sin restricciones, pero no tendr\u00e1s acceso a la asistencia Premium ni a las nuevas herramientas de cada actualizaci\u00f3n.<\/li><!-- --><\/ul>\n<div>\n\r\n<script type='text\/javascript'>\r\nvar upg_lang = \"es\";\r\nvar upg_error = new Array(\r\n   \"Por favor complete ambos campos\",\r\n   \"Por favor inserte una direcci\u00f3n de email v\u00e1lida.\",\r\n   \"Por favor verifique el formato del c\u00f3digo de licencia.\",\r\n   \"No se encontr\u00f3 la licencia, por favor verifique nuevamente.\",\r\n   \"La licencia ingresada no puede actualizarse.\",\r\n   \"El c\u00f3digo de licencia est\u00e1 asociado a un email diferente.\",\r\n   \"La licencia ya ha sido actualizada.<br>Por favor contacte nuestro <a href=\\\"http:\/\/support.newslettercreator.com\/?&lang=es\\\">soporte t\u00e9cnico<\/a> para m\u00e1s informaci\u00f3n.\",\r\n   \"Tu suscripci\u00f3n finalizar\u00e1 el [DATE].<br>Puedes renovar su suscripci\u00f3n en el periodo de 30 d\u00edas anterior a la fecha de finalizaci\u00f3n.\",\r\n   \"Hemos detectado un error en tu suscripci\u00f3n.<br>Por favor, contacta con nuestro <a href=\\\"http:\/\/support.newslettercreator.com\/?&lang=es\\\">soporte t\u00e9cnico<\/a> para m\u00e1s informaci\u00f3n.\"\r\n);\r\n<\/script>\r\n\n<\/div>\n","protected":false},"excerpt":{"rendered":"","protected":false},"author":1,"featured_media":0,"parent":0,"menu_order":0,"comment_status":"closed","ping_status":"closed","template":"","meta":{"inline_featured_image":false,"_monsterinsights_skip_tracking":false,"_monsterinsights_sitenote_active":false,"_monsterinsights_sitenote_note":"","_monsterinsights_sitenote_category":0,"footnotes":""},"class_list":["post-6738","page","type-page","status-publish"],"yoast_head":"<!-- This site is optimized with the Yoast SEO plugin v25.2 - https:\/\/yoast.com\/wordpress\/plugins\/seo\/ -->\n<title>Renovaci\u00f3n de la suscripci\u00f3n a MailStyler - Newsletter Creator<\/title>\n<meta name=\"robots\" content=\"index, follow, max-snippet:-1, max-image-preview:large, max-video-preview:-1\" \/>\n<link rel=\"canonical\" href=\"https:\/\/www.newslettercreator.com\/es\/renovacion-suscripcion\/\" \/>\n<meta property=\"og:locale\" content=\"es_ES\" \/>\n<meta property=\"og:type\" content=\"article\" \/>\n<meta property=\"og:title\" content=\"Renovaci\u00f3n de la suscripci\u00f3n a MailStyler - Newsletter Creator\" \/>\n<meta property=\"og:url\" content=\"https:\/\/www.newslettercreator.com\/es\/renovacion-suscripcion\/\" \/>\n<meta property=\"og:site_name\" content=\"Newsletter Creator\" \/>\n<meta property=\"article:modified_time\" content=\"2022-12-14T08:59:45+00:00\" \/>\n<meta name=\"twitter:label1\" content=\"Tiempo de lectura\" \/>\n\t<meta name=\"twitter:data1\" content=\"1 minuto\" \/>\n<script type=\"application\/ld+json\" class=\"yoast-schema-graph\">{\"@context\":\"https:\/\/schema.org\",\"@graph\":[{\"@type\":\"WebPage\",\"@id\":\"https:\/\/www.newslettercreator.com\/es\/renovacion-suscripcion\/\",\"url\":\"https:\/\/www.newslettercreator.com\/es\/renovacion-suscripcion\/\",\"name\":\"Renovaci\u00f3n de la suscripci\u00f3n a MailStyler - Newsletter Creator\",\"isPartOf\":{\"@id\":\"https:\/\/www.newslettercreator.com\/#website\"},\"datePublished\":\"2018-03-26T08:41:20+00:00\",\"dateModified\":\"2022-12-14T08:59:45+00:00\",\"breadcrumb\":{\"@id\":\"https:\/\/www.newslettercreator.com\/es\/renovacion-suscripcion\/#breadcrumb\"},\"inLanguage\":\"es\",\"potentialAction\":[{\"@type\":\"ReadAction\",\"target\":[\"https:\/\/www.newslettercreator.com\/es\/renovacion-suscripcion\/\"]}]},{\"@type\":\"BreadcrumbList\",\"@id\":\"https:\/\/www.newslettercreator.com\/es\/renovacion-suscripcion\/#breadcrumb\",\"itemListElement\":[{\"@type\":\"ListItem\",\"position\":1,\"name\":\"Home\",\"item\":\"https:\/\/www.newslettercreator.com\/es\/\"},{\"@type\":\"ListItem\",\"position\":2,\"name\":\"Renovaci\u00f3n de la suscripci\u00f3n a MailStyler\"}]},{\"@type\":\"WebSite\",\"@id\":\"https:\/\/www.newslettercreator.com\/#website\",\"url\":\"https:\/\/www.newslettercreator.com\/\",\"name\":\"Newsletter Creator\",\"description\":\"Pay off\",\"potentialAction\":[{\"@type\":\"SearchAction\",\"target\":{\"@type\":\"EntryPoint\",\"urlTemplate\":\"https:\/\/www.newslettercreator.com\/?s={search_term_string}\"},\"query-input\":{\"@type\":\"PropertyValueSpecification\",\"valueRequired\":true,\"valueName\":\"search_term_string\"}}],\"inLanguage\":\"es\"}]}<\/script>\n<!-- \/ Yoast SEO plugin. -->","yoast_head_json":{"title":"Renovaci\u00f3n de la suscripci\u00f3n a MailStyler - Newsletter Creator","robots":{"index":"index","follow":"follow","max-snippet":"max-snippet:-1","max-image-preview":"max-image-preview:large","max-video-preview":"max-video-preview:-1"},"canonical":"https:\/\/www.newslettercreator.com\/es\/renovacion-suscripcion\/","og_locale":"es_ES","og_type":"article","og_title":"Renovaci\u00f3n de la suscripci\u00f3n a MailStyler - Newsletter Creator","og_url":"https:\/\/www.newslettercreator.com\/es\/renovacion-suscripcion\/","og_site_name":"Newsletter Creator","article_modified_time":"2022-12-14T08:59:45+00:00","twitter_misc":{"Tiempo de lectura":"1 minuto"},"schema":{"@context":"https:\/\/schema.org","@graph":[{"@type":"WebPage","@id":"https:\/\/www.newslettercreator.com\/es\/renovacion-suscripcion\/","url":"https:\/\/www.newslettercreator.com\/es\/renovacion-suscripcion\/","name":"Renovaci\u00f3n de la suscripci\u00f3n a MailStyler - Newsletter Creator","isPartOf":{"@id":"https:\/\/www.newslettercreator.com\/#website"},"datePublished":"2018-03-26T08:41:20+00:00","dateModified":"2022-12-14T08:59:45+00:00","breadcrumb":{"@id":"https:\/\/www.newslettercreator.com\/es\/renovacion-suscripcion\/#breadcrumb"},"inLanguage":"es","potentialAction":[{"@type":"ReadAction","target":["https:\/\/www.newslettercreator.com\/es\/renovacion-suscripcion\/"]}]},{"@type":"BreadcrumbList","@id":"https:\/\/www.newslettercreator.com\/es\/renovacion-suscripcion\/#breadcrumb","itemListElement":[{"@type":"ListItem","position":1,"name":"Home","item":"https:\/\/www.newslettercreator.com\/es\/"},{"@type":"ListItem","position":2,"name":"Renovaci\u00f3n de la suscripci\u00f3n a MailStyler"}]},{"@type":"WebSite","@id":"https:\/\/www.newslettercreator.com\/#website","url":"https:\/\/www.newslettercreator.com\/","name":"Newsletter Creator","description":"Pay off","potentialAction":[{"@type":"SearchAction","target":{"@type":"EntryPoint","urlTemplate":"https:\/\/www.newslettercreator.com\/?s={search_term_string}"},"query-input":{"@type":"PropertyValueSpecification","valueRequired":true,"valueName":"search_term_string"}}],"inLanguage":"es"}]}},"_links":{"self":[{"href":"https:\/\/www.newslettercreator.com\/es\/wp-json\/wp\/v2\/pages\/6738","targetHints":{"allow":["GET"]}}],"collection":[{"href":"https:\/\/www.newslettercreator.com\/es\/wp-json\/wp\/v2\/pages"}],"about":[{"href":"https:\/\/www.newslettercreator.com\/es\/wp-json\/wp\/v2\/types\/page"}],"author":[{"embeddable":true,"href":"https:\/\/www.newslettercreator.com\/es\/wp-json\/wp\/v2\/users\/1"}],"replies":[{"embeddable":true,"href":"https:\/\/www.newslettercreator.com\/es\/wp-json\/wp\/v2\/comments?post=6738"}],"version-history":[{"count":6,"href":"https:\/\/www.newslettercreator.com\/es\/wp-json\/wp\/v2\/pages\/6738\/revisions"}],"predecessor-version":[{"id":11806,"href":"https:\/\/www.newslettercreator.com\/es\/wp-json\/wp\/v2\/pages\/6738\/revisions\/11806"}],"wp:attachment":[{"href":"https:\/\/www.newslettercreator.com\/es\/wp-json\/wp\/v2\/media?parent=6738"}],"curies":[{"name":"wp","href":"https:\/\/api.w.org\/{rel}","templated":true}]}}