{"id":7100,"date":"2018-07-13T08:22:43","date_gmt":"2018-07-13T08:22:43","guid":{"rendered":"https:\/\/www.newslettercreator.com\/?page_id=7100"},"modified":"2018-07-13T08:22:43","modified_gmt":"2018-07-13T08:22:43","slug":"descargue-su-version-de-mailstyler","status":"publish","type":"page","link":"https:\/\/www.newslettercreator.com\/es\/descargue-su-version-de-mailstyler\/","title":{"rendered":"Descargue su versi\u00f3n de MailStyler"},"content":{"rendered":"<p style=\"text-align: center;\">Ingrese su clave de licencia y descargue la \u00faltima versi\u00f3n disponible para usted:<\/p>\n<div id=\"dlError\" class=\"g1-message g1-message--error \" style=\"display: none;\">\n<div class=\"g1-inner\">Praesent sed mauris turpis, at molestie enim<\/div>\n<\/div>\n<p style=\"text-align: center;\"><input id=\"dl_lang\" name=\"dl_lang\" type=\"hidden\" value=\"it\" \/><input id=\"dl_licence\" name=\"dl_licence\" type=\"text\" value=\"\" placeholder=\"xxxx-xxxx-xxxx-xxxx\" \/> <input id=\"dl_my_version\" name=\"dl_my_version\" type=\"button\" value=\"Descargar Ahora\" \/><\/p>\n<div id=\"upgrade_notice\" style=\"display: none;\">\n<div id=\"g1-message-1\" class=\"g1-message g1-message--info \" ><div class=\"g1-inner\"><strong>Ops, su suscripci\u00f3n ha expirado\u00a0\ud83d\ude41<\/strong><br \/>\nSi desea descargar la \u00faltima versi\u00f3n de MailStyler, debe renovar su suscripci\u00f3n.<\/div><\/div>\n<h2>Porqu\u00e9 Renovar Su Suscripci\u00f3n<\/h2>\n<p>Usted deber\u00eda actualizar continuamente a las \u00faltimas tendencias para crear emails para <strong>campa\u00f1as exitosas<\/strong>.<\/p>\n<p>Si no pose tiempo, lo haremos por usted!<br \/>\nConstantemente desarrollamos<strong> funciones innovadoras y plantillas \u00fanicas<\/strong>, siguiendo las \u00faltimas tendencias en marketing por email.<\/p>\n<p>Siempre estar\u00e1 un <strong>paso adelante a sus competidores<\/strong> con la \u00faltima versi\u00f3n de MailStyler.<\/p>\n<h3 style=\"text-align: center;\">Renueve su suscripci\u00f3n y descargue la \u00faltima versi\u00f3n de MailStyler<\/h3>\n<p style=\"text-align: center;\"><a id=\"upgrade_button\" class=\"g1-button g1-button--big g1-button--solid g1-button--standard \" href=\"#\" ><i class=\"fa fa-arrow-right\"><\/i>Renovar Mi Suscripci\u00f3n!<\/a><br \/>\n<a id=\"download_link\" title=\"\" href=\"#\">No, gracias, descargar mi versi\u00f3n de MailStyler<\/a><\/p>\n<\/div>\n<div>\r\n<script type='text\/javascript'>\r\nvar dl_lang = \"es\";\r\nvar dl_error = new Array(\r\n   \"Por favor complete el campo de licencia\",\r\n   \"Por favor verifique el formato del c\u00f3digo de licencia\",\r\n   \"Licencia no encontrada, por favor verifique nuevamente\",\r\n);\r\n<\/script>\r\n<\/div>\n","protected":false},"excerpt":{"rendered":"<p>Ingrese su clave de licencia y descargue la \u00faltima versi\u00f3n disponible para usted: Praesent sed mauris turpis, at molestie enim Porqu\u00e9 Renovar Su Suscripci\u00f3n Usted deber\u00eda actualizar continuamente a las \u00faltimas tendencias para crear emails para campa\u00f1as exitosas. Si no pose tiempo, lo haremos por usted! Constantemente desarrollamos funciones innovadoras y plantillas \u00fanicas, siguiendo las [&hellip;]<\/p>\n","protected":false},"author":2,"featured_media":0,"parent":0,"menu_order":0,"comment_status":"closed","ping_status":"closed","template":"","meta":{"inline_featured_image":false,"_monsterinsights_skip_tracking":false,"_monsterinsights_sitenote_active":false,"_monsterinsights_sitenote_note":"","_monsterinsights_sitenote_category":0,"footnotes":""},"class_list":["post-7100","page","type-page","status-publish"],"yoast_head":"<!-- This site is optimized with the Yoast SEO plugin v25.2 - https:\/\/yoast.com\/wordpress\/plugins\/seo\/ -->\n<title>Descargue su versi\u00f3n de MailStyler - Newsletter Creator<\/title>\n<meta name=\"robots\" content=\"index, follow, max-snippet:-1, max-image-preview:large, max-video-preview:-1\" \/>\n<link rel=\"canonical\" href=\"https:\/\/www.newslettercreator.com\/es\/descargue-su-version-de-mailstyler\/\" \/>\n<meta property=\"og:locale\" content=\"es_ES\" \/>\n<meta property=\"og:type\" content=\"article\" \/>\n<meta property=\"og:title\" content=\"Descargue su versi\u00f3n de MailStyler - Newsletter Creator\" \/>\n<meta property=\"og:description\" content=\"Ingrese su clave de licencia y descargue la \u00faltima versi\u00f3n disponible para usted: Praesent sed mauris turpis, at molestie enim Porqu\u00e9 Renovar Su Suscripci\u00f3n Usted deber\u00eda actualizar continuamente a las \u00faltimas tendencias para crear emails para campa\u00f1as exitosas. Si no pose tiempo, lo haremos por usted! Constantemente desarrollamos funciones innovadoras y plantillas \u00fanicas, siguiendo las [&hellip;]\" \/>\n<meta property=\"og:url\" content=\"https:\/\/www.newslettercreator.com\/es\/descargue-su-version-de-mailstyler\/\" \/>\n<meta property=\"og:site_name\" content=\"Newsletter Creator\" \/>\n<meta name=\"twitter:label1\" content=\"Tiempo de lectura\" \/>\n\t<meta name=\"twitter:data1\" content=\"1 minuto\" \/>\n<script type=\"application\/ld+json\" class=\"yoast-schema-graph\">{\"@context\":\"https:\/\/schema.org\",\"@graph\":[{\"@type\":\"WebPage\",\"@id\":\"https:\/\/www.newslettercreator.com\/es\/descargue-su-version-de-mailstyler\/\",\"url\":\"https:\/\/www.newslettercreator.com\/es\/descargue-su-version-de-mailstyler\/\",\"name\":\"Descargue su versi\u00f3n de MailStyler - Newsletter Creator\",\"isPartOf\":{\"@id\":\"https:\/\/www.newslettercreator.com\/#website\"},\"datePublished\":\"2018-07-13T08:22:43+00:00\",\"breadcrumb\":{\"@id\":\"https:\/\/www.newslettercreator.com\/es\/descargue-su-version-de-mailstyler\/#breadcrumb\"},\"inLanguage\":\"es\",\"potentialAction\":[{\"@type\":\"ReadAction\",\"target\":[\"https:\/\/www.newslettercreator.com\/es\/descargue-su-version-de-mailstyler\/\"]}]},{\"@type\":\"BreadcrumbList\",\"@id\":\"https:\/\/www.newslettercreator.com\/es\/descargue-su-version-de-mailstyler\/#breadcrumb\",\"itemListElement\":[{\"@type\":\"ListItem\",\"position\":1,\"name\":\"Home\",\"item\":\"https:\/\/www.newslettercreator.com\/es\/\"},{\"@type\":\"ListItem\",\"position\":2,\"name\":\"Descargue su versi\u00f3n de MailStyler\"}]},{\"@type\":\"WebSite\",\"@id\":\"https:\/\/www.newslettercreator.com\/#website\",\"url\":\"https:\/\/www.newslettercreator.com\/\",\"name\":\"Newsletter Creator\",\"description\":\"Pay off\",\"potentialAction\":[{\"@type\":\"SearchAction\",\"target\":{\"@type\":\"EntryPoint\",\"urlTemplate\":\"https:\/\/www.newslettercreator.com\/?s={search_term_string}\"},\"query-input\":{\"@type\":\"PropertyValueSpecification\",\"valueRequired\":true,\"valueName\":\"search_term_string\"}}],\"inLanguage\":\"es\"}]}<\/script>\n<!-- \/ Yoast SEO plugin. -->","yoast_head_json":{"title":"Descargue su versi\u00f3n de MailStyler - Newsletter Creator","robots":{"index":"index","follow":"follow","max-snippet":"max-snippet:-1","max-image-preview":"max-image-preview:large","max-video-preview":"max-video-preview:-1"},"canonical":"https:\/\/www.newslettercreator.com\/es\/descargue-su-version-de-mailstyler\/","og_locale":"es_ES","og_type":"article","og_title":"Descargue su versi\u00f3n de MailStyler - Newsletter Creator","og_description":"Ingrese su clave de licencia y descargue la \u00faltima versi\u00f3n disponible para usted: Praesent sed mauris turpis, at molestie enim Porqu\u00e9 Renovar Su Suscripci\u00f3n Usted deber\u00eda actualizar continuamente a las \u00faltimas tendencias para crear emails para campa\u00f1as exitosas. Si no pose tiempo, lo haremos por usted! Constantemente desarrollamos funciones innovadoras y plantillas \u00fanicas, siguiendo las [&hellip;]","og_url":"https:\/\/www.newslettercreator.com\/es\/descargue-su-version-de-mailstyler\/","og_site_name":"Newsletter Creator","twitter_misc":{"Tiempo de lectura":"1 minuto"},"schema":{"@context":"https:\/\/schema.org","@graph":[{"@type":"WebPage","@id":"https:\/\/www.newslettercreator.com\/es\/descargue-su-version-de-mailstyler\/","url":"https:\/\/www.newslettercreator.com\/es\/descargue-su-version-de-mailstyler\/","name":"Descargue su versi\u00f3n de MailStyler - Newsletter Creator","isPartOf":{"@id":"https:\/\/www.newslettercreator.com\/#website"},"datePublished":"2018-07-13T08:22:43+00:00","breadcrumb":{"@id":"https:\/\/www.newslettercreator.com\/es\/descargue-su-version-de-mailstyler\/#breadcrumb"},"inLanguage":"es","potentialAction":[{"@type":"ReadAction","target":["https:\/\/www.newslettercreator.com\/es\/descargue-su-version-de-mailstyler\/"]}]},{"@type":"BreadcrumbList","@id":"https:\/\/www.newslettercreator.com\/es\/descargue-su-version-de-mailstyler\/#breadcrumb","itemListElement":[{"@type":"ListItem","position":1,"name":"Home","item":"https:\/\/www.newslettercreator.com\/es\/"},{"@type":"ListItem","position":2,"name":"Descargue su versi\u00f3n de MailStyler"}]},{"@type":"WebSite","@id":"https:\/\/www.newslettercreator.com\/#website","url":"https:\/\/www.newslettercreator.com\/","name":"Newsletter Creator","description":"Pay off","potentialAction":[{"@type":"SearchAction","target":{"@type":"EntryPoint","urlTemplate":"https:\/\/www.newslettercreator.com\/?s={search_term_string}"},"query-input":{"@type":"PropertyValueSpecification","valueRequired":true,"valueName":"search_term_string"}}],"inLanguage":"es"}]}},"_links":{"self":[{"href":"https:\/\/www.newslettercreator.com\/es\/wp-json\/wp\/v2\/pages\/7100","targetHints":{"allow":["GET"]}}],"collection":[{"href":"https:\/\/www.newslettercreator.com\/es\/wp-json\/wp\/v2\/pages"}],"about":[{"href":"https:\/\/www.newslettercreator.com\/es\/wp-json\/wp\/v2\/types\/page"}],"author":[{"embeddable":true,"href":"https:\/\/www.newslettercreator.com\/es\/wp-json\/wp\/v2\/users\/2"}],"replies":[{"embeddable":true,"href":"https:\/\/www.newslettercreator.com\/es\/wp-json\/wp\/v2\/comments?post=7100"}],"version-history":[{"count":4,"href":"https:\/\/www.newslettercreator.com\/es\/wp-json\/wp\/v2\/pages\/7100\/revisions"}],"predecessor-version":[{"id":7105,"href":"https:\/\/www.newslettercreator.com\/es\/wp-json\/wp\/v2\/pages\/7100\/revisions\/7105"}],"wp:attachment":[{"href":"https:\/\/www.newslettercreator.com\/es\/wp-json\/wp\/v2\/media?parent=7100"}],"curies":[{"name":"wp","href":"https:\/\/api.w.org\/{rel}","templated":true}]}}