{"id":7732,"date":"2018-11-15T08:56:44","date_gmt":"2018-11-15T08:56:44","guid":{"rendered":"https:\/\/www.newslettercreator.com\/?page_id=7732"},"modified":"2018-11-15T11:31:25","modified_gmt":"2018-11-15T11:31:25","slug":"actualizacion-de-versiones-anteriores","status":"publish","type":"page","link":"https:\/\/www.newslettercreator.com\/es\/actualizacion-de-versiones-anteriores\/","title":{"rendered":"Actualizaci\u00f3n de versiones anteriores"},"content":{"rendered":"<h2><strong>\u00bfSu versi\u00f3n de MailStyler es anterior a la 2.1.0.108?<\/strong><\/h2>\n<p>Desde la versi\u00f3n 2.1.0.108, se han estrenado muchas <strong>otras versiones de MailStyler<\/strong>, que agregan <strong>grandes funcionalidades<\/strong> y garantizan una <strong>compatibilidad total con los clientes de correo electr\u00f3nico<\/strong>.<\/p>\n<p>Desafortunadamente, en algunos casos, la actualizaci\u00f3n de versiones anteriores a 2.1.0.108 no es completamente impecable&#8230;<\/p>\n<p><strong>Si intenta actualizar pero algo sale mal<\/strong>, la forma m\u00e1s sencilla es <strong>desinstalar completamente la versi\u00f3n anterior<\/strong> e instalar la m\u00e1s reciente.<\/p>\n<p>Solo sigue estos 3 simples pasos.<\/p>\n<p>&nbsp;<\/p>\n<h3><strong>1. Desinstalar MailStyler<\/strong><\/h3>\n<p>Abra su panel de configuraci\u00f3n de Windows, seleccione \u00abAplicaciones\u00bb y desinstale MailStyler.<\/p>\n<p>&nbsp;<\/p>\n<h3><strong>2. Eliminar la carpeta de instalaci\u00f3n<\/strong><\/h3>\n<p>Elimine por completo la carpeta donde se ha instalado MailStyler. Normalmente es:<em><br \/>\nC:\\Program Files (x86)\\Delivery Tech Corp\\MailStyler 2<\/em><\/p>\n<p>&nbsp;<\/p>\n<h3><strong>3. Descarga e instala la versi\u00f3n m\u00e1s reciente<\/strong><\/h3>\n<p>Vaya a esta URL, inserte su clave de licencia y podr\u00e1 descargar la versi\u00f3n m\u00e1s reciente de MailStyler.<br \/>\n<a href=\"\/es\/descargue-su-version-de-mailstyler\/\">https:\/\/www.newslettercreator.com\/es\/descargue-su-version-de-mailstyler\/<\/a><\/p>\n<p>Una vez que la descarga haya finalizado, simplemente ejecute el instalador descargado.<\/p>\n","protected":false},"excerpt":{"rendered":"<p>\u00bfSu versi\u00f3n de MailStyler es anterior a la 2.1.0.108? Desde la versi\u00f3n 2.1.0.108, se han estrenado muchas otras versiones de MailStyler, que agregan grandes funcionalidades y garantizan una compatibilidad total con los clientes de correo electr\u00f3nico. Desafortunadamente, en algunos casos, la actualizaci\u00f3n de versiones anteriores a 2.1.0.108 no es completamente impecable&#8230; Si intenta actualizar pero [&hellip;]<\/p>\n","protected":false},"author":2,"featured_media":0,"parent":0,"menu_order":0,"comment_status":"closed","ping_status":"closed","template":"g1_template_page_sidebar_right.php","meta":{"inline_featured_image":false,"_monsterinsights_skip_tracking":false,"_monsterinsights_sitenote_active":false,"_monsterinsights_sitenote_note":"","_monsterinsights_sitenote_category":0,"footnotes":""},"class_list":["post-7732","page","type-page","status-publish"],"yoast_head":"<!-- This site is optimized with the Yoast SEO plugin v25.2 - https:\/\/yoast.com\/wordpress\/plugins\/seo\/ -->\n<title>Actualizaci\u00f3n de versiones anteriores - Newsletter Creator<\/title>\n<meta name=\"robots\" content=\"index, follow, max-snippet:-1, max-image-preview:large, max-video-preview:-1\" \/>\n<link rel=\"canonical\" href=\"https:\/\/www.newslettercreator.com\/es\/actualizacion-de-versiones-anteriores\/\" \/>\n<meta property=\"og:locale\" content=\"es_ES\" \/>\n<meta property=\"og:type\" content=\"article\" \/>\n<meta property=\"og:title\" content=\"Actualizaci\u00f3n de versiones anteriores - Newsletter Creator\" \/>\n<meta property=\"og:description\" content=\"\u00bfSu versi\u00f3n de MailStyler es anterior a la 2.1.0.108? Desde la versi\u00f3n 2.1.0.108, se han estrenado muchas otras versiones de MailStyler, que agregan grandes funcionalidades y garantizan una compatibilidad total con los clientes de correo electr\u00f3nico. Desafortunadamente, en algunos casos, la actualizaci\u00f3n de versiones anteriores a 2.1.0.108 no es completamente impecable&#8230; Si intenta actualizar pero [&hellip;]\" \/>\n<meta property=\"og:url\" content=\"https:\/\/www.newslettercreator.com\/es\/actualizacion-de-versiones-anteriores\/\" \/>\n<meta property=\"og:site_name\" content=\"Newsletter Creator\" \/>\n<meta property=\"article:modified_time\" content=\"2018-11-15T11:31:25+00:00\" \/>\n<meta name=\"twitter:label1\" content=\"Tiempo de lectura\" \/>\n\t<meta name=\"twitter:data1\" content=\"1 minuto\" \/>\n<script type=\"application\/ld+json\" class=\"yoast-schema-graph\">{\"@context\":\"https:\/\/schema.org\",\"@graph\":[{\"@type\":\"WebPage\",\"@id\":\"https:\/\/www.newslettercreator.com\/es\/actualizacion-de-versiones-anteriores\/\",\"url\":\"https:\/\/www.newslettercreator.com\/es\/actualizacion-de-versiones-anteriores\/\",\"name\":\"Actualizaci\u00f3n de versiones anteriores - Newsletter Creator\",\"isPartOf\":{\"@id\":\"https:\/\/www.newslettercreator.com\/#website\"},\"datePublished\":\"2018-11-15T08:56:44+00:00\",\"dateModified\":\"2018-11-15T11:31:25+00:00\",\"breadcrumb\":{\"@id\":\"https:\/\/www.newslettercreator.com\/es\/actualizacion-de-versiones-anteriores\/#breadcrumb\"},\"inLanguage\":\"es\",\"potentialAction\":[{\"@type\":\"ReadAction\",\"target\":[\"https:\/\/www.newslettercreator.com\/es\/actualizacion-de-versiones-anteriores\/\"]}]},{\"@type\":\"BreadcrumbList\",\"@id\":\"https:\/\/www.newslettercreator.com\/es\/actualizacion-de-versiones-anteriores\/#breadcrumb\",\"itemListElement\":[{\"@type\":\"ListItem\",\"position\":1,\"name\":\"Home\",\"item\":\"https:\/\/www.newslettercreator.com\/es\/\"},{\"@type\":\"ListItem\",\"position\":2,\"name\":\"Actualizaci\u00f3n de versiones anteriores\"}]},{\"@type\":\"WebSite\",\"@id\":\"https:\/\/www.newslettercreator.com\/#website\",\"url\":\"https:\/\/www.newslettercreator.com\/\",\"name\":\"Newsletter Creator\",\"description\":\"Pay off\",\"potentialAction\":[{\"@type\":\"SearchAction\",\"target\":{\"@type\":\"EntryPoint\",\"urlTemplate\":\"https:\/\/www.newslettercreator.com\/?s={search_term_string}\"},\"query-input\":{\"@type\":\"PropertyValueSpecification\",\"valueRequired\":true,\"valueName\":\"search_term_string\"}}],\"inLanguage\":\"es\"}]}<\/script>\n<!-- \/ Yoast SEO plugin. -->","yoast_head_json":{"title":"Actualizaci\u00f3n de versiones anteriores - Newsletter Creator","robots":{"index":"index","follow":"follow","max-snippet":"max-snippet:-1","max-image-preview":"max-image-preview:large","max-video-preview":"max-video-preview:-1"},"canonical":"https:\/\/www.newslettercreator.com\/es\/actualizacion-de-versiones-anteriores\/","og_locale":"es_ES","og_type":"article","og_title":"Actualizaci\u00f3n de versiones anteriores - Newsletter Creator","og_description":"\u00bfSu versi\u00f3n de MailStyler es anterior a la 2.1.0.108? Desde la versi\u00f3n 2.1.0.108, se han estrenado muchas otras versiones de MailStyler, que agregan grandes funcionalidades y garantizan una compatibilidad total con los clientes de correo electr\u00f3nico. Desafortunadamente, en algunos casos, la actualizaci\u00f3n de versiones anteriores a 2.1.0.108 no es completamente impecable&#8230; Si intenta actualizar pero [&hellip;]","og_url":"https:\/\/www.newslettercreator.com\/es\/actualizacion-de-versiones-anteriores\/","og_site_name":"Newsletter Creator","article_modified_time":"2018-11-15T11:31:25+00:00","twitter_misc":{"Tiempo de lectura":"1 minuto"},"schema":{"@context":"https:\/\/schema.org","@graph":[{"@type":"WebPage","@id":"https:\/\/www.newslettercreator.com\/es\/actualizacion-de-versiones-anteriores\/","url":"https:\/\/www.newslettercreator.com\/es\/actualizacion-de-versiones-anteriores\/","name":"Actualizaci\u00f3n de versiones anteriores - Newsletter Creator","isPartOf":{"@id":"https:\/\/www.newslettercreator.com\/#website"},"datePublished":"2018-11-15T08:56:44+00:00","dateModified":"2018-11-15T11:31:25+00:00","breadcrumb":{"@id":"https:\/\/www.newslettercreator.com\/es\/actualizacion-de-versiones-anteriores\/#breadcrumb"},"inLanguage":"es","potentialAction":[{"@type":"ReadAction","target":["https:\/\/www.newslettercreator.com\/es\/actualizacion-de-versiones-anteriores\/"]}]},{"@type":"BreadcrumbList","@id":"https:\/\/www.newslettercreator.com\/es\/actualizacion-de-versiones-anteriores\/#breadcrumb","itemListElement":[{"@type":"ListItem","position":1,"name":"Home","item":"https:\/\/www.newslettercreator.com\/es\/"},{"@type":"ListItem","position":2,"name":"Actualizaci\u00f3n de versiones anteriores"}]},{"@type":"WebSite","@id":"https:\/\/www.newslettercreator.com\/#website","url":"https:\/\/www.newslettercreator.com\/","name":"Newsletter Creator","description":"Pay off","potentialAction":[{"@type":"SearchAction","target":{"@type":"EntryPoint","urlTemplate":"https:\/\/www.newslettercreator.com\/?s={search_term_string}"},"query-input":{"@type":"PropertyValueSpecification","valueRequired":true,"valueName":"search_term_string"}}],"inLanguage":"es"}]}},"_links":{"self":[{"href":"https:\/\/www.newslettercreator.com\/es\/wp-json\/wp\/v2\/pages\/7732","targetHints":{"allow":["GET"]}}],"collection":[{"href":"https:\/\/www.newslettercreator.com\/es\/wp-json\/wp\/v2\/pages"}],"about":[{"href":"https:\/\/www.newslettercreator.com\/es\/wp-json\/wp\/v2\/types\/page"}],"author":[{"embeddable":true,"href":"https:\/\/www.newslettercreator.com\/es\/wp-json\/wp\/v2\/users\/2"}],"replies":[{"embeddable":true,"href":"https:\/\/www.newslettercreator.com\/es\/wp-json\/wp\/v2\/comments?post=7732"}],"version-history":[{"count":7,"href":"https:\/\/www.newslettercreator.com\/es\/wp-json\/wp\/v2\/pages\/7732\/revisions"}],"predecessor-version":[{"id":7750,"href":"https:\/\/www.newslettercreator.com\/es\/wp-json\/wp\/v2\/pages\/7732\/revisions\/7750"}],"wp:attachment":[{"href":"https:\/\/www.newslettercreator.com\/es\/wp-json\/wp\/v2\/media?parent=7732"}],"curies":[{"name":"wp","href":"https:\/\/api.w.org\/{rel}","templated":true}]}}