{"id":9247,"date":"2020-01-09T08:56:41","date_gmt":"2020-01-09T08:56:41","guid":{"rendered":"https:\/\/www.newslettercreator.com\/?page_id=9247"},"modified":"2020-01-09T08:57:48","modified_gmt":"2020-01-09T08:57:48","slug":"genere-firmas-de-email-profesionales-para-gmail","status":"publish","type":"page","link":"https:\/\/www.newslettercreator.com\/es\/genere-firmas-de-email-profesionales-para-gmail\/","title":{"rendered":"Genere Firmas de Email Profesionales para Gmail"},"content":{"rendered":"<p style=\"text-align: center;\"><img decoding=\"async\" class=\"alignnone wp-image-9250 size-full\" src=\"https:\/\/www.newslettercreator.com\/wp-content\/uploads\/2020\/01\/firma-de-email-1.jpg\" alt=\"firma de email\" width=\"750\" height=\"223\" srcset=\"https:\/\/www.newslettercreator.com\/wp-content\/uploads\/2020\/01\/firma-de-email-1.jpg 750w, https:\/\/www.newslettercreator.com\/wp-content\/uploads\/2020\/01\/firma-de-email-1-300x89.jpg 300w, https:\/\/www.newslettercreator.com\/wp-content\/uploads\/2020\/01\/firma-de-email-1-636x189.jpg 636w, https:\/\/www.newslettercreator.com\/wp-content\/uploads\/2020\/01\/firma-de-email-1-320x95.jpg 320w, https:\/\/www.newslettercreator.com\/wp-content\/uploads\/2020\/01\/firma-de-email-1-239x71.jpg 239w\" sizes=\"(max-width: 750px) 100vw, 750px\" \/><\/p>\n<p>Desea una <strong>firma de email que pueda usar con Gmail<\/strong> visualmente atractiva. Desea evitar el trabajo que requiere crear una firma en HTML. Puede obtener ambas. <strong>MailStyler<\/strong> le permite exportar plantillas listas para usar en un amplio rango de tipos y dise\u00f1os con s\u00f3lo unos clics.<\/p>\n<h3>Qu\u00e9 es una Firma de Email y Por Que es Importante?<\/h3>\n<p>Una firma de email es mucho m\u00e1s que un nombre al pie de su mensaje. Es un<strong> soporte para su imagen comercial<\/strong>. Su firma deber\u00eda compartir los gr\u00e1ficos y estilo de su marca, e incluir fotos, texto, contacto, y cualquier otra informaci\u00f3n relevante sobre el remitente.<\/p>\n<p>Con MailStyler, usted puede preparar firmas simples o dise\u00f1ar proyectos completos con dise\u00f1os, logos, im\u00e1genes, y banners publicitarios.<\/p>\n<div id=\"fluid-wrapper-counter-1\" class=\"g1-fluid-wrapper \" style=\"width:686px;\">\n<div style=\"padding-bottom:56.268221574344%;\"><iframe width=\"686\" height=\"386\" src=\"https:\/\/www.youtube.com\/embed\/wzMZhaLim8o?feature=oembed&amp;wmode=transparent&amp;autohide=1&amp;autoplay=0&amp;disablekb=0&amp;fs=1&amp;loop=0&amp;enablejsapi=1&amp;rel=0&amp;controls=2&amp;showinfo=0&amp;wmode=transparent&amp;autohide=2&amp;autoplay=0&amp;disablekb=0&amp;fs=1&amp;loop=0&amp;enablejsapi=1&amp;rel=0&amp;controls=2&amp;showinfo=1\" frameborder=\"0\" allow=\"accelerometer; autoplay; encrypted-media; gyroscope; picture-in-picture\" allowfullscreen><\/iframe><\/div>\n<\/div>\n<h3>C\u00f3mo Crear una Firma de Email Profesional<\/h3>\n<p style=\"text-align: center;\"><img decoding=\"async\" class=\"alignnone wp-image-9271 size-full\" src=\"https:\/\/www.newslettercreator.com\/wp-content\/uploads\/2020\/01\/firma-de-email-2-e1578559345961.jpg\" alt=\"firma de email\" width=\"750\" height=\"243\" \/><\/p>\n<p>Desde el editor de MailStyler, <strong>abra una plantilla vac\u00eda<\/strong> y seleccione \u201c<strong>Pie<\/strong>\u201d en la secci\u00f3n de \u201cBloques\u201d a la izquierda. Observar\u00e1 un n\u00famero de pies disponibles, incluyendo algunas firmas similares a los ejemplos de esta p\u00e1gina. Seleccione uno y <strong>arrastre hacia el editor<\/strong>.<\/p>\n<p><strong>Ahora puede comenzar a personalizar la firma<\/strong>. Reemplace, mueva, o quite la foto, como tambi\u00e9n el tel\u00e9fono, direcci\u00f3n, email, y otra informaci\u00f3n. Agregue cualquier icono de red social que desee incluir. Cambie el los colores de fondo y fuentes para<strong> concordar con su imagen corporativa<\/strong>. Puede tambi\u00e9n agregar una l\u00ednea de texto tal como una cita o llamado a la acci\u00f3n.<\/p>\n<h3>Consejos para Firmas de Email Efectivas<\/h3>\n<ul>\n<li><strong>Siempre incluya el nombre de su marca<\/strong> en la firma de email. El lector lo asociar\u00e1 su empresa con su nombre;<\/li>\n<li><strong>Especifique al menos un canal de contacto<\/strong>, tal como el servicio de soporte de su empresa, adicionalmente al v\u00ednculo del sitio web.;<\/li>\n<li><strong>Incluya el logo de su marca en la firma<\/strong>. Si actualiza en forma regular sus cuentas de redes sociales, incluya cualquier icono relevante;<\/li>\n<li>Seleccione colores y dise\u00f1os que concuerden con el <strong>cuerpo del newsletter<\/strong>. No incluya informaci\u00f3n innecesaria, enumeraciones, animaciones o gifs.<\/li>\n<\/ul>\n<h3>Exporte Su Firma de Email a Gmail<\/h3>\n<p><strong>Exportar su firma de email<\/strong> profesional desde MailStyler <strong>a Gmail<\/strong> es muy f\u00e1cil.<br \/>\nEste tutorial en video le muestra exactamente <a title=\"\" href=\"https:\/\/youtu.be\/3HJjtVZkjbo\" target=\"_blank\" rel=\"noopener noreferrer\"><strong>c\u00f3mo hacerlo<\/strong><\/a>.<\/p>\n<p style=\"text-align: center;\"><img decoding=\"async\" class=\"alignnone wp-image-9099 size-full\" src=\"https:\/\/www.newslettercreator.com\/wp-content\/uploads\/2019\/12\/Crear-Plantillas-de-Email-para-Gmail-e1578559406399.jpg\" alt=\"Crear Plantillas de Email para Gmail\" width=\"750\" height=\"421\" \/><\/p>\n<p>Presione \u201cExportar\u201d, luego \u201c<strong>Export to Gmail<\/strong>\u201d. Ingrese a su cuenta de Gmail y luego regrese a MailStyler y seleccione el m\u00e9todo exportar. El procedimiento completo <strong>tomar\u00e1 unos pocos minutos<\/strong>.<\/p>\n<p><strong>Todos los v\u00ednculos que ha colocado en la firma<\/strong>, incluyendo redes sociales, <strong>permanecer\u00e1n a\u00fan despu\u00e9s de exportar la firma<\/strong>. Cuando verifique su firma, podr\u00e1 encontrar que no hay nada para \u201carreglar\u201d!<\/p>\n<p>Al final del proceso de exportaci\u00f3n, <strong>podr\u00e1 encontrar su firma en su carpeta de Borradores de Gmail<\/strong>! Puede redactar su contenido sobre la firma, ingresar los destinatarios, y <strong>enviar el mensaje<\/strong>.<\/p>\n<p>Pero no se detenga! Una vez que ha creado una firma de email,<strong> practique creando un newsletter completo con MailStyler<\/strong>. Es tan simple como el mensaje que desea transmitir (incluyendo su firma) ser\u00e1 mejorado notablemente. <a title=\"\" href=\"https:\/\/www.newslettercreator.com\/es\/precios\/\" target=\"_blank\" rel=\"noopener noreferrer\">Puede probar el software gratis<\/a>.<\/p>\n","protected":false},"excerpt":{"rendered":"<p>Desea una firma de email que pueda usar con Gmail visualmente atractiva. Desea evitar el trabajo que requiere crear una firma en HTML. Puede obtener ambas. MailStyler le permite exportar plantillas listas para usar en un amplio rango de tipos y dise\u00f1os con s\u00f3lo unos clics. Qu\u00e9 es una Firma de Email y Por Que [&hellip;]<\/p>\n","protected":false},"author":4727,"featured_media":0,"parent":0,"menu_order":0,"comment_status":"closed","ping_status":"closed","template":"g1_template_page_sidebar_right.php","meta":{"inline_featured_image":false,"_monsterinsights_skip_tracking":false,"_monsterinsights_sitenote_active":false,"_monsterinsights_sitenote_note":"","_monsterinsights_sitenote_category":0,"footnotes":""},"class_list":{"0":"post-9247","1":"page","2":"type-page","3":"status-publish","5":"g1_relation_tag-email-design"},"yoast_head":"<!-- This site is optimized with the Yoast SEO plugin v25.2 - https:\/\/yoast.com\/wordpress\/plugins\/seo\/ -->\n<title>Genere Firmas de Email Profesionales para Gmail - Newsletter Creator<\/title>\n<meta name=\"description\" content=\"Requiere una firma de email que pueda usar en Gmail? MailStyler le otorga plantillas de firmas listas para usar totalmente personalizables.\" \/>\n<meta name=\"robots\" content=\"index, follow, max-snippet:-1, max-image-preview:large, max-video-preview:-1\" \/>\n<link rel=\"canonical\" href=\"https:\/\/www.newslettercreator.com\/es\/genere-firmas-de-email-profesionales-para-gmail\/\" \/>\n<meta property=\"og:locale\" content=\"es_ES\" \/>\n<meta property=\"og:type\" content=\"article\" \/>\n<meta property=\"og:title\" content=\"Genere Firmas de Email Profesionales para Gmail - Newsletter Creator\" \/>\n<meta property=\"og:description\" content=\"Requiere una firma de email que pueda usar en Gmail? MailStyler le otorga plantillas de firmas listas para usar totalmente personalizables.\" \/>\n<meta property=\"og:url\" content=\"https:\/\/www.newslettercreator.com\/es\/genere-firmas-de-email-profesionales-para-gmail\/\" \/>\n<meta property=\"og:site_name\" content=\"Newsletter Creator\" \/>\n<meta property=\"article:modified_time\" content=\"2020-01-09T08:57:48+00:00\" \/>\n<meta property=\"og:image\" content=\"https:\/\/www.newslettercreator.com\/wp-content\/uploads\/2020\/01\/firma-de-email-1.jpg\" \/>\n<meta name=\"twitter:label1\" content=\"Tiempo de lectura\" \/>\n\t<meta name=\"twitter:data1\" content=\"3 minutos\" \/>\n<script type=\"application\/ld+json\" class=\"yoast-schema-graph\">{\"@context\":\"https:\/\/schema.org\",\"@graph\":[{\"@type\":\"WebPage\",\"@id\":\"https:\/\/www.newslettercreator.com\/es\/genere-firmas-de-email-profesionales-para-gmail\/\",\"url\":\"https:\/\/www.newslettercreator.com\/es\/genere-firmas-de-email-profesionales-para-gmail\/\",\"name\":\"Genere Firmas de Email Profesionales para Gmail - Newsletter Creator\",\"isPartOf\":{\"@id\":\"https:\/\/www.newslettercreator.com\/#website\"},\"primaryImageOfPage\":{\"@id\":\"https:\/\/www.newslettercreator.com\/es\/genere-firmas-de-email-profesionales-para-gmail\/#primaryimage\"},\"image\":{\"@id\":\"https:\/\/www.newslettercreator.com\/es\/genere-firmas-de-email-profesionales-para-gmail\/#primaryimage\"},\"thumbnailUrl\":\"https:\/\/www.newslettercreator.com\/wp-content\/uploads\/2020\/01\/firma-de-email-1.jpg\",\"datePublished\":\"2020-01-09T08:56:41+00:00\",\"dateModified\":\"2020-01-09T08:57:48+00:00\",\"description\":\"Requiere una firma de email que pueda usar en Gmail? MailStyler le otorga plantillas de firmas listas para usar totalmente personalizables.\",\"breadcrumb\":{\"@id\":\"https:\/\/www.newslettercreator.com\/es\/genere-firmas-de-email-profesionales-para-gmail\/#breadcrumb\"},\"inLanguage\":\"es\",\"potentialAction\":[{\"@type\":\"ReadAction\",\"target\":[\"https:\/\/www.newslettercreator.com\/es\/genere-firmas-de-email-profesionales-para-gmail\/\"]}]},{\"@type\":\"ImageObject\",\"inLanguage\":\"es\",\"@id\":\"https:\/\/www.newslettercreator.com\/es\/genere-firmas-de-email-profesionales-para-gmail\/#primaryimage\",\"url\":\"https:\/\/www.newslettercreator.com\/wp-content\/uploads\/2020\/01\/firma-de-email-1.jpg\",\"contentUrl\":\"https:\/\/www.newslettercreator.com\/wp-content\/uploads\/2020\/01\/firma-de-email-1.jpg\"},{\"@type\":\"BreadcrumbList\",\"@id\":\"https:\/\/www.newslettercreator.com\/es\/genere-firmas-de-email-profesionales-para-gmail\/#breadcrumb\",\"itemListElement\":[{\"@type\":\"ListItem\",\"position\":1,\"name\":\"Home\",\"item\":\"https:\/\/www.newslettercreator.com\/es\/\"},{\"@type\":\"ListItem\",\"position\":2,\"name\":\"Genere Firmas de Email Profesionales para Gmail\"}]},{\"@type\":\"WebSite\",\"@id\":\"https:\/\/www.newslettercreator.com\/#website\",\"url\":\"https:\/\/www.newslettercreator.com\/\",\"name\":\"Newsletter Creator\",\"description\":\"Pay off\",\"potentialAction\":[{\"@type\":\"SearchAction\",\"target\":{\"@type\":\"EntryPoint\",\"urlTemplate\":\"https:\/\/www.newslettercreator.com\/?s={search_term_string}\"},\"query-input\":{\"@type\":\"PropertyValueSpecification\",\"valueRequired\":true,\"valueName\":\"search_term_string\"}}],\"inLanguage\":\"es\"}]}<\/script>\n<!-- \/ Yoast SEO plugin. -->","yoast_head_json":{"title":"Genere Firmas de Email Profesionales para Gmail - Newsletter Creator","description":"Requiere una firma de email que pueda usar en Gmail? MailStyler le otorga plantillas de firmas listas para usar totalmente personalizables.","robots":{"index":"index","follow":"follow","max-snippet":"max-snippet:-1","max-image-preview":"max-image-preview:large","max-video-preview":"max-video-preview:-1"},"canonical":"https:\/\/www.newslettercreator.com\/es\/genere-firmas-de-email-profesionales-para-gmail\/","og_locale":"es_ES","og_type":"article","og_title":"Genere Firmas de Email Profesionales para Gmail - Newsletter Creator","og_description":"Requiere una firma de email que pueda usar en Gmail? MailStyler le otorga plantillas de firmas listas para usar totalmente personalizables.","og_url":"https:\/\/www.newslettercreator.com\/es\/genere-firmas-de-email-profesionales-para-gmail\/","og_site_name":"Newsletter Creator","article_modified_time":"2020-01-09T08:57:48+00:00","og_image":[{"url":"https:\/\/www.newslettercreator.com\/wp-content\/uploads\/2020\/01\/firma-de-email-1.jpg","type":"","width":"","height":""}],"twitter_misc":{"Tiempo de lectura":"3 minutos"},"schema":{"@context":"https:\/\/schema.org","@graph":[{"@type":"WebPage","@id":"https:\/\/www.newslettercreator.com\/es\/genere-firmas-de-email-profesionales-para-gmail\/","url":"https:\/\/www.newslettercreator.com\/es\/genere-firmas-de-email-profesionales-para-gmail\/","name":"Genere Firmas de Email Profesionales para Gmail - Newsletter Creator","isPartOf":{"@id":"https:\/\/www.newslettercreator.com\/#website"},"primaryImageOfPage":{"@id":"https:\/\/www.newslettercreator.com\/es\/genere-firmas-de-email-profesionales-para-gmail\/#primaryimage"},"image":{"@id":"https:\/\/www.newslettercreator.com\/es\/genere-firmas-de-email-profesionales-para-gmail\/#primaryimage"},"thumbnailUrl":"https:\/\/www.newslettercreator.com\/wp-content\/uploads\/2020\/01\/firma-de-email-1.jpg","datePublished":"2020-01-09T08:56:41+00:00","dateModified":"2020-01-09T08:57:48+00:00","description":"Requiere una firma de email que pueda usar en Gmail? MailStyler le otorga plantillas de firmas listas para usar totalmente personalizables.","breadcrumb":{"@id":"https:\/\/www.newslettercreator.com\/es\/genere-firmas-de-email-profesionales-para-gmail\/#breadcrumb"},"inLanguage":"es","potentialAction":[{"@type":"ReadAction","target":["https:\/\/www.newslettercreator.com\/es\/genere-firmas-de-email-profesionales-para-gmail\/"]}]},{"@type":"ImageObject","inLanguage":"es","@id":"https:\/\/www.newslettercreator.com\/es\/genere-firmas-de-email-profesionales-para-gmail\/#primaryimage","url":"https:\/\/www.newslettercreator.com\/wp-content\/uploads\/2020\/01\/firma-de-email-1.jpg","contentUrl":"https:\/\/www.newslettercreator.com\/wp-content\/uploads\/2020\/01\/firma-de-email-1.jpg"},{"@type":"BreadcrumbList","@id":"https:\/\/www.newslettercreator.com\/es\/genere-firmas-de-email-profesionales-para-gmail\/#breadcrumb","itemListElement":[{"@type":"ListItem","position":1,"name":"Home","item":"https:\/\/www.newslettercreator.com\/es\/"},{"@type":"ListItem","position":2,"name":"Genere Firmas de Email Profesionales para Gmail"}]},{"@type":"WebSite","@id":"https:\/\/www.newslettercreator.com\/#website","url":"https:\/\/www.newslettercreator.com\/","name":"Newsletter Creator","description":"Pay off","potentialAction":[{"@type":"SearchAction","target":{"@type":"EntryPoint","urlTemplate":"https:\/\/www.newslettercreator.com\/?s={search_term_string}"},"query-input":{"@type":"PropertyValueSpecification","valueRequired":true,"valueName":"search_term_string"}}],"inLanguage":"es"}]}},"_links":{"self":[{"href":"https:\/\/www.newslettercreator.com\/es\/wp-json\/wp\/v2\/pages\/9247","targetHints":{"allow":["GET"]}}],"collection":[{"href":"https:\/\/www.newslettercreator.com\/es\/wp-json\/wp\/v2\/pages"}],"about":[{"href":"https:\/\/www.newslettercreator.com\/es\/wp-json\/wp\/v2\/types\/page"}],"author":[{"embeddable":true,"href":"https:\/\/www.newslettercreator.com\/es\/wp-json\/wp\/v2\/users\/4727"}],"replies":[{"embeddable":true,"href":"https:\/\/www.newslettercreator.com\/es\/wp-json\/wp\/v2\/comments?post=9247"}],"version-history":[{"count":2,"href":"https:\/\/www.newslettercreator.com\/es\/wp-json\/wp\/v2\/pages\/9247\/revisions"}],"predecessor-version":[{"id":9295,"href":"https:\/\/www.newslettercreator.com\/es\/wp-json\/wp\/v2\/pages\/9247\/revisions\/9295"}],"wp:attachment":[{"href":"https:\/\/www.newslettercreator.com\/es\/wp-json\/wp\/v2\/media?parent=9247"}],"curies":[{"name":"wp","href":"https:\/\/api.w.org\/{rel}","templated":true}]}}