{"id":3780,"date":"2015-09-01T09:10:35","date_gmt":"2015-09-01T09:10:35","guid":{"rendered":"http:\/\/www.newslettercreator.com\/?page_id=3780"},"modified":"2020-03-30T09:44:47","modified_gmt":"2020-03-30T07:44:47","slug":"apercu-general","status":"publish","type":"page","link":"https:\/\/www.newslettercreator.com\/fr\/aide\/apercu-general\/","title":{"rendered":"Aper\u00e7u g\u00e9n\u00e9ral"},"content":{"rendered":"<div id=\"help-guide\">\n<p>MailStyler est <strong>un logiciel de cr&eacute;ation de newsletters complets<\/strong> vous permettant de cr&eacute;er des newsletters compatibles avec <strong>tous les navigateurs internet actuels, les messageries mails et les &eacute;quipements portables les plus utilis&eacute;s<\/strong>.<\/p>\n<p>Il vous permet de facilement <strong> cr&eacute;er des mises en page<\/strong>, <strong>d'&eacute;diter des contenus<\/strong> et il vous assiste dans la cr&eacute;ation de la <strong>plus belle newsletter possible<\/strong>.<br>\n  <strong>Aucune connaissance du langage HTML n'est requise <\/strong> et vous n'avez m&ecirc;me pas besoin d'&ecirc;tre un expert en graphismes et designs : Laissez tout simplement MailStyler vous guider et vous sera capable de cr&eacute;er la plus belle et la plus efficace des newsletters.<\/p>\n<p>Il combine la force d'une biblioth&egrave;que<strong> biblioth&egrave;que d&eacute;j&agrave; install&eacute;e, de blocs avec plusieurs fonctionnalit&eacute;s<\/strong> avec une<strong> librairie de styles<\/strong> qui changera en un clic l'apparence de toute la newsletter.<br>\n<strong>D&eacute;placez &amp; L&acirc;chez les blocs dont vous avez besoin<\/strong>, et <strong>choisissez le style que vous pr&eacute;f&eacute;rez<\/strong> (ou cr&eacute;ez votre propre style).<\/p>\n<p>Il comporte aussi un <strong>biblioth&egrave;que d'images de haute qualit\u00e9, pr&ecirc;tes &agrave; &ecirc;tre utilis&eacute;es contenant plus de 2000* images <\/strong>, ce qui vous permettra facilement d'am&eacute;liorer le contenu de votre newsletter.<br>\nL'&eacute;dition d'images inclue les fonctions d'autod&eacute;coupage et de s&eacute;lection des d&eacute;tails.<\/p>\n<p class=\"note\">* La biblioth&egrave;que d'images est distribu&eacute;e avec la version d'essai ainsi que la version basique et contient 200 images utilisables d'une taille maximale de 800 pixels. Toutes les autres images sont plus petites et filigran&eacute;es.<br>\nLa biblioth&egrave;que d'images de la version compl&egrave;te contient plus de 2.000 images, d'une taille maximale de 2048 pixels.<\/p>\n<p>Voir aussi<br>\n  <a href=\"http:\/\/www.newslettercreator.com\/fr\/help\/updates-history\/\">Historique des mises &agrave; jour<br>\n  <\/a><\/p>\n<\/div>\n","protected":false},"excerpt":{"rendered":"","protected":false},"author":1,"featured_media":0,"parent":3776,"menu_order":0,"comment_status":"closed","ping_status":"closed","template":"g1_template_page_sidebar_left.php","meta":{"inline_featured_image":false,"_monsterinsights_skip_tracking":false,"_monsterinsights_sitenote_active":false,"_monsterinsights_sitenote_note":"","_monsterinsights_sitenote_category":0,"footnotes":""},"class_list":["post-3780","page","type-page","status-publish"],"yoast_head":"<!-- This site is optimized with the Yoast SEO plugin v25.2 - https:\/\/yoast.com\/wordpress\/plugins\/seo\/ -->\n<title>Aper\u00e7u g\u00e9n\u00e9ral - Newsletter Creator<\/title>\n<meta name=\"robots\" content=\"index, follow, max-snippet:-1, max-image-preview:large, max-video-preview:-1\" \/>\n<link rel=\"canonical\" href=\"https:\/\/www.newslettercreator.com\/fr\/aide\/apercu-general\/\" \/>\n<meta property=\"og:locale\" content=\"fr_FR\" \/>\n<meta property=\"og:type\" content=\"article\" \/>\n<meta property=\"og:title\" content=\"Aper\u00e7u g\u00e9n\u00e9ral - Newsletter Creator\" \/>\n<meta property=\"og:url\" content=\"https:\/\/www.newslettercreator.com\/fr\/aide\/apercu-general\/\" \/>\n<meta property=\"og:site_name\" content=\"Newsletter Creator\" \/>\n<meta property=\"article:modified_time\" content=\"2020-03-30T07:44:47+00:00\" \/>\n<script type=\"application\/ld+json\" class=\"yoast-schema-graph\">{\"@context\":\"https:\/\/schema.org\",\"@graph\":[{\"@type\":\"WebPage\",\"@id\":\"https:\/\/www.newslettercreator.com\/fr\/aide\/apercu-general\/\",\"url\":\"https:\/\/www.newslettercreator.com\/fr\/aide\/apercu-general\/\",\"name\":\"Aper\u00e7u g\u00e9n\u00e9ral - Newsletter Creator\",\"isPartOf\":{\"@id\":\"https:\/\/www.newslettercreator.com\/#website\"},\"datePublished\":\"2015-09-01T09:10:35+00:00\",\"dateModified\":\"2020-03-30T07:44:47+00:00\",\"breadcrumb\":{\"@id\":\"https:\/\/www.newslettercreator.com\/fr\/aide\/apercu-general\/#breadcrumb\"},\"inLanguage\":\"fr-FR\",\"potentialAction\":[{\"@type\":\"ReadAction\",\"target\":[\"https:\/\/www.newslettercreator.com\/fr\/aide\/apercu-general\/\"]}]},{\"@type\":\"BreadcrumbList\",\"@id\":\"https:\/\/www.newslettercreator.com\/fr\/aide\/apercu-general\/#breadcrumb\",\"itemListElement\":[{\"@type\":\"ListItem\",\"position\":1,\"name\":\"Home\",\"item\":\"https:\/\/www.newslettercreator.com\/fr\/\"},{\"@type\":\"ListItem\",\"position\":2,\"name\":\"Guide d&rsquo;aide\",\"item\":\"https:\/\/www.newslettercreator.com\/fr\/aide\/\"},{\"@type\":\"ListItem\",\"position\":3,\"name\":\"Aper\u00e7u g\u00e9n\u00e9ral\"}]},{\"@type\":\"WebSite\",\"@id\":\"https:\/\/www.newslettercreator.com\/#website\",\"url\":\"https:\/\/www.newslettercreator.com\/\",\"name\":\"Newsletter Creator\",\"description\":\"Pay off\",\"potentialAction\":[{\"@type\":\"SearchAction\",\"target\":{\"@type\":\"EntryPoint\",\"urlTemplate\":\"https:\/\/www.newslettercreator.com\/?s={search_term_string}\"},\"query-input\":{\"@type\":\"PropertyValueSpecification\",\"valueRequired\":true,\"valueName\":\"search_term_string\"}}],\"inLanguage\":\"fr-FR\"}]}<\/script>\n<!-- \/ Yoast SEO plugin. -->","yoast_head_json":{"title":"Aper\u00e7u g\u00e9n\u00e9ral - Newsletter Creator","robots":{"index":"index","follow":"follow","max-snippet":"max-snippet:-1","max-image-preview":"max-image-preview:large","max-video-preview":"max-video-preview:-1"},"canonical":"https:\/\/www.newslettercreator.com\/fr\/aide\/apercu-general\/","og_locale":"fr_FR","og_type":"article","og_title":"Aper\u00e7u g\u00e9n\u00e9ral - Newsletter Creator","og_url":"https:\/\/www.newslettercreator.com\/fr\/aide\/apercu-general\/","og_site_name":"Newsletter Creator","article_modified_time":"2020-03-30T07:44:47+00:00","schema":{"@context":"https:\/\/schema.org","@graph":[{"@type":"WebPage","@id":"https:\/\/www.newslettercreator.com\/fr\/aide\/apercu-general\/","url":"https:\/\/www.newslettercreator.com\/fr\/aide\/apercu-general\/","name":"Aper\u00e7u g\u00e9n\u00e9ral - Newsletter Creator","isPartOf":{"@id":"https:\/\/www.newslettercreator.com\/#website"},"datePublished":"2015-09-01T09:10:35+00:00","dateModified":"2020-03-30T07:44:47+00:00","breadcrumb":{"@id":"https:\/\/www.newslettercreator.com\/fr\/aide\/apercu-general\/#breadcrumb"},"inLanguage":"fr-FR","potentialAction":[{"@type":"ReadAction","target":["https:\/\/www.newslettercreator.com\/fr\/aide\/apercu-general\/"]}]},{"@type":"BreadcrumbList","@id":"https:\/\/www.newslettercreator.com\/fr\/aide\/apercu-general\/#breadcrumb","itemListElement":[{"@type":"ListItem","position":1,"name":"Home","item":"https:\/\/www.newslettercreator.com\/fr\/"},{"@type":"ListItem","position":2,"name":"Guide d&rsquo;aide","item":"https:\/\/www.newslettercreator.com\/fr\/aide\/"},{"@type":"ListItem","position":3,"name":"Aper\u00e7u g\u00e9n\u00e9ral"}]},{"@type":"WebSite","@id":"https:\/\/www.newslettercreator.com\/#website","url":"https:\/\/www.newslettercreator.com\/","name":"Newsletter Creator","description":"Pay off","potentialAction":[{"@type":"SearchAction","target":{"@type":"EntryPoint","urlTemplate":"https:\/\/www.newslettercreator.com\/?s={search_term_string}"},"query-input":{"@type":"PropertyValueSpecification","valueRequired":true,"valueName":"search_term_string"}}],"inLanguage":"fr-FR"}]}},"_links":{"self":[{"href":"https:\/\/www.newslettercreator.com\/fr\/wp-json\/wp\/v2\/pages\/3780","targetHints":{"allow":["GET"]}}],"collection":[{"href":"https:\/\/www.newslettercreator.com\/fr\/wp-json\/wp\/v2\/pages"}],"about":[{"href":"https:\/\/www.newslettercreator.com\/fr\/wp-json\/wp\/v2\/types\/page"}],"author":[{"embeddable":true,"href":"https:\/\/www.newslettercreator.com\/fr\/wp-json\/wp\/v2\/users\/1"}],"replies":[{"embeddable":true,"href":"https:\/\/www.newslettercreator.com\/fr\/wp-json\/wp\/v2\/comments?post=3780"}],"version-history":[{"count":4,"href":"https:\/\/www.newslettercreator.com\/fr\/wp-json\/wp\/v2\/pages\/3780\/revisions"}],"predecessor-version":[{"id":9672,"href":"https:\/\/www.newslettercreator.com\/fr\/wp-json\/wp\/v2\/pages\/3780\/revisions\/9672"}],"up":[{"embeddable":true,"href":"https:\/\/www.newslettercreator.com\/fr\/wp-json\/wp\/v2\/pages\/3776"}],"wp:attachment":[{"href":"https:\/\/www.newslettercreator.com\/fr\/wp-json\/wp\/v2\/media?parent=3780"}],"curies":[{"name":"wp","href":"https:\/\/api.w.org\/{rel}","templated":true}]}}