{"id":3785,"date":"2015-09-01T09:31:08","date_gmt":"2015-09-01T09:31:08","guid":{"rendered":"http:\/\/www.newslettercreator.com\/?page_id=3785"},"modified":"2020-03-30T09:45:05","modified_gmt":"2020-03-30T07:45:05","slug":"historique-des-mises-a-jours","status":"publish","type":"page","link":"https:\/\/www.newslettercreator.com\/fr\/aide\/historique-des-mises-a-jours\/","title":{"rendered":"Historique des mises \u00e0 jours"},"content":{"rendered":"<div id=\"help-guide\">\n<p><strong>Version 1.5.0.0<\/strong><br \/>\nSortie le 30 mai 2017<\/p>\n<ul>\n  <li>Fonction ajout\u00e9e pour l'interpr\u00e9tation des couleurs format\u00e9es HTML dans le presse-papiers lors de l'affichage de la fen\u00eatre de couleur personnalis\u00e9e.<\/li>\n  <li>Suppression de la limite de 255 caract\u00e8res pour l'URL dans les zones de texte du lien.<\/li>\n  <li>Ajout de liens de mise \u00e0 niveau pour MailStyler 2.<\/li>\n  <li>Correction d'autres bugs mineurs.<\/li>\n<\/ul>\n<p><strong>Version 1.4.4.0<\/strong><br \/>\n  Sortie le 30 janvier 2017<\/p>\n<ul>\n  <li>Nouvelle version de SmartPreview avec de meilleurs aper\u00e7us dynamiques.<\/li>\n<\/ul>\n<p><strong>Version 1.4.3.8<\/strong><br \/>\n  Sortie le 19 janvier 2017<\/p>\n<ul>\n  <li>Correction du probl\u00e8me de compatibilit\u00e9 des blocs dynamiques sur le courrier Yahoo.<\/li>\n  <li>Correction d'un probl\u00e8me d'alignement pour les \u00e9l\u00e9ments LI sur des documents et \/ ou des paragraphes RTL.<\/li>\n<\/ul>\n<p><strong>Version 1.4.3.2<\/strong><br \/>\n  Sortie le 8 novembre 2016<\/p>\n<ul>\n  <li>Correction d'un bug qui, dans certains cas, provoquait la d\u00e9sactivation du logiciel.<\/li>\n<\/ul>\n<p><strong>Version 1.4.3.0<\/strong><br \/>\n  Sortie le 10 ao\u00fbt 2016<\/p>\n<ul>\n  <li>Mise \u00e0 jour de la signature num\u00e9rique.<\/li>\n  <li>Am\u00e9lioration de la vitesse de traitement d'image.<\/li>\n  <li>Correction d'autres bugs mineurs.<\/li>\n<\/ul>\n<p><strong>Version 1.4.2.0<\/strong><br \/>\nSortie le 18 avril 2016<\/p>\n<ul>\n  <li>Ajout du support pour les accolades dans les URL.<\/li>\n  <li>Ajout de 4 nouveaux styles.<\/li>\n  <li>Correction d'un bug qui provoquait parfois l'erreur \"m\u00e9moire insuffisante\" lors de l'enregistrement.<\/li>\n  <li>Correction d'autres bugs mineurs.<\/li>\n<\/ul>\n<p><strong>Version 1.4.1.2<\/strong><br \/>\nSortie le 3\u00a0mars\u00a02016<\/p>\n<ul>\n  <li>SmartPreview prend d\u00e9sormais en charge vue horizontale pour la pr\u00e9visualisation Mobile.<\/li>\n  <li>Correction de bugs mineurs.<\/li>\n<\/ul>\n<p><strong>Version 1.4.0.1<\/strong> <br \/>\n  Sortie le 4\u00a0f\u00e9vrier\u00a02016<\/p>\n<ul>\n  <li>SmartPreview est d\u00e9sormais le mode de pr\u00e9visualisation par d\u00e9faut. Il est \u00e9galement disponible en mode d\u00e9mo et dispose de modes de pr\u00e9visualisation PC et Mobile. Le navigateur et le client e-mail sont maintenant disponibles uniquement avec la version payante.<\/li>\n  <li>Ajout d'un support pour les liaisons t\u00e9l\u00e9phoniques.<br \/>\n  <\/li>\n  <li>Ajout de l'int\u00e9gration avec l'extension <a href=\"http:\/\/emailchef.com\/\" target=\"_blank\">eMailChef<\/a> avec des t\u00e9l\u00e9chargements illimit\u00e9s, m\u00eame en mode d\u00e9mo.<br \/>\n  <\/li>\n<\/ul>\n<p><strong>Version 1.3.3.0<\/strong> <br \/>\n  Sortie le 2 novembre\u00a02015<\/p>\n<ul>\n  <li>La balise \u00ab\u00a0Titre\u00a0\u00bb n'appara\u00eet plus dans le fichier HTML export\u00e9.<\/li>\n  <li>Le message d'avertissement qui s'affiche lors d'une tentative de chargement de fichier avant d'avoir enregistr\u00e9 le travail en cours comprend d\u00e9sormais un bouton \u00ab\u00a0Annuler\u00a0\u00bb.<\/li>\n  <li>Le message indiquant la disponibilit\u00e9 de nouvelles mises \u00e0 jour s'affiche maintenant aussi pour les utilisateurs non administrateurs.<\/li>\n  <li>Correction de bugs mineurs.<\/li>\n<\/ul>\n<p><strong>Version 1.3.2.2<\/strong><br \/>\n  Sortie le 16\u00a0octobre\u00a02015<\/p>\n<ul>\n  <li>Ajout de balises CONSULTER EN LIGNE dans diff\u00e9rents blocs.<\/li>\n  <li>Correction du message d'erreur affich\u00e9e lors de la tentative d'exportation d'images GIF.<\/li>\n<\/ul>\n<p><strong>Version 1.3.1.0<\/strong><br \/>\n  Sortie le 4\u00a0ao\u00fbt\u00a02015<\/p>\n<ul>\n  <li>Compatible avec Windows\u00a010.<\/li>\n  <li>Ajout d'une nouvelle option dans les param\u00e8tres pour d\u00e9finir le protocole d'image pour les images cloud.<\/li>\n  <li>Correction de bugs mineurs.<\/li>\n<\/ul>\n<p><strong>Version 1.3.0.0<\/strong><br \/>\n  Sortie le 17\u00a0juin\u00a02015<\/p>\n<ul>\n  <li>Les fichiers MailStyler sont d\u00e9sormais plus petits et plus rapides \u00e0 charger et \u00e0 enregistrer.<\/li>\n  <li>Lors de l'exportation, une nouvelle \u00e9tape indique clairement la taille du bulletin d'informations.<\/li>\n  <li>L'exportation est \u00e9galement plus rapide gr\u00e2ce \u00e0 un tout nouveau serveur d\u00e9di\u00e9 pour les t\u00e9l\u00e9chargements sur le cloud.<\/li>\n  <li>Ajout d'un support pour les liaisons t\u00e9l\u00e9phoniques.<\/li>\n  <li>Correction de bugs mineurs.<\/li>\n<\/ul>\n<p><strong>Version 1.2.0.0<\/strong><br \/>\n  Publi&eacute;e le 18 Mars 2015<\/p>\n<ul>\n<li>Importante am&eacute;lioration de la compatibilit&eacute; pour les bordures et les marges avec Outlook 2007, 2010 et 2013.<\/li>\n  <li>Ajout d'un formulaire pour les caract&egrave;res sp&eacute;ciaux (clic droit sur le texte et s&eacute;lectionnez le nouveau menu contextuel).<\/li>\n  \n  <li>Des boutons peuvent d&eacute;sormais &ecirc;tre cr&eacute;es avec n'importe laquelle des polices install&eacute;es sur le syst&egrave;me.<\/li>\n  <li>Correction de bogues mineurs.<\/li>\n<\/ul>\n<p><strong>Version 1.1.2.0<\/strong><br \/>\n  Publi&eacute;e le 29 Janvier 2015<\/p>\n<ul>\n  <li>Am&eacute;lioration de la compatibilit&eacute; avec Yahoo! Mail.<\/li>\n  <li>Ajout de nouveaux blocs.<\/li>\n  <li>Correction de l'erreur li&eacute;e &agrave; Windows Xp affichant une biblioth&egrave;que compl&egrave;te lors du t&eacute;l&eacute;chargement.<\/li>\n  <li>Correction de bogues mineurs.<\/li>\n<\/ul>\n<p><strong>Version 1.1.1.0<\/strong><br \/>\n  Publi&eacute;e le 22 d&eacute;cembre 2014<\/p>\n<ul>\n  <li>Ajout de la compatibilit&eacute; avec les aper&ccedil;us et exportations de Thunderbird.<\/li>\n  <li>Ajout de quatre nouveaux blocs.<\/li>\n  <li>Am&eacute;lioration de l'int&eacute;gration SmartPreview.<\/li>\n  <li>Correction de bogues mineurs.<\/li>\n<\/ul>\n<p><strong>Version 1.1.0.2<\/strong><br \/>\nPubli&eacute;e le 12 d&eacute;cembre 2014<\/p>\n<ul>\n  <li>Ajout de la compatibilit&eacute; pour les textes justifi&eacute;s dans MS Outlook.<\/li>\n  <li>Correction du bug touchant les blocs dynamiques qui r&eacute;sultait en une mise en page vide lorsqu'ouverte avec SendBlaster.<\/li>\n<\/ul>\n<p><strong>Version 1.1.0.0<\/strong><br \/>\nPubli&eacute;e le 9 d&eacute;cembre 2014<\/p>\n<ul>\n  <li>Ajout d'un simulateur d'aper&ccedil;us pour les Smartphones (SmartPreview).<\/li>\n  <li>Ajout de 4 nouvelles cat&eacute;gories d'images &agrave; la biblioth&egrave;que : No&eumll, Nouvel An, P&acirc;ques, Halloween.<\/li>\n  <li>Ajout de la compatibilit&eacute; avec la hauteur de ligne entre les lignes.<\/li>\n  <li>Ajout des ic&ocirc;nes textes copier\/coller dans la boite &agrave; outils.<\/li>\n  <li>Ajout de la compatibilit&eacute; avec les textes en justifi&eacute;.<\/li>\n  <li>Correction de bogues mineurs.<\/li>\n<\/ul>\n<p><strong>Version 1.0.3.0<\/strong><br \/>\n  Publi&eacute;e le 20 novembre 2014<\/p>\n<ul>\n  <li>Ajout de la compatibilit&eacute; avec les blocs dynamiques affich&eacute;s dans Yahoo! mail.<\/li>\n  <li>Correction du probl&egrave;me de l'activation qui retourne en mode d&eacute;mo.<\/li>\n  <li>Correction du traitement du caract&egrave;re &amp; dans les URL<\/li>\n  <li>Correction de bogues mineurs.<\/li><\/ul>\n<p><strong>Version 1.0.2.23<\/strong><br \/>\n  Publi&eacute;e le 3 novembre 2014<\/p>\n<p>Voir aussi<br>\n  <a href=\"http:\/\/www.newslettercreator.com\/fr\/help\/overview\/\">Aper&ccedil;u g&eacute;n&eacute;ral\n<\/a><\/p>\n\n<\/div>\n","protected":false},"excerpt":{"rendered":"","protected":false},"author":1,"featured_media":0,"parent":3776,"menu_order":0,"comment_status":"closed","ping_status":"closed","template":"g1_template_page_sidebar_left.php","meta":{"inline_featured_image":false,"_monsterinsights_skip_tracking":false,"_monsterinsights_sitenote_active":false,"_monsterinsights_sitenote_note":"","_monsterinsights_sitenote_category":0,"footnotes":""},"class_list":["post-3785","page","type-page","status-publish"],"yoast_head":"<!-- This site is optimized with the Yoast SEO plugin v25.2 - https:\/\/yoast.com\/wordpress\/plugins\/seo\/ -->\n<title>Historique des mises \u00e0 jours - Newsletter Creator<\/title>\n<meta name=\"robots\" content=\"index, follow, max-snippet:-1, max-image-preview:large, max-video-preview:-1\" \/>\n<link rel=\"canonical\" href=\"https:\/\/www.newslettercreator.com\/fr\/aide\/historique-des-mises-a-jours\/\" \/>\n<meta property=\"og:locale\" content=\"fr_FR\" \/>\n<meta property=\"og:type\" content=\"article\" \/>\n<meta property=\"og:title\" content=\"Historique des mises \u00e0 jours - Newsletter Creator\" \/>\n<meta property=\"og:url\" content=\"https:\/\/www.newslettercreator.com\/fr\/aide\/historique-des-mises-a-jours\/\" \/>\n<meta property=\"og:site_name\" content=\"Newsletter Creator\" \/>\n<meta property=\"article:modified_time\" content=\"2020-03-30T07:45:05+00:00\" \/>\n<script type=\"application\/ld+json\" class=\"yoast-schema-graph\">{\"@context\":\"https:\/\/schema.org\",\"@graph\":[{\"@type\":\"WebPage\",\"@id\":\"https:\/\/www.newslettercreator.com\/fr\/aide\/historique-des-mises-a-jours\/\",\"url\":\"https:\/\/www.newslettercreator.com\/fr\/aide\/historique-des-mises-a-jours\/\",\"name\":\"Historique des mises \u00e0 jours - Newsletter Creator\",\"isPartOf\":{\"@id\":\"https:\/\/www.newslettercreator.com\/#website\"},\"datePublished\":\"2015-09-01T09:31:08+00:00\",\"dateModified\":\"2020-03-30T07:45:05+00:00\",\"breadcrumb\":{\"@id\":\"https:\/\/www.newslettercreator.com\/fr\/aide\/historique-des-mises-a-jours\/#breadcrumb\"},\"inLanguage\":\"fr-FR\",\"potentialAction\":[{\"@type\":\"ReadAction\",\"target\":[\"https:\/\/www.newslettercreator.com\/fr\/aide\/historique-des-mises-a-jours\/\"]}]},{\"@type\":\"BreadcrumbList\",\"@id\":\"https:\/\/www.newslettercreator.com\/fr\/aide\/historique-des-mises-a-jours\/#breadcrumb\",\"itemListElement\":[{\"@type\":\"ListItem\",\"position\":1,\"name\":\"Home\",\"item\":\"https:\/\/www.newslettercreator.com\/fr\/\"},{\"@type\":\"ListItem\",\"position\":2,\"name\":\"Guide d&rsquo;aide\",\"item\":\"https:\/\/www.newslettercreator.com\/fr\/aide\/\"},{\"@type\":\"ListItem\",\"position\":3,\"name\":\"Historique des mises \u00e0 jours\"}]},{\"@type\":\"WebSite\",\"@id\":\"https:\/\/www.newslettercreator.com\/#website\",\"url\":\"https:\/\/www.newslettercreator.com\/\",\"name\":\"Newsletter Creator\",\"description\":\"Pay off\",\"potentialAction\":[{\"@type\":\"SearchAction\",\"target\":{\"@type\":\"EntryPoint\",\"urlTemplate\":\"https:\/\/www.newslettercreator.com\/?s={search_term_string}\"},\"query-input\":{\"@type\":\"PropertyValueSpecification\",\"valueRequired\":true,\"valueName\":\"search_term_string\"}}],\"inLanguage\":\"fr-FR\"}]}<\/script>\n<!-- \/ Yoast SEO plugin. -->","yoast_head_json":{"title":"Historique des mises \u00e0 jours - Newsletter Creator","robots":{"index":"index","follow":"follow","max-snippet":"max-snippet:-1","max-image-preview":"max-image-preview:large","max-video-preview":"max-video-preview:-1"},"canonical":"https:\/\/www.newslettercreator.com\/fr\/aide\/historique-des-mises-a-jours\/","og_locale":"fr_FR","og_type":"article","og_title":"Historique des mises \u00e0 jours - Newsletter Creator","og_url":"https:\/\/www.newslettercreator.com\/fr\/aide\/historique-des-mises-a-jours\/","og_site_name":"Newsletter Creator","article_modified_time":"2020-03-30T07:45:05+00:00","schema":{"@context":"https:\/\/schema.org","@graph":[{"@type":"WebPage","@id":"https:\/\/www.newslettercreator.com\/fr\/aide\/historique-des-mises-a-jours\/","url":"https:\/\/www.newslettercreator.com\/fr\/aide\/historique-des-mises-a-jours\/","name":"Historique des mises \u00e0 jours - Newsletter Creator","isPartOf":{"@id":"https:\/\/www.newslettercreator.com\/#website"},"datePublished":"2015-09-01T09:31:08+00:00","dateModified":"2020-03-30T07:45:05+00:00","breadcrumb":{"@id":"https:\/\/www.newslettercreator.com\/fr\/aide\/historique-des-mises-a-jours\/#breadcrumb"},"inLanguage":"fr-FR","potentialAction":[{"@type":"ReadAction","target":["https:\/\/www.newslettercreator.com\/fr\/aide\/historique-des-mises-a-jours\/"]}]},{"@type":"BreadcrumbList","@id":"https:\/\/www.newslettercreator.com\/fr\/aide\/historique-des-mises-a-jours\/#breadcrumb","itemListElement":[{"@type":"ListItem","position":1,"name":"Home","item":"https:\/\/www.newslettercreator.com\/fr\/"},{"@type":"ListItem","position":2,"name":"Guide d&rsquo;aide","item":"https:\/\/www.newslettercreator.com\/fr\/aide\/"},{"@type":"ListItem","position":3,"name":"Historique des mises \u00e0 jours"}]},{"@type":"WebSite","@id":"https:\/\/www.newslettercreator.com\/#website","url":"https:\/\/www.newslettercreator.com\/","name":"Newsletter Creator","description":"Pay off","potentialAction":[{"@type":"SearchAction","target":{"@type":"EntryPoint","urlTemplate":"https:\/\/www.newslettercreator.com\/?s={search_term_string}"},"query-input":{"@type":"PropertyValueSpecification","valueRequired":true,"valueName":"search_term_string"}}],"inLanguage":"fr-FR"}]}},"_links":{"self":[{"href":"https:\/\/www.newslettercreator.com\/fr\/wp-json\/wp\/v2\/pages\/3785","targetHints":{"allow":["GET"]}}],"collection":[{"href":"https:\/\/www.newslettercreator.com\/fr\/wp-json\/wp\/v2\/pages"}],"about":[{"href":"https:\/\/www.newslettercreator.com\/fr\/wp-json\/wp\/v2\/types\/page"}],"author":[{"embeddable":true,"href":"https:\/\/www.newslettercreator.com\/fr\/wp-json\/wp\/v2\/users\/1"}],"replies":[{"embeddable":true,"href":"https:\/\/www.newslettercreator.com\/fr\/wp-json\/wp\/v2\/comments?post=3785"}],"version-history":[{"count":3,"href":"https:\/\/www.newslettercreator.com\/fr\/wp-json\/wp\/v2\/pages\/3785\/revisions"}],"predecessor-version":[{"id":9685,"href":"https:\/\/www.newslettercreator.com\/fr\/wp-json\/wp\/v2\/pages\/3785\/revisions\/9685"}],"up":[{"embeddable":true,"href":"https:\/\/www.newslettercreator.com\/fr\/wp-json\/wp\/v2\/pages\/3776"}],"wp:attachment":[{"href":"https:\/\/www.newslettercreator.com\/fr\/wp-json\/wp\/v2\/media?parent=3785"}],"curies":[{"name":"wp","href":"https:\/\/api.w.org\/{rel}","templated":true}]}}