{"id":3821,"date":"2015-09-02T07:38:37","date_gmt":"2015-09-02T07:38:37","guid":{"rendered":"http:\/\/www.newslettercreator.com\/?page_id=3821"},"modified":"2020-03-30T09:45:07","modified_gmt":"2020-03-30T07:45:07","slug":"l-onglet-des-blocs","status":"publish","type":"page","link":"https:\/\/www.newslettercreator.com\/fr\/aide\/l-onglet-des-blocs\/","title":{"rendered":"L&rsquo;onglet des blocs"},"content":{"rendered":"<div id=\"help-guide\">\n<p>L'onglet Bloc est<strong> l'&eacute;l&eacute;ment sur la gauche de l'\u00e9cran<\/strong> contenant la<strong> liste des blocs pour newsletter pr&eacute;alablement cr&eacute;s <\/strong>que vous pouvez utiliser afin de<strong> mettre en page votre newsletter <\/strong>.<br>\nConsultez les cat&eacute;gories en<strong> cliquant sur la liste d&eacute;roulante sup&eacute;rieure <\/strong>ou en cliquant<strong> sur la fl&egrave;che de gauche ou sur la fl&ecirc;che de droite <\/strong>.<\/p>\n<p>Les blocs contenus dans la biblioth&egrave;que sont une liste des<strong> mises en page les plus utilis&eacute;es dans les newsletters actuelles<\/strong>.<br>\nChaque bloc peut &ecirc;tre <strong>personnalis&eacute; <\/strong>en y ajoutant des colonnes et des lignes, consultez <a href=\"http:\/\/www.newslettercreator.com\/fr\/help\/select-edit-block\/\">S&eacute;lection des blocs &amp; &eacute;dition<\/a> pour plus d'informations.<\/p>\n<p>Faites survoler votre curseur sur chaque bloc pour avoir<strong> un rapide aper&ccedil;u <\/strong>de ce &agrave; quoi chaque bloc ressemblera. Gardez &agrave; l'esprit que le r&eacute;sultat final<strong> d&eacute;pendra du type de style que vous utilisez &agrave; l'instant<\/strong>, alors que quand un bloc est ajout&eacute; &agrave; la newsletter<strong> il lui est attribu&eacute; le style en cours d'utilisation <\/strong>.<\/p>\n<table border=\"0\" align=\"center\" cellpadding=\"0\" cellspacing=\"0\">\n<tr>\n<td align=\"center\">\n<span class=\"image-title\">L'onglet bloc<\/span>\n<\/td>\n<td align=\"center\">\n<span class=\"image-title\">&nbspLa pr&eacute;visualisation du bloc<\/span>\n<\/td>\n<\/tr>\n<tr>\n<td align=\"center\">\n<a title=\"L'onglet bloc\" href=\"http:\/\/www.newslettercreator.com\/user-guide-files\/fr\/images\/block-panel_01.png\" rel=\"prettyPhoto\"><img decoding=\"async\" src=\"http:\/\/www.newslettercreator.com\/user-guide-files\/fr\/images\/block-panel_01.png\" alt=\"L'onglet bloc\" width=\"100\"><\/a>\n<\/td>\n<td align=\"center\">\n<a title=\"La pr\u00e9visualisation du bloc\" href=\"http:\/\/www.newslettercreator.com\/user-guide-files\/fr\/images\/block-panel_02.png\" rel=\"prettyPhoto\"><img decoding=\"async\" src=\"http:\/\/www.newslettercreator.com\/user-guide-files\/fr\/images\/block-panel_02.png\" alt=\"La pr\u00e9visualisation du bloc\" width=\"200\"><\/a>\n<\/td>\n<\/tr>\n<tr>\n<td align=\"center\" colspan=\"2\">\n<span class=\"image-zoom\">Cliquez pour agrandir<\/span>\n<\/td>\n<\/tr>\n<\/table>\n<p>Une fois que vous avez identifi&eacute; le bloc que vous souhaitez ajouter &agrave; votre newsletter, il vous suffit <strong>de cliquer dessus et de le d&eacute;placer dans le corps de votre newsletter<\/strong>. Un <strong>indicateur horizontal<\/strong> apparaitra pour montrer le point d'insertion.<\/p>\n<p>La biblioth&egrave;que &agrave; blocs contient <strong>2 types de blocs<\/strong>:<\/p>\n<ul>\n  <li><strong>Les blocs classiques<\/strong>.<\/li>\n  <li><strong>Les blocs logiques<\/strong>, frapp&eacute;s de la marque <strong>[R]<\/strong>.<\/li>\n<\/ul>\n<p class=\"note\">Il est conseill&eacute; d'&eacute;viter<strong> de cr&eacute;er une newsletter incluant &agrave; la fois des blocs classiques et des blocs logiques<\/strong>.<br \/>\nConsultez <a href=\"http:\/\/www.newslettercreator.com\/fr\/help\/mixing-responsive-blocks\/\">M&eacute;langer les blocs logiques<\/a> pour plus d'informations.<\/p>\n<p><strong>Les blocs classiques<\/strong> sont con&ccedil;us pour &ecirc;tre utilis&eacute;s au sein de newsletters qui seront en principe visionn&eacute;es sur des <strong>moniteurs d'ordinateur<\/strong>, alors que <strong>les blocs logiques <\/strong> r&eacute;pondent mieux lorsqu'ils sont visionn&eacute;s sur des <strong> appareils mobiles<\/strong>, comme les tablettes et les smartphones.<br \/>\n  <strong>Les blocs logiques r&eacute;arrangent automatiquement leurs contenus verticalement <\/strong> lorsque la largeur du terminal de lecture est inf&eacute;rieure &agrave; 600 pixels.<\/p>\n<table border=\"0\" align=\"center\" cellpadding=\"0\" cellspacing=\"0\">\n<tr>\n<td align=\"center\" width=\"33%\">\n<span class=\"image-title\">Liste des cat&eacute;gories de blocs<\/span>\n<\/td>\n<td align=\"center\" width=\"33%\">\n<span class=\"image-title\">Un bloc logique lorsqu'il est affich&eacute; sur un &eacute;cran de plus de 600 pixels<\/span>\n<\/td>\n<td align=\"center\" width=\"33%\">\n<span class=\"image-title\">Le m&ecirc;me bloc logique lorsqu'il est affich&eacute; sur un &eacute;cran de taille inf&eacute;rieure &agrave; 600 pixels<\/span>\n<\/td>\n<\/tr>\n<tr>\n<td align=\"center\">\n<a title=\"Liste des cat\u00e9gories de blocs\" href=\"http:\/\/www.newslettercreator.com\/user-guide-files\/fr\/images\/block-panel_03.png\" rel=\"prettyPhoto\"><img decoding=\"async\" src=\"http:\/\/www.newslettercreator.com\/user-guide-files\/fr\/images\/block-panel_03.png\" alt=\"Liste des cat\u00e9gories de blocs\" width=\"100\"><\/a>\n<\/td>\n<td align=\"center\">\n<a title=\"Un bloc logique lorsqu'il est affich\u00e9 sur un \u00e9cran de plus de 600 pixels\" href=\"http:\/\/www.newslettercreator.com\/user-guide-files\/fr\/images\/block-panel_04.png\" rel=\"prettyPhoto\"><img decoding=\"async\" src=\"http:\/\/www.newslettercreator.com\/user-guide-files\/fr\/images\/block-panel_04.png\" alt=\"Un bloc logique lorsqu'il est affich\u00e9 sur un \u00e9cran de plus de 600 pixels\" width=\"340\"><\/a>\n<\/td>\n<td align=\"center\">\n<a title=\"Le m\u00eame bloc logique lorsqu'il est affich\u00e9 sur un \u00e9cran de taille inf\u00e9rieure \u00e0 600 pixels\" href=\"http:\/\/www.newslettercreator.com\/user-guide-files\/fr\/images\/block-panel_05.png\" rel=\"prettyPhoto\"><img decoding=\"async\" src=\"http:\/\/www.newslettercreator.com\/user-guide-files\/fr\/images\/block-panel_05.png\" alt=\"Le m\u00eame bloc logique lorsqu'il est affich\u00e9 sur un \u00e9cran de taille inf\u00e9rieure \u00e0 600 pixels\" width=\"200\"><\/a>\n<\/td>\n<\/tr>\n<tr>\n<td align=\"center\" colspan=\"3\">\n<span class=\"image-zoom\">Cliquez pour agrandir<\/span>\n<\/td>\n<\/tr>\n<\/table>\n<p>Voir aussi<br \/>\n<\/a><a href=\"http:\/\/www.newslettercreator.com\/fr\/help\/mixing-responsive-blocks\/\">M&eacute;langer les blocs logiques<\/a><\/p>\n\n<\/div>\n","protected":false},"excerpt":{"rendered":"","protected":false},"author":1,"featured_media":0,"parent":3776,"menu_order":0,"comment_status":"closed","ping_status":"closed","template":"g1_template_page_sidebar_left.php","meta":{"inline_featured_image":false,"_monsterinsights_skip_tracking":false,"_monsterinsights_sitenote_active":false,"_monsterinsights_sitenote_note":"","_monsterinsights_sitenote_category":0,"footnotes":""},"class_list":["post-3821","page","type-page","status-publish"],"yoast_head":"<!-- This site is optimized with the Yoast SEO plugin v25.2 - https:\/\/yoast.com\/wordpress\/plugins\/seo\/ -->\n<title>L&#039;onglet des blocs - Newsletter Creator<\/title>\n<meta name=\"robots\" content=\"index, follow, max-snippet:-1, max-image-preview:large, max-video-preview:-1\" \/>\n<link rel=\"canonical\" href=\"https:\/\/www.newslettercreator.com\/fr\/aide\/l-onglet-des-blocs\/\" \/>\n<meta property=\"og:locale\" content=\"fr_FR\" \/>\n<meta property=\"og:type\" content=\"article\" \/>\n<meta property=\"og:title\" content=\"L&#039;onglet des blocs - Newsletter Creator\" \/>\n<meta property=\"og:url\" content=\"https:\/\/www.newslettercreator.com\/fr\/aide\/l-onglet-des-blocs\/\" \/>\n<meta property=\"og:site_name\" content=\"Newsletter Creator\" \/>\n<meta property=\"article:modified_time\" content=\"2020-03-30T07:45:07+00:00\" \/>\n<script type=\"application\/ld+json\" class=\"yoast-schema-graph\">{\"@context\":\"https:\/\/schema.org\",\"@graph\":[{\"@type\":\"WebPage\",\"@id\":\"https:\/\/www.newslettercreator.com\/fr\/aide\/l-onglet-des-blocs\/\",\"url\":\"https:\/\/www.newslettercreator.com\/fr\/aide\/l-onglet-des-blocs\/\",\"name\":\"L'onglet des blocs - Newsletter Creator\",\"isPartOf\":{\"@id\":\"https:\/\/www.newslettercreator.com\/#website\"},\"datePublished\":\"2015-09-02T07:38:37+00:00\",\"dateModified\":\"2020-03-30T07:45:07+00:00\",\"breadcrumb\":{\"@id\":\"https:\/\/www.newslettercreator.com\/fr\/aide\/l-onglet-des-blocs\/#breadcrumb\"},\"inLanguage\":\"fr-FR\",\"potentialAction\":[{\"@type\":\"ReadAction\",\"target\":[\"https:\/\/www.newslettercreator.com\/fr\/aide\/l-onglet-des-blocs\/\"]}]},{\"@type\":\"BreadcrumbList\",\"@id\":\"https:\/\/www.newslettercreator.com\/fr\/aide\/l-onglet-des-blocs\/#breadcrumb\",\"itemListElement\":[{\"@type\":\"ListItem\",\"position\":1,\"name\":\"Home\",\"item\":\"https:\/\/www.newslettercreator.com\/fr\/\"},{\"@type\":\"ListItem\",\"position\":2,\"name\":\"Guide d&rsquo;aide\",\"item\":\"https:\/\/www.newslettercreator.com\/fr\/aide\/\"},{\"@type\":\"ListItem\",\"position\":3,\"name\":\"L&rsquo;onglet des blocs\"}]},{\"@type\":\"WebSite\",\"@id\":\"https:\/\/www.newslettercreator.com\/#website\",\"url\":\"https:\/\/www.newslettercreator.com\/\",\"name\":\"Newsletter Creator\",\"description\":\"Pay off\",\"potentialAction\":[{\"@type\":\"SearchAction\",\"target\":{\"@type\":\"EntryPoint\",\"urlTemplate\":\"https:\/\/www.newslettercreator.com\/?s={search_term_string}\"},\"query-input\":{\"@type\":\"PropertyValueSpecification\",\"valueRequired\":true,\"valueName\":\"search_term_string\"}}],\"inLanguage\":\"fr-FR\"}]}<\/script>\n<!-- \/ Yoast SEO plugin. -->","yoast_head_json":{"title":"L'onglet des blocs - Newsletter Creator","robots":{"index":"index","follow":"follow","max-snippet":"max-snippet:-1","max-image-preview":"max-image-preview:large","max-video-preview":"max-video-preview:-1"},"canonical":"https:\/\/www.newslettercreator.com\/fr\/aide\/l-onglet-des-blocs\/","og_locale":"fr_FR","og_type":"article","og_title":"L'onglet des blocs - Newsletter Creator","og_url":"https:\/\/www.newslettercreator.com\/fr\/aide\/l-onglet-des-blocs\/","og_site_name":"Newsletter Creator","article_modified_time":"2020-03-30T07:45:07+00:00","schema":{"@context":"https:\/\/schema.org","@graph":[{"@type":"WebPage","@id":"https:\/\/www.newslettercreator.com\/fr\/aide\/l-onglet-des-blocs\/","url":"https:\/\/www.newslettercreator.com\/fr\/aide\/l-onglet-des-blocs\/","name":"L'onglet des blocs - Newsletter Creator","isPartOf":{"@id":"https:\/\/www.newslettercreator.com\/#website"},"datePublished":"2015-09-02T07:38:37+00:00","dateModified":"2020-03-30T07:45:07+00:00","breadcrumb":{"@id":"https:\/\/www.newslettercreator.com\/fr\/aide\/l-onglet-des-blocs\/#breadcrumb"},"inLanguage":"fr-FR","potentialAction":[{"@type":"ReadAction","target":["https:\/\/www.newslettercreator.com\/fr\/aide\/l-onglet-des-blocs\/"]}]},{"@type":"BreadcrumbList","@id":"https:\/\/www.newslettercreator.com\/fr\/aide\/l-onglet-des-blocs\/#breadcrumb","itemListElement":[{"@type":"ListItem","position":1,"name":"Home","item":"https:\/\/www.newslettercreator.com\/fr\/"},{"@type":"ListItem","position":2,"name":"Guide d&rsquo;aide","item":"https:\/\/www.newslettercreator.com\/fr\/aide\/"},{"@type":"ListItem","position":3,"name":"L&rsquo;onglet des blocs"}]},{"@type":"WebSite","@id":"https:\/\/www.newslettercreator.com\/#website","url":"https:\/\/www.newslettercreator.com\/","name":"Newsletter Creator","description":"Pay off","potentialAction":[{"@type":"SearchAction","target":{"@type":"EntryPoint","urlTemplate":"https:\/\/www.newslettercreator.com\/?s={search_term_string}"},"query-input":{"@type":"PropertyValueSpecification","valueRequired":true,"valueName":"search_term_string"}}],"inLanguage":"fr-FR"}]}},"_links":{"self":[{"href":"https:\/\/www.newslettercreator.com\/fr\/wp-json\/wp\/v2\/pages\/3821","targetHints":{"allow":["GET"]}}],"collection":[{"href":"https:\/\/www.newslettercreator.com\/fr\/wp-json\/wp\/v2\/pages"}],"about":[{"href":"https:\/\/www.newslettercreator.com\/fr\/wp-json\/wp\/v2\/types\/page"}],"author":[{"embeddable":true,"href":"https:\/\/www.newslettercreator.com\/fr\/wp-json\/wp\/v2\/users\/1"}],"replies":[{"embeddable":true,"href":"https:\/\/www.newslettercreator.com\/fr\/wp-json\/wp\/v2\/comments?post=3821"}],"version-history":[{"count":3,"href":"https:\/\/www.newslettercreator.com\/fr\/wp-json\/wp\/v2\/pages\/3821\/revisions"}],"predecessor-version":[{"id":9686,"href":"https:\/\/www.newslettercreator.com\/fr\/wp-json\/wp\/v2\/pages\/3821\/revisions\/9686"}],"up":[{"embeddable":true,"href":"https:\/\/www.newslettercreator.com\/fr\/wp-json\/wp\/v2\/pages\/3776"}],"wp:attachment":[{"href":"https:\/\/www.newslettercreator.com\/fr\/wp-json\/wp\/v2\/media?parent=3821"}],"curies":[{"name":"wp","href":"https:\/\/api.w.org\/{rel}","templated":true}]}}