{"id":4216,"date":"2015-12-23T15:33:23","date_gmt":"2015-12-23T15:33:23","guid":{"rendered":"http:\/\/www.newslettercreator.com\/fr\/?page_id=4216"},"modified":"2015-12-23T15:40:52","modified_gmt":"2015-12-23T15:40:52","slug":"inline-css-pour-email-editeur","status":"publish","type":"page","link":"https:\/\/www.newslettercreator.com\/fr\/inline-css-pour-email-editeur\/","title":{"rendered":"Email CSS Inline : De Belles Newsletters pour tous les Clients de messagerie"},"content":{"rendered":"<p>Il arrive souvent que certains clients de messagerie suppriment les balises &lt;head&gt; et &lt;style&gt; de la version HTML\/CSS de vos Newsletters. Vous n&rsquo;avez pas besoin d&rsquo;\u00eatre un webmestre expert pour comprendre que cela g\u00e2che compl\u00e8tement le rendu de votre Newsletter, an\u00e9antissant tout votre travail.<\/p>\n<p>Et ne croyez pas que ce soit quelque chose qui arrive rarement : Gmail, l&rsquo;un des services les plus populaires au monde de Client de messagerie, supprime le CSS de la balise &lt;style&gt;.<\/p>\n<p>Pour r\u00e9soudre ce probl\u00e8me, vous avez 3 solutions :<\/p>\n<ol>\n<li>Vous pouvez \u00e9crire vous-m\u00eame le <strong>code HTML\/CSS Inline<\/strong> des e-mails en pla\u00e7ant les \u00e9l\u00e9ments de la mani\u00e8re la plus convenable possible en respectant les diff\u00e9rentes r\u00e8gles des Services de Client de messagerie.<br \/>&nbsp;<\/li>\n<li>Vous pouvez essayer un logiciel externe qui fait le \u00ab sale travail \u00bb pour vous : cela signifie que vous devez exporter le code HTML de votre Newsletter sur un service externe, attendre qu&rsquo;il soit correctement traduit en formulaire <strong>e-mail CSS Inline<\/strong> et, enfin, le ramener sur votre zone de travail. M\u00eame si vous ne pouvez pas \u00eatre compl\u00e8tement s\u00fbr qu&rsquo;il s&rsquo;affichera correctement. Vous pouvez toujours tester votre Newsletter avec des services comme <a href=\"http:\/\/www.newslettercreator.com\/litmus-email-testing\/\" title=\"Litmus\">Litmus<\/a> ou <a href=\"http:\/\/www.newslettercreator.com\/email-on-acid\/\" title=\"Email on Acid\">EmailOnAcid<\/a> pour \u00eatre certain que le code est correctement optimis\u00e9.<br \/>&nbsp;<\/li>\n<li><strong>Vous pouvez utiliser MS et oublier tout le reste.<\/strong><\/li>\n<\/ol>\n<p><img decoding=\"async\" class=\"alignnone size-full wp-image-237\" src=\"http:\/\/www.newslettercreator.com\/wp-content\/uploads\/2015\/09\/inline-css-for-email-editor.jpg\" alt=\"Email CSS Inline : De Belles Newsletters pour tous les Clients de messagerie\" width=\"649\" height=\"423\" \/><\/p>\n<p>C&rsquo;est vrai ! MailStyler est n\u00e9 pour <strong>r\u00e9pondre \u00e0 tous les besoins du marketing par e-mail<\/strong>. Nous connaissons tr\u00e8s bien tous les probl\u00e8mes que vous pouvez rencontrer avec un e-mail et ceux auxquels vous devez faire face lors de son envoi. Nous avons \u00e9tudi\u00e9 la fa\u00e7on d&rsquo;effectuer les envois de la fa\u00e7on la plus tranquille possible.<\/p>\n<p>MailStyler est <strong>le seul \u00e9diteur de Newsletter avec la fonction E-mail HTML avec CSS Inline int\u00e9gr\u00e9e<\/strong>. Chaque e-mail est automatiquement \u00e9crit en code Inline, sans que vous vous en aperceviez. Vos Newsletters s&rsquo;afficheront toujours correctement, car le CSS aura \u00e9t\u00e9 cr\u00e9\u00e9 avec soin et de fa\u00e7on optimis\u00e9e. Nous vous le garantissons !<\/p>\n<p>Again, you don\u2019t need to be an expert webmaster to understand the benefits in terms of time and resources saved.<\/p>\n<p>Testez l&rsquo;efficacit\u00e9 de MailStyler par vous-m\u00eame ! <a title=\"T\u00e9l\u00e9chargez la Version Gratuite de MailStyler\" href=\"http:\/\/www.newslettercreator.com\/utils\/download\/pre-download.php\"><strong>T\u00e9l\u00e9chargez la Version Gratuite<\/strong><\/a> et concevez votre premi\u00e8re Newsletter en seulement 2 minutes.<\/p>\n<p>Profitez-en !<\/p>\n","protected":false},"excerpt":{"rendered":"<p>Il arrive souvent que certains clients de messagerie suppriment les balises &lt;head&gt; et &lt;style&gt; de la version HTML\/CSS de vos Newsletters. Vous n&rsquo;avez pas besoin d&rsquo;\u00eatre un webmestre expert pour comprendre que cela g\u00e2che compl\u00e8tement le rendu de votre Newsletter, an\u00e9antissant tout votre travail. Et ne croyez pas que ce soit quelque chose qui arrive [&hellip;]<\/p>\n","protected":false},"author":1,"featured_media":0,"parent":0,"menu_order":0,"comment_status":"closed","ping_status":"closed","template":"g1_template_page_sidebar_right.php","meta":{"inline_featured_image":false,"_monsterinsights_skip_tracking":false,"_monsterinsights_sitenote_active":false,"_monsterinsights_sitenote_note":"","_monsterinsights_sitenote_category":0,"footnotes":""},"class_list":["post-4216","page","type-page","status-publish"],"yoast_head":"<!-- This site is optimized with the Yoast SEO plugin v25.2 - https:\/\/yoast.com\/wordpress\/plugins\/seo\/ -->\n<title>Email CSS Inline : De Belles Newsletters pour tous les Clients de messagerie - Newsletter Creator<\/title>\n<meta name=\"robots\" content=\"index, follow, max-snippet:-1, max-image-preview:large, max-video-preview:-1\" \/>\n<link rel=\"canonical\" href=\"https:\/\/www.newslettercreator.com\/fr\/inline-css-pour-email-editeur\/\" \/>\n<meta property=\"og:locale\" content=\"fr_FR\" \/>\n<meta property=\"og:type\" content=\"article\" \/>\n<meta property=\"og:title\" content=\"Email CSS Inline : De Belles Newsletters pour tous les Clients de messagerie - Newsletter Creator\" \/>\n<meta property=\"og:description\" content=\"Il arrive souvent que certains clients de messagerie suppriment les balises &lt;head&gt; et &lt;style&gt; de la version HTML\/CSS de vos Newsletters. Vous n&rsquo;avez pas besoin d&rsquo;\u00eatre un webmestre expert pour comprendre que cela g\u00e2che compl\u00e8tement le rendu de votre Newsletter, an\u00e9antissant tout votre travail. Et ne croyez pas que ce soit quelque chose qui arrive [&hellip;]\" \/>\n<meta property=\"og:url\" content=\"https:\/\/www.newslettercreator.com\/fr\/inline-css-pour-email-editeur\/\" \/>\n<meta property=\"og:site_name\" content=\"Newsletter Creator\" \/>\n<meta property=\"article:modified_time\" content=\"2015-12-23T15:40:52+00:00\" \/>\n<meta property=\"og:image\" content=\"http:\/\/www.newslettercreator.com\/wp-content\/uploads\/2015\/09\/inline-css-for-email-editor.jpg\" \/>\n<meta name=\"twitter:label1\" content=\"Dur\u00e9e de lecture estim\u00e9e\" \/>\n\t<meta name=\"twitter:data1\" content=\"2 minutes\" \/>\n<script type=\"application\/ld+json\" class=\"yoast-schema-graph\">{\"@context\":\"https:\/\/schema.org\",\"@graph\":[{\"@type\":\"WebPage\",\"@id\":\"https:\/\/www.newslettercreator.com\/fr\/inline-css-pour-email-editeur\/\",\"url\":\"https:\/\/www.newslettercreator.com\/fr\/inline-css-pour-email-editeur\/\",\"name\":\"Email CSS Inline : De Belles Newsletters pour tous les Clients de messagerie - Newsletter Creator\",\"isPartOf\":{\"@id\":\"https:\/\/www.newslettercreator.com\/#website\"},\"primaryImageOfPage\":{\"@id\":\"https:\/\/www.newslettercreator.com\/fr\/inline-css-pour-email-editeur\/#primaryimage\"},\"image\":{\"@id\":\"https:\/\/www.newslettercreator.com\/fr\/inline-css-pour-email-editeur\/#primaryimage\"},\"thumbnailUrl\":\"http:\/\/www.newslettercreator.com\/wp-content\/uploads\/2015\/09\/inline-css-for-email-editor.jpg\",\"datePublished\":\"2015-12-23T15:33:23+00:00\",\"dateModified\":\"2015-12-23T15:40:52+00:00\",\"breadcrumb\":{\"@id\":\"https:\/\/www.newslettercreator.com\/fr\/inline-css-pour-email-editeur\/#breadcrumb\"},\"inLanguage\":\"fr-FR\",\"potentialAction\":[{\"@type\":\"ReadAction\",\"target\":[\"https:\/\/www.newslettercreator.com\/fr\/inline-css-pour-email-editeur\/\"]}]},{\"@type\":\"ImageObject\",\"inLanguage\":\"fr-FR\",\"@id\":\"https:\/\/www.newslettercreator.com\/fr\/inline-css-pour-email-editeur\/#primaryimage\",\"url\":\"http:\/\/www.newslettercreator.com\/wp-content\/uploads\/2015\/09\/inline-css-for-email-editor.jpg\",\"contentUrl\":\"http:\/\/www.newslettercreator.com\/wp-content\/uploads\/2015\/09\/inline-css-for-email-editor.jpg\"},{\"@type\":\"BreadcrumbList\",\"@id\":\"https:\/\/www.newslettercreator.com\/fr\/inline-css-pour-email-editeur\/#breadcrumb\",\"itemListElement\":[{\"@type\":\"ListItem\",\"position\":1,\"name\":\"Home\",\"item\":\"https:\/\/www.newslettercreator.com\/fr\/\"},{\"@type\":\"ListItem\",\"position\":2,\"name\":\"Email CSS Inline : De Belles Newsletters pour tous les Clients de messagerie\"}]},{\"@type\":\"WebSite\",\"@id\":\"https:\/\/www.newslettercreator.com\/#website\",\"url\":\"https:\/\/www.newslettercreator.com\/\",\"name\":\"Newsletter Creator\",\"description\":\"Pay off\",\"potentialAction\":[{\"@type\":\"SearchAction\",\"target\":{\"@type\":\"EntryPoint\",\"urlTemplate\":\"https:\/\/www.newslettercreator.com\/?s={search_term_string}\"},\"query-input\":{\"@type\":\"PropertyValueSpecification\",\"valueRequired\":true,\"valueName\":\"search_term_string\"}}],\"inLanguage\":\"fr-FR\"}]}<\/script>\n<!-- \/ Yoast SEO plugin. -->","yoast_head_json":{"title":"Email CSS Inline : De Belles Newsletters pour tous les Clients de messagerie - Newsletter Creator","robots":{"index":"index","follow":"follow","max-snippet":"max-snippet:-1","max-image-preview":"max-image-preview:large","max-video-preview":"max-video-preview:-1"},"canonical":"https:\/\/www.newslettercreator.com\/fr\/inline-css-pour-email-editeur\/","og_locale":"fr_FR","og_type":"article","og_title":"Email CSS Inline : De Belles Newsletters pour tous les Clients de messagerie - Newsletter Creator","og_description":"Il arrive souvent que certains clients de messagerie suppriment les balises &lt;head&gt; et &lt;style&gt; de la version HTML\/CSS de vos Newsletters. Vous n&rsquo;avez pas besoin d&rsquo;\u00eatre un webmestre expert pour comprendre que cela g\u00e2che compl\u00e8tement le rendu de votre Newsletter, an\u00e9antissant tout votre travail. Et ne croyez pas que ce soit quelque chose qui arrive [&hellip;]","og_url":"https:\/\/www.newslettercreator.com\/fr\/inline-css-pour-email-editeur\/","og_site_name":"Newsletter Creator","article_modified_time":"2015-12-23T15:40:52+00:00","og_image":[{"url":"http:\/\/www.newslettercreator.com\/wp-content\/uploads\/2015\/09\/inline-css-for-email-editor.jpg","type":"","width":"","height":""}],"twitter_misc":{"Dur\u00e9e de lecture estim\u00e9e":"2 minutes"},"schema":{"@context":"https:\/\/schema.org","@graph":[{"@type":"WebPage","@id":"https:\/\/www.newslettercreator.com\/fr\/inline-css-pour-email-editeur\/","url":"https:\/\/www.newslettercreator.com\/fr\/inline-css-pour-email-editeur\/","name":"Email CSS Inline : De Belles Newsletters pour tous les Clients de messagerie - Newsletter Creator","isPartOf":{"@id":"https:\/\/www.newslettercreator.com\/#website"},"primaryImageOfPage":{"@id":"https:\/\/www.newslettercreator.com\/fr\/inline-css-pour-email-editeur\/#primaryimage"},"image":{"@id":"https:\/\/www.newslettercreator.com\/fr\/inline-css-pour-email-editeur\/#primaryimage"},"thumbnailUrl":"http:\/\/www.newslettercreator.com\/wp-content\/uploads\/2015\/09\/inline-css-for-email-editor.jpg","datePublished":"2015-12-23T15:33:23+00:00","dateModified":"2015-12-23T15:40:52+00:00","breadcrumb":{"@id":"https:\/\/www.newslettercreator.com\/fr\/inline-css-pour-email-editeur\/#breadcrumb"},"inLanguage":"fr-FR","potentialAction":[{"@type":"ReadAction","target":["https:\/\/www.newslettercreator.com\/fr\/inline-css-pour-email-editeur\/"]}]},{"@type":"ImageObject","inLanguage":"fr-FR","@id":"https:\/\/www.newslettercreator.com\/fr\/inline-css-pour-email-editeur\/#primaryimage","url":"http:\/\/www.newslettercreator.com\/wp-content\/uploads\/2015\/09\/inline-css-for-email-editor.jpg","contentUrl":"http:\/\/www.newslettercreator.com\/wp-content\/uploads\/2015\/09\/inline-css-for-email-editor.jpg"},{"@type":"BreadcrumbList","@id":"https:\/\/www.newslettercreator.com\/fr\/inline-css-pour-email-editeur\/#breadcrumb","itemListElement":[{"@type":"ListItem","position":1,"name":"Home","item":"https:\/\/www.newslettercreator.com\/fr\/"},{"@type":"ListItem","position":2,"name":"Email CSS Inline : De Belles Newsletters pour tous les Clients de messagerie"}]},{"@type":"WebSite","@id":"https:\/\/www.newslettercreator.com\/#website","url":"https:\/\/www.newslettercreator.com\/","name":"Newsletter Creator","description":"Pay off","potentialAction":[{"@type":"SearchAction","target":{"@type":"EntryPoint","urlTemplate":"https:\/\/www.newslettercreator.com\/?s={search_term_string}"},"query-input":{"@type":"PropertyValueSpecification","valueRequired":true,"valueName":"search_term_string"}}],"inLanguage":"fr-FR"}]}},"_links":{"self":[{"href":"https:\/\/www.newslettercreator.com\/fr\/wp-json\/wp\/v2\/pages\/4216","targetHints":{"allow":["GET"]}}],"collection":[{"href":"https:\/\/www.newslettercreator.com\/fr\/wp-json\/wp\/v2\/pages"}],"about":[{"href":"https:\/\/www.newslettercreator.com\/fr\/wp-json\/wp\/v2\/types\/page"}],"author":[{"embeddable":true,"href":"https:\/\/www.newslettercreator.com\/fr\/wp-json\/wp\/v2\/users\/1"}],"replies":[{"embeddable":true,"href":"https:\/\/www.newslettercreator.com\/fr\/wp-json\/wp\/v2\/comments?post=4216"}],"version-history":[{"count":3,"href":"https:\/\/www.newslettercreator.com\/fr\/wp-json\/wp\/v2\/pages\/4216\/revisions"}],"predecessor-version":[{"id":4219,"href":"https:\/\/www.newslettercreator.com\/fr\/wp-json\/wp\/v2\/pages\/4216\/revisions\/4219"}],"wp:attachment":[{"href":"https:\/\/www.newslettercreator.com\/fr\/wp-json\/wp\/v2\/media?parent=4216"}],"curies":[{"name":"wp","href":"https:\/\/api.w.org\/{rel}","templated":true}]}}