{"id":5983,"date":"2017-06-07T07:32:30","date_gmt":"2017-06-07T07:32:30","guid":{"rendered":"http:\/\/www.newslettercreator.com\/?page_id=5983\/"},"modified":"2021-09-08T15:30:55","modified_gmt":"2021-09-08T13:30:55","slug":"upgrade-mailstyler-2","status":"publish","type":"page","link":"https:\/\/www.newslettercreator.com\/fr\/upgrade-mailstyler-2\/","title":{"rendered":"Voulez-vous tirer le meilleur parti de votre marketing par courrier \u00e9lectronique ? Passez \u00e0 MailStyler"},"content":{"rendered":"<ul class=\"g1-grid\"><li class=\"g1-column g1-two-fifth g1-valign-top\">\n<p style=\"background-color: #F4F4F4; text-align: center; padding: 7px; border-radius: 5px;\"><i id=\"icon-1\" class=\"g1-icon g1-icon--none g1-icon--small g1-icon--inherit  fa fa-info-circle\"><\/i> <strong>Si vous avez achet\u00e9 MailStyler 1 entre f\u00e9vrier 2017 et mai 2017, vous avez droit \u00e0 <a href=\"http:\/\/www.newslettercreator.com\/fr\/mise-a-jour-gratuite-mailstyler-2\/\" title=\"Mise \u00e0 jour gratuite vers MailStyler \">une mise \u00e0 jour gratuite vers MailStyler!<\/a><\/strong><\/p>\n<div id=\"upgrade-form\" class=\"form-row\">\n<div class=\"g1-message g1-message--error \" id=\"upgError\" style=\"display: none\">\n<div class=\"g1-inner\">Praesent sed mauris turpis, at molestie enim<\/div>\n<\/div>\n<p><strong>Email<\/strong>:<br \/>\n<input id=\"upg_email\" style=\"width: 100%;\" name=\"email\" type=\"text\" value=\"\" placeholder=\"email\"><\/p>\n<p><strong>Num\u00e9ro<\/strong> de licence:<br \/>\n<input id=\"upg_licence\" style=\"width: 100%;\" name=\"licence\" type=\"text\" value=\"\" placeholder=\"num\u00e9ro de licence\"><br \/>\n<small>format: xxxx-xxxx-xxxx-xxxx<\/small><\/p>\n<p><input id=\"upg_action\" name=\"action\" type=\"hidden\" value=\"MSUPG12\"><input id=\"upgrade_submit_v2\" class=\"button large orange\" type=\"submit\" value=\"MISE \u00c0 NIVEAU VERS MAILSTYLER\"><\/div>\n<\/li><!-- -->\n<li class=\"g1-column g1-three-fifth g1-valign-top\">En mettant \u00e0 niveau, vous obtiendrez la version \u00e9quivalente ou sup\u00e9rieure de votre licence actuelle et vous serez <strong>imm\u00e9diatement capable d&rsquo;utiliser toutes les nouvelles fonctionnalit\u00e9s<\/strong> de MailStyler.<\/p>\n<p>Pour ceux qui sont d\u00e9j\u00e0 des clients MailStyler 1, nous avons r\u00e9serv\u00e9 une <strong>r\u00e9duction incroyablement avantageuse<\/strong> pour la mise \u00e0 niveau : entrez votre num\u00e9ro de licence dans le champ \u00e0 c\u00f4t\u00e9 et d\u00e9couvrez <strong>vos prix sp\u00e9ciaux<\/strong> pour chaque version de MailStyler 1.<\/p>\n<style type=\"text\/css\" scoped=\"scoped\">ul.save li {padding-left: 0px; text-align: left; border-color: #fff !important;} ul.save li:first-child {padding-bottom: 0px!important;} ul.save li:last-child {border-color: #999 !important;} ul.save li > .fa:first-child {margin-left: 0px;} i.g1-icon--small {width: 15px; height: 15px;}<\/style>\n<style type=\"text\/css\" scoped=\"scoped\">#g1-list-1 li > i[class*=\"fa-\"]:first-child {color: #666666;}<\/style>\n<ul id=\"g1-list-1\" class=\"g1-list--icon g1-list--simple save\">\n<li><i class=\"fa fa-tag g1-list__icon\"><\/i>De MailStyler 1 <strong>Basic <\/strong>\u00c0 MailStyler <strong>Basic<\/strong> > $59<!-- USD --> (<strong>\u00c9conomisez $40<!-- USD --><\/strong>)<\/li>\n<li><i class=\"fa fa-tag g1-list__icon\"><\/i>De MailStyler 1 <strong>Basic <\/strong>\u00c0 MailStyler <strong>Pro <\/strong> > $129<!-- USD --> (<strong>\u00c9conomisez $70<!-- USD --><\/strong>)<\/li>\n<li><i class=\"fa fa-tag g1-list__icon\"><\/i>De MailStyler 1 <strong>Pro <\/strong>\u00c0 MailStyler <strong>Pro <\/strong> > $99<!-- USD --> (<strong>\u00c9conomisez $100<!-- USD --><\/strong>)<\/li>\n<\/ul>\n<br \/>\n<\/li><!-- --><\/ul>\n<div>\n\r\n<script type='text\/javascript'>\r\nvar upg_lang = \"fr\";\r\nvar upg_error = new Array(\r\n   \"Veuillez remplir les deux champs\",\r\n   \"Veuillez fournir une adresse email valide.\",\r\n   \"Veuillez v\u00e9rifier le format du code de licence.\",\r\n   \"Aucune licence n'a \u00e9t\u00e9 trouv\u00e9e, v\u00e9rifiez-la \u00e0 nouveau.\",\r\n   \"La licence saisie n'est pas am\u00e9liorable.\",\r\n   \"Le code de licence est associ\u00e9 \u00e0 une autre adresse email.\",\r\n   \"La licence a d\u00e9j\u00e0 \u00e9t\u00e9 mise \u00e0 niveau.<br>Veuillez contacter <a href=\\\"http:\/\/support.newslettercreator.com\\\">notre support technique<\/a> pour plus d'informations.\"\r\n);\r\n<\/script>\r\n\n<\/div>\n<p>&nbsp;<\/p>\n<h2>Qu&rsquo;est-ce qui a chang\u00e9 dans MailStyler?<\/h2>\n<div id=\"g1-table-1\" class=\"g1-table g1-table--solid \">\n<table>\n<thead>\n<tr>\n<th>Ce que le logiciel peut faire:<\/th>\n<th>MailStyler 1<\/th>\n<th>MailStyler<\/th>\n<\/tr>\n<\/thead>\n<tbody>\n<tr>\n<td><strong>Aucune comp\u00e9tence HTML requise<\/strong><\/td>\n<td><style type=\"text\/css\" scoped=\"scoped\">#icon-2.g1-icon { color: #5ebf0f; }<\/style>\n<i id=\"icon-2\" class=\"g1-icon g1-icon--none g1-icon--medium g1-icon--inherit  fa fa-check-square-o\"><\/i><\/td>\n<td><style type=\"text\/css\" scoped=\"scoped\">#icon-3.g1-icon { color: #5ebf0f; }<\/style>\n<i id=\"icon-3\" class=\"g1-icon g1-icon--none g1-icon--medium g1-icon--inherit  fa fa-check-square-o\"><\/i><\/td>\n<\/tr>\n<tr>\n<td><strong>Compatible avec toutes les messageries bureautique et mobile des clients <\/strong> (Gmail, Outlook, Hotmail, etc.)<\/td>\n<td><style type=\"text\/css\" scoped=\"scoped\">#icon-4.g1-icon { color: #5ebf0f; }<\/style>\n<i id=\"icon-4\" class=\"g1-icon g1-icon--none g1-icon--medium g1-icon--inherit  fa fa-check-square-o\"><\/i><\/td>\n<td><style type=\"text\/css\" scoped=\"scoped\">#icon-5.g1-icon { color: #5ebf0f; }<\/style>\n<i id=\"icon-5\" class=\"g1-icon g1-icon--none g1-icon--medium g1-icon--inherit  fa fa-check-square-o\"><\/i><\/td>\n<\/tr>\n<tr>\n<td style=\"padding-left: 45px;\">&#8211; Blocs 100% lisibles et personnalisables<\/td>\n<td><style type=\"text\/css\" scoped=\"scoped\">#icon-6.g1-icon { color: #e32d2d; }<\/style>\n<i id=\"icon-6\" class=\"g1-icon g1-icon--none g1-icon--medium g1-icon--inherit  fa fa-times\"><\/i><\/td>\n<td><style type=\"text\/css\" scoped=\"scoped\">#icon-7.g1-icon { color: #5ebf0f; }<\/style>\n<i id=\"icon-7\" class=\"g1-icon g1-icon--none g1-icon--medium g1-icon--inherit  fa fa-check-square-o\"><\/i><\/td>\n<\/tr>\n<tr>\n<td><strong>Compatible avec les principaux programmes de marketing par courrier \u00e9lectronique <\/strong> (eMailChef, SendBlaster, Mailchimp, etc.)<\/td>\n<td><style type=\"text\/css\" scoped=\"scoped\">#icon-8.g1-icon { color: #5ebf0f; }<\/style>\n<i id=\"icon-8\" class=\"g1-icon g1-icon--none g1-icon--medium g1-icon--inherit  fa fa-check-square-o\"><\/i><\/td>\n<td><style type=\"text\/css\" scoped=\"scoped\">#icon-9.g1-icon { color: #5ebf0f; }<\/style>\n<i id=\"icon-9\" class=\"g1-icon g1-icon--none g1-icon--medium g1-icon--inherit  fa fa-check-square-o\"><\/i><\/td>\n<\/tr>\n<tr>\n<td><strong>Cr\u00e9er des mod\u00e8les avec \u00ab\u00a0glisser-d\u00e9poser\u00a0\u00bb<\/strong><\/td>\n<td><style type=\"text\/css\" scoped=\"scoped\">#icon-10.g1-icon { color: #5ebf0f; }<\/style>\n<i id=\"icon-10\" class=\"g1-icon g1-icon--none g1-icon--medium g1-icon--inherit  fa fa-check-square-o\"><\/i><\/td>\n<td><style type=\"text\/css\" scoped=\"scoped\">#icon-11.g1-icon { color: #5ebf0f; }<\/style>\n<i id=\"icon-11\" class=\"g1-icon g1-icon--none g1-icon--medium g1-icon--inherit  fa fa-check-square-o\"><\/i><\/td>\n<\/tr>\n<tr>\n<td style=\"padding-left: 45px;\">&#8211; Ajouter des \u00e9l\u00e9ments suppl\u00e9mentaires dans des blocs pr\u00e9d\u00e9finis (images, badges, texte, etc.)<\/td>\n<td><style type=\"text\/css\" scoped=\"scoped\">#icon-12.g1-icon { color: #e32d2d; }<\/style>\n<i id=\"icon-12\" class=\"g1-icon g1-icon--none g1-icon--medium g1-icon--inherit  fa fa-times\"><\/i><\/td>\n<td><style type=\"text\/css\" scoped=\"scoped\">#icon-13.g1-icon { color: #5ebf0f; }<\/style>\n<i id=\"icon-13\" class=\"g1-icon g1-icon--none g1-icon--medium g1-icon--inherit  fa fa-check-square-o\"><\/i><\/td>\n<\/tr>\n<tr>\n<td style=\"padding-left: 45px;\">&#8211; Redimensionner gratuitement les blocs et le contenu des cellules<\/td>\n<td><style type=\"text\/css\" scoped=\"scoped\">#icon-14.g1-icon { color: #e32d2d; }<\/style>\n<i id=\"icon-14\" class=\"g1-icon g1-icon--none g1-icon--medium g1-icon--inherit  fa fa-times\"><\/i><\/td>\n<td><style type=\"text\/css\" scoped=\"scoped\">#icon-15.g1-icon { color: #5ebf0f; }<\/style>\n<i id=\"icon-15\" class=\"g1-icon g1-icon--none g1-icon--medium g1-icon--inherit  fa fa-check-square-o\"><\/i><\/td>\n<\/tr>\n<tr>\n<td style=\"padding-left: 45px;\">&#8211; Fusionner et diviser deux ou plusieurs cellules<\/td>\n<td><style type=\"text\/css\" scoped=\"scoped\">#icon-16.g1-icon { color: #e32d2d; }<\/style>\n<i id=\"icon-16\" class=\"g1-icon g1-icon--none g1-icon--medium g1-icon--inherit  fa fa-times\"><\/i><\/td>\n<td><style type=\"text\/css\" scoped=\"scoped\">#icon-17.g1-icon { color: #5ebf0f; }<\/style>\n<i id=\"icon-17\" class=\"g1-icon g1-icon--none g1-icon--medium g1-icon--inherit  fa fa-check-square-o\"><\/i><\/td>\n<\/tr>\n<tr>\n<td style=\"padding-left: 45px;\">&#8211; Cloner les styles de cellules et de blocs<\/td>\n<td><style type=\"text\/css\" scoped=\"scoped\">#icon-18.g1-icon { color: #e32d2d; }<\/style>\n<i id=\"icon-18\" class=\"g1-icon g1-icon--none g1-icon--medium g1-icon--inherit  fa fa-times\"><\/i><\/td>\n<td><style type=\"text\/css\" scoped=\"scoped\">#icon-19.g1-icon { color: #5ebf0f; }<\/style>\n<i id=\"icon-19\" class=\"g1-icon g1-icon--none g1-icon--medium g1-icon--inherit  fa fa-check-square-o\"><\/i><\/td>\n<\/tr>\n<tr>\n<td style=\"padding-left: 45px;\">&#8211; Faire correspondre les ic\u00f4nes sociales au style global de la newsletter<\/td>\n<td><style type=\"text\/css\" scoped=\"scoped\">#icon-20.g1-icon { color: #e32d2d; }<\/style>\n<i id=\"icon-20\" class=\"g1-icon g1-icon--none g1-icon--medium g1-icon--inherit  fa fa-times\"><\/i><\/td>\n<td><style type=\"text\/css\" scoped=\"scoped\">#icon-21.g1-icon { color: #5ebf0f; }<\/style>\n<i id=\"icon-21\" class=\"g1-icon g1-icon--none g1-icon--medium g1-icon--inherit  fa fa-check-square-o\"><\/i><\/td>\n<\/tr>\n<tr>\n<td style=\"padding-left: 45px;\">&#8211; Enregistrer les \u00e9l\u00e9ments personnalis\u00e9s dans la biblioth\u00e8que (images, badges, texte, etc.)<\/td>\n<td><style type=\"text\/css\" scoped=\"scoped\">#icon-22.g1-icon { color: #e32d2d; }<\/style>\n<i id=\"icon-22\" class=\"g1-icon g1-icon--none g1-icon--medium g1-icon--inherit  fa fa-times\"><\/i><\/td>\n<td><style type=\"text\/css\" scoped=\"scoped\">#icon-23.g1-icon { color: #5ebf0f; }<\/style>\n<i id=\"icon-23\" class=\"g1-icon g1-icon--none g1-icon--medium g1-icon--inherit  fa fa-check-square-o\"><\/i><\/td>\n<\/tr>\n<tr>\n<td style=\"padding-left: 45px;\">&#8211; Enregistrer des blocs personnalis\u00e9s dans la biblioth\u00e8que<\/td>\n<td><style type=\"text\/css\" scoped=\"scoped\">#icon-24.g1-icon { color: #e32d2d; }<\/style>\n<i id=\"icon-24\" class=\"g1-icon g1-icon--none g1-icon--medium g1-icon--inherit  fa fa-times\"><\/i><\/td>\n<td><style type=\"text\/css\" scoped=\"scoped\">#icon-25.g1-icon { color: #5ebf0f; }<\/style>\n<i id=\"icon-25\" class=\"g1-icon g1-icon--none g1-icon--medium g1-icon--inherit  fa fa-check-square-o\"><\/i><\/td>\n<\/tr>\n<tr>\n<td><strong>Inclut un \u00e9diteur d&rsquo;images int\u00e9gr\u00e9<\/strong><\/td>\n<td><style type=\"text\/css\" scoped=\"scoped\">#icon-26.g1-icon { color: #5ebf0f; }<\/style>\n<i id=\"icon-26\" class=\"g1-icon g1-icon--none g1-icon--medium g1-icon--inherit  fa fa-check-square-o\"><\/i><\/td>\n<td><style type=\"text\/css\" scoped=\"scoped\">#icon-27.g1-icon { color: #5ebf0f; }<\/style>\n<i id=\"icon-27\" class=\"g1-icon g1-icon--none g1-icon--medium g1-icon--inherit  fa fa-check-square-o\"><\/i><\/td>\n<\/tr>\n<tr>\n<td style=\"padding-left: 45px;\">&#8211; Recadrer et redimensionner les images<\/td>\n<td><style type=\"text\/css\" scoped=\"scoped\">#icon-28.g1-icon { color: #5ebf0f; }<\/style>\n<i id=\"icon-28\" class=\"g1-icon g1-icon--none g1-icon--medium g1-icon--inherit  fa fa-check-square-o\"><\/i><\/td>\n<td><style type=\"text\/css\" scoped=\"scoped\">#icon-29.g1-icon { color: #5ebf0f; }<\/style>\n<i id=\"icon-29\" class=\"g1-icon g1-icon--none g1-icon--medium g1-icon--inherit  fa fa-check-square-o\"><\/i><\/td>\n<\/tr>\n<tr>\n<td style=\"padding-left: 45px;\">&#8211; Superpositionner plusieurs images<\/td>\n<td><style type=\"text\/css\" scoped=\"scoped\">#icon-30.g1-icon { color: #e32d2d; }<\/style>\n<i id=\"icon-30\" class=\"g1-icon g1-icon--none g1-icon--medium g1-icon--inherit  fa fa-times\"><\/i><\/td>\n<td><style type=\"text\/css\" scoped=\"scoped\">#icon-31.g1-icon { color: #5ebf0f; }<\/style>\n<i id=\"icon-31\" class=\"g1-icon g1-icon--none g1-icon--medium g1-icon--inherit  fa fa-check-square-o\"><\/i><\/td>\n<\/tr>\n<tr>\n<td style=\"padding-left: 45px;\">&#8211; Superpositionner le texte et les images<\/td>\n<td><style type=\"text\/css\" scoped=\"scoped\">#icon-32.g1-icon { color: #e32d2d; }<\/style>\n<i id=\"icon-32\" class=\"g1-icon g1-icon--none g1-icon--medium g1-icon--inherit  fa fa-times\"><\/i><\/td>\n<td><style type=\"text\/css\" scoped=\"scoped\">#icon-33.g1-icon { color: #5ebf0f; }<\/style>\n<i id=\"icon-33\" class=\"g1-icon g1-icon--none g1-icon--medium g1-icon--inherit  fa fa-check-square-o\"><\/i><\/td>\n<\/tr>\n<tr>\n<td style=\"padding-left: 45px;\">&#8211; Appliquer des effets de transparence et d&rsquo;opacit\u00e9 aux images<\/td>\n<td><style type=\"text\/css\" scoped=\"scoped\">#icon-34.g1-icon { color: #e32d2d; }<\/style>\n<i id=\"icon-34\" class=\"g1-icon g1-icon--none g1-icon--medium g1-icon--inherit  fa fa-times\"><\/i><\/td>\n<td><style type=\"text\/css\" scoped=\"scoped\">#icon-35.g1-icon { color: #5ebf0f; }<\/style>\n<i id=\"icon-35\" class=\"g1-icon g1-icon--none g1-icon--medium g1-icon--inherit  fa fa-check-square-o\"><\/i><\/td>\n<\/tr>\n<tr>\n<td style=\"padding-left: 45px;\">&#8211; Appliquer des effets graphiques aux textes plac\u00e9s sur les images<\/td>\n<td><style type=\"text\/css\" scoped=\"scoped\">#icon-36.g1-icon { color: #e32d2d; }<\/style>\n<i id=\"icon-36\" class=\"g1-icon g1-icon--none g1-icon--medium g1-icon--inherit  fa fa-times\"><\/i><\/td>\n<td><style type=\"text\/css\" scoped=\"scoped\">#icon-37.g1-icon { color: #5ebf0f; }<\/style>\n<i id=\"icon-37\" class=\"g1-icon g1-icon--none g1-icon--medium g1-icon--inherit  fa fa-check-square-o\"><\/i><\/td>\n<\/tr>\n<tr>\n<td style=\"padding-left: 45px;\">&#8211; Comprend une biblioth\u00e8que d&rsquo;images haute d\u00e9finition<\/td>\n<td><style type=\"text\/css\" scoped=\"scoped\">#icon-38.g1-icon { color: #5ebf0f; }<\/style>\n<i id=\"icon-38\" class=\"g1-icon g1-icon--none g1-icon--medium g1-icon--inherit  fa fa-check-square-o\"><\/i><\/td>\n<td><style type=\"text\/css\" scoped=\"scoped\">#icon-39.g1-icon { color: #5ebf0f; }<\/style>\n<i id=\"icon-39\" class=\"g1-icon g1-icon--none g1-icon--medium g1-icon--inherit  fa fa-check-square-o\"><\/i><\/td>\n<\/tr>\n<tr>\n<td style=\"padding-left: 45px;\">&#8211; Comprend une biblioth\u00e8que haute d\u00e9finition d&rsquo;\u00e9tiquettes et de banni\u00e8res<\/td>\n<td><style type=\"text\/css\" scoped=\"scoped\">#icon-40.g1-icon { color: #e32d2d; }<\/style>\n<i id=\"icon-40\" class=\"g1-icon g1-icon--none g1-icon--medium g1-icon--inherit  fa fa-times\"><\/i><\/td>\n<td><style type=\"text\/css\" scoped=\"scoped\">#icon-41.g1-icon { color: #5ebf0f; }<\/style>\n<i id=\"icon-41\" class=\"g1-icon g1-icon--none g1-icon--medium g1-icon--inherit  fa fa-check-square-o\"><\/i><\/td>\n<\/tr>\n<tr>\n<td><strong>Comprend un outil d&rsquo;assistant d&rsquo;exportation<\/strong><\/td>\n<td><style type=\"text\/css\" scoped=\"scoped\">#icon-42.g1-icon { color: #5ebf0f; }<\/style>\n<i id=\"icon-42\" class=\"g1-icon g1-icon--none g1-icon--medium g1-icon--inherit  fa fa-check-square-o\"><\/i><\/td>\n<td><style type=\"text\/css\" scoped=\"scoped\">#icon-43.g1-icon { color: #5ebf0f; }<\/style>\n<i id=\"icon-43\" class=\"g1-icon g1-icon--none g1-icon--medium g1-icon--inherit  fa fa-check-square-o\"><\/i><\/td>\n<\/tr>\n<tr>\n<td style=\"padding-left: 45px;\">&#8211; Fournit un espace cloud d\u00e9di\u00e9<\/td>\n<td><style type=\"text\/css\" scoped=\"scoped\">#icon-44.g1-icon { color: #5ebf0f; }<\/style>\n<i id=\"icon-44\" class=\"g1-icon g1-icon--none g1-icon--medium g1-icon--inherit  fa fa-check-square-o\"><\/i><\/td>\n<td><style type=\"text\/css\" scoped=\"scoped\">#icon-45.g1-icon { color: #5ebf0f; }<\/style>\n<i id=\"icon-45\" class=\"g1-icon g1-icon--none g1-icon--medium g1-icon--inherit  fa fa-check-square-o\"><\/i><\/td>\n<\/tr>\n<tr>\n<td style=\"padding-left: 45px;\">&#8211; Mod\u00e8les d&rsquo;exportation au format pdf<\/td>\n<td><style type=\"text\/css\" scoped=\"scoped\">#icon-46.g1-icon { color: #e32d2d; }<\/style>\n<i id=\"icon-46\" class=\"g1-icon g1-icon--none g1-icon--medium g1-icon--inherit  fa fa-times\"><\/i><\/td>\n<td><style type=\"text\/css\" scoped=\"scoped\">#icon-47.g1-icon { color: #5ebf0f; }<\/style>\n<i id=\"icon-47\" class=\"g1-icon g1-icon--none g1-icon--medium g1-icon--inherit  fa fa-check-square-o\"><\/i><\/td>\n<\/tr>\n<tr>\n<td style=\"padding-left: 45px;\">&#8211; Optimiser les fichiers jpeg<\/td>\n<td><style type=\"text\/css\" scoped=\"scoped\">#icon-48.g1-icon { color: #5ebf0f; }<\/style>\n<i id=\"icon-48\" class=\"g1-icon g1-icon--none g1-icon--medium g1-icon--inherit  fa fa-check-square-o\"><\/i><\/td>\n<td><style type=\"text\/css\" scoped=\"scoped\">#icon-49.g1-icon { color: #5ebf0f; }<\/style>\n<i id=\"icon-49\" class=\"g1-icon g1-icon--none g1-icon--medium g1-icon--inherit  fa fa-check-square-o\"><\/i><\/td>\n<\/tr>\n<tr>\n<td style=\"padding-left: 45px;\">&#8211; Optimiser les fichiers png<\/td>\n<td><style type=\"text\/css\" scoped=\"scoped\">#icon-50.g1-icon { color: #e32d2d; }<\/style>\n<i id=\"icon-50\" class=\"g1-icon g1-icon--none g1-icon--medium g1-icon--inherit  fa fa-times\"><\/i><\/td>\n<td><style type=\"text\/css\" scoped=\"scoped\">#icon-51.g1-icon { color: #5ebf0f; }<\/style>\n<i id=\"icon-51\" class=\"g1-icon g1-icon--none g1-icon--medium g1-icon--inherit  fa fa-check-square-o\"><\/i><\/td>\n<\/tr>\n<tr>\n<td><strong>Enregistrer le mod\u00e8le cr\u00e9\u00e9 sur votre PC<\/strong><\/td>\n<td><style type=\"text\/css\" scoped=\"scoped\">#icon-52.g1-icon { color: #5ebf0f; }<\/style>\n<i id=\"icon-52\" class=\"g1-icon g1-icon--none g1-icon--medium g1-icon--inherit  fa fa-check-square-o\"><\/i><\/td>\n<td><style type=\"text\/css\" scoped=\"scoped\">#icon-53.g1-icon { color: #5ebf0f; }<\/style>\n<i id=\"icon-53\" class=\"g1-icon g1-icon--none g1-icon--medium g1-icon--inherit  fa fa-check-square-o\"><\/i><\/td>\n<\/tr>\n<tr>\n<td><strong>Enregistrer le mod\u00e8le dans votre cloud personnel (Dropbox, Google Drive, OneDrive)<\/strong><\/td>\n<td><style type=\"text\/css\" scoped=\"scoped\">#icon-54.g1-icon { color: #e32d2d; }<\/style>\n<i id=\"icon-54\" class=\"g1-icon g1-icon--none g1-icon--medium g1-icon--inherit  fa fa-times\"><\/i><\/td>\n<td><style type=\"text\/css\" scoped=\"scoped\">#icon-55.g1-icon { color: #5ebf0f; }<\/style>\n<i id=\"icon-55\" class=\"g1-icon g1-icon--none g1-icon--medium g1-icon--inherit  fa fa-check-square-o\"><\/i><\/td>\n<\/tr>\n<tr>\n<td><strong>Ouvrir le mod\u00e8le \u00e0 partir de votre cloud personnel (Dropbox, Google Drive, OneDrive)<\/strong><\/td>\n<td><style type=\"text\/css\" scoped=\"scoped\">#icon-56.g1-icon { color: #e32d2d; }<\/style>\n<i id=\"icon-56\" class=\"g1-icon g1-icon--none g1-icon--medium g1-icon--inherit  fa fa-times\"><\/i><\/td>\n<td><style type=\"text\/css\" scoped=\"scoped\">#icon-57.g1-icon { color: #5ebf0f; }<\/style>\n<i id=\"icon-57\" class=\"g1-icon g1-icon--none g1-icon--medium g1-icon--inherit  fa fa-check-square-o\"><\/i><\/td>\n<\/tr>\n<\/tbody>\n<\/table>\n<\/div>\n","protected":false},"excerpt":{"rendered":"<p>&nbsp; Qu&rsquo;est-ce qui a chang\u00e9 dans MailStyler?<\/p>\n","protected":false},"author":1,"featured_media":0,"parent":0,"menu_order":0,"comment_status":"closed","ping_status":"closed","template":"","meta":{"inline_featured_image":false,"_monsterinsights_skip_tracking":false,"_monsterinsights_sitenote_active":false,"_monsterinsights_sitenote_note":"","_monsterinsights_sitenote_category":0,"footnotes":""},"class_list":["post-5983","page","type-page","status-publish"],"yoast_head":"<!-- This site is optimized with the Yoast SEO plugin v25.2 - https:\/\/yoast.com\/wordpress\/plugins\/seo\/ -->\n<title>Voulez-vous tirer le meilleur parti de votre marketing par courrier \u00e9lectronique ? Passez \u00e0 MailStyler - Newsletter Creator<\/title>\n<meta name=\"robots\" content=\"index, follow, max-snippet:-1, max-image-preview:large, max-video-preview:-1\" \/>\n<link rel=\"canonical\" href=\"https:\/\/www.newslettercreator.com\/fr\/upgrade-mailstyler-2\/\" \/>\n<meta property=\"og:locale\" content=\"fr_FR\" \/>\n<meta property=\"og:type\" content=\"article\" \/>\n<meta property=\"og:title\" content=\"Voulez-vous tirer le meilleur parti de votre marketing par courrier \u00e9lectronique ? Passez \u00e0 MailStyler - Newsletter Creator\" \/>\n<meta property=\"og:description\" content=\"&nbsp; Qu&rsquo;est-ce qui a chang\u00e9 dans MailStyler?\" \/>\n<meta property=\"og:url\" content=\"https:\/\/www.newslettercreator.com\/fr\/upgrade-mailstyler-2\/\" \/>\n<meta property=\"og:site_name\" content=\"Newsletter Creator\" \/>\n<meta property=\"article:modified_time\" content=\"2021-09-08T13:30:55+00:00\" \/>\n<meta name=\"twitter:label1\" content=\"Dur\u00e9e de lecture estim\u00e9e\" \/>\n\t<meta name=\"twitter:data1\" content=\"6 minutes\" \/>\n<script type=\"application\/ld+json\" class=\"yoast-schema-graph\">{\"@context\":\"https:\/\/schema.org\",\"@graph\":[{\"@type\":\"WebPage\",\"@id\":\"https:\/\/www.newslettercreator.com\/fr\/upgrade-mailstyler-2\/\",\"url\":\"https:\/\/www.newslettercreator.com\/fr\/upgrade-mailstyler-2\/\",\"name\":\"Voulez-vous tirer le meilleur parti de votre marketing par courrier \u00e9lectronique ? Passez \u00e0 MailStyler - Newsletter Creator\",\"isPartOf\":{\"@id\":\"https:\/\/www.newslettercreator.com\/#website\"},\"datePublished\":\"2017-06-07T07:32:30+00:00\",\"dateModified\":\"2021-09-08T13:30:55+00:00\",\"breadcrumb\":{\"@id\":\"https:\/\/www.newslettercreator.com\/fr\/upgrade-mailstyler-2\/#breadcrumb\"},\"inLanguage\":\"fr-FR\",\"potentialAction\":[{\"@type\":\"ReadAction\",\"target\":[\"https:\/\/www.newslettercreator.com\/fr\/upgrade-mailstyler-2\/\"]}]},{\"@type\":\"BreadcrumbList\",\"@id\":\"https:\/\/www.newslettercreator.com\/fr\/upgrade-mailstyler-2\/#breadcrumb\",\"itemListElement\":[{\"@type\":\"ListItem\",\"position\":1,\"name\":\"Home\",\"item\":\"https:\/\/www.newslettercreator.com\/fr\/\"},{\"@type\":\"ListItem\",\"position\":2,\"name\":\"Voulez-vous tirer le meilleur parti de votre marketing par courrier \u00e9lectronique ? Passez \u00e0 MailStyler\"}]},{\"@type\":\"WebSite\",\"@id\":\"https:\/\/www.newslettercreator.com\/#website\",\"url\":\"https:\/\/www.newslettercreator.com\/\",\"name\":\"Newsletter Creator\",\"description\":\"Pay off\",\"potentialAction\":[{\"@type\":\"SearchAction\",\"target\":{\"@type\":\"EntryPoint\",\"urlTemplate\":\"https:\/\/www.newslettercreator.com\/?s={search_term_string}\"},\"query-input\":{\"@type\":\"PropertyValueSpecification\",\"valueRequired\":true,\"valueName\":\"search_term_string\"}}],\"inLanguage\":\"fr-FR\"}]}<\/script>\n<!-- \/ Yoast SEO plugin. -->","yoast_head_json":{"title":"Voulez-vous tirer le meilleur parti de votre marketing par courrier \u00e9lectronique ? Passez \u00e0 MailStyler - Newsletter Creator","robots":{"index":"index","follow":"follow","max-snippet":"max-snippet:-1","max-image-preview":"max-image-preview:large","max-video-preview":"max-video-preview:-1"},"canonical":"https:\/\/www.newslettercreator.com\/fr\/upgrade-mailstyler-2\/","og_locale":"fr_FR","og_type":"article","og_title":"Voulez-vous tirer le meilleur parti de votre marketing par courrier \u00e9lectronique ? Passez \u00e0 MailStyler - Newsletter Creator","og_description":"&nbsp; Qu&rsquo;est-ce qui a chang\u00e9 dans MailStyler?","og_url":"https:\/\/www.newslettercreator.com\/fr\/upgrade-mailstyler-2\/","og_site_name":"Newsletter Creator","article_modified_time":"2021-09-08T13:30:55+00:00","twitter_misc":{"Dur\u00e9e de lecture estim\u00e9e":"6 minutes"},"schema":{"@context":"https:\/\/schema.org","@graph":[{"@type":"WebPage","@id":"https:\/\/www.newslettercreator.com\/fr\/upgrade-mailstyler-2\/","url":"https:\/\/www.newslettercreator.com\/fr\/upgrade-mailstyler-2\/","name":"Voulez-vous tirer le meilleur parti de votre marketing par courrier \u00e9lectronique ? Passez \u00e0 MailStyler - Newsletter Creator","isPartOf":{"@id":"https:\/\/www.newslettercreator.com\/#website"},"datePublished":"2017-06-07T07:32:30+00:00","dateModified":"2021-09-08T13:30:55+00:00","breadcrumb":{"@id":"https:\/\/www.newslettercreator.com\/fr\/upgrade-mailstyler-2\/#breadcrumb"},"inLanguage":"fr-FR","potentialAction":[{"@type":"ReadAction","target":["https:\/\/www.newslettercreator.com\/fr\/upgrade-mailstyler-2\/"]}]},{"@type":"BreadcrumbList","@id":"https:\/\/www.newslettercreator.com\/fr\/upgrade-mailstyler-2\/#breadcrumb","itemListElement":[{"@type":"ListItem","position":1,"name":"Home","item":"https:\/\/www.newslettercreator.com\/fr\/"},{"@type":"ListItem","position":2,"name":"Voulez-vous tirer le meilleur parti de votre marketing par courrier \u00e9lectronique ? Passez \u00e0 MailStyler"}]},{"@type":"WebSite","@id":"https:\/\/www.newslettercreator.com\/#website","url":"https:\/\/www.newslettercreator.com\/","name":"Newsletter Creator","description":"Pay off","potentialAction":[{"@type":"SearchAction","target":{"@type":"EntryPoint","urlTemplate":"https:\/\/www.newslettercreator.com\/?s={search_term_string}"},"query-input":{"@type":"PropertyValueSpecification","valueRequired":true,"valueName":"search_term_string"}}],"inLanguage":"fr-FR"}]}},"_links":{"self":[{"href":"https:\/\/www.newslettercreator.com\/fr\/wp-json\/wp\/v2\/pages\/5983","targetHints":{"allow":["GET"]}}],"collection":[{"href":"https:\/\/www.newslettercreator.com\/fr\/wp-json\/wp\/v2\/pages"}],"about":[{"href":"https:\/\/www.newslettercreator.com\/fr\/wp-json\/wp\/v2\/types\/page"}],"author":[{"embeddable":true,"href":"https:\/\/www.newslettercreator.com\/fr\/wp-json\/wp\/v2\/users\/1"}],"replies":[{"embeddable":true,"href":"https:\/\/www.newslettercreator.com\/fr\/wp-json\/wp\/v2\/comments?post=5983"}],"version-history":[{"count":8,"href":"https:\/\/www.newslettercreator.com\/fr\/wp-json\/wp\/v2\/pages\/5983\/revisions"}],"predecessor-version":[{"id":11437,"href":"https:\/\/www.newslettercreator.com\/fr\/wp-json\/wp\/v2\/pages\/5983\/revisions\/11437"}],"wp:attachment":[{"href":"https:\/\/www.newslettercreator.com\/fr\/wp-json\/wp\/v2\/media?parent=5983"}],"curies":[{"name":"wp","href":"https:\/\/api.w.org\/{rel}","templated":true}]}}