{"id":5989,"date":"2017-06-07T07:43:46","date_gmt":"2017-06-07T07:43:46","guid":{"rendered":"http:\/\/www.newslettercreator.com\/?page_id=5989\/"},"modified":"2021-09-08T15:24:19","modified_gmt":"2021-09-08T13:24:19","slug":"mise-a-jour-gratuite-mailstyler-2","status":"publish","type":"page","link":"https:\/\/www.newslettercreator.com\/fr\/mise-a-jour-gratuite-mailstyler-2\/","title":{"rendered":"Mise \u00e0 jour gratuite vers MailStyler"},"content":{"rendered":"<ul class=\"g1-grid\"><li class=\"g1-column g1-one-half g1-valign-top\">\n<div id=\"upgrade-form\" class=\"form-row\">\n<div class=\"g1-message g1-message--error \" id=\"upgError\" style=\"display: none\">\n<div class=\"g1-inner\">Praesent sed mauris turpis, at molestie enim<\/div>\n<\/div>\n<p><strong>Email<\/strong>:<br \/>\n<input id=\"upg_email\" style=\"width: 100%;\" name=\"email\" type=\"text\" value=\"\" placeholder=\"email\"><\/p>\n<p><strong>Num\u00e9ro de licence<\/strong>:<br \/>\n<input id=\"upg_licence\" style=\"width: 100%;\" name=\"licence\" type=\"text\" value=\"\" placeholder=\"votre licence\"><br \/>\n<small>format: xxxx-xxxx-xxxx-xxxx<\/small><\/p>\n<p><input id=\"upg_action\" name=\"action\" type=\"hidden\" value=\"MSUPGFREE\"><input id=\"upgrade_submit_v2\" class=\"button large orange\" type=\"submit\" value=\"Upgrade NOW\"><\/div>\n<\/li><!-- -->\n<li class=\"g1-column g1-one-half g1-valign-top\"><strong>Si vous avez achet\u00e9 MailStyler 1 entre f\u00e9vrier 2017 et mai 2017, Vous avez droit \u00e0 une mise \u00e0 niveau gratuite vers MailStyler!<\/strong><\/p>\n<p>Pour obtenir votre cl\u00e9 de MailStyler, vous avez seulement besoin de :<\/p>\n<ul>\n<li>L&rsquo;adresse e-mail d&rsquo;origine que vous avez utilis\u00e9e lorsque vous avez achet\u00e9 MailStyler 1 Basic ou Pro<\/li>\n<li>La cl\u00e9 de licence d&rsquo;origine que vous avez re\u00e7ue apr\u00e8s l&rsquo;achat de MailStyler 1\n<\/li>\n<\/ul>\n<p><strong>ISi vous rencontrez des difficult\u00e9s, v\u00e9rifiez les informations que vous entrez<\/strong> (accordez une attention particuli\u00e8re \u00e0 l&rsquo;orthographe) et r\u00e9essayer : n&rsquo;oubliez pas que l&rsquo;adresse e-mail et le code de licence doivent \u00eatre entr\u00e9s exactement comme ils ont \u00e9t\u00e9 envoy\u00e9s par notre personnel.<br \/>\n<\/li><!-- --><\/ul>\n<div>\n\r\n<script type='text\/javascript'>\r\nvar upg_lang = \"fr\";\r\nvar upg_error = new Array(\r\n\/* 01 *\/  \"Veuillez remplir les deux champs \",\r\n\/* 02 *\/   \"Veuillez fournir une adresse email valide.\",\r\n\/* 03 *\/   \"Veuillez v\u00e9rifier le format du code de licence.\",\r\n\/* 04 *\/   \"Aucune licence n'a \u00e9t\u00e9 trouv\u00e9e, v\u00e9rifiez-la \u00e0 nouveau.\",\r\n\/* 05 *\/   \"La licence saisie n'est pas am\u00e9liorable.\",\r\n\/* 06 *\/   \"Le code de licence est associ\u00e9 \u00e0 une autre adresse email.\",\r\n\/* 07 *\/   \"La licence a d\u00e9j\u00e0 \u00e9t\u00e9 mise \u00e0 niveau.<br>Veuillez contacter <a href=\\\"http:\/\/support.newslettercreator.com\\\">notre support technique<\/a>  pour plus d'informations.\",\r\n\/* 08 *\/   \"\",\r\n\/* 09 *\/   \"\",\r\n\/* 10 *\/   \"Votre licence MailStyler a \u00e9t\u00e9 achet\u00e9e avant janvier 2017 : la mise \u00e0 niveau gratuite n'est pas autoris\u00e9e.\",\r\n\/* 11 *\/   \"Nous n'avons pas pu trouver une commande relative \u00e0 ce num\u00e9ro de licence.<br>Veuillez contacter <a href=\\\"http:\/\/support.newslettercreator.com\\\">notre support technique<\/a> pour plus d'informations.\",\r\n\/* 12 *\/   \"Il est impossible de v\u00e9rifier automatiquement si votre licence est \u00e9ligible pour une mise \u00e0 niveau gratuite.<br>Veuillez contacter <a href=\\\"http:\/\/support.newslettercreator.com\\\">notre support technique<\/a> pour plus d'informations.\"\r\n);\r\n<\/script>\r\n\n<\/div>\n","protected":false},"excerpt":{"rendered":"","protected":false},"author":1,"featured_media":0,"parent":0,"menu_order":0,"comment_status":"closed","ping_status":"closed","template":"","meta":{"inline_featured_image":false,"_monsterinsights_skip_tracking":false,"_monsterinsights_sitenote_active":false,"_monsterinsights_sitenote_note":"","_monsterinsights_sitenote_category":0,"footnotes":""},"class_list":["post-5989","page","type-page","status-publish"],"yoast_head":"<!-- This site is optimized with the Yoast SEO plugin v25.2 - https:\/\/yoast.com\/wordpress\/plugins\/seo\/ -->\n<title>Mise \u00e0 jour gratuite vers MailStyler - Newsletter Creator<\/title>\n<meta name=\"robots\" content=\"index, follow, max-snippet:-1, max-image-preview:large, max-video-preview:-1\" \/>\n<link rel=\"canonical\" href=\"https:\/\/www.newslettercreator.com\/fr\/mise-a-jour-gratuite-mailstyler-2\/\" \/>\n<meta property=\"og:locale\" content=\"fr_FR\" \/>\n<meta property=\"og:type\" content=\"article\" \/>\n<meta property=\"og:title\" content=\"Mise \u00e0 jour gratuite vers MailStyler - Newsletter Creator\" \/>\n<meta property=\"og:url\" content=\"https:\/\/www.newslettercreator.com\/fr\/mise-a-jour-gratuite-mailstyler-2\/\" \/>\n<meta property=\"og:site_name\" content=\"Newsletter Creator\" \/>\n<meta property=\"article:modified_time\" content=\"2021-09-08T13:24:19+00:00\" \/>\n<meta name=\"twitter:label1\" content=\"Dur\u00e9e de lecture estim\u00e9e\" \/>\n\t<meta name=\"twitter:data1\" content=\"1 minute\" \/>\n<script type=\"application\/ld+json\" class=\"yoast-schema-graph\">{\"@context\":\"https:\/\/schema.org\",\"@graph\":[{\"@type\":\"WebPage\",\"@id\":\"https:\/\/www.newslettercreator.com\/fr\/mise-a-jour-gratuite-mailstyler-2\/\",\"url\":\"https:\/\/www.newslettercreator.com\/fr\/mise-a-jour-gratuite-mailstyler-2\/\",\"name\":\"Mise \u00e0 jour gratuite vers MailStyler - Newsletter Creator\",\"isPartOf\":{\"@id\":\"https:\/\/www.newslettercreator.com\/#website\"},\"datePublished\":\"2017-06-07T07:43:46+00:00\",\"dateModified\":\"2021-09-08T13:24:19+00:00\",\"breadcrumb\":{\"@id\":\"https:\/\/www.newslettercreator.com\/fr\/mise-a-jour-gratuite-mailstyler-2\/#breadcrumb\"},\"inLanguage\":\"fr-FR\",\"potentialAction\":[{\"@type\":\"ReadAction\",\"target\":[\"https:\/\/www.newslettercreator.com\/fr\/mise-a-jour-gratuite-mailstyler-2\/\"]}]},{\"@type\":\"BreadcrumbList\",\"@id\":\"https:\/\/www.newslettercreator.com\/fr\/mise-a-jour-gratuite-mailstyler-2\/#breadcrumb\",\"itemListElement\":[{\"@type\":\"ListItem\",\"position\":1,\"name\":\"Home\",\"item\":\"https:\/\/www.newslettercreator.com\/fr\/\"},{\"@type\":\"ListItem\",\"position\":2,\"name\":\"Mise \u00e0 jour gratuite vers MailStyler\"}]},{\"@type\":\"WebSite\",\"@id\":\"https:\/\/www.newslettercreator.com\/#website\",\"url\":\"https:\/\/www.newslettercreator.com\/\",\"name\":\"Newsletter Creator\",\"description\":\"Pay off\",\"potentialAction\":[{\"@type\":\"SearchAction\",\"target\":{\"@type\":\"EntryPoint\",\"urlTemplate\":\"https:\/\/www.newslettercreator.com\/?s={search_term_string}\"},\"query-input\":{\"@type\":\"PropertyValueSpecification\",\"valueRequired\":true,\"valueName\":\"search_term_string\"}}],\"inLanguage\":\"fr-FR\"}]}<\/script>\n<!-- \/ Yoast SEO plugin. -->","yoast_head_json":{"title":"Mise \u00e0 jour gratuite vers MailStyler - Newsletter Creator","robots":{"index":"index","follow":"follow","max-snippet":"max-snippet:-1","max-image-preview":"max-image-preview:large","max-video-preview":"max-video-preview:-1"},"canonical":"https:\/\/www.newslettercreator.com\/fr\/mise-a-jour-gratuite-mailstyler-2\/","og_locale":"fr_FR","og_type":"article","og_title":"Mise \u00e0 jour gratuite vers MailStyler - Newsletter Creator","og_url":"https:\/\/www.newslettercreator.com\/fr\/mise-a-jour-gratuite-mailstyler-2\/","og_site_name":"Newsletter Creator","article_modified_time":"2021-09-08T13:24:19+00:00","twitter_misc":{"Dur\u00e9e de lecture estim\u00e9e":"1 minute"},"schema":{"@context":"https:\/\/schema.org","@graph":[{"@type":"WebPage","@id":"https:\/\/www.newslettercreator.com\/fr\/mise-a-jour-gratuite-mailstyler-2\/","url":"https:\/\/www.newslettercreator.com\/fr\/mise-a-jour-gratuite-mailstyler-2\/","name":"Mise \u00e0 jour gratuite vers MailStyler - Newsletter Creator","isPartOf":{"@id":"https:\/\/www.newslettercreator.com\/#website"},"datePublished":"2017-06-07T07:43:46+00:00","dateModified":"2021-09-08T13:24:19+00:00","breadcrumb":{"@id":"https:\/\/www.newslettercreator.com\/fr\/mise-a-jour-gratuite-mailstyler-2\/#breadcrumb"},"inLanguage":"fr-FR","potentialAction":[{"@type":"ReadAction","target":["https:\/\/www.newslettercreator.com\/fr\/mise-a-jour-gratuite-mailstyler-2\/"]}]},{"@type":"BreadcrumbList","@id":"https:\/\/www.newslettercreator.com\/fr\/mise-a-jour-gratuite-mailstyler-2\/#breadcrumb","itemListElement":[{"@type":"ListItem","position":1,"name":"Home","item":"https:\/\/www.newslettercreator.com\/fr\/"},{"@type":"ListItem","position":2,"name":"Mise \u00e0 jour gratuite vers MailStyler"}]},{"@type":"WebSite","@id":"https:\/\/www.newslettercreator.com\/#website","url":"https:\/\/www.newslettercreator.com\/","name":"Newsletter Creator","description":"Pay off","potentialAction":[{"@type":"SearchAction","target":{"@type":"EntryPoint","urlTemplate":"https:\/\/www.newslettercreator.com\/?s={search_term_string}"},"query-input":{"@type":"PropertyValueSpecification","valueRequired":true,"valueName":"search_term_string"}}],"inLanguage":"fr-FR"}]}},"_links":{"self":[{"href":"https:\/\/www.newslettercreator.com\/fr\/wp-json\/wp\/v2\/pages\/5989","targetHints":{"allow":["GET"]}}],"collection":[{"href":"https:\/\/www.newslettercreator.com\/fr\/wp-json\/wp\/v2\/pages"}],"about":[{"href":"https:\/\/www.newslettercreator.com\/fr\/wp-json\/wp\/v2\/types\/page"}],"author":[{"embeddable":true,"href":"https:\/\/www.newslettercreator.com\/fr\/wp-json\/wp\/v2\/users\/1"}],"replies":[{"embeddable":true,"href":"https:\/\/www.newslettercreator.com\/fr\/wp-json\/wp\/v2\/comments?post=5989"}],"version-history":[{"count":3,"href":"https:\/\/www.newslettercreator.com\/fr\/wp-json\/wp\/v2\/pages\/5989\/revisions"}],"predecessor-version":[{"id":11434,"href":"https:\/\/www.newslettercreator.com\/fr\/wp-json\/wp\/v2\/pages\/5989\/revisions\/11434"}],"wp:attachment":[{"href":"https:\/\/www.newslettercreator.com\/fr\/wp-json\/wp\/v2\/media?parent=5989"}],"curies":[{"name":"wp","href":"https:\/\/api.w.org\/{rel}","templated":true}]}}