{"id":5993,"date":"2017-06-07T07:52:37","date_gmt":"2017-06-07T07:52:37","guid":{"rendered":"http:\/\/www.newslettercreator.com\/?page_id=5993\/"},"modified":"2017-06-07T07:52:37","modified_gmt":"2017-06-07T07:52:37","slug":"mise-jour-gratuite-reponse","status":"publish","type":"page","link":"https:\/\/www.newslettercreator.com\/fr\/mise-a-jour-gratuite-mailstyler-2\/mise-jour-gratuite-reponse\/","title":{"rendered":"Mise \u00e0 jour gratuite vers MailStyler 2"},"content":{"rendered":"<p><strong>Si vous avez achet\u00e9 MailStyler 1  en f\u00e9vrier 2017 ou plus tard, vous avez droit \u00e0 une mise \u00e0 niveau gratuite vers MailStyler 2 !<\/strong><\/p>\n<p>Pour obtenir votre cl\u00e9 MailStyler 2 , vous avez seulement besoin de:<\/p>\n<ul>\n<li>La m\u00eame adresse de messagerie utilis\u00e9e lors de l&rsquo;achat de votre licence MailStyler 1 <\/li>\n<li>La cl\u00e9 de licence d&rsquo;origine que vous avez re\u00e7ue apr\u00e8s l&rsquo;achat de MailStyler 1  <\/li>\n<\/ul>\n<p>S&rsquo;il vous pla\u00eet <a href=\"http:\/\/www.newslettercreator.com\/mise-a-jour-gratuite-mailstyler-2\/\">revenez \u00e0 notre formulaire <\/a> et essayez \u00e0 nouveau. <strong>Si vous rencontrez des difficult\u00e9s, v\u00e9rifiez les informations que vous entrez<\/strong> (accordez une attention particuli\u00e8re \u00e0 l&rsquo;orthographe) : n&rsquo;oubliez pas que l&rsquo;adresse e-mail et le code de licence doivent \u00eatre entr\u00e9s <strong>exactement<\/strong> comme ils ont \u00e9t\u00e9 envoy\u00e9s par notre personnel.<\/p>\n","protected":false},"excerpt":{"rendered":"<p>Si vous avez achet\u00e9 MailStyler 1 en f\u00e9vrier 2017 ou plus tard, vous avez droit \u00e0 une mise \u00e0 niveau gratuite vers MailStyler 2 ! Pour obtenir votre cl\u00e9 MailStyler 2 , vous avez seulement besoin de: La m\u00eame adresse de messagerie utilis\u00e9e lors de l&rsquo;achat de votre licence MailStyler 1 La cl\u00e9 de licence [&hellip;]<\/p>\n","protected":false},"author":1,"featured_media":0,"parent":5989,"menu_order":0,"comment_status":"closed","ping_status":"closed","template":"","meta":{"inline_featured_image":false,"_monsterinsights_skip_tracking":false,"_monsterinsights_sitenote_active":false,"_monsterinsights_sitenote_note":"","_monsterinsights_sitenote_category":0,"footnotes":""},"class_list":["post-5993","page","type-page","status-publish"],"yoast_head":"<!-- This site is optimized with the Yoast SEO plugin v25.2 - https:\/\/yoast.com\/wordpress\/plugins\/seo\/ -->\n<title>Mise \u00e0 jour gratuite vers MailStyler 2 - Newsletter Creator<\/title>\n<meta name=\"robots\" content=\"index, follow, max-snippet:-1, max-image-preview:large, max-video-preview:-1\" \/>\n<link rel=\"canonical\" href=\"https:\/\/www.newslettercreator.com\/fr\/mise-a-jour-gratuite-mailstyler-2\/mise-jour-gratuite-reponse\/\" \/>\n<meta property=\"og:locale\" content=\"fr_FR\" \/>\n<meta property=\"og:type\" content=\"article\" \/>\n<meta property=\"og:title\" content=\"Mise \u00e0 jour gratuite vers MailStyler 2 - Newsletter Creator\" \/>\n<meta property=\"og:description\" content=\"Si vous avez achet\u00e9 MailStyler 1 en f\u00e9vrier 2017 ou plus tard, vous avez droit \u00e0 une mise \u00e0 niveau gratuite vers MailStyler 2 ! Pour obtenir votre cl\u00e9 MailStyler 2 , vous avez seulement besoin de: La m\u00eame adresse de messagerie utilis\u00e9e lors de l&rsquo;achat de votre licence MailStyler 1 La cl\u00e9 de licence [&hellip;]\" \/>\n<meta property=\"og:url\" content=\"https:\/\/www.newslettercreator.com\/fr\/mise-a-jour-gratuite-mailstyler-2\/mise-jour-gratuite-reponse\/\" \/>\n<meta property=\"og:site_name\" content=\"Newsletter Creator\" \/>\n<meta name=\"twitter:label1\" content=\"Dur\u00e9e de lecture estim\u00e9e\" \/>\n\t<meta name=\"twitter:data1\" content=\"1 minute\" \/>\n<script type=\"application\/ld+json\" class=\"yoast-schema-graph\">{\"@context\":\"https:\/\/schema.org\",\"@graph\":[{\"@type\":\"WebPage\",\"@id\":\"https:\/\/www.newslettercreator.com\/fr\/mise-a-jour-gratuite-mailstyler-2\/mise-jour-gratuite-reponse\/\",\"url\":\"https:\/\/www.newslettercreator.com\/fr\/mise-a-jour-gratuite-mailstyler-2\/mise-jour-gratuite-reponse\/\",\"name\":\"Mise \u00e0 jour gratuite vers MailStyler 2 - Newsletter Creator\",\"isPartOf\":{\"@id\":\"https:\/\/www.newslettercreator.com\/#website\"},\"datePublished\":\"2017-06-07T07:52:37+00:00\",\"breadcrumb\":{\"@id\":\"https:\/\/www.newslettercreator.com\/fr\/mise-a-jour-gratuite-mailstyler-2\/mise-jour-gratuite-reponse\/#breadcrumb\"},\"inLanguage\":\"fr-FR\",\"potentialAction\":[{\"@type\":\"ReadAction\",\"target\":[\"https:\/\/www.newslettercreator.com\/fr\/mise-a-jour-gratuite-mailstyler-2\/mise-jour-gratuite-reponse\/\"]}]},{\"@type\":\"BreadcrumbList\",\"@id\":\"https:\/\/www.newslettercreator.com\/fr\/mise-a-jour-gratuite-mailstyler-2\/mise-jour-gratuite-reponse\/#breadcrumb\",\"itemListElement\":[{\"@type\":\"ListItem\",\"position\":1,\"name\":\"Home\",\"item\":\"https:\/\/www.newslettercreator.com\/fr\/\"},{\"@type\":\"ListItem\",\"position\":2,\"name\":\"Mise \u00e0 jour gratuite vers MailStyler\",\"item\":\"https:\/\/www.newslettercreator.com\/fr\/mise-a-jour-gratuite-mailstyler-2\/\"},{\"@type\":\"ListItem\",\"position\":3,\"name\":\"Mise \u00e0 jour gratuite vers MailStyler 2\"}]},{\"@type\":\"WebSite\",\"@id\":\"https:\/\/www.newslettercreator.com\/#website\",\"url\":\"https:\/\/www.newslettercreator.com\/\",\"name\":\"Newsletter Creator\",\"description\":\"Pay off\",\"potentialAction\":[{\"@type\":\"SearchAction\",\"target\":{\"@type\":\"EntryPoint\",\"urlTemplate\":\"https:\/\/www.newslettercreator.com\/?s={search_term_string}\"},\"query-input\":{\"@type\":\"PropertyValueSpecification\",\"valueRequired\":true,\"valueName\":\"search_term_string\"}}],\"inLanguage\":\"fr-FR\"}]}<\/script>\n<!-- \/ Yoast SEO plugin. -->","yoast_head_json":{"title":"Mise \u00e0 jour gratuite vers MailStyler 2 - Newsletter Creator","robots":{"index":"index","follow":"follow","max-snippet":"max-snippet:-1","max-image-preview":"max-image-preview:large","max-video-preview":"max-video-preview:-1"},"canonical":"https:\/\/www.newslettercreator.com\/fr\/mise-a-jour-gratuite-mailstyler-2\/mise-jour-gratuite-reponse\/","og_locale":"fr_FR","og_type":"article","og_title":"Mise \u00e0 jour gratuite vers MailStyler 2 - Newsletter Creator","og_description":"Si vous avez achet\u00e9 MailStyler 1 en f\u00e9vrier 2017 ou plus tard, vous avez droit \u00e0 une mise \u00e0 niveau gratuite vers MailStyler 2 ! Pour obtenir votre cl\u00e9 MailStyler 2 , vous avez seulement besoin de: La m\u00eame adresse de messagerie utilis\u00e9e lors de l&rsquo;achat de votre licence MailStyler 1 La cl\u00e9 de licence [&hellip;]","og_url":"https:\/\/www.newslettercreator.com\/fr\/mise-a-jour-gratuite-mailstyler-2\/mise-jour-gratuite-reponse\/","og_site_name":"Newsletter Creator","twitter_misc":{"Dur\u00e9e de lecture estim\u00e9e":"1 minute"},"schema":{"@context":"https:\/\/schema.org","@graph":[{"@type":"WebPage","@id":"https:\/\/www.newslettercreator.com\/fr\/mise-a-jour-gratuite-mailstyler-2\/mise-jour-gratuite-reponse\/","url":"https:\/\/www.newslettercreator.com\/fr\/mise-a-jour-gratuite-mailstyler-2\/mise-jour-gratuite-reponse\/","name":"Mise \u00e0 jour gratuite vers MailStyler 2 - Newsletter Creator","isPartOf":{"@id":"https:\/\/www.newslettercreator.com\/#website"},"datePublished":"2017-06-07T07:52:37+00:00","breadcrumb":{"@id":"https:\/\/www.newslettercreator.com\/fr\/mise-a-jour-gratuite-mailstyler-2\/mise-jour-gratuite-reponse\/#breadcrumb"},"inLanguage":"fr-FR","potentialAction":[{"@type":"ReadAction","target":["https:\/\/www.newslettercreator.com\/fr\/mise-a-jour-gratuite-mailstyler-2\/mise-jour-gratuite-reponse\/"]}]},{"@type":"BreadcrumbList","@id":"https:\/\/www.newslettercreator.com\/fr\/mise-a-jour-gratuite-mailstyler-2\/mise-jour-gratuite-reponse\/#breadcrumb","itemListElement":[{"@type":"ListItem","position":1,"name":"Home","item":"https:\/\/www.newslettercreator.com\/fr\/"},{"@type":"ListItem","position":2,"name":"Mise \u00e0 jour gratuite vers MailStyler","item":"https:\/\/www.newslettercreator.com\/fr\/mise-a-jour-gratuite-mailstyler-2\/"},{"@type":"ListItem","position":3,"name":"Mise \u00e0 jour gratuite vers MailStyler 2"}]},{"@type":"WebSite","@id":"https:\/\/www.newslettercreator.com\/#website","url":"https:\/\/www.newslettercreator.com\/","name":"Newsletter Creator","description":"Pay off","potentialAction":[{"@type":"SearchAction","target":{"@type":"EntryPoint","urlTemplate":"https:\/\/www.newslettercreator.com\/?s={search_term_string}"},"query-input":{"@type":"PropertyValueSpecification","valueRequired":true,"valueName":"search_term_string"}}],"inLanguage":"fr-FR"}]}},"_links":{"self":[{"href":"https:\/\/www.newslettercreator.com\/fr\/wp-json\/wp\/v2\/pages\/5993","targetHints":{"allow":["GET"]}}],"collection":[{"href":"https:\/\/www.newslettercreator.com\/fr\/wp-json\/wp\/v2\/pages"}],"about":[{"href":"https:\/\/www.newslettercreator.com\/fr\/wp-json\/wp\/v2\/types\/page"}],"author":[{"embeddable":true,"href":"https:\/\/www.newslettercreator.com\/fr\/wp-json\/wp\/v2\/users\/1"}],"replies":[{"embeddable":true,"href":"https:\/\/www.newslettercreator.com\/fr\/wp-json\/wp\/v2\/comments?post=5993"}],"version-history":[{"count":1,"href":"https:\/\/www.newslettercreator.com\/fr\/wp-json\/wp\/v2\/pages\/5993\/revisions"}],"predecessor-version":[{"id":5994,"href":"https:\/\/www.newslettercreator.com\/fr\/wp-json\/wp\/v2\/pages\/5993\/revisions\/5994"}],"up":[{"embeddable":true,"href":"https:\/\/www.newslettercreator.com\/fr\/wp-json\/wp\/v2\/pages\/5989"}],"wp:attachment":[{"href":"https:\/\/www.newslettercreator.com\/fr\/wp-json\/wp\/v2\/media?parent=5993"}],"curies":[{"name":"wp","href":"https:\/\/api.w.org\/{rel}","templated":true}]}}