{"id":610,"date":"2014-06-04T12:44:34","date_gmt":"2014-06-04T12:44:34","guid":{"rendered":"http:\/\/www.newslettercreator.com\/?page_id=610"},"modified":"2021-05-26T13:48:07","modified_gmt":"2021-05-26T11:48:07","slug":"pourquoi-choisir-mailstyler","status":"publish","type":"page","link":"https:\/\/www.newslettercreator.com\/fr\/pourquoi-choisir-mailstyler\/","title":{"rendered":"Pourquoi choisir MailStyler"},"content":{"rendered":"<ul class=\"g1-grid\"><li class=\"g1-column g1-one-half g1-valign-top\">\n<p>Parce que les newsletters cr\u00e9\u00e9es avec d&rsquo;autres \u00e9diteurs ne s&rsquo;affichent pas toujours correctement sur <strong>les messagerie Gmail ou Outlook des clients<\/strong> et ne sont souvent pas <strong>lisibles<\/strong> sur les smartphones et tablettes. Et les bons \u00e9diteurs sont souvent con\u00e7us pour des professionnels et des experts, \u00e9cartant donc tout ceux qui cr\u00e9ent une newsletter pour la toute premi\u00e8re fois.<\/p>\n<p><strong>Mailstyler est diff\u00e9rent.<\/strong>.<\/p>\n<p>Parce que Mailstyler est le seul logiciel de bureau qui est <strong>facile \u00e0 utiliser<\/strong> mais toujours professionnel et sp\u00e9cialis\u00e9 dans l&rsquo;\u00e9dition de contenu pour les newsletters et les courriels. Son syst\u00e8me de \u00ab\u00a0glisser-d\u00e9poser\u00a0\u00bb vous permet <strong>de cr\u00e9er des newsletters en quelques minutes<\/strong> et d&rsquo;enregistrer votre travail sur votre PC. Parce que ce n&rsquo;est pas un service en ligne, il ne souffre pas de l&rsquo;instabilit\u00e9, de la lenteur et de l&rsquo;incompatibilit\u00e9 avec le navigateur. MailStyler <strong>ne ralentira jamais votre travail<\/strong>.<\/p>\n<\/li><!-- -->\n<li class=\"g1-column g1-one-half g1-valign-top\">\n<p class=\"middle-align-no-mobile center-align-no-mobile\"><img decoding=\"async\" src=\"http:\/\/www.newslettercreator.com\/wp-content\/uploads\/2015\/09\/why-ms2-eng.png\" alt=\"Pourquoi MailStyler?\" width=\"423\" height=\"311\" \/><\/p>\n<\/li><!-- --><\/ul>\n<p style=\"text-align: center;\"><a class=\"button large orange no-margin-mobile\" style=\"margin-top: 20px; margin-right: 30px;\" title=\"T\u00e9l\u00e9charger Demo\" href=\"http:\/\/www.newslettercreator.com\/utils\/download\/pre-download.php\" target=\"_self\" rel=\"noopener\">T\u00e9l\u00e9charger Demo<\/a><a class=\"button large darkgray\" style=\"margin-top: 20px;\" title=\"Obtenez le meilleur. Essayez MS pro!\" href=\"http:\/\/www.newslettercreator.com\/fr\/prix\/\" target=\"_self\" rel=\"noopener\">Obtenez le meilleur. Essayez MS pro!<\/a><\/p>\n<p>&nbsp;<\/p>\n<h2 style=\"margin-bottom: 25px;\">Qu&rsquo;est-ce qui rend MailStyler unique?<\/h2>\n<style type=\"text\/css\" scoped=\"scoped\">#g1-section-1.g1-section {background-color: #ffffff; background-repeat:no-repeat; background-position:left top; background-attachment:static; padding-bottom:30px; padding-top:20px;}<\/style><div id=\"g1-section-1\" class=\"g1-section \"><div class=\"g1-layout-inner\">\n<ul class=\"g1-grid\"><li class=\"g1-column g1-one-half g1-valign-top\">\n<p class=\"center-align-no-mobile\"><img decoding=\"async\" src=\"http:\/\/www.newslettercreator.com\/wp-content\/uploads\/2015\/09\/client-compatibility.png\" alt=\"Le courrier \u00e9lectronique est affich\u00e9 par n'importe quelle messagerie de client\" width=\"420\" height=\"254\"><\/p>\n<\/li><!-- -->\n<li class=\"g1-column g1-one-half g1-valign-top\">\n<h2 style=\"margin-bottom: 10px !important;\">Le courrier \u00e9lectronique est affich\u00e9 par n&rsquo;importe quelle messagerie de client.<\/h2>\n<p>Nos d\u00e9veloppeurs actualisent constamment le moteur du logiciel pour suivre et respecter les changements introduits par les clients ayant des messageries comme Gmail, Outlook et Aruba. Cela garantit un affichage toujours correct des emails sur n&rsquo;importe quel fournisseur de messagerie.<\/p>\n<\/li><!-- --><\/ul>\n<\/div><\/div>\n<style type=\"text\/css\" scoped=\"scoped\">#reverse.g1-section {background-color: #ffffff; background-repeat:no-repeat; background-position:left top; background-attachment:static; padding-bottom:30px; padding-top:30px;}<\/style><div id=\"reverse\" class=\"g1-section \"><div class=\"g1-layout-inner\">\n<ul class=\"g1-grid\"><li class=\"g1-column g1-one-half g1-valign-top reverse\">\n<h2 class=\"right-align-no-mobile\">Des newsletters toujours lisibles \u00e0 100%<\/h2>\n<p class=\"right-align-no-mobile\">MailStyler cr\u00e9e automatiquement des newsletters lisibles \u00e0 100%. Vos contenus s&rsquo;adaptent parfaitement aux p\u00e9riph\u00e9riques sur lesquels ils sont ouverts, qu&rsquo;il s&rsquo;agisse d&rsquo;un PC, d&rsquo;une tablette ou d&rsquo;un smartphone. Votre newsletter sera lisible partout et augmentera votre base d&rsquo;utilisateurs.<\/p>\n<\/li><!-- -->\n<li class=\"g1-column g1-one-half g1-valign-top reverse\">\n<p class=\"center-align-no-mobile\"><img decoding=\"async\" src=\"http:\/\/www.newslettercreator.com\/wp-content\/uploads\/2015\/09\/responsive-newsletter-template.png\" alt=\"Des newsletters toujours lisibles \u00e0 100%\" width=\"314\" height=\"243\"><\/p>\n<\/li><!-- --><\/ul>\n<\/div><\/div>\n<style type=\"text\/css\" scoped=\"scoped\">#g1-section-3.g1-section {background-color: #ffffff; background-repeat:no-repeat; background-position:left top; background-attachment:static; padding-bottom:30px; padding-top:30px;}<\/style><div id=\"g1-section-3\" class=\"g1-section \"><div class=\"g1-layout-inner\">\n<ul class=\"g1-grid\"><li class=\"g1-column g1-one-half g1-valign-top\">\n<p class=\"center-align-no-mobile\"><img decoding=\"async\" src=\"http:\/\/www.newslettercreator.com\/wp-content\/uploads\/2015\/09\/drag-and-drop-newsletter-creator.png\" alt=\"Un programme pour tous\" width=\"420\" height=\"254\"><\/p>\n<\/li><!-- -->\n<li class=\"g1-column g1-one-half g1-valign-top\">\n<h2 style=\"margin-bottom: 10px !important;\">Un programme pour tous<\/h2>\n<p>Une large gamme de blocs enti\u00e8rement personnalisables, un \u00e9diteur int\u00e9gr\u00e9 pour la gestion des images, des styles graphiques, des polices et des couleurs, une galerie de photos haute d\u00e9finition et bien plus encore. MailStyler est \u00e9quip\u00e9 d&rsquo;outils pour cr\u00e9er facilement de belles newsletters, m\u00eame pour les d\u00e9butants.<\/p>\n<\/li><!-- --><\/ul>\n<\/div><\/div>\n<style type=\"text\/css\" scoped=\"scoped\">#reverse.g1-section {background-color: #ffffff; background-repeat:no-repeat; background-position:left top; background-attachment:static; padding-bottom:30px; padding-top:30px;}<\/style><div id=\"reverse\" class=\"g1-section \"><div class=\"g1-layout-inner\">\n<ul class=\"g1-grid\"><li class=\"g1-column g1-one-half g1-valign-top reverse\">\n<h2 class=\"right-align-no-mobile\">Service client\u00e8le \u00e0 votre service<\/h2>\n<p class=\"right-align-no-mobile\">MailStyler offre un service de consultation et une assistance qui est toujours disponible pour vous aider \u00e0 cr\u00e9er vos newsletters. Gr\u00e2ce \u00e0 notre exp\u00e9rience dans <strong>le marketing par e-mail<\/strong> et notre large gamme de <strong>logiciel d\u00e9di\u00e9s aux newsletters<\/strong>, vous pouvez obtenir des conseils utiles non seulement sur la cr\u00e9ation de la newsletter, mais aussi sur la gestion de la distribution et de la liste.<\/p>\n<\/li><!-- -->\n<li class=\"g1-column g1-one-half g1-valign-top reverse\">\n<p class=\"center-align-no-mobile\"><img decoding=\"async\" src=\"http:\/\/www.newslettercreator.com\/wp-content\/uploads\/2015\/09\/marketing-expert.png\" alt=\"Service client\u00e8le \u00e0 votre service\" width=\"420\" height=\"254\"><\/p>\n<\/li><!-- --><\/ul>\n<\/div><\/div>\n","protected":false},"excerpt":{"rendered":"<p>T\u00e9l\u00e9charger DemoObtenez le meilleur. Essayez MS pro! &nbsp; Qu&rsquo;est-ce qui rend MailStyler unique?<\/p>\n","protected":false},"author":1,"featured_media":0,"parent":0,"menu_order":0,"comment_status":"closed","ping_status":"closed","template":"","meta":{"inline_featured_image":false,"_monsterinsights_skip_tracking":false,"_monsterinsights_sitenote_active":false,"_monsterinsights_sitenote_note":"","_monsterinsights_sitenote_category":0,"footnotes":""},"class_list":["post-610","page","type-page","status-publish"],"yoast_head":"<!-- This site is optimized with the Yoast SEO plugin v25.2 - https:\/\/yoast.com\/wordpress\/plugins\/seo\/ -->\n<title>Pourquoi choisir MailStyler - Newsletter Creator<\/title>\n<meta name=\"robots\" content=\"index, follow, max-snippet:-1, max-image-preview:large, max-video-preview:-1\" \/>\n<link rel=\"canonical\" href=\"https:\/\/www.newslettercreator.com\/fr\/pourquoi-choisir-mailstyler\/\" \/>\n<meta property=\"og:locale\" content=\"fr_FR\" \/>\n<meta property=\"og:type\" content=\"article\" \/>\n<meta property=\"og:title\" content=\"Pourquoi choisir MailStyler - Newsletter Creator\" \/>\n<meta property=\"og:description\" content=\"T\u00e9l\u00e9charger DemoObtenez le meilleur. Essayez MS pro! &nbsp; Qu&rsquo;est-ce qui rend MailStyler unique?\" \/>\n<meta property=\"og:url\" content=\"https:\/\/www.newslettercreator.com\/fr\/pourquoi-choisir-mailstyler\/\" \/>\n<meta property=\"og:site_name\" content=\"Newsletter Creator\" \/>\n<meta property=\"article:modified_time\" content=\"2021-05-26T11:48:07+00:00\" \/>\n<meta property=\"og:image\" content=\"http:\/\/www.newslettercreator.com\/wp-content\/uploads\/2015\/09\/why-ms2-eng.png\" \/>\n<meta name=\"twitter:label1\" content=\"Dur\u00e9e de lecture estim\u00e9e\" \/>\n\t<meta name=\"twitter:data1\" content=\"3 minutes\" \/>\n<script type=\"application\/ld+json\" class=\"yoast-schema-graph\">{\"@context\":\"https:\/\/schema.org\",\"@graph\":[{\"@type\":\"WebPage\",\"@id\":\"https:\/\/www.newslettercreator.com\/fr\/pourquoi-choisir-mailstyler\/\",\"url\":\"https:\/\/www.newslettercreator.com\/fr\/pourquoi-choisir-mailstyler\/\",\"name\":\"Pourquoi choisir MailStyler - Newsletter Creator\",\"isPartOf\":{\"@id\":\"https:\/\/www.newslettercreator.com\/#website\"},\"primaryImageOfPage\":{\"@id\":\"https:\/\/www.newslettercreator.com\/fr\/pourquoi-choisir-mailstyler\/#primaryimage\"},\"image\":{\"@id\":\"https:\/\/www.newslettercreator.com\/fr\/pourquoi-choisir-mailstyler\/#primaryimage\"},\"thumbnailUrl\":\"http:\/\/www.newslettercreator.com\/wp-content\/uploads\/2015\/09\/why-ms2-eng.png\",\"datePublished\":\"2014-06-04T12:44:34+00:00\",\"dateModified\":\"2021-05-26T11:48:07+00:00\",\"breadcrumb\":{\"@id\":\"https:\/\/www.newslettercreator.com\/fr\/pourquoi-choisir-mailstyler\/#breadcrumb\"},\"inLanguage\":\"fr-FR\",\"potentialAction\":[{\"@type\":\"ReadAction\",\"target\":[\"https:\/\/www.newslettercreator.com\/fr\/pourquoi-choisir-mailstyler\/\"]}]},{\"@type\":\"ImageObject\",\"inLanguage\":\"fr-FR\",\"@id\":\"https:\/\/www.newslettercreator.com\/fr\/pourquoi-choisir-mailstyler\/#primaryimage\",\"url\":\"http:\/\/www.newslettercreator.com\/wp-content\/uploads\/2015\/09\/why-ms2-eng.png\",\"contentUrl\":\"http:\/\/www.newslettercreator.com\/wp-content\/uploads\/2015\/09\/why-ms2-eng.png\"},{\"@type\":\"BreadcrumbList\",\"@id\":\"https:\/\/www.newslettercreator.com\/fr\/pourquoi-choisir-mailstyler\/#breadcrumb\",\"itemListElement\":[{\"@type\":\"ListItem\",\"position\":1,\"name\":\"Home\",\"item\":\"https:\/\/www.newslettercreator.com\/fr\/\"},{\"@type\":\"ListItem\",\"position\":2,\"name\":\"Pourquoi choisir MailStyler\"}]},{\"@type\":\"WebSite\",\"@id\":\"https:\/\/www.newslettercreator.com\/#website\",\"url\":\"https:\/\/www.newslettercreator.com\/\",\"name\":\"Newsletter Creator\",\"description\":\"Pay off\",\"potentialAction\":[{\"@type\":\"SearchAction\",\"target\":{\"@type\":\"EntryPoint\",\"urlTemplate\":\"https:\/\/www.newslettercreator.com\/?s={search_term_string}\"},\"query-input\":{\"@type\":\"PropertyValueSpecification\",\"valueRequired\":true,\"valueName\":\"search_term_string\"}}],\"inLanguage\":\"fr-FR\"}]}<\/script>\n<!-- \/ Yoast SEO plugin. -->","yoast_head_json":{"title":"Pourquoi choisir MailStyler - Newsletter Creator","robots":{"index":"index","follow":"follow","max-snippet":"max-snippet:-1","max-image-preview":"max-image-preview:large","max-video-preview":"max-video-preview:-1"},"canonical":"https:\/\/www.newslettercreator.com\/fr\/pourquoi-choisir-mailstyler\/","og_locale":"fr_FR","og_type":"article","og_title":"Pourquoi choisir MailStyler - Newsletter Creator","og_description":"T\u00e9l\u00e9charger DemoObtenez le meilleur. Essayez MS pro! &nbsp; Qu&rsquo;est-ce qui rend MailStyler unique?","og_url":"https:\/\/www.newslettercreator.com\/fr\/pourquoi-choisir-mailstyler\/","og_site_name":"Newsletter Creator","article_modified_time":"2021-05-26T11:48:07+00:00","og_image":[{"url":"http:\/\/www.newslettercreator.com\/wp-content\/uploads\/2015\/09\/why-ms2-eng.png","type":"","width":"","height":""}],"twitter_misc":{"Dur\u00e9e de lecture estim\u00e9e":"3 minutes"},"schema":{"@context":"https:\/\/schema.org","@graph":[{"@type":"WebPage","@id":"https:\/\/www.newslettercreator.com\/fr\/pourquoi-choisir-mailstyler\/","url":"https:\/\/www.newslettercreator.com\/fr\/pourquoi-choisir-mailstyler\/","name":"Pourquoi choisir MailStyler - Newsletter Creator","isPartOf":{"@id":"https:\/\/www.newslettercreator.com\/#website"},"primaryImageOfPage":{"@id":"https:\/\/www.newslettercreator.com\/fr\/pourquoi-choisir-mailstyler\/#primaryimage"},"image":{"@id":"https:\/\/www.newslettercreator.com\/fr\/pourquoi-choisir-mailstyler\/#primaryimage"},"thumbnailUrl":"http:\/\/www.newslettercreator.com\/wp-content\/uploads\/2015\/09\/why-ms2-eng.png","datePublished":"2014-06-04T12:44:34+00:00","dateModified":"2021-05-26T11:48:07+00:00","breadcrumb":{"@id":"https:\/\/www.newslettercreator.com\/fr\/pourquoi-choisir-mailstyler\/#breadcrumb"},"inLanguage":"fr-FR","potentialAction":[{"@type":"ReadAction","target":["https:\/\/www.newslettercreator.com\/fr\/pourquoi-choisir-mailstyler\/"]}]},{"@type":"ImageObject","inLanguage":"fr-FR","@id":"https:\/\/www.newslettercreator.com\/fr\/pourquoi-choisir-mailstyler\/#primaryimage","url":"http:\/\/www.newslettercreator.com\/wp-content\/uploads\/2015\/09\/why-ms2-eng.png","contentUrl":"http:\/\/www.newslettercreator.com\/wp-content\/uploads\/2015\/09\/why-ms2-eng.png"},{"@type":"BreadcrumbList","@id":"https:\/\/www.newslettercreator.com\/fr\/pourquoi-choisir-mailstyler\/#breadcrumb","itemListElement":[{"@type":"ListItem","position":1,"name":"Home","item":"https:\/\/www.newslettercreator.com\/fr\/"},{"@type":"ListItem","position":2,"name":"Pourquoi choisir MailStyler"}]},{"@type":"WebSite","@id":"https:\/\/www.newslettercreator.com\/#website","url":"https:\/\/www.newslettercreator.com\/","name":"Newsletter Creator","description":"Pay off","potentialAction":[{"@type":"SearchAction","target":{"@type":"EntryPoint","urlTemplate":"https:\/\/www.newslettercreator.com\/?s={search_term_string}"},"query-input":{"@type":"PropertyValueSpecification","valueRequired":true,"valueName":"search_term_string"}}],"inLanguage":"fr-FR"}]}},"_links":{"self":[{"href":"https:\/\/www.newslettercreator.com\/fr\/wp-json\/wp\/v2\/pages\/610","targetHints":{"allow":["GET"]}}],"collection":[{"href":"https:\/\/www.newslettercreator.com\/fr\/wp-json\/wp\/v2\/pages"}],"about":[{"href":"https:\/\/www.newslettercreator.com\/fr\/wp-json\/wp\/v2\/types\/page"}],"author":[{"embeddable":true,"href":"https:\/\/www.newslettercreator.com\/fr\/wp-json\/wp\/v2\/users\/1"}],"replies":[{"embeddable":true,"href":"https:\/\/www.newslettercreator.com\/fr\/wp-json\/wp\/v2\/comments?post=610"}],"version-history":[{"count":14,"href":"https:\/\/www.newslettercreator.com\/fr\/wp-json\/wp\/v2\/pages\/610\/revisions"}],"predecessor-version":[{"id":10194,"href":"https:\/\/www.newslettercreator.com\/fr\/wp-json\/wp\/v2\/pages\/610\/revisions\/10194"}],"wp:attachment":[{"href":"https:\/\/www.newslettercreator.com\/fr\/wp-json\/wp\/v2\/media?parent=610"}],"curies":[{"name":"wp","href":"https:\/\/api.w.org\/{rel}","templated":true}]}}