{"id":614,"date":"2014-06-04T12:45:58","date_gmt":"2014-06-04T12:45:58","guid":{"rendered":"http:\/\/www.newslettercreator.com\/?page_id=614"},"modified":"2022-02-25T14:34:40","modified_gmt":"2022-02-25T13:34:40","slug":"essayer-gratuitement","status":"publish","type":"page","link":"https:\/\/www.newslettercreator.com\/fr\/essayer-gratuitement\/","title":{"rendered":"Essayer gratuitement"},"content":{"rendered":"<ul class=\"g1-grid\"><li class=\"g1-column g1-one-half g1-valign-top\">\n<p><img decoding=\"async\" width=\"457\" height=\"392\" src=\"http:\/\/www.newslettercreator.com\/wp-content\/uploads\/2015\/09\/ms2-download-eng.png\" alt=\"T\u00e9l\u00e9chargez Demo\" \/><\/p>\n<\/li><!-- -->\n<li class=\"g1-column g1-one-half g1-valign-top\">\n<h1 style=\"line-height: 38px !important;\">T\u00e9l\u00e9chargez gratuitement notre \u00e9diteur de newsletters.<\/h1>\n<p style=\"text-align: middle;\"><a class=\"button large orange\" style=\"min-width: 190px;\" title=\"T\u00e9l\u00e9chargez Demo\" href=\"http:\/\/www.newslettercreator.com\/utils\/download\/pre-download.php\" target=\"_blank\" rel=\"noopener\">T\u00e9l\u00e9chargez Demo<\/a><\/p>\n<p style=\"margin-bottom: 5px;\"><strong>Avez-vous une cl\u00e9 de licence?<\/strong> <a href=\"https:\/\/www.newslettercreator.com\/download-your-mailstyler-release\/\" title=\"Avez-vous une cl\u00e9 de licence? Cliquez ici pour t\u00e9l\u00e9charger\">Cliquez ici pour t\u00e9l\u00e9charger<\/a><\/p>\n<p style=\"text-align: left; font-size: 11px;\">Derni\u00e8re version: 2.24.01.17 | Date de sortie: 17\/01\/2024 | Taille: 114.9MB<br \/>\n<a href=\"http:\/\/www.newslettercreator.com\/fr\/accord-de-licence\/\" target=\"_blank\" rel=\"noopener\">Contrat de licence<\/a> | <a href=\"http:\/\/www.newslettercreator.com\/fr\/comment-desinstaller\/\" target=\"_blank\" rel=\"noopener\">Comment d\u00e9sinstaller<\/a><\/p>\n<p><img decoding=\"async\" width=\"196\" height=\"24\" src=\"http:\/\/www.newslettercreator.com\/wp-content\/uploads\/2015\/07\/windows-10-ready.jpg\" alt=\"MailStyler est pr\u00eat pour Windows 10\"><\/p>\n<p><strong><i class=\"fa fa-apple fa-2x\"><\/i> Mac user?<\/strong> <a title=\"How to install MailStyler on Mac\" href=\"http:\/\/www.newslettercreator.com\/fr\/mailstyler-pour-mac\/\">Check this&#8230;<\/a>.<\/p>\n<\/li><!-- --><\/ul>\n<p>Pour permettre \u00e0 tous nos utilisateurs de d\u00e9couvrir les meilleures fonctionnalit\u00e9s de notre logiciel, nous avons cr\u00e9\u00e9 une <strong>version demo gratuite de MailStyler<\/strong>. La version demo gratuite a les m\u00eames outils que la version Pro, sauf la fonction d&rsquo;exportation: vous pouvez <strong>cr\u00e9er des newsletters gratuitement<\/strong> en quelques clics et acc\u00e9der \u00e0 notre <strong>biblioth\u00e8que d\u2019images<\/strong> de base (+200 des images sans filigrane et +2000 avec filigrane).<\/p>\n<p>La version de d\u00e9monstration est <strong>toujours gratuite<\/strong>, mais chaque newsletter exporte\u00e9 sera brouill\u00e9e: Vous pouvez toujours v\u00e9rifier les performances de votre mod\u00e8le sur votre client de messagerie.<\/p>\n<p><p>Vous pouvez le mettre \u00e0 jour \u00e0 tout moment <strong><a href=\"http:\/\/www.newslettercreator.com\/fr\/prix\/\" title=\"Achetez maintenant\n\">en choisissant la version Basic ou Pro<\/a><\/strong>. Apr\u00e8s avoir achet\u00e9 votre licence, <strong>t\u00e9l\u00e9chargez-la dans MailStyler<\/strong> et en quelques secondes, le logiciel sera pr\u00eat \u00e0 fonctionner!<\/p>\n<p>&nbsp;<\/p>\n<h2>Mettre \u00e0 jour vers MailStyler Basic ou Pro<\/h2>\n<ul class=\"g1-grid\"><li class=\"g1-column g1-one-half g1-valign-top\"><br \/>\n<div id=\"g1-box-counter-1\" class=\"g1-box g1-box--solid  g1-box--icon\" ><i class=\"fa fa-star-half-o g1-box__icon\"><\/i><div class=\"g1-box__inner\">\n<h2 style=\"text-align: center;\">MailStyler Basic<\/h2>\n<p style=\"text-align: center;\">MailStyler Basic vous permet d&rsquo;exporter vos newsletters dans un format pr\u00eat \u00e0 \u00eatre envoy\u00e9. Vous disposez de tous les outils dont vous avez besoin pour cr\u00e9er une newsletter 100% lisible et parfaitement compatible avec chaque fournisseur de messagerie.<\/p>\n<p style=\"text-align: center;\"><a class=\"button large orange-empty\" style=\"margin-bottom: 10px;\" title=\"Acquista MailStyler 2 Base\" href=\"http:\/\/www.newslettercreator.com\/fr\/prix\/\" target=\"_self\" rel=\"noopener\">Mettre \u00e0 jour vers MailStyler Basic<\/a><br \/>\n<\/div><\/div><br \/>\n<\/li><!-- -->\n<li class=\"g1-column g1-one-half g1-valign-top\"><br \/>\n<div id=\"g1-box-counter-2\" class=\"g1-box g1-box--solid  g1-box--icon\" ><i class=\"fa fa-star g1-box__icon\"><\/i><div class=\"g1-box__inner\">\n<h2 style=\"text-align: center;\">MailStyler PRO<\/h2>\n<p style=\"text-align: center;\">MailStyler Pro vous permet d&rsquo;acc\u00e9der gratuitement \u00e0 une biblioth\u00e8que compl\u00e8te de plus de 3.5 millions d&rsquo;images en haute r\u00e9solution (MailStyler, <a href=\"https:\/\/unsplash.com\/\" target=\"_blank\" rel=\"nofollow noopener\">Unsplash<\/a>, <a href=\"https:\/\/pixabay.com\/\" target=\"_blank\" rel=\"nofollow noopener\">Pixabay<\/a>) et \u00e0 un espace cloud totalement d\u00e9di\u00e9 o\u00f9 vous pouvez les charger automatiquement. La vitesse et le confort sans limite constituent un superbe combo!<\/p>\n<p style=\"text-align: center;\"><a class=\"button large orange-empty\" style=\"margin-bottom: 10px;\" title=\"Acquista MailStyler 2 PRO\" href=\"http:\/\/www.newslettercreator.com\/fr\/prix\/\" target=\"_self\" rel=\"noopener\">Mettre \u00e0 jour vers  MailStyler PRO<\/a><br \/>\n<\/div><\/div><br \/>\n<\/li><!-- --><\/ul>\n<p>&nbsp;<\/p>\n<h2>Exigences du syst\u00e8me<\/h2>\n<ul>\n<li>Windows 8, 8.1, 10, 11; Windows Server 2016, 2019<\/li>\n<li>Internet Explorer 9 ou plus r\u00e9cente<\/li>\n<li>.NET Framework 3.5 SP1 ou plus r\u00e9cente<\/li>\n<li>\u00c9cran 1366 x 768<\/li>\n<li>Connexion Internet<\/li>\n<\/ul>\n","protected":false},"excerpt":{"rendered":"<p>Pour permettre \u00e0 tous nos utilisateurs de d\u00e9couvrir les meilleures fonctionnalit\u00e9s de notre logiciel, nous avons cr\u00e9\u00e9 une version demo gratuite de MailStyler. La version demo gratuite a les m\u00eames outils que la version Pro, sauf la fonction d&rsquo;exportation: vous pouvez cr\u00e9er des newsletters gratuitement en quelques clics et acc\u00e9der \u00e0 notre biblioth\u00e8que d\u2019images de [&hellip;]<\/p>\n","protected":false},"author":1,"featured_media":0,"parent":0,"menu_order":0,"comment_status":"closed","ping_status":"closed","template":"","meta":{"inline_featured_image":false,"_monsterinsights_skip_tracking":false,"_monsterinsights_sitenote_active":false,"_monsterinsights_sitenote_note":"","_monsterinsights_sitenote_category":0,"footnotes":""},"class_list":["post-614","page","type-page","status-publish"],"yoast_head":"<!-- This site is optimized with the Yoast SEO plugin v25.2 - https:\/\/yoast.com\/wordpress\/plugins\/seo\/ -->\n<title>Logiciel cr\u00e9ation newsletter | Essai gratuit<\/title>\n<meta name=\"robots\" content=\"index, follow, max-snippet:-1, max-image-preview:large, max-video-preview:-1\" \/>\n<link rel=\"canonical\" href=\"https:\/\/www.newslettercreator.com\/fr\/essayer-gratuitement\/\" \/>\n<meta property=\"og:locale\" content=\"fr_FR\" \/>\n<meta property=\"og:type\" content=\"article\" \/>\n<meta property=\"og:title\" content=\"Logiciel cr\u00e9ation newsletter | Essai gratuit\" \/>\n<meta property=\"og:description\" content=\"Pour permettre \u00e0 tous nos utilisateurs de d\u00e9couvrir les meilleures fonctionnalit\u00e9s de notre logiciel, nous avons cr\u00e9\u00e9 une version demo gratuite de MailStyler. La version demo gratuite a les m\u00eames outils que la version Pro, sauf la fonction d&rsquo;exportation: vous pouvez cr\u00e9er des newsletters gratuitement en quelques clics et acc\u00e9der \u00e0 notre biblioth\u00e8que d\u2019images de [&hellip;]\" \/>\n<meta property=\"og:url\" content=\"https:\/\/www.newslettercreator.com\/fr\/essayer-gratuitement\/\" \/>\n<meta property=\"og:site_name\" content=\"Newsletter Creator\" \/>\n<meta property=\"article:modified_time\" content=\"2022-02-25T13:34:40+00:00\" \/>\n<meta property=\"og:image\" content=\"http:\/\/www.newslettercreator.com\/wp-content\/uploads\/2015\/09\/ms2-download-eng.png\" \/>\n<meta name=\"twitter:label1\" content=\"Dur\u00e9e de lecture estim\u00e9e\" \/>\n\t<meta name=\"twitter:data1\" content=\"2 minutes\" \/>\n<script type=\"application\/ld+json\" class=\"yoast-schema-graph\">{\"@context\":\"https:\/\/schema.org\",\"@graph\":[{\"@type\":\"WebPage\",\"@id\":\"https:\/\/www.newslettercreator.com\/fr\/essayer-gratuitement\/\",\"url\":\"https:\/\/www.newslettercreator.com\/fr\/essayer-gratuitement\/\",\"name\":\"Logiciel cr\u00e9ation newsletter | Essai gratuit\",\"isPartOf\":{\"@id\":\"https:\/\/www.newslettercreator.com\/#website\"},\"primaryImageOfPage\":{\"@id\":\"https:\/\/www.newslettercreator.com\/fr\/essayer-gratuitement\/#primaryimage\"},\"image\":{\"@id\":\"https:\/\/www.newslettercreator.com\/fr\/essayer-gratuitement\/#primaryimage\"},\"thumbnailUrl\":\"http:\/\/www.newslettercreator.com\/wp-content\/uploads\/2015\/09\/ms2-download-eng.png\",\"datePublished\":\"2014-06-04T12:45:58+00:00\",\"dateModified\":\"2022-02-25T13:34:40+00:00\",\"breadcrumb\":{\"@id\":\"https:\/\/www.newslettercreator.com\/fr\/essayer-gratuitement\/#breadcrumb\"},\"inLanguage\":\"fr-FR\",\"potentialAction\":[{\"@type\":\"ReadAction\",\"target\":[\"https:\/\/www.newslettercreator.com\/fr\/essayer-gratuitement\/\"]}]},{\"@type\":\"ImageObject\",\"inLanguage\":\"fr-FR\",\"@id\":\"https:\/\/www.newslettercreator.com\/fr\/essayer-gratuitement\/#primaryimage\",\"url\":\"http:\/\/www.newslettercreator.com\/wp-content\/uploads\/2015\/09\/ms2-download-eng.png\",\"contentUrl\":\"http:\/\/www.newslettercreator.com\/wp-content\/uploads\/2015\/09\/ms2-download-eng.png\"},{\"@type\":\"BreadcrumbList\",\"@id\":\"https:\/\/www.newslettercreator.com\/fr\/essayer-gratuitement\/#breadcrumb\",\"itemListElement\":[{\"@type\":\"ListItem\",\"position\":1,\"name\":\"Home\",\"item\":\"https:\/\/www.newslettercreator.com\/fr\/\"},{\"@type\":\"ListItem\",\"position\":2,\"name\":\"Essayer gratuitement\"}]},{\"@type\":\"WebSite\",\"@id\":\"https:\/\/www.newslettercreator.com\/#website\",\"url\":\"https:\/\/www.newslettercreator.com\/\",\"name\":\"Newsletter Creator\",\"description\":\"Pay off\",\"potentialAction\":[{\"@type\":\"SearchAction\",\"target\":{\"@type\":\"EntryPoint\",\"urlTemplate\":\"https:\/\/www.newslettercreator.com\/?s={search_term_string}\"},\"query-input\":{\"@type\":\"PropertyValueSpecification\",\"valueRequired\":true,\"valueName\":\"search_term_string\"}}],\"inLanguage\":\"fr-FR\"}]}<\/script>\n<!-- \/ Yoast SEO plugin. -->","yoast_head_json":{"title":"Logiciel cr\u00e9ation newsletter | Essai gratuit","robots":{"index":"index","follow":"follow","max-snippet":"max-snippet:-1","max-image-preview":"max-image-preview:large","max-video-preview":"max-video-preview:-1"},"canonical":"https:\/\/www.newslettercreator.com\/fr\/essayer-gratuitement\/","og_locale":"fr_FR","og_type":"article","og_title":"Logiciel cr\u00e9ation newsletter | Essai gratuit","og_description":"Pour permettre \u00e0 tous nos utilisateurs de d\u00e9couvrir les meilleures fonctionnalit\u00e9s de notre logiciel, nous avons cr\u00e9\u00e9 une version demo gratuite de MailStyler. La version demo gratuite a les m\u00eames outils que la version Pro, sauf la fonction d&rsquo;exportation: vous pouvez cr\u00e9er des newsletters gratuitement en quelques clics et acc\u00e9der \u00e0 notre biblioth\u00e8que d\u2019images de [&hellip;]","og_url":"https:\/\/www.newslettercreator.com\/fr\/essayer-gratuitement\/","og_site_name":"Newsletter Creator","article_modified_time":"2022-02-25T13:34:40+00:00","og_image":[{"url":"http:\/\/www.newslettercreator.com\/wp-content\/uploads\/2015\/09\/ms2-download-eng.png","type":"","width":"","height":""}],"twitter_misc":{"Dur\u00e9e de lecture estim\u00e9e":"2 minutes"},"schema":{"@context":"https:\/\/schema.org","@graph":[{"@type":"WebPage","@id":"https:\/\/www.newslettercreator.com\/fr\/essayer-gratuitement\/","url":"https:\/\/www.newslettercreator.com\/fr\/essayer-gratuitement\/","name":"Logiciel cr\u00e9ation newsletter | Essai gratuit","isPartOf":{"@id":"https:\/\/www.newslettercreator.com\/#website"},"primaryImageOfPage":{"@id":"https:\/\/www.newslettercreator.com\/fr\/essayer-gratuitement\/#primaryimage"},"image":{"@id":"https:\/\/www.newslettercreator.com\/fr\/essayer-gratuitement\/#primaryimage"},"thumbnailUrl":"http:\/\/www.newslettercreator.com\/wp-content\/uploads\/2015\/09\/ms2-download-eng.png","datePublished":"2014-06-04T12:45:58+00:00","dateModified":"2022-02-25T13:34:40+00:00","breadcrumb":{"@id":"https:\/\/www.newslettercreator.com\/fr\/essayer-gratuitement\/#breadcrumb"},"inLanguage":"fr-FR","potentialAction":[{"@type":"ReadAction","target":["https:\/\/www.newslettercreator.com\/fr\/essayer-gratuitement\/"]}]},{"@type":"ImageObject","inLanguage":"fr-FR","@id":"https:\/\/www.newslettercreator.com\/fr\/essayer-gratuitement\/#primaryimage","url":"http:\/\/www.newslettercreator.com\/wp-content\/uploads\/2015\/09\/ms2-download-eng.png","contentUrl":"http:\/\/www.newslettercreator.com\/wp-content\/uploads\/2015\/09\/ms2-download-eng.png"},{"@type":"BreadcrumbList","@id":"https:\/\/www.newslettercreator.com\/fr\/essayer-gratuitement\/#breadcrumb","itemListElement":[{"@type":"ListItem","position":1,"name":"Home","item":"https:\/\/www.newslettercreator.com\/fr\/"},{"@type":"ListItem","position":2,"name":"Essayer gratuitement"}]},{"@type":"WebSite","@id":"https:\/\/www.newslettercreator.com\/#website","url":"https:\/\/www.newslettercreator.com\/","name":"Newsletter Creator","description":"Pay off","potentialAction":[{"@type":"SearchAction","target":{"@type":"EntryPoint","urlTemplate":"https:\/\/www.newslettercreator.com\/?s={search_term_string}"},"query-input":{"@type":"PropertyValueSpecification","valueRequired":true,"valueName":"search_term_string"}}],"inLanguage":"fr-FR"}]}},"_links":{"self":[{"href":"https:\/\/www.newslettercreator.com\/fr\/wp-json\/wp\/v2\/pages\/614","targetHints":{"allow":["GET"]}}],"collection":[{"href":"https:\/\/www.newslettercreator.com\/fr\/wp-json\/wp\/v2\/pages"}],"about":[{"href":"https:\/\/www.newslettercreator.com\/fr\/wp-json\/wp\/v2\/types\/page"}],"author":[{"embeddable":true,"href":"https:\/\/www.newslettercreator.com\/fr\/wp-json\/wp\/v2\/users\/1"}],"replies":[{"embeddable":true,"href":"https:\/\/www.newslettercreator.com\/fr\/wp-json\/wp\/v2\/comments?post=614"}],"version-history":[{"count":19,"href":"https:\/\/www.newslettercreator.com\/fr\/wp-json\/wp\/v2\/pages\/614\/revisions"}],"predecessor-version":[{"id":11575,"href":"https:\/\/www.newslettercreator.com\/fr\/wp-json\/wp\/v2\/pages\/614\/revisions\/11575"}],"wp:attachment":[{"href":"https:\/\/www.newslettercreator.com\/fr\/wp-json\/wp\/v2\/media?parent=614"}],"curies":[{"name":"wp","href":"https:\/\/api.w.org\/{rel}","templated":true}]}}