{"id":618,"date":"2014-06-04T12:47:59","date_gmt":"2014-06-04T12:47:59","guid":{"rendered":"http:\/\/www.newslettercreator.com\/?page_id=618"},"modified":"2015-01-13T09:38:15","modified_gmt":"2015-01-13T09:38:15","slug":"design-email-html","status":"publish","type":"page","link":"https:\/\/www.newslettercreator.com\/fr\/design-email-html\/","title":{"rendered":"Design email HTML"},"content":{"rendered":"<p>Construire un <strong>mod\u00e8le d&#8217;email HTML<\/strong> \u00e0 partir de z\u00e9ro est incroyablement simple, avec l&rsquo;aide de MailStyler &#8211; et ne n\u00e9cessite pas de savoir coder.<br \/>\nCela dit, il est toujours pr\u00e9f\u00e9rable de <strong>suivre les principes de base<\/strong> de la conception d&rsquo;une newsletter, afin de lancer une communication encore plus belle et efficace.<br \/>\nAinsi, dans cette section, vous trouverez tout ce que vous devez savoir sur la fa\u00e7on de <strong>concevoir une newsletter HTML parfaite<\/strong>: conseils sur la meilleure mise en page, sur comment cr\u00e9er une signature \u00e9lectronique, comment modifier un mod\u00e8le d&#8217;email, des \u00e9chantillons gratuits de formats \u00e0 la newsletter et bien plus encore.<\/p>\n<ul class=\"g1-grid\"><li class=\"g1-column g1-one-third g1-valign-top\"><br \/>\n<div id=\"g1-box-counter-1\" class=\"g1-box g1-box--solid  g1-box--icon\" ><i class=\"fa fa-file-text g1-box__icon\"><\/i><div class=\"g1-box__inner\">\n<h3><a title=\"Cr\u00e9ation email template\" href=\"\/fr\/creation-email-template\/\">Cr\u00e9ation email template<\/a><\/h3>\n<p>Qu&rsquo;est-ce qu&rsquo;un template pour email et comment commencer \u00e0 le composer en quelques minutes: l&rsquo;art de la newsletter, explique\u00e9e.<br \/>&nbsp;<br \/>\n<span class=\"more\"><a title=\"Cr\u00e9ation email template\" href=\"\/fr\/creation-email-template\/\">en savoir plus<\/a><\/span><br \/>\n<\/div><\/div><br \/>\n<\/li><!-- -->\n<li class=\"g1-column g1-one-third g1-valign-top\"><br \/>\n<div id=\"g1-box-counter-2\" class=\"g1-box g1-box--solid  g1-box--icon\" ><i class=\"fa fa-tint g1-box__icon\"><\/i><div class=\"g1-box__inner\">\n<h3><a title=\"Email design\" href=\"\/fr\/email-design\/\">Email design<\/a><\/h3>\n<p>Tous les conseils les plus r\u00e9cents et les plus int\u00e9ressants sur le design des emails, pour donner \u00e0 votre newsletter un look innovant et efficace.<br \/>\n<span class=\"more\"><a title=\"Email design\" href=\"\/fr\/email-design\/\">en savoir plus<\/a><\/span><br \/>\n<\/div><\/div><br \/>\n<\/li><!-- -->\n<li class=\"g1-column g1-one-third g1-valign-top\"><br \/>\n<div id=\"g1-box-counter-3\" class=\"g1-box g1-box--solid  g1-box--icon\" ><i class=\"fa fa-th-large g1-box__icon\"><\/i><div class=\"g1-box__inner\">\n<h3><a title=\"Examples de newsletter\" href=\"\/fr\/examples-newsletters\/\">Examples de newsletter<\/a><\/h3>\n<p>Avez-vous besoin d&rsquo;inspiration pour commencer \u00e0 construire votre propre mod\u00e8le d&#8217;email? Vous pouvez jeter un oeil \u00e0 nos exemples de newsletter.<br \/>&nbsp;<br \/>\n<span class=\"more\"><a title=\"Examples de newsletter\" href=\"\/fr\/examples-newsletters\/\">en savoir plus<\/a><\/span><br \/>\n<\/div><\/div><br \/>\n<\/li><!-- --><\/ul>\n<ul class=\"g1-grid\"><li class=\"g1-column g1-one-third g1-valign-top\"><br \/>\n<div id=\"g1-box-counter-4\" class=\"g1-box g1-box--solid  g1-box--icon\" ><i class=\"fa fa-pencil-square-o g1-box__icon\"><\/i><div class=\"g1-box__inner\">\n<h3><a title=\"La cr\u00e9ation de la newsletter\" href=\"\/fr\/creation-newsletter\/\">La cr\u00e9ation de la newsletter<\/a><\/h3>\n<p>L&rsquo;art de l&#8217;email marketing a besoin d&rsquo;un flux constant de bonnes id\u00e9es pour produire des r\u00e9sultats de qualit\u00e9, quand il s&rsquo;agit de cr\u00e9er une newsletter. Ici vous en trouverez.<br \/>\n<span class=\"more\"><a title=\"La cr\u00e9ation de la newsletter\" href=\"\/fr\/creation-newsletter\/\">en savoir plus<\/a><\/span><br \/>\n<\/div><\/div><br \/>\n<\/li><!-- -->\n<li class=\"g1-column g1-one-third g1-valign-top\"><br \/>\n<div id=\"g1-box-counter-5\" class=\"g1-box g1-box--solid  g1-box--icon\" ><i class=\"fa fa-code g1-box__icon\"><\/i><div class=\"g1-box__inner\">\n<h3><a title=\"Templates email en HTML\" href=\"\/fr\/email-templates-hmtl\/\">Templates email en HTML<\/a><\/h3>\n<p>Avec MailStyler il est extr\u00eamement facile de produire un email HTML compatible et efficace, et sans m\u00eame \u00e9crire une seule ligne de code.<br \/>&nbsp;<br \/>\n<span class=\"more\"><a title=\"Templates email en HTML\" href=\"\/fr\/email-templates-hmtl\/\">en savoir plus<\/a><\/span><br \/>\n<\/div><\/div><br \/>\n<\/li><!-- -->\n<li class=\"g1-column g1-one-third g1-valign-top\"><br \/>\n<div id=\"g1-box-counter-6\" class=\"g1-box g1-box--solid  g1-box--icon\" ><i class=\"fa fa-laptop g1-box__icon\"><\/i><div class=\"g1-box__inner\">\n<h3><a title=\"Templates pour clients de messagerie\" href=\"\/fr\/templates-email-clients-messagerie\/\">Templates pour clients de messagerie<\/a><\/h3>\n<p>Comment construire des mod\u00e8les parfaitement compatible avec tous les clients de messagerie, comme Outlook ou Thunderbird.<br \/>&nbsp;<br \/>\n<span class=\"more\"><a title=\"Templates pour clients de messagerie\" href=\"\/fr\/templates-email-clients-messagerie\/\">en savoir plus<\/a><\/span><br \/>\n<\/div><\/div><br \/>\n<\/li><!-- --><\/ul>\n<ul class=\"g1-grid\"><li class=\"g1-column g1-one-third g1-valign-top\"><br \/>\n<div id=\"g1-box-counter-7\" class=\"g1-box g1-box--solid  g1-box--icon\" ><i class=\"fa fa-cloud-upload g1-box__icon\"><\/i><div class=\"g1-box__inner\">\n<h3><a title=\"Templates pour plate-forms d'email marketing\" href=\"\/fr\/templates-plateformes-email-marketing\/\">Templates pour plate-forms d&#8217;email marketing<\/a><\/h3>\n<p>Tout ce que vous devez savoir pour construire une mise en page de newsletter efficace et utilisable avec tous les services de marketing par courriel.<br \/>\n<span class=\"more\"><a title=\"Templates pour plate-forms d'email marketing\" href=\"\/fr\/templates-plateformes-email-marketing\/\">en savoir plus<\/a><\/span><br \/>\n<\/div><\/div><br \/>\n<\/li><!-- -->\n","protected":false},"excerpt":{"rendered":"<p>Construire un mod\u00e8le d&#8217;email HTML \u00e0 partir de z\u00e9ro est incroyablement simple, avec l&rsquo;aide de MailStyler &#8211; et ne n\u00e9cessite pas de savoir coder. Cela dit, il est toujours pr\u00e9f\u00e9rable de suivre les principes de base de la conception d&rsquo;une newsletter, afin de lancer une communication encore plus belle et efficace. Ainsi, dans cette section, [&hellip;]<\/p>\n","protected":false},"author":1,"featured_media":0,"parent":0,"menu_order":0,"comment_status":"closed","ping_status":"closed","template":"","meta":{"inline_featured_image":false,"_monsterinsights_skip_tracking":false,"_monsterinsights_sitenote_active":false,"_monsterinsights_sitenote_note":"","_monsterinsights_sitenote_category":0,"footnotes":""},"class_list":["post-618","page","type-page","status-publish"],"yoast_head":"<!-- This site is optimized with the Yoast SEO plugin v25.2 - https:\/\/yoast.com\/wordpress\/plugins\/seo\/ -->\n<title>Design email HTML - Newsletter Creator<\/title>\n<meta name=\"description\" content=\"Construire le design d&#039;un mod\u00e8le d&#039;email HTML \u00e0 partir de z\u00e9ro est incroyablement simple, avec l&#039;aide de MailStyler: voici comment faire.\" \/>\n<meta name=\"robots\" content=\"index, follow, max-snippet:-1, max-image-preview:large, max-video-preview:-1\" \/>\n<link rel=\"canonical\" href=\"https:\/\/www.newslettercreator.com\/fr\/design-email-html\/\" \/>\n<meta property=\"og:locale\" content=\"fr_FR\" \/>\n<meta property=\"og:type\" content=\"article\" \/>\n<meta property=\"og:title\" content=\"Design email HTML - Newsletter Creator\" \/>\n<meta property=\"og:description\" content=\"Construire le design d&#039;un mod\u00e8le d&#039;email HTML \u00e0 partir de z\u00e9ro est incroyablement simple, avec l&#039;aide de MailStyler: voici comment faire.\" \/>\n<meta property=\"og:url\" content=\"https:\/\/www.newslettercreator.com\/fr\/design-email-html\/\" \/>\n<meta property=\"og:site_name\" content=\"Newsletter Creator\" \/>\n<meta property=\"article:modified_time\" content=\"2015-01-13T09:38:15+00:00\" \/>\n<meta name=\"twitter:label1\" content=\"Dur\u00e9e de lecture estim\u00e9e\" \/>\n\t<meta name=\"twitter:data1\" content=\"2 minutes\" \/>\n<script type=\"application\/ld+json\" class=\"yoast-schema-graph\">{\"@context\":\"https:\/\/schema.org\",\"@graph\":[{\"@type\":\"WebPage\",\"@id\":\"https:\/\/www.newslettercreator.com\/fr\/design-email-html\/\",\"url\":\"https:\/\/www.newslettercreator.com\/fr\/design-email-html\/\",\"name\":\"Design email HTML - Newsletter Creator\",\"isPartOf\":{\"@id\":\"https:\/\/www.newslettercreator.com\/#website\"},\"datePublished\":\"2014-06-04T12:47:59+00:00\",\"dateModified\":\"2015-01-13T09:38:15+00:00\",\"description\":\"Construire le design d'un mod\u00e8le d'email HTML \u00e0 partir de z\u00e9ro est incroyablement simple, avec l'aide de MailStyler: voici comment faire.\",\"breadcrumb\":{\"@id\":\"https:\/\/www.newslettercreator.com\/fr\/design-email-html\/#breadcrumb\"},\"inLanguage\":\"fr-FR\",\"potentialAction\":[{\"@type\":\"ReadAction\",\"target\":[\"https:\/\/www.newslettercreator.com\/fr\/design-email-html\/\"]}]},{\"@type\":\"BreadcrumbList\",\"@id\":\"https:\/\/www.newslettercreator.com\/fr\/design-email-html\/#breadcrumb\",\"itemListElement\":[{\"@type\":\"ListItem\",\"position\":1,\"name\":\"Home\",\"item\":\"https:\/\/www.newslettercreator.com\/fr\/\"},{\"@type\":\"ListItem\",\"position\":2,\"name\":\"Design email HTML\"}]},{\"@type\":\"WebSite\",\"@id\":\"https:\/\/www.newslettercreator.com\/#website\",\"url\":\"https:\/\/www.newslettercreator.com\/\",\"name\":\"Newsletter Creator\",\"description\":\"Pay off\",\"potentialAction\":[{\"@type\":\"SearchAction\",\"target\":{\"@type\":\"EntryPoint\",\"urlTemplate\":\"https:\/\/www.newslettercreator.com\/?s={search_term_string}\"},\"query-input\":{\"@type\":\"PropertyValueSpecification\",\"valueRequired\":true,\"valueName\":\"search_term_string\"}}],\"inLanguage\":\"fr-FR\"}]}<\/script>\n<!-- \/ Yoast SEO plugin. -->","yoast_head_json":{"title":"Design email HTML - Newsletter Creator","description":"Construire le design d'un mod\u00e8le d'email HTML \u00e0 partir de z\u00e9ro est incroyablement simple, avec l'aide de MailStyler: voici comment faire.","robots":{"index":"index","follow":"follow","max-snippet":"max-snippet:-1","max-image-preview":"max-image-preview:large","max-video-preview":"max-video-preview:-1"},"canonical":"https:\/\/www.newslettercreator.com\/fr\/design-email-html\/","og_locale":"fr_FR","og_type":"article","og_title":"Design email HTML - Newsletter Creator","og_description":"Construire le design d'un mod\u00e8le d'email HTML \u00e0 partir de z\u00e9ro est incroyablement simple, avec l'aide de MailStyler: voici comment faire.","og_url":"https:\/\/www.newslettercreator.com\/fr\/design-email-html\/","og_site_name":"Newsletter Creator","article_modified_time":"2015-01-13T09:38:15+00:00","twitter_misc":{"Dur\u00e9e de lecture estim\u00e9e":"2 minutes"},"schema":{"@context":"https:\/\/schema.org","@graph":[{"@type":"WebPage","@id":"https:\/\/www.newslettercreator.com\/fr\/design-email-html\/","url":"https:\/\/www.newslettercreator.com\/fr\/design-email-html\/","name":"Design email HTML - Newsletter Creator","isPartOf":{"@id":"https:\/\/www.newslettercreator.com\/#website"},"datePublished":"2014-06-04T12:47:59+00:00","dateModified":"2015-01-13T09:38:15+00:00","description":"Construire le design d'un mod\u00e8le d'email HTML \u00e0 partir de z\u00e9ro est incroyablement simple, avec l'aide de MailStyler: voici comment faire.","breadcrumb":{"@id":"https:\/\/www.newslettercreator.com\/fr\/design-email-html\/#breadcrumb"},"inLanguage":"fr-FR","potentialAction":[{"@type":"ReadAction","target":["https:\/\/www.newslettercreator.com\/fr\/design-email-html\/"]}]},{"@type":"BreadcrumbList","@id":"https:\/\/www.newslettercreator.com\/fr\/design-email-html\/#breadcrumb","itemListElement":[{"@type":"ListItem","position":1,"name":"Home","item":"https:\/\/www.newslettercreator.com\/fr\/"},{"@type":"ListItem","position":2,"name":"Design email HTML"}]},{"@type":"WebSite","@id":"https:\/\/www.newslettercreator.com\/#website","url":"https:\/\/www.newslettercreator.com\/","name":"Newsletter Creator","description":"Pay off","potentialAction":[{"@type":"SearchAction","target":{"@type":"EntryPoint","urlTemplate":"https:\/\/www.newslettercreator.com\/?s={search_term_string}"},"query-input":{"@type":"PropertyValueSpecification","valueRequired":true,"valueName":"search_term_string"}}],"inLanguage":"fr-FR"}]}},"_links":{"self":[{"href":"https:\/\/www.newslettercreator.com\/fr\/wp-json\/wp\/v2\/pages\/618","targetHints":{"allow":["GET"]}}],"collection":[{"href":"https:\/\/www.newslettercreator.com\/fr\/wp-json\/wp\/v2\/pages"}],"about":[{"href":"https:\/\/www.newslettercreator.com\/fr\/wp-json\/wp\/v2\/types\/page"}],"author":[{"embeddable":true,"href":"https:\/\/www.newslettercreator.com\/fr\/wp-json\/wp\/v2\/users\/1"}],"replies":[{"embeddable":true,"href":"https:\/\/www.newslettercreator.com\/fr\/wp-json\/wp\/v2\/comments?post=618"}],"version-history":[{"count":12,"href":"https:\/\/www.newslettercreator.com\/fr\/wp-json\/wp\/v2\/pages\/618\/revisions"}],"predecessor-version":[{"id":2875,"href":"https:\/\/www.newslettercreator.com\/fr\/wp-json\/wp\/v2\/pages\/618\/revisions\/2875"}],"wp:attachment":[{"href":"https:\/\/www.newslettercreator.com\/fr\/wp-json\/wp\/v2\/media?parent=618"}],"curies":[{"name":"wp","href":"https:\/\/api.w.org\/{rel}","templated":true}]}}