{"id":6728,"date":"2018-03-26T08:19:57","date_gmt":"2018-03-26T08:19:57","guid":{"rendered":"http:\/\/www.newslettercreator.com\/?page_id=6728\/"},"modified":"2022-12-14T09:55:58","modified_gmt":"2022-12-14T08:55:58","slug":"renouvellement-abonnement","status":"publish","type":"page","link":"https:\/\/www.newslettercreator.com\/fr\/renouvellement-abonnement\/","title":{"rendered":"Renouvellement d&rsquo;abonnement \u00e0 MailStyler"},"content":{"rendered":"<ul class=\"g1-grid\"><li class=\"g1-column g1-one-half g1-valign-top\">\n<div id=\"upgrade-form\" class=\"form-row\">\n<div class=\"g1-message g1-message--error \" id=\"upgError\" style=\"display: none\">\n<div class=\"g1-inner\">Praesent sed mauris turpis, at molestie enim<\/div>\n<\/div>\n<p><strong>Email<\/strong>:<br \/>\n<input id=\"upg_email\" style=\"width: 100%;\" name=\"email\" type=\"text\" value=\"\" placeholder=\"email\"><\/p>\n<p><strong>Num\u00e9ro<\/strong> de licence:<br \/>\n<input id=\"upg_licence\" style=\"width: 100%;\" name=\"licence\" type=\"text\" value=\"\" placeholder=\"num\u00e9ro de licence\" \/><br \/>\n<small>format: xxxx-xxxx-xxxx-xxxx<\/small><\/p>\n<p><input id=\"upg_action\" name=\"action\" type=\"hidden\" value=\"MSRENEW\"><input id=\"upgrade_submit_v2\" class=\"button large orange\" type=\"submit\" value=\"RENOUVELER MAINTENANT\"><\/div>\n<\/li><!-- -->\n<li class=\"g1-column g1-one-half g1-valign-top\">Renouvelez votre abonnement \u00e0 MailStyler ! Pour seulement <strong>$59<!-- USD --> (version Basique)<\/strong>, <strong>$99<!-- USD --> (version Pro)<\/strong> ou <strong>$199<!-- USD --> (version Server)<\/strong> vous recevrez tous les <strong>mises \u00e0 jour logicielles<\/strong> ainsi qu&rsquo;un service d&rsquo;<strong>assistance Premium<\/strong> pendant 12 mois.<\/p>\n<p>M\u00eame apr\u00e8s expiration de votre abonnement annuel, MailStyler continuera de fonctionner sans restriction aucune. Vous ne pourrez cependant pas acc\u00e9der au service d&rsquo;assistance Premium ou aux nouveaux outils rendus disponibles dans chaque nouvelle mise \u00e0 jour.<\/li><!-- --><\/ul>\n<div>\n\r\n<script type='text\/javascript'>\r\nvar upg_lang = \"fr\";\r\nvar upg_error = new Array(\r\n   \"Veuillez remplir les deux champs\",\r\n   \"Veuillez fournir une adresse email valide.\",\r\n   \"Veuillez v\u00e9rifier le format du code de licence.\",\r\n   \"Aucune licence n'a \u00e9t\u00e9 trouv\u00e9e, v\u00e9rifiez-la \u00e0 nouveau.\",\r\n   \"La licence saisie n'est pas am\u00e9liorable.\",\r\n   \"Le code de licence est associ\u00e9 \u00e0 une autre adresse email.\",\r\n   \"La licence a d\u00e9j\u00e0 \u00e9t\u00e9 mise \u00e0 niveau. Veuillez contacter notre <a href=\\\"http:\/\/support.newslettercreator.com\/?&lang=fr\\\">support technique<\/a>  pour plus d'informations.\",\r\n   \"Votre abonnement se terminera [DATE].<br>Vous pouvez renouveler votre abonnement dans les 30 jours qui pr\u00e9c\u00e8dent la date d'expiration.\",\r\n   \"Nous avons d\u00e9tect\u00e9 une erreur concernant votre abonnement.<br>Veuillez contacter notre <a href=\\\"http:\/\/support.newslettercreator.com\/?&lang=fr\\\">service de support technique<\/a> pour plus d'informations.\"\r\n);\r\n<\/script>\r\n\n<\/div>\n","protected":false},"excerpt":{"rendered":"","protected":false},"author":1,"featured_media":0,"parent":0,"menu_order":0,"comment_status":"closed","ping_status":"closed","template":"","meta":{"inline_featured_image":false,"_monsterinsights_skip_tracking":false,"_monsterinsights_sitenote_active":false,"_monsterinsights_sitenote_note":"","_monsterinsights_sitenote_category":0,"footnotes":""},"class_list":["post-6728","page","type-page","status-publish"],"yoast_head":"<!-- This site is optimized with the Yoast SEO plugin v25.2 - https:\/\/yoast.com\/wordpress\/plugins\/seo\/ -->\n<title>Renouvellement d&#039;abonnement \u00e0 MailStyler - Newsletter Creator<\/title>\n<meta name=\"robots\" content=\"index, follow, max-snippet:-1, max-image-preview:large, max-video-preview:-1\" \/>\n<link rel=\"canonical\" href=\"https:\/\/www.newslettercreator.com\/fr\/renouvellement-abonnement\/\" \/>\n<meta property=\"og:locale\" content=\"fr_FR\" \/>\n<meta property=\"og:type\" content=\"article\" \/>\n<meta property=\"og:title\" content=\"Renouvellement d&#039;abonnement \u00e0 MailStyler - Newsletter Creator\" \/>\n<meta property=\"og:url\" content=\"https:\/\/www.newslettercreator.com\/fr\/renouvellement-abonnement\/\" \/>\n<meta property=\"og:site_name\" content=\"Newsletter Creator\" \/>\n<meta property=\"article:modified_time\" content=\"2022-12-14T08:55:58+00:00\" \/>\n<meta name=\"twitter:label1\" content=\"Dur\u00e9e de lecture estim\u00e9e\" \/>\n\t<meta name=\"twitter:data1\" content=\"2 minutes\" \/>\n<script type=\"application\/ld+json\" class=\"yoast-schema-graph\">{\"@context\":\"https:\/\/schema.org\",\"@graph\":[{\"@type\":\"WebPage\",\"@id\":\"https:\/\/www.newslettercreator.com\/fr\/renouvellement-abonnement\/\",\"url\":\"https:\/\/www.newslettercreator.com\/fr\/renouvellement-abonnement\/\",\"name\":\"Renouvellement d'abonnement \u00e0 MailStyler - Newsletter Creator\",\"isPartOf\":{\"@id\":\"https:\/\/www.newslettercreator.com\/#website\"},\"datePublished\":\"2018-03-26T08:19:57+00:00\",\"dateModified\":\"2022-12-14T08:55:58+00:00\",\"breadcrumb\":{\"@id\":\"https:\/\/www.newslettercreator.com\/fr\/renouvellement-abonnement\/#breadcrumb\"},\"inLanguage\":\"fr-FR\",\"potentialAction\":[{\"@type\":\"ReadAction\",\"target\":[\"https:\/\/www.newslettercreator.com\/fr\/renouvellement-abonnement\/\"]}]},{\"@type\":\"BreadcrumbList\",\"@id\":\"https:\/\/www.newslettercreator.com\/fr\/renouvellement-abonnement\/#breadcrumb\",\"itemListElement\":[{\"@type\":\"ListItem\",\"position\":1,\"name\":\"Home\",\"item\":\"https:\/\/www.newslettercreator.com\/fr\/\"},{\"@type\":\"ListItem\",\"position\":2,\"name\":\"Renouvellement d&rsquo;abonnement \u00e0 MailStyler\"}]},{\"@type\":\"WebSite\",\"@id\":\"https:\/\/www.newslettercreator.com\/#website\",\"url\":\"https:\/\/www.newslettercreator.com\/\",\"name\":\"Newsletter Creator\",\"description\":\"Pay off\",\"potentialAction\":[{\"@type\":\"SearchAction\",\"target\":{\"@type\":\"EntryPoint\",\"urlTemplate\":\"https:\/\/www.newslettercreator.com\/?s={search_term_string}\"},\"query-input\":{\"@type\":\"PropertyValueSpecification\",\"valueRequired\":true,\"valueName\":\"search_term_string\"}}],\"inLanguage\":\"fr-FR\"}]}<\/script>\n<!-- \/ Yoast SEO plugin. -->","yoast_head_json":{"title":"Renouvellement d'abonnement \u00e0 MailStyler - Newsletter Creator","robots":{"index":"index","follow":"follow","max-snippet":"max-snippet:-1","max-image-preview":"max-image-preview:large","max-video-preview":"max-video-preview:-1"},"canonical":"https:\/\/www.newslettercreator.com\/fr\/renouvellement-abonnement\/","og_locale":"fr_FR","og_type":"article","og_title":"Renouvellement d'abonnement \u00e0 MailStyler - Newsletter Creator","og_url":"https:\/\/www.newslettercreator.com\/fr\/renouvellement-abonnement\/","og_site_name":"Newsletter Creator","article_modified_time":"2022-12-14T08:55:58+00:00","twitter_misc":{"Dur\u00e9e de lecture estim\u00e9e":"2 minutes"},"schema":{"@context":"https:\/\/schema.org","@graph":[{"@type":"WebPage","@id":"https:\/\/www.newslettercreator.com\/fr\/renouvellement-abonnement\/","url":"https:\/\/www.newslettercreator.com\/fr\/renouvellement-abonnement\/","name":"Renouvellement d'abonnement \u00e0 MailStyler - Newsletter Creator","isPartOf":{"@id":"https:\/\/www.newslettercreator.com\/#website"},"datePublished":"2018-03-26T08:19:57+00:00","dateModified":"2022-12-14T08:55:58+00:00","breadcrumb":{"@id":"https:\/\/www.newslettercreator.com\/fr\/renouvellement-abonnement\/#breadcrumb"},"inLanguage":"fr-FR","potentialAction":[{"@type":"ReadAction","target":["https:\/\/www.newslettercreator.com\/fr\/renouvellement-abonnement\/"]}]},{"@type":"BreadcrumbList","@id":"https:\/\/www.newslettercreator.com\/fr\/renouvellement-abonnement\/#breadcrumb","itemListElement":[{"@type":"ListItem","position":1,"name":"Home","item":"https:\/\/www.newslettercreator.com\/fr\/"},{"@type":"ListItem","position":2,"name":"Renouvellement d&rsquo;abonnement \u00e0 MailStyler"}]},{"@type":"WebSite","@id":"https:\/\/www.newslettercreator.com\/#website","url":"https:\/\/www.newslettercreator.com\/","name":"Newsletter Creator","description":"Pay off","potentialAction":[{"@type":"SearchAction","target":{"@type":"EntryPoint","urlTemplate":"https:\/\/www.newslettercreator.com\/?s={search_term_string}"},"query-input":{"@type":"PropertyValueSpecification","valueRequired":true,"valueName":"search_term_string"}}],"inLanguage":"fr-FR"}]}},"_links":{"self":[{"href":"https:\/\/www.newslettercreator.com\/fr\/wp-json\/wp\/v2\/pages\/6728","targetHints":{"allow":["GET"]}}],"collection":[{"href":"https:\/\/www.newslettercreator.com\/fr\/wp-json\/wp\/v2\/pages"}],"about":[{"href":"https:\/\/www.newslettercreator.com\/fr\/wp-json\/wp\/v2\/types\/page"}],"author":[{"embeddable":true,"href":"https:\/\/www.newslettercreator.com\/fr\/wp-json\/wp\/v2\/users\/1"}],"replies":[{"embeddable":true,"href":"https:\/\/www.newslettercreator.com\/fr\/wp-json\/wp\/v2\/comments?post=6728"}],"version-history":[{"count":7,"href":"https:\/\/www.newslettercreator.com\/fr\/wp-json\/wp\/v2\/pages\/6728\/revisions"}],"predecessor-version":[{"id":11802,"href":"https:\/\/www.newslettercreator.com\/fr\/wp-json\/wp\/v2\/pages\/6728\/revisions\/11802"}],"wp:attachment":[{"href":"https:\/\/www.newslettercreator.com\/fr\/wp-json\/wp\/v2\/media?parent=6728"}],"curies":[{"name":"wp","href":"https:\/\/api.w.org\/{rel}","templated":true}]}}