{"id":696,"date":"2014-06-16T08:06:42","date_gmt":"2014-06-16T08:06:42","guid":{"rendered":"http:\/\/www.newslettercreator.com\/?page_id=696"},"modified":"2022-03-04T11:29:27","modified_gmt":"2022-03-04T10:29:27","slug":"bibliotheque-images-de-base","status":"publish","type":"page","link":"https:\/\/www.newslettercreator.com\/fr\/bibliotheque-images-de-base\/","title":{"rendered":"Biblioth\u00e8que d\u2019images de base"},"content":{"rendered":"<p><img decoding=\"async\" class=\"alignnone size-full wp-image-387\" src=\"http:\/\/www.newslettercreator.com\/wp-content\/uploads\/2014\/04\/library-base.jpg\" alt=\"Biblioth\u00e8que d\u2019images de base\" width=\"649\" height=\"423\" srcset=\"https:\/\/www.newslettercreator.com\/wp-content\/uploads\/2014\/04\/library-base.jpg 649w, https:\/\/www.newslettercreator.com\/wp-content\/uploads\/2014\/04\/library-base-300x195.jpg 300w\" sizes=\"(max-width: 649px) 100vw, 649px\" \/><\/p>\n<p>la version <strong>Demo <\/strong>et la version <strong>Basic <\/strong>vous permettent d&rsquo;<strong>acc\u00e9der uniquement \u00e0 la biblioth\u00e8que MailStyler<\/strong> et d&rsquo;utiliser jusqu&rsquo;\u00e0 <strong>trois images pour chaque cat\u00e9gorie sans filigrane<\/strong> (pour un total de plus de 200), et tous les autres avec une filigrane de notre logo. Toutes les photos sont dans une r\u00e9solution de 800&#215;600.<\/p>\n<h2>Vous en voulez plus?<\/h2>\n<p>Avoir un vaste choix de <strong>photos et images professionnelles<\/strong> et pr\u00eates \u00e0 l&#8217;emploi est essentiel pour construire une newsletter efficace. C&rsquo;est pourquoi <strong>MailStyler Pro<\/strong> est livr\u00e9 avec une <strong>biblioth\u00e8que d&rsquo;image avanc\u00e9e<\/strong>.<\/p>\n<ul>\n<li><strong>plus de 3,5 millions<\/strong> d&rsquo;images de haute qualit\u00e9;<\/li>\n<li>biblioth\u00e8que MailStyler (2.000+ d&rsquo;images);<\/li>\n<li>biblioth\u00e8que <img decoding=\"async\" src=\"https:\/\/www.newslettercreator.com\/wp-content\/uploads\/2022\/03\/unsplash-18x79-1.svg\" width=\"79\" height=\"18\" style=\"margin-bottom: -3px; opacity: 0.8;\"> (1 million d&rsquo;images);<\/li>\n<li>biblioth\u00e8que <img decoding=\"async\" src=\"https:\/\/www.newslettercreator.com\/wp-content\/uploads\/2022\/03\/pixabay-18x93-1.svg\" width=\"93\" height=\"18\" style=\"margin-bottom: -3px;\"> (2.5 million d&rsquo;images).<\/li>\n<\/ul>\n<p>Aucun autre logiciel propose une base de donn\u00e9es graphique aussi vaste.<\/p>\n<p>La biblioth\u00e8que est organis\u00e9e dans <strong>57 cat\u00e9gories<\/strong> &#8211; de l&rsquo;art aux voitures, de l&rsquo;\u00e9lectronique \u00e0 la mode, des jeux au sport, etc. &#8211; plus une collection d&rsquo;ic\u00f4nes de m\u00e9dias sociaux et un <strong>moteur de recherche<\/strong>. De cette fa\u00e7on, il sera plus facile de trouver les images id\u00e9ales pour votre secteur d&rsquo;activit\u00e9, avec l&rsquo;assurance d&rsquo;<strong>utiliser toujours des mat\u00e9riaux haut de gamme<\/strong>.<\/p>\n<p>Si vous voulez acc\u00e9der \u00e0 la biblioth\u00e8que compl\u00e8te de <strong>3,5 millions d&rsquo;images<\/strong> en haute r\u00e9solution et sans filigrane, vous pouvez acheter la <strong>version Pro<\/strong> et obtenir la <a href=\"https:\/\/www.newslettercreator.com\/fr\/bibliotheque-image-avancee\/\" title=\"Biblioth\u00e8que d\u2019image avanc\u00e9e\">biblioth\u00e8que compl\u00e8te et avanc\u00e9e<\/a>.<\/p>\n","protected":false},"excerpt":{"rendered":"<p>la version Demo et la version Basic vous permettent d&rsquo;acc\u00e9der uniquement \u00e0 la biblioth\u00e8que MailStyler et d&rsquo;utiliser jusqu&rsquo;\u00e0 trois images pour chaque cat\u00e9gorie sans filigrane (pour un total de plus de 200), et tous les autres avec une filigrane de notre logo. Toutes les photos sont dans une r\u00e9solution de 800&#215;600. Vous en voulez plus? [&hellip;]<\/p>\n","protected":false},"author":1,"featured_media":0,"parent":0,"menu_order":0,"comment_status":"closed","ping_status":"closed","template":"g1_template_page_sidebar_right.php","meta":{"inline_featured_image":false,"_monsterinsights_skip_tracking":false,"_monsterinsights_sitenote_active":false,"_monsterinsights_sitenote_note":"","_monsterinsights_sitenote_category":0,"footnotes":""},"class_list":["post-696","page","type-page","status-publish"],"yoast_head":"<!-- This site is optimized with the Yoast SEO plugin v25.2 - https:\/\/yoast.com\/wordpress\/plugins\/seo\/ -->\n<title>Biblioth\u00e8que d\u2019images de base - Newsletter Creator<\/title>\n<meta name=\"description\" content=\"Avoir un vaste choix de photos et images professionnelles et pr\u00eates \u00e0 l&#039;emploi est essentiel pour construire une newsletter efficace.\" \/>\n<meta name=\"robots\" content=\"index, follow, max-snippet:-1, max-image-preview:large, max-video-preview:-1\" \/>\n<link rel=\"canonical\" href=\"https:\/\/www.newslettercreator.com\/fr\/bibliotheque-images-de-base\/\" \/>\n<meta property=\"og:locale\" content=\"fr_FR\" \/>\n<meta property=\"og:type\" content=\"article\" \/>\n<meta property=\"og:title\" content=\"Biblioth\u00e8que d\u2019images de base - Newsletter Creator\" \/>\n<meta property=\"og:description\" content=\"Avoir un vaste choix de photos et images professionnelles et pr\u00eates \u00e0 l&#039;emploi est essentiel pour construire une newsletter efficace.\" \/>\n<meta property=\"og:url\" content=\"https:\/\/www.newslettercreator.com\/fr\/bibliotheque-images-de-base\/\" \/>\n<meta property=\"og:site_name\" content=\"Newsletter Creator\" \/>\n<meta property=\"article:modified_time\" content=\"2022-03-04T10:29:27+00:00\" \/>\n<meta property=\"og:image\" content=\"http:\/\/www.newslettercreator.com\/wp-content\/uploads\/2014\/04\/library-base.jpg\" \/>\n<meta name=\"twitter:label1\" content=\"Dur\u00e9e de lecture estim\u00e9e\" \/>\n\t<meta name=\"twitter:data1\" content=\"1 minute\" \/>\n<script type=\"application\/ld+json\" class=\"yoast-schema-graph\">{\"@context\":\"https:\/\/schema.org\",\"@graph\":[{\"@type\":\"WebPage\",\"@id\":\"https:\/\/www.newslettercreator.com\/fr\/bibliotheque-images-de-base\/\",\"url\":\"https:\/\/www.newslettercreator.com\/fr\/bibliotheque-images-de-base\/\",\"name\":\"Biblioth\u00e8que d\u2019images de base - Newsletter Creator\",\"isPartOf\":{\"@id\":\"https:\/\/www.newslettercreator.com\/#website\"},\"primaryImageOfPage\":{\"@id\":\"https:\/\/www.newslettercreator.com\/fr\/bibliotheque-images-de-base\/#primaryimage\"},\"image\":{\"@id\":\"https:\/\/www.newslettercreator.com\/fr\/bibliotheque-images-de-base\/#primaryimage\"},\"thumbnailUrl\":\"http:\/\/www.newslettercreator.com\/wp-content\/uploads\/2014\/04\/library-base.jpg\",\"datePublished\":\"2014-06-16T08:06:42+00:00\",\"dateModified\":\"2022-03-04T10:29:27+00:00\",\"description\":\"Avoir un vaste choix de photos et images professionnelles et pr\u00eates \u00e0 l'emploi est essentiel pour construire une newsletter efficace.\",\"breadcrumb\":{\"@id\":\"https:\/\/www.newslettercreator.com\/fr\/bibliotheque-images-de-base\/#breadcrumb\"},\"inLanguage\":\"fr-FR\",\"potentialAction\":[{\"@type\":\"ReadAction\",\"target\":[\"https:\/\/www.newslettercreator.com\/fr\/bibliotheque-images-de-base\/\"]}]},{\"@type\":\"ImageObject\",\"inLanguage\":\"fr-FR\",\"@id\":\"https:\/\/www.newslettercreator.com\/fr\/bibliotheque-images-de-base\/#primaryimage\",\"url\":\"http:\/\/www.newslettercreator.com\/wp-content\/uploads\/2014\/04\/library-base.jpg\",\"contentUrl\":\"http:\/\/www.newslettercreator.com\/wp-content\/uploads\/2014\/04\/library-base.jpg\"},{\"@type\":\"BreadcrumbList\",\"@id\":\"https:\/\/www.newslettercreator.com\/fr\/bibliotheque-images-de-base\/#breadcrumb\",\"itemListElement\":[{\"@type\":\"ListItem\",\"position\":1,\"name\":\"Home\",\"item\":\"https:\/\/www.newslettercreator.com\/fr\/\"},{\"@type\":\"ListItem\",\"position\":2,\"name\":\"Biblioth\u00e8que d\u2019images de base\"}]},{\"@type\":\"WebSite\",\"@id\":\"https:\/\/www.newslettercreator.com\/#website\",\"url\":\"https:\/\/www.newslettercreator.com\/\",\"name\":\"Newsletter Creator\",\"description\":\"Pay off\",\"potentialAction\":[{\"@type\":\"SearchAction\",\"target\":{\"@type\":\"EntryPoint\",\"urlTemplate\":\"https:\/\/www.newslettercreator.com\/?s={search_term_string}\"},\"query-input\":{\"@type\":\"PropertyValueSpecification\",\"valueRequired\":true,\"valueName\":\"search_term_string\"}}],\"inLanguage\":\"fr-FR\"}]}<\/script>\n<!-- \/ Yoast SEO plugin. -->","yoast_head_json":{"title":"Biblioth\u00e8que d\u2019images de base - Newsletter Creator","description":"Avoir un vaste choix de photos et images professionnelles et pr\u00eates \u00e0 l'emploi est essentiel pour construire une newsletter efficace.","robots":{"index":"index","follow":"follow","max-snippet":"max-snippet:-1","max-image-preview":"max-image-preview:large","max-video-preview":"max-video-preview:-1"},"canonical":"https:\/\/www.newslettercreator.com\/fr\/bibliotheque-images-de-base\/","og_locale":"fr_FR","og_type":"article","og_title":"Biblioth\u00e8que d\u2019images de base - Newsletter Creator","og_description":"Avoir un vaste choix de photos et images professionnelles et pr\u00eates \u00e0 l'emploi est essentiel pour construire une newsletter efficace.","og_url":"https:\/\/www.newslettercreator.com\/fr\/bibliotheque-images-de-base\/","og_site_name":"Newsletter Creator","article_modified_time":"2022-03-04T10:29:27+00:00","og_image":[{"url":"http:\/\/www.newslettercreator.com\/wp-content\/uploads\/2014\/04\/library-base.jpg","type":"","width":"","height":""}],"twitter_misc":{"Dur\u00e9e de lecture estim\u00e9e":"1 minute"},"schema":{"@context":"https:\/\/schema.org","@graph":[{"@type":"WebPage","@id":"https:\/\/www.newslettercreator.com\/fr\/bibliotheque-images-de-base\/","url":"https:\/\/www.newslettercreator.com\/fr\/bibliotheque-images-de-base\/","name":"Biblioth\u00e8que d\u2019images de base - Newsletter Creator","isPartOf":{"@id":"https:\/\/www.newslettercreator.com\/#website"},"primaryImageOfPage":{"@id":"https:\/\/www.newslettercreator.com\/fr\/bibliotheque-images-de-base\/#primaryimage"},"image":{"@id":"https:\/\/www.newslettercreator.com\/fr\/bibliotheque-images-de-base\/#primaryimage"},"thumbnailUrl":"http:\/\/www.newslettercreator.com\/wp-content\/uploads\/2014\/04\/library-base.jpg","datePublished":"2014-06-16T08:06:42+00:00","dateModified":"2022-03-04T10:29:27+00:00","description":"Avoir un vaste choix de photos et images professionnelles et pr\u00eates \u00e0 l'emploi est essentiel pour construire une newsletter efficace.","breadcrumb":{"@id":"https:\/\/www.newslettercreator.com\/fr\/bibliotheque-images-de-base\/#breadcrumb"},"inLanguage":"fr-FR","potentialAction":[{"@type":"ReadAction","target":["https:\/\/www.newslettercreator.com\/fr\/bibliotheque-images-de-base\/"]}]},{"@type":"ImageObject","inLanguage":"fr-FR","@id":"https:\/\/www.newslettercreator.com\/fr\/bibliotheque-images-de-base\/#primaryimage","url":"http:\/\/www.newslettercreator.com\/wp-content\/uploads\/2014\/04\/library-base.jpg","contentUrl":"http:\/\/www.newslettercreator.com\/wp-content\/uploads\/2014\/04\/library-base.jpg"},{"@type":"BreadcrumbList","@id":"https:\/\/www.newslettercreator.com\/fr\/bibliotheque-images-de-base\/#breadcrumb","itemListElement":[{"@type":"ListItem","position":1,"name":"Home","item":"https:\/\/www.newslettercreator.com\/fr\/"},{"@type":"ListItem","position":2,"name":"Biblioth\u00e8que d\u2019images de base"}]},{"@type":"WebSite","@id":"https:\/\/www.newslettercreator.com\/#website","url":"https:\/\/www.newslettercreator.com\/","name":"Newsletter Creator","description":"Pay off","potentialAction":[{"@type":"SearchAction","target":{"@type":"EntryPoint","urlTemplate":"https:\/\/www.newslettercreator.com\/?s={search_term_string}"},"query-input":{"@type":"PropertyValueSpecification","valueRequired":true,"valueName":"search_term_string"}}],"inLanguage":"fr-FR"}]}},"_links":{"self":[{"href":"https:\/\/www.newslettercreator.com\/fr\/wp-json\/wp\/v2\/pages\/696","targetHints":{"allow":["GET"]}}],"collection":[{"href":"https:\/\/www.newslettercreator.com\/fr\/wp-json\/wp\/v2\/pages"}],"about":[{"href":"https:\/\/www.newslettercreator.com\/fr\/wp-json\/wp\/v2\/types\/page"}],"author":[{"embeddable":true,"href":"https:\/\/www.newslettercreator.com\/fr\/wp-json\/wp\/v2\/users\/1"}],"replies":[{"embeddable":true,"href":"https:\/\/www.newslettercreator.com\/fr\/wp-json\/wp\/v2\/comments?post=696"}],"version-history":[{"count":5,"href":"https:\/\/www.newslettercreator.com\/fr\/wp-json\/wp\/v2\/pages\/696\/revisions"}],"predecessor-version":[{"id":11776,"href":"https:\/\/www.newslettercreator.com\/fr\/wp-json\/wp\/v2\/pages\/696\/revisions\/11776"}],"wp:attachment":[{"href":"https:\/\/www.newslettercreator.com\/fr\/wp-json\/wp\/v2\/media?parent=696"}],"curies":[{"name":"wp","href":"https:\/\/api.w.org\/{rel}","templated":true}]}}