{"id":698,"date":"2014-06-16T08:08:55","date_gmt":"2014-06-16T08:08:55","guid":{"rendered":"http:\/\/www.newslettercreator.com\/?page_id=698"},"modified":"2022-03-03T15:07:43","modified_gmt":"2022-03-03T14:07:43","slug":"bibliotheque-image-avancee","status":"publish","type":"page","link":"https:\/\/www.newslettercreator.com\/fr\/bibliotheque-image-avancee\/","title":{"rendered":"Biblioth\u00e8que d&rsquo;image avanc\u00e9e"},"content":{"rendered":"<p><img decoding=\"async\" class=\"alignnone size-full wp-image-387\" src=\"http:\/\/www.newslettercreator.com\/wp-content\/uploads\/2014\/04\/library-adv.jpg\" alt=\"Biblioth\u00e8que d'image avanc\u00e9e\" width=\"649\" height=\"423\" \/><\/p>\n<p>Avoir un vaste choix de <strong>photos et images professionnelles<\/strong> et pr\u00eates \u00e0 l&#8217;emploi est essentiel pour construire une newsletter efficace. C&rsquo;est pourquoi MailStyler est livr\u00e9 avec une <strong>biblioth\u00e8que d&rsquo;image avanc\u00e9e<\/strong>.<\/p>\n<ul>\n<li><strong>plus de 3,5 millions<\/strong> d&rsquo;images de haute qualit\u00e9;<\/li>\n<li>biblioth\u00e8que MailStyler (2.000+ d&rsquo;images);<\/li>\n<li>biblioth\u00e8que <img decoding=\"async\" src=\"https:\/\/www.newslettercreator.com\/wp-content\/uploads\/2022\/03\/unsplash-18x79-1.svg\" width=\"79\" height=\"18\" style=\"margin-bottom: -3px; opacity: 0.8;\"> (1 million d&rsquo;images);<\/li>\n<li>biblioth\u00e8que <img decoding=\"async\" src=\"https:\/\/www.newslettercreator.com\/wp-content\/uploads\/2022\/03\/pixabay-18x93-1.svg\" width=\"93\" height=\"18\" style=\"margin-bottom: -3px;\"> (2.5 million d&rsquo;images).<\/li>\n<\/ul>\n<p>Aucun autre logiciel propose une base de donn\u00e9es graphique aussi vaste.<\/p>\n<p>La biblioth\u00e8que est organis\u00e9e dans <strong>57 cat\u00e9gories<\/strong> &#8211; de l&rsquo;art aux voitures, de l&rsquo;\u00e9lectronique \u00e0 la mode, des jeux au sport, etc. &#8211; plus une collection d&rsquo;ic\u00f4nes de m\u00e9dias sociaux et un <strong>moteur de recherche<\/strong>. De cette fa\u00e7on, il sera plus facile de trouver les images id\u00e9ales pour votre secteur d&rsquo;activit\u00e9, avec l&rsquo;assurance d&rsquo;<strong>utiliser toujours des mat\u00e9riaux haut de gamme<\/strong>.<\/p>\n","protected":false},"excerpt":{"rendered":"<p>Avoir un vaste choix de photos et images professionnelles et pr\u00eates \u00e0 l&#8217;emploi est essentiel pour construire une newsletter efficace. C&rsquo;est pourquoi MailStyler est livr\u00e9 avec une biblioth\u00e8que d&rsquo;image avanc\u00e9e. plus de 3,5 millions d&rsquo;images de haute qualit\u00e9; biblioth\u00e8que MailStyler (2.000+ d&rsquo;images); biblioth\u00e8que (1 million d&rsquo;images); biblioth\u00e8que (2.5 million d&rsquo;images). Aucun autre logiciel propose une [&hellip;]<\/p>\n","protected":false},"author":1,"featured_media":0,"parent":0,"menu_order":0,"comment_status":"closed","ping_status":"closed","template":"g1_template_page_sidebar_right.php","meta":{"inline_featured_image":false,"_monsterinsights_skip_tracking":false,"_monsterinsights_sitenote_active":false,"_monsterinsights_sitenote_note":"","_monsterinsights_sitenote_category":0,"footnotes":""},"class_list":["post-698","page","type-page","status-publish"],"yoast_head":"<!-- This site is optimized with the Yoast SEO plugin v25.2 - https:\/\/yoast.com\/wordpress\/plugins\/seo\/ -->\n<title>Biblioth\u00e8que d&#039;image avanc\u00e9e - Newsletter Creator<\/title>\n<meta name=\"description\" content=\"MailStyler est livr\u00e9 avec une biblioth\u00e8que de plus de 2000 images originales de haute qualit\u00e9.\" \/>\n<meta name=\"robots\" content=\"index, follow, max-snippet:-1, max-image-preview:large, max-video-preview:-1\" \/>\n<link rel=\"canonical\" href=\"https:\/\/www.newslettercreator.com\/fr\/bibliotheque-image-avancee\/\" \/>\n<meta property=\"og:locale\" content=\"fr_FR\" \/>\n<meta property=\"og:type\" content=\"article\" \/>\n<meta property=\"og:title\" content=\"Biblioth\u00e8que d&#039;image avanc\u00e9e - Newsletter Creator\" \/>\n<meta property=\"og:description\" content=\"MailStyler est livr\u00e9 avec une biblioth\u00e8que de plus de 2000 images originales de haute qualit\u00e9.\" \/>\n<meta property=\"og:url\" content=\"https:\/\/www.newslettercreator.com\/fr\/bibliotheque-image-avancee\/\" \/>\n<meta property=\"og:site_name\" content=\"Newsletter Creator\" \/>\n<meta property=\"article:modified_time\" content=\"2022-03-03T14:07:43+00:00\" \/>\n<meta property=\"og:image\" content=\"http:\/\/www.newslettercreator.com\/wp-content\/uploads\/2014\/04\/library-adv.jpg\" \/>\n<meta name=\"twitter:label1\" content=\"Dur\u00e9e de lecture estim\u00e9e\" \/>\n\t<meta name=\"twitter:data1\" content=\"1 minute\" \/>\n<script type=\"application\/ld+json\" class=\"yoast-schema-graph\">{\"@context\":\"https:\/\/schema.org\",\"@graph\":[{\"@type\":\"WebPage\",\"@id\":\"https:\/\/www.newslettercreator.com\/fr\/bibliotheque-image-avancee\/\",\"url\":\"https:\/\/www.newslettercreator.com\/fr\/bibliotheque-image-avancee\/\",\"name\":\"Biblioth\u00e8que d'image avanc\u00e9e - Newsletter Creator\",\"isPartOf\":{\"@id\":\"https:\/\/www.newslettercreator.com\/#website\"},\"primaryImageOfPage\":{\"@id\":\"https:\/\/www.newslettercreator.com\/fr\/bibliotheque-image-avancee\/#primaryimage\"},\"image\":{\"@id\":\"https:\/\/www.newslettercreator.com\/fr\/bibliotheque-image-avancee\/#primaryimage\"},\"thumbnailUrl\":\"http:\/\/www.newslettercreator.com\/wp-content\/uploads\/2014\/04\/library-adv.jpg\",\"datePublished\":\"2014-06-16T08:08:55+00:00\",\"dateModified\":\"2022-03-03T14:07:43+00:00\",\"description\":\"MailStyler est livr\u00e9 avec une biblioth\u00e8que de plus de 2000 images originales de haute qualit\u00e9.\",\"breadcrumb\":{\"@id\":\"https:\/\/www.newslettercreator.com\/fr\/bibliotheque-image-avancee\/#breadcrumb\"},\"inLanguage\":\"fr-FR\",\"potentialAction\":[{\"@type\":\"ReadAction\",\"target\":[\"https:\/\/www.newslettercreator.com\/fr\/bibliotheque-image-avancee\/\"]}]},{\"@type\":\"ImageObject\",\"inLanguage\":\"fr-FR\",\"@id\":\"https:\/\/www.newslettercreator.com\/fr\/bibliotheque-image-avancee\/#primaryimage\",\"url\":\"http:\/\/www.newslettercreator.com\/wp-content\/uploads\/2014\/04\/library-adv.jpg\",\"contentUrl\":\"http:\/\/www.newslettercreator.com\/wp-content\/uploads\/2014\/04\/library-adv.jpg\"},{\"@type\":\"BreadcrumbList\",\"@id\":\"https:\/\/www.newslettercreator.com\/fr\/bibliotheque-image-avancee\/#breadcrumb\",\"itemListElement\":[{\"@type\":\"ListItem\",\"position\":1,\"name\":\"Home\",\"item\":\"https:\/\/www.newslettercreator.com\/fr\/\"},{\"@type\":\"ListItem\",\"position\":2,\"name\":\"Biblioth\u00e8que d&rsquo;image avanc\u00e9e\"}]},{\"@type\":\"WebSite\",\"@id\":\"https:\/\/www.newslettercreator.com\/#website\",\"url\":\"https:\/\/www.newslettercreator.com\/\",\"name\":\"Newsletter Creator\",\"description\":\"Pay off\",\"potentialAction\":[{\"@type\":\"SearchAction\",\"target\":{\"@type\":\"EntryPoint\",\"urlTemplate\":\"https:\/\/www.newslettercreator.com\/?s={search_term_string}\"},\"query-input\":{\"@type\":\"PropertyValueSpecification\",\"valueRequired\":true,\"valueName\":\"search_term_string\"}}],\"inLanguage\":\"fr-FR\"}]}<\/script>\n<!-- \/ Yoast SEO plugin. -->","yoast_head_json":{"title":"Biblioth\u00e8que d'image avanc\u00e9e - Newsletter Creator","description":"MailStyler est livr\u00e9 avec une biblioth\u00e8que de plus de 2000 images originales de haute qualit\u00e9.","robots":{"index":"index","follow":"follow","max-snippet":"max-snippet:-1","max-image-preview":"max-image-preview:large","max-video-preview":"max-video-preview:-1"},"canonical":"https:\/\/www.newslettercreator.com\/fr\/bibliotheque-image-avancee\/","og_locale":"fr_FR","og_type":"article","og_title":"Biblioth\u00e8que d'image avanc\u00e9e - Newsletter Creator","og_description":"MailStyler est livr\u00e9 avec une biblioth\u00e8que de plus de 2000 images originales de haute qualit\u00e9.","og_url":"https:\/\/www.newslettercreator.com\/fr\/bibliotheque-image-avancee\/","og_site_name":"Newsletter Creator","article_modified_time":"2022-03-03T14:07:43+00:00","og_image":[{"url":"http:\/\/www.newslettercreator.com\/wp-content\/uploads\/2014\/04\/library-adv.jpg","type":"","width":"","height":""}],"twitter_misc":{"Dur\u00e9e de lecture estim\u00e9e":"1 minute"},"schema":{"@context":"https:\/\/schema.org","@graph":[{"@type":"WebPage","@id":"https:\/\/www.newslettercreator.com\/fr\/bibliotheque-image-avancee\/","url":"https:\/\/www.newslettercreator.com\/fr\/bibliotheque-image-avancee\/","name":"Biblioth\u00e8que d'image avanc\u00e9e - Newsletter Creator","isPartOf":{"@id":"https:\/\/www.newslettercreator.com\/#website"},"primaryImageOfPage":{"@id":"https:\/\/www.newslettercreator.com\/fr\/bibliotheque-image-avancee\/#primaryimage"},"image":{"@id":"https:\/\/www.newslettercreator.com\/fr\/bibliotheque-image-avancee\/#primaryimage"},"thumbnailUrl":"http:\/\/www.newslettercreator.com\/wp-content\/uploads\/2014\/04\/library-adv.jpg","datePublished":"2014-06-16T08:08:55+00:00","dateModified":"2022-03-03T14:07:43+00:00","description":"MailStyler est livr\u00e9 avec une biblioth\u00e8que de plus de 2000 images originales de haute qualit\u00e9.","breadcrumb":{"@id":"https:\/\/www.newslettercreator.com\/fr\/bibliotheque-image-avancee\/#breadcrumb"},"inLanguage":"fr-FR","potentialAction":[{"@type":"ReadAction","target":["https:\/\/www.newslettercreator.com\/fr\/bibliotheque-image-avancee\/"]}]},{"@type":"ImageObject","inLanguage":"fr-FR","@id":"https:\/\/www.newslettercreator.com\/fr\/bibliotheque-image-avancee\/#primaryimage","url":"http:\/\/www.newslettercreator.com\/wp-content\/uploads\/2014\/04\/library-adv.jpg","contentUrl":"http:\/\/www.newslettercreator.com\/wp-content\/uploads\/2014\/04\/library-adv.jpg"},{"@type":"BreadcrumbList","@id":"https:\/\/www.newslettercreator.com\/fr\/bibliotheque-image-avancee\/#breadcrumb","itemListElement":[{"@type":"ListItem","position":1,"name":"Home","item":"https:\/\/www.newslettercreator.com\/fr\/"},{"@type":"ListItem","position":2,"name":"Biblioth\u00e8que d&rsquo;image avanc\u00e9e"}]},{"@type":"WebSite","@id":"https:\/\/www.newslettercreator.com\/#website","url":"https:\/\/www.newslettercreator.com\/","name":"Newsletter Creator","description":"Pay off","potentialAction":[{"@type":"SearchAction","target":{"@type":"EntryPoint","urlTemplate":"https:\/\/www.newslettercreator.com\/?s={search_term_string}"},"query-input":{"@type":"PropertyValueSpecification","valueRequired":true,"valueName":"search_term_string"}}],"inLanguage":"fr-FR"}]}},"_links":{"self":[{"href":"https:\/\/www.newslettercreator.com\/fr\/wp-json\/wp\/v2\/pages\/698","targetHints":{"allow":["GET"]}}],"collection":[{"href":"https:\/\/www.newslettercreator.com\/fr\/wp-json\/wp\/v2\/pages"}],"about":[{"href":"https:\/\/www.newslettercreator.com\/fr\/wp-json\/wp\/v2\/types\/page"}],"author":[{"embeddable":true,"href":"https:\/\/www.newslettercreator.com\/fr\/wp-json\/wp\/v2\/users\/1"}],"replies":[{"embeddable":true,"href":"https:\/\/www.newslettercreator.com\/fr\/wp-json\/wp\/v2\/comments?post=698"}],"version-history":[{"count":6,"href":"https:\/\/www.newslettercreator.com\/fr\/wp-json\/wp\/v2\/pages\/698\/revisions"}],"predecessor-version":[{"id":11731,"href":"https:\/\/www.newslettercreator.com\/fr\/wp-json\/wp\/v2\/pages\/698\/revisions\/11731"}],"wp:attachment":[{"href":"https:\/\/www.newslettercreator.com\/fr\/wp-json\/wp\/v2\/media?parent=698"}],"curies":[{"name":"wp","href":"https:\/\/api.w.org\/{rel}","templated":true}]}}