{"id":702,"date":"2014-06-16T08:23:10","date_gmt":"2014-06-16T08:23:10","guid":{"rendered":"http:\/\/www.newslettercreator.com\/?page_id=702"},"modified":"2014-06-16T08:39:48","modified_gmt":"2014-06-16T08:39:48","slug":"plan-du-site","status":"publish","type":"page","link":"https:\/\/www.newslettercreator.com\/fr\/plan-du-site\/","title":{"rendered":"Plan du site"},"content":{"rendered":"<p>Ici vous pouvez trouver le plan du site:<\/p>\n<ul><li><a href=\"https:\/\/www.newslettercreator.com\/fr\/\">MailStyler | Logiciel de cr\u00e9ation de newsletter<\/a><\/li>\n<li><a href=\"https:\/\/www.newslettercreator.com\/fr\/pourquoi-choisir-mailstyler\/\">Pourquoi choisir MailStyler<\/a><\/li>\n<li><a href=\"https:\/\/www.newslettercreator.com\/fr\/fonctionnalites\/\">Fonctionnalit\u00e9s<\/a><\/li>\n<li><a href=\"https:\/\/www.newslettercreator.com\/fr\/essayer-gratuitement\/\">Essayer gratuitement<\/a><\/li>\n<li><a href=\"https:\/\/www.newslettercreator.com\/fr\/prix\/\">Prix<\/a><\/li>\n<li><a href=\"https:\/\/www.newslettercreator.com\/fr\/design-email-html\/\">Design email HTML<\/a><\/li>\n<li><a href=\"https:\/\/www.newslettercreator.com\/fr\/faq-questions\/\">FAQ<\/a><\/li>\n<li><a href=\"https:\/\/www.newslettercreator.com\/fr\/bibliotheque-images-de-base\/\">Biblioth\u00e8que d\u2019images de base<\/a><\/li>\n<li><a href=\"https:\/\/www.newslettercreator.com\/fr\/bibliotheque-image-avancee\/\">Biblioth\u00e8que d&rsquo;image avanc\u00e9e<\/a><\/li>\n<li><a href=\"https:\/\/www.newslettercreator.com\/fr\/plan-du-site\/\">Plan du site<\/a><\/li>\n<li><a href=\"https:\/\/www.newslettercreator.com\/fr\/termes-de-privacy\/\">Termes de privacy<\/a><\/li>\n<li><a href=\"https:\/\/www.newslettercreator.com\/fr\/notre-societe\/\">Notre soci\u00e9t\u00e9<\/a><\/li>\n<li><a href=\"https:\/\/www.newslettercreator.com\/fr\/accord-de-licence\/\">Accord de licence MailStyler<\/a><\/li>\n<li><a href=\"https:\/\/www.newslettercreator.com\/fr\/clients\/\">Clients<\/a><\/li>\n<li><a href=\"https:\/\/www.newslettercreator.com\/fr\/comment-desinstaller\/\">Comment d\u00e9sinstaller MailStyler<\/a><\/li>\n<li><a href=\"https:\/\/www.newslettercreator.com\/fr\/creation-email-template\/\">Cr\u00e9ation email template<\/a><\/li>\n<li><a href=\"https:\/\/www.newslettercreator.com\/fr\/template-gratuit-newsletter\/\">Comment obtenir un template gratuit de newsletter<\/a><\/li>\n<li><a href=\"https:\/\/www.newslettercreator.com\/fr\/creer-template-newsletter-word\/\">Cr\u00e9er un template de newsletter avec Microsoft Word?<\/a><\/li>\n<li><a href=\"https:\/\/www.newslettercreator.com\/fr\/creer-template-newsletter-publisher\/\">Cr\u00e9er un template de newsletter avec Publisher?<\/a><\/li>\n<li><a href=\"https:\/\/www.newslettercreator.com\/fr\/layout-email-pratiques\/\">Layout email: les meilleures pratiques<\/a><\/li>\n<li><a href=\"https:\/\/www.newslettercreator.com\/fr\/creer-template-newsletter\/\">Comment cr\u00e9er un template pour newsletter<\/a><\/li>\n<li><a href=\"https:\/\/www.newslettercreator.com\/fr\/email-design\/\">Email design<\/a><\/li>\n<li><a href=\"https:\/\/www.newslettercreator.com\/fr\/creer-modele-newsletter\/\">Comment cr\u00e9er un mod\u00e8le de newsletter<\/a><\/li>\n<li><a href=\"https:\/\/www.newslettercreator.com\/fr\/creer-mise-en-page-newsletter\/\">Comment cr\u00e9er la mise en page d&rsquo;une newsletter<\/a><\/li>\n<li><a href=\"https:\/\/www.newslettercreator.com\/fr\/creer-newsletter-html\/\">Cr\u00e9er une newsletter HTML<\/a><\/li>\n<li><a href=\"https:\/\/www.newslettercreator.com\/fr\/creer-signature-email\/\">Comment cr\u00e9er la signature d&rsquo;un email<\/a><\/li>\n<li><a href=\"https:\/\/www.newslettercreator.com\/fr\/modifier-modele-email\/\">Comment modifier un mod\u00e8le d&#8217;email<\/a><\/li>\n<li><a href=\"https:\/\/www.newslettercreator.com\/fr\/editeur-newsletter\/\">\u00c9diteur de newsletter<\/a><\/li>\n<li><a href=\"https:\/\/www.newslettercreator.com\/fr\/design-newsletter\/\">Le design d&rsquo;une newsletter<\/a><\/li>\n<li><a href=\"https:\/\/www.newslettercreator.com\/fr\/examples-newsletters\/\">Examples de newsletters<\/a><\/li>\n<li><a href=\"https:\/\/www.newslettercreator.com\/fr\/example-modeles-newsletter\/\">Example de mod\u00e8les de newsletter<\/a><\/li>\n<li><a href=\"https:\/\/www.newslettercreator.com\/fr\/mise-en-page-newsletter\/\">La mise en page de la newsletter<\/a><\/li>\n<li><a href=\"https:\/\/www.newslettercreator.com\/fr\/examples-de-newsletter\/\">Quelques examples de newsletter<\/a><\/li>\n<li><a href=\"https:\/\/www.newslettercreator.com\/fr\/creer-newsletter\/\">Comment cr\u00e9er une newsletter<\/a><\/li>\n<li><a href=\"https:\/\/www.newslettercreator.com\/fr\/creer-template-email\/\">Comment cr\u00e9er un template d&#8217;email<\/a><\/li>\n<li><a href=\"https:\/\/www.newslettercreator.com\/fr\/creer-newsletter-word\/\">Cr\u00e9er une newsletter avec Microsoft Word: \u00e7a marche?<\/a><\/li>\n<li><a href=\"https:\/\/www.newslettercreator.com\/fr\/faire-newsletter\/\">Comment faire une newsletter efficace<\/a><\/li>\n<li><a href=\"https:\/\/www.newslettercreator.com\/fr\/realiser-newsletter\/\">Comment r\u00e9aliser une bonne newsletter<\/a><\/li>\n<li><a href=\"https:\/\/www.newslettercreator.com\/fr\/logiciel-creation-newsletter\/\">Pourquoi choisir un logiciel de cr\u00e9ation de newsletter<\/a><\/li>\n<li><a href=\"https:\/\/www.newslettercreator.com\/fr\/format-newsletter\/\">Le format de la newsletter<\/a><\/li>\n<li><a href=\"https:\/\/www.newslettercreator.com\/fr\/creation-newsletter\/\">La cr\u00e9ation de la newsletter<\/a><\/li>\n<li><a href=\"https:\/\/www.newslettercreator.com\/fr\/email-templates-hmtl\/\">Templates email en HTML<\/a><\/li>\n<li><a href=\"https:\/\/www.newslettercreator.com\/fr\/template-email-html\/\">Qu&rsquo;est-ce qu&rsquo;un template email HTML<\/a><\/li>\n<li><a href=\"https:\/\/www.newslettercreator.com\/fr\/comment-creer-newsletter-html\/\">Comment cr\u00e9er une newsletter en HTML<\/a><\/li>\n<li><a href=\"https:\/\/www.newslettercreator.com\/fr\/email-en-hmtl\/\">Email en HTML: comment faire<\/a><\/li>\n<li><a href=\"https:\/\/www.newslettercreator.com\/fr\/creer-un-email-html\/\">Comment faire pour cr\u00e9er un email en HTML<\/a><\/li>\n<li><a href=\"https:\/\/www.newslettercreator.com\/fr\/templates-email-clients-messagerie\/\">Templates pour clients de messagerie<\/a><\/li>\n<li><a href=\"https:\/\/www.newslettercreator.com\/fr\/creer-template-email-outlook\/\">Comment cr\u00e9er un template email pour Outlook<\/a><\/li>\n<li><a href=\"https:\/\/www.newslettercreator.com\/fr\/creer-template-email-thunderbird\/\">Comment cr\u00e9er un template email pour Thunderbird<\/a><\/li>\n<li><a href=\"https:\/\/www.newslettercreator.com\/fr\/templates-plateformes-email-marketing\/\">Templates pour plate-forms d&#8217;email marketing<\/a><\/li>\n<li><a href=\"https:\/\/www.newslettercreator.com\/fr\/creer-template-email-mailchimp\/\">Comment cr\u00e9er un template email pour MailChimp<\/a><\/li>\n<li><a href=\"https:\/\/www.newslettercreator.com\/fr\/logiciel-newsletter\/\">Logiciel pour newsletter<\/a><\/li>\n<li><a href=\"https:\/\/www.newslettercreator.com\/fr\/captures-decrans\/\">Captures d\u2019\u00e9crans<\/a><\/li>\n<li><a href=\"https:\/\/www.newslettercreator.com\/fr\/contactez-nous\/\">Contactez-nous<\/a><\/li>\n<li><a href=\"https:\/\/www.newslettercreator.com\/fr\/bienvenue-sur-mailstyler\/\">Bienvenue sur MailStyler<\/a><\/li>\n<li><a href=\"https:\/\/www.newslettercreator.com\/fr\/activation-et-mise-jour\/\">Activation et mise \u00e0 jour<\/a><\/li>\n<li><a href=\"https:\/\/www.newslettercreator.com\/fr\/email-responsive\/\">Email responsive<\/a><\/li>\n<li><a href=\"https:\/\/www.newslettercreator.com\/fr\/newsletter-compatible-test\/\">Test de compatibilit\u00e9 newsletter<\/a><\/li>\n<li><a href=\"https:\/\/www.newslettercreator.com\/fr\/videos-fr\/\">Vid\u00e9os<\/a><\/li>\n<li><a href=\"https:\/\/www.newslettercreator.com\/fr\/espace-cloud-gratuit\/\">Espace cloud gratuit et illimit\u00e9<\/a><\/li>\n<li><a href=\"https:\/\/www.newslettercreator.com\/fr\/mailstyler-pour-mac\/\">MailStyler pour Mac<\/a><\/li>\n<li><a href=\"https:\/\/www.newslettercreator.com\/fr\/partnership\/\">Partnership<\/a><\/li>\n<li><a href=\"https:\/\/www.newslettercreator.com\/fr\/pourquoi-mettre-a-niveau-mailstyler\/\">Pourquoi mettre \u00e0 niveau MailStyler<\/a><\/li>\n<li><a href=\"https:\/\/www.newslettercreator.com\/fr\/aide\/\">Guide d&rsquo;aide<\/a>\n<ul class='children'>\n\t<li><a href=\"https:\/\/www.newslettercreator.com\/fr\/aide\/apercu-general\/\">Aper\u00e7u g\u00e9n\u00e9ral<\/a><\/li>\n\t<li><a href=\"https:\/\/www.newslettercreator.com\/fr\/aide\/historique-des-mises-a-jours\/\">Historique des mises \u00e0 jours<\/a><\/li>\n\t<li><a href=\"https:\/\/www.newslettercreator.com\/fr\/aide\/configurations-minimales\/\">Configurations minimales<\/a><\/li>\n\t<li><a href=\"https:\/\/www.newslettercreator.com\/fr\/aide\/logiciel\/\">Logiciel<\/a><\/li>\n\t<li><a href=\"https:\/\/www.newslettercreator.com\/fr\/aide\/materiel\/\">Mat\u00e9riel<\/a><\/li>\n\t<li><a href=\"https:\/\/www.newslettercreator.com\/fr\/aide\/activation\/\">Activation<\/a><\/li>\n\t<li><a href=\"https:\/\/www.newslettercreator.com\/fr\/aide\/version-d-essai\/\">Version d&rsquo;essai<\/a><\/li>\n\t<li><a href=\"https:\/\/www.newslettercreator.com\/fr\/aide\/activation-du-logiciel\/\">Activation du logiciel<\/a><\/li>\n\t<li><a href=\"https:\/\/www.newslettercreator.com\/fr\/aide\/utilisation\/\">Utilisation<\/a><\/li>\n\t<li><a href=\"https:\/\/www.newslettercreator.com\/fr\/aide\/fenetre-principale\/\">Fen\u00eatre principale<\/a><\/li>\n\t<li><a href=\"https:\/\/www.newslettercreator.com\/fr\/aide\/edition-des-images\/\">\u00c9dition des images<\/a><\/li>\n\t<li><a href=\"https:\/\/www.newslettercreator.com\/fr\/aide\/edition-des-boutons\/\">\u00c9dition des boutons<\/a><\/li>\n\t<li><a href=\"https:\/\/www.newslettercreator.com\/fr\/aide\/caracteres-speciaux\/\">Caract\u00e8res sp\u00e9ciaux<\/a><\/li>\n\t<li><a href=\"https:\/\/www.newslettercreator.com\/fr\/aide\/extensions\/\">Extensions<\/a><\/li>\n\t<li><a href=\"https:\/\/www.newslettercreator.com\/fr\/aide\/mpzmail\/\">MPZmail<\/a><\/li>\n\t<li><a href=\"https:\/\/www.newslettercreator.com\/fr\/aide\/bibliotheque-d-images\/\">Biblioth\u00e8que d&rsquo;images<\/a><\/li>\n\t<li><a href=\"https:\/\/www.newslettercreator.com\/fr\/aide\/menus\/\">Menus<\/a><\/li>\n\t<li><a href=\"https:\/\/www.newslettercreator.com\/fr\/aide\/la-boite-a-outils\/\">La boite \u00e0 outils<\/a><\/li>\n\t<li><a href=\"https:\/\/www.newslettercreator.com\/fr\/aide\/l-onglet-des-blocs\/\">L&rsquo;onglet des blocs<\/a><\/li>\n\t<li><a href=\"https:\/\/www.newslettercreator.com\/fr\/aide\/l-onglet-des-styles\/\">L&rsquo;onglet des styles<\/a><\/li>\n\t<li><a href=\"https:\/\/www.newslettercreator.com\/fr\/aide\/selection-et-edition-des-blocs\/\">S\u00e9lection et \u00e9dition des blocs<\/a><\/li>\n\t<li><a href=\"https:\/\/www.newslettercreator.com\/fr\/aide\/selection-et-edition-des-cellules\/\">S\u00e9lection et \u00e9dition des cellules<\/a><\/li>\n\t<li><a href=\"https:\/\/www.newslettercreator.com\/fr\/aide\/selection-des-images\/\">S\u00e9lection des images<\/a><\/li>\n\t<li><a href=\"https:\/\/www.newslettercreator.com\/fr\/aide\/selection-des-boutons\/\">S\u00e9lection des boutons<\/a><\/li>\n\t<li><a href=\"https:\/\/www.newslettercreator.com\/fr\/aide\/liens-hypertextes\/\">Liens Hypertextes<\/a><\/li>\n\t<li><a href=\"https:\/\/www.newslettercreator.com\/fr\/aide\/melanger-des-blocs-dynamiques\/\">M\u00e9langer des blocs dynamiques<\/a><\/li>\n\t<li><a href=\"https:\/\/www.newslettercreator.com\/fr\/aide\/nouveau\/\">Nouveau<\/a><\/li>\n\t<li><a href=\"https:\/\/www.newslettercreator.com\/fr\/aide\/ouvrir\/\">Ouvrir<\/a><\/li>\n\t<li><a href=\"https:\/\/www.newslettercreator.com\/fr\/aide\/enregistrer\/\">Enregistrer<\/a><\/li>\n\t<li><a href=\"https:\/\/www.newslettercreator.com\/fr\/aide\/export\/\">Export<\/a><\/li>\n\t<li><a href=\"https:\/\/www.newslettercreator.com\/fr\/aide\/apercu\/\">Aper\u00e7u<\/a><\/li>\n\t<li><a href=\"https:\/\/www.newslettercreator.com\/fr\/aide\/configurations\/\">Configurations<\/a><\/li>\n\t<li><a href=\"https:\/\/www.newslettercreator.com\/fr\/aide\/aide-menu\/\">Aide<\/a><\/li>\n\t<li><a href=\"https:\/\/www.newslettercreator.com\/fr\/aide\/palette-de-selection\/\">Palette de s\u00e9lection<\/a><\/li>\n\t<li><a href=\"https:\/\/www.newslettercreator.com\/fr\/aide\/style-des-cellules\/\">Style des cellules<\/a><\/li>\n\t<li><a href=\"https:\/\/www.newslettercreator.com\/fr\/aide\/style-des-polices\/\">Style des polices<\/a><\/li>\n\t<li><a href=\"https:\/\/www.newslettercreator.com\/fr\/aide\/style-des-images\/\">Style des images<\/a><\/li>\n\t<li><a href=\"https:\/\/www.newslettercreator.com\/fr\/aide\/style-des-boutons\/\">Style des boutons<\/a><\/li>\n\t<li><a href=\"https:\/\/www.newslettercreator.com\/fr\/aide\/enregistrer-les-styles\/\">Enregistrer les styles<\/a><\/li>\n\t<li><a href=\"https:\/\/www.newslettercreator.com\/fr\/aide\/supprimer-les-styles\/\">Supprimer les styles<\/a><\/li>\n<\/ul>\n<\/li>\n<li><a href=\"https:\/\/www.newslettercreator.com\/fr\/mailstyler-la-nouvelle-integration-avec-votre-systeme-denvoi\/\">MailStyler &#8211; Nouvelles int\u00e9grations avec votre outil de publipostage<\/a><\/li>\n<li><a href=\"https:\/\/www.newslettercreator.com\/fr\/inline-css-pour-email-editeur\/\">Email CSS Inline : De Belles Newsletters pour tous les Clients de messagerie<\/a><\/li>\n<li><a href=\"https:\/\/www.newslettercreator.com\/fr\/qu-est-ce-qui-a-change-dans-mailstyler-2\/\">Qu&rsquo;est-ce qui a chang\u00e9 dans MailStyler<\/a><\/li>\n<li><a href=\"https:\/\/www.newslettercreator.com\/fr\/upgrade\/\">Mettre \u00e0 niveau MailStyler de Basic vers Pro<\/a><\/li>\n<li><a href=\"https:\/\/www.newslettercreator.com\/fr\/upgrade-mailstyler-2\/\">Voulez-vous tirer le meilleur parti de votre marketing par courrier \u00e9lectronique ? Passez \u00e0 MailStyler<\/a><\/li>\n<li><a href=\"https:\/\/www.newslettercreator.com\/fr\/mise-a-jour-gratuite-mailstyler-2\/\">Mise \u00e0 jour gratuite vers MailStyler<\/a>\n<ul class='children'>\n\t<li><a href=\"https:\/\/www.newslettercreator.com\/fr\/mise-a-jour-gratuite-mailstyler-2\/mise-jour-gratuite-reponse\/\">Mise \u00e0 jour gratuite vers MailStyler 2<\/a><\/li>\n<\/ul>\n<\/li>\n<li><a href=\"https:\/\/www.newslettercreator.com\/fr\/renouvellement-abonnement\/\">Renouvellement d&rsquo;abonnement \u00e0 MailStyler<\/a><\/li>\n<li><a href=\"https:\/\/www.newslettercreator.com\/fr\/rgpd-concepts-de-base\/\">RGPD : Concepts de base<\/a><\/li>\n<li><a href=\"https:\/\/www.newslettercreator.com\/fr\/regulation-eu-2016-679-gdpr\/\">Regulation (EU) 2016\/679 &#8211; GDPR<\/a><\/li>\n<li><a href=\"https:\/\/www.newslettercreator.com\/fr\/politique-de-confidentialite-reglement-ue-2016-79-rgdp\/\">RGPD &#8211; Introduction et objectifs<\/a>\n<ul class='children'>\n\t<li><a href=\"https:\/\/www.newslettercreator.com\/fr\/politique-de-confidentialite-reglement-ue-2016-79-rgdp\/information-de-base\/\">Information de base<\/a><\/li>\n\t<li><a href=\"https:\/\/www.newslettercreator.com\/fr\/politique-de-confidentialite-reglement-ue-2016-79-rgdp\/comment-delivery-tech-collecte-des-donnees\/\">Comment Delivery Tech collecte des donn\u00e9es<\/a><\/li>\n\t<li><a href=\"https:\/\/www.newslettercreator.com\/fr\/politique-de-confidentialite-reglement-ue-2016-79-rgdp\/comment-delivery-tech-utilise-vos-informations\/\">Comment Delivery Tech utilise vos informations<\/a><\/li>\n\t<li><a href=\"https:\/\/www.newslettercreator.com\/fr\/politique-de-confidentialite-reglement-ue-2016-79-rgdp\/acceder-exporter-modifier-et-supprimer-des-informations\/\">Acc\u00e9der, exporter, modifier et supprimer des informations<\/a><\/li>\n\t<li><a href=\"https:\/\/www.newslettercreator.com\/fr\/politique-de-confidentialite-reglement-ue-2016-79-rgdp\/securite\/\">S\u00e9curit\u00e9<\/a><\/li>\n<\/ul>\n<\/li>\n<li><a href=\"https:\/\/www.newslettercreator.com\/fr\/telechargez-votre-version-de-mailstyler\/\">T\u00e9l\u00e9chargez votre version de MailStyler<\/a><\/li>\n<li><a href=\"https:\/\/www.newslettercreator.com\/fr\/modeles-email-noel-originaux-modifiables\/\">Mod\u00e8les d&rsquo;e-mail de No\u00ebl 2020 originaux, modifiables avec MailStyler<\/a><\/li>\n<\/ul>\n","protected":false},"excerpt":{"rendered":"<p>Ici vous pouvez trouver le plan du site:<\/p>\n","protected":false},"author":1,"featured_media":0,"parent":0,"menu_order":0,"comment_status":"closed","ping_status":"closed","template":"g1_template_page_sidebar_right.php","meta":{"inline_featured_image":false,"_monsterinsights_skip_tracking":false,"_monsterinsights_sitenote_active":false,"_monsterinsights_sitenote_note":"","_monsterinsights_sitenote_category":0,"footnotes":""},"class_list":["post-702","page","type-page","status-publish"],"yoast_head":"<!-- This site is optimized with the Yoast SEO plugin v25.2 - https:\/\/yoast.com\/wordpress\/plugins\/seo\/ -->\n<title>Plan du site - Newsletter Creator<\/title>\n<meta name=\"robots\" content=\"index, follow, max-snippet:-1, max-image-preview:large, max-video-preview:-1\" \/>\n<link rel=\"canonical\" href=\"https:\/\/www.newslettercreator.com\/fr\/plan-du-site\/\" \/>\n<meta property=\"og:locale\" content=\"fr_FR\" \/>\n<meta property=\"og:type\" content=\"article\" \/>\n<meta property=\"og:title\" content=\"Plan du site - Newsletter Creator\" \/>\n<meta property=\"og:description\" content=\"Ici vous pouvez trouver le plan du site:\" \/>\n<meta property=\"og:url\" content=\"https:\/\/www.newslettercreator.com\/fr\/plan-du-site\/\" \/>\n<meta property=\"og:site_name\" content=\"Newsletter Creator\" \/>\n<meta property=\"article:modified_time\" content=\"2014-06-16T08:39:48+00:00\" \/>\n<script type=\"application\/ld+json\" class=\"yoast-schema-graph\">{\"@context\":\"https:\/\/schema.org\",\"@graph\":[{\"@type\":\"WebPage\",\"@id\":\"https:\/\/www.newslettercreator.com\/fr\/plan-du-site\/\",\"url\":\"https:\/\/www.newslettercreator.com\/fr\/plan-du-site\/\",\"name\":\"Plan du site - Newsletter Creator\",\"isPartOf\":{\"@id\":\"https:\/\/www.newslettercreator.com\/#website\"},\"datePublished\":\"2014-06-16T08:23:10+00:00\",\"dateModified\":\"2014-06-16T08:39:48+00:00\",\"breadcrumb\":{\"@id\":\"https:\/\/www.newslettercreator.com\/fr\/plan-du-site\/#breadcrumb\"},\"inLanguage\":\"fr-FR\",\"potentialAction\":[{\"@type\":\"ReadAction\",\"target\":[\"https:\/\/www.newslettercreator.com\/fr\/plan-du-site\/\"]}]},{\"@type\":\"BreadcrumbList\",\"@id\":\"https:\/\/www.newslettercreator.com\/fr\/plan-du-site\/#breadcrumb\",\"itemListElement\":[{\"@type\":\"ListItem\",\"position\":1,\"name\":\"Home\",\"item\":\"https:\/\/www.newslettercreator.com\/fr\/\"},{\"@type\":\"ListItem\",\"position\":2,\"name\":\"Plan du site\"}]},{\"@type\":\"WebSite\",\"@id\":\"https:\/\/www.newslettercreator.com\/#website\",\"url\":\"https:\/\/www.newslettercreator.com\/\",\"name\":\"Newsletter Creator\",\"description\":\"Pay off\",\"potentialAction\":[{\"@type\":\"SearchAction\",\"target\":{\"@type\":\"EntryPoint\",\"urlTemplate\":\"https:\/\/www.newslettercreator.com\/?s={search_term_string}\"},\"query-input\":{\"@type\":\"PropertyValueSpecification\",\"valueRequired\":true,\"valueName\":\"search_term_string\"}}],\"inLanguage\":\"fr-FR\"}]}<\/script>\n<!-- \/ Yoast SEO plugin. -->","yoast_head_json":{"title":"Plan du site - Newsletter Creator","robots":{"index":"index","follow":"follow","max-snippet":"max-snippet:-1","max-image-preview":"max-image-preview:large","max-video-preview":"max-video-preview:-1"},"canonical":"https:\/\/www.newslettercreator.com\/fr\/plan-du-site\/","og_locale":"fr_FR","og_type":"article","og_title":"Plan du site - Newsletter Creator","og_description":"Ici vous pouvez trouver le plan du site:","og_url":"https:\/\/www.newslettercreator.com\/fr\/plan-du-site\/","og_site_name":"Newsletter Creator","article_modified_time":"2014-06-16T08:39:48+00:00","schema":{"@context":"https:\/\/schema.org","@graph":[{"@type":"WebPage","@id":"https:\/\/www.newslettercreator.com\/fr\/plan-du-site\/","url":"https:\/\/www.newslettercreator.com\/fr\/plan-du-site\/","name":"Plan du site - Newsletter Creator","isPartOf":{"@id":"https:\/\/www.newslettercreator.com\/#website"},"datePublished":"2014-06-16T08:23:10+00:00","dateModified":"2014-06-16T08:39:48+00:00","breadcrumb":{"@id":"https:\/\/www.newslettercreator.com\/fr\/plan-du-site\/#breadcrumb"},"inLanguage":"fr-FR","potentialAction":[{"@type":"ReadAction","target":["https:\/\/www.newslettercreator.com\/fr\/plan-du-site\/"]}]},{"@type":"BreadcrumbList","@id":"https:\/\/www.newslettercreator.com\/fr\/plan-du-site\/#breadcrumb","itemListElement":[{"@type":"ListItem","position":1,"name":"Home","item":"https:\/\/www.newslettercreator.com\/fr\/"},{"@type":"ListItem","position":2,"name":"Plan du site"}]},{"@type":"WebSite","@id":"https:\/\/www.newslettercreator.com\/#website","url":"https:\/\/www.newslettercreator.com\/","name":"Newsletter Creator","description":"Pay off","potentialAction":[{"@type":"SearchAction","target":{"@type":"EntryPoint","urlTemplate":"https:\/\/www.newslettercreator.com\/?s={search_term_string}"},"query-input":{"@type":"PropertyValueSpecification","valueRequired":true,"valueName":"search_term_string"}}],"inLanguage":"fr-FR"}]}},"_links":{"self":[{"href":"https:\/\/www.newslettercreator.com\/fr\/wp-json\/wp\/v2\/pages\/702","targetHints":{"allow":["GET"]}}],"collection":[{"href":"https:\/\/www.newslettercreator.com\/fr\/wp-json\/wp\/v2\/pages"}],"about":[{"href":"https:\/\/www.newslettercreator.com\/fr\/wp-json\/wp\/v2\/types\/page"}],"author":[{"embeddable":true,"href":"https:\/\/www.newslettercreator.com\/fr\/wp-json\/wp\/v2\/users\/1"}],"replies":[{"embeddable":true,"href":"https:\/\/www.newslettercreator.com\/fr\/wp-json\/wp\/v2\/comments?post=702"}],"version-history":[{"count":5,"href":"https:\/\/www.newslettercreator.com\/fr\/wp-json\/wp\/v2\/pages\/702\/revisions"}],"predecessor-version":[{"id":707,"href":"https:\/\/www.newslettercreator.com\/fr\/wp-json\/wp\/v2\/pages\/702\/revisions\/707"}],"wp:attachment":[{"href":"https:\/\/www.newslettercreator.com\/fr\/wp-json\/wp\/v2\/media?parent=702"}],"curies":[{"name":"wp","href":"https:\/\/api.w.org\/{rel}","templated":true}]}}