{"id":716,"date":"2014-06-16T12:41:10","date_gmt":"2014-06-16T12:41:10","guid":{"rendered":"http:\/\/www.newslettercreator.com\/?page_id=716"},"modified":"2025-12-04T16:53:23","modified_gmt":"2025-12-04T15:53:23","slug":"accord-de-licence","status":"publish","type":"page","link":"https:\/\/www.newslettercreator.com\/fr\/accord-de-licence\/","title":{"rendered":"Accord de licence MailStyler"},"content":{"rendered":"<p>Ce contrat de licence de l&rsquo;utilisateur final du logiciel (le \u00ab\u00a0CLUF\u00a0\u00bb) est un accord l\u00e9gal entre vous et Delivery Tech sur l&rsquo;utilisation du logiciel fourni avec cet accord (le \u00ab\u00a0logiciel\u00a0\u00bb), qui constitue votre acceptation de ces conditions. Lisez-le attentivement avant de passer au processus d&rsquo;installation et \u00e0 l&rsquo;utilisation du logiciel. Si vous n&rsquo;acceptez pas les termes de cet accord, n&rsquo;installez pas et \/ ou n&rsquo;utilisez pas ce logiciel. En installant, copiant ou utilisant le logiciel, vous acceptez d&rsquo;\u00eatre li\u00e9 par les termes du pr\u00e9sent CLUF.<\/p>\n<p>&nbsp;<\/p>\n<h2>Octroi de licence<\/h2>\n<p>Delivery Tech vous accorde une licence \u00e0 utiliser une copie de la version de ce logiciel sur un seul ordinateur. \u00ab\u00a0Vous\u00a0\u00bb d\u00e9signe l&rsquo;entreprise, entit\u00e9 ou personne dont les fonds sont utilis\u00e9s pour payer les frais de licence. \u00ab\u00a0Utiliser\u00a0\u00bb signifie stocker, charger, installer, ex\u00e9cuter ou afficher le logiciel. Vous ne pouvez pas modifier le logiciel ou d\u00e9sactiver n&rsquo;importe quelle fonction de licence ou de contr\u00f4le du logiciel, sauf si cela fait partie des fonctions de programmation du logiciel. Cette licence n&rsquo;est pas transf\u00e9rable \u00e0 un autre syst\u00e8me, ou \u00e0 une autre organisation ou individu.<\/p>\n<p>&nbsp;<\/p>\n<h2>Possession<\/h2>\n<p>Le logiciel est la propri\u00e9t\u00e9 intellectuelle de Delivery Tech. Votre licence ne vous conf\u00e8re aucun titre de propri\u00e9t\u00e9 sur le logiciel et ne doit pas \u00eatre interpr\u00e9t\u00e9e comme une vente de tout droit sur le logiciel.<\/p>\n<p>&nbsp;<\/p>\n<h2>Droit d&rsquo;auteur<\/h2>\n<p>Le logiciel et tous les droits, sans limitations et les droits de propri\u00e9t\u00e9 inclus, sont de propri\u00e9t\u00e9 de Delivery Tech ou de ses fournisseurs et sont prot\u00e9g\u00e9s par les lois sur le copyright et les trait\u00e9s internationaux sur le copyright, ainsi que d&rsquo;autres lois et trait\u00e9s sur la propri\u00e9t\u00e9 intellectuelle. Le logiciel est sous licence, il n&rsquo;est pas vendu. Vous reconnaissez qu&rsquo;aucun titre de propri\u00e9t\u00e9 intellectuelle dans le logiciel ne vous est transf\u00e9r\u00e9. Vous reconnaissez \u00e9galement que le titre et les droits de pleine propri\u00e9t\u00e9 sur le logiciel restera de propri\u00e9t\u00e9 exclusive de Delivery Tech et vous n&rsquo;acqu\u00e9rirez pas des droits sur le logiciel, sauf dans les cas express\u00e9ment \u00e9nonc\u00e9s dans la pr\u00e9sente licence. Vous acceptez que toutes les copies du logiciel contiendront les m\u00eames mentions de propri\u00e9t\u00e9 qui apparaissent sur et dans le logiciel.<\/p>\n<p>&nbsp;<\/p>\n<h2>Reverse engineering<\/h2>\n<p>Vous vous engagez \u00e0 ne pas tenter de d\u00e9compiler, modifier, traduire ou d\u00e9sassembler le logiciel, en tout ou en partie.<\/p>\n<p>&nbsp;<\/p>\n<h2>Aucune autre garantie<\/h2>\n<p>Le logiciel est fourni \u00ab\u00a0en l&rsquo;\u00e9tat\u00a0\u00bb sans garantie d&rsquo;aucune sorte. Delivery Tech rejette toutes les autres garanties en ce qui concerne le logiciel, expresse ou implicite, y compris, mais non limit\u00e9 aux, garanties implicites de qualit\u00e9 de marchande, d&rsquo;ad\u00e9quation \u00e0 un but et d&rsquo;absence de contrefa\u00e7on des droits de tiers en particulier. Certaines juridictions n&rsquo;autorisent pas l&rsquo;exclusion des garanties implicites ou les limitations sur la dur\u00e9e d&rsquo;une garantie implicite, ou l&rsquo;exclusion ou la limitation des dommages fortuits ou cons\u00e9cutifs, donc les limitations ou exclusions ci-dessus peuvent ne pas s&rsquo;appliquer \u00e0 vous. Cette garantie vous donne des droits l\u00e9gaux sp\u00e9cifiques et vous pouvez \u00e9galement avoir d&rsquo;autres droits qui varient d&rsquo;une juridiction \u00e0 l&rsquo;autre.<\/p>\n<p>&nbsp;<\/p>\n<h2>Divisibilit\u00e9<\/h2>\n<p>En cas de nullit\u00e9 d&rsquo;une disposition de la pr\u00e9sente licence, les parties conviennent que cette invalidit\u00e9 n&rsquo;affectera pas la validit\u00e9 des parties restantes de cette licence.<\/p>\n<p>&nbsp;<\/p>\n<h2>Aucune responsabilit\u00e9 pour les dommages indirects<\/h2>\n<p>En aucun cas Delivery Tech ou ses fournisseurs ne seront responsables pour vous pour des dommages indirects, sp\u00e9ciaux, accessoires ou indirects de toute nature r\u00e9sultants de la livraison, la performance ou l&rsquo;utilisation du logiciel, m\u00eame si Delivery Tech a \u00e9t\u00e9 inform\u00e9 de la possibilit\u00e9 de tels dommages. En aucun cas la responsabilit\u00e9 de Delivery Tech pour toute r\u00e9clamation, soit dans le contrat, soit d&rsquo;un d\u00e9lit ou toute autre th\u00e9orie de responsabilit\u00e9, d\u00e9passera la redevance pay\u00e9e par vous, le cas \u00e9ch\u00e9ant.<\/p>\n<p>&nbsp;<\/p>\n<h2>Loi applicable<\/h2>\n<p>Cet accord est r\u00e9gi par les lois de l&rsquo;\u00c9tat de l&rsquo;Italie. Si, pour une disposition ou une partie de celui-ci de l&rsquo;accord de licence est jug\u00e9 inapplicable par un tribunal comp\u00e9tent, cette disposition doit \u00eatre appliqu\u00e9e de mani\u00e8re que l&rsquo;intention des parties pr\u00e9sentes soit respect\u00e9e, et le reste de l&rsquo;accord de licence continuera en vigueur et de plein effet.<\/p>\n<p>&nbsp;<\/p>\n<h2>Disposition g\u00e9n\u00e9rale<\/h2>\n<p>Il s&rsquo;agit de la totalit\u00e9 de l&rsquo;accord entre vous et Delivery Tech, qui annule et remplace tout accord ou entente, qu&rsquo;elle soit \u00e9crite ou orale pr\u00e9alable, relative \u00e0 l&rsquo;objet de cette licence. Si une partie quelconque de cet accord s&rsquo;av\u00e8re nulle et non ex\u00e9cutoire, cela n&rsquo;affectera pas la validit\u00e9 de l&rsquo;\u00e9quilibre de l&rsquo;accord, qui restera valide et applicable conform\u00e9ment \u00e0 ses conditions. Cette entente se termine automatiquement si vous n&rsquo;en respectez pas les termes. Delivery Tech, sur sa seule discr\u00e9tion, peut modifier cet accord par \u00e9crit \u00e0 tout moment.<\/p>\n<p>&nbsp;<\/p>\n<h2>Ne pas envoyer des emails non sollicit\u00e9s (SPAM)<\/h2>\n<p data-path-to-node=\"11\">Veuillez noter que vous \u00eates le seul et enti\u00e8rement responsable des messages que vous envoyez.<\/p>\n<p data-path-to-node=\"12\">L&rsquo;utilisation des mod\u00e8les cr\u00e9\u00e9s avec MailStyler pour l&rsquo;envoi d&rsquo;e-mails commerciaux non sollicit\u00e9s (ECNS), \u00e9galement appel\u00e9s Spam, est strictement interdite. L&rsquo;envoi d&rsquo;e-mails non sollicit\u00e9s constitue souvent une violation de la loi dans de nombreuses juridictions, et vous serez tenu seul responsable des dommages, p\u00e9nalit\u00e9s et violations d\u00e9coulant de telles actions.<\/p>\n<p data-path-to-node=\"13\">Dans l&rsquo;\u00e9ventualit\u00e9 o\u00f9 un utilisateur utiliserait des mod\u00e8les g\u00e9n\u00e9r\u00e9s par MailStyler pour se livrer \u00e0 des activit\u00e9s de spam ou \u00e0 toute autre action ayant un impact n\u00e9gatif sur nos syst\u00e8mes, nous nous r\u00e9servons le droit de mettre en \u0153uvre imm\u00e9diatement toutes les proc\u00e9dures n\u00e9cessaires pour maintenir la bonne r\u00e9putation des domaines et des adresses IP utilis\u00e9s par notre logiciel et nos services. Ces proc\u00e9dures peuvent inclure, sans s&rsquo;y limiter :<\/p>\n<ul data-path-to-node=\"14\">\n<li>\n<p data-path-to-node=\"14,0,0\">R\u00e9siliation ou suspension imm\u00e9diate de la licence d&rsquo;utilisation du logiciel de l&rsquo;utilisateur.<\/p>\n<\/li>\n<li>\n<p data-path-to-node=\"14,1,0\">Suppression de tout le contenu et des fichiers t\u00e9l\u00e9charg\u00e9s par l&rsquo;utilisateur sur le service cloud de MailStyler.<\/p>\n<\/li>\n<li>\n<p data-path-to-node=\"14,2,0\">Signalement des activit\u00e9s de l&rsquo;utilisateur aux organisations et autorit\u00e9s anti-spam pertinentes.<\/p>\n<\/li>\n<\/ul>\n<p data-path-to-node=\"15\">Le respect de cette politique est obligatoire pour assurer l&rsquo;int\u00e9grit\u00e9 continue et la d\u00e9livrabilit\u00e9 de nos services pour tous les utilisateurs.<\/p>\n","protected":false},"excerpt":{"rendered":"<p>Ce contrat de licence de l&rsquo;utilisateur final du logiciel (le \u00ab\u00a0CLUF\u00a0\u00bb) est un accord l\u00e9gal entre vous et Delivery Tech sur l&rsquo;utilisation du logiciel fourni avec cet accord (le \u00ab\u00a0logiciel\u00a0\u00bb), qui constitue votre acceptation de ces conditions. Lisez-le attentivement avant de passer au processus d&rsquo;installation et \u00e0 l&rsquo;utilisation du logiciel. Si vous n&rsquo;acceptez pas les [&hellip;]<\/p>\n","protected":false},"author":1,"featured_media":0,"parent":0,"menu_order":0,"comment_status":"closed","ping_status":"closed","template":"g1_template_page_sidebar_right.php","meta":{"inline_featured_image":false,"_monsterinsights_skip_tracking":false,"_monsterinsights_sitenote_active":false,"_monsterinsights_sitenote_note":"","_monsterinsights_sitenote_category":0,"footnotes":""},"class_list":["post-716","page","type-page","status-publish"],"yoast_head":"<!-- This site is optimized with the Yoast SEO plugin v25.2 - https:\/\/yoast.com\/wordpress\/plugins\/seo\/ -->\n<title>Accord de licence - MailStyler Newsletter Creator<\/title>\n<meta name=\"robots\" content=\"index, follow, max-snippet:-1, max-image-preview:large, max-video-preview:-1\" \/>\n<link rel=\"canonical\" href=\"https:\/\/www.newslettercreator.com\/fr\/accord-de-licence\/\" \/>\n<meta property=\"og:locale\" content=\"fr_FR\" \/>\n<meta property=\"og:type\" content=\"article\" \/>\n<meta property=\"og:title\" content=\"Accord de licence - MailStyler Newsletter Creator\" \/>\n<meta property=\"og:description\" content=\"Ce contrat de licence de l&rsquo;utilisateur final du logiciel (le \u00ab\u00a0CLUF\u00a0\u00bb) est un accord l\u00e9gal entre vous et Delivery Tech sur l&rsquo;utilisation du logiciel fourni avec cet accord (le \u00ab\u00a0logiciel\u00a0\u00bb), qui constitue votre acceptation de ces conditions. Lisez-le attentivement avant de passer au processus d&rsquo;installation et \u00e0 l&rsquo;utilisation du logiciel. Si vous n&rsquo;acceptez pas les [&hellip;]\" \/>\n<meta property=\"og:url\" content=\"https:\/\/www.newslettercreator.com\/fr\/accord-de-licence\/\" \/>\n<meta property=\"og:site_name\" content=\"Newsletter Creator\" \/>\n<meta property=\"article:modified_time\" content=\"2025-12-04T15:53:23+00:00\" \/>\n<meta name=\"twitter:label1\" content=\"Dur\u00e9e de lecture estim\u00e9e\" \/>\n\t<meta name=\"twitter:data1\" content=\"5 minutes\" \/>\n<script type=\"application\/ld+json\" class=\"yoast-schema-graph\">{\"@context\":\"https:\/\/schema.org\",\"@graph\":[{\"@type\":\"WebPage\",\"@id\":\"https:\/\/www.newslettercreator.com\/fr\/accord-de-licence\/\",\"url\":\"https:\/\/www.newslettercreator.com\/fr\/accord-de-licence\/\",\"name\":\"Accord de licence - MailStyler Newsletter Creator\",\"isPartOf\":{\"@id\":\"https:\/\/www.newslettercreator.com\/#website\"},\"datePublished\":\"2014-06-16T12:41:10+00:00\",\"dateModified\":\"2025-12-04T15:53:23+00:00\",\"breadcrumb\":{\"@id\":\"https:\/\/www.newslettercreator.com\/fr\/accord-de-licence\/#breadcrumb\"},\"inLanguage\":\"fr-FR\",\"potentialAction\":[{\"@type\":\"ReadAction\",\"target\":[\"https:\/\/www.newslettercreator.com\/fr\/accord-de-licence\/\"]}]},{\"@type\":\"BreadcrumbList\",\"@id\":\"https:\/\/www.newslettercreator.com\/fr\/accord-de-licence\/#breadcrumb\",\"itemListElement\":[{\"@type\":\"ListItem\",\"position\":1,\"name\":\"Home\",\"item\":\"https:\/\/www.newslettercreator.com\/fr\/\"},{\"@type\":\"ListItem\",\"position\":2,\"name\":\"Accord de licence MailStyler\"}]},{\"@type\":\"WebSite\",\"@id\":\"https:\/\/www.newslettercreator.com\/#website\",\"url\":\"https:\/\/www.newslettercreator.com\/\",\"name\":\"Newsletter Creator\",\"description\":\"Pay off\",\"potentialAction\":[{\"@type\":\"SearchAction\",\"target\":{\"@type\":\"EntryPoint\",\"urlTemplate\":\"https:\/\/www.newslettercreator.com\/?s={search_term_string}\"},\"query-input\":{\"@type\":\"PropertyValueSpecification\",\"valueRequired\":true,\"valueName\":\"search_term_string\"}}],\"inLanguage\":\"fr-FR\"}]}<\/script>\n<!-- \/ Yoast SEO plugin. -->","yoast_head_json":{"title":"Accord de licence - MailStyler Newsletter Creator","robots":{"index":"index","follow":"follow","max-snippet":"max-snippet:-1","max-image-preview":"max-image-preview:large","max-video-preview":"max-video-preview:-1"},"canonical":"https:\/\/www.newslettercreator.com\/fr\/accord-de-licence\/","og_locale":"fr_FR","og_type":"article","og_title":"Accord de licence - MailStyler Newsletter Creator","og_description":"Ce contrat de licence de l&rsquo;utilisateur final du logiciel (le \u00ab\u00a0CLUF\u00a0\u00bb) est un accord l\u00e9gal entre vous et Delivery Tech sur l&rsquo;utilisation du logiciel fourni avec cet accord (le \u00ab\u00a0logiciel\u00a0\u00bb), qui constitue votre acceptation de ces conditions. Lisez-le attentivement avant de passer au processus d&rsquo;installation et \u00e0 l&rsquo;utilisation du logiciel. Si vous n&rsquo;acceptez pas les [&hellip;]","og_url":"https:\/\/www.newslettercreator.com\/fr\/accord-de-licence\/","og_site_name":"Newsletter Creator","article_modified_time":"2025-12-04T15:53:23+00:00","twitter_misc":{"Dur\u00e9e de lecture estim\u00e9e":"5 minutes"},"schema":{"@context":"https:\/\/schema.org","@graph":[{"@type":"WebPage","@id":"https:\/\/www.newslettercreator.com\/fr\/accord-de-licence\/","url":"https:\/\/www.newslettercreator.com\/fr\/accord-de-licence\/","name":"Accord de licence - MailStyler Newsletter Creator","isPartOf":{"@id":"https:\/\/www.newslettercreator.com\/#website"},"datePublished":"2014-06-16T12:41:10+00:00","dateModified":"2025-12-04T15:53:23+00:00","breadcrumb":{"@id":"https:\/\/www.newslettercreator.com\/fr\/accord-de-licence\/#breadcrumb"},"inLanguage":"fr-FR","potentialAction":[{"@type":"ReadAction","target":["https:\/\/www.newslettercreator.com\/fr\/accord-de-licence\/"]}]},{"@type":"BreadcrumbList","@id":"https:\/\/www.newslettercreator.com\/fr\/accord-de-licence\/#breadcrumb","itemListElement":[{"@type":"ListItem","position":1,"name":"Home","item":"https:\/\/www.newslettercreator.com\/fr\/"},{"@type":"ListItem","position":2,"name":"Accord de licence MailStyler"}]},{"@type":"WebSite","@id":"https:\/\/www.newslettercreator.com\/#website","url":"https:\/\/www.newslettercreator.com\/","name":"Newsletter Creator","description":"Pay off","potentialAction":[{"@type":"SearchAction","target":{"@type":"EntryPoint","urlTemplate":"https:\/\/www.newslettercreator.com\/?s={search_term_string}"},"query-input":{"@type":"PropertyValueSpecification","valueRequired":true,"valueName":"search_term_string"}}],"inLanguage":"fr-FR"}]}},"_links":{"self":[{"href":"https:\/\/www.newslettercreator.com\/fr\/wp-json\/wp\/v2\/pages\/716","targetHints":{"allow":["GET"]}}],"collection":[{"href":"https:\/\/www.newslettercreator.com\/fr\/wp-json\/wp\/v2\/pages"}],"about":[{"href":"https:\/\/www.newslettercreator.com\/fr\/wp-json\/wp\/v2\/types\/page"}],"author":[{"embeddable":true,"href":"https:\/\/www.newslettercreator.com\/fr\/wp-json\/wp\/v2\/users\/1"}],"replies":[{"embeddable":true,"href":"https:\/\/www.newslettercreator.com\/fr\/wp-json\/wp\/v2\/comments?post=716"}],"version-history":[{"count":3,"href":"https:\/\/www.newslettercreator.com\/fr\/wp-json\/wp\/v2\/pages\/716\/revisions"}],"predecessor-version":[{"id":11809,"href":"https:\/\/www.newslettercreator.com\/fr\/wp-json\/wp\/v2\/pages\/716\/revisions\/11809"}],"wp:attachment":[{"href":"https:\/\/www.newslettercreator.com\/fr\/wp-json\/wp\/v2\/media?parent=716"}],"curies":[{"name":"wp","href":"https:\/\/api.w.org\/{rel}","templated":true}]}}