{"id":766,"date":"2014-06-18T08:39:28","date_gmt":"2014-06-18T08:39:28","guid":{"rendered":"http:\/\/www.newslettercreator.com\/?page_id=766"},"modified":"2015-05-04T09:13:53","modified_gmt":"2015-05-04T09:13:53","slug":"creation-email-template","status":"publish","type":"page","link":"https:\/\/www.newslettercreator.com\/fr\/creation-email-template\/","title":{"rendered":"Cr\u00e9ation email template"},"content":{"rendered":"<p>Qu&rsquo;est-ce qu&rsquo;un template pour email et comment commencer \u00e0 le composer en quelques minutes: l&rsquo;art de la cr\u00e9ation des newsletters, expliqu\u00e9e.<\/p>\n<p>&nbsp;<\/p>\n<div id=\"g1-box-counter-1\" class=\"g1-box g1-box--solid  g1-box--noicon\" ><div class=\"g1-box__inner\">\n<h3><a href='\/fr\/creer-template-newsletter\/' title='Comment cr\u00e9er un template pour newsletter'>Comment cr\u00e9er un template pour newsletter<\/a><\/h3>\n<p>Peu de choses sont importantes comme un bon template pour votre newsletter, quand il s&rsquo;agit de faire du marketing par courriel&#8230;<br \/>\n<\/div><\/div>\n<div id=\"g1-box-counter-2\" class=\"g1-box g1-box--solid  g1-box--noicon\" ><div class=\"g1-box__inner\">\n<h3><a title='Comment obtenir un template gratuit de newsletter' href='\/fr\/template-gratuit-newsletter\/'>Comment obtenir un template gratuit de newsletter<\/a><\/h3>\n<p>Besoin d&rsquo;un template gratuit pour votre newsletter? Bien s\u00fbr, vous pouvez faire une recherche rapide sur le web et choisir&#8230;<br \/>\n<\/div><\/div>\n<div id=\"g1-box-counter-3\" class=\"g1-box g1-box--solid  g1-box--noicon\" ><div class=\"g1-box__inner\">\n<h3><a title='Cr\u00e9er un template de newsletter avec Microsoft Word?' href='\/fr\/creer-template-newsletter-word\/'>Cr\u00e9er un template de newsletter avec Microsoft Word?<\/a><\/h3>\n<p>Il peut \u00eatre tentant de cr\u00e9er un template de newsletter en utilisant Microsoft Word. Mais c&rsquo;est une tentation&#8230;<br \/>\n<\/div><\/div>\n<div id=\"g1-box-counter-4\" class=\"g1-box g1-box--solid  g1-box--noicon\" ><div class=\"g1-box__inner\">\n<h3><a title='Cr\u00e9er un template de newsletter avec Publisher?' href='\/fr\/creer-template-newsletter-publisher\/'>Cr\u00e9er un template de newsletter avec Publisher?<\/a><\/h3>\n<p>Il est pr\u00e9f\u00e9rable de ne pas cr\u00e9er votre template de newsletter avec Microsoft Publisher&#8230;<br \/>\n<\/div><\/div>\n<div id=\"g1-box-counter-5\" class=\"g1-box g1-box--solid  g1-box--noicon\" ><div class=\"g1-box__inner\">\n<h3><a title='Layout email: les meilleures pratiques' href='\/fr\/layout-email-pratiques\/'>Layout email: les meilleures pratiques<\/a><\/h3>\n<p>Une recherche rapide sur Google vous donnera des dizaines de listes sur les meilleures pratiques pour cr\u00e9er un layout email&#8230;<br \/>\n<\/div><\/div>\n","protected":false},"excerpt":{"rendered":"<p>Qu&rsquo;est-ce qu&rsquo;un template pour email et comment commencer \u00e0 le composer en quelques minutes: l&rsquo;art de la cr\u00e9ation des newsletters, expliqu\u00e9e. &nbsp;<\/p>\n","protected":false},"author":1,"featured_media":0,"parent":0,"menu_order":0,"comment_status":"closed","ping_status":"closed","template":"g1_template_page_sidebar_right.php","meta":{"inline_featured_image":false,"_monsterinsights_skip_tracking":false,"_monsterinsights_sitenote_active":false,"_monsterinsights_sitenote_note":"","_monsterinsights_sitenote_category":0,"footnotes":""},"class_list":["post-766","page","type-page","status-publish"],"yoast_head":"<!-- This site is optimized with the Yoast SEO plugin v25.2 - https:\/\/yoast.com\/wordpress\/plugins\/seo\/ -->\n<title>Cr\u00e9ation email template - Newsletter Creator<\/title>\n<meta name=\"description\" content=\"Qu&#039;est-ce qu&#039;un template pour email et comment commencer \u00e0 le composer en quelques minutes: l&#039;art de la cr\u00e9ation des newsletters, expliqu\u00e9e.\" \/>\n<meta name=\"robots\" content=\"index, follow, max-snippet:-1, max-image-preview:large, max-video-preview:-1\" \/>\n<link rel=\"canonical\" href=\"https:\/\/www.newslettercreator.com\/fr\/creation-email-template\/\" \/>\n<meta property=\"og:locale\" content=\"fr_FR\" \/>\n<meta property=\"og:type\" content=\"article\" \/>\n<meta property=\"og:title\" content=\"Cr\u00e9ation email template - Newsletter Creator\" \/>\n<meta property=\"og:description\" content=\"Qu&#039;est-ce qu&#039;un template pour email et comment commencer \u00e0 le composer en quelques minutes: l&#039;art de la cr\u00e9ation des newsletters, expliqu\u00e9e.\" \/>\n<meta property=\"og:url\" content=\"https:\/\/www.newslettercreator.com\/fr\/creation-email-template\/\" \/>\n<meta property=\"og:site_name\" content=\"Newsletter Creator\" \/>\n<meta property=\"article:modified_time\" content=\"2015-05-04T09:13:53+00:00\" \/>\n<meta name=\"twitter:label1\" content=\"Dur\u00e9e de lecture estim\u00e9e\" \/>\n\t<meta name=\"twitter:data1\" content=\"1 minute\" \/>\n<script type=\"application\/ld+json\" class=\"yoast-schema-graph\">{\"@context\":\"https:\/\/schema.org\",\"@graph\":[{\"@type\":\"WebPage\",\"@id\":\"https:\/\/www.newslettercreator.com\/fr\/creation-email-template\/\",\"url\":\"https:\/\/www.newslettercreator.com\/fr\/creation-email-template\/\",\"name\":\"Cr\u00e9ation email template - Newsletter Creator\",\"isPartOf\":{\"@id\":\"https:\/\/www.newslettercreator.com\/#website\"},\"datePublished\":\"2014-06-18T08:39:28+00:00\",\"dateModified\":\"2015-05-04T09:13:53+00:00\",\"description\":\"Qu'est-ce qu'un template pour email et comment commencer \u00e0 le composer en quelques minutes: l'art de la cr\u00e9ation des newsletters, expliqu\u00e9e.\",\"breadcrumb\":{\"@id\":\"https:\/\/www.newslettercreator.com\/fr\/creation-email-template\/#breadcrumb\"},\"inLanguage\":\"fr-FR\",\"potentialAction\":[{\"@type\":\"ReadAction\",\"target\":[\"https:\/\/www.newslettercreator.com\/fr\/creation-email-template\/\"]}]},{\"@type\":\"BreadcrumbList\",\"@id\":\"https:\/\/www.newslettercreator.com\/fr\/creation-email-template\/#breadcrumb\",\"itemListElement\":[{\"@type\":\"ListItem\",\"position\":1,\"name\":\"Home\",\"item\":\"https:\/\/www.newslettercreator.com\/fr\/\"},{\"@type\":\"ListItem\",\"position\":2,\"name\":\"Cr\u00e9ation email template\"}]},{\"@type\":\"WebSite\",\"@id\":\"https:\/\/www.newslettercreator.com\/#website\",\"url\":\"https:\/\/www.newslettercreator.com\/\",\"name\":\"Newsletter Creator\",\"description\":\"Pay off\",\"potentialAction\":[{\"@type\":\"SearchAction\",\"target\":{\"@type\":\"EntryPoint\",\"urlTemplate\":\"https:\/\/www.newslettercreator.com\/?s={search_term_string}\"},\"query-input\":{\"@type\":\"PropertyValueSpecification\",\"valueRequired\":true,\"valueName\":\"search_term_string\"}}],\"inLanguage\":\"fr-FR\"}]}<\/script>\n<!-- \/ Yoast SEO plugin. -->","yoast_head_json":{"title":"Cr\u00e9ation email template - Newsletter Creator","description":"Qu'est-ce qu'un template pour email et comment commencer \u00e0 le composer en quelques minutes: l'art de la cr\u00e9ation des newsletters, expliqu\u00e9e.","robots":{"index":"index","follow":"follow","max-snippet":"max-snippet:-1","max-image-preview":"max-image-preview:large","max-video-preview":"max-video-preview:-1"},"canonical":"https:\/\/www.newslettercreator.com\/fr\/creation-email-template\/","og_locale":"fr_FR","og_type":"article","og_title":"Cr\u00e9ation email template - Newsletter Creator","og_description":"Qu'est-ce qu'un template pour email et comment commencer \u00e0 le composer en quelques minutes: l'art de la cr\u00e9ation des newsletters, expliqu\u00e9e.","og_url":"https:\/\/www.newslettercreator.com\/fr\/creation-email-template\/","og_site_name":"Newsletter Creator","article_modified_time":"2015-05-04T09:13:53+00:00","twitter_misc":{"Dur\u00e9e de lecture estim\u00e9e":"1 minute"},"schema":{"@context":"https:\/\/schema.org","@graph":[{"@type":"WebPage","@id":"https:\/\/www.newslettercreator.com\/fr\/creation-email-template\/","url":"https:\/\/www.newslettercreator.com\/fr\/creation-email-template\/","name":"Cr\u00e9ation email template - Newsletter Creator","isPartOf":{"@id":"https:\/\/www.newslettercreator.com\/#website"},"datePublished":"2014-06-18T08:39:28+00:00","dateModified":"2015-05-04T09:13:53+00:00","description":"Qu'est-ce qu'un template pour email et comment commencer \u00e0 le composer en quelques minutes: l'art de la cr\u00e9ation des newsletters, expliqu\u00e9e.","breadcrumb":{"@id":"https:\/\/www.newslettercreator.com\/fr\/creation-email-template\/#breadcrumb"},"inLanguage":"fr-FR","potentialAction":[{"@type":"ReadAction","target":["https:\/\/www.newslettercreator.com\/fr\/creation-email-template\/"]}]},{"@type":"BreadcrumbList","@id":"https:\/\/www.newslettercreator.com\/fr\/creation-email-template\/#breadcrumb","itemListElement":[{"@type":"ListItem","position":1,"name":"Home","item":"https:\/\/www.newslettercreator.com\/fr\/"},{"@type":"ListItem","position":2,"name":"Cr\u00e9ation email template"}]},{"@type":"WebSite","@id":"https:\/\/www.newslettercreator.com\/#website","url":"https:\/\/www.newslettercreator.com\/","name":"Newsletter Creator","description":"Pay off","potentialAction":[{"@type":"SearchAction","target":{"@type":"EntryPoint","urlTemplate":"https:\/\/www.newslettercreator.com\/?s={search_term_string}"},"query-input":{"@type":"PropertyValueSpecification","valueRequired":true,"valueName":"search_term_string"}}],"inLanguage":"fr-FR"}]}},"_links":{"self":[{"href":"https:\/\/www.newslettercreator.com\/fr\/wp-json\/wp\/v2\/pages\/766","targetHints":{"allow":["GET"]}}],"collection":[{"href":"https:\/\/www.newslettercreator.com\/fr\/wp-json\/wp\/v2\/pages"}],"about":[{"href":"https:\/\/www.newslettercreator.com\/fr\/wp-json\/wp\/v2\/types\/page"}],"author":[{"embeddable":true,"href":"https:\/\/www.newslettercreator.com\/fr\/wp-json\/wp\/v2\/users\/1"}],"replies":[{"embeddable":true,"href":"https:\/\/www.newslettercreator.com\/fr\/wp-json\/wp\/v2\/comments?post=766"}],"version-history":[{"count":9,"href":"https:\/\/www.newslettercreator.com\/fr\/wp-json\/wp\/v2\/pages\/766\/revisions"}],"predecessor-version":[{"id":3402,"href":"https:\/\/www.newslettercreator.com\/fr\/wp-json\/wp\/v2\/pages\/766\/revisions\/3402"}],"wp:attachment":[{"href":"https:\/\/www.newslettercreator.com\/fr\/wp-json\/wp\/v2\/media?parent=766"}],"curies":[{"name":"wp","href":"https:\/\/api.w.org\/{rel}","templated":true}]}}