{"id":770,"date":"2014-06-18T08:50:19","date_gmt":"2014-06-18T08:50:19","guid":{"rendered":"http:\/\/www.newslettercreator.com\/?page_id=770"},"modified":"2015-03-02T11:11:05","modified_gmt":"2015-03-02T11:11:05","slug":"creer-template-newsletter-word","status":"publish","type":"page","link":"https:\/\/www.newslettercreator.com\/fr\/creer-template-newsletter-word\/","title":{"rendered":"Cr\u00e9er un template de newsletter avec Microsoft Word?"},"content":{"rendered":"<p><img decoding=\"async\" class=\"alignnone size-full wp-image-237\" src=\"http:\/\/www.newslettercreator.com\/wp-content\/uploads\/2014\/02\/newsletter-template-microsoft-word-how-to.jpg\" alt=\"Cr\u00e9er un template de newsletter avec Microsoft Word?\" width=\"649\" height=\"423\" \/><\/p>\n<p>Il peut \u00eatre tentant de cr\u00e9er un <strong>template de newsletter<\/strong> en utilisant <strong>Microsoft Word<\/strong>. Mais c&rsquo;est une tentation \u00e0 laquelle vous devriez <strong>r\u00e9sister<\/strong>, si vous voulez obtenir un mod\u00e8le correcte et efficace pour votre campagne d&#8217;emailing.<\/p>\n<p>Voici pourquoi: Word peut utiliser du codage <strong>HTML non standard<\/strong>, qui probablement causera des <strong>probl\u00e8mes d&rsquo;affichage<\/strong> une fois que votre newsletter est ouverte par le destinataire (en particulier s&rsquo;il utilise un client non Microsoft).<\/p>\n<p>De plus, la cr\u00e9ation d&rsquo;un mod\u00e8le email elle-m\u00eame <strong>n&rsquo;est pas aussi facile qu&rsquo;il peut sembler<\/strong>; et pour une raison tr\u00e8s simple: Microsoft Word n&rsquo;a pas \u00e9t\u00e9 construit principalement pour cela. Cr\u00e9er une newsletter n\u00e9cessite d&rsquo;un outil tr\u00e8s diff\u00e9rent et pas d&rsquo;un \u00e9diteur de texte.<\/p>\n<p>Notre logiciel <a href=\"http:\/\/www.newslettercreator.com\/fr\/essayer-gratuitement\/\" title=\"logiciel cr\u00e9ation newsletter\">MailStyler<\/a> est <strong>enti\u00e8rement consacr\u00e9 \u00e0 la conception des templates<\/strong>, avec un objectif de base: la rendre simple et \u00e9fficace. MailStyler vous permet donc de cr\u00e9er votre propre newsletter \u00e0 partir de z\u00e9ro, <strong>en assemblant de blocs et des \u00e9l\u00e9ments pr\u00e9\u00e9tablis<\/strong> (avec des simples glisser-d\u00e9posers) et les personnaliser en changeant les couleurs, les styles de police et beaucoup d&rsquo;autres d\u00e9tails.<\/p>\n<p>Et surtout, le <strong><a href=\"http:\/\/www.newslettercreator.com\/fr\/email-en-hmtl\/\" title=\"email html: comment faire\">code HTML<\/a> r\u00e9sultant sera impeccable<\/strong>, \u00e0 difference de celui de Word: 100% compatible avec tous les clients de messagerie. Ce qui signifie que peu importe o\u00f9 vos destinataires ouvrent l&#8217;email, il sera <strong>toujours affich\u00e9 comme vous le souhaitez<\/strong>.<\/p>\n<p>&nbsp;<\/p>\n<p style=\"text-align: center;\"><a class=\"button large orange\" style=\"margin-top: 20px; width: 157px; margin-right: 30px;\" title=\"T\u00e9l\u00e9charger Demo\" href=\"http:\/\/www.newslettercreator.com\/fr\/essayer-gratuitement\/\" target=\"_self\">T\u00c9L\u00c9CHARGER DEMO<\/a><a class=\"button large darkgray\" style=\"margin-top: 20px; width: 175px;\" title=\"Acheter Mailstyler Pro\" href=\"http:\/\/www.newslettercreator.com\/fr\/prix\/\" target=\"_self\">ACHETER MAILSTYLER PRO<\/a><\/p>\n<p style=\"text-align: center; font-size: 11px; margin-bottom: 30px;\">Derni\u00e8re version: 2.24.01.17 | Date de sortie: 17\/01\/2024 | Taille: 114.9 MB<br \/>\n<a href=\"http:\/\/www.newslettercreator.com\/fr\/accord-de-licence\/\" target=\"_blank\">Contrat de licence<\/a> | <a href=\"http:\/\/www.newslettercreator.com\/fr\/comment-desinstaller\/\" target=\"_blank\">Comment d\u00e9sinstaller<\/a><\/p>\n","protected":false},"excerpt":{"rendered":"<p>Il peut \u00eatre tentant de cr\u00e9er un template de newsletter en utilisant Microsoft Word. Mais c&rsquo;est une tentation \u00e0 laquelle vous devriez r\u00e9sister, si vous voulez obtenir un mod\u00e8le correcte et efficace pour votre campagne d&#8217;emailing. Voici pourquoi: Word peut utiliser du codage HTML non standard, qui probablement causera des probl\u00e8mes d&rsquo;affichage une fois que [&hellip;]<\/p>\n","protected":false},"author":1,"featured_media":0,"parent":0,"menu_order":0,"comment_status":"closed","ping_status":"closed","template":"g1_template_page_sidebar_right.php","meta":{"inline_featured_image":false,"_monsterinsights_skip_tracking":false,"_monsterinsights_sitenote_active":false,"_monsterinsights_sitenote_note":"","_monsterinsights_sitenote_category":0,"footnotes":""},"class_list":["post-770","page","type-page","status-publish"],"yoast_head":"<!-- This site is optimized with the Yoast SEO plugin v25.2 - https:\/\/yoast.com\/wordpress\/plugins\/seo\/ -->\n<title>Cr\u00e9er un template de newsletter avec Microsoft Word? - Newsletter Creator<\/title>\n<meta name=\"description\" content=\"Il est tentant de cr\u00e9er un template de newsletter en utilisant Microsoft Word. Mais c&#039;est une tentation \u00e0 laquelle vous devriez r\u00e9sister: voici pourquoi.\" \/>\n<meta name=\"robots\" content=\"index, follow, max-snippet:-1, max-image-preview:large, max-video-preview:-1\" \/>\n<link rel=\"canonical\" href=\"https:\/\/www.newslettercreator.com\/fr\/creer-template-newsletter-word\/\" \/>\n<meta property=\"og:locale\" content=\"fr_FR\" \/>\n<meta property=\"og:type\" content=\"article\" \/>\n<meta property=\"og:title\" content=\"Cr\u00e9er un template de newsletter avec Microsoft Word? - Newsletter Creator\" \/>\n<meta property=\"og:description\" content=\"Il est tentant de cr\u00e9er un template de newsletter en utilisant Microsoft Word. Mais c&#039;est une tentation \u00e0 laquelle vous devriez r\u00e9sister: voici pourquoi.\" \/>\n<meta property=\"og:url\" content=\"https:\/\/www.newslettercreator.com\/fr\/creer-template-newsletter-word\/\" \/>\n<meta property=\"og:site_name\" content=\"Newsletter Creator\" \/>\n<meta property=\"article:modified_time\" content=\"2015-03-02T11:11:05+00:00\" \/>\n<meta property=\"og:image\" content=\"http:\/\/www.newslettercreator.com\/wp-content\/uploads\/2014\/02\/newsletter-template-microsoft-word-how-to.jpg\" \/>\n<meta name=\"twitter:label1\" content=\"Dur\u00e9e de lecture estim\u00e9e\" \/>\n\t<meta name=\"twitter:data1\" content=\"1 minute\" \/>\n<script type=\"application\/ld+json\" class=\"yoast-schema-graph\">{\"@context\":\"https:\/\/schema.org\",\"@graph\":[{\"@type\":\"WebPage\",\"@id\":\"https:\/\/www.newslettercreator.com\/fr\/creer-template-newsletter-word\/\",\"url\":\"https:\/\/www.newslettercreator.com\/fr\/creer-template-newsletter-word\/\",\"name\":\"Cr\u00e9er un template de newsletter avec Microsoft Word? - Newsletter Creator\",\"isPartOf\":{\"@id\":\"https:\/\/www.newslettercreator.com\/#website\"},\"primaryImageOfPage\":{\"@id\":\"https:\/\/www.newslettercreator.com\/fr\/creer-template-newsletter-word\/#primaryimage\"},\"image\":{\"@id\":\"https:\/\/www.newslettercreator.com\/fr\/creer-template-newsletter-word\/#primaryimage\"},\"thumbnailUrl\":\"http:\/\/www.newslettercreator.com\/wp-content\/uploads\/2014\/02\/newsletter-template-microsoft-word-how-to.jpg\",\"datePublished\":\"2014-06-18T08:50:19+00:00\",\"dateModified\":\"2015-03-02T11:11:05+00:00\",\"description\":\"Il est tentant de cr\u00e9er un template de newsletter en utilisant Microsoft Word. Mais c'est une tentation \u00e0 laquelle vous devriez r\u00e9sister: voici pourquoi.\",\"breadcrumb\":{\"@id\":\"https:\/\/www.newslettercreator.com\/fr\/creer-template-newsletter-word\/#breadcrumb\"},\"inLanguage\":\"fr-FR\",\"potentialAction\":[{\"@type\":\"ReadAction\",\"target\":[\"https:\/\/www.newslettercreator.com\/fr\/creer-template-newsletter-word\/\"]}]},{\"@type\":\"ImageObject\",\"inLanguage\":\"fr-FR\",\"@id\":\"https:\/\/www.newslettercreator.com\/fr\/creer-template-newsletter-word\/#primaryimage\",\"url\":\"http:\/\/www.newslettercreator.com\/wp-content\/uploads\/2014\/02\/newsletter-template-microsoft-word-how-to.jpg\",\"contentUrl\":\"http:\/\/www.newslettercreator.com\/wp-content\/uploads\/2014\/02\/newsletter-template-microsoft-word-how-to.jpg\"},{\"@type\":\"BreadcrumbList\",\"@id\":\"https:\/\/www.newslettercreator.com\/fr\/creer-template-newsletter-word\/#breadcrumb\",\"itemListElement\":[{\"@type\":\"ListItem\",\"position\":1,\"name\":\"Home\",\"item\":\"https:\/\/www.newslettercreator.com\/fr\/\"},{\"@type\":\"ListItem\",\"position\":2,\"name\":\"Cr\u00e9er un template de newsletter avec Microsoft Word?\"}]},{\"@type\":\"WebSite\",\"@id\":\"https:\/\/www.newslettercreator.com\/#website\",\"url\":\"https:\/\/www.newslettercreator.com\/\",\"name\":\"Newsletter Creator\",\"description\":\"Pay off\",\"potentialAction\":[{\"@type\":\"SearchAction\",\"target\":{\"@type\":\"EntryPoint\",\"urlTemplate\":\"https:\/\/www.newslettercreator.com\/?s={search_term_string}\"},\"query-input\":{\"@type\":\"PropertyValueSpecification\",\"valueRequired\":true,\"valueName\":\"search_term_string\"}}],\"inLanguage\":\"fr-FR\"}]}<\/script>\n<!-- \/ Yoast SEO plugin. -->","yoast_head_json":{"title":"Cr\u00e9er un template de newsletter avec Microsoft Word? - Newsletter Creator","description":"Il est tentant de cr\u00e9er un template de newsletter en utilisant Microsoft Word. Mais c'est une tentation \u00e0 laquelle vous devriez r\u00e9sister: voici pourquoi.","robots":{"index":"index","follow":"follow","max-snippet":"max-snippet:-1","max-image-preview":"max-image-preview:large","max-video-preview":"max-video-preview:-1"},"canonical":"https:\/\/www.newslettercreator.com\/fr\/creer-template-newsletter-word\/","og_locale":"fr_FR","og_type":"article","og_title":"Cr\u00e9er un template de newsletter avec Microsoft Word? - Newsletter Creator","og_description":"Il est tentant de cr\u00e9er un template de newsletter en utilisant Microsoft Word. Mais c'est une tentation \u00e0 laquelle vous devriez r\u00e9sister: voici pourquoi.","og_url":"https:\/\/www.newslettercreator.com\/fr\/creer-template-newsletter-word\/","og_site_name":"Newsletter Creator","article_modified_time":"2015-03-02T11:11:05+00:00","og_image":[{"url":"http:\/\/www.newslettercreator.com\/wp-content\/uploads\/2014\/02\/newsletter-template-microsoft-word-how-to.jpg","type":"","width":"","height":""}],"twitter_misc":{"Dur\u00e9e de lecture estim\u00e9e":"1 minute"},"schema":{"@context":"https:\/\/schema.org","@graph":[{"@type":"WebPage","@id":"https:\/\/www.newslettercreator.com\/fr\/creer-template-newsletter-word\/","url":"https:\/\/www.newslettercreator.com\/fr\/creer-template-newsletter-word\/","name":"Cr\u00e9er un template de newsletter avec Microsoft Word? - Newsletter Creator","isPartOf":{"@id":"https:\/\/www.newslettercreator.com\/#website"},"primaryImageOfPage":{"@id":"https:\/\/www.newslettercreator.com\/fr\/creer-template-newsletter-word\/#primaryimage"},"image":{"@id":"https:\/\/www.newslettercreator.com\/fr\/creer-template-newsletter-word\/#primaryimage"},"thumbnailUrl":"http:\/\/www.newslettercreator.com\/wp-content\/uploads\/2014\/02\/newsletter-template-microsoft-word-how-to.jpg","datePublished":"2014-06-18T08:50:19+00:00","dateModified":"2015-03-02T11:11:05+00:00","description":"Il est tentant de cr\u00e9er un template de newsletter en utilisant Microsoft Word. Mais c'est une tentation \u00e0 laquelle vous devriez r\u00e9sister: voici pourquoi.","breadcrumb":{"@id":"https:\/\/www.newslettercreator.com\/fr\/creer-template-newsletter-word\/#breadcrumb"},"inLanguage":"fr-FR","potentialAction":[{"@type":"ReadAction","target":["https:\/\/www.newslettercreator.com\/fr\/creer-template-newsletter-word\/"]}]},{"@type":"ImageObject","inLanguage":"fr-FR","@id":"https:\/\/www.newslettercreator.com\/fr\/creer-template-newsletter-word\/#primaryimage","url":"http:\/\/www.newslettercreator.com\/wp-content\/uploads\/2014\/02\/newsletter-template-microsoft-word-how-to.jpg","contentUrl":"http:\/\/www.newslettercreator.com\/wp-content\/uploads\/2014\/02\/newsletter-template-microsoft-word-how-to.jpg"},{"@type":"BreadcrumbList","@id":"https:\/\/www.newslettercreator.com\/fr\/creer-template-newsletter-word\/#breadcrumb","itemListElement":[{"@type":"ListItem","position":1,"name":"Home","item":"https:\/\/www.newslettercreator.com\/fr\/"},{"@type":"ListItem","position":2,"name":"Cr\u00e9er un template de newsletter avec Microsoft Word?"}]},{"@type":"WebSite","@id":"https:\/\/www.newslettercreator.com\/#website","url":"https:\/\/www.newslettercreator.com\/","name":"Newsletter Creator","description":"Pay off","potentialAction":[{"@type":"SearchAction","target":{"@type":"EntryPoint","urlTemplate":"https:\/\/www.newslettercreator.com\/?s={search_term_string}"},"query-input":{"@type":"PropertyValueSpecification","valueRequired":true,"valueName":"search_term_string"}}],"inLanguage":"fr-FR"}]}},"_links":{"self":[{"href":"https:\/\/www.newslettercreator.com\/fr\/wp-json\/wp\/v2\/pages\/770","targetHints":{"allow":["GET"]}}],"collection":[{"href":"https:\/\/www.newslettercreator.com\/fr\/wp-json\/wp\/v2\/pages"}],"about":[{"href":"https:\/\/www.newslettercreator.com\/fr\/wp-json\/wp\/v2\/types\/page"}],"author":[{"embeddable":true,"href":"https:\/\/www.newslettercreator.com\/fr\/wp-json\/wp\/v2\/users\/1"}],"replies":[{"embeddable":true,"href":"https:\/\/www.newslettercreator.com\/fr\/wp-json\/wp\/v2\/comments?post=770"}],"version-history":[{"count":7,"href":"https:\/\/www.newslettercreator.com\/fr\/wp-json\/wp\/v2\/pages\/770\/revisions"}],"predecessor-version":[{"id":3211,"href":"https:\/\/www.newslettercreator.com\/fr\/wp-json\/wp\/v2\/pages\/770\/revisions\/3211"}],"wp:attachment":[{"href":"https:\/\/www.newslettercreator.com\/fr\/wp-json\/wp\/v2\/media?parent=770"}],"curies":[{"name":"wp","href":"https:\/\/api.w.org\/{rel}","templated":true}]}}