{"id":774,"date":"2014-06-18T08:58:57","date_gmt":"2014-06-18T08:58:57","guid":{"rendered":"http:\/\/www.newslettercreator.com\/?page_id=774"},"modified":"2015-01-13T09:34:37","modified_gmt":"2015-01-13T09:34:37","slug":"layout-email-pratiques","status":"publish","type":"page","link":"https:\/\/www.newslettercreator.com\/fr\/layout-email-pratiques\/","title":{"rendered":"Layout email: les meilleures pratiques"},"content":{"rendered":"<p><img decoding=\"async\" class=\"alignnone size-full wp-image-237\" src=\"http:\/\/www.newslettercreator.com\/wp-content\/uploads\/2014\/02\/email-layout-best-practices.jpg\" alt=\"Layout email: les meilleures pratiques\" width=\"649\" height=\"423\" \/><\/p>\n<p>Une recherche rapide sur Google vous donnera des dizaines de listes sur les <strong>meilleures pratiques pour cr\u00e9er un layout email<\/strong>: du codage HTML aux principes de conception de base, de la gestion des images \u00e0 l&rsquo;optimisation pour smartphones, vous allez apprendre ce qui est n\u00e9cessaire pour construire la mise en page d&rsquo;une <strong>newsletter impeccable<\/strong>.<\/p>\n<p>Parmi ces suggestions pour cr\u00e9er des <strong>mod\u00e8les ou layouts de courriels appropri\u00e9s<\/strong>, vous verrez par example que vous devriez toujours structurer votre contenu \u00e0 l&rsquo;aide des tableaux HTML; qu&rsquo;il est important de mettre des images avec des liens absolus; qu&rsquo;il est conseill\u00e9 d&rsquo;\u00e9viter les couleurs d&rsquo;arri\u00e8re-plan; que tout style CSS doit \u00eatre mis en ligne; que vous aurez toujours besoin de tester votre disposition sur diff\u00e9rents clients de messagerie. Etc., etc.<\/p>\n<p>Mais quoi faire si vous ne voulez pas passer des heures \u00e0 coder, ou vous ne savez m\u00eame pas comment le faire, et pourtant vous d\u00e9sirez donner \u00e0 votre contenu le <strong>template HTML de valeur qu&rsquo;il m\u00e9rite<\/strong>?<\/p>\n<p>Facile: <a title=\"logiciel cr\u00e9ation newsletter\" href=\"http:\/\/www.newslettercreator.com\/fr\/essayer-gratuitement\/\"><strong>utilisez MailStyler<\/strong><\/a>.<\/p>\n<p>MailStyler <strong>r\u00e9volutionne l&rsquo;approche \u00e0 la cr\u00e9ation des emails<\/strong>, en vous donnant une solution puissante pour construire des newsletters \u00e0 partir de z\u00e9ro, sans \u00e9crire une seule ligne de code. Vous ouvrez simplement notre \u00e9diteur WYISIWIG et <strong>glisser-d\u00e9posez tous les \u00e9l\u00e9ments n\u00e9cessaires pour votre layout<\/strong> &#8211; des blocs de texte, des boutons, des colonnes, un footer, etc. Ensuite, vous pouvez les modifier comme vous le souhaitez, et enregistrer ou exporter le template r\u00e9sultant, qui est pr\u00eat \u00e0 \u00eatre utilis\u00e9 sur n&rsquo;importe quel logiciel de messagerie.<\/p>\n<p>Surtout: chaque \u00e9l\u00e9ment pr\u00e9-con\u00e7u de MailStyler a \u00e9t\u00e9 soigneusement cod\u00e9 en HTML pour <strong>\u00eatre compatible avec tous les principaux clients de messagerie<\/strong>. Donc, peu importe comment vous les combinez pour cr\u00e9er votre propre bulletin, le r\u00e9sultat sera toujours affich\u00e9 parfaitement, peu importe le webmail ou l&rsquo;instrument sur lequel il est lu par vos destinataires.<\/p>\n<p>&nbsp;<\/p>\n<p style=\"text-align: center;\"><a class=\"button large orange\" style=\"margin-top: 20px; width: 157px; margin-right: 30px;\" title=\"T\u00e9l\u00e9charger Demo\" href=\"http:\/\/www.newslettercreator.com\/fr\/essayer-gratuitement\/\" target=\"_self\">T\u00c9L\u00c9CHARGER DEMO<\/a><a class=\"button large darkgray\" style=\"margin-top: 20px; width: 175px;\" title=\"Acheter Mailstyler Pro\" href=\"http:\/\/www.newslettercreator.com\/fr\/prix\/\" target=\"_self\">ACHETER MAILSTYLER PRO<\/a><\/p>\n<p style=\"text-align: center; font-size: 11px; margin-bottom: 30px;\">Derni\u00e8re version: 2.24.01.17 | Date de sortie: 17\/01\/2024 | Taille: 114.9 MB<br \/>\n<a href=\"http:\/\/www.newslettercreator.com\/fr\/accord-de-licence\/\" target=\"_blank\">Contrat de licence<\/a> | <a href=\"http:\/\/www.newslettercreator.com\/fr\/comment-desinstaller\/\" target=\"_blank\">Comment d\u00e9sinstaller<\/a><\/p>\n","protected":false},"excerpt":{"rendered":"<p>Une recherche rapide sur Google vous donnera des dizaines de listes sur les meilleures pratiques pour cr\u00e9er un layout email: du codage HTML aux principes de conception de base, de la gestion des images \u00e0 l&rsquo;optimisation pour smartphones, vous allez apprendre ce qui est n\u00e9cessaire pour construire la mise en page d&rsquo;une newsletter impeccable. Parmi [&hellip;]<\/p>\n","protected":false},"author":1,"featured_media":0,"parent":0,"menu_order":0,"comment_status":"closed","ping_status":"closed","template":"g1_template_page_sidebar_right.php","meta":{"inline_featured_image":false,"_monsterinsights_skip_tracking":false,"_monsterinsights_sitenote_active":false,"_monsterinsights_sitenote_note":"","_monsterinsights_sitenote_category":0,"footnotes":""},"class_list":["post-774","page","type-page","status-publish"],"yoast_head":"<!-- This site is optimized with the Yoast SEO plugin v25.2 - https:\/\/yoast.com\/wordpress\/plugins\/seo\/ -->\n<title>Layout email: les meilleures pratiques - Newsletter Creator<\/title>\n<meta name=\"description\" content=\"D\u00e9couvrir les meilleurs pratiques pour la cr\u00e9ation d&#039;un layout email est essentiel quand il s&#039;agit d&#039;organiser une campagne de newsletter marketing.\" \/>\n<meta name=\"robots\" content=\"index, follow, max-snippet:-1, max-image-preview:large, max-video-preview:-1\" \/>\n<link rel=\"canonical\" href=\"https:\/\/www.newslettercreator.com\/fr\/layout-email-pratiques\/\" \/>\n<meta property=\"og:locale\" content=\"fr_FR\" \/>\n<meta property=\"og:type\" content=\"article\" \/>\n<meta property=\"og:title\" content=\"Layout email: les meilleures pratiques - Newsletter Creator\" \/>\n<meta property=\"og:description\" content=\"D\u00e9couvrir les meilleurs pratiques pour la cr\u00e9ation d&#039;un layout email est essentiel quand il s&#039;agit d&#039;organiser une campagne de newsletter marketing.\" \/>\n<meta property=\"og:url\" content=\"https:\/\/www.newslettercreator.com\/fr\/layout-email-pratiques\/\" \/>\n<meta property=\"og:site_name\" content=\"Newsletter Creator\" \/>\n<meta property=\"article:modified_time\" content=\"2015-01-13T09:34:37+00:00\" \/>\n<meta property=\"og:image\" content=\"http:\/\/www.newslettercreator.com\/wp-content\/uploads\/2014\/02\/email-layout-best-practices.jpg\" \/>\n<meta name=\"twitter:label1\" content=\"Dur\u00e9e de lecture estim\u00e9e\" \/>\n\t<meta name=\"twitter:data1\" content=\"2 minutes\" \/>\n<script type=\"application\/ld+json\" class=\"yoast-schema-graph\">{\"@context\":\"https:\/\/schema.org\",\"@graph\":[{\"@type\":\"WebPage\",\"@id\":\"https:\/\/www.newslettercreator.com\/fr\/layout-email-pratiques\/\",\"url\":\"https:\/\/www.newslettercreator.com\/fr\/layout-email-pratiques\/\",\"name\":\"Layout email: les meilleures pratiques - Newsletter Creator\",\"isPartOf\":{\"@id\":\"https:\/\/www.newslettercreator.com\/#website\"},\"primaryImageOfPage\":{\"@id\":\"https:\/\/www.newslettercreator.com\/fr\/layout-email-pratiques\/#primaryimage\"},\"image\":{\"@id\":\"https:\/\/www.newslettercreator.com\/fr\/layout-email-pratiques\/#primaryimage\"},\"thumbnailUrl\":\"http:\/\/www.newslettercreator.com\/wp-content\/uploads\/2014\/02\/email-layout-best-practices.jpg\",\"datePublished\":\"2014-06-18T08:58:57+00:00\",\"dateModified\":\"2015-01-13T09:34:37+00:00\",\"description\":\"D\u00e9couvrir les meilleurs pratiques pour la cr\u00e9ation d'un layout email est essentiel quand il s'agit d'organiser une campagne de newsletter marketing.\",\"breadcrumb\":{\"@id\":\"https:\/\/www.newslettercreator.com\/fr\/layout-email-pratiques\/#breadcrumb\"},\"inLanguage\":\"fr-FR\",\"potentialAction\":[{\"@type\":\"ReadAction\",\"target\":[\"https:\/\/www.newslettercreator.com\/fr\/layout-email-pratiques\/\"]}]},{\"@type\":\"ImageObject\",\"inLanguage\":\"fr-FR\",\"@id\":\"https:\/\/www.newslettercreator.com\/fr\/layout-email-pratiques\/#primaryimage\",\"url\":\"http:\/\/www.newslettercreator.com\/wp-content\/uploads\/2014\/02\/email-layout-best-practices.jpg\",\"contentUrl\":\"http:\/\/www.newslettercreator.com\/wp-content\/uploads\/2014\/02\/email-layout-best-practices.jpg\"},{\"@type\":\"BreadcrumbList\",\"@id\":\"https:\/\/www.newslettercreator.com\/fr\/layout-email-pratiques\/#breadcrumb\",\"itemListElement\":[{\"@type\":\"ListItem\",\"position\":1,\"name\":\"Home\",\"item\":\"https:\/\/www.newslettercreator.com\/fr\/\"},{\"@type\":\"ListItem\",\"position\":2,\"name\":\"Layout email: les meilleures pratiques\"}]},{\"@type\":\"WebSite\",\"@id\":\"https:\/\/www.newslettercreator.com\/#website\",\"url\":\"https:\/\/www.newslettercreator.com\/\",\"name\":\"Newsletter Creator\",\"description\":\"Pay off\",\"potentialAction\":[{\"@type\":\"SearchAction\",\"target\":{\"@type\":\"EntryPoint\",\"urlTemplate\":\"https:\/\/www.newslettercreator.com\/?s={search_term_string}\"},\"query-input\":{\"@type\":\"PropertyValueSpecification\",\"valueRequired\":true,\"valueName\":\"search_term_string\"}}],\"inLanguage\":\"fr-FR\"}]}<\/script>\n<!-- \/ Yoast SEO plugin. -->","yoast_head_json":{"title":"Layout email: les meilleures pratiques - Newsletter Creator","description":"D\u00e9couvrir les meilleurs pratiques pour la cr\u00e9ation d'un layout email est essentiel quand il s'agit d'organiser une campagne de newsletter marketing.","robots":{"index":"index","follow":"follow","max-snippet":"max-snippet:-1","max-image-preview":"max-image-preview:large","max-video-preview":"max-video-preview:-1"},"canonical":"https:\/\/www.newslettercreator.com\/fr\/layout-email-pratiques\/","og_locale":"fr_FR","og_type":"article","og_title":"Layout email: les meilleures pratiques - Newsletter Creator","og_description":"D\u00e9couvrir les meilleurs pratiques pour la cr\u00e9ation d'un layout email est essentiel quand il s'agit d'organiser une campagne de newsletter marketing.","og_url":"https:\/\/www.newslettercreator.com\/fr\/layout-email-pratiques\/","og_site_name":"Newsletter Creator","article_modified_time":"2015-01-13T09:34:37+00:00","og_image":[{"url":"http:\/\/www.newslettercreator.com\/wp-content\/uploads\/2014\/02\/email-layout-best-practices.jpg","type":"","width":"","height":""}],"twitter_misc":{"Dur\u00e9e de lecture estim\u00e9e":"2 minutes"},"schema":{"@context":"https:\/\/schema.org","@graph":[{"@type":"WebPage","@id":"https:\/\/www.newslettercreator.com\/fr\/layout-email-pratiques\/","url":"https:\/\/www.newslettercreator.com\/fr\/layout-email-pratiques\/","name":"Layout email: les meilleures pratiques - Newsletter Creator","isPartOf":{"@id":"https:\/\/www.newslettercreator.com\/#website"},"primaryImageOfPage":{"@id":"https:\/\/www.newslettercreator.com\/fr\/layout-email-pratiques\/#primaryimage"},"image":{"@id":"https:\/\/www.newslettercreator.com\/fr\/layout-email-pratiques\/#primaryimage"},"thumbnailUrl":"http:\/\/www.newslettercreator.com\/wp-content\/uploads\/2014\/02\/email-layout-best-practices.jpg","datePublished":"2014-06-18T08:58:57+00:00","dateModified":"2015-01-13T09:34:37+00:00","description":"D\u00e9couvrir les meilleurs pratiques pour la cr\u00e9ation d'un layout email est essentiel quand il s'agit d'organiser une campagne de newsletter marketing.","breadcrumb":{"@id":"https:\/\/www.newslettercreator.com\/fr\/layout-email-pratiques\/#breadcrumb"},"inLanguage":"fr-FR","potentialAction":[{"@type":"ReadAction","target":["https:\/\/www.newslettercreator.com\/fr\/layout-email-pratiques\/"]}]},{"@type":"ImageObject","inLanguage":"fr-FR","@id":"https:\/\/www.newslettercreator.com\/fr\/layout-email-pratiques\/#primaryimage","url":"http:\/\/www.newslettercreator.com\/wp-content\/uploads\/2014\/02\/email-layout-best-practices.jpg","contentUrl":"http:\/\/www.newslettercreator.com\/wp-content\/uploads\/2014\/02\/email-layout-best-practices.jpg"},{"@type":"BreadcrumbList","@id":"https:\/\/www.newslettercreator.com\/fr\/layout-email-pratiques\/#breadcrumb","itemListElement":[{"@type":"ListItem","position":1,"name":"Home","item":"https:\/\/www.newslettercreator.com\/fr\/"},{"@type":"ListItem","position":2,"name":"Layout email: les meilleures pratiques"}]},{"@type":"WebSite","@id":"https:\/\/www.newslettercreator.com\/#website","url":"https:\/\/www.newslettercreator.com\/","name":"Newsletter Creator","description":"Pay off","potentialAction":[{"@type":"SearchAction","target":{"@type":"EntryPoint","urlTemplate":"https:\/\/www.newslettercreator.com\/?s={search_term_string}"},"query-input":{"@type":"PropertyValueSpecification","valueRequired":true,"valueName":"search_term_string"}}],"inLanguage":"fr-FR"}]}},"_links":{"self":[{"href":"https:\/\/www.newslettercreator.com\/fr\/wp-json\/wp\/v2\/pages\/774","targetHints":{"allow":["GET"]}}],"collection":[{"href":"https:\/\/www.newslettercreator.com\/fr\/wp-json\/wp\/v2\/pages"}],"about":[{"href":"https:\/\/www.newslettercreator.com\/fr\/wp-json\/wp\/v2\/types\/page"}],"author":[{"embeddable":true,"href":"https:\/\/www.newslettercreator.com\/fr\/wp-json\/wp\/v2\/users\/1"}],"replies":[{"embeddable":true,"href":"https:\/\/www.newslettercreator.com\/fr\/wp-json\/wp\/v2\/comments?post=774"}],"version-history":[{"count":4,"href":"https:\/\/www.newslettercreator.com\/fr\/wp-json\/wp\/v2\/pages\/774\/revisions"}],"predecessor-version":[{"id":2873,"href":"https:\/\/www.newslettercreator.com\/fr\/wp-json\/wp\/v2\/pages\/774\/revisions\/2873"}],"wp:attachment":[{"href":"https:\/\/www.newslettercreator.com\/fr\/wp-json\/wp\/v2\/media?parent=774"}],"curies":[{"name":"wp","href":"https:\/\/api.w.org\/{rel}","templated":true}]}}