{"id":778,"date":"2014-06-18T09:06:27","date_gmt":"2014-06-18T09:06:27","guid":{"rendered":"http:\/\/www.newslettercreator.com\/?page_id=778"},"modified":"2015-01-13T09:32:34","modified_gmt":"2015-01-13T09:32:34","slug":"creer-template-newsletter","status":"publish","type":"page","link":"https:\/\/www.newslettercreator.com\/fr\/creer-template-newsletter\/","title":{"rendered":"Comment cr\u00e9er un template pour newsletter"},"content":{"rendered":"<p><img decoding=\"async\" class=\"alignnone size-full wp-image-237\" src=\"http:\/\/www.newslettercreator.com\/wp-content\/uploads\/2014\/02\/email-newsletter-template-how-to.jpg\" alt=\"Comment cr\u00e9er un template pour newsletter\" width=\"649\" height=\"423\" srcset=\"https:\/\/www.newslettercreator.com\/wp-content\/uploads\/2014\/02\/email-newsletter-template-how-to.jpg 649w, https:\/\/www.newslettercreator.com\/wp-content\/uploads\/2014\/02\/email-newsletter-template-how-to-300x195.jpg 300w\" sizes=\"(max-width: 649px) 100vw, 649px\" \/><\/p>\n<p>Peu de choses sont importantes comme un bon <strong>template pour votre newsletter<\/strong>, quand il s&rsquo;agit de faire du <strong>marketing par courriel<\/strong>. Et ce n&rsquo;est pas seulement une question d&rsquo;esth\u00e9tique: un design clair est l\u00e9ger est essentiel pour attirer le lecteur et v\u00e9hiculer la <strong>call to action<\/strong>. \u00c0 dire, pour tirer le meilleur parti de votre mailing, que ce soit un newsletter ou une offre commerciale.<\/p>\n<p>Mais il y a plus. Seulement un <a title=\"cr\u00e9er newsletter HTML\" href=\"http:\/\/www.newslettercreator.com\/fr\/creer-newsletter-html\/\"><strong>mod\u00e8le professionnel en HTML<\/strong><\/a> peut assurer que votre email sera <strong>affich\u00e9 de la m\u00eame mani\u00e8re<\/strong> sur tous les clients de messagerie et les webmails les plus populaires. De plus, gr\u00e2ce au format HTML, il sera possible de <strong>suivre les actions<\/strong> de tous les destinataires (en obtenant des donn\u00e9es utiles comme le taux d&rsquo;ouverture, le taux de clic etc.)<\/p>\n<p>Alors, <strong>comment obtenir un bon template de newsletter HTML<\/strong>? Il y a essentiellement deux options: acheter (ou l&rsquo;obtenir gratuitement) un mod\u00e8le d\u00e9j\u00e0 fait, ou d&rsquo;en cr\u00e9er un propre.<\/p>\n<p>En ce qui concerne le premier choix, le principal inconv\u00e9nient est que peu importe la qualit\u00e9 du mod\u00e8le, <strong>il ne sera jamais compl\u00e8tement sur mesure<\/strong> pour votre activit\u00e9. Il s&rsquo;adaptera \u00e0 la cat\u00e9gorie g\u00e9n\u00e9rale de votre entreprise, mais la v\u00e9rit\u00e9 est qu&rsquo;une mise en page enti\u00e8rement personnalis\u00e9e est un genre d&rsquo;histoire compl\u00e8tement diff\u00e9rent.<\/p>\n<p>De l&rsquo;autre c\u00f4t\u00e9, la <strong>cr\u00e9ation d&rsquo;un mod\u00e8le de courriel<\/strong> \u00e0 partir de z\u00e9ro peut \u00eatre tr\u00e8s difficile, surtout pour les d\u00e9butants ou les personnes qui n&rsquo;ont pas de comp\u00e9tences techniques. Heureusement, <strong>voici MailStyler<\/strong>: notre logiciel pour la cr\u00e9ation des newsletters vous aidera \u00e0 construire votre propre template <strong>sans avoir besoin de codage HTML\/CSS<\/strong>.<\/p>\n<p>Profitant de l&rsquo;interface WYSIWYG de MailStyler, vous serez en mesure de composer une template <strong>\u00e0 partir d&rsquo;une large s\u00e9rie de blocs standard<\/strong> (d\u00e9j\u00e0 test\u00e9s pour \u00eatre compatible avec tous les clients de messagerie) et de le personnaliser comme vous le souhaitez, avec un simple s\u00e9rie de <strong>glisser-d\u00e9poser<\/strong>. En obtenant ainsi <strong>le meilleur design pour votre campagne d&#8217;email<\/strong>.<\/p>\n<p>&nbsp;<\/p>\n<p style=\"text-align: center;\"><a class=\"button large orange\" style=\"margin-top: 20px; width: 157px; margin-right: 30px;\" title=\"T\u00e9l\u00e9charger Demo\" href=\"http:\/\/www.newslettercreator.com\/fr\/essayer-gratuitement\/\" target=\"_self\">T\u00c9L\u00c9CHARGER DEMO<\/a><a class=\"button large darkgray\" style=\"margin-top: 20px; width: 175px;\" title=\"Acheter Mailstyler Pro\" href=\"http:\/\/www.newslettercreator.com\/fr\/prix\/\" target=\"_self\">ACHETER MAILSTYLER PRO<\/a><\/p>\n<p style=\"text-align: center; font-size: 11px; margin-bottom: 30px;\">Derni\u00e8re version: 2.24.01.17 | Date de sortie: 17\/01\/2024 | Taille: 114.9 MB<br \/>\n<a href=\"http:\/\/www.newslettercreator.com\/fr\/accord-de-licence\/\" target=\"_blank\">Contrat de licence<\/a> | <a href=\"http:\/\/www.newslettercreator.com\/fr\/comment-desinstaller\/\" target=\"_blank\">Comment d\u00e9sinstaller<\/a><\/p>\n","protected":false},"excerpt":{"rendered":"<p>Peu de choses sont importantes comme un bon template pour votre newsletter, quand il s&rsquo;agit de faire du marketing par courriel. Et ce n&rsquo;est pas seulement une question d&rsquo;esth\u00e9tique: un design clair est l\u00e9ger est essentiel pour attirer le lecteur et v\u00e9hiculer la call to action. \u00c0 dire, pour tirer le meilleur parti de votre [&hellip;]<\/p>\n","protected":false},"author":1,"featured_media":0,"parent":0,"menu_order":0,"comment_status":"closed","ping_status":"closed","template":"g1_template_page_sidebar_right.php","meta":{"inline_featured_image":false,"_monsterinsights_skip_tracking":false,"_monsterinsights_sitenote_active":false,"_monsterinsights_sitenote_note":"","_monsterinsights_sitenote_category":0,"footnotes":""},"class_list":["post-778","page","type-page","status-publish"],"yoast_head":"<!-- This site is optimized with the Yoast SEO plugin v25.2 - https:\/\/yoast.com\/wordpress\/plugins\/seo\/ -->\n<title>Comment cr\u00e9er un template pour newsletter - Newsletter Creator<\/title>\n<meta name=\"description\" content=\"Peu de choses sont importantes comme un bon template pour votre newsletter: et avec MailStyler, vous pouvez le cr\u00e9er dans quelques clics.\" \/>\n<meta name=\"robots\" content=\"index, follow, max-snippet:-1, max-image-preview:large, max-video-preview:-1\" \/>\n<link rel=\"canonical\" href=\"https:\/\/www.newslettercreator.com\/fr\/creer-template-newsletter\/\" \/>\n<meta property=\"og:locale\" content=\"fr_FR\" \/>\n<meta property=\"og:type\" content=\"article\" \/>\n<meta property=\"og:title\" content=\"Comment cr\u00e9er un template pour newsletter - Newsletter Creator\" \/>\n<meta property=\"og:description\" content=\"Peu de choses sont importantes comme un bon template pour votre newsletter: et avec MailStyler, vous pouvez le cr\u00e9er dans quelques clics.\" \/>\n<meta property=\"og:url\" content=\"https:\/\/www.newslettercreator.com\/fr\/creer-template-newsletter\/\" \/>\n<meta property=\"og:site_name\" content=\"Newsletter Creator\" \/>\n<meta property=\"article:modified_time\" content=\"2015-01-13T09:32:34+00:00\" \/>\n<meta property=\"og:image\" content=\"http:\/\/www.newslettercreator.com\/wp-content\/uploads\/2014\/02\/email-newsletter-template-how-to.jpg\" \/>\n<meta name=\"twitter:label1\" content=\"Dur\u00e9e de lecture estim\u00e9e\" \/>\n\t<meta name=\"twitter:data1\" content=\"2 minutes\" \/>\n<script type=\"application\/ld+json\" class=\"yoast-schema-graph\">{\"@context\":\"https:\/\/schema.org\",\"@graph\":[{\"@type\":\"WebPage\",\"@id\":\"https:\/\/www.newslettercreator.com\/fr\/creer-template-newsletter\/\",\"url\":\"https:\/\/www.newslettercreator.com\/fr\/creer-template-newsletter\/\",\"name\":\"Comment cr\u00e9er un template pour newsletter - Newsletter Creator\",\"isPartOf\":{\"@id\":\"https:\/\/www.newslettercreator.com\/#website\"},\"primaryImageOfPage\":{\"@id\":\"https:\/\/www.newslettercreator.com\/fr\/creer-template-newsletter\/#primaryimage\"},\"image\":{\"@id\":\"https:\/\/www.newslettercreator.com\/fr\/creer-template-newsletter\/#primaryimage\"},\"thumbnailUrl\":\"http:\/\/www.newslettercreator.com\/wp-content\/uploads\/2014\/02\/email-newsletter-template-how-to.jpg\",\"datePublished\":\"2014-06-18T09:06:27+00:00\",\"dateModified\":\"2015-01-13T09:32:34+00:00\",\"description\":\"Peu de choses sont importantes comme un bon template pour votre newsletter: et avec MailStyler, vous pouvez le cr\u00e9er dans quelques clics.\",\"breadcrumb\":{\"@id\":\"https:\/\/www.newslettercreator.com\/fr\/creer-template-newsletter\/#breadcrumb\"},\"inLanguage\":\"fr-FR\",\"potentialAction\":[{\"@type\":\"ReadAction\",\"target\":[\"https:\/\/www.newslettercreator.com\/fr\/creer-template-newsletter\/\"]}]},{\"@type\":\"ImageObject\",\"inLanguage\":\"fr-FR\",\"@id\":\"https:\/\/www.newslettercreator.com\/fr\/creer-template-newsletter\/#primaryimage\",\"url\":\"http:\/\/www.newslettercreator.com\/wp-content\/uploads\/2014\/02\/email-newsletter-template-how-to.jpg\",\"contentUrl\":\"http:\/\/www.newslettercreator.com\/wp-content\/uploads\/2014\/02\/email-newsletter-template-how-to.jpg\"},{\"@type\":\"BreadcrumbList\",\"@id\":\"https:\/\/www.newslettercreator.com\/fr\/creer-template-newsletter\/#breadcrumb\",\"itemListElement\":[{\"@type\":\"ListItem\",\"position\":1,\"name\":\"Home\",\"item\":\"https:\/\/www.newslettercreator.com\/fr\/\"},{\"@type\":\"ListItem\",\"position\":2,\"name\":\"Comment cr\u00e9er un template pour newsletter\"}]},{\"@type\":\"WebSite\",\"@id\":\"https:\/\/www.newslettercreator.com\/#website\",\"url\":\"https:\/\/www.newslettercreator.com\/\",\"name\":\"Newsletter Creator\",\"description\":\"Pay off\",\"potentialAction\":[{\"@type\":\"SearchAction\",\"target\":{\"@type\":\"EntryPoint\",\"urlTemplate\":\"https:\/\/www.newslettercreator.com\/?s={search_term_string}\"},\"query-input\":{\"@type\":\"PropertyValueSpecification\",\"valueRequired\":true,\"valueName\":\"search_term_string\"}}],\"inLanguage\":\"fr-FR\"}]}<\/script>\n<!-- \/ Yoast SEO plugin. -->","yoast_head_json":{"title":"Comment cr\u00e9er un template pour newsletter - Newsletter Creator","description":"Peu de choses sont importantes comme un bon template pour votre newsletter: et avec MailStyler, vous pouvez le cr\u00e9er dans quelques clics.","robots":{"index":"index","follow":"follow","max-snippet":"max-snippet:-1","max-image-preview":"max-image-preview:large","max-video-preview":"max-video-preview:-1"},"canonical":"https:\/\/www.newslettercreator.com\/fr\/creer-template-newsletter\/","og_locale":"fr_FR","og_type":"article","og_title":"Comment cr\u00e9er un template pour newsletter - Newsletter Creator","og_description":"Peu de choses sont importantes comme un bon template pour votre newsletter: et avec MailStyler, vous pouvez le cr\u00e9er dans quelques clics.","og_url":"https:\/\/www.newslettercreator.com\/fr\/creer-template-newsletter\/","og_site_name":"Newsletter Creator","article_modified_time":"2015-01-13T09:32:34+00:00","og_image":[{"url":"http:\/\/www.newslettercreator.com\/wp-content\/uploads\/2014\/02\/email-newsletter-template-how-to.jpg","type":"","width":"","height":""}],"twitter_misc":{"Dur\u00e9e de lecture estim\u00e9e":"2 minutes"},"schema":{"@context":"https:\/\/schema.org","@graph":[{"@type":"WebPage","@id":"https:\/\/www.newslettercreator.com\/fr\/creer-template-newsletter\/","url":"https:\/\/www.newslettercreator.com\/fr\/creer-template-newsletter\/","name":"Comment cr\u00e9er un template pour newsletter - Newsletter Creator","isPartOf":{"@id":"https:\/\/www.newslettercreator.com\/#website"},"primaryImageOfPage":{"@id":"https:\/\/www.newslettercreator.com\/fr\/creer-template-newsletter\/#primaryimage"},"image":{"@id":"https:\/\/www.newslettercreator.com\/fr\/creer-template-newsletter\/#primaryimage"},"thumbnailUrl":"http:\/\/www.newslettercreator.com\/wp-content\/uploads\/2014\/02\/email-newsletter-template-how-to.jpg","datePublished":"2014-06-18T09:06:27+00:00","dateModified":"2015-01-13T09:32:34+00:00","description":"Peu de choses sont importantes comme un bon template pour votre newsletter: et avec MailStyler, vous pouvez le cr\u00e9er dans quelques clics.","breadcrumb":{"@id":"https:\/\/www.newslettercreator.com\/fr\/creer-template-newsletter\/#breadcrumb"},"inLanguage":"fr-FR","potentialAction":[{"@type":"ReadAction","target":["https:\/\/www.newslettercreator.com\/fr\/creer-template-newsletter\/"]}]},{"@type":"ImageObject","inLanguage":"fr-FR","@id":"https:\/\/www.newslettercreator.com\/fr\/creer-template-newsletter\/#primaryimage","url":"http:\/\/www.newslettercreator.com\/wp-content\/uploads\/2014\/02\/email-newsletter-template-how-to.jpg","contentUrl":"http:\/\/www.newslettercreator.com\/wp-content\/uploads\/2014\/02\/email-newsletter-template-how-to.jpg"},{"@type":"BreadcrumbList","@id":"https:\/\/www.newslettercreator.com\/fr\/creer-template-newsletter\/#breadcrumb","itemListElement":[{"@type":"ListItem","position":1,"name":"Home","item":"https:\/\/www.newslettercreator.com\/fr\/"},{"@type":"ListItem","position":2,"name":"Comment cr\u00e9er un template pour newsletter"}]},{"@type":"WebSite","@id":"https:\/\/www.newslettercreator.com\/#website","url":"https:\/\/www.newslettercreator.com\/","name":"Newsletter Creator","description":"Pay off","potentialAction":[{"@type":"SearchAction","target":{"@type":"EntryPoint","urlTemplate":"https:\/\/www.newslettercreator.com\/?s={search_term_string}"},"query-input":{"@type":"PropertyValueSpecification","valueRequired":true,"valueName":"search_term_string"}}],"inLanguage":"fr-FR"}]}},"_links":{"self":[{"href":"https:\/\/www.newslettercreator.com\/fr\/wp-json\/wp\/v2\/pages\/778","targetHints":{"allow":["GET"]}}],"collection":[{"href":"https:\/\/www.newslettercreator.com\/fr\/wp-json\/wp\/v2\/pages"}],"about":[{"href":"https:\/\/www.newslettercreator.com\/fr\/wp-json\/wp\/v2\/types\/page"}],"author":[{"embeddable":true,"href":"https:\/\/www.newslettercreator.com\/fr\/wp-json\/wp\/v2\/users\/1"}],"replies":[{"embeddable":true,"href":"https:\/\/www.newslettercreator.com\/fr\/wp-json\/wp\/v2\/comments?post=778"}],"version-history":[{"count":6,"href":"https:\/\/www.newslettercreator.com\/fr\/wp-json\/wp\/v2\/pages\/778\/revisions"}],"predecessor-version":[{"id":2870,"href":"https:\/\/www.newslettercreator.com\/fr\/wp-json\/wp\/v2\/pages\/778\/revisions\/2870"}],"wp:attachment":[{"href":"https:\/\/www.newslettercreator.com\/fr\/wp-json\/wp\/v2\/media?parent=778"}],"curies":[{"name":"wp","href":"https:\/\/api.w.org\/{rel}","templated":true}]}}