{"id":780,"date":"2014-06-18T09:22:53","date_gmt":"2014-06-18T09:22:53","guid":{"rendered":"http:\/\/www.newslettercreator.com\/?page_id=780"},"modified":"2015-01-13T09:41:41","modified_gmt":"2015-01-13T09:41:41","slug":"email-design","status":"publish","type":"page","link":"https:\/\/www.newslettercreator.com\/fr\/email-design\/","title":{"rendered":"Email design"},"content":{"rendered":"<p>Tous les conseils les plus r\u00e9cents et les plus int\u00e9ressants sur le design des emails, pour donner \u00e0 votre newsletter un look innovant et efficace.<\/p>\n<p>&nbsp;<\/p>\n<div id=\"g1-box-counter-1\" class=\"g1-box g1-box--solid  g1-box--noicon\" ><div class=\"g1-box__inner\">\n<h3><a href='\/fr\/creer-modele-newsletter\/' title='Comment cr\u00e9er un mod\u00e8le de newsletter'>Comment cr\u00e9er un mod\u00e8le de newsletter<\/a><\/h3>\n<p>Il y a beaucoup de bonnes suggestions sur comment cr\u00e9er un mod\u00e8le efficace de newsletter&#8230;<br \/>\n<\/div><\/div>\n<div id=\"g1-box-counter-2\" class=\"g1-box g1-box--solid  g1-box--noicon\" ><div class=\"g1-box__inner\">\n<h3><a href='\/fr\/creer-mise-en-page-newsletter\/' title='Comment cr\u00e9er la mise en page de une newsletter'>Comment cr\u00e9er la mise en page d&rsquo;une newsletter<\/a><\/h3>\n<p>Par o\u00f9 commencer quand il s&rsquo;agit de cr\u00e9er la mise en page pour une newsletter&#8230;<br \/>\n<\/div><\/div>\n<div id=\"g1-box-counter-3\" class=\"g1-box g1-box--solid  g1-box--noicon\" ><div class=\"g1-box__inner\">\n<h3><a href='\/fr\/creer-newsletter-html\/' title='Comment cr\u00e9er une newsletter HTML'>Comment cr\u00e9er une newsletter HTML<\/a><\/h3>\n<p>Est-il possible de cr\u00e9er votre propre newsletter en HTML sans rien conna\u00eetre du HTML lui-m\u00eame&#8230;<br \/>\n<\/div><\/div>\n<div id=\"g1-box-counter-4\" class=\"g1-box g1-box--solid  g1-box--noicon\" ><div class=\"g1-box__inner\">\n<h3><a href='\/fr\/creer-signature-email\/' title='Comment cr\u00e9er la signature de un email'>Comment cr\u00e9er la signature d&rsquo;un email<\/a><\/h3>\n<p>La signature d&rsquo;un email est un moyen tr\u00e8s logique de completer le message, juste comme une lettre de papier&#8230;<br \/>\n<\/div><\/div>\n<div id=\"g1-box-counter-5\" class=\"g1-box g1-box--solid  g1-box--noicon\" ><div class=\"g1-box__inner\">\n<h3><a href='\/fr\/modifier-modele-email\/' title='Comment modifier un mod\u00e8le de email'>Comment modifier un mod\u00e8le d&#8217;email<\/a><\/h3>\n<p>Cr\u00e9er et modifier un mod\u00e8le d&#8217;email peut \u00eatre assez difficile si vous n&rsquo;\u00eates pas un codeur&#8230;<br \/>\n<\/div><\/div>\n<div id=\"g1-box-counter-6\" class=\"g1-box g1-box--solid  g1-box--noicon\" ><div class=\"g1-box__inner\">\n<h3><a href='\/fr\/editeur-newsletter\/' title='\u00c9diteur de newsletter'>\u00c9diteur de newsletter<\/a><\/h3>\n<p>Un \u00e9diteur de newsletter d\u00e9di\u00e9 pour votre campagne d&#8217;email est essentiel si vous voulez obtenir des r\u00e9sultats vraiment professionnels&#8230;<br \/>\n<\/div><\/div>\n<div id=\"g1-box-counter-7\" class=\"g1-box g1-box--solid  g1-box--noicon\" ><div class=\"g1-box__inner\">\n<h3><a href='\/fr\/design-newsletter\/' title='Le design de une newsletter'>Le design d&rsquo;une newsletter<\/a><\/h3>\n<p>Le design d&rsquo;une newsletter est g\u00e9n\u00e9ralement consid\u00e9r\u00e9 comme l&rsquo;une des t\u00e2ches les plus d\u00e9licates de la mise en place&#8230;<br \/>\n<\/div><\/div>\n","protected":false},"excerpt":{"rendered":"<p>Tous les conseils les plus r\u00e9cents et les plus int\u00e9ressants sur le design des emails, pour donner \u00e0 votre newsletter un look innovant et efficace. &nbsp;<\/p>\n","protected":false},"author":1,"featured_media":0,"parent":0,"menu_order":0,"comment_status":"closed","ping_status":"closed","template":"g1_template_page_sidebar_right.php","meta":{"inline_featured_image":false,"_monsterinsights_skip_tracking":false,"_monsterinsights_sitenote_active":false,"_monsterinsights_sitenote_note":"","_monsterinsights_sitenote_category":0,"footnotes":""},"class_list":["post-780","page","type-page","status-publish"],"yoast_head":"<!-- This site is optimized with the Yoast SEO plugin v25.2 - https:\/\/yoast.com\/wordpress\/plugins\/seo\/ -->\n<title>Email design - Newsletter Creator<\/title>\n<meta name=\"robots\" content=\"index, follow, max-snippet:-1, max-image-preview:large, max-video-preview:-1\" \/>\n<link rel=\"canonical\" href=\"https:\/\/www.newslettercreator.com\/fr\/email-design\/\" \/>\n<meta property=\"og:locale\" content=\"fr_FR\" \/>\n<meta property=\"og:type\" content=\"article\" \/>\n<meta property=\"og:title\" content=\"Email design - Newsletter Creator\" \/>\n<meta property=\"og:description\" content=\"Tous les conseils les plus r\u00e9cents et les plus int\u00e9ressants sur le design des emails, pour donner \u00e0 votre newsletter un look innovant et efficace. &nbsp;\" \/>\n<meta property=\"og:url\" content=\"https:\/\/www.newslettercreator.com\/fr\/email-design\/\" \/>\n<meta property=\"og:site_name\" content=\"Newsletter Creator\" \/>\n<meta property=\"article:modified_time\" content=\"2015-01-13T09:41:41+00:00\" \/>\n<meta name=\"twitter:label1\" content=\"Dur\u00e9e de lecture estim\u00e9e\" \/>\n\t<meta name=\"twitter:data1\" content=\"1 minute\" \/>\n<script type=\"application\/ld+json\" class=\"yoast-schema-graph\">{\"@context\":\"https:\/\/schema.org\",\"@graph\":[{\"@type\":\"WebPage\",\"@id\":\"https:\/\/www.newslettercreator.com\/fr\/email-design\/\",\"url\":\"https:\/\/www.newslettercreator.com\/fr\/email-design\/\",\"name\":\"Email design - Newsletter Creator\",\"isPartOf\":{\"@id\":\"https:\/\/www.newslettercreator.com\/#website\"},\"datePublished\":\"2014-06-18T09:22:53+00:00\",\"dateModified\":\"2015-01-13T09:41:41+00:00\",\"breadcrumb\":{\"@id\":\"https:\/\/www.newslettercreator.com\/fr\/email-design\/#breadcrumb\"},\"inLanguage\":\"fr-FR\",\"potentialAction\":[{\"@type\":\"ReadAction\",\"target\":[\"https:\/\/www.newslettercreator.com\/fr\/email-design\/\"]}]},{\"@type\":\"BreadcrumbList\",\"@id\":\"https:\/\/www.newslettercreator.com\/fr\/email-design\/#breadcrumb\",\"itemListElement\":[{\"@type\":\"ListItem\",\"position\":1,\"name\":\"Home\",\"item\":\"https:\/\/www.newslettercreator.com\/fr\/\"},{\"@type\":\"ListItem\",\"position\":2,\"name\":\"Email design\"}]},{\"@type\":\"WebSite\",\"@id\":\"https:\/\/www.newslettercreator.com\/#website\",\"url\":\"https:\/\/www.newslettercreator.com\/\",\"name\":\"Newsletter Creator\",\"description\":\"Pay off\",\"potentialAction\":[{\"@type\":\"SearchAction\",\"target\":{\"@type\":\"EntryPoint\",\"urlTemplate\":\"https:\/\/www.newslettercreator.com\/?s={search_term_string}\"},\"query-input\":{\"@type\":\"PropertyValueSpecification\",\"valueRequired\":true,\"valueName\":\"search_term_string\"}}],\"inLanguage\":\"fr-FR\"}]}<\/script>\n<!-- \/ Yoast SEO plugin. -->","yoast_head_json":{"title":"Email design - Newsletter Creator","robots":{"index":"index","follow":"follow","max-snippet":"max-snippet:-1","max-image-preview":"max-image-preview:large","max-video-preview":"max-video-preview:-1"},"canonical":"https:\/\/www.newslettercreator.com\/fr\/email-design\/","og_locale":"fr_FR","og_type":"article","og_title":"Email design - Newsletter Creator","og_description":"Tous les conseils les plus r\u00e9cents et les plus int\u00e9ressants sur le design des emails, pour donner \u00e0 votre newsletter un look innovant et efficace. &nbsp;","og_url":"https:\/\/www.newslettercreator.com\/fr\/email-design\/","og_site_name":"Newsletter Creator","article_modified_time":"2015-01-13T09:41:41+00:00","twitter_misc":{"Dur\u00e9e de lecture estim\u00e9e":"1 minute"},"schema":{"@context":"https:\/\/schema.org","@graph":[{"@type":"WebPage","@id":"https:\/\/www.newslettercreator.com\/fr\/email-design\/","url":"https:\/\/www.newslettercreator.com\/fr\/email-design\/","name":"Email design - Newsletter Creator","isPartOf":{"@id":"https:\/\/www.newslettercreator.com\/#website"},"datePublished":"2014-06-18T09:22:53+00:00","dateModified":"2015-01-13T09:41:41+00:00","breadcrumb":{"@id":"https:\/\/www.newslettercreator.com\/fr\/email-design\/#breadcrumb"},"inLanguage":"fr-FR","potentialAction":[{"@type":"ReadAction","target":["https:\/\/www.newslettercreator.com\/fr\/email-design\/"]}]},{"@type":"BreadcrumbList","@id":"https:\/\/www.newslettercreator.com\/fr\/email-design\/#breadcrumb","itemListElement":[{"@type":"ListItem","position":1,"name":"Home","item":"https:\/\/www.newslettercreator.com\/fr\/"},{"@type":"ListItem","position":2,"name":"Email design"}]},{"@type":"WebSite","@id":"https:\/\/www.newslettercreator.com\/#website","url":"https:\/\/www.newslettercreator.com\/","name":"Newsletter Creator","description":"Pay off","potentialAction":[{"@type":"SearchAction","target":{"@type":"EntryPoint","urlTemplate":"https:\/\/www.newslettercreator.com\/?s={search_term_string}"},"query-input":{"@type":"PropertyValueSpecification","valueRequired":true,"valueName":"search_term_string"}}],"inLanguage":"fr-FR"}]}},"_links":{"self":[{"href":"https:\/\/www.newslettercreator.com\/fr\/wp-json\/wp\/v2\/pages\/780","targetHints":{"allow":["GET"]}}],"collection":[{"href":"https:\/\/www.newslettercreator.com\/fr\/wp-json\/wp\/v2\/pages"}],"about":[{"href":"https:\/\/www.newslettercreator.com\/fr\/wp-json\/wp\/v2\/types\/page"}],"author":[{"embeddable":true,"href":"https:\/\/www.newslettercreator.com\/fr\/wp-json\/wp\/v2\/users\/1"}],"replies":[{"embeddable":true,"href":"https:\/\/www.newslettercreator.com\/fr\/wp-json\/wp\/v2\/comments?post=780"}],"version-history":[{"count":6,"href":"https:\/\/www.newslettercreator.com\/fr\/wp-json\/wp\/v2\/pages\/780\/revisions"}],"predecessor-version":[{"id":2877,"href":"https:\/\/www.newslettercreator.com\/fr\/wp-json\/wp\/v2\/pages\/780\/revisions\/2877"}],"wp:attachment":[{"href":"https:\/\/www.newslettercreator.com\/fr\/wp-json\/wp\/v2\/media?parent=780"}],"curies":[{"name":"wp","href":"https:\/\/api.w.org\/{rel}","templated":true}]}}