{"id":782,"date":"2014-06-18T12:21:34","date_gmt":"2014-06-18T12:21:34","guid":{"rendered":"http:\/\/www.newslettercreator.com\/?page_id=782"},"modified":"2015-01-13T09:42:39","modified_gmt":"2015-01-13T09:42:39","slug":"creer-modele-newsletter","status":"publish","type":"page","link":"https:\/\/www.newslettercreator.com\/fr\/creer-modele-newsletter\/","title":{"rendered":"Comment cr\u00e9er un mod\u00e8le de newsletter"},"content":{"rendered":"<p><img decoding=\"async\" class=\"alignnone size-full wp-image-237\" src=\"http:\/\/www.newslettercreator.com\/wp-content\/uploads\/2014\/03\/best-design-newsletter.jpg\" alt=\"Comment cr\u00e9er un mod\u00e8le de newsletter\" width=\"649\" height=\"423\" \/><\/p>\n<p>Il y a beaucoup de bonnes suggestions sur comment <strong>cr\u00e9er un mod\u00e8le efficace de newsletter<\/strong>: malheureusement pour les d\u00e9butants, beaucoup sont li\u00e9es au <a title=\"cr\u00e9er newsletter HTML\" href=\"http:\/\/www.newslettercreator.com\/fr\/creer-newsletter-html\/\">codage HTML<\/a>. Mais il y a aussi de bonnes nouvelles: \u00e0 l&rsquo;aide de notre <strong>logiciel de cr\u00e9ation d&#8217;emails<\/strong>, concepir un mod\u00e8le de newsletter peut se faire <strong>sans une seule ligne de code<\/strong>.<\/p>\n<p>En fait, avec <a title=\"cr\u00e9ation mod\u00e8le newsletter\" href=\"http:\/\/www.newslettercreator.com\/fr\/essayer-gratuitement\/\">MailStyler<\/a> il vous suffit de <strong>glisser et d\u00e9poser<\/strong> des \u00e9l\u00e9ments et des blocs pr\u00e9-faits pour construire un <strong>mod\u00e8le d&#8217;email complet et personnalis\u00e9<\/strong>: le design d&rsquo;une newsletter n&rsquo;a jamais \u00e9t\u00e9 aussi facile. Et amusant!<\/p>\n<p>Cela dit, vous devez de tout fa\u00e7on suivre certaines <strong>bonnes pratiques<\/strong> pour cr\u00e9er un mod\u00e8le de bulletin vraiment impeccable. Voici cinq entre les plus importantes:<\/p>\n<ol>\n<li><strong>Pensez tout d&rsquo;abord \u00e0 votre brand.<\/strong><br \/>\nMailStyler vous donne l&rsquo;occasion de construire un mod\u00e8le unique et vraiment personnalis\u00e9e &#8211; pas seulement appropri\u00e9 \u00e0 votre domaine d&rsquo;activit\u00e9, mais \u00e0 votre brand lui-m\u00eame. C&rsquo;est pourquoi la conception de votre newsletter doit \u00eatre totalement coh\u00e9rente \u00e0 lui: par exemple avoir votre logo dans l&rsquo;en-t\u00eate, ou rappeler le look et le style de votre site web.<\/li>\n<li><strong>Choisissez un design l\u00e9ger.<\/strong><br \/>\nIl est tr\u00e8s important pour un bulletin de ne pas depasser le 70-80 Kb, notamment pour simplifier le processus de livraison de l&#8217;email. C&rsquo;est pourquoi les \u00e9l\u00e9ments \u00e0 disposition de MailStyler sont con\u00e7us pour \u00eatre le plus l\u00e9gers, de sorte que vous n&rsquo;aurez jamais \u00e0 vous soucier: rappelez-vous juste de ne pas t\u00e9l\u00e9charger des images trop lourdes.<\/li>\n<li><strong>Allez droit au but.<\/strong><br \/>\nNotre logiciel d&rsquo;\u00e9dition de newsletter vous donne un vaste choix en termes d&rsquo;opportunit\u00e9 de cr\u00e9ation, afin de vous permettre de lib\u00e9rer pleinement votre cr\u00e9ativit\u00e9. Mais rappelez-vous: un bulletin d&rsquo;information doit d&rsquo;abord afficher le contenu, et donc \u00eatre tr\u00e8s lisible. Et alors, ne pas exag\u00e9rez ou surchargez votre mod\u00e8le avec des graphiques inutiles: trouvez au contraire le meilleur \u00e9quilibre entre texte et images et allez droit au but; vous n&rsquo;avez que quelques secondes pour attirer vos abonn\u00e9s.<\/li>\n<li><strong>Rappelez-vous la call to action (appel \u00e0 l&rsquo;action).<\/strong><br \/>\nCela est strictement reli\u00e9e au point pr\u00e9cedent. Une newsletter commerciale n&rsquo;est en aucun cas but en soi: si vous devez conduire un utilisateur \u00e0 souscrire, acheter quelque chose ou cliquer sur un lien, le bouton de l'\u00a0\u00bbappel \u00e0 l&rsquo;action\u00a0\u00bb (call to action) doit attraper son attention imm\u00e9diatement. C&rsquo;est pourquoi MailStyler fournit une s\u00e9rie de boutons num\u00e9riques que vous pouvez facilement personnaliser (par exemple avec un texte comme \u00ab\u00a0Acheter maintenant\u00a0\u00bb ou \u00ab\u00a0Abonnez-vous\u00a0\u00bb, et aussi en les r\u00e9dimmensionnat) pour mettre l&rsquo;accent sur l&rsquo;objectif r\u00e9el de votre envoi.<\/li>\n<li><strong>Profitez du pied de page.<\/strong><br \/>\nEnfin, mettez toujours un pied de page dans votre newsletter. Avec MailStyler c&rsquo;est aussi facile que tout le reste: il vous suffit de glisser et d\u00e9poser l&rsquo;\u00e9l\u00e9ment dessous le corps du message. Pourquoi faire cela? Parce-que le pied de page est l&rsquo;endroit id\u00e9al pour mettre les d\u00e9tails de votre soci\u00e9t\u00e9, les liens vers vos pages de r\u00e9seaux sociaux et surtout le lien de d\u00e9sinscription (tr\u00e8s important!).<\/li>\n<\/ol>\n<p>&nbsp;<\/p>\n<p style=\"text-align: center;\"><a class=\"button large orange\" style=\"margin-top: 20px; width: 157px; margin-right: 30px;\" title=\"T\u00e9l\u00e9charger Demo\" href=\"http:\/\/www.newslettercreator.com\/fr\/essayer-gratuitement\/\" target=\"_self\">T\u00c9L\u00c9CHARGER DEMO<\/a><a class=\"button large darkgray\" style=\"margin-top: 20px; width: 175px;\" title=\"Acheter Mailstyler Pro\" href=\"http:\/\/www.newslettercreator.com\/fr\/prix\/\" target=\"_self\">ACHETER MAILSTYLER PRO<\/a><\/p>\n<p style=\"text-align: center; font-size: 11px; margin-bottom: 30px;\">Derni\u00e8re version: 2.24.01.17 | Date de sortie: 17\/01\/2024 | Taille: 114.9 MB<br \/>\n<a href=\"http:\/\/www.newslettercreator.com\/fr\/accord-de-licence\/\" target=\"_blank\">Contrat de licence<\/a> | <a href=\"http:\/\/www.newslettercreator.com\/fr\/comment-desinstaller\/\" target=\"_blank\">Comment d\u00e9sinstaller<\/a><\/p>\n","protected":false},"excerpt":{"rendered":"<p>Il y a beaucoup de bonnes suggestions sur comment cr\u00e9er un mod\u00e8le efficace de newsletter: malheureusement pour les d\u00e9butants, beaucoup sont li\u00e9es au codage HTML. Mais il y a aussi de bonnes nouvelles: \u00e0 l&rsquo;aide de notre logiciel de cr\u00e9ation d&#8217;emails, concepir un mod\u00e8le de newsletter peut se faire sans une seule ligne de code. [&hellip;]<\/p>\n","protected":false},"author":1,"featured_media":0,"parent":0,"menu_order":0,"comment_status":"closed","ping_status":"closed","template":"g1_template_page_sidebar_right.php","meta":{"inline_featured_image":false,"_monsterinsights_skip_tracking":false,"_monsterinsights_sitenote_active":false,"_monsterinsights_sitenote_note":"","_monsterinsights_sitenote_category":0,"footnotes":""},"class_list":["post-782","page","type-page","status-publish"],"yoast_head":"<!-- This site is optimized with the Yoast SEO plugin v25.2 - https:\/\/yoast.com\/wordpress\/plugins\/seo\/ -->\n<title>Comment cr\u00e9er un mod\u00e8le de newsletter - Newsletter Creator<\/title>\n<meta name=\"description\" content=\"MailStyler vous aide \u00e0 cr\u00e9er un mod\u00e8le de newsletter efficace sans avoir \u00e0 \u00e9crire une seule ligne de code HTML.\" \/>\n<meta name=\"robots\" content=\"index, follow, max-snippet:-1, max-image-preview:large, max-video-preview:-1\" \/>\n<link rel=\"canonical\" href=\"https:\/\/www.newslettercreator.com\/fr\/creer-modele-newsletter\/\" \/>\n<meta property=\"og:locale\" content=\"fr_FR\" \/>\n<meta property=\"og:type\" content=\"article\" \/>\n<meta property=\"og:title\" content=\"Comment cr\u00e9er un mod\u00e8le de newsletter - Newsletter Creator\" \/>\n<meta property=\"og:description\" content=\"MailStyler vous aide \u00e0 cr\u00e9er un mod\u00e8le de newsletter efficace sans avoir \u00e0 \u00e9crire une seule ligne de code HTML.\" \/>\n<meta property=\"og:url\" content=\"https:\/\/www.newslettercreator.com\/fr\/creer-modele-newsletter\/\" \/>\n<meta property=\"og:site_name\" content=\"Newsletter Creator\" \/>\n<meta property=\"article:modified_time\" content=\"2015-01-13T09:42:39+00:00\" \/>\n<meta property=\"og:image\" content=\"http:\/\/www.newslettercreator.com\/wp-content\/uploads\/2014\/03\/best-design-newsletter.jpg\" \/>\n<meta name=\"twitter:label1\" content=\"Dur\u00e9e de lecture estim\u00e9e\" \/>\n\t<meta name=\"twitter:data1\" content=\"3 minutes\" \/>\n<script type=\"application\/ld+json\" class=\"yoast-schema-graph\">{\"@context\":\"https:\/\/schema.org\",\"@graph\":[{\"@type\":\"WebPage\",\"@id\":\"https:\/\/www.newslettercreator.com\/fr\/creer-modele-newsletter\/\",\"url\":\"https:\/\/www.newslettercreator.com\/fr\/creer-modele-newsletter\/\",\"name\":\"Comment cr\u00e9er un mod\u00e8le de newsletter - Newsletter Creator\",\"isPartOf\":{\"@id\":\"https:\/\/www.newslettercreator.com\/#website\"},\"primaryImageOfPage\":{\"@id\":\"https:\/\/www.newslettercreator.com\/fr\/creer-modele-newsletter\/#primaryimage\"},\"image\":{\"@id\":\"https:\/\/www.newslettercreator.com\/fr\/creer-modele-newsletter\/#primaryimage\"},\"thumbnailUrl\":\"http:\/\/www.newslettercreator.com\/wp-content\/uploads\/2014\/03\/best-design-newsletter.jpg\",\"datePublished\":\"2014-06-18T12:21:34+00:00\",\"dateModified\":\"2015-01-13T09:42:39+00:00\",\"description\":\"MailStyler vous aide \u00e0 cr\u00e9er un mod\u00e8le de newsletter efficace sans avoir \u00e0 \u00e9crire une seule ligne de code HTML.\",\"breadcrumb\":{\"@id\":\"https:\/\/www.newslettercreator.com\/fr\/creer-modele-newsletter\/#breadcrumb\"},\"inLanguage\":\"fr-FR\",\"potentialAction\":[{\"@type\":\"ReadAction\",\"target\":[\"https:\/\/www.newslettercreator.com\/fr\/creer-modele-newsletter\/\"]}]},{\"@type\":\"ImageObject\",\"inLanguage\":\"fr-FR\",\"@id\":\"https:\/\/www.newslettercreator.com\/fr\/creer-modele-newsletter\/#primaryimage\",\"url\":\"http:\/\/www.newslettercreator.com\/wp-content\/uploads\/2014\/03\/best-design-newsletter.jpg\",\"contentUrl\":\"http:\/\/www.newslettercreator.com\/wp-content\/uploads\/2014\/03\/best-design-newsletter.jpg\"},{\"@type\":\"BreadcrumbList\",\"@id\":\"https:\/\/www.newslettercreator.com\/fr\/creer-modele-newsletter\/#breadcrumb\",\"itemListElement\":[{\"@type\":\"ListItem\",\"position\":1,\"name\":\"Home\",\"item\":\"https:\/\/www.newslettercreator.com\/fr\/\"},{\"@type\":\"ListItem\",\"position\":2,\"name\":\"Comment cr\u00e9er un mod\u00e8le de newsletter\"}]},{\"@type\":\"WebSite\",\"@id\":\"https:\/\/www.newslettercreator.com\/#website\",\"url\":\"https:\/\/www.newslettercreator.com\/\",\"name\":\"Newsletter Creator\",\"description\":\"Pay off\",\"potentialAction\":[{\"@type\":\"SearchAction\",\"target\":{\"@type\":\"EntryPoint\",\"urlTemplate\":\"https:\/\/www.newslettercreator.com\/?s={search_term_string}\"},\"query-input\":{\"@type\":\"PropertyValueSpecification\",\"valueRequired\":true,\"valueName\":\"search_term_string\"}}],\"inLanguage\":\"fr-FR\"}]}<\/script>\n<!-- \/ Yoast SEO plugin. -->","yoast_head_json":{"title":"Comment cr\u00e9er un mod\u00e8le de newsletter - Newsletter Creator","description":"MailStyler vous aide \u00e0 cr\u00e9er un mod\u00e8le de newsletter efficace sans avoir \u00e0 \u00e9crire une seule ligne de code HTML.","robots":{"index":"index","follow":"follow","max-snippet":"max-snippet:-1","max-image-preview":"max-image-preview:large","max-video-preview":"max-video-preview:-1"},"canonical":"https:\/\/www.newslettercreator.com\/fr\/creer-modele-newsletter\/","og_locale":"fr_FR","og_type":"article","og_title":"Comment cr\u00e9er un mod\u00e8le de newsletter - Newsletter Creator","og_description":"MailStyler vous aide \u00e0 cr\u00e9er un mod\u00e8le de newsletter efficace sans avoir \u00e0 \u00e9crire une seule ligne de code HTML.","og_url":"https:\/\/www.newslettercreator.com\/fr\/creer-modele-newsletter\/","og_site_name":"Newsletter Creator","article_modified_time":"2015-01-13T09:42:39+00:00","og_image":[{"url":"http:\/\/www.newslettercreator.com\/wp-content\/uploads\/2014\/03\/best-design-newsletter.jpg","type":"","width":"","height":""}],"twitter_misc":{"Dur\u00e9e de lecture estim\u00e9e":"3 minutes"},"schema":{"@context":"https:\/\/schema.org","@graph":[{"@type":"WebPage","@id":"https:\/\/www.newslettercreator.com\/fr\/creer-modele-newsletter\/","url":"https:\/\/www.newslettercreator.com\/fr\/creer-modele-newsletter\/","name":"Comment cr\u00e9er un mod\u00e8le de newsletter - Newsletter Creator","isPartOf":{"@id":"https:\/\/www.newslettercreator.com\/#website"},"primaryImageOfPage":{"@id":"https:\/\/www.newslettercreator.com\/fr\/creer-modele-newsletter\/#primaryimage"},"image":{"@id":"https:\/\/www.newslettercreator.com\/fr\/creer-modele-newsletter\/#primaryimage"},"thumbnailUrl":"http:\/\/www.newslettercreator.com\/wp-content\/uploads\/2014\/03\/best-design-newsletter.jpg","datePublished":"2014-06-18T12:21:34+00:00","dateModified":"2015-01-13T09:42:39+00:00","description":"MailStyler vous aide \u00e0 cr\u00e9er un mod\u00e8le de newsletter efficace sans avoir \u00e0 \u00e9crire une seule ligne de code HTML.","breadcrumb":{"@id":"https:\/\/www.newslettercreator.com\/fr\/creer-modele-newsletter\/#breadcrumb"},"inLanguage":"fr-FR","potentialAction":[{"@type":"ReadAction","target":["https:\/\/www.newslettercreator.com\/fr\/creer-modele-newsletter\/"]}]},{"@type":"ImageObject","inLanguage":"fr-FR","@id":"https:\/\/www.newslettercreator.com\/fr\/creer-modele-newsletter\/#primaryimage","url":"http:\/\/www.newslettercreator.com\/wp-content\/uploads\/2014\/03\/best-design-newsletter.jpg","contentUrl":"http:\/\/www.newslettercreator.com\/wp-content\/uploads\/2014\/03\/best-design-newsletter.jpg"},{"@type":"BreadcrumbList","@id":"https:\/\/www.newslettercreator.com\/fr\/creer-modele-newsletter\/#breadcrumb","itemListElement":[{"@type":"ListItem","position":1,"name":"Home","item":"https:\/\/www.newslettercreator.com\/fr\/"},{"@type":"ListItem","position":2,"name":"Comment cr\u00e9er un mod\u00e8le de newsletter"}]},{"@type":"WebSite","@id":"https:\/\/www.newslettercreator.com\/#website","url":"https:\/\/www.newslettercreator.com\/","name":"Newsletter Creator","description":"Pay off","potentialAction":[{"@type":"SearchAction","target":{"@type":"EntryPoint","urlTemplate":"https:\/\/www.newslettercreator.com\/?s={search_term_string}"},"query-input":{"@type":"PropertyValueSpecification","valueRequired":true,"valueName":"search_term_string"}}],"inLanguage":"fr-FR"}]}},"_links":{"self":[{"href":"https:\/\/www.newslettercreator.com\/fr\/wp-json\/wp\/v2\/pages\/782","targetHints":{"allow":["GET"]}}],"collection":[{"href":"https:\/\/www.newslettercreator.com\/fr\/wp-json\/wp\/v2\/pages"}],"about":[{"href":"https:\/\/www.newslettercreator.com\/fr\/wp-json\/wp\/v2\/types\/page"}],"author":[{"embeddable":true,"href":"https:\/\/www.newslettercreator.com\/fr\/wp-json\/wp\/v2\/users\/1"}],"replies":[{"embeddable":true,"href":"https:\/\/www.newslettercreator.com\/fr\/wp-json\/wp\/v2\/comments?post=782"}],"version-history":[{"count":5,"href":"https:\/\/www.newslettercreator.com\/fr\/wp-json\/wp\/v2\/pages\/782\/revisions"}],"predecessor-version":[{"id":2878,"href":"https:\/\/www.newslettercreator.com\/fr\/wp-json\/wp\/v2\/pages\/782\/revisions\/2878"}],"wp:attachment":[{"href":"https:\/\/www.newslettercreator.com\/fr\/wp-json\/wp\/v2\/media?parent=782"}],"curies":[{"name":"wp","href":"https:\/\/api.w.org\/{rel}","templated":true}]}}