{"id":792,"date":"2014-06-18T12:43:44","date_gmt":"2014-06-18T12:43:44","guid":{"rendered":"http:\/\/www.newslettercreator.com\/?page_id=792"},"modified":"2015-01-13T09:50:01","modified_gmt":"2015-01-13T09:50:01","slug":"editeur-newsletter","status":"publish","type":"page","link":"https:\/\/www.newslettercreator.com\/fr\/editeur-newsletter\/","title":{"rendered":"\u00c9diteur de newsletter"},"content":{"rendered":"<p><img decoding=\"async\" class=\"alignnone size-full wp-image-237\" src=\"http:\/\/www.newslettercreator.com\/wp-content\/uploads\/2014\/03\/newsletter-editor.jpg\" alt=\"\u00c9diteur de newsletter\" width=\"649\" height=\"423\" \/><\/p>\n<p>Un <strong>\u00e9diteur de newsletter<\/strong> d\u00e9di\u00e9 pour votre <strong>campagne d&#8217;email<\/strong> est essentiel si vous voulez obtenir des r\u00e9sultats vraiment professionnels.<\/p>\n<p>Malheureusement, de nombreux marketers essaient encore de concevoir leur propre newsletter \u00e0 l&rsquo;aide d&rsquo;un <strong>\u00e9diteur g\u00e9n\u00e9rique<\/strong> comme Microsoft Word ou Publisher, ou ils construisent le directement dans un client de messagerie commun. Cela peut nuire \u00e0 la fois son <strong>rendu sur diff\u00e9rents<\/strong> clients et sa propre <strong>d\u00e9livrabilit\u00e9<\/strong>, puisque le code r\u00e9sultant ne sera gu\u00e8re soign\u00e9 et bien \u00e9crit. Sans oublier les possibilit\u00e9s de conception tr\u00e8s limit\u00e9es que ces programmes offrent.<\/p>\n<p>Au lieu de cela, un \u00e9diteur d\u00e9di\u00e9 comme <strong>MailStyler<\/strong> rendra tout le processus de cr\u00e9ation d&rsquo;un email <strong>plus facile et plus efficace<\/strong>. Comment?<\/p>\n<p>Tout d&rsquo;abord, MailStyler vous offre <strong>un large choix d&rsquo;\u00e9l\u00e9ments pr\u00e9-con\u00e7us HTML<\/strong>, tout ce que vous avez besoin pour construire votre propre mod\u00e8le: bo\u00eetes de texte et d&rsquo;images (avec diff\u00e9rents nombres de colonnes), des boutons, des pieds de page, des en-t\u00eates, etc. Vous pourrez importer, \u00e9tirer et recadrer les images ainsi que personnaliser les styles et les couleurs du layout. Tout ce que vous pouvez imaginer pour faire votre propre mise en page d&#8217;email, eh bien: il est l\u00e0.<\/p>\n<p>En plus, <strong>MailStyler est \u00e9tonnamment simple<\/strong>: aucune connaissance de codage est n\u00e9cessaire; il vous suffit de <strong>glisser-d\u00e9poser<\/strong> les \u00e9l\u00e9ments dont vous avez besoin et de construire votre bulletin librement sur une page WYSIWIG.<\/p>\n<p>Et enfin, notre \u00e9diteur de bulletin garantit la conception des <strong>newsletters 100% compatibles<\/strong>. Ce qui signifie que n&rsquo;importe quel mod\u00e8le cr\u00e9\u00e9 <strong>rendra parfaitement sur tous les clients de messagerie et webmails<\/strong>: il n&rsquo;y a donc pas besoin de proc\u00e9der \u00e0 des tests.<\/p>\n<p>&nbsp;<\/p>\n<p style=\"text-align: center;\"><a class=\"button large orange\" style=\"margin-top: 20px; width: 157px; margin-right: 30px;\" title=\"T\u00e9l\u00e9charger Demo\" href=\"http:\/\/www.newslettercreator.com\/fr\/essayer-gratuitement\/\" target=\"_self\">T\u00c9L\u00c9CHARGER DEMO<\/a><a class=\"button large darkgray\" style=\"margin-top: 20px; width: 175px;\" title=\"Acheter Mailstyler Pro\" href=\"http:\/\/www.newslettercreator.com\/fr\/prix\/\" target=\"_self\">ACHETER MAILSTYLER PRO<\/a><\/p>\n<p style=\"text-align: center; font-size: 11px; margin-bottom: 30px;\">Derni\u00e8re version: 2.24.01.17 | Date de sortie: 17\/01\/2024 | Taille: 114.9 MB<br \/>\n<a href=\"http:\/\/www.newslettercreator.com\/fr\/accord-de-licence\/\" target=\"_blank\">Contrat de licence<\/a> | <a href=\"http:\/\/www.newslettercreator.com\/fr\/comment-desinstaller\/\" target=\"_blank\">Comment d\u00e9sinstaller<\/a><\/p>\n","protected":false},"excerpt":{"rendered":"<p>Un \u00e9diteur de newsletter d\u00e9di\u00e9 pour votre campagne d&#8217;email est essentiel si vous voulez obtenir des r\u00e9sultats vraiment professionnels. Malheureusement, de nombreux marketers essaient encore de concevoir leur propre newsletter \u00e0 l&rsquo;aide d&rsquo;un \u00e9diteur g\u00e9n\u00e9rique comme Microsoft Word ou Publisher, ou ils construisent le directement dans un client de messagerie commun. Cela peut nuire \u00e0 [&hellip;]<\/p>\n","protected":false},"author":1,"featured_media":0,"parent":0,"menu_order":0,"comment_status":"closed","ping_status":"closed","template":"g1_template_page_sidebar_right.php","meta":{"inline_featured_image":false,"_monsterinsights_skip_tracking":false,"_monsterinsights_sitenote_active":false,"_monsterinsights_sitenote_note":"","_monsterinsights_sitenote_category":0,"footnotes":""},"class_list":["post-792","page","type-page","status-publish"],"yoast_head":"<!-- This site is optimized with the Yoast SEO plugin v25.2 - https:\/\/yoast.com\/wordpress\/plugins\/seo\/ -->\n<title>\u00c9diteur de newsletter - Newsletter Creator<\/title>\n<meta name=\"description\" content=\"Un \u00e9diteur de newsletter d\u00e9di\u00e9 pour votre campagne d&#039;email est essentiel si vous voulez obtenir des r\u00e9sultats vraiment professionnels. Voici pourquoi.\" \/>\n<meta name=\"robots\" content=\"index, follow, max-snippet:-1, max-image-preview:large, max-video-preview:-1\" \/>\n<link rel=\"canonical\" href=\"https:\/\/www.newslettercreator.com\/fr\/editeur-newsletter\/\" \/>\n<meta property=\"og:locale\" content=\"fr_FR\" \/>\n<meta property=\"og:type\" content=\"article\" \/>\n<meta property=\"og:title\" content=\"\u00c9diteur de newsletter - Newsletter Creator\" \/>\n<meta property=\"og:description\" content=\"Un \u00e9diteur de newsletter d\u00e9di\u00e9 pour votre campagne d&#039;email est essentiel si vous voulez obtenir des r\u00e9sultats vraiment professionnels. Voici pourquoi.\" \/>\n<meta property=\"og:url\" content=\"https:\/\/www.newslettercreator.com\/fr\/editeur-newsletter\/\" \/>\n<meta property=\"og:site_name\" content=\"Newsletter Creator\" \/>\n<meta property=\"article:modified_time\" content=\"2015-01-13T09:50:01+00:00\" \/>\n<meta property=\"og:image\" content=\"http:\/\/www.newslettercreator.com\/wp-content\/uploads\/2014\/03\/newsletter-editor.jpg\" \/>\n<meta name=\"twitter:label1\" content=\"Dur\u00e9e de lecture estim\u00e9e\" \/>\n\t<meta name=\"twitter:data1\" content=\"2 minutes\" \/>\n<script type=\"application\/ld+json\" class=\"yoast-schema-graph\">{\"@context\":\"https:\/\/schema.org\",\"@graph\":[{\"@type\":\"WebPage\",\"@id\":\"https:\/\/www.newslettercreator.com\/fr\/editeur-newsletter\/\",\"url\":\"https:\/\/www.newslettercreator.com\/fr\/editeur-newsletter\/\",\"name\":\"\u00c9diteur de newsletter - Newsletter Creator\",\"isPartOf\":{\"@id\":\"https:\/\/www.newslettercreator.com\/#website\"},\"primaryImageOfPage\":{\"@id\":\"https:\/\/www.newslettercreator.com\/fr\/editeur-newsletter\/#primaryimage\"},\"image\":{\"@id\":\"https:\/\/www.newslettercreator.com\/fr\/editeur-newsletter\/#primaryimage\"},\"thumbnailUrl\":\"http:\/\/www.newslettercreator.com\/wp-content\/uploads\/2014\/03\/newsletter-editor.jpg\",\"datePublished\":\"2014-06-18T12:43:44+00:00\",\"dateModified\":\"2015-01-13T09:50:01+00:00\",\"description\":\"Un \u00e9diteur de newsletter d\u00e9di\u00e9 pour votre campagne d'email est essentiel si vous voulez obtenir des r\u00e9sultats vraiment professionnels. Voici pourquoi.\",\"breadcrumb\":{\"@id\":\"https:\/\/www.newslettercreator.com\/fr\/editeur-newsletter\/#breadcrumb\"},\"inLanguage\":\"fr-FR\",\"potentialAction\":[{\"@type\":\"ReadAction\",\"target\":[\"https:\/\/www.newslettercreator.com\/fr\/editeur-newsletter\/\"]}]},{\"@type\":\"ImageObject\",\"inLanguage\":\"fr-FR\",\"@id\":\"https:\/\/www.newslettercreator.com\/fr\/editeur-newsletter\/#primaryimage\",\"url\":\"http:\/\/www.newslettercreator.com\/wp-content\/uploads\/2014\/03\/newsletter-editor.jpg\",\"contentUrl\":\"http:\/\/www.newslettercreator.com\/wp-content\/uploads\/2014\/03\/newsletter-editor.jpg\"},{\"@type\":\"BreadcrumbList\",\"@id\":\"https:\/\/www.newslettercreator.com\/fr\/editeur-newsletter\/#breadcrumb\",\"itemListElement\":[{\"@type\":\"ListItem\",\"position\":1,\"name\":\"Home\",\"item\":\"https:\/\/www.newslettercreator.com\/fr\/\"},{\"@type\":\"ListItem\",\"position\":2,\"name\":\"\u00c9diteur de newsletter\"}]},{\"@type\":\"WebSite\",\"@id\":\"https:\/\/www.newslettercreator.com\/#website\",\"url\":\"https:\/\/www.newslettercreator.com\/\",\"name\":\"Newsletter Creator\",\"description\":\"Pay off\",\"potentialAction\":[{\"@type\":\"SearchAction\",\"target\":{\"@type\":\"EntryPoint\",\"urlTemplate\":\"https:\/\/www.newslettercreator.com\/?s={search_term_string}\"},\"query-input\":{\"@type\":\"PropertyValueSpecification\",\"valueRequired\":true,\"valueName\":\"search_term_string\"}}],\"inLanguage\":\"fr-FR\"}]}<\/script>\n<!-- \/ Yoast SEO plugin. -->","yoast_head_json":{"title":"\u00c9diteur de newsletter - Newsletter Creator","description":"Un \u00e9diteur de newsletter d\u00e9di\u00e9 pour votre campagne d'email est essentiel si vous voulez obtenir des r\u00e9sultats vraiment professionnels. Voici pourquoi.","robots":{"index":"index","follow":"follow","max-snippet":"max-snippet:-1","max-image-preview":"max-image-preview:large","max-video-preview":"max-video-preview:-1"},"canonical":"https:\/\/www.newslettercreator.com\/fr\/editeur-newsletter\/","og_locale":"fr_FR","og_type":"article","og_title":"\u00c9diteur de newsletter - Newsletter Creator","og_description":"Un \u00e9diteur de newsletter d\u00e9di\u00e9 pour votre campagne d'email est essentiel si vous voulez obtenir des r\u00e9sultats vraiment professionnels. Voici pourquoi.","og_url":"https:\/\/www.newslettercreator.com\/fr\/editeur-newsletter\/","og_site_name":"Newsletter Creator","article_modified_time":"2015-01-13T09:50:01+00:00","og_image":[{"url":"http:\/\/www.newslettercreator.com\/wp-content\/uploads\/2014\/03\/newsletter-editor.jpg","type":"","width":"","height":""}],"twitter_misc":{"Dur\u00e9e de lecture estim\u00e9e":"2 minutes"},"schema":{"@context":"https:\/\/schema.org","@graph":[{"@type":"WebPage","@id":"https:\/\/www.newslettercreator.com\/fr\/editeur-newsletter\/","url":"https:\/\/www.newslettercreator.com\/fr\/editeur-newsletter\/","name":"\u00c9diteur de newsletter - Newsletter Creator","isPartOf":{"@id":"https:\/\/www.newslettercreator.com\/#website"},"primaryImageOfPage":{"@id":"https:\/\/www.newslettercreator.com\/fr\/editeur-newsletter\/#primaryimage"},"image":{"@id":"https:\/\/www.newslettercreator.com\/fr\/editeur-newsletter\/#primaryimage"},"thumbnailUrl":"http:\/\/www.newslettercreator.com\/wp-content\/uploads\/2014\/03\/newsletter-editor.jpg","datePublished":"2014-06-18T12:43:44+00:00","dateModified":"2015-01-13T09:50:01+00:00","description":"Un \u00e9diteur de newsletter d\u00e9di\u00e9 pour votre campagne d'email est essentiel si vous voulez obtenir des r\u00e9sultats vraiment professionnels. Voici pourquoi.","breadcrumb":{"@id":"https:\/\/www.newslettercreator.com\/fr\/editeur-newsletter\/#breadcrumb"},"inLanguage":"fr-FR","potentialAction":[{"@type":"ReadAction","target":["https:\/\/www.newslettercreator.com\/fr\/editeur-newsletter\/"]}]},{"@type":"ImageObject","inLanguage":"fr-FR","@id":"https:\/\/www.newslettercreator.com\/fr\/editeur-newsletter\/#primaryimage","url":"http:\/\/www.newslettercreator.com\/wp-content\/uploads\/2014\/03\/newsletter-editor.jpg","contentUrl":"http:\/\/www.newslettercreator.com\/wp-content\/uploads\/2014\/03\/newsletter-editor.jpg"},{"@type":"BreadcrumbList","@id":"https:\/\/www.newslettercreator.com\/fr\/editeur-newsletter\/#breadcrumb","itemListElement":[{"@type":"ListItem","position":1,"name":"Home","item":"https:\/\/www.newslettercreator.com\/fr\/"},{"@type":"ListItem","position":2,"name":"\u00c9diteur de newsletter"}]},{"@type":"WebSite","@id":"https:\/\/www.newslettercreator.com\/#website","url":"https:\/\/www.newslettercreator.com\/","name":"Newsletter Creator","description":"Pay off","potentialAction":[{"@type":"SearchAction","target":{"@type":"EntryPoint","urlTemplate":"https:\/\/www.newslettercreator.com\/?s={search_term_string}"},"query-input":{"@type":"PropertyValueSpecification","valueRequired":true,"valueName":"search_term_string"}}],"inLanguage":"fr-FR"}]}},"_links":{"self":[{"href":"https:\/\/www.newslettercreator.com\/fr\/wp-json\/wp\/v2\/pages\/792","targetHints":{"allow":["GET"]}}],"collection":[{"href":"https:\/\/www.newslettercreator.com\/fr\/wp-json\/wp\/v2\/pages"}],"about":[{"href":"https:\/\/www.newslettercreator.com\/fr\/wp-json\/wp\/v2\/types\/page"}],"author":[{"embeddable":true,"href":"https:\/\/www.newslettercreator.com\/fr\/wp-json\/wp\/v2\/users\/1"}],"replies":[{"embeddable":true,"href":"https:\/\/www.newslettercreator.com\/fr\/wp-json\/wp\/v2\/comments?post=792"}],"version-history":[{"count":4,"href":"https:\/\/www.newslettercreator.com\/fr\/wp-json\/wp\/v2\/pages\/792\/revisions"}],"predecessor-version":[{"id":2883,"href":"https:\/\/www.newslettercreator.com\/fr\/wp-json\/wp\/v2\/pages\/792\/revisions\/2883"}],"wp:attachment":[{"href":"https:\/\/www.newslettercreator.com\/fr\/wp-json\/wp\/v2\/media?parent=792"}],"curies":[{"name":"wp","href":"https:\/\/api.w.org\/{rel}","templated":true}]}}