{"id":794,"date":"2014-06-18T12:47:07","date_gmt":"2014-06-18T12:47:07","guid":{"rendered":"http:\/\/www.newslettercreator.com\/?page_id=794"},"modified":"2015-01-13T09:50:53","modified_gmt":"2015-01-13T09:50:53","slug":"design-newsletter","status":"publish","type":"page","link":"https:\/\/www.newslettercreator.com\/fr\/design-newsletter\/","title":{"rendered":"Le design d&rsquo;une newsletter"},"content":{"rendered":"<p><img decoding=\"async\" class=\"alignnone size-full wp-image-237\" src=\"http:\/\/www.newslettercreator.com\/wp-content\/uploads\/2014\/03\/design-newsletter-template.jpg\" alt=\"Le design d'une newsletter\" width=\"649\" height=\"423\" \/><\/p>\n<p>Le <strong>design d&rsquo;une newsletter<\/strong> est g\u00e9n\u00e9ralement consid\u00e9r\u00e9 comme l&rsquo;une des t\u00e2ches les plus d\u00e9licates de la mise en place d&rsquo;une campagne d&#8217;emailing. Et \u00e0 juste titre: pour <strong>cr\u00e9er un template convaincant<\/strong> vous avez besoin d&rsquo;excellentes comp\u00e9tences HTML\/CSS, un bon go\u00fbt graphique et une certaine cr\u00e9ativit\u00e9. C&rsquo;est pourquoi beaucoup de gens pr\u00e9f\u00e8rent simplement utiliser des <strong>paquets pr\u00e9-con\u00e7us des templates<\/strong>.<\/p>\n<p>Mais maintenant, tout le jeu a chang\u00e9. Avec <strong>MailStyler<\/strong> vous pouvez cr\u00e9er votre propre layout de bulletin personnalis\u00e9 \u00e0 partir de z\u00e9ro, <strong>sans \u00e9crire du code<\/strong> et en sachant qu&rsquo;il sera compatible avec tous les clients de messagerie.<\/p>\n<p>En fait, notre logiciel de cr\u00e9ation de newsletters vous permet de composer des <strong>templates HTML parfaits<\/strong> avec quelques simples glisser-d\u00e9posers: colonnes, blocs, images, boutons, zones de texte, etc. seront plac\u00e9s en temps r\u00e9el sur votre mise en page.<\/p>\n<p>Les possibilites offertes par MailStyler sont \u00e9normes, mais le processus de composition du layout est <strong>vraiment facile<\/strong>: en quelques secondes vous pouvez obtenir un template 100% personal, pr\u00eat \u00e0 \u00eatre export\u00e9, rempli avec du contenu et envoy\u00e9s par la poste \u00e0 vos destinataires. Avec la certitude qu&rsquo;<strong>il sera affich\u00e9 toujours de la m\u00eame fa\u00e7on<\/strong> n&rsquo;importe o\u00f9 ils vont l&rsquo;ouvrir.<\/p>\n<p>&nbsp;<\/p>\n<p style=\"text-align: center;\"><a class=\"button large orange\" style=\"margin-top: 20px; width: 157px; margin-right: 30px;\" title=\"T\u00e9l\u00e9charger Demo\" href=\"http:\/\/www.newslettercreator.com\/fr\/essayer-gratuitement\/\" target=\"_self\">T\u00c9L\u00c9CHARGER DEMO<\/a><a class=\"button large darkgray\" style=\"margin-top: 20px; width: 175px;\" title=\"Acheter Mailstyler Pro\" href=\"http:\/\/www.newslettercreator.com\/fr\/prix\/\" target=\"_self\">ACHETER MAILSTYLER PRO<\/a><\/p>\n<p style=\"text-align: center; font-size: 11px; margin-bottom: 30px;\">Derni\u00e8re version: 2.24.01.17 | Date de sortie: 17\/01\/2024 | Taille: 114.9 MB<br \/>\n<a href=\"http:\/\/www.newslettercreator.com\/fr\/accord-de-licence\/\" target=\"_blank\">Contrat de licence<\/a> | <a href=\"http:\/\/www.newslettercreator.com\/fr\/comment-desinstaller\/\" target=\"_blank\">Comment d\u00e9sinstaller<\/a><\/p>\n","protected":false},"excerpt":{"rendered":"<p>Le design d&rsquo;une newsletter est g\u00e9n\u00e9ralement consid\u00e9r\u00e9 comme l&rsquo;une des t\u00e2ches les plus d\u00e9licates de la mise en place d&rsquo;une campagne d&#8217;emailing. Et \u00e0 juste titre: pour cr\u00e9er un template convaincant vous avez besoin d&rsquo;excellentes comp\u00e9tences HTML\/CSS, un bon go\u00fbt graphique et une certaine cr\u00e9ativit\u00e9. C&rsquo;est pourquoi beaucoup de gens pr\u00e9f\u00e8rent simplement utiliser des paquets [&hellip;]<\/p>\n","protected":false},"author":1,"featured_media":0,"parent":0,"menu_order":0,"comment_status":"closed","ping_status":"closed","template":"g1_template_page_sidebar_right.php","meta":{"inline_featured_image":false,"_monsterinsights_skip_tracking":false,"_monsterinsights_sitenote_active":false,"_monsterinsights_sitenote_note":"","_monsterinsights_sitenote_category":0,"footnotes":""},"class_list":["post-794","page","type-page","status-publish"],"yoast_head":"<!-- This site is optimized with the Yoast SEO plugin v25.2 - https:\/\/yoast.com\/wordpress\/plugins\/seo\/ -->\n<title>Le design d&#039;une newsletter - Newsletter Creator<\/title>\n<meta name=\"description\" content=\"Le design d&#039;une newsletter est consid\u00e9r\u00e9 comme l&#039;une des t\u00e2ches les plus d\u00e9licates de la mise en place d&#039;une campagne d&#039;emailing. Et \u00e0 juste titre.\" \/>\n<meta name=\"robots\" content=\"index, follow, max-snippet:-1, max-image-preview:large, max-video-preview:-1\" \/>\n<link rel=\"canonical\" href=\"https:\/\/www.newslettercreator.com\/fr\/design-newsletter\/\" \/>\n<meta property=\"og:locale\" content=\"fr_FR\" \/>\n<meta property=\"og:type\" content=\"article\" \/>\n<meta property=\"og:title\" content=\"Le design d&#039;une newsletter - Newsletter Creator\" \/>\n<meta property=\"og:description\" content=\"Le design d&#039;une newsletter est consid\u00e9r\u00e9 comme l&#039;une des t\u00e2ches les plus d\u00e9licates de la mise en place d&#039;une campagne d&#039;emailing. Et \u00e0 juste titre.\" \/>\n<meta property=\"og:url\" content=\"https:\/\/www.newslettercreator.com\/fr\/design-newsletter\/\" \/>\n<meta property=\"og:site_name\" content=\"Newsletter Creator\" \/>\n<meta property=\"article:modified_time\" content=\"2015-01-13T09:50:53+00:00\" \/>\n<meta property=\"og:image\" content=\"http:\/\/www.newslettercreator.com\/wp-content\/uploads\/2014\/03\/design-newsletter-template.jpg\" \/>\n<meta name=\"twitter:label1\" content=\"Dur\u00e9e de lecture estim\u00e9e\" \/>\n\t<meta name=\"twitter:data1\" content=\"1 minute\" \/>\n<script type=\"application\/ld+json\" class=\"yoast-schema-graph\">{\"@context\":\"https:\/\/schema.org\",\"@graph\":[{\"@type\":\"WebPage\",\"@id\":\"https:\/\/www.newslettercreator.com\/fr\/design-newsletter\/\",\"url\":\"https:\/\/www.newslettercreator.com\/fr\/design-newsletter\/\",\"name\":\"Le design d'une newsletter - Newsletter Creator\",\"isPartOf\":{\"@id\":\"https:\/\/www.newslettercreator.com\/#website\"},\"primaryImageOfPage\":{\"@id\":\"https:\/\/www.newslettercreator.com\/fr\/design-newsletter\/#primaryimage\"},\"image\":{\"@id\":\"https:\/\/www.newslettercreator.com\/fr\/design-newsletter\/#primaryimage\"},\"thumbnailUrl\":\"http:\/\/www.newslettercreator.com\/wp-content\/uploads\/2014\/03\/design-newsletter-template.jpg\",\"datePublished\":\"2014-06-18T12:47:07+00:00\",\"dateModified\":\"2015-01-13T09:50:53+00:00\",\"description\":\"Le design d'une newsletter est consid\u00e9r\u00e9 comme l'une des t\u00e2ches les plus d\u00e9licates de la mise en place d'une campagne d'emailing. Et \u00e0 juste titre.\",\"breadcrumb\":{\"@id\":\"https:\/\/www.newslettercreator.com\/fr\/design-newsletter\/#breadcrumb\"},\"inLanguage\":\"fr-FR\",\"potentialAction\":[{\"@type\":\"ReadAction\",\"target\":[\"https:\/\/www.newslettercreator.com\/fr\/design-newsletter\/\"]}]},{\"@type\":\"ImageObject\",\"inLanguage\":\"fr-FR\",\"@id\":\"https:\/\/www.newslettercreator.com\/fr\/design-newsletter\/#primaryimage\",\"url\":\"http:\/\/www.newslettercreator.com\/wp-content\/uploads\/2014\/03\/design-newsletter-template.jpg\",\"contentUrl\":\"http:\/\/www.newslettercreator.com\/wp-content\/uploads\/2014\/03\/design-newsletter-template.jpg\"},{\"@type\":\"BreadcrumbList\",\"@id\":\"https:\/\/www.newslettercreator.com\/fr\/design-newsletter\/#breadcrumb\",\"itemListElement\":[{\"@type\":\"ListItem\",\"position\":1,\"name\":\"Home\",\"item\":\"https:\/\/www.newslettercreator.com\/fr\/\"},{\"@type\":\"ListItem\",\"position\":2,\"name\":\"Le design d&rsquo;une newsletter\"}]},{\"@type\":\"WebSite\",\"@id\":\"https:\/\/www.newslettercreator.com\/#website\",\"url\":\"https:\/\/www.newslettercreator.com\/\",\"name\":\"Newsletter Creator\",\"description\":\"Pay off\",\"potentialAction\":[{\"@type\":\"SearchAction\",\"target\":{\"@type\":\"EntryPoint\",\"urlTemplate\":\"https:\/\/www.newslettercreator.com\/?s={search_term_string}\"},\"query-input\":{\"@type\":\"PropertyValueSpecification\",\"valueRequired\":true,\"valueName\":\"search_term_string\"}}],\"inLanguage\":\"fr-FR\"}]}<\/script>\n<!-- \/ Yoast SEO plugin. -->","yoast_head_json":{"title":"Le design d'une newsletter - Newsletter Creator","description":"Le design d'une newsletter est consid\u00e9r\u00e9 comme l'une des t\u00e2ches les plus d\u00e9licates de la mise en place d'une campagne d'emailing. Et \u00e0 juste titre.","robots":{"index":"index","follow":"follow","max-snippet":"max-snippet:-1","max-image-preview":"max-image-preview:large","max-video-preview":"max-video-preview:-1"},"canonical":"https:\/\/www.newslettercreator.com\/fr\/design-newsletter\/","og_locale":"fr_FR","og_type":"article","og_title":"Le design d'une newsletter - Newsletter Creator","og_description":"Le design d'une newsletter est consid\u00e9r\u00e9 comme l'une des t\u00e2ches les plus d\u00e9licates de la mise en place d'une campagne d'emailing. Et \u00e0 juste titre.","og_url":"https:\/\/www.newslettercreator.com\/fr\/design-newsletter\/","og_site_name":"Newsletter Creator","article_modified_time":"2015-01-13T09:50:53+00:00","og_image":[{"url":"http:\/\/www.newslettercreator.com\/wp-content\/uploads\/2014\/03\/design-newsletter-template.jpg","type":"","width":"","height":""}],"twitter_misc":{"Dur\u00e9e de lecture estim\u00e9e":"1 minute"},"schema":{"@context":"https:\/\/schema.org","@graph":[{"@type":"WebPage","@id":"https:\/\/www.newslettercreator.com\/fr\/design-newsletter\/","url":"https:\/\/www.newslettercreator.com\/fr\/design-newsletter\/","name":"Le design d'une newsletter - Newsletter Creator","isPartOf":{"@id":"https:\/\/www.newslettercreator.com\/#website"},"primaryImageOfPage":{"@id":"https:\/\/www.newslettercreator.com\/fr\/design-newsletter\/#primaryimage"},"image":{"@id":"https:\/\/www.newslettercreator.com\/fr\/design-newsletter\/#primaryimage"},"thumbnailUrl":"http:\/\/www.newslettercreator.com\/wp-content\/uploads\/2014\/03\/design-newsletter-template.jpg","datePublished":"2014-06-18T12:47:07+00:00","dateModified":"2015-01-13T09:50:53+00:00","description":"Le design d'une newsletter est consid\u00e9r\u00e9 comme l'une des t\u00e2ches les plus d\u00e9licates de la mise en place d'une campagne d'emailing. Et \u00e0 juste titre.","breadcrumb":{"@id":"https:\/\/www.newslettercreator.com\/fr\/design-newsletter\/#breadcrumb"},"inLanguage":"fr-FR","potentialAction":[{"@type":"ReadAction","target":["https:\/\/www.newslettercreator.com\/fr\/design-newsletter\/"]}]},{"@type":"ImageObject","inLanguage":"fr-FR","@id":"https:\/\/www.newslettercreator.com\/fr\/design-newsletter\/#primaryimage","url":"http:\/\/www.newslettercreator.com\/wp-content\/uploads\/2014\/03\/design-newsletter-template.jpg","contentUrl":"http:\/\/www.newslettercreator.com\/wp-content\/uploads\/2014\/03\/design-newsletter-template.jpg"},{"@type":"BreadcrumbList","@id":"https:\/\/www.newslettercreator.com\/fr\/design-newsletter\/#breadcrumb","itemListElement":[{"@type":"ListItem","position":1,"name":"Home","item":"https:\/\/www.newslettercreator.com\/fr\/"},{"@type":"ListItem","position":2,"name":"Le design d&rsquo;une newsletter"}]},{"@type":"WebSite","@id":"https:\/\/www.newslettercreator.com\/#website","url":"https:\/\/www.newslettercreator.com\/","name":"Newsletter Creator","description":"Pay off","potentialAction":[{"@type":"SearchAction","target":{"@type":"EntryPoint","urlTemplate":"https:\/\/www.newslettercreator.com\/?s={search_term_string}"},"query-input":{"@type":"PropertyValueSpecification","valueRequired":true,"valueName":"search_term_string"}}],"inLanguage":"fr-FR"}]}},"_links":{"self":[{"href":"https:\/\/www.newslettercreator.com\/fr\/wp-json\/wp\/v2\/pages\/794","targetHints":{"allow":["GET"]}}],"collection":[{"href":"https:\/\/www.newslettercreator.com\/fr\/wp-json\/wp\/v2\/pages"}],"about":[{"href":"https:\/\/www.newslettercreator.com\/fr\/wp-json\/wp\/v2\/types\/page"}],"author":[{"embeddable":true,"href":"https:\/\/www.newslettercreator.com\/fr\/wp-json\/wp\/v2\/users\/1"}],"replies":[{"embeddable":true,"href":"https:\/\/www.newslettercreator.com\/fr\/wp-json\/wp\/v2\/comments?post=794"}],"version-history":[{"count":4,"href":"https:\/\/www.newslettercreator.com\/fr\/wp-json\/wp\/v2\/pages\/794\/revisions"}],"predecessor-version":[{"id":2884,"href":"https:\/\/www.newslettercreator.com\/fr\/wp-json\/wp\/v2\/pages\/794\/revisions\/2884"}],"wp:attachment":[{"href":"https:\/\/www.newslettercreator.com\/fr\/wp-json\/wp\/v2\/media?parent=794"}],"curies":[{"name":"wp","href":"https:\/\/api.w.org\/{rel}","templated":true}]}}