{"id":797,"date":"2014-06-18T12:59:58","date_gmt":"2014-06-18T12:59:58","guid":{"rendered":"http:\/\/www.newslettercreator.com\/?page_id=797"},"modified":"2015-01-13T10:05:33","modified_gmt":"2015-01-13T10:05:33","slug":"examples-newsletters","status":"publish","type":"page","link":"https:\/\/www.newslettercreator.com\/fr\/examples-newsletters\/","title":{"rendered":"Examples de newsletters"},"content":{"rendered":"<p>Avez-vous besoin d\u2019inspiration pour commencer \u00e0 construire votre propre mod\u00e8le d\u2019email? Vous pouvez jeter un oeil \u00e0 nos exemples de newsletter.<\/p>\n<p>&nbsp;<\/p>\n<div id=\"g1-box-counter-1\" class=\"g1-box g1-box--solid  g1-box--noicon\" ><div class=\"g1-box__inner\">\n<h3><a title='Example de mod\u00e8les de newsletter' href='\/fr\/example-modeles-newsletter\/'>Example de mod\u00e8les de newsletter<\/a><\/h3>\n<p>Voici ci-dessous vous trouverez un example de mod\u00e8les de newsletter qui peuvent vous aider \u00e0 construire&#8230;<br \/>\n<\/div><\/div>\n<div id=\"g1-box-counter-2\" class=\"g1-box g1-box--solid  g1-box--noicon\" ><div class=\"g1-box__inner\">\n<h3><a title='La mise en page de la newsletter' href='\/fr\/mise-en-page-newsletter\/'>La mise en page de la newsletter<\/a><\/h3>\n<p>Besoin d&rsquo;un \u00e9chantillon de la mise en page d&rsquo;une newsletter pour obtenir des id\u00e9es pour votre propre mod\u00e8le d&#8217;email&#8230;<br \/>\n<\/div><\/div>\n<div id=\"g1-box-counter-3\" class=\"g1-box g1-box--solid  g1-box--noicon\" ><div class=\"g1-box__inner\">\n<h3><a title='Examples de newsletter' href='\/fr\/examples-de-newsletter\/'>Examples de newsletter<\/a><\/h3>\n<p>Il est tr\u00e8s utile d&rsquo;analyser des examples de newsletter pour obtenir des id\u00e9es pour sa propre mise en page&#8230;<br \/>\n<\/div><\/div>\n","protected":false},"excerpt":{"rendered":"<p>Avez-vous besoin d\u2019inspiration pour commencer \u00e0 construire votre propre mod\u00e8le d\u2019email? Vous pouvez jeter un oeil \u00e0 nos exemples de newsletter. &nbsp;<\/p>\n","protected":false},"author":1,"featured_media":0,"parent":0,"menu_order":0,"comment_status":"closed","ping_status":"closed","template":"g1_template_page_sidebar_right.php","meta":{"inline_featured_image":false,"_monsterinsights_skip_tracking":false,"_monsterinsights_sitenote_active":false,"_monsterinsights_sitenote_note":"","_monsterinsights_sitenote_category":0,"footnotes":""},"class_list":["post-797","page","type-page","status-publish"],"yoast_head":"<!-- This site is optimized with the Yoast SEO plugin v25.2 - https:\/\/yoast.com\/wordpress\/plugins\/seo\/ -->\n<title>Examples de newsletters - Newsletter Creator<\/title>\n<meta name=\"robots\" content=\"index, follow, max-snippet:-1, max-image-preview:large, max-video-preview:-1\" \/>\n<link rel=\"canonical\" href=\"https:\/\/www.newslettercreator.com\/fr\/examples-newsletters\/\" \/>\n<meta property=\"og:locale\" content=\"fr_FR\" \/>\n<meta property=\"og:type\" content=\"article\" \/>\n<meta property=\"og:title\" content=\"Examples de newsletters - Newsletter Creator\" \/>\n<meta property=\"og:description\" content=\"Avez-vous besoin d\u2019inspiration pour commencer \u00e0 construire votre propre mod\u00e8le d\u2019email? Vous pouvez jeter un oeil \u00e0 nos exemples de newsletter. &nbsp;\" \/>\n<meta property=\"og:url\" content=\"https:\/\/www.newslettercreator.com\/fr\/examples-newsletters\/\" \/>\n<meta property=\"og:site_name\" content=\"Newsletter Creator\" \/>\n<meta property=\"article:modified_time\" content=\"2015-01-13T10:05:33+00:00\" \/>\n<meta name=\"twitter:label1\" content=\"Dur\u00e9e de lecture estim\u00e9e\" \/>\n\t<meta name=\"twitter:data1\" content=\"1 minute\" \/>\n<script type=\"application\/ld+json\" class=\"yoast-schema-graph\">{\"@context\":\"https:\/\/schema.org\",\"@graph\":[{\"@type\":\"WebPage\",\"@id\":\"https:\/\/www.newslettercreator.com\/fr\/examples-newsletters\/\",\"url\":\"https:\/\/www.newslettercreator.com\/fr\/examples-newsletters\/\",\"name\":\"Examples de newsletters - Newsletter Creator\",\"isPartOf\":{\"@id\":\"https:\/\/www.newslettercreator.com\/#website\"},\"datePublished\":\"2014-06-18T12:59:58+00:00\",\"dateModified\":\"2015-01-13T10:05:33+00:00\",\"breadcrumb\":{\"@id\":\"https:\/\/www.newslettercreator.com\/fr\/examples-newsletters\/#breadcrumb\"},\"inLanguage\":\"fr-FR\",\"potentialAction\":[{\"@type\":\"ReadAction\",\"target\":[\"https:\/\/www.newslettercreator.com\/fr\/examples-newsletters\/\"]}]},{\"@type\":\"BreadcrumbList\",\"@id\":\"https:\/\/www.newslettercreator.com\/fr\/examples-newsletters\/#breadcrumb\",\"itemListElement\":[{\"@type\":\"ListItem\",\"position\":1,\"name\":\"Home\",\"item\":\"https:\/\/www.newslettercreator.com\/fr\/\"},{\"@type\":\"ListItem\",\"position\":2,\"name\":\"Examples de newsletters\"}]},{\"@type\":\"WebSite\",\"@id\":\"https:\/\/www.newslettercreator.com\/#website\",\"url\":\"https:\/\/www.newslettercreator.com\/\",\"name\":\"Newsletter Creator\",\"description\":\"Pay off\",\"potentialAction\":[{\"@type\":\"SearchAction\",\"target\":{\"@type\":\"EntryPoint\",\"urlTemplate\":\"https:\/\/www.newslettercreator.com\/?s={search_term_string}\"},\"query-input\":{\"@type\":\"PropertyValueSpecification\",\"valueRequired\":true,\"valueName\":\"search_term_string\"}}],\"inLanguage\":\"fr-FR\"}]}<\/script>\n<!-- \/ Yoast SEO plugin. -->","yoast_head_json":{"title":"Examples de newsletters - Newsletter Creator","robots":{"index":"index","follow":"follow","max-snippet":"max-snippet:-1","max-image-preview":"max-image-preview:large","max-video-preview":"max-video-preview:-1"},"canonical":"https:\/\/www.newslettercreator.com\/fr\/examples-newsletters\/","og_locale":"fr_FR","og_type":"article","og_title":"Examples de newsletters - Newsletter Creator","og_description":"Avez-vous besoin d\u2019inspiration pour commencer \u00e0 construire votre propre mod\u00e8le d\u2019email? Vous pouvez jeter un oeil \u00e0 nos exemples de newsletter. &nbsp;","og_url":"https:\/\/www.newslettercreator.com\/fr\/examples-newsletters\/","og_site_name":"Newsletter Creator","article_modified_time":"2015-01-13T10:05:33+00:00","twitter_misc":{"Dur\u00e9e de lecture estim\u00e9e":"1 minute"},"schema":{"@context":"https:\/\/schema.org","@graph":[{"@type":"WebPage","@id":"https:\/\/www.newslettercreator.com\/fr\/examples-newsletters\/","url":"https:\/\/www.newslettercreator.com\/fr\/examples-newsletters\/","name":"Examples de newsletters - Newsletter Creator","isPartOf":{"@id":"https:\/\/www.newslettercreator.com\/#website"},"datePublished":"2014-06-18T12:59:58+00:00","dateModified":"2015-01-13T10:05:33+00:00","breadcrumb":{"@id":"https:\/\/www.newslettercreator.com\/fr\/examples-newsletters\/#breadcrumb"},"inLanguage":"fr-FR","potentialAction":[{"@type":"ReadAction","target":["https:\/\/www.newslettercreator.com\/fr\/examples-newsletters\/"]}]},{"@type":"BreadcrumbList","@id":"https:\/\/www.newslettercreator.com\/fr\/examples-newsletters\/#breadcrumb","itemListElement":[{"@type":"ListItem","position":1,"name":"Home","item":"https:\/\/www.newslettercreator.com\/fr\/"},{"@type":"ListItem","position":2,"name":"Examples de newsletters"}]},{"@type":"WebSite","@id":"https:\/\/www.newslettercreator.com\/#website","url":"https:\/\/www.newslettercreator.com\/","name":"Newsletter Creator","description":"Pay off","potentialAction":[{"@type":"SearchAction","target":{"@type":"EntryPoint","urlTemplate":"https:\/\/www.newslettercreator.com\/?s={search_term_string}"},"query-input":{"@type":"PropertyValueSpecification","valueRequired":true,"valueName":"search_term_string"}}],"inLanguage":"fr-FR"}]}},"_links":{"self":[{"href":"https:\/\/www.newslettercreator.com\/fr\/wp-json\/wp\/v2\/pages\/797","targetHints":{"allow":["GET"]}}],"collection":[{"href":"https:\/\/www.newslettercreator.com\/fr\/wp-json\/wp\/v2\/pages"}],"about":[{"href":"https:\/\/www.newslettercreator.com\/fr\/wp-json\/wp\/v2\/types\/page"}],"author":[{"embeddable":true,"href":"https:\/\/www.newslettercreator.com\/fr\/wp-json\/wp\/v2\/users\/1"}],"replies":[{"embeddable":true,"href":"https:\/\/www.newslettercreator.com\/fr\/wp-json\/wp\/v2\/comments?post=797"}],"version-history":[{"count":10,"href":"https:\/\/www.newslettercreator.com\/fr\/wp-json\/wp\/v2\/pages\/797\/revisions"}],"predecessor-version":[{"id":2892,"href":"https:\/\/www.newslettercreator.com\/fr\/wp-json\/wp\/v2\/pages\/797\/revisions\/2892"}],"wp:attachment":[{"href":"https:\/\/www.newslettercreator.com\/fr\/wp-json\/wp\/v2\/media?parent=797"}],"curies":[{"name":"wp","href":"https:\/\/api.w.org\/{rel}","templated":true}]}}