{"id":813,"date":"2014-06-20T07:02:46","date_gmt":"2014-06-20T07:02:46","guid":{"rendered":"http:\/\/www.newslettercreator.com\/?page_id=813"},"modified":"2015-01-13T10:24:48","modified_gmt":"2015-01-13T10:24:48","slug":"creer-newsletter","status":"publish","type":"page","link":"https:\/\/www.newslettercreator.com\/fr\/creer-newsletter\/","title":{"rendered":"Comment cr\u00e9er une newsletter"},"content":{"rendered":"<p><img decoding=\"async\" class=\"alignnone size-full wp-image-237\" src=\"http:\/\/www.newslettercreator.com\/wp-content\/uploads\/2014\/03\/how-to-design-html-newsletter.jpg\" alt=\"Comment cr\u00e9er une newsletter\" width=\"649\" height=\"423\" \/><\/p>\n<p><strong>Cr\u00e9er une newsletter<\/strong> est un moyenne extraordinaire de communication et de marketing, et l&rsquo;un des les meilleures fa\u00e7ons de developper un <strong>vrai dialogue avec vos clients<\/strong>: faible co\u00fbt, grands r\u00e9sultats. C&rsquo;est pourquoi il est tr\u00e8s important de faire <strong>la plus grande attention<\/strong> quand que vous construisez votre newsletter &#8211; \u00e0 la fois pour sa conception et son contenu.<\/p>\n<p>En fait, l&rsquo;art de cr\u00e9er une newsletter o un email massif est assez d\u00e9licate: surtout quand il s&rsquo;agit de la <strong>composition du template<\/strong> (mod\u00e8le ou mise en page). Le ensemble de comp\u00e9tences requises &#8211; bon go\u00fbt, cr\u00e9ativit\u00e9 et une connaissance approfondie du<strong> <a title=\"email HTML comment faire\" href=\"http:\/\/www.newslettercreator.com\/fr\/email-en-hmtl\/\">langage HTML<\/a><\/strong> &#8211; ne peuvent pas \u00eatre improvis\u00e9es.<\/p>\n<p>Mais maintenant il y a une nouvelle fa\u00e7on de cr\u00e9er votre propre newsletter: <strong>MailStyler<\/strong>.<\/p>\n<p>Avec notre logiciel de cr\u00e9ation d&#8217;email vous serez en mesure de composer un template en quelques clics, tout simplement en faisant <strong>glisser-d\u00e9poser<\/strong> tous les les \u00e9l\u00e9ments requis et en les \u00e9ditant comme vous souhaitez. C&rsquo;est vraiment aussi simple que cela, et <strong>aucune comp\u00e9tence de codage est n\u00e9cessaire<\/strong>.<\/p>\n<p>En plus, contrairement aux services web similaires, MailStyler prend avantages de tous les les caract\u00e9ristiques g\u00e9n\u00e9rales d&rsquo;un software. C&rsquo;est \u00e0 dire: <strong>plus de puissance, plus d&rsquo;options d&rsquo;\u00e9dition, plus de stabilit\u00e9<\/strong>.<\/p>\n<p>Et voici cinq suggestions sur <strong>comment cr\u00e9er une bonne efficace<\/strong>:<\/p>\n<ol>\n<li><strong>Concentrez-vous sur vos besoins et sur votre marque<\/strong>. Non tous les templates sont cr\u00e9\u00e9s \u00e9gaux, donc avant de construire votre newsletter pensez \u00e0 ce que vous voulez vraiment dire \u00e0 vos abonn\u00e9s. La disposition g\u00e9n\u00e9rale est une moyenne pour afficher (dans la meilleure fa\u00e7on possible) le contenu: donc le contenu vient toujours en premier. En plus, ne pas oubliez de garder un coh\u00e9rence esth\u00e9tique avec l&rsquo;image de votre marque et de votre site web.<\/li>\n<li><strong>Suivez les \u00ab\u00a0best practices\u00a0\u00bb de la conception d&rsquo;un email<\/strong>. Avec MailStyler il est pratiquement impossible de cr\u00e9er un mauvais mod\u00e8le de newsletter. Cela dit , il y a de toute fa\u00e7on quelques r\u00e8gles g\u00e9n\u00e9rales \u00e0 respecter: par exemple ne rendez pas votre email trop long, trouvez un bon \u00e9quilibre entre le texte et les images, n&rsquo;oubliez pas le pied de page etc. Ils sont tous appliqu\u00e9es sur nos examples de newsletter: vous pouvez prendre inspiration \u00e0 partir d&rsquo;eux.<\/li>\n<li><strong>Soyez concis (aussi dans le sujet)<\/strong>. Farcir votre bulletin d&rsquo;information avec un long contenu est certainement un mauvais choix: vous avez seulement quelques secondes pour obtenir l&rsquo;attention de vos lecteurs, et donc vous devez \u00eatre \u00e0 la fois concis et tr\u00e8s clair. La m\u00eame r\u00e8gle s&rsquo;applique, m\u00eame plus fortement, \u00e0 le sujet de votre newsletter. Lignes g\u00e9n\u00e9riques comme \u00ab\u00a0Lettre d&rsquo;information n 41\u00a0\u00bb sont inutiles et servent seulement \u00e0 diminuer le taux d&rsquo;ouverture: \u00e9crivez donc un sujet all\u00e9chant et plus courte que 50 caract\u00e8res.<\/li>\n<li><strong>Mettez en \u00e9vidence le appel \u00e0 l&rsquo;action<\/strong>. Il vaut toujours la peine de s&rsquo;en souvenir: quel que soit l&rsquo;action que vous voulez d\u00e9clencher &#8211; un abonnement, un achat, un simple clic &#8211; vous devez rendre son appel relatif tr\u00e8s, tr\u00e8s visible. La mani\u00e8re classique est un bouton: et MailStyler fournit de boutons de couleur automatiquement en rupture avec celui de la newsletter, pour le rendre plus \u00e9vident encore.<\/li>\n<li><strong>Fournissez un lien de d\u00e9sabonnement<\/strong>. Il peut \u00eatre tentant d&#8217;emp\u00eacher les lecteurs \u00e0 se d\u00e9sabonner de votre newsletter, mais c&rsquo;est mal fondamentalement \u00e0 tous les niveaux. Tout d&rsquo;abord il est ill\u00e9gal: vous devez toujours fournir la possibilit\u00e9 de faire \u00ab\u00a0opt out\u00a0\u00bb &#8211; mieux avec juste un seul clic. Deuxi\u00e8mement, c&rsquo;est mauvais pour l&rsquo;image de votre marque: vous aurez l&rsquo;air de quelqu&rsquo;un qui veut contraindre ses clients \u00e0 recevoir une communication, m\u00eame si ils ne sont pas plus int\u00e9ress\u00e9s. Et troisi\u00e8me, il peut nuire \u00e0 votre campagne d&rsquo;un point de vue technique: si les clients ne trouvent pas un moyen facile de se d\u00e9sabonner, ils vont commencer \u00e0 jeter votre email dans le dossier spam \u2013 ce qui est tr\u00e8s mauvais pour votre taux de livraison.<\/li>\n<\/ol>\n<p>&nbsp;<\/p>\n<p style=\"text-align: center;\"><a class=\"button large orange\" style=\"margin-top: 20px; width: 157px; margin-right: 30px;\" title=\"T\u00e9l\u00e9charger Demo\" href=\"http:\/\/www.newslettercreator.com\/fr\/essayer-gratuitement\/\" target=\"_self\">T\u00c9L\u00c9CHARGER DEMO<\/a><a class=\"button large darkgray\" style=\"margin-top: 20px; width: 175px;\" title=\"Acheter Mailstyler Pro\" href=\"http:\/\/www.newslettercreator.com\/fr\/prix\/\" target=\"_self\">ACHETER MAILSTYLER PRO<\/a><\/p>\n<p style=\"text-align: center; font-size: 11px; margin-bottom: 30px;\">Derni\u00e8re version: 2.24.01.17 | Date de sortie: 17\/01\/2024 | Taille: 114.9 MB<br \/>\n<a href=\"http:\/\/www.newslettercreator.com\/fr\/accord-de-licence\/\" target=\"_blank\">Contrat de licence<\/a> | <a href=\"http:\/\/www.newslettercreator.com\/fr\/comment-desinstaller\/\" target=\"_blank\">Comment d\u00e9sinstaller<\/a><\/p>\n","protected":false},"excerpt":{"rendered":"<p>Cr\u00e9er une newsletter est un moyenne extraordinaire de communication et de marketing, et l&rsquo;un des les meilleures fa\u00e7ons de developper un vrai dialogue avec vos clients: faible co\u00fbt, grands r\u00e9sultats. C&rsquo;est pourquoi il est tr\u00e8s important de faire la plus grande attention quand que vous construisez votre newsletter &#8211; \u00e0 la fois pour sa conception [&hellip;]<\/p>\n","protected":false},"author":1,"featured_media":0,"parent":0,"menu_order":0,"comment_status":"closed","ping_status":"closed","template":"g1_template_page_sidebar_right.php","meta":{"inline_featured_image":false,"_monsterinsights_skip_tracking":false,"_monsterinsights_sitenote_active":false,"_monsterinsights_sitenote_note":"","_monsterinsights_sitenote_category":0,"footnotes":""},"class_list":["post-813","page","type-page","status-publish"],"yoast_head":"<!-- This site is optimized with the Yoast SEO plugin v25.2 - https:\/\/yoast.com\/wordpress\/plugins\/seo\/ -->\n<title>Comment cr\u00e9er une newsletter - Newsletter Creator<\/title>\n<meta name=\"description\" content=\"Cr\u00e9er une newsletter est un moyenne extraordinaire de de marketing, et l&#039;un des les meilleures fa\u00e7ons de developper un vrai dialogue avec vos clients.\" \/>\n<meta name=\"robots\" content=\"index, follow, max-snippet:-1, max-image-preview:large, max-video-preview:-1\" \/>\n<link rel=\"canonical\" href=\"https:\/\/www.newslettercreator.com\/fr\/creer-newsletter\/\" \/>\n<meta property=\"og:locale\" content=\"fr_FR\" \/>\n<meta property=\"og:type\" content=\"article\" \/>\n<meta property=\"og:title\" content=\"Comment cr\u00e9er une newsletter - Newsletter Creator\" \/>\n<meta property=\"og:description\" content=\"Cr\u00e9er une newsletter est un moyenne extraordinaire de de marketing, et l&#039;un des les meilleures fa\u00e7ons de developper un vrai dialogue avec vos clients.\" \/>\n<meta property=\"og:url\" content=\"https:\/\/www.newslettercreator.com\/fr\/creer-newsletter\/\" \/>\n<meta property=\"og:site_name\" content=\"Newsletter Creator\" \/>\n<meta property=\"article:modified_time\" content=\"2015-01-13T10:24:48+00:00\" \/>\n<meta property=\"og:image\" content=\"http:\/\/www.newslettercreator.com\/wp-content\/uploads\/2014\/03\/how-to-design-html-newsletter.jpg\" \/>\n<meta name=\"twitter:label1\" content=\"Dur\u00e9e de lecture estim\u00e9e\" \/>\n\t<meta name=\"twitter:data1\" content=\"4 minutes\" \/>\n<script type=\"application\/ld+json\" class=\"yoast-schema-graph\">{\"@context\":\"https:\/\/schema.org\",\"@graph\":[{\"@type\":\"WebPage\",\"@id\":\"https:\/\/www.newslettercreator.com\/fr\/creer-newsletter\/\",\"url\":\"https:\/\/www.newslettercreator.com\/fr\/creer-newsletter\/\",\"name\":\"Comment cr\u00e9er une newsletter - Newsletter Creator\",\"isPartOf\":{\"@id\":\"https:\/\/www.newslettercreator.com\/#website\"},\"primaryImageOfPage\":{\"@id\":\"https:\/\/www.newslettercreator.com\/fr\/creer-newsletter\/#primaryimage\"},\"image\":{\"@id\":\"https:\/\/www.newslettercreator.com\/fr\/creer-newsletter\/#primaryimage\"},\"thumbnailUrl\":\"http:\/\/www.newslettercreator.com\/wp-content\/uploads\/2014\/03\/how-to-design-html-newsletter.jpg\",\"datePublished\":\"2014-06-20T07:02:46+00:00\",\"dateModified\":\"2015-01-13T10:24:48+00:00\",\"description\":\"Cr\u00e9er une newsletter est un moyenne extraordinaire de de marketing, et l'un des les meilleures fa\u00e7ons de developper un vrai dialogue avec vos clients.\",\"breadcrumb\":{\"@id\":\"https:\/\/www.newslettercreator.com\/fr\/creer-newsletter\/#breadcrumb\"},\"inLanguage\":\"fr-FR\",\"potentialAction\":[{\"@type\":\"ReadAction\",\"target\":[\"https:\/\/www.newslettercreator.com\/fr\/creer-newsletter\/\"]}]},{\"@type\":\"ImageObject\",\"inLanguage\":\"fr-FR\",\"@id\":\"https:\/\/www.newslettercreator.com\/fr\/creer-newsletter\/#primaryimage\",\"url\":\"http:\/\/www.newslettercreator.com\/wp-content\/uploads\/2014\/03\/how-to-design-html-newsletter.jpg\",\"contentUrl\":\"http:\/\/www.newslettercreator.com\/wp-content\/uploads\/2014\/03\/how-to-design-html-newsletter.jpg\"},{\"@type\":\"BreadcrumbList\",\"@id\":\"https:\/\/www.newslettercreator.com\/fr\/creer-newsletter\/#breadcrumb\",\"itemListElement\":[{\"@type\":\"ListItem\",\"position\":1,\"name\":\"Home\",\"item\":\"https:\/\/www.newslettercreator.com\/fr\/\"},{\"@type\":\"ListItem\",\"position\":2,\"name\":\"Comment cr\u00e9er une newsletter\"}]},{\"@type\":\"WebSite\",\"@id\":\"https:\/\/www.newslettercreator.com\/#website\",\"url\":\"https:\/\/www.newslettercreator.com\/\",\"name\":\"Newsletter Creator\",\"description\":\"Pay off\",\"potentialAction\":[{\"@type\":\"SearchAction\",\"target\":{\"@type\":\"EntryPoint\",\"urlTemplate\":\"https:\/\/www.newslettercreator.com\/?s={search_term_string}\"},\"query-input\":{\"@type\":\"PropertyValueSpecification\",\"valueRequired\":true,\"valueName\":\"search_term_string\"}}],\"inLanguage\":\"fr-FR\"}]}<\/script>\n<!-- \/ Yoast SEO plugin. -->","yoast_head_json":{"title":"Comment cr\u00e9er une newsletter - Newsletter Creator","description":"Cr\u00e9er une newsletter est un moyenne extraordinaire de de marketing, et l'un des les meilleures fa\u00e7ons de developper un vrai dialogue avec vos clients.","robots":{"index":"index","follow":"follow","max-snippet":"max-snippet:-1","max-image-preview":"max-image-preview:large","max-video-preview":"max-video-preview:-1"},"canonical":"https:\/\/www.newslettercreator.com\/fr\/creer-newsletter\/","og_locale":"fr_FR","og_type":"article","og_title":"Comment cr\u00e9er une newsletter - Newsletter Creator","og_description":"Cr\u00e9er une newsletter est un moyenne extraordinaire de de marketing, et l'un des les meilleures fa\u00e7ons de developper un vrai dialogue avec vos clients.","og_url":"https:\/\/www.newslettercreator.com\/fr\/creer-newsletter\/","og_site_name":"Newsletter Creator","article_modified_time":"2015-01-13T10:24:48+00:00","og_image":[{"url":"http:\/\/www.newslettercreator.com\/wp-content\/uploads\/2014\/03\/how-to-design-html-newsletter.jpg","type":"","width":"","height":""}],"twitter_misc":{"Dur\u00e9e de lecture estim\u00e9e":"4 minutes"},"schema":{"@context":"https:\/\/schema.org","@graph":[{"@type":"WebPage","@id":"https:\/\/www.newslettercreator.com\/fr\/creer-newsletter\/","url":"https:\/\/www.newslettercreator.com\/fr\/creer-newsletter\/","name":"Comment cr\u00e9er une newsletter - Newsletter Creator","isPartOf":{"@id":"https:\/\/www.newslettercreator.com\/#website"},"primaryImageOfPage":{"@id":"https:\/\/www.newslettercreator.com\/fr\/creer-newsletter\/#primaryimage"},"image":{"@id":"https:\/\/www.newslettercreator.com\/fr\/creer-newsletter\/#primaryimage"},"thumbnailUrl":"http:\/\/www.newslettercreator.com\/wp-content\/uploads\/2014\/03\/how-to-design-html-newsletter.jpg","datePublished":"2014-06-20T07:02:46+00:00","dateModified":"2015-01-13T10:24:48+00:00","description":"Cr\u00e9er une newsletter est un moyenne extraordinaire de de marketing, et l'un des les meilleures fa\u00e7ons de developper un vrai dialogue avec vos clients.","breadcrumb":{"@id":"https:\/\/www.newslettercreator.com\/fr\/creer-newsletter\/#breadcrumb"},"inLanguage":"fr-FR","potentialAction":[{"@type":"ReadAction","target":["https:\/\/www.newslettercreator.com\/fr\/creer-newsletter\/"]}]},{"@type":"ImageObject","inLanguage":"fr-FR","@id":"https:\/\/www.newslettercreator.com\/fr\/creer-newsletter\/#primaryimage","url":"http:\/\/www.newslettercreator.com\/wp-content\/uploads\/2014\/03\/how-to-design-html-newsletter.jpg","contentUrl":"http:\/\/www.newslettercreator.com\/wp-content\/uploads\/2014\/03\/how-to-design-html-newsletter.jpg"},{"@type":"BreadcrumbList","@id":"https:\/\/www.newslettercreator.com\/fr\/creer-newsletter\/#breadcrumb","itemListElement":[{"@type":"ListItem","position":1,"name":"Home","item":"https:\/\/www.newslettercreator.com\/fr\/"},{"@type":"ListItem","position":2,"name":"Comment cr\u00e9er une newsletter"}]},{"@type":"WebSite","@id":"https:\/\/www.newslettercreator.com\/#website","url":"https:\/\/www.newslettercreator.com\/","name":"Newsletter Creator","description":"Pay off","potentialAction":[{"@type":"SearchAction","target":{"@type":"EntryPoint","urlTemplate":"https:\/\/www.newslettercreator.com\/?s={search_term_string}"},"query-input":{"@type":"PropertyValueSpecification","valueRequired":true,"valueName":"search_term_string"}}],"inLanguage":"fr-FR"}]}},"_links":{"self":[{"href":"https:\/\/www.newslettercreator.com\/fr\/wp-json\/wp\/v2\/pages\/813","targetHints":{"allow":["GET"]}}],"collection":[{"href":"https:\/\/www.newslettercreator.com\/fr\/wp-json\/wp\/v2\/pages"}],"about":[{"href":"https:\/\/www.newslettercreator.com\/fr\/wp-json\/wp\/v2\/types\/page"}],"author":[{"embeddable":true,"href":"https:\/\/www.newslettercreator.com\/fr\/wp-json\/wp\/v2\/users\/1"}],"replies":[{"embeddable":true,"href":"https:\/\/www.newslettercreator.com\/fr\/wp-json\/wp\/v2\/comments?post=813"}],"version-history":[{"count":6,"href":"https:\/\/www.newslettercreator.com\/fr\/wp-json\/wp\/v2\/pages\/813\/revisions"}],"predecessor-version":[{"id":2897,"href":"https:\/\/www.newslettercreator.com\/fr\/wp-json\/wp\/v2\/pages\/813\/revisions\/2897"}],"wp:attachment":[{"href":"https:\/\/www.newslettercreator.com\/fr\/wp-json\/wp\/v2\/media?parent=813"}],"curies":[{"name":"wp","href":"https:\/\/api.w.org\/{rel}","templated":true}]}}