{"id":815,"date":"2014-06-20T07:08:29","date_gmt":"2014-06-20T07:08:29","guid":{"rendered":"http:\/\/www.newslettercreator.com\/?page_id=815"},"modified":"2015-01-13T10:25:33","modified_gmt":"2015-01-13T10:25:33","slug":"creer-template-email","status":"publish","type":"page","link":"https:\/\/www.newslettercreator.com\/fr\/creer-template-email\/","title":{"rendered":"Comment cr\u00e9er un template d&#8217;email"},"content":{"rendered":"<p style=\"text-align: center;\"><img decoding=\"async\" class=\"alignnone size-full wp-image-237\" src=\"http:\/\/www.newslettercreator.com\/wp-content\/uploads\/2014\/03\/how-to-newsletter-layout.jpg\" alt=\"Comment cr\u00e9er un template d'email\" width=\"457\" height=\"418\" \/><\/p>\n<p>L&rsquo;une des t\u00e2ches les plus importantes et difficiles dans toute campagne d&#8217;email marketing est de <strong>cr\u00e9er un template (mod\u00e8le) efficace<\/strong>.<\/p>\n<p>En fait, tous ceux qui veulent construire un mod\u00e8le doivent avoir des excellentes <strong>comp\u00e9tences HTML\/CSS<\/strong> (essentielles pour rendre le template lisible sur tous les p\u00e9riph\u00e9riques et les webmails); une connaissance approfondie des principes de <strong>web design<\/strong> (pour assurer un flux parfait du contenu); et bien s\u00fbr une bonne dose de <strong>cr\u00e9ativit\u00e9<\/strong> (pour rendre la newsletter belle et originale).<\/p>\n<p>Trop souvent nous avons vu des newsletters horribles faites par designers improvis\u00e9s, compl\u00e8tement ignorant de ce qu&rsquo;est un bon template de courrier \u00e9lectronique devrait \u00eatre.<\/p>\n<p>Donc, si vous voulez vraiment que <strong>votre email soit efficace<\/strong>, soit vous embauchez un professionnel, soit vous apprenez par vous-m\u00eame. Le premier choix peut \u00eatre cher, le second prend beaucoup de temps.<\/p>\n<p>Mais il y a un troisi\u00e8me choix que permet de gagner du temps et de l&rsquo;argent: vous pouvez <a title=\"Logiciel gratuit cr\u00e9ation newsletter\" href=\"http:\/\/www.newslettercreator.com\/fr\/essayer-gratuitement\/\"><strong>utiliser MailStyler<\/strong><\/a>.<\/p>\n<p>MailStyler est un <strong>cr\u00e9ateur de template d&#8217;email WYSIWYG<\/strong>, construit pour vous aider \u00e0 tirer le meilleur parti de vos id\u00e9es et de composer des newsletters parfaites <strong>sans avoir \u00e0 \u00e9crire une seule ligne de code<\/strong>.<\/p>\n<p>MailStyler est tellement puissant et intuitif que m\u00eame un d\u00e9butant peut imm\u00e9diatement produire de mises en page excellentes: il suffit de <strong>glisser-d\u00e9poser<\/strong> nos \u00e9l\u00e9ments pr\u00e9- fabriqu\u00e9s sur la page. Vous allez construire votre template litt\u00e9ralement brique par brique, en ajoutant les blocs et en les personnalisant comme vous souhaitez.<\/p>\n<p>&nbsp;<\/p>\n<p style=\"text-align: center;\"><a class=\"button large orange\" style=\"margin-top: 20px; width: 157px; margin-right: 30px;\" title=\"T\u00e9l\u00e9charger Demo\" href=\"http:\/\/www.newslettercreator.com\/fr\/essayer-gratuitement\/\" target=\"_self\">T\u00c9L\u00c9CHARGER DEMO<\/a><a class=\"button large darkgray\" style=\"margin-top: 20px; width: 175px;\" title=\"Acheter Mailstyler Pro\" href=\"http:\/\/www.newslettercreator.com\/fr\/prix\/\" target=\"_self\">ACHETER MAILSTYLER PRO<\/a><\/p>\n<p style=\"text-align: center; font-size: 11px; margin-bottom: 30px;\">Derni\u00e8re version: 2.24.01.17 | Date de sortie: 17\/01\/2024 | Taille: 114.9 MB<br \/>\n<a href=\"http:\/\/www.newslettercreator.com\/fr\/accord-de-licence\/\" target=\"_blank\">Contrat de licence<\/a> | <a href=\"http:\/\/www.newslettercreator.com\/fr\/comment-desinstaller\/\" target=\"_blank\">Comment d\u00e9sinstaller<\/a><\/p>\n","protected":false},"excerpt":{"rendered":"<p>L&rsquo;une des t\u00e2ches les plus importantes et difficiles dans toute campagne d&#8217;email marketing est de cr\u00e9er un template (mod\u00e8le) efficace. En fait, tous ceux qui veulent construire un mod\u00e8le doivent avoir des excellentes comp\u00e9tences HTML\/CSS (essentielles pour rendre le template lisible sur tous les p\u00e9riph\u00e9riques et les webmails); une connaissance approfondie des principes de web [&hellip;]<\/p>\n","protected":false},"author":1,"featured_media":0,"parent":0,"menu_order":0,"comment_status":"closed","ping_status":"closed","template":"g1_template_page_sidebar_right.php","meta":{"inline_featured_image":false,"_monsterinsights_skip_tracking":false,"_monsterinsights_sitenote_active":false,"_monsterinsights_sitenote_note":"","_monsterinsights_sitenote_category":0,"footnotes":""},"class_list":["post-815","page","type-page","status-publish"],"yoast_head":"<!-- This site is optimized with the Yoast SEO plugin v25.2 - https:\/\/yoast.com\/wordpress\/plugins\/seo\/ -->\n<title>Comment cr\u00e9er un template d&#039;email - Newsletter Creator<\/title>\n<meta name=\"description\" content=\"L&#039;une des t\u00e2ches les plus importantes et difficiles dans toute campagne d&#039;email marketing est de cr\u00e9er un template (mod\u00e8le) efficace. Voil\u00e0 comment faire.\" \/>\n<meta name=\"robots\" content=\"index, follow, max-snippet:-1, max-image-preview:large, max-video-preview:-1\" \/>\n<link rel=\"canonical\" href=\"https:\/\/www.newslettercreator.com\/fr\/creer-template-email\/\" \/>\n<meta property=\"og:locale\" content=\"fr_FR\" \/>\n<meta property=\"og:type\" content=\"article\" \/>\n<meta property=\"og:title\" content=\"Comment cr\u00e9er un template d&#039;email - Newsletter Creator\" \/>\n<meta property=\"og:description\" content=\"L&#039;une des t\u00e2ches les plus importantes et difficiles dans toute campagne d&#039;email marketing est de cr\u00e9er un template (mod\u00e8le) efficace. Voil\u00e0 comment faire.\" \/>\n<meta property=\"og:url\" content=\"https:\/\/www.newslettercreator.com\/fr\/creer-template-email\/\" \/>\n<meta property=\"og:site_name\" content=\"Newsletter Creator\" \/>\n<meta property=\"article:modified_time\" content=\"2015-01-13T10:25:33+00:00\" \/>\n<meta property=\"og:image\" content=\"http:\/\/www.newslettercreator.com\/wp-content\/uploads\/2014\/03\/how-to-newsletter-layout.jpg\" \/>\n<meta name=\"twitter:label1\" content=\"Dur\u00e9e de lecture estim\u00e9e\" \/>\n\t<meta name=\"twitter:data1\" content=\"1 minute\" \/>\n<script type=\"application\/ld+json\" class=\"yoast-schema-graph\">{\"@context\":\"https:\/\/schema.org\",\"@graph\":[{\"@type\":\"WebPage\",\"@id\":\"https:\/\/www.newslettercreator.com\/fr\/creer-template-email\/\",\"url\":\"https:\/\/www.newslettercreator.com\/fr\/creer-template-email\/\",\"name\":\"Comment cr\u00e9er un template d'email - Newsletter Creator\",\"isPartOf\":{\"@id\":\"https:\/\/www.newslettercreator.com\/#website\"},\"primaryImageOfPage\":{\"@id\":\"https:\/\/www.newslettercreator.com\/fr\/creer-template-email\/#primaryimage\"},\"image\":{\"@id\":\"https:\/\/www.newslettercreator.com\/fr\/creer-template-email\/#primaryimage\"},\"thumbnailUrl\":\"http:\/\/www.newslettercreator.com\/wp-content\/uploads\/2014\/03\/how-to-newsletter-layout.jpg\",\"datePublished\":\"2014-06-20T07:08:29+00:00\",\"dateModified\":\"2015-01-13T10:25:33+00:00\",\"description\":\"L'une des t\u00e2ches les plus importantes et difficiles dans toute campagne d'email marketing est de cr\u00e9er un template (mod\u00e8le) efficace. Voil\u00e0 comment faire.\",\"breadcrumb\":{\"@id\":\"https:\/\/www.newslettercreator.com\/fr\/creer-template-email\/#breadcrumb\"},\"inLanguage\":\"fr-FR\",\"potentialAction\":[{\"@type\":\"ReadAction\",\"target\":[\"https:\/\/www.newslettercreator.com\/fr\/creer-template-email\/\"]}]},{\"@type\":\"ImageObject\",\"inLanguage\":\"fr-FR\",\"@id\":\"https:\/\/www.newslettercreator.com\/fr\/creer-template-email\/#primaryimage\",\"url\":\"http:\/\/www.newslettercreator.com\/wp-content\/uploads\/2014\/03\/how-to-newsletter-layout.jpg\",\"contentUrl\":\"http:\/\/www.newslettercreator.com\/wp-content\/uploads\/2014\/03\/how-to-newsletter-layout.jpg\"},{\"@type\":\"BreadcrumbList\",\"@id\":\"https:\/\/www.newslettercreator.com\/fr\/creer-template-email\/#breadcrumb\",\"itemListElement\":[{\"@type\":\"ListItem\",\"position\":1,\"name\":\"Home\",\"item\":\"https:\/\/www.newslettercreator.com\/fr\/\"},{\"@type\":\"ListItem\",\"position\":2,\"name\":\"Comment cr\u00e9er un template d&#8217;email\"}]},{\"@type\":\"WebSite\",\"@id\":\"https:\/\/www.newslettercreator.com\/#website\",\"url\":\"https:\/\/www.newslettercreator.com\/\",\"name\":\"Newsletter Creator\",\"description\":\"Pay off\",\"potentialAction\":[{\"@type\":\"SearchAction\",\"target\":{\"@type\":\"EntryPoint\",\"urlTemplate\":\"https:\/\/www.newslettercreator.com\/?s={search_term_string}\"},\"query-input\":{\"@type\":\"PropertyValueSpecification\",\"valueRequired\":true,\"valueName\":\"search_term_string\"}}],\"inLanguage\":\"fr-FR\"}]}<\/script>\n<!-- \/ Yoast SEO plugin. -->","yoast_head_json":{"title":"Comment cr\u00e9er un template d'email - Newsletter Creator","description":"L'une des t\u00e2ches les plus importantes et difficiles dans toute campagne d'email marketing est de cr\u00e9er un template (mod\u00e8le) efficace. Voil\u00e0 comment faire.","robots":{"index":"index","follow":"follow","max-snippet":"max-snippet:-1","max-image-preview":"max-image-preview:large","max-video-preview":"max-video-preview:-1"},"canonical":"https:\/\/www.newslettercreator.com\/fr\/creer-template-email\/","og_locale":"fr_FR","og_type":"article","og_title":"Comment cr\u00e9er un template d'email - Newsletter Creator","og_description":"L'une des t\u00e2ches les plus importantes et difficiles dans toute campagne d'email marketing est de cr\u00e9er un template (mod\u00e8le) efficace. Voil\u00e0 comment faire.","og_url":"https:\/\/www.newslettercreator.com\/fr\/creer-template-email\/","og_site_name":"Newsletter Creator","article_modified_time":"2015-01-13T10:25:33+00:00","og_image":[{"url":"http:\/\/www.newslettercreator.com\/wp-content\/uploads\/2014\/03\/how-to-newsletter-layout.jpg","type":"","width":"","height":""}],"twitter_misc":{"Dur\u00e9e de lecture estim\u00e9e":"1 minute"},"schema":{"@context":"https:\/\/schema.org","@graph":[{"@type":"WebPage","@id":"https:\/\/www.newslettercreator.com\/fr\/creer-template-email\/","url":"https:\/\/www.newslettercreator.com\/fr\/creer-template-email\/","name":"Comment cr\u00e9er un template d'email - Newsletter Creator","isPartOf":{"@id":"https:\/\/www.newslettercreator.com\/#website"},"primaryImageOfPage":{"@id":"https:\/\/www.newslettercreator.com\/fr\/creer-template-email\/#primaryimage"},"image":{"@id":"https:\/\/www.newslettercreator.com\/fr\/creer-template-email\/#primaryimage"},"thumbnailUrl":"http:\/\/www.newslettercreator.com\/wp-content\/uploads\/2014\/03\/how-to-newsletter-layout.jpg","datePublished":"2014-06-20T07:08:29+00:00","dateModified":"2015-01-13T10:25:33+00:00","description":"L'une des t\u00e2ches les plus importantes et difficiles dans toute campagne d'email marketing est de cr\u00e9er un template (mod\u00e8le) efficace. Voil\u00e0 comment faire.","breadcrumb":{"@id":"https:\/\/www.newslettercreator.com\/fr\/creer-template-email\/#breadcrumb"},"inLanguage":"fr-FR","potentialAction":[{"@type":"ReadAction","target":["https:\/\/www.newslettercreator.com\/fr\/creer-template-email\/"]}]},{"@type":"ImageObject","inLanguage":"fr-FR","@id":"https:\/\/www.newslettercreator.com\/fr\/creer-template-email\/#primaryimage","url":"http:\/\/www.newslettercreator.com\/wp-content\/uploads\/2014\/03\/how-to-newsletter-layout.jpg","contentUrl":"http:\/\/www.newslettercreator.com\/wp-content\/uploads\/2014\/03\/how-to-newsletter-layout.jpg"},{"@type":"BreadcrumbList","@id":"https:\/\/www.newslettercreator.com\/fr\/creer-template-email\/#breadcrumb","itemListElement":[{"@type":"ListItem","position":1,"name":"Home","item":"https:\/\/www.newslettercreator.com\/fr\/"},{"@type":"ListItem","position":2,"name":"Comment cr\u00e9er un template d&#8217;email"}]},{"@type":"WebSite","@id":"https:\/\/www.newslettercreator.com\/#website","url":"https:\/\/www.newslettercreator.com\/","name":"Newsletter Creator","description":"Pay off","potentialAction":[{"@type":"SearchAction","target":{"@type":"EntryPoint","urlTemplate":"https:\/\/www.newslettercreator.com\/?s={search_term_string}"},"query-input":{"@type":"PropertyValueSpecification","valueRequired":true,"valueName":"search_term_string"}}],"inLanguage":"fr-FR"}]}},"_links":{"self":[{"href":"https:\/\/www.newslettercreator.com\/fr\/wp-json\/wp\/v2\/pages\/815","targetHints":{"allow":["GET"]}}],"collection":[{"href":"https:\/\/www.newslettercreator.com\/fr\/wp-json\/wp\/v2\/pages"}],"about":[{"href":"https:\/\/www.newslettercreator.com\/fr\/wp-json\/wp\/v2\/types\/page"}],"author":[{"embeddable":true,"href":"https:\/\/www.newslettercreator.com\/fr\/wp-json\/wp\/v2\/users\/1"}],"replies":[{"embeddable":true,"href":"https:\/\/www.newslettercreator.com\/fr\/wp-json\/wp\/v2\/comments?post=815"}],"version-history":[{"count":5,"href":"https:\/\/www.newslettercreator.com\/fr\/wp-json\/wp\/v2\/pages\/815\/revisions"}],"predecessor-version":[{"id":2898,"href":"https:\/\/www.newslettercreator.com\/fr\/wp-json\/wp\/v2\/pages\/815\/revisions\/2898"}],"wp:attachment":[{"href":"https:\/\/www.newslettercreator.com\/fr\/wp-json\/wp\/v2\/media?parent=815"}],"curies":[{"name":"wp","href":"https:\/\/api.w.org\/{rel}","templated":true}]}}