{"id":817,"date":"2014-06-20T07:16:47","date_gmt":"2014-06-20T07:16:47","guid":{"rendered":"http:\/\/www.newslettercreator.com\/?page_id=817"},"modified":"2021-05-07T08:49:12","modified_gmt":"2021-05-07T06:49:12","slug":"creer-newsletter-word","status":"publish","type":"page","link":"https:\/\/www.newslettercreator.com\/fr\/creer-newsletter-word\/","title":{"rendered":"Cr\u00e9er une newsletter avec Microsoft Word: \u00e7a marche?"},"content":{"rendered":"<p>C&rsquo;est certainement possible de <strong>cr\u00e9er votre newsletter avec Microsoft Word<\/strong>. Et \u00e0 premi\u00e8re vue il semble assez simple: vous cr\u00e9ez un nouveau document, cliquez sur l&rsquo;onglet Mise en page, s\u00e9lectionnez le nombre de colonnes que vous voulez, commencez \u00e0 saisir le contenu, ajoutez une image&#8230; Etc.<\/p>\n<p>Mais utiliser Word pour cr\u00e9er une newsletter <strong>n&rsquo;est pas si facile<\/strong>, pour vrai dire. Et <strong>pas recommandable aussi<\/strong>. En fait, il y a deux raisons principales pour lesquelles il est pr\u00e9f\u00e9rable de <strong>ne pas utiliser Microsoft Word<\/strong> pour composer votre email.<\/p>\n<p><img decoding=\"async\" class=\"alignnone size-full wp-image-237\" src=\"http:\/\/www.newslettercreator.com\/wp-content\/uploads\/2014\/02\/newsletter-template-microsoft-word-how-to.jpg\" alt=\"Cr\u00e9er une newsletter avec Microsoft Word: \u00e7a marche?\" width=\"649\" height=\"423\" \/><\/p>\n<p>Tout d&rsquo;abord, <strong>Word n&rsquo;a pas \u00e9t\u00e9 con\u00e7u comme un cr\u00e9ateur de newsletter<\/strong>. Il s&rsquo;agit d&rsquo;un logiciel de traitement de texte de tr\u00e8s haute qualit\u00e9 &#8211; mais il sera toujours un programme non-d\u00e9di\u00e9 quand il s&rsquo;agit de composer un template pour votre email. Ce qui signifie: <strong>beaucoup d&rsquo;efforts pour cr\u00e9er m\u00eame la newsletter la plus simple<\/strong>, et un nombre limit\u00e9 d&rsquo;outils de conception.<\/p>\n<p>Deuxi\u00e8mement &#8211; et plus important encore &#8211; <strong>Word peut g\u00e9n\u00e9rer un codage HTML non standard<\/strong> pour votre newsletter. Et ce d\u00e9clenchera probablement quelques <strong>probl\u00e8mes de rendu<\/strong> pour vos lecteurs, en particulier si ils utilisent un client autre que Microsoft Outlook. C&rsquo;est une question d\u00e9licate, car une bonne conception de newsletter implique <strong>certaines pratiques HTML particuli\u00e8res<\/strong> et un code bien soign\u00e9 pour que l&#8217;email soit affich\u00e9 correctement &#8211; et correctement livr\u00e9 aussi.<\/p>\n<p>Ainsi, afin d&rsquo;obtenir un r\u00e9sultat de qualit\u00e9 sup\u00e9rieure et vous assurer que votre email soit <strong>vraiment efficace, facile \u00e0 livrer et beau<\/strong>, vous avez certainement besoin d&rsquo;un cr\u00e9ateur d\u00e9di\u00e9 pour la mise en page: <strong>MailStyler<\/strong>.<\/p>\n<p>Avec MailStyler vous serez en mesure de construire des mod\u00e8les parfaits en quelques minutes, avec <strong>une simple s\u00e9rie de glisser-d\u00e9poser<\/strong>, et comme tous les blocs de base ont \u00e9t\u00e9 cr\u00e9\u00e9s par des designers de sites web professionnels, <strong>le r\u00e9sultat final sera compatible avec tout client de messagerie ou webmail<\/strong>. Commencez d\u00e8s maintenant et donnez \u00e0 votre conception de newsletter un nouveau d\u00e9part.<\/p>\n<p>&nbsp;<\/p>\n<p style=\"text-align: center;\"><a class=\"button large orange\" style=\"margin-top: 20px; width: 157px; margin-right: 30px;\" title=\"T\u00e9l\u00e9charger Demo\" href=\"http:\/\/www.newslettercreator.com\/fr\/essayer-gratuitement\/\" target=\"_self\" rel=\"noopener noreferrer\">T\u00c9L\u00c9CHARGER DEMO<\/a><a class=\"button large darkgray\" style=\"margin-top: 20px; width: 175px;\" title=\"Acheter Mailstyler Pro\" href=\"http:\/\/www.newslettercreator.com\/fr\/prix\/\" target=\"_self\" rel=\"noopener noreferrer\">ACHETER MAILSTYLER PRO<\/a><\/p>\n<p style=\"text-align: center; font-size: 11px; margin-bottom: 30px;\">Derni\u00e8re version: 2.24.01.17 | Date de sortie: 17\/01\/2024 | Taille: 114.9 MB<br \/>\n<a href=\"http:\/\/www.newslettercreator.com\/fr\/accord-de-licence\/\" target=\"_blank\" rel=\"noopener noreferrer\">Contrat de licence<\/a> | <a href=\"http:\/\/www.newslettercreator.com\/fr\/comment-desinstaller\/\" target=\"_blank\" rel=\"noopener noreferrer\">Comment d\u00e9sinstaller<\/a><\/p>\n","protected":false},"excerpt":{"rendered":"<p>C&rsquo;est certainement possible de cr\u00e9er votre newsletter avec Microsoft Word. Et \u00e0 premi\u00e8re vue il semble assez simple: vous cr\u00e9ez un nouveau document, cliquez sur l&rsquo;onglet Mise en page, s\u00e9lectionnez le nombre de colonnes que vous voulez, commencez \u00e0 saisir le contenu, ajoutez une image&#8230; Etc. Mais utiliser Word pour cr\u00e9er une newsletter n&rsquo;est pas [&hellip;]<\/p>\n","protected":false},"author":1,"featured_media":0,"parent":0,"menu_order":0,"comment_status":"closed","ping_status":"closed","template":"g1_template_page_sidebar_right.php","meta":{"inline_featured_image":false,"_monsterinsights_skip_tracking":false,"_monsterinsights_sitenote_active":false,"_monsterinsights_sitenote_note":"","_monsterinsights_sitenote_category":0,"footnotes":""},"class_list":["post-817","page","type-page","status-publish"],"yoast_head":"<!-- This site is optimized with the Yoast SEO plugin v25.2 - https:\/\/yoast.com\/wordpress\/plugins\/seo\/ -->\n<title>Cr\u00e9er une newsletter avec Microsoft Word: \u00e7a marche? - Newsletter Creator<\/title>\n<meta name=\"description\" content=\"Word n&#039;a pas \u00e9t\u00e9 con\u00e7u comme un cr\u00e9ateur de newsletter: c&#039;est pourquoi il est mieux d&#039;utiliser un logiciel d\u00e9di\u00e9 et gratuit comme MailStyler.\" \/>\n<meta name=\"robots\" content=\"index, follow, max-snippet:-1, max-image-preview:large, max-video-preview:-1\" \/>\n<link rel=\"canonical\" href=\"https:\/\/www.newslettercreator.com\/fr\/creer-newsletter-word\/\" \/>\n<meta property=\"og:locale\" content=\"fr_FR\" \/>\n<meta property=\"og:type\" content=\"article\" \/>\n<meta property=\"og:title\" content=\"Cr\u00e9er une newsletter avec Microsoft Word: \u00e7a marche? - Newsletter Creator\" \/>\n<meta property=\"og:description\" content=\"Word n&#039;a pas \u00e9t\u00e9 con\u00e7u comme un cr\u00e9ateur de newsletter: c&#039;est pourquoi il est mieux d&#039;utiliser un logiciel d\u00e9di\u00e9 et gratuit comme MailStyler.\" \/>\n<meta property=\"og:url\" content=\"https:\/\/www.newslettercreator.com\/fr\/creer-newsletter-word\/\" \/>\n<meta property=\"og:site_name\" content=\"Newsletter Creator\" \/>\n<meta property=\"article:modified_time\" content=\"2021-05-07T06:49:12+00:00\" \/>\n<meta property=\"og:image\" content=\"http:\/\/www.newslettercreator.com\/wp-content\/uploads\/2014\/02\/newsletter-template-microsoft-word-how-to.jpg\" \/>\n<meta name=\"twitter:label1\" content=\"Dur\u00e9e de lecture estim\u00e9e\" \/>\n\t<meta name=\"twitter:data1\" content=\"2 minutes\" \/>\n<script type=\"application\/ld+json\" class=\"yoast-schema-graph\">{\"@context\":\"https:\/\/schema.org\",\"@graph\":[{\"@type\":\"WebPage\",\"@id\":\"https:\/\/www.newslettercreator.com\/fr\/creer-newsletter-word\/\",\"url\":\"https:\/\/www.newslettercreator.com\/fr\/creer-newsletter-word\/\",\"name\":\"Cr\u00e9er une newsletter avec Microsoft Word: \u00e7a marche? - Newsletter Creator\",\"isPartOf\":{\"@id\":\"https:\/\/www.newslettercreator.com\/#website\"},\"primaryImageOfPage\":{\"@id\":\"https:\/\/www.newslettercreator.com\/fr\/creer-newsletter-word\/#primaryimage\"},\"image\":{\"@id\":\"https:\/\/www.newslettercreator.com\/fr\/creer-newsletter-word\/#primaryimage\"},\"thumbnailUrl\":\"http:\/\/www.newslettercreator.com\/wp-content\/uploads\/2014\/02\/newsletter-template-microsoft-word-how-to.jpg\",\"datePublished\":\"2014-06-20T07:16:47+00:00\",\"dateModified\":\"2021-05-07T06:49:12+00:00\",\"description\":\"Word n'a pas \u00e9t\u00e9 con\u00e7u comme un cr\u00e9ateur de newsletter: c'est pourquoi il est mieux d'utiliser un logiciel d\u00e9di\u00e9 et gratuit comme MailStyler.\",\"breadcrumb\":{\"@id\":\"https:\/\/www.newslettercreator.com\/fr\/creer-newsletter-word\/#breadcrumb\"},\"inLanguage\":\"fr-FR\",\"potentialAction\":[{\"@type\":\"ReadAction\",\"target\":[\"https:\/\/www.newslettercreator.com\/fr\/creer-newsletter-word\/\"]}]},{\"@type\":\"ImageObject\",\"inLanguage\":\"fr-FR\",\"@id\":\"https:\/\/www.newslettercreator.com\/fr\/creer-newsletter-word\/#primaryimage\",\"url\":\"http:\/\/www.newslettercreator.com\/wp-content\/uploads\/2014\/02\/newsletter-template-microsoft-word-how-to.jpg\",\"contentUrl\":\"http:\/\/www.newslettercreator.com\/wp-content\/uploads\/2014\/02\/newsletter-template-microsoft-word-how-to.jpg\"},{\"@type\":\"BreadcrumbList\",\"@id\":\"https:\/\/www.newslettercreator.com\/fr\/creer-newsletter-word\/#breadcrumb\",\"itemListElement\":[{\"@type\":\"ListItem\",\"position\":1,\"name\":\"Home\",\"item\":\"https:\/\/www.newslettercreator.com\/fr\/\"},{\"@type\":\"ListItem\",\"position\":2,\"name\":\"Cr\u00e9er une newsletter avec Microsoft Word: \u00e7a marche?\"}]},{\"@type\":\"WebSite\",\"@id\":\"https:\/\/www.newslettercreator.com\/#website\",\"url\":\"https:\/\/www.newslettercreator.com\/\",\"name\":\"Newsletter Creator\",\"description\":\"Pay off\",\"potentialAction\":[{\"@type\":\"SearchAction\",\"target\":{\"@type\":\"EntryPoint\",\"urlTemplate\":\"https:\/\/www.newslettercreator.com\/?s={search_term_string}\"},\"query-input\":{\"@type\":\"PropertyValueSpecification\",\"valueRequired\":true,\"valueName\":\"search_term_string\"}}],\"inLanguage\":\"fr-FR\"}]}<\/script>\n<!-- \/ Yoast SEO plugin. -->","yoast_head_json":{"title":"Cr\u00e9er une newsletter avec Microsoft Word: \u00e7a marche? - Newsletter Creator","description":"Word n'a pas \u00e9t\u00e9 con\u00e7u comme un cr\u00e9ateur de newsletter: c'est pourquoi il est mieux d'utiliser un logiciel d\u00e9di\u00e9 et gratuit comme MailStyler.","robots":{"index":"index","follow":"follow","max-snippet":"max-snippet:-1","max-image-preview":"max-image-preview:large","max-video-preview":"max-video-preview:-1"},"canonical":"https:\/\/www.newslettercreator.com\/fr\/creer-newsletter-word\/","og_locale":"fr_FR","og_type":"article","og_title":"Cr\u00e9er une newsletter avec Microsoft Word: \u00e7a marche? - Newsletter Creator","og_description":"Word n'a pas \u00e9t\u00e9 con\u00e7u comme un cr\u00e9ateur de newsletter: c'est pourquoi il est mieux d'utiliser un logiciel d\u00e9di\u00e9 et gratuit comme MailStyler.","og_url":"https:\/\/www.newslettercreator.com\/fr\/creer-newsletter-word\/","og_site_name":"Newsletter Creator","article_modified_time":"2021-05-07T06:49:12+00:00","og_image":[{"url":"http:\/\/www.newslettercreator.com\/wp-content\/uploads\/2014\/02\/newsletter-template-microsoft-word-how-to.jpg","type":"","width":"","height":""}],"twitter_misc":{"Dur\u00e9e de lecture estim\u00e9e":"2 minutes"},"schema":{"@context":"https:\/\/schema.org","@graph":[{"@type":"WebPage","@id":"https:\/\/www.newslettercreator.com\/fr\/creer-newsletter-word\/","url":"https:\/\/www.newslettercreator.com\/fr\/creer-newsletter-word\/","name":"Cr\u00e9er une newsletter avec Microsoft Word: \u00e7a marche? - Newsletter Creator","isPartOf":{"@id":"https:\/\/www.newslettercreator.com\/#website"},"primaryImageOfPage":{"@id":"https:\/\/www.newslettercreator.com\/fr\/creer-newsletter-word\/#primaryimage"},"image":{"@id":"https:\/\/www.newslettercreator.com\/fr\/creer-newsletter-word\/#primaryimage"},"thumbnailUrl":"http:\/\/www.newslettercreator.com\/wp-content\/uploads\/2014\/02\/newsletter-template-microsoft-word-how-to.jpg","datePublished":"2014-06-20T07:16:47+00:00","dateModified":"2021-05-07T06:49:12+00:00","description":"Word n'a pas \u00e9t\u00e9 con\u00e7u comme un cr\u00e9ateur de newsletter: c'est pourquoi il est mieux d'utiliser un logiciel d\u00e9di\u00e9 et gratuit comme MailStyler.","breadcrumb":{"@id":"https:\/\/www.newslettercreator.com\/fr\/creer-newsletter-word\/#breadcrumb"},"inLanguage":"fr-FR","potentialAction":[{"@type":"ReadAction","target":["https:\/\/www.newslettercreator.com\/fr\/creer-newsletter-word\/"]}]},{"@type":"ImageObject","inLanguage":"fr-FR","@id":"https:\/\/www.newslettercreator.com\/fr\/creer-newsletter-word\/#primaryimage","url":"http:\/\/www.newslettercreator.com\/wp-content\/uploads\/2014\/02\/newsletter-template-microsoft-word-how-to.jpg","contentUrl":"http:\/\/www.newslettercreator.com\/wp-content\/uploads\/2014\/02\/newsletter-template-microsoft-word-how-to.jpg"},{"@type":"BreadcrumbList","@id":"https:\/\/www.newslettercreator.com\/fr\/creer-newsletter-word\/#breadcrumb","itemListElement":[{"@type":"ListItem","position":1,"name":"Home","item":"https:\/\/www.newslettercreator.com\/fr\/"},{"@type":"ListItem","position":2,"name":"Cr\u00e9er une newsletter avec Microsoft Word: \u00e7a marche?"}]},{"@type":"WebSite","@id":"https:\/\/www.newslettercreator.com\/#website","url":"https:\/\/www.newslettercreator.com\/","name":"Newsletter Creator","description":"Pay off","potentialAction":[{"@type":"SearchAction","target":{"@type":"EntryPoint","urlTemplate":"https:\/\/www.newslettercreator.com\/?s={search_term_string}"},"query-input":{"@type":"PropertyValueSpecification","valueRequired":true,"valueName":"search_term_string"}}],"inLanguage":"fr-FR"}]}},"_links":{"self":[{"href":"https:\/\/www.newslettercreator.com\/fr\/wp-json\/wp\/v2\/pages\/817","targetHints":{"allow":["GET"]}}],"collection":[{"href":"https:\/\/www.newslettercreator.com\/fr\/wp-json\/wp\/v2\/pages"}],"about":[{"href":"https:\/\/www.newslettercreator.com\/fr\/wp-json\/wp\/v2\/types\/page"}],"author":[{"embeddable":true,"href":"https:\/\/www.newslettercreator.com\/fr\/wp-json\/wp\/v2\/users\/1"}],"replies":[{"embeddable":true,"href":"https:\/\/www.newslettercreator.com\/fr\/wp-json\/wp\/v2\/comments?post=817"}],"version-history":[{"count":5,"href":"https:\/\/www.newslettercreator.com\/fr\/wp-json\/wp\/v2\/pages\/817\/revisions"}],"predecessor-version":[{"id":10089,"href":"https:\/\/www.newslettercreator.com\/fr\/wp-json\/wp\/v2\/pages\/817\/revisions\/10089"}],"wp:attachment":[{"href":"https:\/\/www.newslettercreator.com\/fr\/wp-json\/wp\/v2\/media?parent=817"}],"curies":[{"name":"wp","href":"https:\/\/api.w.org\/{rel}","templated":true}]}}