{"id":819,"date":"2014-06-20T07:21:52","date_gmt":"2014-06-20T07:21:52","guid":{"rendered":"http:\/\/www.newslettercreator.com\/?page_id=819"},"modified":"2015-01-13T10:26:49","modified_gmt":"2015-01-13T10:26:49","slug":"faire-newsletter","status":"publish","type":"page","link":"https:\/\/www.newslettercreator.com\/fr\/faire-newsletter\/","title":{"rendered":"Comment faire une newsletter efficace"},"content":{"rendered":"<p><img decoding=\"async\" class=\"alignnone size-full wp-image-237\" src=\"http:\/\/www.newslettercreator.com\/wp-content\/uploads\/2014\/03\/best-design-newsletter.jpg\" alt=\"Comment faire une newsletter efficace\" width=\"649\" height=\"423\" \/><\/p>\n<p><strong>Faire une newsletter efficace<\/strong> n&rsquo;est pas facile: l&rsquo;art de construire un template de valeur n\u00e9cessite d&rsquo;une <strong>injection constante de bonnes id\u00e9es<\/strong> pour inciter l&rsquo;attention des destinataires.<\/p>\n<p>Pensons seulement \u00e0 la quantit\u00e9 de courriels qu&rsquo;un utilisateur moyen de l&rsquo;entreprise doit g\u00e9rer par jour: <strong>plus de 100<\/strong>. (Et nous ne comptons pas tous les messages personnels et de marketing&#8230;). Dans ce sc\u00e9nario, <strong>faire une newsletter vraiment professionnelle<\/strong> et seduisante est imperatif pour la r\u00e9alisation d&rsquo;une campagne de marketing.<\/p>\n<p>C&rsquo;est pourquoi nous avons rassembl\u00e9 cinq id\u00e9es clefs pour vous aider \u00e0 concevoir <strong>la meilleur newsletter pour vos besoins<\/strong>. Notre logiciel de cr\u00e9ation MailStyler prendra soin du reste, en vous donnant un <strong>\u00e9diteur WYSIWYG<\/strong> pour composer un template extraordinaires avec seulement <strong>quelques glisser-d\u00e9posers<\/strong>, et sans \u00e0voir \u00e0 \u00e9crire une seule ligne de HTML.<\/p>\n<ol>\n<li><strong>Commencer avec le contenu important<\/strong>. Comme nous disions pr\u00e9c\u00e9demment, l&rsquo;horloge qui r\u00e8gle la lecture des emails tiques tr\u00e8s rapidement &#8211; en fait, la grande majorit\u00e9 des utilisateurs jette un oeuil au lieu de lire r\u00e9ellement. Donc les pr\u00e9ambules sont interdits. Allez droit \u00e0 ce que vous vouler dire et commencez avec ce qui est plus important: votre offre, vos nouvelles, tout ce que vous proposez. Le contenu doit \u00eatre concis et clair en m\u00eame temps.<\/li>\n<li><strong>Utiliser des images l\u00e9g\u00e8res<\/strong> (et toujours fournir un texte alternatif). Votre newsletter ne devrait jamais peser plus de 70Kb, pour garantir qu&rsquo;il soit delivr\u00e9 correctement. Si vous t\u00e9l\u00e9chargez des images, alors, faites qu&rsquo;ils soient \u00e0 la fois l\u00e9geres et belles; aussi, n&rsquo;oubliez pas de mettre un texte de remplacement (texte alternatif) pour chacune d&rsquo;elles, en cas de blocage d&rsquo;image (une option par d\u00e9faut dans de nombreaux clients de messagerie).<\/li>\n<li><strong>Re-lire<\/strong>. Pas seulement pour d\u00e9couvrir des eventuelless fautes de frappe et d&rsquo;autres erreurs (en particulier ceux terribles, comme avoir ins\u00e9r\u00e9 une offre tromp\u00e9e), mais aussi pour v\u00e9rifier la qualit\u00e9 de votre contenu et de sa longueur. Toujours relire un email avant de l&rsquo;envoyer. Toujours.<\/li>\n<li><strong>Faire attention au sujet<\/strong>. Croyez-le ou pas, les gens re\u00e7oivent encore des emails avec des sujets g\u00e9n\u00e9riques ou non informatifs comme \u00ab\u00a0Newsletter n. 43&Prime; ou \u00a0\u00bb Offre pour vous\u00a0\u00bb. Vous pouvez et devez faire beaucoup mieux si vous voulez que vos destinataires ouvraient et lisent votre message. Quelques suggestions: soyez brefs (moins de 50 caract\u00e8res); utilisez des symboles | pour diviser l&rsquo;information; \u00e9vitez les d\u00e9tails inutiles et essayez d&rsquo;\u00e9voquer plut\u00f4t que de d\u00e9crire le contenu de votre e-mail.<\/li>\n<li><strong>S&rsquo;assurer que le code HTML soit parfait<\/strong>. Ce point est crucial, car seul un code HTML propre peut assurer une bonne lisibilit\u00e9 de votre newsletter sur tous les clients et webmails (aider sa d\u00e9livrabilit\u00e9 ainsi). Si vous n&rsquo;avez pas de connaissances techniques et vous n&rsquo;\u00eates pas en mesure de coder, pas de soucis: MailStyler prendra soin de tout cela, en vous offrant des blocs HTML pr\u00e9-con\u00e7us qui n&rsquo;ont besoin que d&rsquo;\u00eatre assembl\u00e9s comme vous le souhaitez.<\/li>\n<\/ol>\n<p>&nbsp;<\/p>\n<p style=\"text-align: center;\"><a class=\"button large orange\" style=\"margin-top: 20px; width: 157px; margin-right: 30px;\" title=\"T\u00e9l\u00e9charger Demo\" href=\"http:\/\/www.newslettercreator.com\/fr\/essayer-gratuitement\/\" target=\"_self\">T\u00c9L\u00c9CHARGER DEMO<\/a><a class=\"button large darkgray\" style=\"margin-top: 20px; width: 175px;\" title=\"Acheter Mailstyler Pro\" href=\"http:\/\/www.newslettercreator.com\/fr\/prix\/\" target=\"_self\">ACHETER MAILSTYLER PRO<\/a><\/p>\n<p style=\"text-align: center; font-size: 11px; margin-bottom: 30px;\">Derni\u00e8re version: 2.24.01.17 | Date de sortie: 17\/01\/2024 | Taille: 114.9 MB<br \/>\n<a href=\"http:\/\/www.newslettercreator.com\/fr\/accord-de-licence\/\" target=\"_blank\">Contrat de licence<\/a> | <a href=\"http:\/\/www.newslettercreator.com\/fr\/comment-desinstaller\/\" target=\"_blank\">Comment d\u00e9sinstaller<\/a><\/p>\n","protected":false},"excerpt":{"rendered":"<p>Faire une newsletter efficace n&rsquo;est pas facile: l&rsquo;art de construire un template de valeur n\u00e9cessite d&rsquo;une injection constante de bonnes id\u00e9es pour inciter l&rsquo;attention des destinataires. Pensons seulement \u00e0 la quantit\u00e9 de courriels qu&rsquo;un utilisateur moyen de l&rsquo;entreprise doit g\u00e9rer par jour: plus de 100. (Et nous ne comptons pas tous les messages personnels et [&hellip;]<\/p>\n","protected":false},"author":1,"featured_media":0,"parent":0,"menu_order":0,"comment_status":"closed","ping_status":"closed","template":"g1_template_page_sidebar_right.php","meta":{"inline_featured_image":false,"_monsterinsights_skip_tracking":false,"_monsterinsights_sitenote_active":false,"_monsterinsights_sitenote_note":"","_monsterinsights_sitenote_category":0,"footnotes":""},"class_list":["post-819","page","type-page","status-publish"],"yoast_head":"<!-- This site is optimized with the Yoast SEO plugin v25.2 - https:\/\/yoast.com\/wordpress\/plugins\/seo\/ -->\n<title>Comment faire une newsletter efficace - Newsletter Creator<\/title>\n<meta name=\"description\" content=\"Faire une newsletter efficace est facile avec MailStyler, le meilleur logiciel de cr\u00e9ation d&#039;emails et de templates sur le march\u00e9.\" \/>\n<meta name=\"robots\" content=\"index, follow, max-snippet:-1, max-image-preview:large, max-video-preview:-1\" \/>\n<link rel=\"canonical\" href=\"https:\/\/www.newslettercreator.com\/fr\/faire-newsletter\/\" \/>\n<meta property=\"og:locale\" content=\"fr_FR\" \/>\n<meta property=\"og:type\" content=\"article\" \/>\n<meta property=\"og:title\" content=\"Comment faire une newsletter efficace - Newsletter Creator\" \/>\n<meta property=\"og:description\" content=\"Faire une newsletter efficace est facile avec MailStyler, le meilleur logiciel de cr\u00e9ation d&#039;emails et de templates sur le march\u00e9.\" \/>\n<meta property=\"og:url\" content=\"https:\/\/www.newslettercreator.com\/fr\/faire-newsletter\/\" \/>\n<meta property=\"og:site_name\" content=\"Newsletter Creator\" \/>\n<meta property=\"article:modified_time\" content=\"2015-01-13T10:26:49+00:00\" \/>\n<meta property=\"og:image\" content=\"http:\/\/www.newslettercreator.com\/wp-content\/uploads\/2014\/03\/best-design-newsletter.jpg\" \/>\n<meta name=\"twitter:label1\" content=\"Dur\u00e9e de lecture estim\u00e9e\" \/>\n\t<meta name=\"twitter:data1\" content=\"3 minutes\" \/>\n<script type=\"application\/ld+json\" class=\"yoast-schema-graph\">{\"@context\":\"https:\/\/schema.org\",\"@graph\":[{\"@type\":\"WebPage\",\"@id\":\"https:\/\/www.newslettercreator.com\/fr\/faire-newsletter\/\",\"url\":\"https:\/\/www.newslettercreator.com\/fr\/faire-newsletter\/\",\"name\":\"Comment faire une newsletter efficace - Newsletter Creator\",\"isPartOf\":{\"@id\":\"https:\/\/www.newslettercreator.com\/#website\"},\"primaryImageOfPage\":{\"@id\":\"https:\/\/www.newslettercreator.com\/fr\/faire-newsletter\/#primaryimage\"},\"image\":{\"@id\":\"https:\/\/www.newslettercreator.com\/fr\/faire-newsletter\/#primaryimage\"},\"thumbnailUrl\":\"http:\/\/www.newslettercreator.com\/wp-content\/uploads\/2014\/03\/best-design-newsletter.jpg\",\"datePublished\":\"2014-06-20T07:21:52+00:00\",\"dateModified\":\"2015-01-13T10:26:49+00:00\",\"description\":\"Faire une newsletter efficace est facile avec MailStyler, le meilleur logiciel de cr\u00e9ation d'emails et de templates sur le march\u00e9.\",\"breadcrumb\":{\"@id\":\"https:\/\/www.newslettercreator.com\/fr\/faire-newsletter\/#breadcrumb\"},\"inLanguage\":\"fr-FR\",\"potentialAction\":[{\"@type\":\"ReadAction\",\"target\":[\"https:\/\/www.newslettercreator.com\/fr\/faire-newsletter\/\"]}]},{\"@type\":\"ImageObject\",\"inLanguage\":\"fr-FR\",\"@id\":\"https:\/\/www.newslettercreator.com\/fr\/faire-newsletter\/#primaryimage\",\"url\":\"http:\/\/www.newslettercreator.com\/wp-content\/uploads\/2014\/03\/best-design-newsletter.jpg\",\"contentUrl\":\"http:\/\/www.newslettercreator.com\/wp-content\/uploads\/2014\/03\/best-design-newsletter.jpg\"},{\"@type\":\"BreadcrumbList\",\"@id\":\"https:\/\/www.newslettercreator.com\/fr\/faire-newsletter\/#breadcrumb\",\"itemListElement\":[{\"@type\":\"ListItem\",\"position\":1,\"name\":\"Home\",\"item\":\"https:\/\/www.newslettercreator.com\/fr\/\"},{\"@type\":\"ListItem\",\"position\":2,\"name\":\"Comment faire une newsletter efficace\"}]},{\"@type\":\"WebSite\",\"@id\":\"https:\/\/www.newslettercreator.com\/#website\",\"url\":\"https:\/\/www.newslettercreator.com\/\",\"name\":\"Newsletter Creator\",\"description\":\"Pay off\",\"potentialAction\":[{\"@type\":\"SearchAction\",\"target\":{\"@type\":\"EntryPoint\",\"urlTemplate\":\"https:\/\/www.newslettercreator.com\/?s={search_term_string}\"},\"query-input\":{\"@type\":\"PropertyValueSpecification\",\"valueRequired\":true,\"valueName\":\"search_term_string\"}}],\"inLanguage\":\"fr-FR\"}]}<\/script>\n<!-- \/ Yoast SEO plugin. -->","yoast_head_json":{"title":"Comment faire une newsletter efficace - Newsletter Creator","description":"Faire une newsletter efficace est facile avec MailStyler, le meilleur logiciel de cr\u00e9ation d'emails et de templates sur le march\u00e9.","robots":{"index":"index","follow":"follow","max-snippet":"max-snippet:-1","max-image-preview":"max-image-preview:large","max-video-preview":"max-video-preview:-1"},"canonical":"https:\/\/www.newslettercreator.com\/fr\/faire-newsletter\/","og_locale":"fr_FR","og_type":"article","og_title":"Comment faire une newsletter efficace - Newsletter Creator","og_description":"Faire une newsletter efficace est facile avec MailStyler, le meilleur logiciel de cr\u00e9ation d'emails et de templates sur le march\u00e9.","og_url":"https:\/\/www.newslettercreator.com\/fr\/faire-newsletter\/","og_site_name":"Newsletter Creator","article_modified_time":"2015-01-13T10:26:49+00:00","og_image":[{"url":"http:\/\/www.newslettercreator.com\/wp-content\/uploads\/2014\/03\/best-design-newsletter.jpg","type":"","width":"","height":""}],"twitter_misc":{"Dur\u00e9e de lecture estim\u00e9e":"3 minutes"},"schema":{"@context":"https:\/\/schema.org","@graph":[{"@type":"WebPage","@id":"https:\/\/www.newslettercreator.com\/fr\/faire-newsletter\/","url":"https:\/\/www.newslettercreator.com\/fr\/faire-newsletter\/","name":"Comment faire une newsletter efficace - Newsletter Creator","isPartOf":{"@id":"https:\/\/www.newslettercreator.com\/#website"},"primaryImageOfPage":{"@id":"https:\/\/www.newslettercreator.com\/fr\/faire-newsletter\/#primaryimage"},"image":{"@id":"https:\/\/www.newslettercreator.com\/fr\/faire-newsletter\/#primaryimage"},"thumbnailUrl":"http:\/\/www.newslettercreator.com\/wp-content\/uploads\/2014\/03\/best-design-newsletter.jpg","datePublished":"2014-06-20T07:21:52+00:00","dateModified":"2015-01-13T10:26:49+00:00","description":"Faire une newsletter efficace est facile avec MailStyler, le meilleur logiciel de cr\u00e9ation d'emails et de templates sur le march\u00e9.","breadcrumb":{"@id":"https:\/\/www.newslettercreator.com\/fr\/faire-newsletter\/#breadcrumb"},"inLanguage":"fr-FR","potentialAction":[{"@type":"ReadAction","target":["https:\/\/www.newslettercreator.com\/fr\/faire-newsletter\/"]}]},{"@type":"ImageObject","inLanguage":"fr-FR","@id":"https:\/\/www.newslettercreator.com\/fr\/faire-newsletter\/#primaryimage","url":"http:\/\/www.newslettercreator.com\/wp-content\/uploads\/2014\/03\/best-design-newsletter.jpg","contentUrl":"http:\/\/www.newslettercreator.com\/wp-content\/uploads\/2014\/03\/best-design-newsletter.jpg"},{"@type":"BreadcrumbList","@id":"https:\/\/www.newslettercreator.com\/fr\/faire-newsletter\/#breadcrumb","itemListElement":[{"@type":"ListItem","position":1,"name":"Home","item":"https:\/\/www.newslettercreator.com\/fr\/"},{"@type":"ListItem","position":2,"name":"Comment faire une newsletter efficace"}]},{"@type":"WebSite","@id":"https:\/\/www.newslettercreator.com\/#website","url":"https:\/\/www.newslettercreator.com\/","name":"Newsletter Creator","description":"Pay off","potentialAction":[{"@type":"SearchAction","target":{"@type":"EntryPoint","urlTemplate":"https:\/\/www.newslettercreator.com\/?s={search_term_string}"},"query-input":{"@type":"PropertyValueSpecification","valueRequired":true,"valueName":"search_term_string"}}],"inLanguage":"fr-FR"}]}},"_links":{"self":[{"href":"https:\/\/www.newslettercreator.com\/fr\/wp-json\/wp\/v2\/pages\/819","targetHints":{"allow":["GET"]}}],"collection":[{"href":"https:\/\/www.newslettercreator.com\/fr\/wp-json\/wp\/v2\/pages"}],"about":[{"href":"https:\/\/www.newslettercreator.com\/fr\/wp-json\/wp\/v2\/types\/page"}],"author":[{"embeddable":true,"href":"https:\/\/www.newslettercreator.com\/fr\/wp-json\/wp\/v2\/users\/1"}],"replies":[{"embeddable":true,"href":"https:\/\/www.newslettercreator.com\/fr\/wp-json\/wp\/v2\/comments?post=819"}],"version-history":[{"count":4,"href":"https:\/\/www.newslettercreator.com\/fr\/wp-json\/wp\/v2\/pages\/819\/revisions"}],"predecessor-version":[{"id":2900,"href":"https:\/\/www.newslettercreator.com\/fr\/wp-json\/wp\/v2\/pages\/819\/revisions\/2900"}],"wp:attachment":[{"href":"https:\/\/www.newslettercreator.com\/fr\/wp-json\/wp\/v2\/media?parent=819"}],"curies":[{"name":"wp","href":"https:\/\/api.w.org\/{rel}","templated":true}]}}